





{"id":95248,"date":"2026-02-24T14:16:43","date_gmt":"2026-02-24T13:16:43","guid":{"rendered":"https:\/\/repliquemangacine.fr\/?post_type=product&#038;p=95248"},"modified":"2026-02-24T16:31:28","modified_gmt":"2026-02-24T15:31:28","slug":"blaster-boba-fett-star-wars","status":"publish","type":"product","link":"https:\/\/repliquemangacine.fr\/de\/repliques-d-armes-films-et-series\/blaster-boba-fett-star-wars\/","title":{"rendered":"Blaster Boba Fett - Star Wars"},"content":{"rendered":"<h2>Blaster Boba Fett ein massives St\u00fcck gedacht, um Ihre Sammlung zu dominieren<\/h2>\n<p>Imposant, rassig, sofort erkennbar. Dieses dekorative Gewehr, das vom Boba Fett Star Wars Blaster inspiriert wurde, verk\u00f6rpert die rohe Macht der Galaxis. Sein Design aus Kunstharz garantiert eine ultradetaillierte Darstellung. Dar\u00fcber hinaus verst\u00e4rkt das Gewicht von 2140 g das Gef\u00fchl von Solidit\u00e4t, ohne die Ausstellung unn\u00f6tig zu beschweren.<\/p>\n<p>Zun\u00e4chst einmal zieht er mit seiner L\u00e4nge von 760 mm die Blicke auf sich, sobald man den Raum betritt. So wird er also sofort zum zentralen St\u00fcck einer Star Wars-Sammlung. Der mitgelieferte Tischst\u00e4nder erleichtert das Aufstellen. So k\u00f6nnen Sie sie problemlos im Schaufenster oder auf Ihrem Schreibtisch ausstellen.<\/p>\n<p>Zusammenfassend l\u00e4sst sich sagen, dass es sich hierbei nat\u00fcrlich um eine nicht funktionsf\u00e4hige Waffe handelt. Sie ist ausschlie\u00dflich zu Dekorations- und Sammlerzwecken bestimmt.<\/p>\n<h2>Boba Fett Blaster - Star Wars, der Mythos hinter der Waffe<\/h2>\n<p>Boba Fett ist nicht einfach nur eine Nebenfigur. Er ist zu einer Legende geworden. Als Sohn von Jango Fett hat er sich als einer der gef\u00fcrchtetsten Kopfgeldj\u00e4ger der Galaxis etabliert. Sein langer Blaster, der dem ber\u00fchmten EE-3 nachempfunden ist, tr\u00e4gt zu dieser Aura bei.<\/p>\n<p>In Das Imperium schl\u00e4gt zur\u00fcck verfolgt er Han Solo mit eiskalter Effizienz. Seitdem ist seine Waffe eine Ikone. Sie ist ein Symbol f\u00fcr Pr\u00e4zision, Diskretion und stille Bedrohung.<\/p>\n<p>Um Ihre galaktische Sammlung zu vervollst\u00e4ndigen, kombinieren Sie dieses Gewehr mit dem mythischen <a href=\"https:\/\/repliquemangacine.fr\/de\/repliken-von-waffen-filme-und-serien\/blaster-pistole-dl-44-han-solo-star-wars\/\" target=\"_blank\" rel=\"noopener noreferrer\">Blaster von Han Solo<\/a> .<\/p>\n<p>Sie k\u00f6nnen Ihr Schaufenster auch bereichern mit <a href=\"https:\/\/repliquemangacine.fr\/de\/repliken-von-waffen-filme-und-serien\/\">unsere anderen Repliken aus der Kategorie<\/a> .<\/p>\n<p>Wenn Sie mehr \u00fcber die offizielle Geschichte der Waffe und des Charakters erfahren m\u00f6chten, besuchen Sie die Seite <a href=\"http:\/\/starwars.com\" target=\"_blank\" rel=\"noopener noreferrer\">StarWars.com<\/a>.<\/p>\n<h3>Harz-Replika: die strategische Wahl des Sammlers<\/h3>\n<h3>Harz vs. Metall: \u00c4sthetik und Sicherheit<\/h3>\n<p>Zusammenfassend l\u00e4sst sich sagen, dass Kunstharz eine feine Wiedergabe von Details erm\u00f6glicht. Es reduziert das Gesamtgewicht. So bleibt die Ausstellung an der Wand einfach und sicher. Im Gegensatz zu Vollmetall vermeidet es eine \u00fcberm\u00e4\u00dfige Belastung der Tr\u00e4ger.<\/p>\n<h3>Reines Sammeln oder immersives Cosplay?<\/h3>\n<p>F\u00fcr den Sammler verst\u00e4rkt diese M\u00fcnze die Koh\u00e4renz eines Star Wars-Universums. Sie passt perfekt zu mandalorianischen Helmen oder Premium-Figuren.<\/p>\n<p>Au\u00dferdem bietet sie f\u00fcr den Cosplayer auf einer Convention einen unmittelbaren visuellen Eindruck. Sie bleibt jedoch rein dekorativ. Sie verschie\u00dft keine Projektile und hat keinen funktionierenden Mechanismus.<\/p>","protected":false},"excerpt":{"rendered":"<p>Stellen Sie die kalte Macht des ber\u00fchmtesten Kopfgeldj\u00e4gers der Galaxis zur Schau.<\/p>\n<p><strong>Hauptmerkmale :<\/strong><\/p>\n<ul>\n<li>Inspirierte Replik von Boba Fetts Blaster<\/li>\n<li>Detaillierte Harzkonstruktion<\/li>\n<li>L\u00e4nge: 760 mm<\/li>\n<li>Gewicht: 2140 g<\/li>\n<li>Inklusive Tischhalterung<\/li>\n<li>Nicht funktionierende Waffe<\/li>\n<li>Dekorative Verwendung<\/li>\n<\/ul>\n<p>Ein ideales St\u00fcck, um eine Star Wars-Sammlung mit Charakter und Pr\u00e4senz zu bereichern.<\/p>\n<p data-wp-editing=\"1\"><a href=\"https:\/\/youtube.com\/shorts\/90RhMCiSLfc?si=LEykukEHGFgsMTKZ\"><strong>Sehen Sie sich die Pr\u00e4sentation dieses Produkts als Video auf unserem YouTube-Kanal an. <\/strong><\/a><\/p>","protected":false},"featured_media":95257,"template":"","meta":[],"product_brand":[],"product_cat":[66,107],"product_tag":[],"class_list":{"0":"post-95248","1":"product","2":"type-product","3":"status-publish","4":"has-post-thumbnail","6":"product_cat-repliques-d-armes-films-et-series","7":"product_cat-nouveautes","9":"first","10":"instock","11":"taxable","12":"shipping-taxable","13":"purchasable","14":"product-type-simple"},"yoast_head":"<!-- This site is optimized with the Yoast SEO plugin v27.4 - https:\/\/yoast.com\/product\/yoast-seo-wordpress\/ -->\n<title>Blaster Boba Fett - Star Wars | R\u00e9plique Manga Cin\u00e9<\/title>\n<meta name=\"description\" content=\"Blaster Boba Fett \u2013 760 mm en r\u00e9sine, support inclus. Id\u00e9al pour collection Star Wars et d\u00e9coration immersive. Livraison 48h.\" \/>\n<meta name=\"robots\" content=\"index, follow, max-snippet:-1, max-image-preview:large, max-video-preview:-1\" \/>\n<link rel=\"canonical\" href=\"https:\/\/repliquemangacine.fr\/de\/repliken-von-waffen-filme-und-serien\/blaster-boba-fett-star-wars\/\" \/>\n<meta property=\"og:locale\" content=\"de_DE\" \/>\n<meta property=\"og:type\" content=\"article\" \/>\n<meta property=\"og:title\" content=\"Blaster Boba Fett - Star Wars | R\u00e9plique Manga Cin\u00e9\" \/>\n<meta property=\"og:description\" content=\"Blaster Boba Fett \u2013 760 mm en r\u00e9sine, support inclus. Id\u00e9al pour collection Star Wars et d\u00e9coration immersive. Livraison 48h.\" \/>\n<meta property=\"og:url\" content=\"https:\/\/repliquemangacine.fr\/de\/repliken-von-waffen-filme-und-serien\/blaster-boba-fett-star-wars\/\" \/>\n<meta property=\"og:site_name\" content=\"R\u00e9plique Manga Cin\u00e9\" \/>\n<meta property=\"article:publisher\" content=\"https:\/\/www.facebook.com\/RepliqueMangaCine\" \/>\n<meta property=\"article:modified_time\" content=\"2026-02-24T15:31:28+00:00\" \/>\n<meta property=\"og:image\" content=\"https:\/\/repliquemangacine.fr\/wp-content\/uploads\/2026\/02\/Blaster-Boba-Fett-avec-support.jpg\" \/>\n\t<meta property=\"og:image:width\" content=\"800\" \/>\n\t<meta property=\"og:image:height\" content=\"800\" \/>\n\t<meta property=\"og:image:type\" content=\"image\/jpeg\" \/>\n<meta name=\"twitter:card\" content=\"summary_large_image\" \/>\n<meta name=\"twitter:label1\" content=\"Gesch\u00e4tzte Lesezeit\" \/>\n\t<meta name=\"twitter:data1\" content=\"3\u00a0Minuten\" \/>\n<script type=\"application\/ld+json\" class=\"yoast-schema-graph\">{\"@context\":\"https:\\\/\\\/schema.org\",\"@graph\":[{\"@type\":\"WebPage\",\"@id\":\"https:\\\/\\\/repliquemangacine.fr\\\/repliques-d-armes-films-et-series\\\/blaster-boba-fett-star-wars\\\/\",\"url\":\"https:\\\/\\\/repliquemangacine.fr\\\/repliques-d-armes-films-et-series\\\/blaster-boba-fett-star-wars\\\/\",\"name\":\"Blaster Boba Fett - Star Wars | R\u00e9plique Manga Cin\u00e9\",\"isPartOf\":{\"@id\":\"https:\\\/\\\/repliquemangacine.fr\\\/#website\"},\"primaryImageOfPage\":{\"@id\":\"https:\\\/\\\/repliquemangacine.fr\\\/repliques-d-armes-films-et-series\\\/blaster-boba-fett-star-wars\\\/#primaryimage\"},\"image\":{\"@id\":\"https:\\\/\\\/repliquemangacine.fr\\\/repliques-d-armes-films-et-series\\\/blaster-boba-fett-star-wars\\\/#primaryimage\"},\"thumbnailUrl\":\"https:\\\/\\\/repliquemangacine.fr\\\/wp-content\\\/uploads\\\/2026\\\/02\\\/Blaster-Boba-Fett-avec-support.jpg\",\"datePublished\":\"2026-02-24T13:16:43+00:00\",\"dateModified\":\"2026-02-24T15:31:28+00:00\",\"description\":\"Blaster Boba Fett \u2013 760 mm en r\u00e9sine, support inclus. Id\u00e9al pour collection Star Wars et d\u00e9coration immersive. Livraison 48h.\",\"breadcrumb\":{\"@id\":\"https:\\\/\\\/repliquemangacine.fr\\\/repliques-d-armes-films-et-series\\\/blaster-boba-fett-star-wars\\\/#breadcrumb\"},\"inLanguage\":\"de\",\"potentialAction\":[{\"@type\":\"ReadAction\",\"target\":[\"https:\\\/\\\/repliquemangacine.fr\\\/repliques-d-armes-films-et-series\\\/blaster-boba-fett-star-wars\\\/\"]}]},{\"@type\":\"ImageObject\",\"inLanguage\":\"de\",\"@id\":\"https:\\\/\\\/repliquemangacine.fr\\\/repliques-d-armes-films-et-series\\\/blaster-boba-fett-star-wars\\\/#primaryimage\",\"url\":\"https:\\\/\\\/repliquemangacine.fr\\\/wp-content\\\/uploads\\\/2026\\\/02\\\/Blaster-Boba-Fett-avec-support.jpg\",\"contentUrl\":\"https:\\\/\\\/repliquemangacine.fr\\\/wp-content\\\/uploads\\\/2026\\\/02\\\/Blaster-Boba-Fett-avec-support.jpg\",\"width\":800,\"height\":800,\"caption\":\"Blaster Boba Fett- Star Wars avec support\"},{\"@type\":\"BreadcrumbList\",\"@id\":\"https:\\\/\\\/repliquemangacine.fr\\\/repliques-d-armes-films-et-series\\\/blaster-boba-fett-star-wars\\\/#breadcrumb\",\"itemListElement\":[{\"@type\":\"ListItem\",\"position\":1,\"name\":\"Accueil\",\"item\":\"https:\\\/\\\/repliquemangacine.fr\\\/\"},{\"@type\":\"ListItem\",\"position\":2,\"name\":\"Produits\",\"item\":\"https:\\\/\\\/repliquemangacine.fr\\\/boutique\\\/\"},{\"@type\":\"ListItem\",\"position\":3,\"name\":\"Blaster Boba Fett &#8211; Star Wars\"}]},{\"@type\":\"WebSite\",\"@id\":\"https:\\\/\\\/repliquemangacine.fr\\\/#website\",\"url\":\"https:\\\/\\\/repliquemangacine.fr\\\/\",\"name\":\"R\u00e9plique Manga Cin\u00e9\",\"description\":\"\",\"publisher\":{\"@id\":\"https:\\\/\\\/repliquemangacine.fr\\\/#organization\"},\"potentialAction\":[{\"@type\":\"SearchAction\",\"target\":{\"@type\":\"EntryPoint\",\"urlTemplate\":\"https:\\\/\\\/repliquemangacine.fr\\\/?s={search_term_string}\"},\"query-input\":{\"@type\":\"PropertyValueSpecification\",\"valueRequired\":true,\"valueName\":\"search_term_string\"}}],\"inLanguage\":\"de\"},{\"@type\":\"Organization\",\"@id\":\"https:\\\/\\\/repliquemangacine.fr\\\/#organization\",\"name\":\"R\u00e9plique Manga Cin\u00e9\",\"url\":\"https:\\\/\\\/repliquemangacine.fr\\\/\",\"logo\":{\"@type\":\"ImageObject\",\"inLanguage\":\"de\",\"@id\":\"https:\\\/\\\/repliquemangacine.fr\\\/#\\\/schema\\\/logo\\\/image\\\/\",\"url\":\"https:\\\/\\\/repliquemangacine.fr\\\/wp-content\\\/uploads\\\/2023\\\/10\\\/RMC-500250.png\",\"contentUrl\":\"https:\\\/\\\/repliquemangacine.fr\\\/wp-content\\\/uploads\\\/2023\\\/10\\\/RMC-500250.png\",\"width\":500,\"height\":250,\"caption\":\"R\u00e9plique Manga Cin\u00e9\"},\"image\":{\"@id\":\"https:\\\/\\\/repliquemangacine.fr\\\/#\\\/schema\\\/logo\\\/image\\\/\"},\"sameAs\":[\"https:\\\/\\\/www.facebook.com\\\/RepliqueMangaCine\",\"https:\\\/\\\/www.instagram.com\\\/repliquemangacine.fr\\\/\"]}]}<\/script>\n<!-- \/ Yoast SEO plugin. -->","yoast_head_json":{"title":"Boba Fett Blaster - Star Wars | R\u00e9plique Manga Cin\u00e9","description":"Boba Fett Blaster - 760 mm aus Kunstharz, inklusive Halterung. Ideal f\u00fcr Star Wars-Sammlung und immersive Dekoration. Lieferung innerhalb von 48 Stunden.","robots":{"index":"index","follow":"follow","max-snippet":"max-snippet:-1","max-image-preview":"max-image-preview:large","max-video-preview":"max-video-preview:-1"},"canonical":"https:\/\/repliquemangacine.fr\/de\/repliken-von-waffen-filme-und-serien\/blaster-boba-fett-star-wars\/","og_locale":"de_DE","og_type":"article","og_title":"Blaster Boba Fett - Star Wars | R\u00e9plique Manga Cin\u00e9","og_description":"Blaster Boba Fett \u2013 760 mm en r\u00e9sine, support inclus. Id\u00e9al pour collection Star Wars et d\u00e9coration immersive. Livraison 48h.","og_url":"https:\/\/repliquemangacine.fr\/de\/repliken-von-waffen-filme-und-serien\/blaster-boba-fett-star-wars\/","og_site_name":"R\u00e9plique Manga Cin\u00e9","article_publisher":"https:\/\/www.facebook.com\/RepliqueMangaCine","article_modified_time":"2026-02-24T15:31:28+00:00","og_image":[{"width":800,"height":800,"url":"https:\/\/repliquemangacine.fr\/wp-content\/uploads\/2026\/02\/Blaster-Boba-Fett-avec-support.jpg","type":"image\/jpeg"}],"twitter_card":"summary_large_image","twitter_misc":{"Gesch\u00e4tzte Lesezeit":"3\u00a0Minuten"},"schema":{"@context":"https:\/\/schema.org","@graph":[{"@type":"WebPage","@id":"https:\/\/repliquemangacine.fr\/repliques-d-armes-films-et-series\/blaster-boba-fett-star-wars\/","url":"https:\/\/repliquemangacine.fr\/repliques-d-armes-films-et-series\/blaster-boba-fett-star-wars\/","name":"Boba Fett Blaster - Star Wars | R\u00e9plique Manga Cin\u00e9","isPartOf":{"@id":"https:\/\/repliquemangacine.fr\/#website"},"primaryImageOfPage":{"@id":"https:\/\/repliquemangacine.fr\/repliques-d-armes-films-et-series\/blaster-boba-fett-star-wars\/#primaryimage"},"image":{"@id":"https:\/\/repliquemangacine.fr\/repliques-d-armes-films-et-series\/blaster-boba-fett-star-wars\/#primaryimage"},"thumbnailUrl":"https:\/\/repliquemangacine.fr\/wp-content\/uploads\/2026\/02\/Blaster-Boba-Fett-avec-support.jpg","datePublished":"2026-02-24T13:16:43+00:00","dateModified":"2026-02-24T15:31:28+00:00","description":"Boba Fett Blaster - 760 mm aus Kunstharz, inklusive Halterung. Ideal f\u00fcr Star Wars-Sammlung und immersive Dekoration. Lieferung innerhalb von 48 Stunden.","breadcrumb":{"@id":"https:\/\/repliquemangacine.fr\/repliques-d-armes-films-et-series\/blaster-boba-fett-star-wars\/#breadcrumb"},"inLanguage":"de","potentialAction":[{"@type":"ReadAction","target":["https:\/\/repliquemangacine.fr\/repliques-d-armes-films-et-series\/blaster-boba-fett-star-wars\/"]}]},{"@type":"ImageObject","inLanguage":"de","@id":"https:\/\/repliquemangacine.fr\/repliques-d-armes-films-et-series\/blaster-boba-fett-star-wars\/#primaryimage","url":"https:\/\/repliquemangacine.fr\/wp-content\/uploads\/2026\/02\/Blaster-Boba-Fett-avec-support.jpg","contentUrl":"https:\/\/repliquemangacine.fr\/wp-content\/uploads\/2026\/02\/Blaster-Boba-Fett-avec-support.jpg","width":800,"height":800,"caption":"Blaster Boba Fett- Star Wars avec support"},{"@type":"BreadcrumbList","@id":"https:\/\/repliquemangacine.fr\/repliques-d-armes-films-et-series\/blaster-boba-fett-star-wars\/#breadcrumb","itemListElement":[{"@type":"ListItem","position":1,"name":"Accueil","item":"https:\/\/repliquemangacine.fr\/"},{"@type":"ListItem","position":2,"name":"Produits","item":"https:\/\/repliquemangacine.fr\/boutique\/"},{"@type":"ListItem","position":3,"name":"Blaster Boba Fett &#8211; Star Wars"}]},{"@type":"WebSite","@id":"https:\/\/repliquemangacine.fr\/#website","url":"https:\/\/repliquemangacine.fr\/","name":"R\u00e9plique Manga Cin\u00e9","description":"","publisher":{"@id":"https:\/\/repliquemangacine.fr\/#organization"},"potentialAction":[{"@type":"SearchAction","target":{"@type":"EntryPoint","urlTemplate":"https:\/\/repliquemangacine.fr\/?s={search_term_string}"},"query-input":{"@type":"PropertyValueSpecification","valueRequired":true,"valueName":"search_term_string"}}],"inLanguage":"de"},{"@type":"Organization","@id":"https:\/\/repliquemangacine.fr\/#organization","name":"R\u00e9plique Manga Cin\u00e9","url":"https:\/\/repliquemangacine.fr\/","logo":{"@type":"ImageObject","inLanguage":"de","@id":"https:\/\/repliquemangacine.fr\/#\/schema\/logo\/image\/","url":"https:\/\/repliquemangacine.fr\/wp-content\/uploads\/2023\/10\/RMC-500250.png","contentUrl":"https:\/\/repliquemangacine.fr\/wp-content\/uploads\/2023\/10\/RMC-500250.png","width":500,"height":250,"caption":"R\u00e9plique Manga Cin\u00e9"},"image":{"@id":"https:\/\/repliquemangacine.fr\/#\/schema\/logo\/image\/"},"sameAs":["https:\/\/www.facebook.com\/RepliqueMangaCine","https:\/\/www.instagram.com\/repliquemangacine.fr\/"]}]}},"_links":{"self":[{"href":"https:\/\/repliquemangacine.fr\/de\/wp-json\/wp\/v2\/product\/95248","targetHints":{"allow":["GET"]}}],"collection":[{"href":"https:\/\/repliquemangacine.fr\/de\/wp-json\/wp\/v2\/product"}],"about":[{"href":"https:\/\/repliquemangacine.fr\/de\/wp-json\/wp\/v2\/types\/product"}],"wp:featuredmedia":[{"embeddable":true,"href":"https:\/\/repliquemangacine.fr\/de\/wp-json\/wp\/v2\/media\/95257"}],"wp:attachment":[{"href":"https:\/\/repliquemangacine.fr\/de\/wp-json\/wp\/v2\/media?parent=95248"}],"wp:term":[{"taxonomy":"product_brand","embeddable":true,"href":"https:\/\/repliquemangacine.fr\/de\/wp-json\/wp\/v2\/product_brand?post=95248"},{"taxonomy":"product_cat","embeddable":true,"href":"https:\/\/repliquemangacine.fr\/de\/wp-json\/wp\/v2\/product_cat?post=95248"},{"taxonomy":"product_tag","embeddable":true,"href":"https:\/\/repliquemangacine.fr\/de\/wp-json\/wp\/v2\/product_tag?post=95248"}],"curies":[{"name":"wp","href":"https:\/\/api.w.org\/{rel}","templated":true}]}}