





{"id":94800,"date":"2026-02-02T18:00:05","date_gmt":"2026-02-02T17:00:05","guid":{"rendered":"https:\/\/repliquemangacine.fr\/?post_type=product&#038;p=94800"},"modified":"2026-04-20T19:59:29","modified_gmt":"2026-04-20T17:59:29","slug":"dolche-des-zorns-von-kamish-solo-leveling-sung-jin-woo","status":"publish","type":"product","link":"https:\/\/repliquemangacine.fr\/de\/solo-leveling\/dagues-de-la-colere-de-kamish-solo-leveling-sung-jin-woo\/","title":{"rendered":"Dolche des Zorns von Kamish - Solo Leveling | Sung Jin-Woo"},"content":{"rendered":"<h2>Dolche des Zorns von Kamish D\u00e4monische Repliken<\/h2>\n<p>Zun\u00e4chst beeindrucken die Dolche des Zorns von Kamish sofort durch ihr aggressives und asymmetrisches Design.<br \/>\nAu\u00dferdem erinnert die blutrote Klinge mit ihren organischen Kurven an eine lebende Kreatur, die bereit ist zuzubei\u00dfen.<br \/>\nDie schwarzen und goldenen Beschl\u00e4ge verst\u00e4rken die drakonische Aura der Waffe.<br \/>\nJedes Detail erinnert an ein Relikt aus einer apokalyptischen Schlacht.<\/p>\n<p>Au\u00dferdem wird diese Replik mit einem Pr\u00e4sentationsst\u00e4nder geliefert, der sich perfekt f\u00fcr ein Schaufenster eignet.<br \/>\nSo wird der Gegenstand zu einem zentralen Sammlerst\u00fcck.<br \/>\nOb Ausstellung oder Cosplay - die visuelle Wirkung bleibt maximal.<\/p>\n<p>Au\u00dferdem f\u00fcgt sie sich nat\u00fcrlich in unsere Sammlung ein <a href=\"https:\/\/repliquemangacine.fr\/de\/solo-leveling\/\">Solo Leveling<\/a>, Sie k\u00f6nnen sich mit anderen ikonischen Waffen messen.<\/p>\n<h2>Kamish, der absolute Terror und das Verm\u00e4chtnis von Sung Jin-Woo<\/h2>\n<p>In Solo Leveling steht Kamish f\u00fcr die personifizierte Zerst\u00f6rung.<br \/>\nDieser Drache mit dem Rang Kalamit\u00e4t hat mit seiner ungew\u00f6hnlichen St\u00e4rke Geschichte geschrieben.<br \/>\nAus seinem Fall entstehen diese legend\u00e4ren Dolche. Besonders hervorzuheben ist, dass die Dolche von Kamish ein Paar Dolche sind, die aus dem Eckzahn des Drachen Kamish geschmiedet werden und zu den m\u00e4chtigsten magischen Waffen der Welt z\u00e4hlen.<\/p>\n<p>Sie werden dann gehandhabt von <a href=\"https:\/\/204fightingclub.fandom.com\/fr\/wiki\/Sung_Jin-Woo_(Solo_Leveling)_Canon\" target=\"_blank\" rel=\"noopener noreferrer\">Sung Jin-Woo<\/a>, Das Symbol des Aufstiegs und der Herrschaft.<br \/>\nDiese Waffen spiegeln perfekt seine Entwicklung wider, die kalt und unerbittlich ist.<br \/>\nJede Kerbe erinnert an den Zorn des gefallenen Drachen.<\/p>\n<p>So ist der Besitz dieser Replik gleichbedeutend damit, ein Fragment des Mythos einzufangen.<\/p>\n<h2>Sammlung, Ausstellung oder Cosplay: Warum diese Wahl offensichtlich ist<\/h2>\n<p>Diese Dolche richten sich sowohl an anspruchsvolle Sammler als auch an ambitionierte Cosplayer.<br \/>\nIhr spektakul\u00e4res Design zieht sofort die Blicke auf sich.<br \/>\nSo erz\u00e4hlen sie eine Geschichte, auch wenn sie unbeweglich sind.<\/p>\n<p>Im Gegensatz zu generischen Modellen hat dieses Replikat eine echte visuelle Identit\u00e4t.<br \/>\nSie ist die ideale Erg\u00e4nzung zu einem d\u00fcsteren oder heroischen Manga-Schaufenster.<br \/>\nSie passt auch zu anderen d\u00e4monischen Waffen, wie z. B. den <a href=\"https:\/\/repliquemangacine.fr\/de\/solo-leveling\/zwei-dolche-des-konigs-demon-solo-leveling\/\">Dolche des D\u00e4monenk\u00f6nigs<\/a>.<\/p>\n<p>Und schlie\u00dflich bedeutet die Wahl der Dolche des Zorns von Kamish, dass man eine Vorliebe f\u00fcr m\u00e4chtige St\u00fccke bekundet.<br \/>\nEs bedeutet, die Legende dem Gew\u00f6hnlichen vorzuziehen.<br \/>\nUnd vor allem ist es das Ausstellen einer Waffe, die jeder Fan sofort erkennt.<\/p>","protected":false},"excerpt":{"rendered":"<p>Entfesseln Sie die Wut des Drachen und entlarven Sie diesen <strong>Set aus zwei Dolchen<\/strong>, Diese Waffen wurden aus dem absoluten Chaos geboren.<\/p>\n<ul>\n<li>Klingen aus 440 stainless steel in roter Farbe<\/li>\n<li>Die Metallgriffe haben die Form von violetten Drachenschuppen<\/li>\n<li>Spezifische Wachen aus Metall in den Farben Gelb und Schwarz<\/li>\n<li>Die Dolche werden mit einem St\u00e4nder geliefert<\/li>\n<li>Abmessungen Dolch Schwarze Garde: Klinge 35 cm - Gesamtl\u00e4nge 61 cm - Gewicht - 800 grs<\/li>\n<li>Abmessungen Dolch Goldener Schutz: Klinge 29cm - Gesamtl\u00e4nge 61 cm - Gewicht 1495 grs<\/li>\n<\/ul>\n<p><strong>Verkauf an Minderj\u00e4hrige verboten<\/strong><\/p>","protected":false},"featured_media":94801,"template":"","meta":[],"product_brand":[],"product_cat":[107,895],"product_tag":[],"class_list":{"0":"post-94800","1":"product","2":"type-product","3":"status-publish","4":"has-post-thumbnail","6":"product_cat-nouveautes","7":"product_cat-solo-leveling","9":"first","10":"outofstock","11":"taxable","12":"shipping-taxable","13":"purchasable","14":"product-type-simple"},"yoast_head":"<!-- This site is optimized with the Yoast SEO plugin v27.4 - https:\/\/yoast.com\/product\/yoast-seo-wordpress\/ -->\n<title>Dagues de la Col\u00e8re de Kamish \u2013 Solo Leveling | Sung Jin-Woo<\/title>\n<meta name=\"description\" content=\"R\u00e9plique des dagues de la Col\u00e8re de Kamish \u2013 Solo Leveling. Arme mythique de Sung Jin-Woo, Lame acier id\u00e9ale collection et cosplay. 61 cm\" \/>\n<meta name=\"robots\" content=\"index, follow, max-snippet:-1, max-image-preview:large, max-video-preview:-1\" \/>\n<link rel=\"canonical\" href=\"https:\/\/repliquemangacine.fr\/de\/solo-leveling\/dolche-des-zorns-von-kamish-solo-leveling-sung-jin-woo\/\" \/>\n<meta property=\"og:locale\" content=\"de_DE\" \/>\n<meta property=\"og:type\" content=\"article\" \/>\n<meta property=\"og:title\" content=\"Dagues de la Col\u00e8re de Kamish \u2013 Solo Leveling | Sung Jin-Woo\" \/>\n<meta property=\"og:description\" content=\"R\u00e9plique des dagues de la Col\u00e8re de Kamish \u2013 Solo Leveling. Arme mythique de Sung Jin-Woo, Lame acier id\u00e9ale collection et cosplay. 61 cm\" \/>\n<meta property=\"og:url\" content=\"https:\/\/repliquemangacine.fr\/de\/solo-leveling\/dolche-des-zorns-von-kamish-solo-leveling-sung-jin-woo\/\" \/>\n<meta property=\"og:site_name\" content=\"R\u00e9plique Manga Cin\u00e9\" \/>\n<meta property=\"article:publisher\" content=\"https:\/\/www.facebook.com\/RepliqueMangaCine\" \/>\n<meta property=\"article:modified_time\" content=\"2026-04-20T17:59:29+00:00\" \/>\n<meta property=\"og:image\" content=\"https:\/\/repliquemangacine.fr\/wp-content\/uploads\/2026\/02\/Dague.jpg\" \/>\n\t<meta property=\"og:image:width\" content=\"700\" \/>\n\t<meta property=\"og:image:height\" content=\"700\" \/>\n\t<meta property=\"og:image:type\" content=\"image\/jpeg\" \/>\n<meta name=\"twitter:card\" content=\"summary_large_image\" \/>\n<meta name=\"twitter:label1\" content=\"Gesch\u00e4tzte Lesezeit\" \/>\n\t<meta name=\"twitter:data1\" content=\"2\u00a0Minuten\" \/>\n<script type=\"application\/ld+json\" class=\"yoast-schema-graph\">{\"@context\":\"https:\\\/\\\/schema.org\",\"@graph\":[{\"@type\":\"WebPage\",\"@id\":\"https:\\\/\\\/repliquemangacine.fr\\\/solo-leveling\\\/dagues-de-la-colere-de-kamish-solo-leveling-sung-jin-woo\\\/\",\"url\":\"https:\\\/\\\/repliquemangacine.fr\\\/solo-leveling\\\/dagues-de-la-colere-de-kamish-solo-leveling-sung-jin-woo\\\/\",\"name\":\"Dagues de la Col\u00e8re de Kamish \u2013 Solo Leveling | Sung Jin-Woo\",\"isPartOf\":{\"@id\":\"https:\\\/\\\/repliquemangacine.fr\\\/#website\"},\"primaryImageOfPage\":{\"@id\":\"https:\\\/\\\/repliquemangacine.fr\\\/solo-leveling\\\/dagues-de-la-colere-de-kamish-solo-leveling-sung-jin-woo\\\/#primaryimage\"},\"image\":{\"@id\":\"https:\\\/\\\/repliquemangacine.fr\\\/solo-leveling\\\/dagues-de-la-colere-de-kamish-solo-leveling-sung-jin-woo\\\/#primaryimage\"},\"thumbnailUrl\":\"https:\\\/\\\/repliquemangacine.fr\\\/wp-content\\\/uploads\\\/2026\\\/02\\\/Dague.jpg\",\"datePublished\":\"2026-02-02T17:00:05+00:00\",\"dateModified\":\"2026-04-20T17:59:29+00:00\",\"description\":\"R\u00e9plique des dagues de la Col\u00e8re de Kamish \u2013 Solo Leveling. Arme mythique de Sung Jin-Woo, Lame acier id\u00e9ale collection et cosplay. 61 cm\",\"breadcrumb\":{\"@id\":\"https:\\\/\\\/repliquemangacine.fr\\\/solo-leveling\\\/dagues-de-la-colere-de-kamish-solo-leveling-sung-jin-woo\\\/#breadcrumb\"},\"inLanguage\":\"de\",\"potentialAction\":[{\"@type\":\"ReadAction\",\"target\":[\"https:\\\/\\\/repliquemangacine.fr\\\/solo-leveling\\\/dagues-de-la-colere-de-kamish-solo-leveling-sung-jin-woo\\\/\"]}]},{\"@type\":\"ImageObject\",\"inLanguage\":\"de\",\"@id\":\"https:\\\/\\\/repliquemangacine.fr\\\/solo-leveling\\\/dagues-de-la-colere-de-kamish-solo-leveling-sung-jin-woo\\\/#primaryimage\",\"url\":\"https:\\\/\\\/repliquemangacine.fr\\\/wp-content\\\/uploads\\\/2026\\\/02\\\/Dague.jpg\",\"contentUrl\":\"https:\\\/\\\/repliquemangacine.fr\\\/wp-content\\\/uploads\\\/2026\\\/02\\\/Dague.jpg\",\"width\":700,\"height\":700,\"caption\":\"Dagues de la Col\u00e8re de Kamish\"},{\"@type\":\"BreadcrumbList\",\"@id\":\"https:\\\/\\\/repliquemangacine.fr\\\/solo-leveling\\\/dagues-de-la-colere-de-kamish-solo-leveling-sung-jin-woo\\\/#breadcrumb\",\"itemListElement\":[{\"@type\":\"ListItem\",\"position\":1,\"name\":\"Accueil\",\"item\":\"https:\\\/\\\/repliquemangacine.fr\\\/\"},{\"@type\":\"ListItem\",\"position\":2,\"name\":\"Produits\",\"item\":\"https:\\\/\\\/repliquemangacine.fr\\\/boutique\\\/\"},{\"@type\":\"ListItem\",\"position\":3,\"name\":\"Dagues de la Col\u00e8re de Kamish \u2013 Solo Leveling | Sung Jin-Woo\"}]},{\"@type\":\"WebSite\",\"@id\":\"https:\\\/\\\/repliquemangacine.fr\\\/#website\",\"url\":\"https:\\\/\\\/repliquemangacine.fr\\\/\",\"name\":\"R\u00e9plique Manga Cin\u00e9\",\"description\":\"\",\"publisher\":{\"@id\":\"https:\\\/\\\/repliquemangacine.fr\\\/#organization\"},\"potentialAction\":[{\"@type\":\"SearchAction\",\"target\":{\"@type\":\"EntryPoint\",\"urlTemplate\":\"https:\\\/\\\/repliquemangacine.fr\\\/?s={search_term_string}\"},\"query-input\":{\"@type\":\"PropertyValueSpecification\",\"valueRequired\":true,\"valueName\":\"search_term_string\"}}],\"inLanguage\":\"de\"},{\"@type\":\"Organization\",\"@id\":\"https:\\\/\\\/repliquemangacine.fr\\\/#organization\",\"name\":\"R\u00e9plique Manga Cin\u00e9\",\"url\":\"https:\\\/\\\/repliquemangacine.fr\\\/\",\"logo\":{\"@type\":\"ImageObject\",\"inLanguage\":\"de\",\"@id\":\"https:\\\/\\\/repliquemangacine.fr\\\/#\\\/schema\\\/logo\\\/image\\\/\",\"url\":\"https:\\\/\\\/repliquemangacine.fr\\\/wp-content\\\/uploads\\\/2023\\\/10\\\/RMC-500250.png\",\"contentUrl\":\"https:\\\/\\\/repliquemangacine.fr\\\/wp-content\\\/uploads\\\/2023\\\/10\\\/RMC-500250.png\",\"width\":500,\"height\":250,\"caption\":\"R\u00e9plique Manga Cin\u00e9\"},\"image\":{\"@id\":\"https:\\\/\\\/repliquemangacine.fr\\\/#\\\/schema\\\/logo\\\/image\\\/\"},\"sameAs\":[\"https:\\\/\\\/www.facebook.com\\\/RepliqueMangaCine\",\"https:\\\/\\\/www.instagram.com\\\/repliquemangacine.fr\\\/\"]}]}<\/script>\n<!-- \/ Yoast SEO plugin. -->","yoast_head_json":{"title":"Dolche des Zorns von Kamish - Solo Leveling | Sung Jin-Woo","description":"Replik der Dolche des Zorns von Kamish - Solo Leveling. Mythische Waffe von Sung Jin-Woo, Stahlklinge ideal f\u00fcr Sammlung und Cosplay. 61 cm","robots":{"index":"index","follow":"follow","max-snippet":"max-snippet:-1","max-image-preview":"max-image-preview:large","max-video-preview":"max-video-preview:-1"},"canonical":"https:\/\/repliquemangacine.fr\/de\/solo-leveling\/dolche-des-zorns-von-kamish-solo-leveling-sung-jin-woo\/","og_locale":"de_DE","og_type":"article","og_title":"Dagues de la Col\u00e8re de Kamish \u2013 Solo Leveling | Sung Jin-Woo","og_description":"R\u00e9plique des dagues de la Col\u00e8re de Kamish \u2013 Solo Leveling. Arme mythique de Sung Jin-Woo, Lame acier id\u00e9ale collection et cosplay. 61 cm","og_url":"https:\/\/repliquemangacine.fr\/de\/solo-leveling\/dolche-des-zorns-von-kamish-solo-leveling-sung-jin-woo\/","og_site_name":"R\u00e9plique Manga Cin\u00e9","article_publisher":"https:\/\/www.facebook.com\/RepliqueMangaCine","article_modified_time":"2026-04-20T17:59:29+00:00","og_image":[{"width":700,"height":700,"url":"https:\/\/repliquemangacine.fr\/wp-content\/uploads\/2026\/02\/Dague.jpg","type":"image\/jpeg"}],"twitter_card":"summary_large_image","twitter_misc":{"Gesch\u00e4tzte Lesezeit":"2\u00a0Minuten"},"schema":{"@context":"https:\/\/schema.org","@graph":[{"@type":"WebPage","@id":"https:\/\/repliquemangacine.fr\/solo-leveling\/dagues-de-la-colere-de-kamish-solo-leveling-sung-jin-woo\/","url":"https:\/\/repliquemangacine.fr\/solo-leveling\/dagues-de-la-colere-de-kamish-solo-leveling-sung-jin-woo\/","name":"Dolche des Zorns von Kamish - Solo Leveling | Sung Jin-Woo","isPartOf":{"@id":"https:\/\/repliquemangacine.fr\/#website"},"primaryImageOfPage":{"@id":"https:\/\/repliquemangacine.fr\/solo-leveling\/dagues-de-la-colere-de-kamish-solo-leveling-sung-jin-woo\/#primaryimage"},"image":{"@id":"https:\/\/repliquemangacine.fr\/solo-leveling\/dagues-de-la-colere-de-kamish-solo-leveling-sung-jin-woo\/#primaryimage"},"thumbnailUrl":"https:\/\/repliquemangacine.fr\/wp-content\/uploads\/2026\/02\/Dague.jpg","datePublished":"2026-02-02T17:00:05+00:00","dateModified":"2026-04-20T17:59:29+00:00","description":"Replik der Dolche des Zorns von Kamish - Solo Leveling. Mythische Waffe von Sung Jin-Woo, Stahlklinge ideal f\u00fcr Sammlung und Cosplay. 61 cm","breadcrumb":{"@id":"https:\/\/repliquemangacine.fr\/solo-leveling\/dagues-de-la-colere-de-kamish-solo-leveling-sung-jin-woo\/#breadcrumb"},"inLanguage":"de","potentialAction":[{"@type":"ReadAction","target":["https:\/\/repliquemangacine.fr\/solo-leveling\/dagues-de-la-colere-de-kamish-solo-leveling-sung-jin-woo\/"]}]},{"@type":"ImageObject","inLanguage":"de","@id":"https:\/\/repliquemangacine.fr\/solo-leveling\/dagues-de-la-colere-de-kamish-solo-leveling-sung-jin-woo\/#primaryimage","url":"https:\/\/repliquemangacine.fr\/wp-content\/uploads\/2026\/02\/Dague.jpg","contentUrl":"https:\/\/repliquemangacine.fr\/wp-content\/uploads\/2026\/02\/Dague.jpg","width":700,"height":700,"caption":"Dagues de la Col\u00e8re de Kamish"},{"@type":"BreadcrumbList","@id":"https:\/\/repliquemangacine.fr\/solo-leveling\/dagues-de-la-colere-de-kamish-solo-leveling-sung-jin-woo\/#breadcrumb","itemListElement":[{"@type":"ListItem","position":1,"name":"Accueil","item":"https:\/\/repliquemangacine.fr\/"},{"@type":"ListItem","position":2,"name":"Produits","item":"https:\/\/repliquemangacine.fr\/boutique\/"},{"@type":"ListItem","position":3,"name":"Dagues de la Col\u00e8re de Kamish \u2013 Solo Leveling | Sung Jin-Woo"}]},{"@type":"WebSite","@id":"https:\/\/repliquemangacine.fr\/#website","url":"https:\/\/repliquemangacine.fr\/","name":"R\u00e9plique Manga Cin\u00e9","description":"","publisher":{"@id":"https:\/\/repliquemangacine.fr\/#organization"},"potentialAction":[{"@type":"SearchAction","target":{"@type":"EntryPoint","urlTemplate":"https:\/\/repliquemangacine.fr\/?s={search_term_string}"},"query-input":{"@type":"PropertyValueSpecification","valueRequired":true,"valueName":"search_term_string"}}],"inLanguage":"de"},{"@type":"Organization","@id":"https:\/\/repliquemangacine.fr\/#organization","name":"R\u00e9plique Manga Cin\u00e9","url":"https:\/\/repliquemangacine.fr\/","logo":{"@type":"ImageObject","inLanguage":"de","@id":"https:\/\/repliquemangacine.fr\/#\/schema\/logo\/image\/","url":"https:\/\/repliquemangacine.fr\/wp-content\/uploads\/2023\/10\/RMC-500250.png","contentUrl":"https:\/\/repliquemangacine.fr\/wp-content\/uploads\/2023\/10\/RMC-500250.png","width":500,"height":250,"caption":"R\u00e9plique Manga Cin\u00e9"},"image":{"@id":"https:\/\/repliquemangacine.fr\/#\/schema\/logo\/image\/"},"sameAs":["https:\/\/www.facebook.com\/RepliqueMangaCine","https:\/\/www.instagram.com\/repliquemangacine.fr\/"]}]}},"_links":{"self":[{"href":"https:\/\/repliquemangacine.fr\/de\/wp-json\/wp\/v2\/product\/94800","targetHints":{"allow":["GET"]}}],"collection":[{"href":"https:\/\/repliquemangacine.fr\/de\/wp-json\/wp\/v2\/product"}],"about":[{"href":"https:\/\/repliquemangacine.fr\/de\/wp-json\/wp\/v2\/types\/product"}],"wp:featuredmedia":[{"embeddable":true,"href":"https:\/\/repliquemangacine.fr\/de\/wp-json\/wp\/v2\/media\/94801"}],"wp:attachment":[{"href":"https:\/\/repliquemangacine.fr\/de\/wp-json\/wp\/v2\/media?parent=94800"}],"wp:term":[{"taxonomy":"product_brand","embeddable":true,"href":"https:\/\/repliquemangacine.fr\/de\/wp-json\/wp\/v2\/product_brand?post=94800"},{"taxonomy":"product_cat","embeddable":true,"href":"https:\/\/repliquemangacine.fr\/de\/wp-json\/wp\/v2\/product_cat?post=94800"},{"taxonomy":"product_tag","embeddable":true,"href":"https:\/\/repliquemangacine.fr\/de\/wp-json\/wp\/v2\/product_tag?post=94800"}],"curies":[{"name":"wp","href":"https:\/\/api.w.org\/{rel}","templated":true}]}}