





{"id":94626,"date":"2026-01-28T17:35:38","date_gmt":"2026-01-28T16:35:38","guid":{"rendered":"https:\/\/repliquemangacine.fr\/?post_type=product&#038;p=94626"},"modified":"2026-02-05T11:50:16","modified_gmt":"2026-02-05T10:50:16","slug":"zelda-master-sword-dolch","status":"publish","type":"product","link":"https:\/\/repliquemangacine.fr\/de\/epee-zelda\/dague-zelda-master-sword\/","title":{"rendered":"Zelda Master Sword"},"content":{"rendered":"<h2>Zelda Master Sword - Legend\u00e4rer, von Link inspirierter Dolch<\/h2>\n<p>Die <strong>Zelda Master Sword<\/strong> ist die ikonischste Waffe aus dem Universum von The Legend of Zelda. Daher ist diese Dolchversion getreu seinem mythischen Design in einem kompakten Format gehalten.<br \/>\nEin Konzentrat der Legende, das sich leicht ausstellen l\u00e4sst und sofort erkennbar ist. Denn die blaue Stahlklinge tr\u00e4gt stolz das Symbol der <a href=\"https:\/\/zelda.fandom.com\/fr\/wiki\/Triforce\" target=\"_blank\" rel=\"noopener noreferrer\">Triforce<\/a> eingraviert. Jedes Detail erinnert an die heilige Waffe, die Link im Laufe der Zeitalter gef\u00fchrt hat. Selbst in der Kurzversion ist die heroische Aura intakt.<\/p>\n<p>Daher ist dieser Master Sword Dolch perfekt f\u00fcr Sammler geeignet <a href=\"https:\/\/repliquemangacine.fr\/de\/zelda-schwert\/\">Zelda<\/a>. Sie passt auch sehr gut in eine Gaming- oder Fantasy-Dekoration. Ein ikonisches Objekt, das Fans sofort anspricht.<\/p>\n<h2>Robuste Verarbeitung, die dem Zelda-Universum treu bleibt<\/h2>\n<p>Die Klinge ist aus blauem Stahl gefertigt und weist eine sorgf\u00e4ltige Verarbeitung auf. Au\u00dferdem ist die Optik scharf, gl\u00e4nzend und kommt den in den Spielen gesehenen Versionen sehr nahe. Das Triforce-Symbol verst\u00e4rkt sofort die Authentizit\u00e4t des St\u00fccks. Der Schutz und der Griff sind vollst\u00e4ndig aus massivem Stahl gefertigt. Dadurch f\u00fchlen sie sich in der Hand sehr solide an. Das gr\u00fcne Geflecht erinnert getreu an die urspr\u00fcngliche \u00c4sthetik des Master Swords.<\/p>\n<p>Dar\u00fcber hinaus verleiht die Holzscheide dem Ganzen einen echten Mehrwert. Sie sch\u00fctzt die Klinge und verst\u00e4rkt gleichzeitig den Premium-Look. Ein kleines <a href=\"https:\/\/repliquemangacine.fr\/de\/katana-zubehor\/katana-stander-1-platz-zum-aufstellen\/\">Unterst\u00fctzung<\/a> aus ABS ist f\u00fcr eine sofortige Verwertung enthalten.<\/p>\n<h2>\u00a0Ein Zelda-Dolch, ideal zum Sammeln, Dekorieren und Verschenken<\/h2>\n<p>Diese <strong>Zelda Master Sword<\/strong>, Die neue, kompakte Form ist ideal f\u00fcr kleine R\u00e4ume. Er eignet sich perfekt f\u00fcr eine Vitrine, ein Regal oder einen Gaming-Schreibtisch. Dank ihres kompakten Formats kann sie ohne Einschr\u00e4nkungen ausgestellt werden.<\/p>\n<p>Sie ist auch ein hervorragendes Geschenk f\u00fcr einen Zelda-Fan. Sie vereint starke Symbolik, hochwertige Verarbeitung und visuelle Wirkung. Ein Objekt, das schon beim \u00d6ffnen immer seine Wirkung entfaltet. Besonders hervorzuheben ist, dass die\u2019<a href=\"https:\/\/repliquemangacine.fr\/de\/zelda-schwert\/master-sword-de-luxe-legendares-schwert\/\">Master Sword<\/a> existiert in voller Gr\u00f6\u00dfe.<\/p>\n<p>Wenn du dich f\u00fcr R\u00e9plique Manga Cin\u00e9 entscheidest, profitierst du von einer anspruchsvollen Auswahl an\u2019<a href=\"https:\/\/repliquemangacine.fr\/de\/katana-und-schwert-von-videospielen-andere-videospiele\/\">Waffen aus Videospielen<\/a>. Jedes St\u00fcck wird von einem Enthusiasten ausgew\u00e4hlt und mit Sorgfalt verschickt. Zusammenfassend l\u00e4sst sich sagen, dass dieser Master Sword Dolch ein sicherer Wert f\u00fcr jeden Sammler ist.<\/p>","protected":false},"excerpt":{"rendered":"<p>Das Master Sword kehrt in einer Dolchversion zur\u00fcck, die ebenso elegant wie mythisch ist.<\/p>\n<ul>\n<li>Blaue Klinge aus Stahl mit \u00c4tzung des Triforce.<\/li>\n<li>Spezifischer Formschutz aus Metall<\/li>\n<li>Metallgriff mit gr\u00fcnem Band umrandet<\/li>\n<li>Blau lackierte Holzscheide mit geformten ABS-Beschl\u00e4gen Gelb<\/li>\n<li>Wird mit einem kleinen St\u00e4nder aus ABS geliefert<\/li>\n<li>L\u00e4nge der Klinge: 26cm - Gesamtl\u00e4nge: 45.5cm<\/li>\n<li>Gewicht: 320gr<\/li>\n<\/ul>","protected":false},"featured_media":94628,"template":"","meta":[],"product_brand":[],"product_cat":[107,56],"product_tag":[],"class_list":{"0":"post-94626","1":"product","2":"type-product","3":"status-publish","4":"has-post-thumbnail","6":"product_cat-nouveautes","7":"product_cat-epee-zelda","9":"first","10":"instock","11":"taxable","12":"shipping-taxable","13":"purchasable","14":"product-type-simple"},"yoast_head":"<!-- This site is optimized with the Yoast SEO plugin v27.5 - https:\/\/yoast.com\/product\/yoast-seo-wordpress\/ -->\n<title>Dague Zelda Master Sword - R\u00e9plique Manga Cin\u00e9<\/title>\n<meta name=\"description\" content=\"R\u00e9plique de la Master Sword Zelda en version dague. Lame bleue en acier, Triforce grav\u00e9e, fourreau bois et support inclus. Id\u00e9ale collection et d\u00e9co.\" \/>\n<meta name=\"robots\" content=\"index, follow, max-snippet:-1, max-image-preview:large, max-video-preview:-1\" \/>\n<link rel=\"canonical\" href=\"https:\/\/repliquemangacine.fr\/de\/zelda-schwert\/zelda-master-sword-dolch\/\" \/>\n<meta property=\"og:locale\" content=\"de_DE\" \/>\n<meta property=\"og:type\" content=\"article\" \/>\n<meta property=\"og:title\" content=\"Dague Zelda Master Sword - R\u00e9plique Manga Cin\u00e9\" \/>\n<meta property=\"og:description\" content=\"R\u00e9plique de la Master Sword Zelda en version dague. Lame bleue en acier, Triforce grav\u00e9e, fourreau bois et support inclus. Id\u00e9ale collection et d\u00e9co.\" \/>\n<meta property=\"og:url\" content=\"https:\/\/repliquemangacine.fr\/de\/zelda-schwert\/zelda-master-sword-dolch\/\" \/>\n<meta property=\"og:site_name\" content=\"R\u00e9plique Manga Cin\u00e9\" \/>\n<meta property=\"article:publisher\" content=\"https:\/\/www.facebook.com\/RepliqueMangaCine\" \/>\n<meta property=\"article:modified_time\" content=\"2026-02-05T10:50:16+00:00\" \/>\n<meta property=\"og:image\" content=\"https:\/\/repliquemangacine.fr\/wp-content\/uploads\/2026\/01\/Mini-epee-de-Link-Zelda.jpg\" \/>\n\t<meta property=\"og:image:width\" content=\"800\" \/>\n\t<meta property=\"og:image:height\" content=\"800\" \/>\n\t<meta property=\"og:image:type\" content=\"image\/jpeg\" \/>\n<meta name=\"twitter:card\" content=\"summary_large_image\" \/>\n<meta name=\"twitter:label1\" content=\"Gesch\u00e4tzte Lesezeit\" \/>\n\t<meta name=\"twitter:data1\" content=\"2\u00a0Minuten\" \/>\n<script type=\"application\/ld+json\" class=\"yoast-schema-graph\">{\"@context\":\"https:\\\/\\\/schema.org\",\"@graph\":[{\"@type\":\"WebPage\",\"@id\":\"https:\\\/\\\/repliquemangacine.fr\\\/epee-zelda\\\/dague-zelda-master-sword\\\/\",\"url\":\"https:\\\/\\\/repliquemangacine.fr\\\/epee-zelda\\\/dague-zelda-master-sword\\\/\",\"name\":\"Dague Zelda Master Sword - R\u00e9plique Manga Cin\u00e9\",\"isPartOf\":{\"@id\":\"https:\\\/\\\/repliquemangacine.fr\\\/#website\"},\"primaryImageOfPage\":{\"@id\":\"https:\\\/\\\/repliquemangacine.fr\\\/epee-zelda\\\/dague-zelda-master-sword\\\/#primaryimage\"},\"image\":{\"@id\":\"https:\\\/\\\/repliquemangacine.fr\\\/epee-zelda\\\/dague-zelda-master-sword\\\/#primaryimage\"},\"thumbnailUrl\":\"https:\\\/\\\/repliquemangacine.fr\\\/wp-content\\\/uploads\\\/2026\\\/01\\\/Mini-epee-de-Link-Zelda.jpg\",\"datePublished\":\"2026-01-28T16:35:38+00:00\",\"dateModified\":\"2026-02-05T10:50:16+00:00\",\"description\":\"R\u00e9plique de la Master Sword Zelda en version dague. Lame bleue en acier, Triforce grav\u00e9e, fourreau bois et support inclus. Id\u00e9ale collection et d\u00e9co.\",\"breadcrumb\":{\"@id\":\"https:\\\/\\\/repliquemangacine.fr\\\/epee-zelda\\\/dague-zelda-master-sword\\\/#breadcrumb\"},\"inLanguage\":\"de\",\"potentialAction\":[{\"@type\":\"ReadAction\",\"target\":[\"https:\\\/\\\/repliquemangacine.fr\\\/epee-zelda\\\/dague-zelda-master-sword\\\/\"]}]},{\"@type\":\"ImageObject\",\"inLanguage\":\"de\",\"@id\":\"https:\\\/\\\/repliquemangacine.fr\\\/epee-zelda\\\/dague-zelda-master-sword\\\/#primaryimage\",\"url\":\"https:\\\/\\\/repliquemangacine.fr\\\/wp-content\\\/uploads\\\/2026\\\/01\\\/Mini-epee-de-Link-Zelda.jpg\",\"contentUrl\":\"https:\\\/\\\/repliquemangacine.fr\\\/wp-content\\\/uploads\\\/2026\\\/01\\\/Mini-epee-de-Link-Zelda.jpg\",\"width\":800,\"height\":800,\"caption\":\"Dague Zelda Master Sword\"},{\"@type\":\"BreadcrumbList\",\"@id\":\"https:\\\/\\\/repliquemangacine.fr\\\/epee-zelda\\\/dague-zelda-master-sword\\\/#breadcrumb\",\"itemListElement\":[{\"@type\":\"ListItem\",\"position\":1,\"name\":\"Accueil\",\"item\":\"https:\\\/\\\/repliquemangacine.fr\\\/\"},{\"@type\":\"ListItem\",\"position\":2,\"name\":\"Produits\",\"item\":\"https:\\\/\\\/repliquemangacine.fr\\\/boutique\\\/\"},{\"@type\":\"ListItem\",\"position\":3,\"name\":\"Dague Zelda Master Sword\"}]},{\"@type\":\"WebSite\",\"@id\":\"https:\\\/\\\/repliquemangacine.fr\\\/#website\",\"url\":\"https:\\\/\\\/repliquemangacine.fr\\\/\",\"name\":\"R\u00e9plique Manga Cin\u00e9\",\"description\":\"\",\"publisher\":{\"@id\":\"https:\\\/\\\/repliquemangacine.fr\\\/#organization\"},\"potentialAction\":[{\"@type\":\"SearchAction\",\"target\":{\"@type\":\"EntryPoint\",\"urlTemplate\":\"https:\\\/\\\/repliquemangacine.fr\\\/?s={search_term_string}\"},\"query-input\":{\"@type\":\"PropertyValueSpecification\",\"valueRequired\":true,\"valueName\":\"search_term_string\"}}],\"inLanguage\":\"de\"},{\"@type\":\"Organization\",\"@id\":\"https:\\\/\\\/repliquemangacine.fr\\\/#organization\",\"name\":\"R\u00e9plique Manga Cin\u00e9\",\"url\":\"https:\\\/\\\/repliquemangacine.fr\\\/\",\"logo\":{\"@type\":\"ImageObject\",\"inLanguage\":\"de\",\"@id\":\"https:\\\/\\\/repliquemangacine.fr\\\/#\\\/schema\\\/logo\\\/image\\\/\",\"url\":\"https:\\\/\\\/repliquemangacine.fr\\\/wp-content\\\/uploads\\\/2023\\\/10\\\/RMC-500250.png\",\"contentUrl\":\"https:\\\/\\\/repliquemangacine.fr\\\/wp-content\\\/uploads\\\/2023\\\/10\\\/RMC-500250.png\",\"width\":500,\"height\":250,\"caption\":\"R\u00e9plique Manga Cin\u00e9\"},\"image\":{\"@id\":\"https:\\\/\\\/repliquemangacine.fr\\\/#\\\/schema\\\/logo\\\/image\\\/\"},\"sameAs\":[\"https:\\\/\\\/www.facebook.com\\\/RepliqueMangaCine\",\"https:\\\/\\\/www.instagram.com\\\/repliquemangacine.fr\\\/\"]}]}<\/script>\n<!-- \/ Yoast SEO plugin. -->","yoast_head_json":{"title":"Zelda Master Sword - R\u00e9plique Manga Cin\u00e9","description":"Replik des Zelda Master Sword in der Dolchversion. Blaue Stahlklinge, eingraviertes Triforce, Holzscheide und Halterung inklusive. Ideal zum Sammeln und Dekorieren.","robots":{"index":"index","follow":"follow","max-snippet":"max-snippet:-1","max-image-preview":"max-image-preview:large","max-video-preview":"max-video-preview:-1"},"canonical":"https:\/\/repliquemangacine.fr\/de\/zelda-schwert\/zelda-master-sword-dolch\/","og_locale":"de_DE","og_type":"article","og_title":"Dague Zelda Master Sword - R\u00e9plique Manga Cin\u00e9","og_description":"R\u00e9plique de la Master Sword Zelda en version dague. Lame bleue en acier, Triforce grav\u00e9e, fourreau bois et support inclus. Id\u00e9ale collection et d\u00e9co.","og_url":"https:\/\/repliquemangacine.fr\/de\/zelda-schwert\/zelda-master-sword-dolch\/","og_site_name":"R\u00e9plique Manga Cin\u00e9","article_publisher":"https:\/\/www.facebook.com\/RepliqueMangaCine","article_modified_time":"2026-02-05T10:50:16+00:00","og_image":[{"width":800,"height":800,"url":"https:\/\/repliquemangacine.fr\/wp-content\/uploads\/2026\/01\/Mini-epee-de-Link-Zelda.jpg","type":"image\/jpeg"}],"twitter_card":"summary_large_image","twitter_misc":{"Gesch\u00e4tzte Lesezeit":"2\u00a0Minuten"},"schema":{"@context":"https:\/\/schema.org","@graph":[{"@type":"WebPage","@id":"https:\/\/repliquemangacine.fr\/epee-zelda\/dague-zelda-master-sword\/","url":"https:\/\/repliquemangacine.fr\/epee-zelda\/dague-zelda-master-sword\/","name":"Zelda Master Sword - R\u00e9plique Manga Cin\u00e9","isPartOf":{"@id":"https:\/\/repliquemangacine.fr\/#website"},"primaryImageOfPage":{"@id":"https:\/\/repliquemangacine.fr\/epee-zelda\/dague-zelda-master-sword\/#primaryimage"},"image":{"@id":"https:\/\/repliquemangacine.fr\/epee-zelda\/dague-zelda-master-sword\/#primaryimage"},"thumbnailUrl":"https:\/\/repliquemangacine.fr\/wp-content\/uploads\/2026\/01\/Mini-epee-de-Link-Zelda.jpg","datePublished":"2026-01-28T16:35:38+00:00","dateModified":"2026-02-05T10:50:16+00:00","description":"Replik des Zelda Master Sword in der Dolchversion. Blaue Stahlklinge, eingraviertes Triforce, Holzscheide und Halterung inklusive. Ideal zum Sammeln und Dekorieren.","breadcrumb":{"@id":"https:\/\/repliquemangacine.fr\/epee-zelda\/dague-zelda-master-sword\/#breadcrumb"},"inLanguage":"de","potentialAction":[{"@type":"ReadAction","target":["https:\/\/repliquemangacine.fr\/epee-zelda\/dague-zelda-master-sword\/"]}]},{"@type":"ImageObject","inLanguage":"de","@id":"https:\/\/repliquemangacine.fr\/epee-zelda\/dague-zelda-master-sword\/#primaryimage","url":"https:\/\/repliquemangacine.fr\/wp-content\/uploads\/2026\/01\/Mini-epee-de-Link-Zelda.jpg","contentUrl":"https:\/\/repliquemangacine.fr\/wp-content\/uploads\/2026\/01\/Mini-epee-de-Link-Zelda.jpg","width":800,"height":800,"caption":"Dague Zelda Master Sword"},{"@type":"BreadcrumbList","@id":"https:\/\/repliquemangacine.fr\/epee-zelda\/dague-zelda-master-sword\/#breadcrumb","itemListElement":[{"@type":"ListItem","position":1,"name":"Accueil","item":"https:\/\/repliquemangacine.fr\/"},{"@type":"ListItem","position":2,"name":"Produits","item":"https:\/\/repliquemangacine.fr\/boutique\/"},{"@type":"ListItem","position":3,"name":"Dague Zelda Master Sword"}]},{"@type":"WebSite","@id":"https:\/\/repliquemangacine.fr\/#website","url":"https:\/\/repliquemangacine.fr\/","name":"R\u00e9plique Manga Cin\u00e9","description":"","publisher":{"@id":"https:\/\/repliquemangacine.fr\/#organization"},"potentialAction":[{"@type":"SearchAction","target":{"@type":"EntryPoint","urlTemplate":"https:\/\/repliquemangacine.fr\/?s={search_term_string}"},"query-input":{"@type":"PropertyValueSpecification","valueRequired":true,"valueName":"search_term_string"}}],"inLanguage":"de"},{"@type":"Organization","@id":"https:\/\/repliquemangacine.fr\/#organization","name":"R\u00e9plique Manga Cin\u00e9","url":"https:\/\/repliquemangacine.fr\/","logo":{"@type":"ImageObject","inLanguage":"de","@id":"https:\/\/repliquemangacine.fr\/#\/schema\/logo\/image\/","url":"https:\/\/repliquemangacine.fr\/wp-content\/uploads\/2023\/10\/RMC-500250.png","contentUrl":"https:\/\/repliquemangacine.fr\/wp-content\/uploads\/2023\/10\/RMC-500250.png","width":500,"height":250,"caption":"R\u00e9plique Manga Cin\u00e9"},"image":{"@id":"https:\/\/repliquemangacine.fr\/#\/schema\/logo\/image\/"},"sameAs":["https:\/\/www.facebook.com\/RepliqueMangaCine","https:\/\/www.instagram.com\/repliquemangacine.fr\/"]}]}},"_links":{"self":[{"href":"https:\/\/repliquemangacine.fr\/de\/wp-json\/wp\/v2\/product\/94626","targetHints":{"allow":["GET"]}}],"collection":[{"href":"https:\/\/repliquemangacine.fr\/de\/wp-json\/wp\/v2\/product"}],"about":[{"href":"https:\/\/repliquemangacine.fr\/de\/wp-json\/wp\/v2\/types\/product"}],"wp:featuredmedia":[{"embeddable":true,"href":"https:\/\/repliquemangacine.fr\/de\/wp-json\/wp\/v2\/media\/94628"}],"wp:attachment":[{"href":"https:\/\/repliquemangacine.fr\/de\/wp-json\/wp\/v2\/media?parent=94626"}],"wp:term":[{"taxonomy":"product_brand","embeddable":true,"href":"https:\/\/repliquemangacine.fr\/de\/wp-json\/wp\/v2\/product_brand?post=94626"},{"taxonomy":"product_cat","embeddable":true,"href":"https:\/\/repliquemangacine.fr\/de\/wp-json\/wp\/v2\/product_cat?post=94626"},{"taxonomy":"product_tag","embeddable":true,"href":"https:\/\/repliquemangacine.fr\/de\/wp-json\/wp\/v2\/product_tag?post=94626"}],"curies":[{"name":"wp","href":"https:\/\/api.w.org\/{rel}","templated":true}]}}