





{"id":94178,"date":"2026-01-15T17:19:18","date_gmt":"2026-01-15T16:19:18","guid":{"rendered":"https:\/\/repliquemangacine.fr\/?post_type=product&#038;p=94178"},"modified":"2026-04-01T07:35:55","modified_gmt":"2026-04-01T05:35:55","slug":"dolch-anduril-der-herr-der-ringe","status":"publish","type":"product","link":"https:\/\/repliquemangacine.fr\/de\/epees-seigneur-des-anneaux\/dague-anduril-le-seigneur-des-anneaux\/","title":{"rendered":"Dolch Anduril - Herr der Ringe"},"content":{"rendered":"<h2>Dolch Anduril, das Erbe des K\u00f6nigs in einem einzigartigen Format<\/h2>\n<p>Zun\u00e4chst einmal ist diese <strong>Dolch Anduril<\/strong>\u00a0ist eine elegante Interpretation des legend\u00e4ren Schwertes des <a href=\"https:\/\/lotr.fandom.com\/fr\/wiki\/Aragorn\" target=\"_blank\" rel=\"noopener noreferrer\">K\u00f6nig Elessar<\/a>. Seine Stahlklinge ist fein ge\u00e4tzt mit elbischen Motiven, die von Mittelerde inspiriert sind. Der Griff und der Knauf aus massivem Stahl verleihen der Klinge Stabilit\u00e4t und Ausgewogenheit. Die Scheide aus hochwertigem, gegossenem ABS-Kunststoff ist mit kunstvollen Verzierungen versehen, die der elbischen \u00c4sthetik entsprechen. So vereint dieser Dolch Feinheit, Symbolik und hochwertige Verarbeitung. Er zeichnet sich durch sein kompaktes Format aus, das sich ideal zum Ausstellen oder Sammeln eignet. Daher wird dieses St\u00fcck zu einem originellen Gegenstand, der gleichzeitig die mythische Aura von And\u00faril bewahrt.<\/p>\n<h2>Vom zerbrochenen Narsil nach And\u00faril, die Flamme des Westens neu geschmiedet<\/h2>\n<p>Zu Beginn: Urspr\u00fcnglich war diese Klinge Narsil, der\u2019<a href=\"https:\/\/repliquemangacine.fr\/de\/herr-der-ringe-schwerter\/narsil-zerbrochenes-schwert\/\">Elendils zerbrochenes Schwert<\/a> w\u00e4hrend des Kampfes gegen Sauron. Nach Jahrhunderten des Wartens schmiedeten die Elfen von Bruchtal die Klinge neu. So entstand And\u00faril, die Flamme des Westens, das Symbol f\u00fcr die R\u00fcckkehr des rechtm\u00e4\u00dfigen K\u00f6nigs. Als Aragorn And\u00faril erh\u00e4lt, nimmt er endlich sein Schicksal an.<br \/>\nDiese Verwandlung markiert die Wiedergeburt der Hoffnung f\u00fcr die Freien V\u00f6lker. Jede elfische Gravur erinnert an diese Verbindung zwischen Vergangenheit und Zukunft. Selbst in der Dolchversion beh\u00e4lt And\u00faril diese symbolische Ladung. Er steht f\u00fcr die Weitergabe, das Schicksal und die Wiederherstellung eines verlorenen K\u00f6nigreichs.<\/p>\n<h2>Alle Waffen aus der Trilogie erh\u00e4ltlich auf R\u00e9plique Manga Cin\u00e9<\/h2>\n<p>Schlie\u00dflich ist dieser And\u00faril-Dolch Teil der umfangreichen Herr der Ringe-Kollektion von R\u00e9plique Manga Cin\u00e9. Wir bieten alle ber\u00fchmten Modelle aus der Trilogie an. Sie finden hier unter anderem den <a href=\"https:\/\/repliquemangacine.fr\/de\/herr-der-ringe-schwerter\/sam-schwert-gamegie-der-herr-der-ringe\/\">Sam Gamegies Dolch<\/a>, ein Symbol f\u00fcr Mut und Loyalit\u00e4t. Au\u00dferdem ist der\u2019<a href=\"https:\/\/repliquemangacine.fr\/de\/herr-der-ringe-schwerter\/eowyns-schwert-der-herr-der-ringe\/\">\u00c9owyns Schwert<\/a>, die Heldin im Kampf gegen den Hexenk\u00f6nig, ist in unserer Auswahl enthalten. Nat\u00fcrlich ist die\u2019<a href=\"https:\/\/repliquemangacine.fr\/de\/schwerter-und-dolche-die-ringe-der-macht\/anduril-epee-aragorn-herr-der-ringe\/\">Schwert And\u00faril<\/a> ist in verschiedenen Ausf\u00fchrungen erh\u00e4ltlich, sowohl in klassischer als auch in Luxusausf\u00fchrung. So kann jeder Enthusiast das komplette Waffenarsenal von Mittelerde nachbauen.<\/p>","protected":false},"excerpt":{"rendered":"<p>Entdecken Sie And\u00faril als Dolchversion. Das Erbe des K\u00f6nigs verdichtet sich in einem eleganten, legend\u00e4ren elfischen St\u00fcck.<\/p>\n<ul>\n<li>Stahlklinge mit elfischer Gravur<\/li>\n<li>Griff und Knauf aus massivem Stahl in spezieller Form<\/li>\n<li>Scheide aus schwarzem, gegossenem ABS mit Verzierungen*.<\/li>\n<li>L\u00e4nge der Klinge: 27 cm - Gesamtl\u00e4nge: 48 cm<\/li>\n<li>Gewicht: 270g<\/li>\n<\/ul>","protected":false},"featured_media":94179,"template":"","meta":[],"product_brand":[],"product_cat":[68,107],"product_tag":[],"class_list":{"0":"post-94178","1":"product","2":"type-product","3":"status-publish","4":"has-post-thumbnail","6":"product_cat-epees-seigneur-des-anneaux","7":"product_cat-nouveautes","9":"first","10":"outofstock","11":"taxable","12":"shipping-taxable","13":"purchasable","14":"product-type-simple"},"yoast_head":"<!-- This site is optimized with the Yoast SEO plugin v27.4 - https:\/\/yoast.com\/product\/yoast-seo-wordpress\/ -->\n<title>Dague Anduril - Seigneur des Anneaux - R\u00e9plique Manga Cin\u00e9<\/title>\n<meta name=\"description\" content=\"Dague Anduril en acier grav\u00e9 elfique, garde et pommeau acier, fourreau d\u00e9cor\u00e9. R\u00e9plique Seigneur des Anneaux id\u00e9ale collection.\" \/>\n<meta name=\"robots\" content=\"index, follow, max-snippet:-1, max-image-preview:large, max-video-preview:-1\" \/>\n<link rel=\"canonical\" href=\"https:\/\/repliquemangacine.fr\/de\/herr-der-ringe-schwerter\/dolch-anduril-der-herr-der-ringe\/\" \/>\n<meta property=\"og:locale\" content=\"de_DE\" \/>\n<meta property=\"og:type\" content=\"article\" \/>\n<meta property=\"og:title\" content=\"Dague Anduril - Seigneur des Anneaux - R\u00e9plique Manga Cin\u00e9\" \/>\n<meta property=\"og:description\" content=\"Dague Anduril en acier grav\u00e9 elfique, garde et pommeau acier, fourreau d\u00e9cor\u00e9. R\u00e9plique Seigneur des Anneaux id\u00e9ale collection.\" \/>\n<meta property=\"og:url\" content=\"https:\/\/repliquemangacine.fr\/de\/herr-der-ringe-schwerter\/dolch-anduril-der-herr-der-ringe\/\" \/>\n<meta property=\"og:site_name\" content=\"R\u00e9plique Manga Cin\u00e9\" \/>\n<meta property=\"article:publisher\" content=\"https:\/\/www.facebook.com\/RepliqueMangaCine\" \/>\n<meta property=\"article:modified_time\" content=\"2026-04-01T05:35:55+00:00\" \/>\n<meta property=\"og:image\" content=\"https:\/\/repliquemangacine.fr\/wp-content\/uploads\/2026\/01\/Dague-Anduril-de-luxe-Le-Seigneur-des-Anneaux.jpg\" \/>\n\t<meta property=\"og:image:width\" content=\"800\" \/>\n\t<meta property=\"og:image:height\" content=\"800\" \/>\n\t<meta property=\"og:image:type\" content=\"image\/jpeg\" \/>\n<meta name=\"twitter:card\" content=\"summary_large_image\" \/>\n<meta name=\"twitter:label1\" content=\"Gesch\u00e4tzte Lesezeit\" \/>\n\t<meta name=\"twitter:data1\" content=\"2\u00a0Minuten\" \/>\n<script type=\"application\/ld+json\" class=\"yoast-schema-graph\">{\"@context\":\"https:\\\/\\\/schema.org\",\"@graph\":[{\"@type\":\"WebPage\",\"@id\":\"https:\\\/\\\/repliquemangacine.fr\\\/epees-seigneur-des-anneaux\\\/dague-anduril-le-seigneur-des-anneaux\\\/\",\"url\":\"https:\\\/\\\/repliquemangacine.fr\\\/epees-seigneur-des-anneaux\\\/dague-anduril-le-seigneur-des-anneaux\\\/\",\"name\":\"Dague Anduril - Seigneur des Anneaux - R\u00e9plique Manga Cin\u00e9\",\"isPartOf\":{\"@id\":\"https:\\\/\\\/repliquemangacine.fr\\\/#website\"},\"primaryImageOfPage\":{\"@id\":\"https:\\\/\\\/repliquemangacine.fr\\\/epees-seigneur-des-anneaux\\\/dague-anduril-le-seigneur-des-anneaux\\\/#primaryimage\"},\"image\":{\"@id\":\"https:\\\/\\\/repliquemangacine.fr\\\/epees-seigneur-des-anneaux\\\/dague-anduril-le-seigneur-des-anneaux\\\/#primaryimage\"},\"thumbnailUrl\":\"https:\\\/\\\/repliquemangacine.fr\\\/wp-content\\\/uploads\\\/2026\\\/01\\\/Dague-Anduril-de-luxe-Le-Seigneur-des-Anneaux.jpg\",\"datePublished\":\"2026-01-15T16:19:18+00:00\",\"dateModified\":\"2026-04-01T05:35:55+00:00\",\"description\":\"Dague Anduril en acier grav\u00e9 elfique, garde et pommeau acier, fourreau d\u00e9cor\u00e9. R\u00e9plique Seigneur des Anneaux id\u00e9ale collection.\",\"breadcrumb\":{\"@id\":\"https:\\\/\\\/repliquemangacine.fr\\\/epees-seigneur-des-anneaux\\\/dague-anduril-le-seigneur-des-anneaux\\\/#breadcrumb\"},\"inLanguage\":\"de\",\"potentialAction\":[{\"@type\":\"ReadAction\",\"target\":[\"https:\\\/\\\/repliquemangacine.fr\\\/epees-seigneur-des-anneaux\\\/dague-anduril-le-seigneur-des-anneaux\\\/\"]}]},{\"@type\":\"ImageObject\",\"inLanguage\":\"de\",\"@id\":\"https:\\\/\\\/repliquemangacine.fr\\\/epees-seigneur-des-anneaux\\\/dague-anduril-le-seigneur-des-anneaux\\\/#primaryimage\",\"url\":\"https:\\\/\\\/repliquemangacine.fr\\\/wp-content\\\/uploads\\\/2026\\\/01\\\/Dague-Anduril-de-luxe-Le-Seigneur-des-Anneaux.jpg\",\"contentUrl\":\"https:\\\/\\\/repliquemangacine.fr\\\/wp-content\\\/uploads\\\/2026\\\/01\\\/Dague-Anduril-de-luxe-Le-Seigneur-des-Anneaux.jpg\",\"width\":800,\"height\":800,\"caption\":\"Dague Anduril, le Seigneur des Anneaux\"},{\"@type\":\"BreadcrumbList\",\"@id\":\"https:\\\/\\\/repliquemangacine.fr\\\/epees-seigneur-des-anneaux\\\/dague-anduril-le-seigneur-des-anneaux\\\/#breadcrumb\",\"itemListElement\":[{\"@type\":\"ListItem\",\"position\":1,\"name\":\"Accueil\",\"item\":\"https:\\\/\\\/repliquemangacine.fr\\\/\"},{\"@type\":\"ListItem\",\"position\":2,\"name\":\"Produits\",\"item\":\"https:\\\/\\\/repliquemangacine.fr\\\/boutique\\\/\"},{\"@type\":\"ListItem\",\"position\":3,\"name\":\"Dague Anduril &#8211; Seigneur des Anneaux\"}]},{\"@type\":\"WebSite\",\"@id\":\"https:\\\/\\\/repliquemangacine.fr\\\/#website\",\"url\":\"https:\\\/\\\/repliquemangacine.fr\\\/\",\"name\":\"R\u00e9plique Manga Cin\u00e9\",\"description\":\"\",\"publisher\":{\"@id\":\"https:\\\/\\\/repliquemangacine.fr\\\/#organization\"},\"potentialAction\":[{\"@type\":\"SearchAction\",\"target\":{\"@type\":\"EntryPoint\",\"urlTemplate\":\"https:\\\/\\\/repliquemangacine.fr\\\/?s={search_term_string}\"},\"query-input\":{\"@type\":\"PropertyValueSpecification\",\"valueRequired\":true,\"valueName\":\"search_term_string\"}}],\"inLanguage\":\"de\"},{\"@type\":\"Organization\",\"@id\":\"https:\\\/\\\/repliquemangacine.fr\\\/#organization\",\"name\":\"R\u00e9plique Manga Cin\u00e9\",\"url\":\"https:\\\/\\\/repliquemangacine.fr\\\/\",\"logo\":{\"@type\":\"ImageObject\",\"inLanguage\":\"de\",\"@id\":\"https:\\\/\\\/repliquemangacine.fr\\\/#\\\/schema\\\/logo\\\/image\\\/\",\"url\":\"https:\\\/\\\/repliquemangacine.fr\\\/wp-content\\\/uploads\\\/2023\\\/10\\\/RMC-500250.png\",\"contentUrl\":\"https:\\\/\\\/repliquemangacine.fr\\\/wp-content\\\/uploads\\\/2023\\\/10\\\/RMC-500250.png\",\"width\":500,\"height\":250,\"caption\":\"R\u00e9plique Manga Cin\u00e9\"},\"image\":{\"@id\":\"https:\\\/\\\/repliquemangacine.fr\\\/#\\\/schema\\\/logo\\\/image\\\/\"},\"sameAs\":[\"https:\\\/\\\/www.facebook.com\\\/RepliqueMangaCine\",\"https:\\\/\\\/www.instagram.com\\\/repliquemangacine.fr\\\/\"]}]}<\/script>\n<!-- \/ Yoast SEO plugin. -->","yoast_head_json":{"title":"Dolch Anduril - Herr der Ringe - R\u00e9plique Manga Cin\u00e9","description":"Anduril-Dolch aus Stahl mit elbischer Gravur, Schutzb\u00fcgel und Knauf aus Stahl, verzierte Scheide. Replik Herr der Ringe ideale Sammlung.","robots":{"index":"index","follow":"follow","max-snippet":"max-snippet:-1","max-image-preview":"max-image-preview:large","max-video-preview":"max-video-preview:-1"},"canonical":"https:\/\/repliquemangacine.fr\/de\/herr-der-ringe-schwerter\/dolch-anduril-der-herr-der-ringe\/","og_locale":"de_DE","og_type":"article","og_title":"Dague Anduril - Seigneur des Anneaux - R\u00e9plique Manga Cin\u00e9","og_description":"Dague Anduril en acier grav\u00e9 elfique, garde et pommeau acier, fourreau d\u00e9cor\u00e9. R\u00e9plique Seigneur des Anneaux id\u00e9ale collection.","og_url":"https:\/\/repliquemangacine.fr\/de\/herr-der-ringe-schwerter\/dolch-anduril-der-herr-der-ringe\/","og_site_name":"R\u00e9plique Manga Cin\u00e9","article_publisher":"https:\/\/www.facebook.com\/RepliqueMangaCine","article_modified_time":"2026-04-01T05:35:55+00:00","og_image":[{"width":800,"height":800,"url":"https:\/\/repliquemangacine.fr\/wp-content\/uploads\/2026\/01\/Dague-Anduril-de-luxe-Le-Seigneur-des-Anneaux.jpg","type":"image\/jpeg"}],"twitter_card":"summary_large_image","twitter_misc":{"Gesch\u00e4tzte Lesezeit":"2\u00a0Minuten"},"schema":{"@context":"https:\/\/schema.org","@graph":[{"@type":"WebPage","@id":"https:\/\/repliquemangacine.fr\/epees-seigneur-des-anneaux\/dague-anduril-le-seigneur-des-anneaux\/","url":"https:\/\/repliquemangacine.fr\/epees-seigneur-des-anneaux\/dague-anduril-le-seigneur-des-anneaux\/","name":"Dolch Anduril - Herr der Ringe - R\u00e9plique Manga Cin\u00e9","isPartOf":{"@id":"https:\/\/repliquemangacine.fr\/#website"},"primaryImageOfPage":{"@id":"https:\/\/repliquemangacine.fr\/epees-seigneur-des-anneaux\/dague-anduril-le-seigneur-des-anneaux\/#primaryimage"},"image":{"@id":"https:\/\/repliquemangacine.fr\/epees-seigneur-des-anneaux\/dague-anduril-le-seigneur-des-anneaux\/#primaryimage"},"thumbnailUrl":"https:\/\/repliquemangacine.fr\/wp-content\/uploads\/2026\/01\/Dague-Anduril-de-luxe-Le-Seigneur-des-Anneaux.jpg","datePublished":"2026-01-15T16:19:18+00:00","dateModified":"2026-04-01T05:35:55+00:00","description":"Anduril-Dolch aus Stahl mit elbischer Gravur, Schutzb\u00fcgel und Knauf aus Stahl, verzierte Scheide. Replik Herr der Ringe ideale Sammlung.","breadcrumb":{"@id":"https:\/\/repliquemangacine.fr\/epees-seigneur-des-anneaux\/dague-anduril-le-seigneur-des-anneaux\/#breadcrumb"},"inLanguage":"de","potentialAction":[{"@type":"ReadAction","target":["https:\/\/repliquemangacine.fr\/epees-seigneur-des-anneaux\/dague-anduril-le-seigneur-des-anneaux\/"]}]},{"@type":"ImageObject","inLanguage":"de","@id":"https:\/\/repliquemangacine.fr\/epees-seigneur-des-anneaux\/dague-anduril-le-seigneur-des-anneaux\/#primaryimage","url":"https:\/\/repliquemangacine.fr\/wp-content\/uploads\/2026\/01\/Dague-Anduril-de-luxe-Le-Seigneur-des-Anneaux.jpg","contentUrl":"https:\/\/repliquemangacine.fr\/wp-content\/uploads\/2026\/01\/Dague-Anduril-de-luxe-Le-Seigneur-des-Anneaux.jpg","width":800,"height":800,"caption":"Dague Anduril, le Seigneur des Anneaux"},{"@type":"BreadcrumbList","@id":"https:\/\/repliquemangacine.fr\/epees-seigneur-des-anneaux\/dague-anduril-le-seigneur-des-anneaux\/#breadcrumb","itemListElement":[{"@type":"ListItem","position":1,"name":"Accueil","item":"https:\/\/repliquemangacine.fr\/"},{"@type":"ListItem","position":2,"name":"Produits","item":"https:\/\/repliquemangacine.fr\/boutique\/"},{"@type":"ListItem","position":3,"name":"Dague Anduril &#8211; Seigneur des Anneaux"}]},{"@type":"WebSite","@id":"https:\/\/repliquemangacine.fr\/#website","url":"https:\/\/repliquemangacine.fr\/","name":"R\u00e9plique Manga Cin\u00e9","description":"","publisher":{"@id":"https:\/\/repliquemangacine.fr\/#organization"},"potentialAction":[{"@type":"SearchAction","target":{"@type":"EntryPoint","urlTemplate":"https:\/\/repliquemangacine.fr\/?s={search_term_string}"},"query-input":{"@type":"PropertyValueSpecification","valueRequired":true,"valueName":"search_term_string"}}],"inLanguage":"de"},{"@type":"Organization","@id":"https:\/\/repliquemangacine.fr\/#organization","name":"R\u00e9plique Manga Cin\u00e9","url":"https:\/\/repliquemangacine.fr\/","logo":{"@type":"ImageObject","inLanguage":"de","@id":"https:\/\/repliquemangacine.fr\/#\/schema\/logo\/image\/","url":"https:\/\/repliquemangacine.fr\/wp-content\/uploads\/2023\/10\/RMC-500250.png","contentUrl":"https:\/\/repliquemangacine.fr\/wp-content\/uploads\/2023\/10\/RMC-500250.png","width":500,"height":250,"caption":"R\u00e9plique Manga Cin\u00e9"},"image":{"@id":"https:\/\/repliquemangacine.fr\/#\/schema\/logo\/image\/"},"sameAs":["https:\/\/www.facebook.com\/RepliqueMangaCine","https:\/\/www.instagram.com\/repliquemangacine.fr\/"]}]}},"_links":{"self":[{"href":"https:\/\/repliquemangacine.fr\/de\/wp-json\/wp\/v2\/product\/94178","targetHints":{"allow":["GET"]}}],"collection":[{"href":"https:\/\/repliquemangacine.fr\/de\/wp-json\/wp\/v2\/product"}],"about":[{"href":"https:\/\/repliquemangacine.fr\/de\/wp-json\/wp\/v2\/types\/product"}],"wp:featuredmedia":[{"embeddable":true,"href":"https:\/\/repliquemangacine.fr\/de\/wp-json\/wp\/v2\/media\/94179"}],"wp:attachment":[{"href":"https:\/\/repliquemangacine.fr\/de\/wp-json\/wp\/v2\/media?parent=94178"}],"wp:term":[{"taxonomy":"product_brand","embeddable":true,"href":"https:\/\/repliquemangacine.fr\/de\/wp-json\/wp\/v2\/product_brand?post=94178"},{"taxonomy":"product_cat","embeddable":true,"href":"https:\/\/repliquemangacine.fr\/de\/wp-json\/wp\/v2\/product_cat?post=94178"},{"taxonomy":"product_tag","embeddable":true,"href":"https:\/\/repliquemangacine.fr\/de\/wp-json\/wp\/v2\/product_tag?post=94178"}],"curies":[{"name":"wp","href":"https:\/\/api.w.org\/{rel}","templated":true}]}}