





{"id":94109,"date":"2026-01-13T15:02:59","date_gmt":"2026-01-13T14:02:59","guid":{"rendered":"https:\/\/repliquemangacine.fr\/?post_type=product&#038;p=94109"},"modified":"2026-02-05T11:49:13","modified_gmt":"2026-02-05T10:49:13","slug":"schwert-von-aemond-targaryen-house-of-the-dragon","status":"publish","type":"product","link":"https:\/\/repliquemangacine.fr\/de\/house-of-the-dragon\/epee-de-aemond-targaryen-house-of-the-dragon\/","title":{"rendered":"Das Schwert von Aemond Targaryen"},"content":{"rendered":"<h2>Das Schwert von Aemond Targaryen im Mittelpunkt des Drachentanzes<\/h2>\n<p><strong>Das Schwert von Aemond Targaryen<\/strong> spiegelt eine strenge und martialische \u00c4sthetik wider, ganz wie sein Tr\u00e4ger. Die Klinge aus Stahl hat eine straffe Linie, die f\u00fcr den direkten und kompromisslosen Kampf gedacht ist. Der Griff und der Knauf haben ein schlichtes, aber aggressives Design, das den Willen zur Dominanz unterstreicht. So zeichnet sich diese Waffe durch ein brutaleres Aussehen als die traditionellen k\u00f6niglichen Klingen aus. In der Serie begleitet sie Aemond in den entscheidenden Momenten, in denen die Spannungen zwischen den Fraktionen zunehmen. Dar\u00fcber hinaus erinnert ihr Stil an eine Waffe, die ausgew\u00e4hlt wurde, um Furcht zu erzeugen. Diese Replik wird somit zu einem starken St\u00fcck, das die drohende Gewalt des Targaryen-B\u00fcrgerkriegs repr\u00e4sentiert.<\/p>\n<h2>Aemond Targaryen, der personifizierte Zorn<\/h2>\n<p>Aemond Targaryen ist einer der am meisten gef\u00fcrchteten Charaktere in Haus der Drachen. Gepr\u00e4gt durch den Verlust seines Auges, entwickelt er einen kalten, disziplinierten und r\u00fccksichtslosen Charakter. Im Gegensatz zu seinem Bruder umarmt er den Krieg und die Macht voll und ganz. Sein Schwert wird zur Erweiterung seines Willens, pr\u00e4zise und unerbittlich. Dar\u00fcber hinaus ist seine Verbindung zu <a href=\"https:\/\/gameofthrones.fandom.com\/fr\/wiki\/Vhagar\" target=\"_blank\" rel=\"noopener noreferrer\">Vhagar<\/a> verst\u00e4rkt sein Image als furchtloser Krieger. Jedes Auftreten von Aemond k\u00fcndigt einen Umschwung zur Gewalt an. So symbolisiert diese Waffe seinen Rachedurst, seinen Ehrgeiz und seine zentrale Rolle im Drachentanz.<\/p>\n<h2>Targaryen-Waffen und Game of Thrones auf R\u00e9plique Manga Cin\u00e9<\/h2>\n<p>Dieses Schwert geh\u00f6rt zu einer prestigetr\u00e4chtigen Sammlung, die dem Haus des Drachen auf R\u00e9plique Manga Cin\u00e9 gewidmet ist. Fans finden hier unter anderem das\u2019<a href=\"https:\/\/repliquemangacine.fr\/de\/house-of-the-dragon\/schwert-von-jacaerys-velaryon\/\">Schwert von Jacaerys Velaryon<\/a>, das Symbol des Targaryen-Erbes. Dar\u00fcber hinaus ist die\u2019<a href=\"https:\/\/repliquemangacine.fr\/de\/house-of-the-dragon\/schwert-von-rhaenyra-house-of-the-dragon\/\">Rhaenyras Schwert<\/a> verk\u00f6rpert die Legitimit\u00e4t und den Willen zu herrschen. Schlie\u00dflich ist die\u2019<a href=\"https:\/\/repliquemangacine.fr\/de\/house-of-the-dragon\/feunoyr-epee-viserys-targaryen\/\">Schwert von Viserys<\/a> erinnert an das zerbrechliche Zeitalter des Friedens vor dem Krieg. Wir bieten auch alle ikonischen Schwerter aus Game of Thrones an, sodass man das komplette Arsenal von Westeros zusammenstellen kann. So kann jeder Sammler die Geschichte der Sieben K\u00f6nigslande mithilfe seiner Waffen nachvollziehen.<\/p>","protected":false},"excerpt":{"rendered":"<p>Bekr\u00e4ftigen Sie die Macht von Aemond Targaryen mit seinem Schwert, das ein Symbol f\u00fcr Zorn, Krieg und ein brennendes Schicksal ist.<\/p>\n<ul>\n<li>Klinge aus poliertem 440er Stahl mit Hohlkehle<\/li>\n<li>Garde und Knauf aus gealtertem Stahl mit Bronzeimitation<\/li>\n<li>Griff mit Grip f\u00fcr sicheren Halt<\/li>\n<li>Wird mit einer Wandhalterung mit dem Emblem der Targaryens geliefert<\/li>\n<li>L\u00e4nge der Klinge: 84 cm - Gesamtl\u00e4nge: 108 cm<\/li>\n<li>Gewicht: 1230 gr<\/li>\n<\/ul>","protected":false},"featured_media":94111,"template":"","meta":[],"product_brand":[],"product_cat":[105,107],"product_tag":[],"class_list":{"0":"post-94109","1":"product","2":"type-product","3":"status-publish","4":"has-post-thumbnail","6":"product_cat-house-of-the-dragon","7":"product_cat-nouveautes","9":"first","10":"instock","11":"taxable","12":"shipping-taxable","13":"purchasable","14":"product-type-simple"},"yoast_head":"<!-- This site is optimized with the Yoast SEO plugin v27.4 - https:\/\/yoast.com\/product\/yoast-seo-wordpress\/ -->\n<title>L\u2019\u00e9p\u00e9e de Aemond Targaryen - R\u00e9plique Manga Cin\u00e9<\/title>\n<meta name=\"description\" content=\"L&#039;\u00e9p\u00e9e de Aemond Targaryen House of the Dragon, lame acier au style sombre. R\u00e9plique id\u00e9ale pour collection et fans de Westeros. 108 cm\" \/>\n<meta name=\"robots\" content=\"index, follow, max-snippet:-1, max-image-preview:large, max-video-preview:-1\" \/>\n<link rel=\"canonical\" href=\"https:\/\/repliquemangacine.fr\/de\/house-of-the-dragon\/schwert-von-aemond-targaryen-house-of-the-dragon\/\" \/>\n<meta property=\"og:locale\" content=\"de_DE\" \/>\n<meta property=\"og:type\" content=\"article\" \/>\n<meta property=\"og:title\" content=\"L\u2019\u00e9p\u00e9e de Aemond Targaryen - R\u00e9plique Manga Cin\u00e9\" \/>\n<meta property=\"og:description\" content=\"L&#039;\u00e9p\u00e9e de Aemond Targaryen House of the Dragon, lame acier au style sombre. R\u00e9plique id\u00e9ale pour collection et fans de Westeros. 108 cm\" \/>\n<meta property=\"og:url\" content=\"https:\/\/repliquemangacine.fr\/de\/house-of-the-dragon\/schwert-von-aemond-targaryen-house-of-the-dragon\/\" \/>\n<meta property=\"og:site_name\" content=\"R\u00e9plique Manga Cin\u00e9\" \/>\n<meta property=\"article:publisher\" content=\"https:\/\/www.facebook.com\/RepliqueMangaCine\" \/>\n<meta property=\"article:modified_time\" content=\"2026-02-05T10:49:13+00:00\" \/>\n<meta property=\"og:image\" content=\"https:\/\/repliquemangacine.fr\/wp-content\/uploads\/2026\/01\/Epee-de-Aemond-Targaryen.jpg\" \/>\n\t<meta property=\"og:image:width\" content=\"800\" \/>\n\t<meta property=\"og:image:height\" content=\"800\" \/>\n\t<meta property=\"og:image:type\" content=\"image\/jpeg\" \/>\n<meta name=\"twitter:card\" content=\"summary_large_image\" \/>\n<meta name=\"twitter:label1\" content=\"Gesch\u00e4tzte Lesezeit\" \/>\n\t<meta name=\"twitter:data1\" content=\"2\u00a0Minuten\" \/>\n<script type=\"application\/ld+json\" class=\"yoast-schema-graph\">{\"@context\":\"https:\\\/\\\/schema.org\",\"@graph\":[{\"@type\":\"WebPage\",\"@id\":\"https:\\\/\\\/repliquemangacine.fr\\\/house-of-the-dragon\\\/epee-de-aemond-targaryen-house-of-the-dragon\\\/\",\"url\":\"https:\\\/\\\/repliquemangacine.fr\\\/house-of-the-dragon\\\/epee-de-aemond-targaryen-house-of-the-dragon\\\/\",\"name\":\"L\u2019\u00e9p\u00e9e de Aemond Targaryen - R\u00e9plique Manga Cin\u00e9\",\"isPartOf\":{\"@id\":\"https:\\\/\\\/repliquemangacine.fr\\\/#website\"},\"primaryImageOfPage\":{\"@id\":\"https:\\\/\\\/repliquemangacine.fr\\\/house-of-the-dragon\\\/epee-de-aemond-targaryen-house-of-the-dragon\\\/#primaryimage\"},\"image\":{\"@id\":\"https:\\\/\\\/repliquemangacine.fr\\\/house-of-the-dragon\\\/epee-de-aemond-targaryen-house-of-the-dragon\\\/#primaryimage\"},\"thumbnailUrl\":\"https:\\\/\\\/repliquemangacine.fr\\\/wp-content\\\/uploads\\\/2026\\\/01\\\/Epee-de-Aemond-Targaryen.jpg\",\"datePublished\":\"2026-01-13T14:02:59+00:00\",\"dateModified\":\"2026-02-05T10:49:13+00:00\",\"description\":\"L'\u00e9p\u00e9e de Aemond Targaryen House of the Dragon, lame acier au style sombre. R\u00e9plique id\u00e9ale pour collection et fans de Westeros. 108 cm\",\"breadcrumb\":{\"@id\":\"https:\\\/\\\/repliquemangacine.fr\\\/house-of-the-dragon\\\/epee-de-aemond-targaryen-house-of-the-dragon\\\/#breadcrumb\"},\"inLanguage\":\"de\",\"potentialAction\":[{\"@type\":\"ReadAction\",\"target\":[\"https:\\\/\\\/repliquemangacine.fr\\\/house-of-the-dragon\\\/epee-de-aemond-targaryen-house-of-the-dragon\\\/\"]}]},{\"@type\":\"ImageObject\",\"inLanguage\":\"de\",\"@id\":\"https:\\\/\\\/repliquemangacine.fr\\\/house-of-the-dragon\\\/epee-de-aemond-targaryen-house-of-the-dragon\\\/#primaryimage\",\"url\":\"https:\\\/\\\/repliquemangacine.fr\\\/wp-content\\\/uploads\\\/2026\\\/01\\\/Epee-de-Aemond-Targaryen.jpg\",\"contentUrl\":\"https:\\\/\\\/repliquemangacine.fr\\\/wp-content\\\/uploads\\\/2026\\\/01\\\/Epee-de-Aemond-Targaryen.jpg\",\"width\":800,\"height\":800,\"caption\":\"L\u2019\u00e9p\u00e9e d\u2019Aemond Targaryen dans House of the Dragon\"},{\"@type\":\"BreadcrumbList\",\"@id\":\"https:\\\/\\\/repliquemangacine.fr\\\/house-of-the-dragon\\\/epee-de-aemond-targaryen-house-of-the-dragon\\\/#breadcrumb\",\"itemListElement\":[{\"@type\":\"ListItem\",\"position\":1,\"name\":\"Accueil\",\"item\":\"https:\\\/\\\/repliquemangacine.fr\\\/\"},{\"@type\":\"ListItem\",\"position\":2,\"name\":\"Produits\",\"item\":\"https:\\\/\\\/repliquemangacine.fr\\\/boutique\\\/\"},{\"@type\":\"ListItem\",\"position\":3,\"name\":\"L\u2019\u00e9p\u00e9e de Aemond Targaryen\"}]},{\"@type\":\"WebSite\",\"@id\":\"https:\\\/\\\/repliquemangacine.fr\\\/#website\",\"url\":\"https:\\\/\\\/repliquemangacine.fr\\\/\",\"name\":\"R\u00e9plique Manga Cin\u00e9\",\"description\":\"\",\"publisher\":{\"@id\":\"https:\\\/\\\/repliquemangacine.fr\\\/#organization\"},\"potentialAction\":[{\"@type\":\"SearchAction\",\"target\":{\"@type\":\"EntryPoint\",\"urlTemplate\":\"https:\\\/\\\/repliquemangacine.fr\\\/?s={search_term_string}\"},\"query-input\":{\"@type\":\"PropertyValueSpecification\",\"valueRequired\":true,\"valueName\":\"search_term_string\"}}],\"inLanguage\":\"de\"},{\"@type\":\"Organization\",\"@id\":\"https:\\\/\\\/repliquemangacine.fr\\\/#organization\",\"name\":\"R\u00e9plique Manga Cin\u00e9\",\"url\":\"https:\\\/\\\/repliquemangacine.fr\\\/\",\"logo\":{\"@type\":\"ImageObject\",\"inLanguage\":\"de\",\"@id\":\"https:\\\/\\\/repliquemangacine.fr\\\/#\\\/schema\\\/logo\\\/image\\\/\",\"url\":\"https:\\\/\\\/repliquemangacine.fr\\\/wp-content\\\/uploads\\\/2023\\\/10\\\/RMC-500250.png\",\"contentUrl\":\"https:\\\/\\\/repliquemangacine.fr\\\/wp-content\\\/uploads\\\/2023\\\/10\\\/RMC-500250.png\",\"width\":500,\"height\":250,\"caption\":\"R\u00e9plique Manga Cin\u00e9\"},\"image\":{\"@id\":\"https:\\\/\\\/repliquemangacine.fr\\\/#\\\/schema\\\/logo\\\/image\\\/\"},\"sameAs\":[\"https:\\\/\\\/www.facebook.com\\\/RepliqueMangaCine\",\"https:\\\/\\\/www.instagram.com\\\/repliquemangacine.fr\\\/\"]}]}<\/script>\n<!-- \/ Yoast SEO plugin. -->","yoast_head_json":{"title":"Das Schwert von Aemond Targaryen - R\u00e9plique Manga Cin\u00e9","description":"Das Schwert von Aemond Targaryen House of the Dragon, Stahlklinge im dunklen Stil. Ideale Replik f\u00fcr Sammler und Fans von Westeros. 108 cm","robots":{"index":"index","follow":"follow","max-snippet":"max-snippet:-1","max-image-preview":"max-image-preview:large","max-video-preview":"max-video-preview:-1"},"canonical":"https:\/\/repliquemangacine.fr\/de\/house-of-the-dragon\/schwert-von-aemond-targaryen-house-of-the-dragon\/","og_locale":"de_DE","og_type":"article","og_title":"L\u2019\u00e9p\u00e9e de Aemond Targaryen - R\u00e9plique Manga Cin\u00e9","og_description":"L'\u00e9p\u00e9e de Aemond Targaryen House of the Dragon, lame acier au style sombre. R\u00e9plique id\u00e9ale pour collection et fans de Westeros. 108 cm","og_url":"https:\/\/repliquemangacine.fr\/de\/house-of-the-dragon\/schwert-von-aemond-targaryen-house-of-the-dragon\/","og_site_name":"R\u00e9plique Manga Cin\u00e9","article_publisher":"https:\/\/www.facebook.com\/RepliqueMangaCine","article_modified_time":"2026-02-05T10:49:13+00:00","og_image":[{"width":800,"height":800,"url":"https:\/\/repliquemangacine.fr\/wp-content\/uploads\/2026\/01\/Epee-de-Aemond-Targaryen.jpg","type":"image\/jpeg"}],"twitter_card":"summary_large_image","twitter_misc":{"Gesch\u00e4tzte Lesezeit":"2\u00a0Minuten"},"schema":{"@context":"https:\/\/schema.org","@graph":[{"@type":"WebPage","@id":"https:\/\/repliquemangacine.fr\/house-of-the-dragon\/epee-de-aemond-targaryen-house-of-the-dragon\/","url":"https:\/\/repliquemangacine.fr\/house-of-the-dragon\/epee-de-aemond-targaryen-house-of-the-dragon\/","name":"Das Schwert von Aemond Targaryen - R\u00e9plique Manga Cin\u00e9","isPartOf":{"@id":"https:\/\/repliquemangacine.fr\/#website"},"primaryImageOfPage":{"@id":"https:\/\/repliquemangacine.fr\/house-of-the-dragon\/epee-de-aemond-targaryen-house-of-the-dragon\/#primaryimage"},"image":{"@id":"https:\/\/repliquemangacine.fr\/house-of-the-dragon\/epee-de-aemond-targaryen-house-of-the-dragon\/#primaryimage"},"thumbnailUrl":"https:\/\/repliquemangacine.fr\/wp-content\/uploads\/2026\/01\/Epee-de-Aemond-Targaryen.jpg","datePublished":"2026-01-13T14:02:59+00:00","dateModified":"2026-02-05T10:49:13+00:00","description":"Das Schwert von Aemond Targaryen House of the Dragon, Stahlklinge im dunklen Stil. Ideale Replik f\u00fcr Sammler und Fans von Westeros. 108 cm","breadcrumb":{"@id":"https:\/\/repliquemangacine.fr\/house-of-the-dragon\/epee-de-aemond-targaryen-house-of-the-dragon\/#breadcrumb"},"inLanguage":"de","potentialAction":[{"@type":"ReadAction","target":["https:\/\/repliquemangacine.fr\/house-of-the-dragon\/epee-de-aemond-targaryen-house-of-the-dragon\/"]}]},{"@type":"ImageObject","inLanguage":"de","@id":"https:\/\/repliquemangacine.fr\/house-of-the-dragon\/epee-de-aemond-targaryen-house-of-the-dragon\/#primaryimage","url":"https:\/\/repliquemangacine.fr\/wp-content\/uploads\/2026\/01\/Epee-de-Aemond-Targaryen.jpg","contentUrl":"https:\/\/repliquemangacine.fr\/wp-content\/uploads\/2026\/01\/Epee-de-Aemond-Targaryen.jpg","width":800,"height":800,"caption":"L\u2019\u00e9p\u00e9e d\u2019Aemond Targaryen dans House of the Dragon"},{"@type":"BreadcrumbList","@id":"https:\/\/repliquemangacine.fr\/house-of-the-dragon\/epee-de-aemond-targaryen-house-of-the-dragon\/#breadcrumb","itemListElement":[{"@type":"ListItem","position":1,"name":"Accueil","item":"https:\/\/repliquemangacine.fr\/"},{"@type":"ListItem","position":2,"name":"Produits","item":"https:\/\/repliquemangacine.fr\/boutique\/"},{"@type":"ListItem","position":3,"name":"L\u2019\u00e9p\u00e9e de Aemond Targaryen"}]},{"@type":"WebSite","@id":"https:\/\/repliquemangacine.fr\/#website","url":"https:\/\/repliquemangacine.fr\/","name":"R\u00e9plique Manga Cin\u00e9","description":"","publisher":{"@id":"https:\/\/repliquemangacine.fr\/#organization"},"potentialAction":[{"@type":"SearchAction","target":{"@type":"EntryPoint","urlTemplate":"https:\/\/repliquemangacine.fr\/?s={search_term_string}"},"query-input":{"@type":"PropertyValueSpecification","valueRequired":true,"valueName":"search_term_string"}}],"inLanguage":"de"},{"@type":"Organization","@id":"https:\/\/repliquemangacine.fr\/#organization","name":"R\u00e9plique Manga Cin\u00e9","url":"https:\/\/repliquemangacine.fr\/","logo":{"@type":"ImageObject","inLanguage":"de","@id":"https:\/\/repliquemangacine.fr\/#\/schema\/logo\/image\/","url":"https:\/\/repliquemangacine.fr\/wp-content\/uploads\/2023\/10\/RMC-500250.png","contentUrl":"https:\/\/repliquemangacine.fr\/wp-content\/uploads\/2023\/10\/RMC-500250.png","width":500,"height":250,"caption":"R\u00e9plique Manga Cin\u00e9"},"image":{"@id":"https:\/\/repliquemangacine.fr\/#\/schema\/logo\/image\/"},"sameAs":["https:\/\/www.facebook.com\/RepliqueMangaCine","https:\/\/www.instagram.com\/repliquemangacine.fr\/"]}]}},"_links":{"self":[{"href":"https:\/\/repliquemangacine.fr\/de\/wp-json\/wp\/v2\/product\/94109","targetHints":{"allow":["GET"]}}],"collection":[{"href":"https:\/\/repliquemangacine.fr\/de\/wp-json\/wp\/v2\/product"}],"about":[{"href":"https:\/\/repliquemangacine.fr\/de\/wp-json\/wp\/v2\/types\/product"}],"wp:featuredmedia":[{"embeddable":true,"href":"https:\/\/repliquemangacine.fr\/de\/wp-json\/wp\/v2\/media\/94111"}],"wp:attachment":[{"href":"https:\/\/repliquemangacine.fr\/de\/wp-json\/wp\/v2\/media?parent=94109"}],"wp:term":[{"taxonomy":"product_brand","embeddable":true,"href":"https:\/\/repliquemangacine.fr\/de\/wp-json\/wp\/v2\/product_brand?post=94109"},{"taxonomy":"product_cat","embeddable":true,"href":"https:\/\/repliquemangacine.fr\/de\/wp-json\/wp\/v2\/product_cat?post=94109"},{"taxonomy":"product_tag","embeddable":true,"href":"https:\/\/repliquemangacine.fr\/de\/wp-json\/wp\/v2\/product_tag?post=94109"}],"curies":[{"name":"wp","href":"https:\/\/api.w.org\/{rel}","templated":true}]}}