





{"id":94077,"date":"2026-01-12T16:46:15","date_gmt":"2026-01-12T15:46:15","guid":{"rendered":"https:\/\/repliquemangacine.fr\/?post_type=product&#038;p=94077"},"modified":"2026-02-05T11:48:57","modified_gmt":"2026-02-05T10:48:57","slug":"schwert-von-jacaerys-velaryon","status":"publish","type":"product","link":"https:\/\/repliquemangacine.fr\/de\/house-of-the-dragon\/epee-de-jacaerys-velaryon\/","title":{"rendered":"Schwert von Jacaerys Velaryon"},"content":{"rendered":"<h2>Schwert von Jacaerys Velaryon: Ein edles Schwert im Dienste des Hauses Targaryen<\/h2>\n<p>L'<strong>Schwert von Jacaerys Velaryon<\/strong>\u00a0verk\u00f6rpert die martialische Eleganz der neuen Targaryen-Generation. Die Klinge aus poliertem Stahl hat eine zentrale Hohlkehle, die f\u00fcr mehr Ausgewogenheit und \u00c4sthetik sorgt. Die hochwertigen Bronzeimitationen auf dem Knauf und dem Griff erinnern an die alten Traditionen von Westeros. Der Grip-Griff mit bronzefarbenen Metallverzierungen sorgt f\u00fcr einen festen und bequemen Griff. So zeichnet sich dieses Schwert durch ein schlichtes, aber entschieden f\u00fcrstliches Design aus. In der Serie symbolisiert es die Pflicht, das Lernen und den Aufstieg seines Tr\u00e4gers zur Macht. Dar\u00fcber hinaus erm\u00f6glicht die mit dem Targaryen-Emblem verzierte Wandhalterung eine Ausstellung, die den Hallen von Dragonstone w\u00fcrdig ist. Daher wird diese Replik zu einem wichtigen St\u00fcck f\u00fcr Sammler, die die Kontinuit\u00e4t der Macht und des Erbes darstellen m\u00f6chten.<\/p>\n<h2>Jacaerys Velaryon, Erbe von Feuer und Blut<\/h2>\n<p>Jacaerys Velaryon ist eine der zentralen Figuren in House of the Dragon. Sohn von Rhaenyra <a href=\"https:\/\/gameofthrones.fandom.com\/fr\/wiki\/Maison_Targaryen\" target=\"_blank\" rel=\"noopener noreferrer\">Targaryen<\/a>, Er verk\u00f6rpert die Zukunft einer gespaltenen Dynastie. Mutig, loyal und entschlossen versucht er, seine Legitimit\u00e4t in einer von Intrigen zerfressenen Welt zu beweisen. Sein Schwert spiegelt diese Suche nach Identit\u00e4t und Anerkennung wider. Im Gegensatz zu den fr\u00fcheren Kriegerprinzen bewegt sich Jacaerys in einem instabilen politischen Umfeld. Er begreift jedoch schnell, dass St\u00e4rke und Ehre Hand in Hand gehen m\u00fcssen. So wird jeder Kampf zu einem Schritt in Richtung seiner Reife. Seine Waffe wird zur Verl\u00e4ngerung seines Willens. Sie steht f\u00fcr seine Verpflichtung gegen\u00fcber seiner Mutter, seinem Haus und dem Schicksal der Drachen.<\/p>\n<h2>Die ikonischen Waffen aus House of the Dragon auf R\u00e9plique Manga Cin\u00e9<\/h2>\n<p>Dieses Schwert passt perfekt zu der von R\u00e9plique Manga Cin\u00e9 angebotenen Kollektion House of the Dragon. Zu den Highlights z\u00e4hlen das\u2019<a href=\"https:\/\/repliquemangacine.fr\/de\/house-of-the-dragon\/schwert-von-rhaenyra-house-of-the-dragon\/\">Rhaenyras Schwert<\/a>, Das ist ein Symbol f\u00fcr seine Legitimit\u00e4t und Autorit\u00e4t. Au\u00dferdem, <a href=\"https:\/\/repliquemangacine.fr\/de\/house-of-the-dragon\/epee-dark-sister-house-of-the-dragon\/\">Dark Sister<\/a>, Die legend\u00e4re Klinge, die von Daemon Targaryen getragen wurde, ist immer noch ein Muss. Schlie\u00dflich ist die <a href=\"https:\/\/repliquemangacine.fr\/de\/house-of-the-dragon\/replica-dolch-catspaw-game-of-thrones\/\">Catspaw-Dolch<\/a>, die ber\u00fchmte Waffe aus valyrischem Stahl, vervollst\u00e4ndigt diese ikonische Auswahl. Mit diesen originalgetreuen Repliken ist es m\u00f6glich, das gesamte Arsenal der Serie nachzubilden. So kann jeder Sammler die wichtigsten Gegenst\u00e4nde aus Drachentanz ausstellen. Eine Auswahl, die f\u00fcr Liebhaber von Westeros und seinen Legenden gedacht ist.<\/p>","protected":false},"excerpt":{"rendered":"<p>Stellen Sie das Schwert von Jacaerys Velaryon aus, das Symbol des Targaryen-Erbes und des fortschreitenden Schicksals der Drachen.<\/p>\n<ul>\n<li>Klinge aus poliertem Stahl mit Hohlkehle<\/li>\n<li>Garde und Knauf aus Stahl mit Bronzeimitation<\/li>\n<li>Grip-Griff mit Metalldekor in der Mitte<\/li>\n<li>Hohe Qualit\u00e4t<\/li>\n<li>Wird mit einer Wandhalterung mit Targaryens-Emblem geliefert<\/li>\n<li>L\u00e4nge der Klinge: 83 cm - Gesamtl\u00e4nge: 108 cm<\/li>\n<li>Gewicht: 1128 gr<\/li>\n<\/ul>","protected":false},"featured_media":94078,"template":"","meta":[],"product_brand":[],"product_cat":[105,107],"product_tag":[],"class_list":{"0":"post-94077","1":"product","2":"type-product","3":"status-publish","4":"has-post-thumbnail","6":"product_cat-house-of-the-dragon","7":"product_cat-nouveautes","9":"first","10":"instock","11":"taxable","12":"shipping-taxable","13":"purchasable","14":"product-type-simple"},"yoast_head":"<!-- This site is optimized with the Yoast SEO plugin v27.4 - https:\/\/yoast.com\/product\/yoast-seo-wordpress\/ -->\n<title>\u00c9p\u00e9e de Jacaerys Velaryon - R\u00e9plique Manga Cin\u00e9<\/title>\n<meta name=\"description\" content=\"\u00c9p\u00e9e de Jacaerys Velaryon House of the Dragon, lame acier poli, finitions bronze et support Targaryen. R\u00e9plique id\u00e9ale collection.\" \/>\n<meta name=\"robots\" content=\"index, follow, max-snippet:-1, max-image-preview:large, max-video-preview:-1\" \/>\n<link rel=\"canonical\" href=\"https:\/\/repliquemangacine.fr\/de\/house-of-the-dragon\/schwert-von-jacaerys-velaryon\/\" \/>\n<meta property=\"og:locale\" content=\"de_DE\" \/>\n<meta property=\"og:type\" content=\"article\" \/>\n<meta property=\"og:title\" content=\"\u00c9p\u00e9e de Jacaerys Velaryon - R\u00e9plique Manga Cin\u00e9\" \/>\n<meta property=\"og:description\" content=\"\u00c9p\u00e9e de Jacaerys Velaryon House of the Dragon, lame acier poli, finitions bronze et support Targaryen. R\u00e9plique id\u00e9ale collection.\" \/>\n<meta property=\"og:url\" content=\"https:\/\/repliquemangacine.fr\/de\/house-of-the-dragon\/schwert-von-jacaerys-velaryon\/\" \/>\n<meta property=\"og:site_name\" content=\"R\u00e9plique Manga Cin\u00e9\" \/>\n<meta property=\"article:publisher\" content=\"https:\/\/www.facebook.com\/RepliqueMangaCine\" \/>\n<meta property=\"article:modified_time\" content=\"2026-02-05T10:48:57+00:00\" \/>\n<meta property=\"og:image\" content=\"https:\/\/repliquemangacine.fr\/wp-content\/uploads\/2026\/01\/Epee-de-Jacaerys-Velaryon-avec-support.jpg\" \/>\n\t<meta property=\"og:image:width\" content=\"800\" \/>\n\t<meta property=\"og:image:height\" content=\"800\" \/>\n\t<meta property=\"og:image:type\" content=\"image\/jpeg\" \/>\n<meta name=\"twitter:card\" content=\"summary_large_image\" \/>\n<meta name=\"twitter:label1\" content=\"Gesch\u00e4tzte Lesezeit\" \/>\n\t<meta name=\"twitter:data1\" content=\"3\u00a0Minuten\" \/>\n<script type=\"application\/ld+json\" class=\"yoast-schema-graph\">{\"@context\":\"https:\\\/\\\/schema.org\",\"@graph\":[{\"@type\":\"WebPage\",\"@id\":\"https:\\\/\\\/repliquemangacine.fr\\\/house-of-the-dragon\\\/epee-de-jacaerys-velaryon\\\/\",\"url\":\"https:\\\/\\\/repliquemangacine.fr\\\/house-of-the-dragon\\\/epee-de-jacaerys-velaryon\\\/\",\"name\":\"\u00c9p\u00e9e de Jacaerys Velaryon - R\u00e9plique Manga Cin\u00e9\",\"isPartOf\":{\"@id\":\"https:\\\/\\\/repliquemangacine.fr\\\/#website\"},\"primaryImageOfPage\":{\"@id\":\"https:\\\/\\\/repliquemangacine.fr\\\/house-of-the-dragon\\\/epee-de-jacaerys-velaryon\\\/#primaryimage\"},\"image\":{\"@id\":\"https:\\\/\\\/repliquemangacine.fr\\\/house-of-the-dragon\\\/epee-de-jacaerys-velaryon\\\/#primaryimage\"},\"thumbnailUrl\":\"https:\\\/\\\/repliquemangacine.fr\\\/wp-content\\\/uploads\\\/2026\\\/01\\\/Epee-de-Jacaerys-Velaryon-avec-support.jpg\",\"datePublished\":\"2026-01-12T15:46:15+00:00\",\"dateModified\":\"2026-02-05T10:48:57+00:00\",\"description\":\"\u00c9p\u00e9e de Jacaerys Velaryon House of the Dragon, lame acier poli, finitions bronze et support Targaryen. R\u00e9plique id\u00e9ale collection.\",\"breadcrumb\":{\"@id\":\"https:\\\/\\\/repliquemangacine.fr\\\/house-of-the-dragon\\\/epee-de-jacaerys-velaryon\\\/#breadcrumb\"},\"inLanguage\":\"de\",\"potentialAction\":[{\"@type\":\"ReadAction\",\"target\":[\"https:\\\/\\\/repliquemangacine.fr\\\/house-of-the-dragon\\\/epee-de-jacaerys-velaryon\\\/\"]}]},{\"@type\":\"ImageObject\",\"inLanguage\":\"de\",\"@id\":\"https:\\\/\\\/repliquemangacine.fr\\\/house-of-the-dragon\\\/epee-de-jacaerys-velaryon\\\/#primaryimage\",\"url\":\"https:\\\/\\\/repliquemangacine.fr\\\/wp-content\\\/uploads\\\/2026\\\/01\\\/Epee-de-Jacaerys-Velaryon-avec-support.jpg\",\"contentUrl\":\"https:\\\/\\\/repliquemangacine.fr\\\/wp-content\\\/uploads\\\/2026\\\/01\\\/Epee-de-Jacaerys-Velaryon-avec-support.jpg\",\"width\":800,\"height\":800,\"caption\":\"\u00c9p\u00e9e de Jacaerys Velaryon\"},{\"@type\":\"BreadcrumbList\",\"@id\":\"https:\\\/\\\/repliquemangacine.fr\\\/house-of-the-dragon\\\/epee-de-jacaerys-velaryon\\\/#breadcrumb\",\"itemListElement\":[{\"@type\":\"ListItem\",\"position\":1,\"name\":\"Accueil\",\"item\":\"https:\\\/\\\/repliquemangacine.fr\\\/\"},{\"@type\":\"ListItem\",\"position\":2,\"name\":\"Produits\",\"item\":\"https:\\\/\\\/repliquemangacine.fr\\\/boutique\\\/\"},{\"@type\":\"ListItem\",\"position\":3,\"name\":\"\u00c9p\u00e9e de Jacaerys Velaryon\"}]},{\"@type\":\"WebSite\",\"@id\":\"https:\\\/\\\/repliquemangacine.fr\\\/#website\",\"url\":\"https:\\\/\\\/repliquemangacine.fr\\\/\",\"name\":\"R\u00e9plique Manga Cin\u00e9\",\"description\":\"\",\"publisher\":{\"@id\":\"https:\\\/\\\/repliquemangacine.fr\\\/#organization\"},\"potentialAction\":[{\"@type\":\"SearchAction\",\"target\":{\"@type\":\"EntryPoint\",\"urlTemplate\":\"https:\\\/\\\/repliquemangacine.fr\\\/?s={search_term_string}\"},\"query-input\":{\"@type\":\"PropertyValueSpecification\",\"valueRequired\":true,\"valueName\":\"search_term_string\"}}],\"inLanguage\":\"de\"},{\"@type\":\"Organization\",\"@id\":\"https:\\\/\\\/repliquemangacine.fr\\\/#organization\",\"name\":\"R\u00e9plique Manga Cin\u00e9\",\"url\":\"https:\\\/\\\/repliquemangacine.fr\\\/\",\"logo\":{\"@type\":\"ImageObject\",\"inLanguage\":\"de\",\"@id\":\"https:\\\/\\\/repliquemangacine.fr\\\/#\\\/schema\\\/logo\\\/image\\\/\",\"url\":\"https:\\\/\\\/repliquemangacine.fr\\\/wp-content\\\/uploads\\\/2023\\\/10\\\/RMC-500250.png\",\"contentUrl\":\"https:\\\/\\\/repliquemangacine.fr\\\/wp-content\\\/uploads\\\/2023\\\/10\\\/RMC-500250.png\",\"width\":500,\"height\":250,\"caption\":\"R\u00e9plique Manga Cin\u00e9\"},\"image\":{\"@id\":\"https:\\\/\\\/repliquemangacine.fr\\\/#\\\/schema\\\/logo\\\/image\\\/\"},\"sameAs\":[\"https:\\\/\\\/www.facebook.com\\\/RepliqueMangaCine\",\"https:\\\/\\\/www.instagram.com\\\/repliquemangacine.fr\\\/\"]}]}<\/script>\n<!-- \/ Yoast SEO plugin. -->","yoast_head_json":{"title":"Schwert von Jacaerys Velaryon - R\u00e9plique Manga Cin\u00e9","description":"Schwert von Jacaerys Velaryon House of the Dragon, Klinge aus poliertem Stahl, Bronzebeschl\u00e4ge und Targaryen-Halterung. Ideales Replikat Sammlung.","robots":{"index":"index","follow":"follow","max-snippet":"max-snippet:-1","max-image-preview":"max-image-preview:large","max-video-preview":"max-video-preview:-1"},"canonical":"https:\/\/repliquemangacine.fr\/de\/house-of-the-dragon\/schwert-von-jacaerys-velaryon\/","og_locale":"de_DE","og_type":"article","og_title":"\u00c9p\u00e9e de Jacaerys Velaryon - R\u00e9plique Manga Cin\u00e9","og_description":"\u00c9p\u00e9e de Jacaerys Velaryon House of the Dragon, lame acier poli, finitions bronze et support Targaryen. R\u00e9plique id\u00e9ale collection.","og_url":"https:\/\/repliquemangacine.fr\/de\/house-of-the-dragon\/schwert-von-jacaerys-velaryon\/","og_site_name":"R\u00e9plique Manga Cin\u00e9","article_publisher":"https:\/\/www.facebook.com\/RepliqueMangaCine","article_modified_time":"2026-02-05T10:48:57+00:00","og_image":[{"width":800,"height":800,"url":"https:\/\/repliquemangacine.fr\/wp-content\/uploads\/2026\/01\/Epee-de-Jacaerys-Velaryon-avec-support.jpg","type":"image\/jpeg"}],"twitter_card":"summary_large_image","twitter_misc":{"Gesch\u00e4tzte Lesezeit":"3\u00a0Minuten"},"schema":{"@context":"https:\/\/schema.org","@graph":[{"@type":"WebPage","@id":"https:\/\/repliquemangacine.fr\/house-of-the-dragon\/epee-de-jacaerys-velaryon\/","url":"https:\/\/repliquemangacine.fr\/house-of-the-dragon\/epee-de-jacaerys-velaryon\/","name":"Schwert von Jacaerys Velaryon - R\u00e9plique Manga Cin\u00e9","isPartOf":{"@id":"https:\/\/repliquemangacine.fr\/#website"},"primaryImageOfPage":{"@id":"https:\/\/repliquemangacine.fr\/house-of-the-dragon\/epee-de-jacaerys-velaryon\/#primaryimage"},"image":{"@id":"https:\/\/repliquemangacine.fr\/house-of-the-dragon\/epee-de-jacaerys-velaryon\/#primaryimage"},"thumbnailUrl":"https:\/\/repliquemangacine.fr\/wp-content\/uploads\/2026\/01\/Epee-de-Jacaerys-Velaryon-avec-support.jpg","datePublished":"2026-01-12T15:46:15+00:00","dateModified":"2026-02-05T10:48:57+00:00","description":"Schwert von Jacaerys Velaryon House of the Dragon, Klinge aus poliertem Stahl, Bronzebeschl\u00e4ge und Targaryen-Halterung. Ideales Replikat Sammlung.","breadcrumb":{"@id":"https:\/\/repliquemangacine.fr\/house-of-the-dragon\/epee-de-jacaerys-velaryon\/#breadcrumb"},"inLanguage":"de","potentialAction":[{"@type":"ReadAction","target":["https:\/\/repliquemangacine.fr\/house-of-the-dragon\/epee-de-jacaerys-velaryon\/"]}]},{"@type":"ImageObject","inLanguage":"de","@id":"https:\/\/repliquemangacine.fr\/house-of-the-dragon\/epee-de-jacaerys-velaryon\/#primaryimage","url":"https:\/\/repliquemangacine.fr\/wp-content\/uploads\/2026\/01\/Epee-de-Jacaerys-Velaryon-avec-support.jpg","contentUrl":"https:\/\/repliquemangacine.fr\/wp-content\/uploads\/2026\/01\/Epee-de-Jacaerys-Velaryon-avec-support.jpg","width":800,"height":800,"caption":"\u00c9p\u00e9e de Jacaerys Velaryon"},{"@type":"BreadcrumbList","@id":"https:\/\/repliquemangacine.fr\/house-of-the-dragon\/epee-de-jacaerys-velaryon\/#breadcrumb","itemListElement":[{"@type":"ListItem","position":1,"name":"Accueil","item":"https:\/\/repliquemangacine.fr\/"},{"@type":"ListItem","position":2,"name":"Produits","item":"https:\/\/repliquemangacine.fr\/boutique\/"},{"@type":"ListItem","position":3,"name":"\u00c9p\u00e9e de Jacaerys Velaryon"}]},{"@type":"WebSite","@id":"https:\/\/repliquemangacine.fr\/#website","url":"https:\/\/repliquemangacine.fr\/","name":"R\u00e9plique Manga Cin\u00e9","description":"","publisher":{"@id":"https:\/\/repliquemangacine.fr\/#organization"},"potentialAction":[{"@type":"SearchAction","target":{"@type":"EntryPoint","urlTemplate":"https:\/\/repliquemangacine.fr\/?s={search_term_string}"},"query-input":{"@type":"PropertyValueSpecification","valueRequired":true,"valueName":"search_term_string"}}],"inLanguage":"de"},{"@type":"Organization","@id":"https:\/\/repliquemangacine.fr\/#organization","name":"R\u00e9plique Manga Cin\u00e9","url":"https:\/\/repliquemangacine.fr\/","logo":{"@type":"ImageObject","inLanguage":"de","@id":"https:\/\/repliquemangacine.fr\/#\/schema\/logo\/image\/","url":"https:\/\/repliquemangacine.fr\/wp-content\/uploads\/2023\/10\/RMC-500250.png","contentUrl":"https:\/\/repliquemangacine.fr\/wp-content\/uploads\/2023\/10\/RMC-500250.png","width":500,"height":250,"caption":"R\u00e9plique Manga Cin\u00e9"},"image":{"@id":"https:\/\/repliquemangacine.fr\/#\/schema\/logo\/image\/"},"sameAs":["https:\/\/www.facebook.com\/RepliqueMangaCine","https:\/\/www.instagram.com\/repliquemangacine.fr\/"]}]}},"_links":{"self":[{"href":"https:\/\/repliquemangacine.fr\/de\/wp-json\/wp\/v2\/product\/94077","targetHints":{"allow":["GET"]}}],"collection":[{"href":"https:\/\/repliquemangacine.fr\/de\/wp-json\/wp\/v2\/product"}],"about":[{"href":"https:\/\/repliquemangacine.fr\/de\/wp-json\/wp\/v2\/types\/product"}],"wp:featuredmedia":[{"embeddable":true,"href":"https:\/\/repliquemangacine.fr\/de\/wp-json\/wp\/v2\/media\/94078"}],"wp:attachment":[{"href":"https:\/\/repliquemangacine.fr\/de\/wp-json\/wp\/v2\/media?parent=94077"}],"wp:term":[{"taxonomy":"product_brand","embeddable":true,"href":"https:\/\/repliquemangacine.fr\/de\/wp-json\/wp\/v2\/product_brand?post=94077"},{"taxonomy":"product_cat","embeddable":true,"href":"https:\/\/repliquemangacine.fr\/de\/wp-json\/wp\/v2\/product_cat?post=94077"},{"taxonomy":"product_tag","embeddable":true,"href":"https:\/\/repliquemangacine.fr\/de\/wp-json\/wp\/v2\/product_tag?post=94077"}],"curies":[{"name":"wp","href":"https:\/\/api.w.org\/{rel}","templated":true}]}}