





{"id":92165,"date":"2025-12-05T11:23:50","date_gmt":"2025-12-05T10:23:50","guid":{"rendered":"https:\/\/repliquemangacine.fr\/?post_type=product&#038;p=92165"},"modified":"2026-03-04T22:18:45","modified_gmt":"2026-03-04T21:18:45","slug":"gewehr-m16-vietnamkrieg-1967","status":"publish","type":"product","link":"https:\/\/repliquemangacine.fr\/de\/fusil-d-assaut-fusil-moderne\/fusil-m16-guerre-du-viet-nam-1967\/","title":{"rendered":"M16-Gewehr Vietnamkrieg 1967"},"content":{"rendered":"<h2>Das legend\u00e4re Gewehr M16 A1 von 1967: eine unverzichtbare historische Replik<\/h2>\n<p>Mit diesem <strong>M16-Gewehr<\/strong> von 1967 unterzeichnet <a href=\"https:\/\/www.denix.fr\/fr\/catalogue\/armes-modernes-1945-1982\/carabines-carabines-et-fusils\/9133\/\" target=\"_blank\" rel=\"noopener noreferrer\">Denix<\/a>, versetzt uns direkt zur\u00fcck in den Vietnamkrieg. Diese Nachbildung aus Zamak-Metall und geformtem ABS bietet einen verbl\u00fcffenden Realismus. Dies insbesondere dank ihres abnehmbaren Magazins, ihrer Ladesimulation und ihres Scheinschussmechanismus. Der Stoffriemen verleiht ihr einen authentischen letzten Schliff, perfekt, um sie stolz auszustellen oder ein originalgetreues Milit\u00e4r-Cosplay zu vervollst\u00e4ndigen. Dar\u00fcber hinaus erinnern sein ausgewogenes Gewicht und seine mattschwarze Oberfl\u00e4che sofort an die ikonische Waffe der GIs. Damit ist dieses St\u00fcck die ideale Wahl f\u00fcr Geschichtsinteressierte, anspruchsvolle Sammler oder Liebhaber von Nachstellungen. Diese Nachbildung des M16A1 verk\u00f6rpert somit auf wunderbare Weise die visuelle Kraft und die legend\u00e4re Ausstrahlung einer Waffe, die ihre Zeit gepr\u00e4gt hat.<\/p>\n<h2>M16-Gewehr: Eine milit\u00e4rische Ikone, die zum Symbol einer Generation wurde<\/h2>\n<p>Das M16A1 ist weit mehr als nur ein Gewehr: Es ist das technologische und kulturelle Symbol eines entscheidenden Konflikts. Seit 1967 wird es massiv von der amerikanischen Armee eingesetzt und hat dank seines geringen Gewichts, seiner Feuerrate und seines f\u00fcr die damalige Zeit futuristischen Designs die Konstruktion von Sturmgewehren revolutioniert. In Filmen, Serien oder Videospielen symbolisiert es die Spannung in den Dschungeln Vietnams und die Modernisierung der modernen Waffen. Diese Nachbildung von Denix vermittelt die historische Bedeutung dieser mittlerweile legend\u00e4ren Waffe. Ihr unverwechselbares Aussehen erinnert an unz\u00e4hlige ikonische Szenen und macht sie sofort erkennbar. F\u00fcr einen Sammler bedeutet der Besitz des M16A1, ein echtes St\u00fcck Geschichte in den H\u00e4nden zu halten. Ein materielles Fragment der milit\u00e4rischen Entwicklung des 20. Jahrhunderts.<\/p>\n<h2>R\u00e9plique Manga Cin\u00e9: Die Referenz f\u00fcr historische Waffen aus dem Zweiten Weltkrieg<\/h2>\n<p>F\u00fcr Liebhaber der Milit\u00e4rgeschichte bietet R\u00e9plique Manga Cin\u00e9 auch eine gro\u00dfe Auswahl an symboltr\u00e4chtigen Nachbildungen aus dem Zweiten Weltkrieg und der Landung in der Normandie. So ist beispielsweise die <a href=\"https:\/\/repliquemangacine.fr\/de\/denix\/replika-maschinengewehr-mg34-mit-stativen-denix\/\">MG-34 Maschinengewehr<\/a>, eine echte Ikone des deutschen Arsenals, beeindruckt durch seinen Realismus und seine robuste Verarbeitung. Ebenso <a href=\"https:\/\/repliquemangacine.fr\/de\/denix\/maschinengewehr-mp40-sub-machin-gun\/\">Maschinenpistole MP40<\/a>, die unverzichtbare Waffe der Fallschirmj\u00e4ger und motorisierten Einheiten, erg\u00e4nzt eine dieser Epoche gewidmete Sammlung perfekt. Dar\u00fcber hinaus ist die Nachbildung des <a href=\"https:\/\/repliquemangacine.fr\/de\/waffenreproduktionen-zweiter-weltkrieg-denix\/gewehr-m1-garand\/\">Garand M1-Gewehr<\/a>, das erste halbautomatische Gewehr, das von den amerikanischen Streitkr\u00e4ften eingef\u00fchrt wurde, bleibt ein Muss f\u00fcr Fans von Nachstellungen. Schlie\u00dflich ist das <a href=\"https:\/\/repliquemangacine.fr\/de\/waffenreproduktionen-zweiter-weltkrieg-denix\/automatische-pistole-m1911a1-patiniert-und-gealtert\/\">Automatikpistole M1911A1<\/a> Die patinierte und gealterte Oberfl\u00e4che verleiht dem Produkt einen authentischen Touch und erinnert an die Waffen, die von amerikanischen Soldaten getragen wurden. Dank dieser detailreichen St\u00fccke bleibt deine Sammlung voller geschichtstr\u00e4chtiger Repliken.<\/p>","protected":false},"excerpt":{"rendered":"<p>Erleben Sie die Intensit\u00e4t Vietnams noch einmal mit dieser Nachbildung des Sturmgewehrs M16 A1 von Denix, der legend\u00e4ren Waffe der G.I.s, die Sie nun endlich in Ihren H\u00e4nden halten k\u00f6nnen.<\/p>\n<ul>\n<li>Alles aus Metall und geformtem ABS (Kolben und Schaft).<\/li>\n<li>Metallteile aus Zamak.<\/li>\n<li>Abnehmbares Ladeger\u00e4t.<\/li>\n<li>Last- und Schusssimulation  (Wappnet sich und schl\u00e4gt zu).<\/li>\n<li>Ungeeignet zum Schie\u00dfen.<\/li>\n<li>Lieferung mit Stoffgurt<\/li>\n<li>Unterliegt keiner Genehmigungspflicht. Verkauf und Besitz frei<\/li>\n<li>Gesamtl\u00e4nge: 98 cm \u2013 Gewicht: 3608 g<\/li>\n<\/ul>","protected":false},"featured_media":92169,"template":"","meta":[],"product_brand":[],"product_cat":[25,46,107,28,76],"product_tag":[],"class_list":{"0":"post-92165","1":"product","2":"type-product","3":"status-publish","4":"has-post-thumbnail","6":"product_cat-armes-historiques","7":"product_cat-fusil-d-assaut-fusil-moderne","8":"product_cat-nouveautes","9":"product_cat-repliques-darmes","10":"product_cat-reproductions-armes-seconde-guerre-mondiale-denix","12":"first","13":"instock","14":"taxable","15":"shipping-taxable","16":"purchasable","17":"product-type-simple"},"yoast_head":"<!-- This site is optimized with the Yoast SEO plugin v27.5 - https:\/\/yoast.com\/product\/yoast-seo-wordpress\/ -->\n<title>Fusil M16 Guerre du Vi\u00eat-nam 1967 - R\u00e9plique Manga Cin\u00e9<\/title>\n<meta name=\"description\" content=\"Fusil M16 Guerre du Vi\u00eat-nam Denix : m\u00e9tal r\u00e9aliste, chargeur amovible, simulation de tirs. R\u00e9plique historique id\u00e9ale collection, d\u00e9co ou reconstitution.\" \/>\n<meta name=\"robots\" content=\"index, follow, max-snippet:-1, max-image-preview:large, max-video-preview:-1\" \/>\n<link rel=\"canonical\" href=\"https:\/\/repliquemangacine.fr\/de\/sturmgewehr-modernes-gewehr\/gewehr-m16-vietnamkrieg-1967\/\" \/>\n<meta property=\"og:locale\" content=\"de_DE\" \/>\n<meta property=\"og:type\" content=\"article\" \/>\n<meta property=\"og:title\" content=\"Fusil M16 Guerre du Vi\u00eat-nam 1967 - R\u00e9plique Manga Cin\u00e9\" \/>\n<meta property=\"og:description\" content=\"Fusil M16 Guerre du Vi\u00eat-nam Denix : m\u00e9tal r\u00e9aliste, chargeur amovible, simulation de tirs. R\u00e9plique historique id\u00e9ale collection, d\u00e9co ou reconstitution.\" \/>\n<meta property=\"og:url\" content=\"https:\/\/repliquemangacine.fr\/de\/sturmgewehr-modernes-gewehr\/gewehr-m16-vietnamkrieg-1967\/\" \/>\n<meta property=\"og:site_name\" content=\"R\u00e9plique Manga Cin\u00e9\" \/>\n<meta property=\"article:publisher\" content=\"https:\/\/www.facebook.com\/RepliqueMangaCine\" \/>\n<meta property=\"article:modified_time\" content=\"2026-03-04T21:18:45+00:00\" \/>\n<meta property=\"og:image\" content=\"https:\/\/repliquemangacine.fr\/wp-content\/uploads\/2025\/12\/Fusil-M16A1-Guerre-Vietnam.jpg\" \/>\n\t<meta property=\"og:image:width\" content=\"700\" \/>\n\t<meta property=\"og:image:height\" content=\"700\" \/>\n\t<meta property=\"og:image:type\" content=\"image\/jpeg\" \/>\n<meta name=\"twitter:card\" content=\"summary_large_image\" \/>\n<meta name=\"twitter:label1\" content=\"Gesch\u00e4tzte Lesezeit\" \/>\n\t<meta name=\"twitter:data1\" content=\"3\u00a0Minuten\" \/>\n<script type=\"application\/ld+json\" class=\"yoast-schema-graph\">{\"@context\":\"https:\\\/\\\/schema.org\",\"@graph\":[{\"@type\":\"WebPage\",\"@id\":\"https:\\\/\\\/repliquemangacine.fr\\\/fusil-d-assaut-fusil-moderne\\\/fusil-m16-guerre-du-viet-nam-1967\\\/\",\"url\":\"https:\\\/\\\/repliquemangacine.fr\\\/fusil-d-assaut-fusil-moderne\\\/fusil-m16-guerre-du-viet-nam-1967\\\/\",\"name\":\"Fusil M16 Guerre du Vi\u00eat-nam 1967 - R\u00e9plique Manga Cin\u00e9\",\"isPartOf\":{\"@id\":\"https:\\\/\\\/repliquemangacine.fr\\\/#website\"},\"primaryImageOfPage\":{\"@id\":\"https:\\\/\\\/repliquemangacine.fr\\\/fusil-d-assaut-fusil-moderne\\\/fusil-m16-guerre-du-viet-nam-1967\\\/#primaryimage\"},\"image\":{\"@id\":\"https:\\\/\\\/repliquemangacine.fr\\\/fusil-d-assaut-fusil-moderne\\\/fusil-m16-guerre-du-viet-nam-1967\\\/#primaryimage\"},\"thumbnailUrl\":\"https:\\\/\\\/repliquemangacine.fr\\\/wp-content\\\/uploads\\\/2025\\\/12\\\/Fusil-M16A1-Guerre-Vietnam.jpg\",\"datePublished\":\"2025-12-05T10:23:50+00:00\",\"dateModified\":\"2026-03-04T21:18:45+00:00\",\"description\":\"Fusil M16 Guerre du Vi\u00eat-nam Denix : m\u00e9tal r\u00e9aliste, chargeur amovible, simulation de tirs. R\u00e9plique historique id\u00e9ale collection, d\u00e9co ou reconstitution.\",\"breadcrumb\":{\"@id\":\"https:\\\/\\\/repliquemangacine.fr\\\/fusil-d-assaut-fusil-moderne\\\/fusil-m16-guerre-du-viet-nam-1967\\\/#breadcrumb\"},\"inLanguage\":\"de\",\"potentialAction\":[{\"@type\":\"ReadAction\",\"target\":[\"https:\\\/\\\/repliquemangacine.fr\\\/fusil-d-assaut-fusil-moderne\\\/fusil-m16-guerre-du-viet-nam-1967\\\/\"]}]},{\"@type\":\"ImageObject\",\"inLanguage\":\"de\",\"@id\":\"https:\\\/\\\/repliquemangacine.fr\\\/fusil-d-assaut-fusil-moderne\\\/fusil-m16-guerre-du-viet-nam-1967\\\/#primaryimage\",\"url\":\"https:\\\/\\\/repliquemangacine.fr\\\/wp-content\\\/uploads\\\/2025\\\/12\\\/Fusil-M16A1-Guerre-Vietnam.jpg\",\"contentUrl\":\"https:\\\/\\\/repliquemangacine.fr\\\/wp-content\\\/uploads\\\/2025\\\/12\\\/Fusil-M16A1-Guerre-Vietnam.jpg\",\"width\":700,\"height\":700,\"caption\":\"Fusil M16 Guerre du Vi\u00eat-nam 1967\"},{\"@type\":\"BreadcrumbList\",\"@id\":\"https:\\\/\\\/repliquemangacine.fr\\\/fusil-d-assaut-fusil-moderne\\\/fusil-m16-guerre-du-viet-nam-1967\\\/#breadcrumb\",\"itemListElement\":[{\"@type\":\"ListItem\",\"position\":1,\"name\":\"Accueil\",\"item\":\"https:\\\/\\\/repliquemangacine.fr\\\/\"},{\"@type\":\"ListItem\",\"position\":2,\"name\":\"Produits\",\"item\":\"https:\\\/\\\/repliquemangacine.fr\\\/boutique\\\/\"},{\"@type\":\"ListItem\",\"position\":3,\"name\":\"Fusil M16 Guerre du Vi\u00eat-nam 1967\"}]},{\"@type\":\"WebSite\",\"@id\":\"https:\\\/\\\/repliquemangacine.fr\\\/#website\",\"url\":\"https:\\\/\\\/repliquemangacine.fr\\\/\",\"name\":\"R\u00e9plique Manga Cin\u00e9\",\"description\":\"\",\"publisher\":{\"@id\":\"https:\\\/\\\/repliquemangacine.fr\\\/#organization\"},\"potentialAction\":[{\"@type\":\"SearchAction\",\"target\":{\"@type\":\"EntryPoint\",\"urlTemplate\":\"https:\\\/\\\/repliquemangacine.fr\\\/?s={search_term_string}\"},\"query-input\":{\"@type\":\"PropertyValueSpecification\",\"valueRequired\":true,\"valueName\":\"search_term_string\"}}],\"inLanguage\":\"de\"},{\"@type\":\"Organization\",\"@id\":\"https:\\\/\\\/repliquemangacine.fr\\\/#organization\",\"name\":\"R\u00e9plique Manga Cin\u00e9\",\"url\":\"https:\\\/\\\/repliquemangacine.fr\\\/\",\"logo\":{\"@type\":\"ImageObject\",\"inLanguage\":\"de\",\"@id\":\"https:\\\/\\\/repliquemangacine.fr\\\/#\\\/schema\\\/logo\\\/image\\\/\",\"url\":\"https:\\\/\\\/repliquemangacine.fr\\\/wp-content\\\/uploads\\\/2023\\\/10\\\/RMC-500250.png\",\"contentUrl\":\"https:\\\/\\\/repliquemangacine.fr\\\/wp-content\\\/uploads\\\/2023\\\/10\\\/RMC-500250.png\",\"width\":500,\"height\":250,\"caption\":\"R\u00e9plique Manga Cin\u00e9\"},\"image\":{\"@id\":\"https:\\\/\\\/repliquemangacine.fr\\\/#\\\/schema\\\/logo\\\/image\\\/\"},\"sameAs\":[\"https:\\\/\\\/www.facebook.com\\\/RepliqueMangaCine\",\"https:\\\/\\\/www.instagram.com\\\/repliquemangacine.fr\\\/\"]}]}<\/script>\n<!-- \/ Yoast SEO plugin. -->","yoast_head_json":{"title":"Gewehr M16 Vietnamkrieg 1967 \u2013 R\u00e9plique Manga Cin\u00e9","description":"M16-Gewehr Vietnamkrieg Denix: realistisches Metall, abnehmbares Magazin, Schusssimulation. Historische Replik, ideal f\u00fcr Sammler, Dekoration oder Nachstellungen.","robots":{"index":"index","follow":"follow","max-snippet":"max-snippet:-1","max-image-preview":"max-image-preview:large","max-video-preview":"max-video-preview:-1"},"canonical":"https:\/\/repliquemangacine.fr\/de\/sturmgewehr-modernes-gewehr\/gewehr-m16-vietnamkrieg-1967\/","og_locale":"de_DE","og_type":"article","og_title":"Fusil M16 Guerre du Vi\u00eat-nam 1967 - R\u00e9plique Manga Cin\u00e9","og_description":"Fusil M16 Guerre du Vi\u00eat-nam Denix : m\u00e9tal r\u00e9aliste, chargeur amovible, simulation de tirs. R\u00e9plique historique id\u00e9ale collection, d\u00e9co ou reconstitution.","og_url":"https:\/\/repliquemangacine.fr\/de\/sturmgewehr-modernes-gewehr\/gewehr-m16-vietnamkrieg-1967\/","og_site_name":"R\u00e9plique Manga Cin\u00e9","article_publisher":"https:\/\/www.facebook.com\/RepliqueMangaCine","article_modified_time":"2026-03-04T21:18:45+00:00","og_image":[{"width":700,"height":700,"url":"https:\/\/repliquemangacine.fr\/wp-content\/uploads\/2025\/12\/Fusil-M16A1-Guerre-Vietnam.jpg","type":"image\/jpeg"}],"twitter_card":"summary_large_image","twitter_misc":{"Gesch\u00e4tzte Lesezeit":"3\u00a0Minuten"},"schema":{"@context":"https:\/\/schema.org","@graph":[{"@type":"WebPage","@id":"https:\/\/repliquemangacine.fr\/fusil-d-assaut-fusil-moderne\/fusil-m16-guerre-du-viet-nam-1967\/","url":"https:\/\/repliquemangacine.fr\/fusil-d-assaut-fusil-moderne\/fusil-m16-guerre-du-viet-nam-1967\/","name":"Gewehr M16 Vietnamkrieg 1967 \u2013 R\u00e9plique Manga Cin\u00e9","isPartOf":{"@id":"https:\/\/repliquemangacine.fr\/#website"},"primaryImageOfPage":{"@id":"https:\/\/repliquemangacine.fr\/fusil-d-assaut-fusil-moderne\/fusil-m16-guerre-du-viet-nam-1967\/#primaryimage"},"image":{"@id":"https:\/\/repliquemangacine.fr\/fusil-d-assaut-fusil-moderne\/fusil-m16-guerre-du-viet-nam-1967\/#primaryimage"},"thumbnailUrl":"https:\/\/repliquemangacine.fr\/wp-content\/uploads\/2025\/12\/Fusil-M16A1-Guerre-Vietnam.jpg","datePublished":"2025-12-05T10:23:50+00:00","dateModified":"2026-03-04T21:18:45+00:00","description":"M16-Gewehr Vietnamkrieg Denix: realistisches Metall, abnehmbares Magazin, Schusssimulation. Historische Replik, ideal f\u00fcr Sammler, Dekoration oder Nachstellungen.","breadcrumb":{"@id":"https:\/\/repliquemangacine.fr\/fusil-d-assaut-fusil-moderne\/fusil-m16-guerre-du-viet-nam-1967\/#breadcrumb"},"inLanguage":"de","potentialAction":[{"@type":"ReadAction","target":["https:\/\/repliquemangacine.fr\/fusil-d-assaut-fusil-moderne\/fusil-m16-guerre-du-viet-nam-1967\/"]}]},{"@type":"ImageObject","inLanguage":"de","@id":"https:\/\/repliquemangacine.fr\/fusil-d-assaut-fusil-moderne\/fusil-m16-guerre-du-viet-nam-1967\/#primaryimage","url":"https:\/\/repliquemangacine.fr\/wp-content\/uploads\/2025\/12\/Fusil-M16A1-Guerre-Vietnam.jpg","contentUrl":"https:\/\/repliquemangacine.fr\/wp-content\/uploads\/2025\/12\/Fusil-M16A1-Guerre-Vietnam.jpg","width":700,"height":700,"caption":"Fusil M16 Guerre du Vi\u00eat-nam 1967"},{"@type":"BreadcrumbList","@id":"https:\/\/repliquemangacine.fr\/fusil-d-assaut-fusil-moderne\/fusil-m16-guerre-du-viet-nam-1967\/#breadcrumb","itemListElement":[{"@type":"ListItem","position":1,"name":"Accueil","item":"https:\/\/repliquemangacine.fr\/"},{"@type":"ListItem","position":2,"name":"Produits","item":"https:\/\/repliquemangacine.fr\/boutique\/"},{"@type":"ListItem","position":3,"name":"Fusil M16 Guerre du Vi\u00eat-nam 1967"}]},{"@type":"WebSite","@id":"https:\/\/repliquemangacine.fr\/#website","url":"https:\/\/repliquemangacine.fr\/","name":"R\u00e9plique Manga Cin\u00e9","description":"","publisher":{"@id":"https:\/\/repliquemangacine.fr\/#organization"},"potentialAction":[{"@type":"SearchAction","target":{"@type":"EntryPoint","urlTemplate":"https:\/\/repliquemangacine.fr\/?s={search_term_string}"},"query-input":{"@type":"PropertyValueSpecification","valueRequired":true,"valueName":"search_term_string"}}],"inLanguage":"de"},{"@type":"Organization","@id":"https:\/\/repliquemangacine.fr\/#organization","name":"R\u00e9plique Manga Cin\u00e9","url":"https:\/\/repliquemangacine.fr\/","logo":{"@type":"ImageObject","inLanguage":"de","@id":"https:\/\/repliquemangacine.fr\/#\/schema\/logo\/image\/","url":"https:\/\/repliquemangacine.fr\/wp-content\/uploads\/2023\/10\/RMC-500250.png","contentUrl":"https:\/\/repliquemangacine.fr\/wp-content\/uploads\/2023\/10\/RMC-500250.png","width":500,"height":250,"caption":"R\u00e9plique Manga Cin\u00e9"},"image":{"@id":"https:\/\/repliquemangacine.fr\/#\/schema\/logo\/image\/"},"sameAs":["https:\/\/www.facebook.com\/RepliqueMangaCine","https:\/\/www.instagram.com\/repliquemangacine.fr\/"]}]}},"_links":{"self":[{"href":"https:\/\/repliquemangacine.fr\/de\/wp-json\/wp\/v2\/product\/92165","targetHints":{"allow":["GET"]}}],"collection":[{"href":"https:\/\/repliquemangacine.fr\/de\/wp-json\/wp\/v2\/product"}],"about":[{"href":"https:\/\/repliquemangacine.fr\/de\/wp-json\/wp\/v2\/types\/product"}],"wp:featuredmedia":[{"embeddable":true,"href":"https:\/\/repliquemangacine.fr\/de\/wp-json\/wp\/v2\/media\/92169"}],"wp:attachment":[{"href":"https:\/\/repliquemangacine.fr\/de\/wp-json\/wp\/v2\/media?parent=92165"}],"wp:term":[{"taxonomy":"product_brand","embeddable":true,"href":"https:\/\/repliquemangacine.fr\/de\/wp-json\/wp\/v2\/product_brand?post=92165"},{"taxonomy":"product_cat","embeddable":true,"href":"https:\/\/repliquemangacine.fr\/de\/wp-json\/wp\/v2\/product_cat?post=92165"},{"taxonomy":"product_tag","embeddable":true,"href":"https:\/\/repliquemangacine.fr\/de\/wp-json\/wp\/v2\/product_tag?post=92165"}],"curies":[{"name":"wp","href":"https:\/\/api.w.org\/{rel}","templated":true}]}}