





{"id":91296,"date":"2025-11-25T11:24:54","date_gmt":"2025-11-25T10:24:54","guid":{"rendered":"https:\/\/repliquemangacine.fr\/?post_type=product&#038;p=91296"},"modified":"2026-03-01T11:38:22","modified_gmt":"2026-03-01T10:38:22","slug":"schwert-dark-sister-messing-house-of-the-dragon","status":"publish","type":"product","link":"https:\/\/repliquemangacine.fr\/de\/house-of-the-dragon\/epee-dark-sister-laiton-house-of-the-dragon\/","title":{"rendered":"Schwert Dark Sister Messing \u2013 House of the Dragon"},"content":{"rendered":"<h2>Schwert Dark Sister Messing: Eine valyrische Klinge<\/h2>\n<p>Zun\u00e4chst einmal ist diese <strong>Schwert Dark Sister Messing<\/strong> ist eine raffinierte Nachbildung, die von der mythischen Waffe der Targaryens inspiriert ist. Die Stahlklinge weist einen geh\u00e4mmerten Effekt auf, der an das alte Handwerk der valyrischen Schmiede erinnert. Der Handschutz und der Knauf bestehen aus einer Mischung aus gealtertem Stahl und Messing und verleihen dem Schwert eine edle, kriegerische \u00c4sthetik. Der mit schwarzem Baumwollfaden umwickelte Metallgriff verbessert den Halt und entspricht gleichzeitig dem imperialen Stil von Westeros. Dar\u00fcber hinaus wird das Schwert mit einer Wandhalterung geliefert, die mit dem Wappen der Targaryen verziert ist. Dank dieser Pr\u00e4sentation wird jedes St\u00fcck zu einer Hommage an die Drachen und das Erbe der Eroberer.<\/p>\n<h2>Die Waffe eines Prinzen mit feurigem Schicksal<\/h2>\n<p>Zun\u00e4chst einmal ist Dark Sister in House of the Dragon eng mit <a href=\"https:\/\/gameofthrones.fandom.com\/fr\/wiki\/Daemon_Targaryen\" target=\"_blank\" rel=\"noopener noreferrer\">Daemon Targaryen<\/a>, rebellischer Prinz und gef\u00fcrchteter Krieger. Daemon, genannt der verw\u00f6hnte Prinz, Onkel von Rhaenyra Targaryen. Gilt als der gef\u00e4hrlichste Mann in Westeros zur Zeit des Tanzes der Drachen. Dieses Schwert begleitet ihn in seinen K\u00e4mpfen und symbolisiert seine Meisterschaft im Zweikampf und seinen Status als prominentes Mitglied der Dynastie. Es steht auch f\u00fcr die Geschichte des Hauses, die seit dem Zeitalter der Drachen von Generation zu Generation weitergegeben wird. Dank dieser Replik k\u00f6nnen Fans die Spannungen, Allianzen und Schlachten, die die Serie pr\u00e4gen, noch einmal erleben. Diese Klinge wird so zu einer Erinnerung an die Macht, das Charisma und den Ehrgeiz von Prinz Daemon.<\/p>\n<h2>Eine Targaryen-Kollektion auf R\u00e9plique Manga Cin\u00e9<\/h2>\n<p>Diese prestigetr\u00e4chtige Waffe erg\u00e4nzt eine au\u00dfergew\u00f6hnliche Auswahl, die der Welt von House of the Dragon auf R\u00e9plique Manga Cin\u00e9 gewidmet ist. Zu den unverzichtbaren St\u00fccken geh\u00f6rt die wundersch\u00f6ne Replik der\u2019<a href=\"https:\/\/repliquemangacine.fr\/de\/house-of-the-dragon\/schwert-von-rhaenyra-house-of-the-dragon\/\">Rhaenyras Schwert<\/a> verk\u00f6rpert die zuk\u00fcnftige K\u00f6nigin und ihren Aufstieg. Wir bieten auch die\u2019<a href=\"https:\/\/repliquemangacine.fr\/de\/house-of-the-dragon\/feunoyr-epee-viserys-targaryen\/\">Schwert von Viserys<\/a> mit ihrer Scheide, die die k\u00f6nigliche Eleganz originalgetreu widerspiegelt. Und schlie\u00dflich die ber\u00fchmte <a href=\"https:\/\/repliquemangacine.fr\/de\/house-of-the-dragon\/replica-dolch-catspaw-game-of-thrones\/\">Katzenpfote<\/a>, Der Dolch aus valyrischem Stahl, der auch in Game of Thrones zu sehen ist, vervollst\u00e4ndigt diese legend\u00e4re Kollektion. Mit diesen vielf\u00e4ltigen Repliken kann sich jeder Fan ein Arsenal zusammenstellen, das den Erben Valyrias w\u00fcrdig ist.<\/p>","protected":false},"excerpt":{"rendered":"<p>Schwinge Dark Sister, die legend\u00e4re Klinge der Targaryens, und bringe die Macht von Valyria in deine Sammlung.<\/p>\n<ul>\n<li>Stahlklinge mit geh\u00e4mmerter Optik<\/li>\n<li>Griff und Knauf aus massivem Stahl in Messingfarbe<\/li>\n<li>Stahlgriff mit schwarzem Baumwollfaden umwickelt f\u00fcr guten Halt in der Hand.<\/li>\n<li>Lieferung mit Pr\u00e4sentationsst\u00e4nder mit Emblem des Hauses Targaryen<\/li>\n<li>Klingenl\u00e4nge: 89 cm \u2013 Gesamtl\u00e4nge: 119 cm<\/li>\n<li>Gewicht: 1230 g<\/li>\n<\/ul>","protected":false},"featured_media":91297,"template":"","meta":[],"product_brand":[],"product_cat":[72,105],"product_tag":[],"class_list":{"0":"post-91296","1":"product","2":"type-product","3":"status-publish","4":"has-post-thumbnail","6":"product_cat-epees-game-of-thrones","7":"product_cat-house-of-the-dragon","9":"first","10":"instock","11":"taxable","12":"shipping-taxable","13":"purchasable","14":"product-type-simple"},"yoast_head":"<!-- This site is optimized with the Yoast SEO plugin v27.4 - https:\/\/yoast.com\/product\/yoast-seo-wordpress\/ -->\n<title>\u00c9p\u00e9e Dark Sister Laiton - House of the Dragon - R\u00e9plique Manga Cin\u00e9<\/title>\n<meta name=\"description\" content=\"\u00c9p\u00e9e Dark Sister Laiton House of the Dragon, lame acier martel\u00e9, garde laiton, support Targaryen. R\u00e9plique premium id\u00e9ale collection et exposition.\" \/>\n<meta name=\"robots\" content=\"index, follow, max-snippet:-1, max-image-preview:large, max-video-preview:-1\" \/>\n<link rel=\"canonical\" href=\"https:\/\/repliquemangacine.fr\/de\/house-of-the-dragon\/schwert-dark-sister-messing-house-of-the-dragon\/\" \/>\n<meta property=\"og:locale\" content=\"de_DE\" \/>\n<meta property=\"og:type\" content=\"article\" \/>\n<meta property=\"og:title\" content=\"\u00c9p\u00e9e Dark Sister Laiton - House of the Dragon - R\u00e9plique Manga Cin\u00e9\" \/>\n<meta property=\"og:description\" content=\"\u00c9p\u00e9e Dark Sister Laiton House of the Dragon, lame acier martel\u00e9, garde laiton, support Targaryen. R\u00e9plique premium id\u00e9ale collection et exposition.\" \/>\n<meta property=\"og:url\" content=\"https:\/\/repliquemangacine.fr\/de\/house-of-the-dragon\/schwert-dark-sister-messing-house-of-the-dragon\/\" \/>\n<meta property=\"og:site_name\" content=\"R\u00e9plique Manga Cin\u00e9\" \/>\n<meta property=\"article:publisher\" content=\"https:\/\/www.facebook.com\/RepliqueMangaCine\" \/>\n<meta property=\"article:modified_time\" content=\"2026-03-01T10:38:22+00:00\" \/>\n<meta property=\"og:image\" content=\"https:\/\/repliquemangacine.fr\/wp-content\/uploads\/2025\/11\/Epee-Dark-Sister-laiton.jpg\" \/>\n\t<meta property=\"og:image:width\" content=\"700\" \/>\n\t<meta property=\"og:image:height\" content=\"700\" \/>\n\t<meta property=\"og:image:type\" content=\"image\/jpeg\" \/>\n<meta name=\"twitter:card\" content=\"summary_large_image\" \/>\n<meta name=\"twitter:label1\" content=\"Gesch\u00e4tzte Lesezeit\" \/>\n\t<meta name=\"twitter:data1\" content=\"2\u00a0Minuten\" \/>\n<script type=\"application\/ld+json\" class=\"yoast-schema-graph\">{\"@context\":\"https:\\\/\\\/schema.org\",\"@graph\":[{\"@type\":\"WebPage\",\"@id\":\"https:\\\/\\\/repliquemangacine.fr\\\/house-of-the-dragon\\\/epee-dark-sister-laiton-house-of-the-dragon\\\/\",\"url\":\"https:\\\/\\\/repliquemangacine.fr\\\/house-of-the-dragon\\\/epee-dark-sister-laiton-house-of-the-dragon\\\/\",\"name\":\"\u00c9p\u00e9e Dark Sister Laiton - House of the Dragon - R\u00e9plique Manga Cin\u00e9\",\"isPartOf\":{\"@id\":\"https:\\\/\\\/repliquemangacine.fr\\\/#website\"},\"primaryImageOfPage\":{\"@id\":\"https:\\\/\\\/repliquemangacine.fr\\\/house-of-the-dragon\\\/epee-dark-sister-laiton-house-of-the-dragon\\\/#primaryimage\"},\"image\":{\"@id\":\"https:\\\/\\\/repliquemangacine.fr\\\/house-of-the-dragon\\\/epee-dark-sister-laiton-house-of-the-dragon\\\/#primaryimage\"},\"thumbnailUrl\":\"https:\\\/\\\/repliquemangacine.fr\\\/wp-content\\\/uploads\\\/2025\\\/11\\\/Epee-Dark-Sister-laiton.jpg\",\"datePublished\":\"2025-11-25T10:24:54+00:00\",\"dateModified\":\"2026-03-01T10:38:22+00:00\",\"description\":\"\u00c9p\u00e9e Dark Sister Laiton House of the Dragon, lame acier martel\u00e9, garde laiton, support Targaryen. R\u00e9plique premium id\u00e9ale collection et exposition.\",\"breadcrumb\":{\"@id\":\"https:\\\/\\\/repliquemangacine.fr\\\/house-of-the-dragon\\\/epee-dark-sister-laiton-house-of-the-dragon\\\/#breadcrumb\"},\"inLanguage\":\"de\",\"potentialAction\":[{\"@type\":\"ReadAction\",\"target\":[\"https:\\\/\\\/repliquemangacine.fr\\\/house-of-the-dragon\\\/epee-dark-sister-laiton-house-of-the-dragon\\\/\"]}]},{\"@type\":\"ImageObject\",\"inLanguage\":\"de\",\"@id\":\"https:\\\/\\\/repliquemangacine.fr\\\/house-of-the-dragon\\\/epee-dark-sister-laiton-house-of-the-dragon\\\/#primaryimage\",\"url\":\"https:\\\/\\\/repliquemangacine.fr\\\/wp-content\\\/uploads\\\/2025\\\/11\\\/Epee-Dark-Sister-laiton.jpg\",\"contentUrl\":\"https:\\\/\\\/repliquemangacine.fr\\\/wp-content\\\/uploads\\\/2025\\\/11\\\/Epee-Dark-Sister-laiton.jpg\",\"width\":700,\"height\":700,\"caption\":\"Ep\u00e9e Dark Sister Laiton dans House of the Dragon\"},{\"@type\":\"BreadcrumbList\",\"@id\":\"https:\\\/\\\/repliquemangacine.fr\\\/house-of-the-dragon\\\/epee-dark-sister-laiton-house-of-the-dragon\\\/#breadcrumb\",\"itemListElement\":[{\"@type\":\"ListItem\",\"position\":1,\"name\":\"Accueil\",\"item\":\"https:\\\/\\\/repliquemangacine.fr\\\/\"},{\"@type\":\"ListItem\",\"position\":2,\"name\":\"Produits\",\"item\":\"https:\\\/\\\/repliquemangacine.fr\\\/boutique\\\/\"},{\"@type\":\"ListItem\",\"position\":3,\"name\":\"\u00c9p\u00e9e Dark Sister Laiton &#8211; House of the Dragon\"}]},{\"@type\":\"WebSite\",\"@id\":\"https:\\\/\\\/repliquemangacine.fr\\\/#website\",\"url\":\"https:\\\/\\\/repliquemangacine.fr\\\/\",\"name\":\"R\u00e9plique Manga Cin\u00e9\",\"description\":\"\",\"publisher\":{\"@id\":\"https:\\\/\\\/repliquemangacine.fr\\\/#organization\"},\"potentialAction\":[{\"@type\":\"SearchAction\",\"target\":{\"@type\":\"EntryPoint\",\"urlTemplate\":\"https:\\\/\\\/repliquemangacine.fr\\\/?s={search_term_string}\"},\"query-input\":{\"@type\":\"PropertyValueSpecification\",\"valueRequired\":true,\"valueName\":\"search_term_string\"}}],\"inLanguage\":\"de\"},{\"@type\":\"Organization\",\"@id\":\"https:\\\/\\\/repliquemangacine.fr\\\/#organization\",\"name\":\"R\u00e9plique Manga Cin\u00e9\",\"url\":\"https:\\\/\\\/repliquemangacine.fr\\\/\",\"logo\":{\"@type\":\"ImageObject\",\"inLanguage\":\"de\",\"@id\":\"https:\\\/\\\/repliquemangacine.fr\\\/#\\\/schema\\\/logo\\\/image\\\/\",\"url\":\"https:\\\/\\\/repliquemangacine.fr\\\/wp-content\\\/uploads\\\/2023\\\/10\\\/RMC-500250.png\",\"contentUrl\":\"https:\\\/\\\/repliquemangacine.fr\\\/wp-content\\\/uploads\\\/2023\\\/10\\\/RMC-500250.png\",\"width\":500,\"height\":250,\"caption\":\"R\u00e9plique Manga Cin\u00e9\"},\"image\":{\"@id\":\"https:\\\/\\\/repliquemangacine.fr\\\/#\\\/schema\\\/logo\\\/image\\\/\"},\"sameAs\":[\"https:\\\/\\\/www.facebook.com\\\/RepliqueMangaCine\",\"https:\\\/\\\/www.instagram.com\\\/repliquemangacine.fr\\\/\"]}]}<\/script>\n<!-- \/ Yoast SEO plugin. -->","yoast_head_json":{"title":"Schwert Dark Sister Messing - House of the Dragon - R\u00e9plique Manga Cin\u00e9","description":"Schwert Dark Sister Messing House of the Dragon, geh\u00e4mmerte Stahlklinge, Messingparier, Targaryen-Halterung. Premium-Replik, ideal zum Sammeln und Ausstellen.","robots":{"index":"index","follow":"follow","max-snippet":"max-snippet:-1","max-image-preview":"max-image-preview:large","max-video-preview":"max-video-preview:-1"},"canonical":"https:\/\/repliquemangacine.fr\/de\/house-of-the-dragon\/schwert-dark-sister-messing-house-of-the-dragon\/","og_locale":"de_DE","og_type":"article","og_title":"\u00c9p\u00e9e Dark Sister Laiton - House of the Dragon - R\u00e9plique Manga Cin\u00e9","og_description":"\u00c9p\u00e9e Dark Sister Laiton House of the Dragon, lame acier martel\u00e9, garde laiton, support Targaryen. R\u00e9plique premium id\u00e9ale collection et exposition.","og_url":"https:\/\/repliquemangacine.fr\/de\/house-of-the-dragon\/schwert-dark-sister-messing-house-of-the-dragon\/","og_site_name":"R\u00e9plique Manga Cin\u00e9","article_publisher":"https:\/\/www.facebook.com\/RepliqueMangaCine","article_modified_time":"2026-03-01T10:38:22+00:00","og_image":[{"width":700,"height":700,"url":"https:\/\/repliquemangacine.fr\/wp-content\/uploads\/2025\/11\/Epee-Dark-Sister-laiton.jpg","type":"image\/jpeg"}],"twitter_card":"summary_large_image","twitter_misc":{"Gesch\u00e4tzte Lesezeit":"2\u00a0Minuten"},"schema":{"@context":"https:\/\/schema.org","@graph":[{"@type":"WebPage","@id":"https:\/\/repliquemangacine.fr\/house-of-the-dragon\/epee-dark-sister-laiton-house-of-the-dragon\/","url":"https:\/\/repliquemangacine.fr\/house-of-the-dragon\/epee-dark-sister-laiton-house-of-the-dragon\/","name":"Schwert Dark Sister Messing - House of the Dragon - R\u00e9plique Manga Cin\u00e9","isPartOf":{"@id":"https:\/\/repliquemangacine.fr\/#website"},"primaryImageOfPage":{"@id":"https:\/\/repliquemangacine.fr\/house-of-the-dragon\/epee-dark-sister-laiton-house-of-the-dragon\/#primaryimage"},"image":{"@id":"https:\/\/repliquemangacine.fr\/house-of-the-dragon\/epee-dark-sister-laiton-house-of-the-dragon\/#primaryimage"},"thumbnailUrl":"https:\/\/repliquemangacine.fr\/wp-content\/uploads\/2025\/11\/Epee-Dark-Sister-laiton.jpg","datePublished":"2025-11-25T10:24:54+00:00","dateModified":"2026-03-01T10:38:22+00:00","description":"Schwert Dark Sister Messing House of the Dragon, geh\u00e4mmerte Stahlklinge, Messingparier, Targaryen-Halterung. Premium-Replik, ideal zum Sammeln und Ausstellen.","breadcrumb":{"@id":"https:\/\/repliquemangacine.fr\/house-of-the-dragon\/epee-dark-sister-laiton-house-of-the-dragon\/#breadcrumb"},"inLanguage":"de","potentialAction":[{"@type":"ReadAction","target":["https:\/\/repliquemangacine.fr\/house-of-the-dragon\/epee-dark-sister-laiton-house-of-the-dragon\/"]}]},{"@type":"ImageObject","inLanguage":"de","@id":"https:\/\/repliquemangacine.fr\/house-of-the-dragon\/epee-dark-sister-laiton-house-of-the-dragon\/#primaryimage","url":"https:\/\/repliquemangacine.fr\/wp-content\/uploads\/2025\/11\/Epee-Dark-Sister-laiton.jpg","contentUrl":"https:\/\/repliquemangacine.fr\/wp-content\/uploads\/2025\/11\/Epee-Dark-Sister-laiton.jpg","width":700,"height":700,"caption":"Ep\u00e9e Dark Sister Laiton dans House of the Dragon"},{"@type":"BreadcrumbList","@id":"https:\/\/repliquemangacine.fr\/house-of-the-dragon\/epee-dark-sister-laiton-house-of-the-dragon\/#breadcrumb","itemListElement":[{"@type":"ListItem","position":1,"name":"Accueil","item":"https:\/\/repliquemangacine.fr\/"},{"@type":"ListItem","position":2,"name":"Produits","item":"https:\/\/repliquemangacine.fr\/boutique\/"},{"@type":"ListItem","position":3,"name":"\u00c9p\u00e9e Dark Sister Laiton &#8211; House of the Dragon"}]},{"@type":"WebSite","@id":"https:\/\/repliquemangacine.fr\/#website","url":"https:\/\/repliquemangacine.fr\/","name":"R\u00e9plique Manga Cin\u00e9","description":"","publisher":{"@id":"https:\/\/repliquemangacine.fr\/#organization"},"potentialAction":[{"@type":"SearchAction","target":{"@type":"EntryPoint","urlTemplate":"https:\/\/repliquemangacine.fr\/?s={search_term_string}"},"query-input":{"@type":"PropertyValueSpecification","valueRequired":true,"valueName":"search_term_string"}}],"inLanguage":"de"},{"@type":"Organization","@id":"https:\/\/repliquemangacine.fr\/#organization","name":"R\u00e9plique Manga Cin\u00e9","url":"https:\/\/repliquemangacine.fr\/","logo":{"@type":"ImageObject","inLanguage":"de","@id":"https:\/\/repliquemangacine.fr\/#\/schema\/logo\/image\/","url":"https:\/\/repliquemangacine.fr\/wp-content\/uploads\/2023\/10\/RMC-500250.png","contentUrl":"https:\/\/repliquemangacine.fr\/wp-content\/uploads\/2023\/10\/RMC-500250.png","width":500,"height":250,"caption":"R\u00e9plique Manga Cin\u00e9"},"image":{"@id":"https:\/\/repliquemangacine.fr\/#\/schema\/logo\/image\/"},"sameAs":["https:\/\/www.facebook.com\/RepliqueMangaCine","https:\/\/www.instagram.com\/repliquemangacine.fr\/"]}]}},"_links":{"self":[{"href":"https:\/\/repliquemangacine.fr\/de\/wp-json\/wp\/v2\/product\/91296","targetHints":{"allow":["GET"]}}],"collection":[{"href":"https:\/\/repliquemangacine.fr\/de\/wp-json\/wp\/v2\/product"}],"about":[{"href":"https:\/\/repliquemangacine.fr\/de\/wp-json\/wp\/v2\/types\/product"}],"wp:featuredmedia":[{"embeddable":true,"href":"https:\/\/repliquemangacine.fr\/de\/wp-json\/wp\/v2\/media\/91297"}],"wp:attachment":[{"href":"https:\/\/repliquemangacine.fr\/de\/wp-json\/wp\/v2\/media?parent=91296"}],"wp:term":[{"taxonomy":"product_brand","embeddable":true,"href":"https:\/\/repliquemangacine.fr\/de\/wp-json\/wp\/v2\/product_brand?post=91296"},{"taxonomy":"product_cat","embeddable":true,"href":"https:\/\/repliquemangacine.fr\/de\/wp-json\/wp\/v2\/product_cat?post=91296"},{"taxonomy":"product_tag","embeddable":true,"href":"https:\/\/repliquemangacine.fr\/de\/wp-json\/wp\/v2\/product_tag?post=91296"}],"curies":[{"name":"wp","href":"https:\/\/api.w.org\/{rel}","templated":true}]}}