





{"id":91203,"date":"2025-11-23T16:56:24","date_gmt":"2025-11-23T15:56:24","guid":{"rendered":"https:\/\/repliquemangacine.fr\/?post_type=product&#038;p=91203"},"modified":"2026-04-15T12:06:20","modified_gmt":"2026-04-15T10:06:20","slug":"ciris-ketten-schwert","status":"publish","type":"product","link":"https:\/\/repliquemangacine.fr\/de\/epee-the-witcher\/epee-enchainee-de-ciri\/","title":{"rendered":"Ciris gefesseltes Schwert"},"content":{"rendered":"<h2>Ciris gefesseltes Schwert: Eine mystische Klinge<\/h2>\n<p>Zun\u00e4chst einmal ist diese <strong>Ciris gefesseltes Schwert<\/strong> Eine Nachbildung, die von der legend\u00e4ren Klinge der Wei\u00dfen W\u00f6lfin aus \u201eThe Witcher\u201c inspiriert ist. Ihre schlanke Silhouette kombiniert polierten Stahl mit feinen Gravuren entlang der Klinge. Der Metallgriff weist eckige und asymmetrische Formen auf, die an die unbest\u00e4ndige Magie erinnern, die Ciri einsetzt. Der umwickelte Griff sorgt f\u00fcr einen bequemen und festen Halt. Dar\u00fcber hinaus wird das Schwert mit einer schwarzen Scheide mit aufgestickten Motiven und einem System zum Befestigen am G\u00fcrtel geliefert. Es richtet sich daher sowohl an Sammler als auch an Cosplayer, die eine Heldin verk\u00f6rpern m\u00f6chten, die in der Lage ist, Welten zu durchqueren.<\/p>\n<h2>Die Waffe eines Kindes des Alten Blutes<\/h2>\n<p>Zun\u00e4chst einmal in der Saga <a href=\"https:\/\/witcher-archive.fandom.com\/fr\/wiki\/Accueil\" target=\"_blank\" rel=\"noopener noreferrer\">The Witcher<\/a>, Ciri ist keine einfache K\u00e4mpferin. Sie ist die Erbin einer uralten Macht, die Raum und Zeit manipulieren kann. Ihr Schwert spiegelt dieses zerbrochene Schicksal und ihre fortschreitende Beherrschung des Kampfes unter der Anleitung von Geralt und Yennefer wider. Jedes Detail verweist auf ihre k\u00f6nigliche Herkunft, aber auch auf ihren tragischen Werdegang. Diese Replik erinnert an ihre K\u00e4mpfe gegen die Wildj\u00e4ger und ihre interdimensionalen Reisen. Der Besitz dieser Klinge ist eine Hommage an eine der m\u00e4chtigsten und geheimnisvollsten Heldinnen des Universums von The Witcher.<\/p>\n<h2>Eine komplette Sammlung von The Witcher auf R\u00e9plique Manga Cin\u00e9<\/h2>\n<p>Dieses Schwert erg\u00e4nzt eine au\u00dfergew\u00f6hnliche Reihe von Repliken, die vom Universum von The Witcher inspiriert sind und bei R\u00e9plique Manga Cin\u00e9 erh\u00e4ltlich sind. Dazu geh\u00f6rt beispielsweise das\u2019<a href=\"https:\/\/repliquemangacine.fr\/de\/schwert-the-witcher\/silbernes-schwert-geralt-de-riv-the-witcher\/\">Silberschwert von Geralt von Riva<\/a>, ganz in Wei\u00df gekleidet, um Tiere und Gespenster zu jagen. Au\u00dferdem\u2019<a href=\"https:\/\/repliquemangacine.fr\/de\/schwert-the-witcher\/schwert-hexer-geralt-de-riv-the-witcher-saison-2\/\">Geralt von Rivas Hexer-Schwert<\/a> w\u00fcrdigt seine Lieblingswaffe bei seinen Landk\u00e4mpfen. Schlie\u00dflich ist die T<a href=\"https:\/\/repliquemangacine.fr\/de\/schwert-the-witcher\/twin-wolf-schwert-geralt-de-riv-the-witcher-3-gravierte-klinge\/\">Gravierte Wolf-M\u00fcnze aus The Witcher 3<\/a> verleiht mit seinem ikonischen Wolfsemblem einen wilderen Stil. Dank dieser vielf\u00e4ltigen St\u00fccke kann jeder Sammler das komplette Arsenal eines Monsterj\u00e4gers zusammenstellen. Entdecken Sie unsere Repliken, um Ihr Schicksal als Hexer zu erf\u00fcllen.<\/p>","protected":false},"excerpt":{"rendered":"<p>Beherrsche die Sph\u00e4ren mit Ciris Kettenklinge, einer mystischen Klinge, die von The Witcher inspiriert wurde und f\u00fcr Dimensionsj\u00e4ger geschaffen wurde.<\/p>\n<ul>\n<li>Klinge aus poliertem Stahl mit goldenen Gravuren<\/li>\n<li>Speziell geformter Stahlschutz<\/li>\n<li>Metallgriff mit schwarzem Coron-Draht ummantelt f\u00fcr guten Halt<\/li>\n<li>Knauf aus Vollstahl<\/li>\n<li>Schwarze Kunstlederscheide mit Metallbeschl\u00e4gen<\/li>\n<li>Klingenl\u00e4nge: 92,5 cm \u2013 Gesamtl\u00e4nge: 124,5 cm<\/li>\n<li>Gewicht: 2440 g mit Scheide<\/li>\n<\/ul>","protected":false},"featured_media":91204,"template":"","meta":[],"product_brand":[],"product_cat":[107,58],"product_tag":[],"class_list":{"0":"post-91203","1":"product","2":"type-product","3":"status-publish","4":"has-post-thumbnail","6":"product_cat-nouveautes","7":"product_cat-epee-the-witcher","9":"first","10":"instock","11":"taxable","12":"shipping-taxable","13":"purchasable","14":"product-type-simple"},"yoast_head":"<!-- This site is optimized with the Yoast SEO plugin v27.4 - https:\/\/yoast.com\/product\/yoast-seo-wordpress\/ -->\n<title>\u00c9p\u00e9e Encha\u00een\u00e9e de Ciri - R\u00e9plique Manga Cin\u00e9<\/title>\n<meta name=\"description\" content=\"\u00c9p\u00e9e Encha\u00een\u00e9e de Ciri The Witcher, acier grav\u00e9 avec fourreau et port ceinture. R\u00e9plique premium id\u00e9ale collection et exposition.\" \/>\n<meta name=\"robots\" content=\"index, follow, max-snippet:-1, max-image-preview:large, max-video-preview:-1\" \/>\n<link rel=\"canonical\" href=\"https:\/\/repliquemangacine.fr\/de\/schwert-the-witcher\/ciris-ketten-schwert\/\" \/>\n<meta property=\"og:locale\" content=\"de_DE\" \/>\n<meta property=\"og:type\" content=\"article\" \/>\n<meta property=\"og:title\" content=\"\u00c9p\u00e9e Encha\u00een\u00e9e de Ciri - R\u00e9plique Manga Cin\u00e9\" \/>\n<meta property=\"og:description\" content=\"\u00c9p\u00e9e Encha\u00een\u00e9e de Ciri The Witcher, acier grav\u00e9 avec fourreau et port ceinture. R\u00e9plique premium id\u00e9ale collection et exposition.\" \/>\n<meta property=\"og:url\" content=\"https:\/\/repliquemangacine.fr\/de\/schwert-the-witcher\/ciris-ketten-schwert\/\" \/>\n<meta property=\"og:site_name\" content=\"R\u00e9plique Manga Cin\u00e9\" \/>\n<meta property=\"article:publisher\" content=\"https:\/\/www.facebook.com\/RepliqueMangaCine\" \/>\n<meta property=\"article:modified_time\" content=\"2026-04-15T10:06:20+00:00\" \/>\n<meta property=\"og:image\" content=\"https:\/\/repliquemangacine.fr\/wp-content\/uploads\/2025\/11\/Epee-enchainee-de-Ciri-The-Witcher-4.jpg\" \/>\n\t<meta property=\"og:image:width\" content=\"700\" \/>\n\t<meta property=\"og:image:height\" content=\"700\" \/>\n\t<meta property=\"og:image:type\" content=\"image\/jpeg\" \/>\n<meta name=\"twitter:card\" content=\"summary_large_image\" \/>\n<meta name=\"twitter:label1\" content=\"Gesch\u00e4tzte Lesezeit\" \/>\n\t<meta name=\"twitter:data1\" content=\"2\u00a0Minuten\" \/>\n<script type=\"application\/ld+json\" class=\"yoast-schema-graph\">{\"@context\":\"https:\\\/\\\/schema.org\",\"@graph\":[{\"@type\":\"WebPage\",\"@id\":\"https:\\\/\\\/repliquemangacine.fr\\\/epee-the-witcher\\\/epee-enchainee-de-ciri\\\/\",\"url\":\"https:\\\/\\\/repliquemangacine.fr\\\/epee-the-witcher\\\/epee-enchainee-de-ciri\\\/\",\"name\":\"\u00c9p\u00e9e Encha\u00een\u00e9e de Ciri - R\u00e9plique Manga Cin\u00e9\",\"isPartOf\":{\"@id\":\"https:\\\/\\\/repliquemangacine.fr\\\/#website\"},\"primaryImageOfPage\":{\"@id\":\"https:\\\/\\\/repliquemangacine.fr\\\/epee-the-witcher\\\/epee-enchainee-de-ciri\\\/#primaryimage\"},\"image\":{\"@id\":\"https:\\\/\\\/repliquemangacine.fr\\\/epee-the-witcher\\\/epee-enchainee-de-ciri\\\/#primaryimage\"},\"thumbnailUrl\":\"https:\\\/\\\/repliquemangacine.fr\\\/wp-content\\\/uploads\\\/2025\\\/11\\\/Epee-enchainee-de-Ciri-The-Witcher-4.jpg\",\"datePublished\":\"2025-11-23T15:56:24+00:00\",\"dateModified\":\"2026-04-15T10:06:20+00:00\",\"description\":\"\u00c9p\u00e9e Encha\u00een\u00e9e de Ciri The Witcher, acier grav\u00e9 avec fourreau et port ceinture. R\u00e9plique premium id\u00e9ale collection et exposition.\",\"breadcrumb\":{\"@id\":\"https:\\\/\\\/repliquemangacine.fr\\\/epee-the-witcher\\\/epee-enchainee-de-ciri\\\/#breadcrumb\"},\"inLanguage\":\"de\",\"potentialAction\":[{\"@type\":\"ReadAction\",\"target\":[\"https:\\\/\\\/repliquemangacine.fr\\\/epee-the-witcher\\\/epee-enchainee-de-ciri\\\/\"]}]},{\"@type\":\"ImageObject\",\"inLanguage\":\"de\",\"@id\":\"https:\\\/\\\/repliquemangacine.fr\\\/epee-the-witcher\\\/epee-enchainee-de-ciri\\\/#primaryimage\",\"url\":\"https:\\\/\\\/repliquemangacine.fr\\\/wp-content\\\/uploads\\\/2025\\\/11\\\/Epee-enchainee-de-Ciri-The-Witcher-4.jpg\",\"contentUrl\":\"https:\\\/\\\/repliquemangacine.fr\\\/wp-content\\\/uploads\\\/2025\\\/11\\\/Epee-enchainee-de-Ciri-The-Witcher-4.jpg\",\"width\":700,\"height\":700,\"caption\":\"\u00c9p\u00e9e Encha\u00een\u00e9e de Ciri the Witcher\"},{\"@type\":\"BreadcrumbList\",\"@id\":\"https:\\\/\\\/repliquemangacine.fr\\\/epee-the-witcher\\\/epee-enchainee-de-ciri\\\/#breadcrumb\",\"itemListElement\":[{\"@type\":\"ListItem\",\"position\":1,\"name\":\"Accueil\",\"item\":\"https:\\\/\\\/repliquemangacine.fr\\\/\"},{\"@type\":\"ListItem\",\"position\":2,\"name\":\"Produits\",\"item\":\"https:\\\/\\\/repliquemangacine.fr\\\/boutique\\\/\"},{\"@type\":\"ListItem\",\"position\":3,\"name\":\"\u00c9p\u00e9e Encha\u00een\u00e9e de Ciri\"}]},{\"@type\":\"WebSite\",\"@id\":\"https:\\\/\\\/repliquemangacine.fr\\\/#website\",\"url\":\"https:\\\/\\\/repliquemangacine.fr\\\/\",\"name\":\"R\u00e9plique Manga Cin\u00e9\",\"description\":\"\",\"publisher\":{\"@id\":\"https:\\\/\\\/repliquemangacine.fr\\\/#organization\"},\"potentialAction\":[{\"@type\":\"SearchAction\",\"target\":{\"@type\":\"EntryPoint\",\"urlTemplate\":\"https:\\\/\\\/repliquemangacine.fr\\\/?s={search_term_string}\"},\"query-input\":{\"@type\":\"PropertyValueSpecification\",\"valueRequired\":true,\"valueName\":\"search_term_string\"}}],\"inLanguage\":\"de\"},{\"@type\":\"Organization\",\"@id\":\"https:\\\/\\\/repliquemangacine.fr\\\/#organization\",\"name\":\"R\u00e9plique Manga Cin\u00e9\",\"url\":\"https:\\\/\\\/repliquemangacine.fr\\\/\",\"logo\":{\"@type\":\"ImageObject\",\"inLanguage\":\"de\",\"@id\":\"https:\\\/\\\/repliquemangacine.fr\\\/#\\\/schema\\\/logo\\\/image\\\/\",\"url\":\"https:\\\/\\\/repliquemangacine.fr\\\/wp-content\\\/uploads\\\/2023\\\/10\\\/RMC-500250.png\",\"contentUrl\":\"https:\\\/\\\/repliquemangacine.fr\\\/wp-content\\\/uploads\\\/2023\\\/10\\\/RMC-500250.png\",\"width\":500,\"height\":250,\"caption\":\"R\u00e9plique Manga Cin\u00e9\"},\"image\":{\"@id\":\"https:\\\/\\\/repliquemangacine.fr\\\/#\\\/schema\\\/logo\\\/image\\\/\"},\"sameAs\":[\"https:\\\/\\\/www.facebook.com\\\/RepliqueMangaCine\",\"https:\\\/\\\/www.instagram.com\\\/repliquemangacine.fr\\\/\"]}]}<\/script>\n<!-- \/ Yoast SEO plugin. -->","yoast_head_json":{"title":"Ciris gefesseltes Schwert \u2013 R\u00e9plique Manga Cin\u00e9","description":"Ciri's Encha\u00een\u00e9e-Schwert aus The Witcher, gravierter Stahl mit Scheide und G\u00fcrtelhalterung. Premium-Replik, ideal f\u00fcr Sammler und Ausstellungen.","robots":{"index":"index","follow":"follow","max-snippet":"max-snippet:-1","max-image-preview":"max-image-preview:large","max-video-preview":"max-video-preview:-1"},"canonical":"https:\/\/repliquemangacine.fr\/de\/schwert-the-witcher\/ciris-ketten-schwert\/","og_locale":"de_DE","og_type":"article","og_title":"\u00c9p\u00e9e Encha\u00een\u00e9e de Ciri - R\u00e9plique Manga Cin\u00e9","og_description":"\u00c9p\u00e9e Encha\u00een\u00e9e de Ciri The Witcher, acier grav\u00e9 avec fourreau et port ceinture. R\u00e9plique premium id\u00e9ale collection et exposition.","og_url":"https:\/\/repliquemangacine.fr\/de\/schwert-the-witcher\/ciris-ketten-schwert\/","og_site_name":"R\u00e9plique Manga Cin\u00e9","article_publisher":"https:\/\/www.facebook.com\/RepliqueMangaCine","article_modified_time":"2026-04-15T10:06:20+00:00","og_image":[{"width":700,"height":700,"url":"https:\/\/repliquemangacine.fr\/wp-content\/uploads\/2025\/11\/Epee-enchainee-de-Ciri-The-Witcher-4.jpg","type":"image\/jpeg"}],"twitter_card":"summary_large_image","twitter_misc":{"Gesch\u00e4tzte Lesezeit":"2\u00a0Minuten"},"schema":{"@context":"https:\/\/schema.org","@graph":[{"@type":"WebPage","@id":"https:\/\/repliquemangacine.fr\/epee-the-witcher\/epee-enchainee-de-ciri\/","url":"https:\/\/repliquemangacine.fr\/epee-the-witcher\/epee-enchainee-de-ciri\/","name":"Ciris gefesseltes Schwert \u2013 R\u00e9plique Manga Cin\u00e9","isPartOf":{"@id":"https:\/\/repliquemangacine.fr\/#website"},"primaryImageOfPage":{"@id":"https:\/\/repliquemangacine.fr\/epee-the-witcher\/epee-enchainee-de-ciri\/#primaryimage"},"image":{"@id":"https:\/\/repliquemangacine.fr\/epee-the-witcher\/epee-enchainee-de-ciri\/#primaryimage"},"thumbnailUrl":"https:\/\/repliquemangacine.fr\/wp-content\/uploads\/2025\/11\/Epee-enchainee-de-Ciri-The-Witcher-4.jpg","datePublished":"2025-11-23T15:56:24+00:00","dateModified":"2026-04-15T10:06:20+00:00","description":"Ciri's Encha\u00een\u00e9e-Schwert aus The Witcher, gravierter Stahl mit Scheide und G\u00fcrtelhalterung. Premium-Replik, ideal f\u00fcr Sammler und Ausstellungen.","breadcrumb":{"@id":"https:\/\/repliquemangacine.fr\/epee-the-witcher\/epee-enchainee-de-ciri\/#breadcrumb"},"inLanguage":"de","potentialAction":[{"@type":"ReadAction","target":["https:\/\/repliquemangacine.fr\/epee-the-witcher\/epee-enchainee-de-ciri\/"]}]},{"@type":"ImageObject","inLanguage":"de","@id":"https:\/\/repliquemangacine.fr\/epee-the-witcher\/epee-enchainee-de-ciri\/#primaryimage","url":"https:\/\/repliquemangacine.fr\/wp-content\/uploads\/2025\/11\/Epee-enchainee-de-Ciri-The-Witcher-4.jpg","contentUrl":"https:\/\/repliquemangacine.fr\/wp-content\/uploads\/2025\/11\/Epee-enchainee-de-Ciri-The-Witcher-4.jpg","width":700,"height":700,"caption":"\u00c9p\u00e9e Encha\u00een\u00e9e de Ciri the Witcher"},{"@type":"BreadcrumbList","@id":"https:\/\/repliquemangacine.fr\/epee-the-witcher\/epee-enchainee-de-ciri\/#breadcrumb","itemListElement":[{"@type":"ListItem","position":1,"name":"Accueil","item":"https:\/\/repliquemangacine.fr\/"},{"@type":"ListItem","position":2,"name":"Produits","item":"https:\/\/repliquemangacine.fr\/boutique\/"},{"@type":"ListItem","position":3,"name":"\u00c9p\u00e9e Encha\u00een\u00e9e de Ciri"}]},{"@type":"WebSite","@id":"https:\/\/repliquemangacine.fr\/#website","url":"https:\/\/repliquemangacine.fr\/","name":"R\u00e9plique Manga Cin\u00e9","description":"","publisher":{"@id":"https:\/\/repliquemangacine.fr\/#organization"},"potentialAction":[{"@type":"SearchAction","target":{"@type":"EntryPoint","urlTemplate":"https:\/\/repliquemangacine.fr\/?s={search_term_string}"},"query-input":{"@type":"PropertyValueSpecification","valueRequired":true,"valueName":"search_term_string"}}],"inLanguage":"de"},{"@type":"Organization","@id":"https:\/\/repliquemangacine.fr\/#organization","name":"R\u00e9plique Manga Cin\u00e9","url":"https:\/\/repliquemangacine.fr\/","logo":{"@type":"ImageObject","inLanguage":"de","@id":"https:\/\/repliquemangacine.fr\/#\/schema\/logo\/image\/","url":"https:\/\/repliquemangacine.fr\/wp-content\/uploads\/2023\/10\/RMC-500250.png","contentUrl":"https:\/\/repliquemangacine.fr\/wp-content\/uploads\/2023\/10\/RMC-500250.png","width":500,"height":250,"caption":"R\u00e9plique Manga Cin\u00e9"},"image":{"@id":"https:\/\/repliquemangacine.fr\/#\/schema\/logo\/image\/"},"sameAs":["https:\/\/www.facebook.com\/RepliqueMangaCine","https:\/\/www.instagram.com\/repliquemangacine.fr\/"]}]}},"_links":{"self":[{"href":"https:\/\/repliquemangacine.fr\/de\/wp-json\/wp\/v2\/product\/91203","targetHints":{"allow":["GET"]}}],"collection":[{"href":"https:\/\/repliquemangacine.fr\/de\/wp-json\/wp\/v2\/product"}],"about":[{"href":"https:\/\/repliquemangacine.fr\/de\/wp-json\/wp\/v2\/types\/product"}],"wp:featuredmedia":[{"embeddable":true,"href":"https:\/\/repliquemangacine.fr\/de\/wp-json\/wp\/v2\/media\/91204"}],"wp:attachment":[{"href":"https:\/\/repliquemangacine.fr\/de\/wp-json\/wp\/v2\/media?parent=91203"}],"wp:term":[{"taxonomy":"product_brand","embeddable":true,"href":"https:\/\/repliquemangacine.fr\/de\/wp-json\/wp\/v2\/product_brand?post=91203"},{"taxonomy":"product_cat","embeddable":true,"href":"https:\/\/repliquemangacine.fr\/de\/wp-json\/wp\/v2\/product_cat?post=91203"},{"taxonomy":"product_tag","embeddable":true,"href":"https:\/\/repliquemangacine.fr\/de\/wp-json\/wp\/v2\/product_tag?post=91203"}],"curies":[{"name":"wp","href":"https:\/\/api.w.org\/{rel}","templated":true}]}}