





{"id":91195,"date":"2025-11-23T16:35:13","date_gmt":"2025-11-23T15:35:13","guid":{"rendered":"https:\/\/repliquemangacine.fr\/?post_type=product&#038;p=91195"},"modified":"2025-11-30T20:12:03","modified_gmt":"2025-11-30T19:12:03","slug":"heiliges-relikt-schwert-elden-ring","status":"publish","type":"product","link":"https:\/\/repliquemangacine.fr\/de\/elden-ring\/epee-relique-sacree-elden-ring\/","title":{"rendered":"Heiliges Relikt-Schwert Elden Ring"},"content":{"rendered":"<h2>Heiliges Relikt-Schwert: Eine Klinge mit einzigartigem Design<\/h2>\n<p>Zun\u00e4chst einmal\u2019<strong>Heiliges Relikt-Schwert,<\/strong> Es ist DIE ultimative Troph\u00e4e des Sans-\u00c9clat-Champions, eine symbolische Belohnung des Endgegners von Elden Ring, wenn man dem Ende \u201cZeitalter des Bruchs\u201d folgt.<\/p>\n<p>Es muss betont werden, dass diese <strong>Heiliges Relikt-Schwert<\/strong> hat eine charakteristische Silhouette, die sofort erkennbar ist. Eine d\u00fcnne, helle und durchbrochene Klinge bildet eine verdrehte Struktur. Das strukturierte Metall wechselt von silbernen zu goldenen Farbt\u00f6nen und erinnert an ein g\u00f6ttliches Relikt, das in der Zeit versiegelt ist. Der Handschutz weist organische Schnitzereien auf, die an die Wurzel des Elden und den Einfluss des Goldenen Tieres erinnern. Das Schwert wird mit einer Wandhalterung aus Holz geliefert, die eine edle Pr\u00e4sentation erm\u00f6glicht, wie sie einer heiligen Waffe w\u00fcrdig ist. Die schlanke Form unterstreicht den himmlischen Charakter dieser Waffe, die f\u00fcr diejenigen bestimmt ist, die den h\u00f6chsten Aufstieg erreicht haben.<\/p>\n<h2>Symbol f\u00fcr das Schicksal des Glanzlosen<\/h2>\n<p>Zu Beginn in <a href=\"https:\/\/eldenring.fandom.com\/wiki\/Elden_Ring_Wiki\" target=\"_blank\" rel=\"noopener noreferrer\">Elden Ring<\/a>, Das Heilige Relikt-Schwert ist die symboltr\u00e4chtige Waffe, die mit dem Ende des \u201cZeitalters der Spaltung\u201d verbunden ist und die Wiederherstellung des Goldenen Ordens verk\u00f6rpert. Verbunden mit der heiligen Kraft des Elden-Biests, kann es verheerende Lichtwellen ausl\u00f6sen, die verdorbene Feinde und Kreaturen des Chaos bestrafen. Wer diese Waffe erh\u00e4lt, hat die m\u00e4chtigsten Wesen der Zwischenwelt besiegt und die Rolle des Elden-Lords \u00fcbernommen. Sie ist also nicht nur eine Waffe, sondern ein g\u00f6ttliches Siegel, das beweist, dass der goldene Wille dich auserw\u00e4hlt hat. Ausgestellt erz\u00e4hlt sie vom heldenhaften Aufstieg des Glanzlosen.<\/p>\n<h2>Eine vollst\u00e4ndige Elden Ring-Sammlung auf R\u00e9plique Manga Cin\u00e9<\/h2>\n<p>Dieses Schwert reiht sich in eine prestigetr\u00e4chtige Auswahl an Waffen aus dem Elden Ring-Universum ein, die von R\u00e9plique Manga Cin\u00e9 angeboten werden. Darunter finden sich <a href=\"https:\/\/repliquemangacine.fr\/de\/elden-ring\/groses-katana-des-drachenjagers-elden-ring\/\">Gro\u00dfes Katana \u201eDrachenj\u00e4ger\u201c<\/a>, rote Stahlklinge mit mineralischen Stacheln \u00fcberzogen. Dar\u00fcber hinaus ist die <a href=\"https:\/\/repliquemangacine.fr\/de\/elden-ring\/klinge-des-aufrufs-elden-ring\/\">Dolch Klinge des Rufs<\/a> w\u00fcrdigt die M\u00f6rder, die von der Gnade geleitet werden. Schlie\u00dflich das gro\u00dfartige <a href=\"https:\/\/repliquemangacine.fr\/de\/elden-ring\/rellana-elden-ring-zwillingsklingen\/\">Beide Zwillingsklingen von Rellana<\/a> bietet ein imperiales und himmlisches Design. Dank dieser vielf\u00e4ltigen Repliken kann jeder Fan eine Sammlung aufbauen, die einem legend\u00e4ren Sans-\u00c9clat w\u00fcrdig ist. Entdecken Sie also unser gesamtes Waffenangebot, um Ihr Pantheon zu vervollst\u00e4ndigen.<\/p>","protected":false},"excerpt":{"rendered":"<p>\u00c9p\u00e9e Relique Sacr\u00e9e:Une lame au design unique D&#8217;abord, l\u2019\u00c9p\u00e9e Relique Sacr\u00e9e, c\u2019est LE troph\u00e9e ultime du Sans-\u00c9clat champion, r\u00e9compense symbolique du boss final de Elden Ring quand on suit la fin \u201c\u00c2ge de la Fracture\u201d. Il faut souligner que cette \u00c9p\u00e9e Relique Sacr\u00e9e arbore la silhouette caract\u00e9ristique reconnaissable entre toutes. Une lame fine, claire et [&hellip;]<\/p>\n","protected":false},"featured_media":91197,"template":"","meta":[],"product_brand":[],"product_cat":[876,107],"product_tag":[],"class_list":{"0":"post-91195","1":"product","2":"type-product","3":"status-publish","4":"has-post-thumbnail","6":"product_cat-elden-ring","7":"product_cat-nouveautes","9":"first","10":"instock","11":"taxable","12":"shipping-taxable","13":"purchasable","14":"product-type-simple"},"yoast_head":"<!-- This site is optimized with the Yoast SEO plugin v27.4 - https:\/\/yoast.com\/product\/yoast-seo-wordpress\/ -->\n<title>\u00c9p\u00e9e Relique Sacr\u00e9e Elden Ring - R\u00e9plique Manga Cin\u00e9<\/title>\n<meta name=\"description\" content=\"\u00c9p\u00e9e Relique Sacr\u00e9e Elden Ring, lame dor\u00e9e ajour\u00e9e avec support mural. R\u00e9plique divine id\u00e9ale exposition et collection fantasy.\" \/>\n<meta name=\"robots\" content=\"index, follow, max-snippet:-1, max-image-preview:large, max-video-preview:-1\" \/>\n<link rel=\"canonical\" href=\"https:\/\/repliquemangacine.fr\/de\/elden-ring\/heiliges-relikt-schwert-elden-ring\/\" \/>\n<meta property=\"og:locale\" content=\"de_DE\" \/>\n<meta property=\"og:type\" content=\"article\" \/>\n<meta property=\"og:title\" content=\"\u00c9p\u00e9e Relique Sacr\u00e9e Elden Ring - R\u00e9plique Manga Cin\u00e9\" \/>\n<meta property=\"og:description\" content=\"\u00c9p\u00e9e Relique Sacr\u00e9e Elden Ring, lame dor\u00e9e ajour\u00e9e avec support mural. R\u00e9plique divine id\u00e9ale exposition et collection fantasy.\" \/>\n<meta property=\"og:url\" content=\"https:\/\/repliquemangacine.fr\/de\/elden-ring\/heiliges-relikt-schwert-elden-ring\/\" \/>\n<meta property=\"og:site_name\" content=\"R\u00e9plique Manga Cin\u00e9\" \/>\n<meta property=\"article:publisher\" content=\"https:\/\/www.facebook.com\/RepliqueMangaCine\" \/>\n<meta property=\"article:modified_time\" content=\"2025-11-30T19:12:03+00:00\" \/>\n<meta property=\"og:image\" content=\"https:\/\/repliquemangacine.fr\/wp-content\/uploads\/2025\/11\/Epee-Relique-Sacree.jpg\" \/>\n\t<meta property=\"og:image:width\" content=\"700\" \/>\n\t<meta property=\"og:image:height\" content=\"700\" \/>\n\t<meta property=\"og:image:type\" content=\"image\/jpeg\" \/>\n<meta name=\"twitter:card\" content=\"summary_large_image\" \/>\n<meta name=\"twitter:label1\" content=\"Gesch\u00e4tzte Lesezeit\" \/>\n\t<meta name=\"twitter:data1\" content=\"2\u00a0Minuten\" \/>\n<script type=\"application\/ld+json\" class=\"yoast-schema-graph\">{\"@context\":\"https:\\\/\\\/schema.org\",\"@graph\":[{\"@type\":\"WebPage\",\"@id\":\"https:\\\/\\\/repliquemangacine.fr\\\/elden-ring\\\/epee-relique-sacree-elden-ring\\\/\",\"url\":\"https:\\\/\\\/repliquemangacine.fr\\\/elden-ring\\\/epee-relique-sacree-elden-ring\\\/\",\"name\":\"\u00c9p\u00e9e Relique Sacr\u00e9e Elden Ring - R\u00e9plique Manga Cin\u00e9\",\"isPartOf\":{\"@id\":\"https:\\\/\\\/repliquemangacine.fr\\\/#website\"},\"primaryImageOfPage\":{\"@id\":\"https:\\\/\\\/repliquemangacine.fr\\\/elden-ring\\\/epee-relique-sacree-elden-ring\\\/#primaryimage\"},\"image\":{\"@id\":\"https:\\\/\\\/repliquemangacine.fr\\\/elden-ring\\\/epee-relique-sacree-elden-ring\\\/#primaryimage\"},\"thumbnailUrl\":\"https:\\\/\\\/repliquemangacine.fr\\\/wp-content\\\/uploads\\\/2025\\\/11\\\/Epee-Relique-Sacree.jpg\",\"datePublished\":\"2025-11-23T15:35:13+00:00\",\"dateModified\":\"2025-11-30T19:12:03+00:00\",\"description\":\"\u00c9p\u00e9e Relique Sacr\u00e9e Elden Ring, lame dor\u00e9e ajour\u00e9e avec support mural. R\u00e9plique divine id\u00e9ale exposition et collection fantasy.\",\"breadcrumb\":{\"@id\":\"https:\\\/\\\/repliquemangacine.fr\\\/elden-ring\\\/epee-relique-sacree-elden-ring\\\/#breadcrumb\"},\"inLanguage\":\"de\",\"potentialAction\":[{\"@type\":\"ReadAction\",\"target\":[\"https:\\\/\\\/repliquemangacine.fr\\\/elden-ring\\\/epee-relique-sacree-elden-ring\\\/\"]}]},{\"@type\":\"ImageObject\",\"inLanguage\":\"de\",\"@id\":\"https:\\\/\\\/repliquemangacine.fr\\\/elden-ring\\\/epee-relique-sacree-elden-ring\\\/#primaryimage\",\"url\":\"https:\\\/\\\/repliquemangacine.fr\\\/wp-content\\\/uploads\\\/2025\\\/11\\\/Epee-Relique-Sacree.jpg\",\"contentUrl\":\"https:\\\/\\\/repliquemangacine.fr\\\/wp-content\\\/uploads\\\/2025\\\/11\\\/Epee-Relique-Sacree.jpg\",\"width\":700,\"height\":700,\"caption\":\"\u00c9p\u00e9e Relique Sacr\u00e9e dans Elden Ring\"},{\"@type\":\"BreadcrumbList\",\"@id\":\"https:\\\/\\\/repliquemangacine.fr\\\/elden-ring\\\/epee-relique-sacree-elden-ring\\\/#breadcrumb\",\"itemListElement\":[{\"@type\":\"ListItem\",\"position\":1,\"name\":\"Accueil\",\"item\":\"https:\\\/\\\/repliquemangacine.fr\\\/\"},{\"@type\":\"ListItem\",\"position\":2,\"name\":\"Produits\",\"item\":\"https:\\\/\\\/repliquemangacine.fr\\\/boutique\\\/\"},{\"@type\":\"ListItem\",\"position\":3,\"name\":\"\u00c9p\u00e9e Relique Sacr\u00e9e Elden Ring\"}]},{\"@type\":\"WebSite\",\"@id\":\"https:\\\/\\\/repliquemangacine.fr\\\/#website\",\"url\":\"https:\\\/\\\/repliquemangacine.fr\\\/\",\"name\":\"R\u00e9plique Manga Cin\u00e9\",\"description\":\"\",\"publisher\":{\"@id\":\"https:\\\/\\\/repliquemangacine.fr\\\/#organization\"},\"potentialAction\":[{\"@type\":\"SearchAction\",\"target\":{\"@type\":\"EntryPoint\",\"urlTemplate\":\"https:\\\/\\\/repliquemangacine.fr\\\/?s={search_term_string}\"},\"query-input\":{\"@type\":\"PropertyValueSpecification\",\"valueRequired\":true,\"valueName\":\"search_term_string\"}}],\"inLanguage\":\"de\"},{\"@type\":\"Organization\",\"@id\":\"https:\\\/\\\/repliquemangacine.fr\\\/#organization\",\"name\":\"R\u00e9plique Manga Cin\u00e9\",\"url\":\"https:\\\/\\\/repliquemangacine.fr\\\/\",\"logo\":{\"@type\":\"ImageObject\",\"inLanguage\":\"de\",\"@id\":\"https:\\\/\\\/repliquemangacine.fr\\\/#\\\/schema\\\/logo\\\/image\\\/\",\"url\":\"https:\\\/\\\/repliquemangacine.fr\\\/wp-content\\\/uploads\\\/2023\\\/10\\\/RMC-500250.png\",\"contentUrl\":\"https:\\\/\\\/repliquemangacine.fr\\\/wp-content\\\/uploads\\\/2023\\\/10\\\/RMC-500250.png\",\"width\":500,\"height\":250,\"caption\":\"R\u00e9plique Manga Cin\u00e9\"},\"image\":{\"@id\":\"https:\\\/\\\/repliquemangacine.fr\\\/#\\\/schema\\\/logo\\\/image\\\/\"},\"sameAs\":[\"https:\\\/\\\/www.facebook.com\\\/RepliqueMangaCine\",\"https:\\\/\\\/www.instagram.com\\\/repliquemangacine.fr\\\/\"]}]}<\/script>\n<!-- \/ Yoast SEO plugin. -->","yoast_head_json":{"title":"Heiliges Relikt-Schwert Elden Ring \u2013 R\u00e9plique Manga Cin\u00e9","description":"Heiliges Relikt-Schwert Elden Ring, goldene Klinge mit Durchbruchmuster und Wandhalterung. G\u00f6ttliche Replik, ideal f\u00fcr Ausstellungen und Fantasy-Sammlungen.","robots":{"index":"index","follow":"follow","max-snippet":"max-snippet:-1","max-image-preview":"max-image-preview:large","max-video-preview":"max-video-preview:-1"},"canonical":"https:\/\/repliquemangacine.fr\/de\/elden-ring\/heiliges-relikt-schwert-elden-ring\/","og_locale":"de_DE","og_type":"article","og_title":"\u00c9p\u00e9e Relique Sacr\u00e9e Elden Ring - R\u00e9plique Manga Cin\u00e9","og_description":"\u00c9p\u00e9e Relique Sacr\u00e9e Elden Ring, lame dor\u00e9e ajour\u00e9e avec support mural. R\u00e9plique divine id\u00e9ale exposition et collection fantasy.","og_url":"https:\/\/repliquemangacine.fr\/de\/elden-ring\/heiliges-relikt-schwert-elden-ring\/","og_site_name":"R\u00e9plique Manga Cin\u00e9","article_publisher":"https:\/\/www.facebook.com\/RepliqueMangaCine","article_modified_time":"2025-11-30T19:12:03+00:00","og_image":[{"width":700,"height":700,"url":"https:\/\/repliquemangacine.fr\/wp-content\/uploads\/2025\/11\/Epee-Relique-Sacree.jpg","type":"image\/jpeg"}],"twitter_card":"summary_large_image","twitter_misc":{"Gesch\u00e4tzte Lesezeit":"2\u00a0Minuten"},"schema":{"@context":"https:\/\/schema.org","@graph":[{"@type":"WebPage","@id":"https:\/\/repliquemangacine.fr\/elden-ring\/epee-relique-sacree-elden-ring\/","url":"https:\/\/repliquemangacine.fr\/elden-ring\/epee-relique-sacree-elden-ring\/","name":"Heiliges Relikt-Schwert Elden Ring \u2013 R\u00e9plique Manga Cin\u00e9","isPartOf":{"@id":"https:\/\/repliquemangacine.fr\/#website"},"primaryImageOfPage":{"@id":"https:\/\/repliquemangacine.fr\/elden-ring\/epee-relique-sacree-elden-ring\/#primaryimage"},"image":{"@id":"https:\/\/repliquemangacine.fr\/elden-ring\/epee-relique-sacree-elden-ring\/#primaryimage"},"thumbnailUrl":"https:\/\/repliquemangacine.fr\/wp-content\/uploads\/2025\/11\/Epee-Relique-Sacree.jpg","datePublished":"2025-11-23T15:35:13+00:00","dateModified":"2025-11-30T19:12:03+00:00","description":"Heiliges Relikt-Schwert Elden Ring, goldene Klinge mit Durchbruchmuster und Wandhalterung. G\u00f6ttliche Replik, ideal f\u00fcr Ausstellungen und Fantasy-Sammlungen.","breadcrumb":{"@id":"https:\/\/repliquemangacine.fr\/elden-ring\/epee-relique-sacree-elden-ring\/#breadcrumb"},"inLanguage":"de","potentialAction":[{"@type":"ReadAction","target":["https:\/\/repliquemangacine.fr\/elden-ring\/epee-relique-sacree-elden-ring\/"]}]},{"@type":"ImageObject","inLanguage":"de","@id":"https:\/\/repliquemangacine.fr\/elden-ring\/epee-relique-sacree-elden-ring\/#primaryimage","url":"https:\/\/repliquemangacine.fr\/wp-content\/uploads\/2025\/11\/Epee-Relique-Sacree.jpg","contentUrl":"https:\/\/repliquemangacine.fr\/wp-content\/uploads\/2025\/11\/Epee-Relique-Sacree.jpg","width":700,"height":700,"caption":"\u00c9p\u00e9e Relique Sacr\u00e9e dans Elden Ring"},{"@type":"BreadcrumbList","@id":"https:\/\/repliquemangacine.fr\/elden-ring\/epee-relique-sacree-elden-ring\/#breadcrumb","itemListElement":[{"@type":"ListItem","position":1,"name":"Accueil","item":"https:\/\/repliquemangacine.fr\/"},{"@type":"ListItem","position":2,"name":"Produits","item":"https:\/\/repliquemangacine.fr\/boutique\/"},{"@type":"ListItem","position":3,"name":"\u00c9p\u00e9e Relique Sacr\u00e9e Elden Ring"}]},{"@type":"WebSite","@id":"https:\/\/repliquemangacine.fr\/#website","url":"https:\/\/repliquemangacine.fr\/","name":"R\u00e9plique Manga Cin\u00e9","description":"","publisher":{"@id":"https:\/\/repliquemangacine.fr\/#organization"},"potentialAction":[{"@type":"SearchAction","target":{"@type":"EntryPoint","urlTemplate":"https:\/\/repliquemangacine.fr\/?s={search_term_string}"},"query-input":{"@type":"PropertyValueSpecification","valueRequired":true,"valueName":"search_term_string"}}],"inLanguage":"de"},{"@type":"Organization","@id":"https:\/\/repliquemangacine.fr\/#organization","name":"R\u00e9plique Manga Cin\u00e9","url":"https:\/\/repliquemangacine.fr\/","logo":{"@type":"ImageObject","inLanguage":"de","@id":"https:\/\/repliquemangacine.fr\/#\/schema\/logo\/image\/","url":"https:\/\/repliquemangacine.fr\/wp-content\/uploads\/2023\/10\/RMC-500250.png","contentUrl":"https:\/\/repliquemangacine.fr\/wp-content\/uploads\/2023\/10\/RMC-500250.png","width":500,"height":250,"caption":"R\u00e9plique Manga Cin\u00e9"},"image":{"@id":"https:\/\/repliquemangacine.fr\/#\/schema\/logo\/image\/"},"sameAs":["https:\/\/www.facebook.com\/RepliqueMangaCine","https:\/\/www.instagram.com\/repliquemangacine.fr\/"]}]}},"_links":{"self":[{"href":"https:\/\/repliquemangacine.fr\/de\/wp-json\/wp\/v2\/product\/91195","targetHints":{"allow":["GET"]}}],"collection":[{"href":"https:\/\/repliquemangacine.fr\/de\/wp-json\/wp\/v2\/product"}],"about":[{"href":"https:\/\/repliquemangacine.fr\/de\/wp-json\/wp\/v2\/types\/product"}],"wp:featuredmedia":[{"embeddable":true,"href":"https:\/\/repliquemangacine.fr\/de\/wp-json\/wp\/v2\/media\/91197"}],"wp:attachment":[{"href":"https:\/\/repliquemangacine.fr\/de\/wp-json\/wp\/v2\/media?parent=91195"}],"wp:term":[{"taxonomy":"product_brand","embeddable":true,"href":"https:\/\/repliquemangacine.fr\/de\/wp-json\/wp\/v2\/product_brand?post=91195"},{"taxonomy":"product_cat","embeddable":true,"href":"https:\/\/repliquemangacine.fr\/de\/wp-json\/wp\/v2\/product_cat?post=91195"},{"taxonomy":"product_tag","embeddable":true,"href":"https:\/\/repliquemangacine.fr\/de\/wp-json\/wp\/v2\/product_tag?post=91195"}],"curies":[{"name":"wp","href":"https:\/\/api.w.org\/{rel}","templated":true}]}}