





{"id":91187,"date":"2025-11-23T16:01:03","date_gmt":"2025-11-23T15:01:03","guid":{"rendered":"https:\/\/repliquemangacine.fr\/?post_type=product&#038;p=91187"},"modified":"2026-01-13T10:20:28","modified_gmt":"2026-01-13T09:20:28","slug":"antares-fang-solo-levening","status":"publish","type":"product","link":"https:\/\/repliquemangacine.fr\/de\/solo-leveling\/antares-fang-solo-levening\/","title":{"rendered":"Antares\u2019 Fang \u2013 Solo Levening"},"content":{"rendered":"<h2>Antares\u2019 Fang: Eine k\u00f6nigliche Klinge, die mit draconischer Kraft erf\u00fcllt ist<\/h2>\n<p>Diese Reproduktion von\u2019<strong>Antares\u2019 Fangzahn<\/strong> verf\u00fcgt \u00fcber eine violette Stahlklinge, deren Form an die Energie des Drachenk\u00f6nigs erinnert. Der Handschutz und die Verzierungen sind aus Metall gegossen und weisen aggressive Details auf, die von unheimlichen Schuppen und Klauen inspiriert sind. Der lackierte Holzgriff bietet einen eleganten Halt und steht im Kontrast zur Brutalit\u00e4t des Designs. Mit einer Klinge von 42 cm, einer Gesamtl\u00e4nge von 79 cm und einem Gewicht von 1225 g ist dieses St\u00fcck zudem sehr pr\u00e4sent. Es wird mit einem Pr\u00e4sentationsst\u00e4nder aus Holz geliefert, um es w\u00fcrdig auszustellen. Somit ist diese Waffe sowohl dekorativ als auch symbolisch und verk\u00f6rpert die absolute Macht ihres Tr\u00e4gers.<\/p>\n<h2>Eine symboltr\u00e4chtige Waffe aus Solo Leveling<\/h2>\n<p>Zu Beginn in <a href=\"https:\/\/solo-leveling.fandom.com\/wiki\/Solo_Leveling_Wiki\" target=\"_blank\" rel=\"noopener noreferrer\">Solo Leveling<\/a>, Antares verk\u00f6rpert die ultimative Bedrohung, Herrscher der Zerst\u00f6rung und Anf\u00fchrer der Drachen. Seine Klinge spiegelt diese Natur wider. Sie symbolisiert eine \u00fcberw\u00e4ltigende Kraft, die K\u00f6nigreiche und Dimensionen vernichten kann. Jede Kurve des Metalls erinnert an die chaotische \u00c4sthetik des Universums, in dem Evolution durch Kampf entsteht. Sung Jin-Woo \u00fcberschreitet durch seine Konfrontation mit Antares seine Grenzen und schmiedet sein Schicksal. Dank dieser Replik finden Fans ein Fragment dieses mythischen Kampfes wieder. Sie richtet sich an diejenigen, die ein Artefakt aus dem H\u00f6hepunkt der Geschichte ausstellen m\u00f6chten.<\/p>\n<h2>Eine Solo Leveling-Kollektion, die den gr\u00f6\u00dften J\u00e4gern w\u00fcrdig ist<\/h2>\n<p>Diese Waffe erg\u00e4nzt eine umfassende, von Solo Leveling inspirierte Produktreihe, die bei R\u00e9plique Manga Cin\u00e9 erh\u00e4ltlich ist. Dort finden Sie beispielsweise die Nachbildung der <a href=\"https:\/\/repliquemangacine.fr\/de\/solo-leveling\/kasakas-venom-fang-solo-leveling\/\">Dolch Kasaka's Venom Fang<\/a>, auch bekannt als Kasakas giftige Klaue. Wir bieten auch die\u2019<a href=\"https:\/\/repliquemangacine.fr\/de\/solo-leveling\/langschwert-des-konigs-demon-sung-jin-woo\/\">Langschwert des D\u00e4monenk\u00f6nigs<\/a> getragen von Sung Jin-Woo, ein d\u00fcsteres und majest\u00e4tisches St\u00fcck. Schlie\u00dflich die <a href=\"https:\/\/repliquemangacine.fr\/de\/neuheiten\/dolch-moonshadow-solo-leveling\/\">Moonshadow-Dolch<\/a> mit seinem kugelf\u00f6rmigen Griff vervollst\u00e4ndigt eine Kollektion, die sich auf Schatten und Machtf\u00fclle konzentriert. Dank dieser vielf\u00e4ltigen St\u00fccke kann jeder Fan ein Arsenal zusammenstellen, das dem Webtoon und dem Anime treu bleibt. Entdecken Sie das gesamte Sortiment in unserem Shop und erwecken Sie Ihre Waffenkammer zum Leben.<\/p>","protected":false},"excerpt":{"rendered":"<p>Ergreifen Sie Antares\u2019 Fang, die draconische Waffe aus Solo Leveling, und bringen Sie die Macht des Drachenk\u00f6nigs in Ihre Sammlung.<\/p>\n<ul>\n<li>Violette Stahlklinge<\/li>\n<li>Die H\u00fclse und die Verzierungen sind aus Metall gegossen.<\/li>\n<li>Aggressive Details, inspiriert von schuppigen, unheimlichen Klauen.<\/li>\n<li>Griff aus schwarz lackiertem Holz<\/li>\n<li>Wird mit einem Pr\u00e4sentationsst\u00e4nder geliefert.<\/li>\n<li>Klingenl\u00e4nge: 42 cm \u2013 Gesamtl\u00e4nge: 76 cm<\/li>\n<li>Gewicht: 1255 g<\/li>\n<\/ul>","protected":false},"featured_media":91188,"template":"","meta":[],"product_brand":[],"product_cat":[107,895],"product_tag":[],"class_list":{"0":"post-91187","1":"product","2":"type-product","3":"status-publish","4":"has-post-thumbnail","6":"product_cat-nouveautes","7":"product_cat-solo-leveling","9":"first","10":"instock","11":"taxable","12":"shipping-taxable","13":"purchasable","14":"product-type-simple"},"yoast_head":"<!-- This site is optimized with the Yoast SEO plugin v27.4 - https:\/\/yoast.com\/product\/yoast-seo-wordpress\/ -->\n<title>Antares\u2019 Fang - Solo Levening - R\u00e9plique Manga Cin\u00e9<\/title>\n<meta name=\"description\" content=\"Antares\u2019 Fang en acier violet, garde m\u00e9tal et poign\u00e9e bois laqu\u00e9. R\u00e9plique Solo Leveling avec support, id\u00e9ale collection et exposition styl\u00e9e.\" \/>\n<meta name=\"robots\" content=\"index, follow, max-snippet:-1, max-image-preview:large, max-video-preview:-1\" \/>\n<link rel=\"canonical\" href=\"https:\/\/repliquemangacine.fr\/de\/solo-leveling\/antares-fang-solo-levening\/\" \/>\n<meta property=\"og:locale\" content=\"de_DE\" \/>\n<meta property=\"og:type\" content=\"article\" \/>\n<meta property=\"og:title\" content=\"Antares\u2019 Fang - Solo Levening - R\u00e9plique Manga Cin\u00e9\" \/>\n<meta property=\"og:description\" content=\"Antares\u2019 Fang en acier violet, garde m\u00e9tal et poign\u00e9e bois laqu\u00e9. R\u00e9plique Solo Leveling avec support, id\u00e9ale collection et exposition styl\u00e9e.\" \/>\n<meta property=\"og:url\" content=\"https:\/\/repliquemangacine.fr\/de\/solo-leveling\/antares-fang-solo-levening\/\" \/>\n<meta property=\"og:site_name\" content=\"R\u00e9plique Manga Cin\u00e9\" \/>\n<meta property=\"article:publisher\" content=\"https:\/\/www.facebook.com\/RepliqueMangaCine\" \/>\n<meta property=\"article:modified_time\" content=\"2026-01-13T09:20:28+00:00\" \/>\n<meta property=\"og:image\" content=\"https:\/\/repliquemangacine.fr\/wp-content\/uploads\/2025\/11\/ANTARES-FANG.jpg\" \/>\n\t<meta property=\"og:image:width\" content=\"700\" \/>\n\t<meta property=\"og:image:height\" content=\"700\" \/>\n\t<meta property=\"og:image:type\" content=\"image\/jpeg\" \/>\n<meta name=\"twitter:card\" content=\"summary_large_image\" \/>\n<meta name=\"twitter:label1\" content=\"Gesch\u00e4tzte Lesezeit\" \/>\n\t<meta name=\"twitter:data1\" content=\"2\u00a0Minuten\" \/>\n<script type=\"application\/ld+json\" class=\"yoast-schema-graph\">{\"@context\":\"https:\\\/\\\/schema.org\",\"@graph\":[{\"@type\":\"WebPage\",\"@id\":\"https:\\\/\\\/repliquemangacine.fr\\\/solo-leveling\\\/antares-fang-solo-levening\\\/\",\"url\":\"https:\\\/\\\/repliquemangacine.fr\\\/solo-leveling\\\/antares-fang-solo-levening\\\/\",\"name\":\"Antares\u2019 Fang - Solo Levening - R\u00e9plique Manga Cin\u00e9\",\"isPartOf\":{\"@id\":\"https:\\\/\\\/repliquemangacine.fr\\\/#website\"},\"primaryImageOfPage\":{\"@id\":\"https:\\\/\\\/repliquemangacine.fr\\\/solo-leveling\\\/antares-fang-solo-levening\\\/#primaryimage\"},\"image\":{\"@id\":\"https:\\\/\\\/repliquemangacine.fr\\\/solo-leveling\\\/antares-fang-solo-levening\\\/#primaryimage\"},\"thumbnailUrl\":\"https:\\\/\\\/repliquemangacine.fr\\\/wp-content\\\/uploads\\\/2025\\\/11\\\/ANTARES-FANG.jpg\",\"datePublished\":\"2025-11-23T15:01:03+00:00\",\"dateModified\":\"2026-01-13T09:20:28+00:00\",\"description\":\"Antares\u2019 Fang en acier violet, garde m\u00e9tal et poign\u00e9e bois laqu\u00e9. R\u00e9plique Solo Leveling avec support, id\u00e9ale collection et exposition styl\u00e9e.\",\"breadcrumb\":{\"@id\":\"https:\\\/\\\/repliquemangacine.fr\\\/solo-leveling\\\/antares-fang-solo-levening\\\/#breadcrumb\"},\"inLanguage\":\"de\",\"potentialAction\":[{\"@type\":\"ReadAction\",\"target\":[\"https:\\\/\\\/repliquemangacine.fr\\\/solo-leveling\\\/antares-fang-solo-levening\\\/\"]}]},{\"@type\":\"ImageObject\",\"inLanguage\":\"de\",\"@id\":\"https:\\\/\\\/repliquemangacine.fr\\\/solo-leveling\\\/antares-fang-solo-levening\\\/#primaryimage\",\"url\":\"https:\\\/\\\/repliquemangacine.fr\\\/wp-content\\\/uploads\\\/2025\\\/11\\\/ANTARES-FANG.jpg\",\"contentUrl\":\"https:\\\/\\\/repliquemangacine.fr\\\/wp-content\\\/uploads\\\/2025\\\/11\\\/ANTARES-FANG.jpg\",\"width\":700,\"height\":700,\"caption\":\"Antares\u2019 Fang - Solo Levening\"},{\"@type\":\"BreadcrumbList\",\"@id\":\"https:\\\/\\\/repliquemangacine.fr\\\/solo-leveling\\\/antares-fang-solo-levening\\\/#breadcrumb\",\"itemListElement\":[{\"@type\":\"ListItem\",\"position\":1,\"name\":\"Accueil\",\"item\":\"https:\\\/\\\/repliquemangacine.fr\\\/\"},{\"@type\":\"ListItem\",\"position\":2,\"name\":\"Produits\",\"item\":\"https:\\\/\\\/repliquemangacine.fr\\\/boutique\\\/\"},{\"@type\":\"ListItem\",\"position\":3,\"name\":\"Antares\u2019 Fang &#8211; Solo Levening\"}]},{\"@type\":\"WebSite\",\"@id\":\"https:\\\/\\\/repliquemangacine.fr\\\/#website\",\"url\":\"https:\\\/\\\/repliquemangacine.fr\\\/\",\"name\":\"R\u00e9plique Manga Cin\u00e9\",\"description\":\"\",\"publisher\":{\"@id\":\"https:\\\/\\\/repliquemangacine.fr\\\/#organization\"},\"potentialAction\":[{\"@type\":\"SearchAction\",\"target\":{\"@type\":\"EntryPoint\",\"urlTemplate\":\"https:\\\/\\\/repliquemangacine.fr\\\/?s={search_term_string}\"},\"query-input\":{\"@type\":\"PropertyValueSpecification\",\"valueRequired\":true,\"valueName\":\"search_term_string\"}}],\"inLanguage\":\"de\"},{\"@type\":\"Organization\",\"@id\":\"https:\\\/\\\/repliquemangacine.fr\\\/#organization\",\"name\":\"R\u00e9plique Manga Cin\u00e9\",\"url\":\"https:\\\/\\\/repliquemangacine.fr\\\/\",\"logo\":{\"@type\":\"ImageObject\",\"inLanguage\":\"de\",\"@id\":\"https:\\\/\\\/repliquemangacine.fr\\\/#\\\/schema\\\/logo\\\/image\\\/\",\"url\":\"https:\\\/\\\/repliquemangacine.fr\\\/wp-content\\\/uploads\\\/2023\\\/10\\\/RMC-500250.png\",\"contentUrl\":\"https:\\\/\\\/repliquemangacine.fr\\\/wp-content\\\/uploads\\\/2023\\\/10\\\/RMC-500250.png\",\"width\":500,\"height\":250,\"caption\":\"R\u00e9plique Manga Cin\u00e9\"},\"image\":{\"@id\":\"https:\\\/\\\/repliquemangacine.fr\\\/#\\\/schema\\\/logo\\\/image\\\/\"},\"sameAs\":[\"https:\\\/\\\/www.facebook.com\\\/RepliqueMangaCine\",\"https:\\\/\\\/www.instagram.com\\\/repliquemangacine.fr\\\/\"]}]}<\/script>\n<!-- \/ Yoast SEO plugin. -->","yoast_head_json":{"title":"Antares\u2019 Fang \u2013 Solo Levening \u2013 R\u00e9plique Manga Cin\u00e9","description":"Antares\u2019 Fang aus violettem Stahl, Metallschutz und lackiertem Holzgriff. Solo Leveling-Replik mit Halterung, ideal zum Sammeln und stilvollen Ausstellen.","robots":{"index":"index","follow":"follow","max-snippet":"max-snippet:-1","max-image-preview":"max-image-preview:large","max-video-preview":"max-video-preview:-1"},"canonical":"https:\/\/repliquemangacine.fr\/de\/solo-leveling\/antares-fang-solo-levening\/","og_locale":"de_DE","og_type":"article","og_title":"Antares\u2019 Fang - Solo Levening - R\u00e9plique Manga Cin\u00e9","og_description":"Antares\u2019 Fang en acier violet, garde m\u00e9tal et poign\u00e9e bois laqu\u00e9. R\u00e9plique Solo Leveling avec support, id\u00e9ale collection et exposition styl\u00e9e.","og_url":"https:\/\/repliquemangacine.fr\/de\/solo-leveling\/antares-fang-solo-levening\/","og_site_name":"R\u00e9plique Manga Cin\u00e9","article_publisher":"https:\/\/www.facebook.com\/RepliqueMangaCine","article_modified_time":"2026-01-13T09:20:28+00:00","og_image":[{"width":700,"height":700,"url":"https:\/\/repliquemangacine.fr\/wp-content\/uploads\/2025\/11\/ANTARES-FANG.jpg","type":"image\/jpeg"}],"twitter_card":"summary_large_image","twitter_misc":{"Gesch\u00e4tzte Lesezeit":"2\u00a0Minuten"},"schema":{"@context":"https:\/\/schema.org","@graph":[{"@type":"WebPage","@id":"https:\/\/repliquemangacine.fr\/solo-leveling\/antares-fang-solo-levening\/","url":"https:\/\/repliquemangacine.fr\/solo-leveling\/antares-fang-solo-levening\/","name":"Antares\u2019 Fang \u2013 Solo Levening \u2013 R\u00e9plique Manga Cin\u00e9","isPartOf":{"@id":"https:\/\/repliquemangacine.fr\/#website"},"primaryImageOfPage":{"@id":"https:\/\/repliquemangacine.fr\/solo-leveling\/antares-fang-solo-levening\/#primaryimage"},"image":{"@id":"https:\/\/repliquemangacine.fr\/solo-leveling\/antares-fang-solo-levening\/#primaryimage"},"thumbnailUrl":"https:\/\/repliquemangacine.fr\/wp-content\/uploads\/2025\/11\/ANTARES-FANG.jpg","datePublished":"2025-11-23T15:01:03+00:00","dateModified":"2026-01-13T09:20:28+00:00","description":"Antares\u2019 Fang aus violettem Stahl, Metallschutz und lackiertem Holzgriff. Solo Leveling-Replik mit Halterung, ideal zum Sammeln und stilvollen Ausstellen.","breadcrumb":{"@id":"https:\/\/repliquemangacine.fr\/solo-leveling\/antares-fang-solo-levening\/#breadcrumb"},"inLanguage":"de","potentialAction":[{"@type":"ReadAction","target":["https:\/\/repliquemangacine.fr\/solo-leveling\/antares-fang-solo-levening\/"]}]},{"@type":"ImageObject","inLanguage":"de","@id":"https:\/\/repliquemangacine.fr\/solo-leveling\/antares-fang-solo-levening\/#primaryimage","url":"https:\/\/repliquemangacine.fr\/wp-content\/uploads\/2025\/11\/ANTARES-FANG.jpg","contentUrl":"https:\/\/repliquemangacine.fr\/wp-content\/uploads\/2025\/11\/ANTARES-FANG.jpg","width":700,"height":700,"caption":"Antares\u2019 Fang - Solo Levening"},{"@type":"BreadcrumbList","@id":"https:\/\/repliquemangacine.fr\/solo-leveling\/antares-fang-solo-levening\/#breadcrumb","itemListElement":[{"@type":"ListItem","position":1,"name":"Accueil","item":"https:\/\/repliquemangacine.fr\/"},{"@type":"ListItem","position":2,"name":"Produits","item":"https:\/\/repliquemangacine.fr\/boutique\/"},{"@type":"ListItem","position":3,"name":"Antares\u2019 Fang &#8211; Solo Levening"}]},{"@type":"WebSite","@id":"https:\/\/repliquemangacine.fr\/#website","url":"https:\/\/repliquemangacine.fr\/","name":"R\u00e9plique Manga Cin\u00e9","description":"","publisher":{"@id":"https:\/\/repliquemangacine.fr\/#organization"},"potentialAction":[{"@type":"SearchAction","target":{"@type":"EntryPoint","urlTemplate":"https:\/\/repliquemangacine.fr\/?s={search_term_string}"},"query-input":{"@type":"PropertyValueSpecification","valueRequired":true,"valueName":"search_term_string"}}],"inLanguage":"de"},{"@type":"Organization","@id":"https:\/\/repliquemangacine.fr\/#organization","name":"R\u00e9plique Manga Cin\u00e9","url":"https:\/\/repliquemangacine.fr\/","logo":{"@type":"ImageObject","inLanguage":"de","@id":"https:\/\/repliquemangacine.fr\/#\/schema\/logo\/image\/","url":"https:\/\/repliquemangacine.fr\/wp-content\/uploads\/2023\/10\/RMC-500250.png","contentUrl":"https:\/\/repliquemangacine.fr\/wp-content\/uploads\/2023\/10\/RMC-500250.png","width":500,"height":250,"caption":"R\u00e9plique Manga Cin\u00e9"},"image":{"@id":"https:\/\/repliquemangacine.fr\/#\/schema\/logo\/image\/"},"sameAs":["https:\/\/www.facebook.com\/RepliqueMangaCine","https:\/\/www.instagram.com\/repliquemangacine.fr\/"]}]}},"_links":{"self":[{"href":"https:\/\/repliquemangacine.fr\/de\/wp-json\/wp\/v2\/product\/91187","targetHints":{"allow":["GET"]}}],"collection":[{"href":"https:\/\/repliquemangacine.fr\/de\/wp-json\/wp\/v2\/product"}],"about":[{"href":"https:\/\/repliquemangacine.fr\/de\/wp-json\/wp\/v2\/types\/product"}],"wp:featuredmedia":[{"embeddable":true,"href":"https:\/\/repliquemangacine.fr\/de\/wp-json\/wp\/v2\/media\/91188"}],"wp:attachment":[{"href":"https:\/\/repliquemangacine.fr\/de\/wp-json\/wp\/v2\/media?parent=91187"}],"wp:term":[{"taxonomy":"product_brand","embeddable":true,"href":"https:\/\/repliquemangacine.fr\/de\/wp-json\/wp\/v2\/product_brand?post=91187"},{"taxonomy":"product_cat","embeddable":true,"href":"https:\/\/repliquemangacine.fr\/de\/wp-json\/wp\/v2\/product_cat?post=91187"},{"taxonomy":"product_tag","embeddable":true,"href":"https:\/\/repliquemangacine.fr\/de\/wp-json\/wp\/v2\/product_tag?post=91187"}],"curies":[{"name":"wp","href":"https:\/\/api.w.org\/{rel}","templated":true}]}}