





{"id":91131,"date":"2025-11-22T18:20:47","date_gmt":"2025-11-22T17:20:47","guid":{"rendered":"https:\/\/repliquemangacine.fr\/?post_type=product&#038;p=91131"},"modified":"2026-04-15T12:06:48","modified_gmt":"2026-04-15T10:06:48","slug":"klinge-des-aufrufs-elden-ring","status":"publish","type":"product","link":"https:\/\/repliquemangacine.fr\/de\/elden-ring\/lame-dappel-elden-ring\/","title":{"rendered":"Klinge des Rufs \u2013 Elden Ring"},"content":{"rendered":"<h2>Klinge des Rufs: Ein heiliger Dolch, geschmiedet, um aus den Himmeln zuzuschlagen.<\/h2>\n<p>Die <strong>Klinge des Rufs<\/strong> ist eine Nachbildung, die von der legend\u00e4ren Waffe aus Elden Ring inspiriert ist. Ihre geschwungene Form erinnert an einen silbernen Halbmond, w\u00e4hrend die Runensteinoberfl\u00e4che an himmlische Artefakte erinnert. Die detailreiche Klinge weist eine strukturierte Oberfl\u00e4che auf, die einen Kontrast zum dunklen, mit gravierten Mustern verzierten Griff bildet. Dieses St\u00fcck ist f\u00fcr Ausstellungszwecke und Cosplay konzipiert und strahlt Eleganz und t\u00f6dliche Kraft aus. Im Spiel erm\u00f6glicht dieser Dolch schnelle, heimliche und mit heiliger Energie durchdrungene Angriffe, die oft von g\u00f6ttlichen Agenten eingesetzt werden. Somit symbolisiert er die gesegneten Waffen, die f\u00fcr geheime Missionen und die R\u00e4cher der Gnade bestimmt sind.<\/p>\n<h2>Eine Waffe, die mit Eiden und himmlischen Gesandten in Verbindung steht<\/h2>\n<p>In <a href=\"https:\/\/eldenring.fandom.com\/wiki\/Elden_Ring_Wiki\" target=\"_blank\" rel=\"noopener noreferrer\">Elden Ring<\/a>Die <strong>Klinge des Rufs<\/strong> ist mit einer komplexen Geschichte verbunden, in der sich Erl\u00f6sung, Treue und g\u00f6ttliches Eingreifen vermischen. Sie wird von K\u00e4mpfern im Verborgenen gef\u00fchrt, die sich eher von transzendenter Gerechtigkeit als von roher Gewalt leiten lassen. Ihre einzigartige Form unterstreicht ihre Funktion: ein pr\u00e4ziser, schneller und gesegneter Schlag, der dazu dient, die Feinde der Gnade zu reinigen oder hinzurichten. Diese Nachbildung gibt die sakrale Dimension der Waffe wieder und erm\u00f6glicht es Fans, ihre Sammlung mit den himmlischen Mythen des Spiels zu verbinden. Sie bewahrt diese geheimnisvolle Aura, die irgendwo zwischen vergessener Reliquie und Instrument des Gerichts liegt.<\/p>\n<h2>Eine vollst\u00e4ndige Elden Ring-Sammlung auf R\u00e9plique Manga Cin\u00e9<\/h2>\n<p>Dieser Dolch passt zu mehreren anderen wichtigen Repliken, die bei R\u00e9plique Manga Cin\u00e9 erh\u00e4ltlich sind. Der <a href=\"https:\/\/repliquemangacine.fr\/de\/elden-ring\/groses-katana-des-drachenjagers-elden-ring\/\">Gro\u00dfes Katana \u201eDrachenj\u00e4ger\u201c<\/a> bietet rohe Kraft und drakonische \u00c4sthetik. Erg\u00e4nzend dazu die unglaubliche Nachbildung des\u2019<a href=\"https:\/\/repliquemangacine.fr\/de\/elden-ring\/schwert-bloodhound-fang-elden-ring\/\">Schwert Bloodhound Fang<\/a> f\u00e4ngt die tierische Gewalt und Geschwindigkeit der n\u00e4chtlichen J\u00e4ger ein. Schlie\u00dflich, <a href=\"https:\/\/repliquemangacine.fr\/de\/elden-ring\/rellana-elden-ring-zwillingsklingen\/\">Das Set der beiden Zwillingsklingen von Rellana<\/a> bietet einen k\u00f6niglichen Stil, der astralen Zauber und besessene Flammen miteinander verbindet. Mit diesen St\u00fccken kann jeder Sammler die epischen Schlachten der Zwischenwelt zu Hause nachstellen. Entdecken Sie unsere Auswahl und sammeln Sie die legend\u00e4rsten Waffen des Spiels.<\/p>","protected":false},"excerpt":{"rendered":"<p>F\u00fchren Sie die Klinge des Rufs, einen heiligen Dolch, der von Elden Ring inspiriert ist und sich perfekt f\u00fcr Sammler und Erben der Gnade eignet.<\/p>\n<ul>\n<li>Klinge aus geh\u00e4mmertem Stahl<\/li>\n<li>Aluminiumgriff<\/li>\n<li>Metallschmuck mit Verzierungen<\/li>\n<li>Wird mit einem Pr\u00e4sentationsst\u00e4nder aus Holz geliefert<\/li>\n<li>Klingenl\u00e4nge: 39 cm \u2013 Gesamtl\u00e4nge: 55 cm<\/li>\n<li>Gewicht: 605 g<\/li>\n<\/ul>","protected":false},"featured_media":91133,"template":"","meta":[],"product_brand":[],"product_cat":[876,107],"product_tag":[],"class_list":{"0":"post-91131","1":"product","2":"type-product","3":"status-publish","4":"has-post-thumbnail","6":"product_cat-elden-ring","7":"product_cat-nouveautes","9":"first","10":"instock","11":"taxable","12":"shipping-taxable","13":"purchasable","14":"product-type-simple"},"yoast_head":"<!-- This site is optimized with the Yoast SEO plugin v27.5 - https:\/\/yoast.com\/product\/yoast-seo-wordpress\/ -->\n<title>Lame d&#039;Appel - Elden Ring - R\u00e9plique Manga Cin\u00e9<\/title>\n<meta name=\"description\" content=\"Lame d\u2019Appel Elden Ring, finition grav\u00e9e, acier sombre, design courb\u00e9. R\u00e9plique id\u00e9ale pour collection et cosplay dans l\u2019univers Elden Ring.\" \/>\n<meta name=\"robots\" content=\"index, follow, max-snippet:-1, max-image-preview:large, max-video-preview:-1\" \/>\n<link rel=\"canonical\" href=\"https:\/\/repliquemangacine.fr\/de\/elden-ring\/klinge-des-aufrufs-elden-ring\/\" \/>\n<meta property=\"og:locale\" content=\"de_DE\" \/>\n<meta property=\"og:type\" content=\"article\" \/>\n<meta property=\"og:title\" content=\"Lame d&#039;Appel - Elden Ring - R\u00e9plique Manga Cin\u00e9\" \/>\n<meta property=\"og:description\" content=\"Lame d\u2019Appel Elden Ring, finition grav\u00e9e, acier sombre, design courb\u00e9. R\u00e9plique id\u00e9ale pour collection et cosplay dans l\u2019univers Elden Ring.\" \/>\n<meta property=\"og:url\" content=\"https:\/\/repliquemangacine.fr\/de\/elden-ring\/klinge-des-aufrufs-elden-ring\/\" \/>\n<meta property=\"og:site_name\" content=\"R\u00e9plique Manga Cin\u00e9\" \/>\n<meta property=\"article:publisher\" content=\"https:\/\/www.facebook.com\/RepliqueMangaCine\" \/>\n<meta property=\"article:modified_time\" content=\"2026-04-15T10:06:48+00:00\" \/>\n<meta property=\"og:image\" content=\"https:\/\/repliquemangacine.fr\/wp-content\/uploads\/2025\/11\/Lame-de-lAppel-Elden-Ring.jpg\" \/>\n\t<meta property=\"og:image:width\" content=\"700\" \/>\n\t<meta property=\"og:image:height\" content=\"700\" \/>\n\t<meta property=\"og:image:type\" content=\"image\/jpeg\" \/>\n<meta name=\"twitter:card\" content=\"summary_large_image\" \/>\n<meta name=\"twitter:label1\" content=\"Gesch\u00e4tzte Lesezeit\" \/>\n\t<meta name=\"twitter:data1\" content=\"2\u00a0Minuten\" \/>\n<script type=\"application\/ld+json\" class=\"yoast-schema-graph\">{\"@context\":\"https:\\\/\\\/schema.org\",\"@graph\":[{\"@type\":\"WebPage\",\"@id\":\"https:\\\/\\\/repliquemangacine.fr\\\/elden-ring\\\/lame-dappel-elden-ring\\\/\",\"url\":\"https:\\\/\\\/repliquemangacine.fr\\\/elden-ring\\\/lame-dappel-elden-ring\\\/\",\"name\":\"Lame d'Appel - Elden Ring - R\u00e9plique Manga Cin\u00e9\",\"isPartOf\":{\"@id\":\"https:\\\/\\\/repliquemangacine.fr\\\/#website\"},\"primaryImageOfPage\":{\"@id\":\"https:\\\/\\\/repliquemangacine.fr\\\/elden-ring\\\/lame-dappel-elden-ring\\\/#primaryimage\"},\"image\":{\"@id\":\"https:\\\/\\\/repliquemangacine.fr\\\/elden-ring\\\/lame-dappel-elden-ring\\\/#primaryimage\"},\"thumbnailUrl\":\"https:\\\/\\\/repliquemangacine.fr\\\/wp-content\\\/uploads\\\/2025\\\/11\\\/Lame-de-lAppel-Elden-Ring.jpg\",\"datePublished\":\"2025-11-22T17:20:47+00:00\",\"dateModified\":\"2026-04-15T10:06:48+00:00\",\"description\":\"Lame d\u2019Appel Elden Ring, finition grav\u00e9e, acier sombre, design courb\u00e9. R\u00e9plique id\u00e9ale pour collection et cosplay dans l\u2019univers Elden Ring.\",\"breadcrumb\":{\"@id\":\"https:\\\/\\\/repliquemangacine.fr\\\/elden-ring\\\/lame-dappel-elden-ring\\\/#breadcrumb\"},\"inLanguage\":\"de\",\"potentialAction\":[{\"@type\":\"ReadAction\",\"target\":[\"https:\\\/\\\/repliquemangacine.fr\\\/elden-ring\\\/lame-dappel-elden-ring\\\/\"]}]},{\"@type\":\"ImageObject\",\"inLanguage\":\"de\",\"@id\":\"https:\\\/\\\/repliquemangacine.fr\\\/elden-ring\\\/lame-dappel-elden-ring\\\/#primaryimage\",\"url\":\"https:\\\/\\\/repliquemangacine.fr\\\/wp-content\\\/uploads\\\/2025\\\/11\\\/Lame-de-lAppel-Elden-Ring.jpg\",\"contentUrl\":\"https:\\\/\\\/repliquemangacine.fr\\\/wp-content\\\/uploads\\\/2025\\\/11\\\/Lame-de-lAppel-Elden-Ring.jpg\",\"width\":700,\"height\":700,\"caption\":\"Lame d'Appel dans Elden Ring\"},{\"@type\":\"BreadcrumbList\",\"@id\":\"https:\\\/\\\/repliquemangacine.fr\\\/elden-ring\\\/lame-dappel-elden-ring\\\/#breadcrumb\",\"itemListElement\":[{\"@type\":\"ListItem\",\"position\":1,\"name\":\"Accueil\",\"item\":\"https:\\\/\\\/repliquemangacine.fr\\\/\"},{\"@type\":\"ListItem\",\"position\":2,\"name\":\"Produits\",\"item\":\"https:\\\/\\\/repliquemangacine.fr\\\/boutique\\\/\"},{\"@type\":\"ListItem\",\"position\":3,\"name\":\"Lame d&#8217;Appel &#8211; Elden Ring\"}]},{\"@type\":\"WebSite\",\"@id\":\"https:\\\/\\\/repliquemangacine.fr\\\/#website\",\"url\":\"https:\\\/\\\/repliquemangacine.fr\\\/\",\"name\":\"R\u00e9plique Manga Cin\u00e9\",\"description\":\"\",\"publisher\":{\"@id\":\"https:\\\/\\\/repliquemangacine.fr\\\/#organization\"},\"potentialAction\":[{\"@type\":\"SearchAction\",\"target\":{\"@type\":\"EntryPoint\",\"urlTemplate\":\"https:\\\/\\\/repliquemangacine.fr\\\/?s={search_term_string}\"},\"query-input\":{\"@type\":\"PropertyValueSpecification\",\"valueRequired\":true,\"valueName\":\"search_term_string\"}}],\"inLanguage\":\"de\"},{\"@type\":\"Organization\",\"@id\":\"https:\\\/\\\/repliquemangacine.fr\\\/#organization\",\"name\":\"R\u00e9plique Manga Cin\u00e9\",\"url\":\"https:\\\/\\\/repliquemangacine.fr\\\/\",\"logo\":{\"@type\":\"ImageObject\",\"inLanguage\":\"de\",\"@id\":\"https:\\\/\\\/repliquemangacine.fr\\\/#\\\/schema\\\/logo\\\/image\\\/\",\"url\":\"https:\\\/\\\/repliquemangacine.fr\\\/wp-content\\\/uploads\\\/2023\\\/10\\\/RMC-500250.png\",\"contentUrl\":\"https:\\\/\\\/repliquemangacine.fr\\\/wp-content\\\/uploads\\\/2023\\\/10\\\/RMC-500250.png\",\"width\":500,\"height\":250,\"caption\":\"R\u00e9plique Manga Cin\u00e9\"},\"image\":{\"@id\":\"https:\\\/\\\/repliquemangacine.fr\\\/#\\\/schema\\\/logo\\\/image\\\/\"},\"sameAs\":[\"https:\\\/\\\/www.facebook.com\\\/RepliqueMangaCine\",\"https:\\\/\\\/www.instagram.com\\\/repliquemangacine.fr\\\/\"]}]}<\/script>\n<!-- \/ Yoast SEO plugin. -->","yoast_head_json":{"title":"Klinge des Rufs \u2013 Elden Ring \u2013 R\u00e9plique Manga Cin\u00e9","description":"Elden Ring-Klinge, gravierte Oberfl\u00e4che, dunkler Stahl, gebogenes Design. Ideale Replik f\u00fcr Sammler und Cosplayer im Elden Ring-Universum.","robots":{"index":"index","follow":"follow","max-snippet":"max-snippet:-1","max-image-preview":"max-image-preview:large","max-video-preview":"max-video-preview:-1"},"canonical":"https:\/\/repliquemangacine.fr\/de\/elden-ring\/klinge-des-aufrufs-elden-ring\/","og_locale":"de_DE","og_type":"article","og_title":"Lame d'Appel - Elden Ring - R\u00e9plique Manga Cin\u00e9","og_description":"Lame d\u2019Appel Elden Ring, finition grav\u00e9e, acier sombre, design courb\u00e9. R\u00e9plique id\u00e9ale pour collection et cosplay dans l\u2019univers Elden Ring.","og_url":"https:\/\/repliquemangacine.fr\/de\/elden-ring\/klinge-des-aufrufs-elden-ring\/","og_site_name":"R\u00e9plique Manga Cin\u00e9","article_publisher":"https:\/\/www.facebook.com\/RepliqueMangaCine","article_modified_time":"2026-04-15T10:06:48+00:00","og_image":[{"width":700,"height":700,"url":"https:\/\/repliquemangacine.fr\/wp-content\/uploads\/2025\/11\/Lame-de-lAppel-Elden-Ring.jpg","type":"image\/jpeg"}],"twitter_card":"summary_large_image","twitter_misc":{"Gesch\u00e4tzte Lesezeit":"2\u00a0Minuten"},"schema":{"@context":"https:\/\/schema.org","@graph":[{"@type":"WebPage","@id":"https:\/\/repliquemangacine.fr\/elden-ring\/lame-dappel-elden-ring\/","url":"https:\/\/repliquemangacine.fr\/elden-ring\/lame-dappel-elden-ring\/","name":"Klinge des Rufs \u2013 Elden Ring \u2013 R\u00e9plique Manga Cin\u00e9","isPartOf":{"@id":"https:\/\/repliquemangacine.fr\/#website"},"primaryImageOfPage":{"@id":"https:\/\/repliquemangacine.fr\/elden-ring\/lame-dappel-elden-ring\/#primaryimage"},"image":{"@id":"https:\/\/repliquemangacine.fr\/elden-ring\/lame-dappel-elden-ring\/#primaryimage"},"thumbnailUrl":"https:\/\/repliquemangacine.fr\/wp-content\/uploads\/2025\/11\/Lame-de-lAppel-Elden-Ring.jpg","datePublished":"2025-11-22T17:20:47+00:00","dateModified":"2026-04-15T10:06:48+00:00","description":"Elden Ring-Klinge, gravierte Oberfl\u00e4che, dunkler Stahl, gebogenes Design. Ideale Replik f\u00fcr Sammler und Cosplayer im Elden Ring-Universum.","breadcrumb":{"@id":"https:\/\/repliquemangacine.fr\/elden-ring\/lame-dappel-elden-ring\/#breadcrumb"},"inLanguage":"de","potentialAction":[{"@type":"ReadAction","target":["https:\/\/repliquemangacine.fr\/elden-ring\/lame-dappel-elden-ring\/"]}]},{"@type":"ImageObject","inLanguage":"de","@id":"https:\/\/repliquemangacine.fr\/elden-ring\/lame-dappel-elden-ring\/#primaryimage","url":"https:\/\/repliquemangacine.fr\/wp-content\/uploads\/2025\/11\/Lame-de-lAppel-Elden-Ring.jpg","contentUrl":"https:\/\/repliquemangacine.fr\/wp-content\/uploads\/2025\/11\/Lame-de-lAppel-Elden-Ring.jpg","width":700,"height":700,"caption":"Lame d'Appel dans Elden Ring"},{"@type":"BreadcrumbList","@id":"https:\/\/repliquemangacine.fr\/elden-ring\/lame-dappel-elden-ring\/#breadcrumb","itemListElement":[{"@type":"ListItem","position":1,"name":"Accueil","item":"https:\/\/repliquemangacine.fr\/"},{"@type":"ListItem","position":2,"name":"Produits","item":"https:\/\/repliquemangacine.fr\/boutique\/"},{"@type":"ListItem","position":3,"name":"Lame d&#8217;Appel &#8211; Elden Ring"}]},{"@type":"WebSite","@id":"https:\/\/repliquemangacine.fr\/#website","url":"https:\/\/repliquemangacine.fr\/","name":"R\u00e9plique Manga Cin\u00e9","description":"","publisher":{"@id":"https:\/\/repliquemangacine.fr\/#organization"},"potentialAction":[{"@type":"SearchAction","target":{"@type":"EntryPoint","urlTemplate":"https:\/\/repliquemangacine.fr\/?s={search_term_string}"},"query-input":{"@type":"PropertyValueSpecification","valueRequired":true,"valueName":"search_term_string"}}],"inLanguage":"de"},{"@type":"Organization","@id":"https:\/\/repliquemangacine.fr\/#organization","name":"R\u00e9plique Manga Cin\u00e9","url":"https:\/\/repliquemangacine.fr\/","logo":{"@type":"ImageObject","inLanguage":"de","@id":"https:\/\/repliquemangacine.fr\/#\/schema\/logo\/image\/","url":"https:\/\/repliquemangacine.fr\/wp-content\/uploads\/2023\/10\/RMC-500250.png","contentUrl":"https:\/\/repliquemangacine.fr\/wp-content\/uploads\/2023\/10\/RMC-500250.png","width":500,"height":250,"caption":"R\u00e9plique Manga Cin\u00e9"},"image":{"@id":"https:\/\/repliquemangacine.fr\/#\/schema\/logo\/image\/"},"sameAs":["https:\/\/www.facebook.com\/RepliqueMangaCine","https:\/\/www.instagram.com\/repliquemangacine.fr\/"]}]}},"_links":{"self":[{"href":"https:\/\/repliquemangacine.fr\/de\/wp-json\/wp\/v2\/product\/91131","targetHints":{"allow":["GET"]}}],"collection":[{"href":"https:\/\/repliquemangacine.fr\/de\/wp-json\/wp\/v2\/product"}],"about":[{"href":"https:\/\/repliquemangacine.fr\/de\/wp-json\/wp\/v2\/types\/product"}],"wp:featuredmedia":[{"embeddable":true,"href":"https:\/\/repliquemangacine.fr\/de\/wp-json\/wp\/v2\/media\/91133"}],"wp:attachment":[{"href":"https:\/\/repliquemangacine.fr\/de\/wp-json\/wp\/v2\/media?parent=91131"}],"wp:term":[{"taxonomy":"product_brand","embeddable":true,"href":"https:\/\/repliquemangacine.fr\/de\/wp-json\/wp\/v2\/product_brand?post=91131"},{"taxonomy":"product_cat","embeddable":true,"href":"https:\/\/repliquemangacine.fr\/de\/wp-json\/wp\/v2\/product_cat?post=91131"},{"taxonomy":"product_tag","embeddable":true,"href":"https:\/\/repliquemangacine.fr\/de\/wp-json\/wp\/v2\/product_tag?post=91131"}],"curies":[{"name":"wp","href":"https:\/\/api.w.org\/{rel}","templated":true}]}}