





{"id":91124,"date":"2025-11-22T17:59:59","date_gmt":"2025-11-22T16:59:59","guid":{"rendered":"https:\/\/repliquemangacine.fr\/?post_type=product&#038;p=91124"},"modified":"2026-02-19T11:40:51","modified_gmt":"2026-02-19T10:40:51","slug":"groses-katana-des-drachenjagers-elden-ring","status":"publish","type":"product","link":"https:\/\/repliquemangacine.fr\/de\/elden-ring\/grand-katana-chasseur-de-dragon-elden-ring\/","title":{"rendered":"Gro\u00dfes Katana \u201eDrachenj\u00e4ger\u201c \u2013 Elden Ring"},"content":{"rendered":"<h2>Gro\u00dfes Katana \u201eDrachenj\u00e4ger\u201c: Eine Waffe, geschmiedet, um Drachen zu besiegen<\/h2>\n<p>Zun\u00e4chst einmal handelt es sich bei diesem Grand Katana Dragon Hunter um eine Stahlreplik, die von der legend\u00e4ren Waffe aus Elden Ring inspiriert ist. Die leuchtend rote Klinge ist mit mineralischen Stacheln verziert, die an die Energie eines Drachen erinnern. Der Handschutz und der Griff bestehen vollst\u00e4ndig aus massivem Stahl und sind mit detaillierten Gravuren versehen. Das Ensemble vermittelt eine brutale und heilige \u00c4sthetik, die f\u00fcr Waffen typisch ist, die gegen uralte Kreaturen gesegnet wurden. Dar\u00fcber hinaus wird es mit einer Scheide und einem Holzst\u00e4nder f\u00fcr eine prestigetr\u00e4chtige Pr\u00e4sentation geliefert. Im Spiel erm\u00f6glicht dieses Katana schnelle Angriffe und setzt gleichzeitig zerst\u00f6rerische aufgeladene Schl\u00e4ge frei. Damit wird es zur idealen Waffe f\u00fcr Krieger, die sich der Drachenjagd verschrieben haben.<\/p>\n<h2>Das Erbe der verfluchten Klingen von Elden Ring<\/h2>\n<p>Zun\u00e4chst einmal ist das Universum von\u2019<a href=\"https:\/\/eldenring.fandom.com\/wiki\/Elden_Ring_Wiki\" target=\"_blank\" rel=\"noopener noreferrer\">Elden Ring<\/a> ist bev\u00f6lkert von kolossalen Kreaturen und uralten Drachen mit mystischen Kr\u00e4ften. Dieses Katana verk\u00f6rpert diesen erbitterten Kampf, indem es Geschwindigkeit und Pr\u00e4zision vereint. Sein einzigartiger Stil erinnert an Waffen aus vergessenen Kulten, in denen sich Magie mit Stein und Blut vermischt. Die J\u00e4ger, die es f\u00fchren, folgen einem unerbittlichen Weg zwischen Rache und spirituellem Aufstieg. Dank dieser Reproduktion finden Fans einen Teil des epischen Wahnsinns wieder, der f\u00fcr titanische Bossk\u00e4mpfe so typisch ist. Es richtet sich an Sammler, die ein imposantes St\u00fcck suchen, das die Brutalit\u00e4t des Spiels widerspiegelt.<\/p>\n<h2>Eine vollst\u00e4ndige Elden Ring-Sammlung auf R\u00e9plique Manga Cin\u00e9<\/h2>\n<p>Dieses Katana reiht sich in eine prestigetr\u00e4chtige Auswahl ein, die ganz den mythischen Waffen von Elden Ring gewidmet ist und auf R\u00e9plique Manga Cin\u00e9 erh\u00e4ltlich ist. Zum Beispiel die wundersch\u00f6ne Replik des\u2019<a href=\"https:\/\/repliquemangacine.fr\/de\/elden-ring\/dark-moon-greatsword-metal-elden-ring\/\">Schwert Dark Moon Greatsword<\/a> erh\u00e4lt ihren spektralen blauen Glanz zur\u00fcck, der den Zauberern des Schwarzen Mondes w\u00fcrdig ist. Erg\u00e4nzend dazu <a href=\"https:\/\/repliquemangacine.fr\/de\/elden-ring\/rellana-eldens-mondklinge-ring-shadow-of-the-erdtree\/\">Rellanas Mondklinge<\/a> inspiriert von Shadow of the Erdtree, besticht durch eine raffinierte \u00c4sthetik mit astralen Farbt\u00f6nen. Schlie\u00dflich<a href=\"https:\/\/repliquemangacine.fr\/de\/elden-ring\/flammende-klinge-von-rellana-elden-ring-shadow-of-the-erdtree\/\"> Rellanas Flammende Klinge<\/a> bringt mit seiner gl\u00fchenden Silhouette feurige Energie mit sich. Dank dieser vielf\u00e4ltigen St\u00fccke kann jeder Fan die wichtigsten Waffen der Zwischenwelt in einer einzigartigen Sammlung vereinen. Entdecken Sie alle unsere Repliken, um Ihr episches Arsenal zu vervollst\u00e4ndigen.<\/p>","protected":false},"excerpt":{"rendered":"<p>Beherrsche das Zwischenland mit dem Grand Katana Dragon Hunter, einer epischen roten Klinge, die von Elden Ring inspiriert ist und f\u00fcr begeisterte Sammler gedacht ist.<\/p>\n<ul>\n<li>Rote Stahlklinge mit Dornen entlang der gesamten Klinge<\/li>\n<li>Garde und Griff aus fein verziertem Massivstahl<\/li>\n<li>Lieferung mit Scheide und Holzst\u00e4nder<\/li>\n<li>Klingenl\u00e4nge: 79 cm \u2013 Gesamtl\u00e4nge: 112 cm<\/li>\n<li>Gewicht: 1150 g, mit Scheide 1775 g<\/li>\n<\/ul>","protected":false},"featured_media":91125,"template":"","meta":[],"product_brand":[],"product_cat":[876],"product_tag":[],"class_list":{"0":"post-91124","1":"product","2":"type-product","3":"status-publish","4":"has-post-thumbnail","6":"product_cat-elden-ring","8":"first","9":"instock","10":"taxable","11":"shipping-taxable","12":"purchasable","13":"product-type-simple"},"yoast_head":"<!-- This site is optimized with the Yoast SEO plugin v27.4 - https:\/\/yoast.com\/product\/yoast-seo-wordpress\/ -->\n<title>Grand Katana Chasseur de Dragon - Elden Ring - R\u00e9plique Manga Cin\u00e9<\/title>\n<meta name=\"description\" content=\"Grand Katana Chasseur de Dragon en acier rouge d\u00e9cor\u00e9, avec fourreau et support. R\u00e9plique Elden Ring id\u00e9ale collection et exposition.\" \/>\n<meta name=\"robots\" content=\"index, follow, max-snippet:-1, max-image-preview:large, max-video-preview:-1\" \/>\n<link rel=\"canonical\" href=\"https:\/\/repliquemangacine.fr\/de\/elden-ring\/groses-katana-des-drachenjagers-elden-ring\/\" \/>\n<meta property=\"og:locale\" content=\"de_DE\" \/>\n<meta property=\"og:type\" content=\"article\" \/>\n<meta property=\"og:title\" content=\"Grand Katana Chasseur de Dragon - Elden Ring - R\u00e9plique Manga Cin\u00e9\" \/>\n<meta property=\"og:description\" content=\"Grand Katana Chasseur de Dragon en acier rouge d\u00e9cor\u00e9, avec fourreau et support. R\u00e9plique Elden Ring id\u00e9ale collection et exposition.\" \/>\n<meta property=\"og:url\" content=\"https:\/\/repliquemangacine.fr\/de\/elden-ring\/groses-katana-des-drachenjagers-elden-ring\/\" \/>\n<meta property=\"og:site_name\" content=\"R\u00e9plique Manga Cin\u00e9\" \/>\n<meta property=\"article:publisher\" content=\"https:\/\/www.facebook.com\/RepliqueMangaCine\" \/>\n<meta property=\"article:modified_time\" content=\"2026-02-19T10:40:51+00:00\" \/>\n<meta property=\"og:image\" content=\"https:\/\/repliquemangacine.fr\/wp-content\/uploads\/2025\/11\/Grand-Katana-Chasseur-de-Dragon-Elden-Ring.jpg\" \/>\n\t<meta property=\"og:image:width\" content=\"700\" \/>\n\t<meta property=\"og:image:height\" content=\"700\" \/>\n\t<meta property=\"og:image:type\" content=\"image\/jpeg\" \/>\n<meta name=\"twitter:card\" content=\"summary_large_image\" \/>\n<meta name=\"twitter:label1\" content=\"Gesch\u00e4tzte Lesezeit\" \/>\n\t<meta name=\"twitter:data1\" content=\"2\u00a0Minuten\" \/>\n<script type=\"application\/ld+json\" class=\"yoast-schema-graph\">{\"@context\":\"https:\\\/\\\/schema.org\",\"@graph\":[{\"@type\":\"WebPage\",\"@id\":\"https:\\\/\\\/repliquemangacine.fr\\\/elden-ring\\\/grand-katana-chasseur-de-dragon-elden-ring\\\/\",\"url\":\"https:\\\/\\\/repliquemangacine.fr\\\/elden-ring\\\/grand-katana-chasseur-de-dragon-elden-ring\\\/\",\"name\":\"Grand Katana Chasseur de Dragon - Elden Ring - R\u00e9plique Manga Cin\u00e9\",\"isPartOf\":{\"@id\":\"https:\\\/\\\/repliquemangacine.fr\\\/#website\"},\"primaryImageOfPage\":{\"@id\":\"https:\\\/\\\/repliquemangacine.fr\\\/elden-ring\\\/grand-katana-chasseur-de-dragon-elden-ring\\\/#primaryimage\"},\"image\":{\"@id\":\"https:\\\/\\\/repliquemangacine.fr\\\/elden-ring\\\/grand-katana-chasseur-de-dragon-elden-ring\\\/#primaryimage\"},\"thumbnailUrl\":\"https:\\\/\\\/repliquemangacine.fr\\\/wp-content\\\/uploads\\\/2025\\\/11\\\/Grand-Katana-Chasseur-de-Dragon-Elden-Ring.jpg\",\"datePublished\":\"2025-11-22T16:59:59+00:00\",\"dateModified\":\"2026-02-19T10:40:51+00:00\",\"description\":\"Grand Katana Chasseur de Dragon en acier rouge d\u00e9cor\u00e9, avec fourreau et support. R\u00e9plique Elden Ring id\u00e9ale collection et exposition.\",\"breadcrumb\":{\"@id\":\"https:\\\/\\\/repliquemangacine.fr\\\/elden-ring\\\/grand-katana-chasseur-de-dragon-elden-ring\\\/#breadcrumb\"},\"inLanguage\":\"de\",\"potentialAction\":[{\"@type\":\"ReadAction\",\"target\":[\"https:\\\/\\\/repliquemangacine.fr\\\/elden-ring\\\/grand-katana-chasseur-de-dragon-elden-ring\\\/\"]}]},{\"@type\":\"ImageObject\",\"inLanguage\":\"de\",\"@id\":\"https:\\\/\\\/repliquemangacine.fr\\\/elden-ring\\\/grand-katana-chasseur-de-dragon-elden-ring\\\/#primaryimage\",\"url\":\"https:\\\/\\\/repliquemangacine.fr\\\/wp-content\\\/uploads\\\/2025\\\/11\\\/Grand-Katana-Chasseur-de-Dragon-Elden-Ring.jpg\",\"contentUrl\":\"https:\\\/\\\/repliquemangacine.fr\\\/wp-content\\\/uploads\\\/2025\\\/11\\\/Grand-Katana-Chasseur-de-Dragon-Elden-Ring.jpg\",\"width\":700,\"height\":700,\"caption\":\"Grand Katana Chasseur de Dragon dans Elden Ring\"},{\"@type\":\"BreadcrumbList\",\"@id\":\"https:\\\/\\\/repliquemangacine.fr\\\/elden-ring\\\/grand-katana-chasseur-de-dragon-elden-ring\\\/#breadcrumb\",\"itemListElement\":[{\"@type\":\"ListItem\",\"position\":1,\"name\":\"Accueil\",\"item\":\"https:\\\/\\\/repliquemangacine.fr\\\/\"},{\"@type\":\"ListItem\",\"position\":2,\"name\":\"Produits\",\"item\":\"https:\\\/\\\/repliquemangacine.fr\\\/boutique\\\/\"},{\"@type\":\"ListItem\",\"position\":3,\"name\":\"Grand Katana Chasseur de Dragon &#8211; Elden Ring\"}]},{\"@type\":\"WebSite\",\"@id\":\"https:\\\/\\\/repliquemangacine.fr\\\/#website\",\"url\":\"https:\\\/\\\/repliquemangacine.fr\\\/\",\"name\":\"R\u00e9plique Manga Cin\u00e9\",\"description\":\"\",\"publisher\":{\"@id\":\"https:\\\/\\\/repliquemangacine.fr\\\/#organization\"},\"potentialAction\":[{\"@type\":\"SearchAction\",\"target\":{\"@type\":\"EntryPoint\",\"urlTemplate\":\"https:\\\/\\\/repliquemangacine.fr\\\/?s={search_term_string}\"},\"query-input\":{\"@type\":\"PropertyValueSpecification\",\"valueRequired\":true,\"valueName\":\"search_term_string\"}}],\"inLanguage\":\"de\"},{\"@type\":\"Organization\",\"@id\":\"https:\\\/\\\/repliquemangacine.fr\\\/#organization\",\"name\":\"R\u00e9plique Manga Cin\u00e9\",\"url\":\"https:\\\/\\\/repliquemangacine.fr\\\/\",\"logo\":{\"@type\":\"ImageObject\",\"inLanguage\":\"de\",\"@id\":\"https:\\\/\\\/repliquemangacine.fr\\\/#\\\/schema\\\/logo\\\/image\\\/\",\"url\":\"https:\\\/\\\/repliquemangacine.fr\\\/wp-content\\\/uploads\\\/2023\\\/10\\\/RMC-500250.png\",\"contentUrl\":\"https:\\\/\\\/repliquemangacine.fr\\\/wp-content\\\/uploads\\\/2023\\\/10\\\/RMC-500250.png\",\"width\":500,\"height\":250,\"caption\":\"R\u00e9plique Manga Cin\u00e9\"},\"image\":{\"@id\":\"https:\\\/\\\/repliquemangacine.fr\\\/#\\\/schema\\\/logo\\\/image\\\/\"},\"sameAs\":[\"https:\\\/\\\/www.facebook.com\\\/RepliqueMangaCine\",\"https:\\\/\\\/www.instagram.com\\\/repliquemangacine.fr\\\/\"]}]}<\/script>\n<!-- \/ Yoast SEO plugin. -->","yoast_head_json":{"title":"Gro\u00dfes Katana \u201eDrachenj\u00e4ger\u201c \u2013 Elden Ring \u2013 R\u00e9plique Manga Cin\u00e9","description":"Gro\u00dfes Katana \u201eDrachenj\u00e4ger\u201c aus rotem Stahl mit Verzierungen, mit Scheide und Halterung. Ideale Elden Ring-Replik f\u00fcr Sammler und Ausstellungen.","robots":{"index":"index","follow":"follow","max-snippet":"max-snippet:-1","max-image-preview":"max-image-preview:large","max-video-preview":"max-video-preview:-1"},"canonical":"https:\/\/repliquemangacine.fr\/de\/elden-ring\/groses-katana-des-drachenjagers-elden-ring\/","og_locale":"de_DE","og_type":"article","og_title":"Grand Katana Chasseur de Dragon - Elden Ring - R\u00e9plique Manga Cin\u00e9","og_description":"Grand Katana Chasseur de Dragon en acier rouge d\u00e9cor\u00e9, avec fourreau et support. R\u00e9plique Elden Ring id\u00e9ale collection et exposition.","og_url":"https:\/\/repliquemangacine.fr\/de\/elden-ring\/groses-katana-des-drachenjagers-elden-ring\/","og_site_name":"R\u00e9plique Manga Cin\u00e9","article_publisher":"https:\/\/www.facebook.com\/RepliqueMangaCine","article_modified_time":"2026-02-19T10:40:51+00:00","og_image":[{"width":700,"height":700,"url":"https:\/\/repliquemangacine.fr\/wp-content\/uploads\/2025\/11\/Grand-Katana-Chasseur-de-Dragon-Elden-Ring.jpg","type":"image\/jpeg"}],"twitter_card":"summary_large_image","twitter_misc":{"Gesch\u00e4tzte Lesezeit":"2\u00a0Minuten"},"schema":{"@context":"https:\/\/schema.org","@graph":[{"@type":"WebPage","@id":"https:\/\/repliquemangacine.fr\/elden-ring\/grand-katana-chasseur-de-dragon-elden-ring\/","url":"https:\/\/repliquemangacine.fr\/elden-ring\/grand-katana-chasseur-de-dragon-elden-ring\/","name":"Gro\u00dfes Katana \u201eDrachenj\u00e4ger\u201c \u2013 Elden Ring \u2013 R\u00e9plique Manga Cin\u00e9","isPartOf":{"@id":"https:\/\/repliquemangacine.fr\/#website"},"primaryImageOfPage":{"@id":"https:\/\/repliquemangacine.fr\/elden-ring\/grand-katana-chasseur-de-dragon-elden-ring\/#primaryimage"},"image":{"@id":"https:\/\/repliquemangacine.fr\/elden-ring\/grand-katana-chasseur-de-dragon-elden-ring\/#primaryimage"},"thumbnailUrl":"https:\/\/repliquemangacine.fr\/wp-content\/uploads\/2025\/11\/Grand-Katana-Chasseur-de-Dragon-Elden-Ring.jpg","datePublished":"2025-11-22T16:59:59+00:00","dateModified":"2026-02-19T10:40:51+00:00","description":"Gro\u00dfes Katana \u201eDrachenj\u00e4ger\u201c aus rotem Stahl mit Verzierungen, mit Scheide und Halterung. Ideale Elden Ring-Replik f\u00fcr Sammler und Ausstellungen.","breadcrumb":{"@id":"https:\/\/repliquemangacine.fr\/elden-ring\/grand-katana-chasseur-de-dragon-elden-ring\/#breadcrumb"},"inLanguage":"de","potentialAction":[{"@type":"ReadAction","target":["https:\/\/repliquemangacine.fr\/elden-ring\/grand-katana-chasseur-de-dragon-elden-ring\/"]}]},{"@type":"ImageObject","inLanguage":"de","@id":"https:\/\/repliquemangacine.fr\/elden-ring\/grand-katana-chasseur-de-dragon-elden-ring\/#primaryimage","url":"https:\/\/repliquemangacine.fr\/wp-content\/uploads\/2025\/11\/Grand-Katana-Chasseur-de-Dragon-Elden-Ring.jpg","contentUrl":"https:\/\/repliquemangacine.fr\/wp-content\/uploads\/2025\/11\/Grand-Katana-Chasseur-de-Dragon-Elden-Ring.jpg","width":700,"height":700,"caption":"Grand Katana Chasseur de Dragon dans Elden Ring"},{"@type":"BreadcrumbList","@id":"https:\/\/repliquemangacine.fr\/elden-ring\/grand-katana-chasseur-de-dragon-elden-ring\/#breadcrumb","itemListElement":[{"@type":"ListItem","position":1,"name":"Accueil","item":"https:\/\/repliquemangacine.fr\/"},{"@type":"ListItem","position":2,"name":"Produits","item":"https:\/\/repliquemangacine.fr\/boutique\/"},{"@type":"ListItem","position":3,"name":"Grand Katana Chasseur de Dragon &#8211; Elden Ring"}]},{"@type":"WebSite","@id":"https:\/\/repliquemangacine.fr\/#website","url":"https:\/\/repliquemangacine.fr\/","name":"R\u00e9plique Manga Cin\u00e9","description":"","publisher":{"@id":"https:\/\/repliquemangacine.fr\/#organization"},"potentialAction":[{"@type":"SearchAction","target":{"@type":"EntryPoint","urlTemplate":"https:\/\/repliquemangacine.fr\/?s={search_term_string}"},"query-input":{"@type":"PropertyValueSpecification","valueRequired":true,"valueName":"search_term_string"}}],"inLanguage":"de"},{"@type":"Organization","@id":"https:\/\/repliquemangacine.fr\/#organization","name":"R\u00e9plique Manga Cin\u00e9","url":"https:\/\/repliquemangacine.fr\/","logo":{"@type":"ImageObject","inLanguage":"de","@id":"https:\/\/repliquemangacine.fr\/#\/schema\/logo\/image\/","url":"https:\/\/repliquemangacine.fr\/wp-content\/uploads\/2023\/10\/RMC-500250.png","contentUrl":"https:\/\/repliquemangacine.fr\/wp-content\/uploads\/2023\/10\/RMC-500250.png","width":500,"height":250,"caption":"R\u00e9plique Manga Cin\u00e9"},"image":{"@id":"https:\/\/repliquemangacine.fr\/#\/schema\/logo\/image\/"},"sameAs":["https:\/\/www.facebook.com\/RepliqueMangaCine","https:\/\/www.instagram.com\/repliquemangacine.fr\/"]}]}},"_links":{"self":[{"href":"https:\/\/repliquemangacine.fr\/de\/wp-json\/wp\/v2\/product\/91124","targetHints":{"allow":["GET"]}}],"collection":[{"href":"https:\/\/repliquemangacine.fr\/de\/wp-json\/wp\/v2\/product"}],"about":[{"href":"https:\/\/repliquemangacine.fr\/de\/wp-json\/wp\/v2\/types\/product"}],"wp:featuredmedia":[{"embeddable":true,"href":"https:\/\/repliquemangacine.fr\/de\/wp-json\/wp\/v2\/media\/91125"}],"wp:attachment":[{"href":"https:\/\/repliquemangacine.fr\/de\/wp-json\/wp\/v2\/media?parent=91124"}],"wp:term":[{"taxonomy":"product_brand","embeddable":true,"href":"https:\/\/repliquemangacine.fr\/de\/wp-json\/wp\/v2\/product_brand?post=91124"},{"taxonomy":"product_cat","embeddable":true,"href":"https:\/\/repliquemangacine.fr\/de\/wp-json\/wp\/v2\/product_cat?post=91124"},{"taxonomy":"product_tag","embeddable":true,"href":"https:\/\/repliquemangacine.fr\/de\/wp-json\/wp\/v2\/product_tag?post=91124"}],"curies":[{"name":"wp","href":"https:\/\/api.w.org\/{rel}","templated":true}]}}