





{"id":91115,"date":"2025-11-22T17:26:27","date_gmt":"2025-11-22T16:26:27","guid":{"rendered":"https:\/\/repliquemangacine.fr\/?post_type=product&#038;p=91115"},"modified":"2026-03-25T15:50:36","modified_gmt":"2026-03-25T14:50:36","slug":"stab-des-affenkonigs-wukong-black-myth-wukong","status":"publish","type":"product","link":"https:\/\/repliquemangacine.fr\/de\/katana-et-epee-de-jeux-video-autre-jeux-video\/baton-du-roi-singe-wukong-black-myth-wukong\/","title":{"rendered":"Stab des Affenk\u00f6nigs Wukong \u2013 Black Myth: Wukong"},"content":{"rendered":"<h2>Stab des Affenk\u00f6nigs Wukong: mystischer, ausziehbarer Stab, inspiriert von Black Myth: Wukong<\/h2>\n<p>Diese <strong>Stab des Affenk\u00f6nigs Wukong<\/strong> ist eine originalgetreue Nachbildung, inspiriert vom Videospiel <a href=\"https:\/\/blackmythwukong.fandom.com\/wiki\/Black_Myth:_Wukong_Wiki\" target=\"_blank\" rel=\"noopener noreferrer\">Black Myth<\/a>: Wukong. Hergestellt aus Harz und Glasfaser mit einer verschiebbaren Verl\u00e4ngerung aus Metall, die mit eingravierten Zeichen verziert ist. Im geschlossenen Zustand misst er 100 cm und erreicht vollst\u00e4ndig ausgezogen eine L\u00e4nge von 166 cm. Mit seinen 1990 g bietet er einen soliden und realistischen Griff, ideal f\u00fcr Ausstellungen und Cosplay. Die vergoldeten Enden sind mit mythologischen Motiven verziert, die an die g\u00f6ttlichen Waffen aus asiatischen Legenden erinnern. Im Spiel dient dieser Stab als Hauptwaffe und erm\u00f6glicht schnelle Angriffe, Verwandlungen und spektakul\u00e4re Combos. So wird er zu einem Symbol f\u00fcr himmlische Macht und spirituelle Meisterschaft.<\/p>\n<h2>Wukong, der Affenk\u00f6nig, der zur Legende wurde<\/h2>\n<p>Zun\u00e4chst einmal ist Wukong ein schwer fassbarer Held, der aus der chinesischen Mythologie stammt und in Black Myth: Wukong neu interpretiert wurde. Er verk\u00f6rpert Bosheit, Mut und g\u00f6ttliche Kraft und ist in der Lage, sich D\u00e4monen, himmlischen K\u00f6nigen und mystischen Kreaturen zu stellen. Sein Stab begleitet seine Verwandlungen und spiegelt seine St\u00e4rke, seine List und seine Freiheit wider. Dank seiner Kr\u00e4fte wird jeder Kampf zu einem Tanz zwischen Illusionen, Geschwindigkeit und roher Kraft. Diese Replik ist eine Hommage an eine der ikonischsten Figuren der asiatischen Folklore, neu interpretiert in einer d\u00fcsteren und epischen Version. Sie richtet sich an Enthusiasten, die ein Highlight f\u00fcr ihre Sammlung suchen.<\/p>\n<h2>Eine heroische Sammlung auf R\u00e9plique Manga Cin\u00e9<\/h2>\n<p>Dieser Stock kann zu einer Auswahl von Repliken geh\u00f6ren, die von gro\u00dfen Lizenzen inspiriert sind und auf R\u00e9plique Manga Cin\u00e9 erh\u00e4ltlich sind. Zum Beispiel der\u2019<a href=\"https:\/\/repliquemangacine.fr\/de\/solo-leveling\/langschwert-des-konigs-demon-sung-jin-woo\/\">Langschwert des D\u00e4monenk\u00f6nigs von Sung Jin-Woo<\/a> in Solo Leveling eine d\u00fcstere und imposante Aura ausstrahlt. Wir bieten auch das <a href=\"https:\/\/repliquemangacine.fr\/de\/katana-und-schwert-von-videospielen-andere-videospiele\/schild-des-wachters-von-kratos-gott-des-krieges\/\">Schild des W\u00e4chters von Kratos<\/a> aus God of War f\u00fcr einen nordisch-mythologischen Touch. Schlie\u00dflich die <a href=\"https:\/\/repliquemangacine.fr\/de\/katana-und-schwert-von-videospielen-andere-videospiele\/squall-gunblade-final-fantasy\/\">Squalls Gunblade<\/a> inspiriert von Final Fantasy, verleiht ihr eine technomagische Dimension. Dank dieser vielf\u00e4ltigen St\u00fccke k\u00f6nnen Sie eine komplette Sammlung zusammenstellen, die Videospiele, Fantasy und Legenden vereint. Entdecken Sie unseren Katalog, um Ihr eigenes Pantheon von Helden zusammenzustellen.<\/p>","protected":false},"excerpt":{"rendered":"<p>Entfesseln Sie die himmlische Kraft des Affenk\u00f6nigs mit diesem ausziehbaren Stab, der von Black Myth: Wukong inspiriert ist, einem mythischen Sammlerst\u00fcck.<\/p>\n<ul>\n<li>Stock aus Harz und Glasfaser<\/li>\n<li>Metallverl\u00e4ngerung mit Symbolen<\/li>\n<li>Die vergoldeten Enden zeigen mythologische Motive, die an die g\u00f6ttlichen Waffen aus asiatischen Legenden erinnern.<\/li>\n<li>Geschlossen misst es 100 cm und erreicht vollst\u00e4ndig ausgezogen eine L\u00e4nge von 166 cm.<\/li>\n<li>Gewicht: 1990 g<\/li>\n<\/ul>","protected":false},"featured_media":91118,"template":"","meta":[],"product_brand":[],"product_cat":[23,107,67],"product_tag":[],"class_list":{"0":"post-91115","1":"product","2":"type-product","3":"status-publish","4":"has-post-thumbnail","6":"product_cat-repliques-manga-jeux-video","7":"product_cat-nouveautes","8":"product_cat-katana-et-epee-de-jeux-video-autre-jeux-video","10":"first","11":"instock","12":"taxable","13":"shipping-taxable","14":"purchasable","15":"product-type-simple"},"yoast_head":"<!-- This site is optimized with the Yoast SEO plugin v27.4 - https:\/\/yoast.com\/product\/yoast-seo-wordpress\/ -->\n<title>B\u00e2ton du Roi Singe Wukong - Black Myth: Wukong - R\u00e9plique Manga Cin\u00e9<\/title>\n<meta name=\"description\" content=\"B\u00e2ton du Roi Singe Wukong extensible et en r\u00e9sine + m\u00e9tal, 100 \u00e0 166 cm, 1,99 kg. R\u00e9plique Black Myth: Wukong id\u00e9ale cosplay et collection fantasie.\" \/>\n<meta name=\"robots\" content=\"index, follow, max-snippet:-1, max-image-preview:large, max-video-preview:-1\" \/>\n<link rel=\"canonical\" href=\"https:\/\/repliquemangacine.fr\/de\/katana-und-schwert-von-videospielen-andere-videospiele\/stab-des-affenkonigs-wukong-black-myth-wukong\/\" \/>\n<meta property=\"og:locale\" content=\"de_DE\" \/>\n<meta property=\"og:type\" content=\"article\" \/>\n<meta property=\"og:title\" content=\"B\u00e2ton du Roi Singe Wukong - Black Myth: Wukong - R\u00e9plique Manga Cin\u00e9\" \/>\n<meta property=\"og:description\" content=\"B\u00e2ton du Roi Singe Wukong extensible et en r\u00e9sine + m\u00e9tal, 100 \u00e0 166 cm, 1,99 kg. R\u00e9plique Black Myth: Wukong id\u00e9ale cosplay et collection fantasie.\" \/>\n<meta property=\"og:url\" content=\"https:\/\/repliquemangacine.fr\/de\/katana-und-schwert-von-videospielen-andere-videospiele\/stab-des-affenkonigs-wukong-black-myth-wukong\/\" \/>\n<meta property=\"og:site_name\" content=\"R\u00e9plique Manga Cin\u00e9\" \/>\n<meta property=\"article:publisher\" content=\"https:\/\/www.facebook.com\/RepliqueMangaCine\" \/>\n<meta property=\"article:modified_time\" content=\"2026-03-25T14:50:36+00:00\" \/>\n<meta property=\"og:image\" content=\"https:\/\/repliquemangacine.fr\/wp-content\/uploads\/2025\/11\/Baton-du-roi-Wukong.jpg\" \/>\n\t<meta property=\"og:image:width\" content=\"700\" \/>\n\t<meta property=\"og:image:height\" content=\"700\" \/>\n\t<meta property=\"og:image:type\" content=\"image\/jpeg\" \/>\n<meta name=\"twitter:card\" content=\"summary_large_image\" \/>\n<meta name=\"twitter:label1\" content=\"Gesch\u00e4tzte Lesezeit\" \/>\n\t<meta name=\"twitter:data1\" content=\"2\u00a0Minuten\" \/>\n<script type=\"application\/ld+json\" class=\"yoast-schema-graph\">{\"@context\":\"https:\\\/\\\/schema.org\",\"@graph\":[{\"@type\":\"WebPage\",\"@id\":\"https:\\\/\\\/repliquemangacine.fr\\\/katana-et-epee-de-jeux-video-autre-jeux-video\\\/baton-du-roi-singe-wukong-black-myth-wukong\\\/\",\"url\":\"https:\\\/\\\/repliquemangacine.fr\\\/katana-et-epee-de-jeux-video-autre-jeux-video\\\/baton-du-roi-singe-wukong-black-myth-wukong\\\/\",\"name\":\"B\u00e2ton du Roi Singe Wukong - Black Myth: Wukong - R\u00e9plique Manga Cin\u00e9\",\"isPartOf\":{\"@id\":\"https:\\\/\\\/repliquemangacine.fr\\\/#website\"},\"primaryImageOfPage\":{\"@id\":\"https:\\\/\\\/repliquemangacine.fr\\\/katana-et-epee-de-jeux-video-autre-jeux-video\\\/baton-du-roi-singe-wukong-black-myth-wukong\\\/#primaryimage\"},\"image\":{\"@id\":\"https:\\\/\\\/repliquemangacine.fr\\\/katana-et-epee-de-jeux-video-autre-jeux-video\\\/baton-du-roi-singe-wukong-black-myth-wukong\\\/#primaryimage\"},\"thumbnailUrl\":\"https:\\\/\\\/repliquemangacine.fr\\\/wp-content\\\/uploads\\\/2025\\\/11\\\/Baton-du-roi-Wukong.jpg\",\"datePublished\":\"2025-11-22T16:26:27+00:00\",\"dateModified\":\"2026-03-25T14:50:36+00:00\",\"description\":\"B\u00e2ton du Roi Singe Wukong extensible et en r\u00e9sine + m\u00e9tal, 100 \u00e0 166 cm, 1,99 kg. R\u00e9plique Black Myth: Wukong id\u00e9ale cosplay et collection fantasie.\",\"breadcrumb\":{\"@id\":\"https:\\\/\\\/repliquemangacine.fr\\\/katana-et-epee-de-jeux-video-autre-jeux-video\\\/baton-du-roi-singe-wukong-black-myth-wukong\\\/#breadcrumb\"},\"inLanguage\":\"de\",\"potentialAction\":[{\"@type\":\"ReadAction\",\"target\":[\"https:\\\/\\\/repliquemangacine.fr\\\/katana-et-epee-de-jeux-video-autre-jeux-video\\\/baton-du-roi-singe-wukong-black-myth-wukong\\\/\"]}]},{\"@type\":\"ImageObject\",\"inLanguage\":\"de\",\"@id\":\"https:\\\/\\\/repliquemangacine.fr\\\/katana-et-epee-de-jeux-video-autre-jeux-video\\\/baton-du-roi-singe-wukong-black-myth-wukong\\\/#primaryimage\",\"url\":\"https:\\\/\\\/repliquemangacine.fr\\\/wp-content\\\/uploads\\\/2025\\\/11\\\/Baton-du-roi-Wukong.jpg\",\"contentUrl\":\"https:\\\/\\\/repliquemangacine.fr\\\/wp-content\\\/uploads\\\/2025\\\/11\\\/Baton-du-roi-Wukong.jpg\",\"width\":700,\"height\":700,\"caption\":\"B\u00e2ton du Roi Singe Wukong dans Black Myth\"},{\"@type\":\"BreadcrumbList\",\"@id\":\"https:\\\/\\\/repliquemangacine.fr\\\/katana-et-epee-de-jeux-video-autre-jeux-video\\\/baton-du-roi-singe-wukong-black-myth-wukong\\\/#breadcrumb\",\"itemListElement\":[{\"@type\":\"ListItem\",\"position\":1,\"name\":\"Accueil\",\"item\":\"https:\\\/\\\/repliquemangacine.fr\\\/\"},{\"@type\":\"ListItem\",\"position\":2,\"name\":\"Produits\",\"item\":\"https:\\\/\\\/repliquemangacine.fr\\\/boutique\\\/\"},{\"@type\":\"ListItem\",\"position\":3,\"name\":\"B\u00e2ton du Roi Singe Wukong &#8211; Black Myth: Wukong\"}]},{\"@type\":\"WebSite\",\"@id\":\"https:\\\/\\\/repliquemangacine.fr\\\/#website\",\"url\":\"https:\\\/\\\/repliquemangacine.fr\\\/\",\"name\":\"R\u00e9plique Manga Cin\u00e9\",\"description\":\"\",\"publisher\":{\"@id\":\"https:\\\/\\\/repliquemangacine.fr\\\/#organization\"},\"potentialAction\":[{\"@type\":\"SearchAction\",\"target\":{\"@type\":\"EntryPoint\",\"urlTemplate\":\"https:\\\/\\\/repliquemangacine.fr\\\/?s={search_term_string}\"},\"query-input\":{\"@type\":\"PropertyValueSpecification\",\"valueRequired\":true,\"valueName\":\"search_term_string\"}}],\"inLanguage\":\"de\"},{\"@type\":\"Organization\",\"@id\":\"https:\\\/\\\/repliquemangacine.fr\\\/#organization\",\"name\":\"R\u00e9plique Manga Cin\u00e9\",\"url\":\"https:\\\/\\\/repliquemangacine.fr\\\/\",\"logo\":{\"@type\":\"ImageObject\",\"inLanguage\":\"de\",\"@id\":\"https:\\\/\\\/repliquemangacine.fr\\\/#\\\/schema\\\/logo\\\/image\\\/\",\"url\":\"https:\\\/\\\/repliquemangacine.fr\\\/wp-content\\\/uploads\\\/2023\\\/10\\\/RMC-500250.png\",\"contentUrl\":\"https:\\\/\\\/repliquemangacine.fr\\\/wp-content\\\/uploads\\\/2023\\\/10\\\/RMC-500250.png\",\"width\":500,\"height\":250,\"caption\":\"R\u00e9plique Manga Cin\u00e9\"},\"image\":{\"@id\":\"https:\\\/\\\/repliquemangacine.fr\\\/#\\\/schema\\\/logo\\\/image\\\/\"},\"sameAs\":[\"https:\\\/\\\/www.facebook.com\\\/RepliqueMangaCine\",\"https:\\\/\\\/www.instagram.com\\\/repliquemangacine.fr\\\/\"]}]}<\/script>\n<!-- \/ Yoast SEO plugin. -->","yoast_head_json":{"title":"Stab des Affenk\u00f6nigs Wukong \u2013 Black Myth: Wukong \u2013 R\u00e9plique Manga Cin\u00e9","description":"Ausziehbarer Stab des Affenk\u00f6nigs Wukong aus Harz und Metall, 100 bis 166 cm, 1,99 kg. Replik Black Myth: Wukong, ideal f\u00fcr Cosplay und Fantasiesammlungen.","robots":{"index":"index","follow":"follow","max-snippet":"max-snippet:-1","max-image-preview":"max-image-preview:large","max-video-preview":"max-video-preview:-1"},"canonical":"https:\/\/repliquemangacine.fr\/de\/katana-und-schwert-von-videospielen-andere-videospiele\/stab-des-affenkonigs-wukong-black-myth-wukong\/","og_locale":"de_DE","og_type":"article","og_title":"B\u00e2ton du Roi Singe Wukong - Black Myth: Wukong - R\u00e9plique Manga Cin\u00e9","og_description":"B\u00e2ton du Roi Singe Wukong extensible et en r\u00e9sine + m\u00e9tal, 100 \u00e0 166 cm, 1,99 kg. R\u00e9plique Black Myth: Wukong id\u00e9ale cosplay et collection fantasie.","og_url":"https:\/\/repliquemangacine.fr\/de\/katana-und-schwert-von-videospielen-andere-videospiele\/stab-des-affenkonigs-wukong-black-myth-wukong\/","og_site_name":"R\u00e9plique Manga Cin\u00e9","article_publisher":"https:\/\/www.facebook.com\/RepliqueMangaCine","article_modified_time":"2026-03-25T14:50:36+00:00","og_image":[{"width":700,"height":700,"url":"https:\/\/repliquemangacine.fr\/wp-content\/uploads\/2025\/11\/Baton-du-roi-Wukong.jpg","type":"image\/jpeg"}],"twitter_card":"summary_large_image","twitter_misc":{"Gesch\u00e4tzte Lesezeit":"2\u00a0Minuten"},"schema":{"@context":"https:\/\/schema.org","@graph":[{"@type":"WebPage","@id":"https:\/\/repliquemangacine.fr\/katana-et-epee-de-jeux-video-autre-jeux-video\/baton-du-roi-singe-wukong-black-myth-wukong\/","url":"https:\/\/repliquemangacine.fr\/katana-et-epee-de-jeux-video-autre-jeux-video\/baton-du-roi-singe-wukong-black-myth-wukong\/","name":"Stab des Affenk\u00f6nigs Wukong \u2013 Black Myth: Wukong \u2013 R\u00e9plique Manga Cin\u00e9","isPartOf":{"@id":"https:\/\/repliquemangacine.fr\/#website"},"primaryImageOfPage":{"@id":"https:\/\/repliquemangacine.fr\/katana-et-epee-de-jeux-video-autre-jeux-video\/baton-du-roi-singe-wukong-black-myth-wukong\/#primaryimage"},"image":{"@id":"https:\/\/repliquemangacine.fr\/katana-et-epee-de-jeux-video-autre-jeux-video\/baton-du-roi-singe-wukong-black-myth-wukong\/#primaryimage"},"thumbnailUrl":"https:\/\/repliquemangacine.fr\/wp-content\/uploads\/2025\/11\/Baton-du-roi-Wukong.jpg","datePublished":"2025-11-22T16:26:27+00:00","dateModified":"2026-03-25T14:50:36+00:00","description":"Ausziehbarer Stab des Affenk\u00f6nigs Wukong aus Harz und Metall, 100 bis 166 cm, 1,99 kg. Replik Black Myth: Wukong, ideal f\u00fcr Cosplay und Fantasiesammlungen.","breadcrumb":{"@id":"https:\/\/repliquemangacine.fr\/katana-et-epee-de-jeux-video-autre-jeux-video\/baton-du-roi-singe-wukong-black-myth-wukong\/#breadcrumb"},"inLanguage":"de","potentialAction":[{"@type":"ReadAction","target":["https:\/\/repliquemangacine.fr\/katana-et-epee-de-jeux-video-autre-jeux-video\/baton-du-roi-singe-wukong-black-myth-wukong\/"]}]},{"@type":"ImageObject","inLanguage":"de","@id":"https:\/\/repliquemangacine.fr\/katana-et-epee-de-jeux-video-autre-jeux-video\/baton-du-roi-singe-wukong-black-myth-wukong\/#primaryimage","url":"https:\/\/repliquemangacine.fr\/wp-content\/uploads\/2025\/11\/Baton-du-roi-Wukong.jpg","contentUrl":"https:\/\/repliquemangacine.fr\/wp-content\/uploads\/2025\/11\/Baton-du-roi-Wukong.jpg","width":700,"height":700,"caption":"B\u00e2ton du Roi Singe Wukong dans Black Myth"},{"@type":"BreadcrumbList","@id":"https:\/\/repliquemangacine.fr\/katana-et-epee-de-jeux-video-autre-jeux-video\/baton-du-roi-singe-wukong-black-myth-wukong\/#breadcrumb","itemListElement":[{"@type":"ListItem","position":1,"name":"Accueil","item":"https:\/\/repliquemangacine.fr\/"},{"@type":"ListItem","position":2,"name":"Produits","item":"https:\/\/repliquemangacine.fr\/boutique\/"},{"@type":"ListItem","position":3,"name":"B\u00e2ton du Roi Singe Wukong &#8211; Black Myth: Wukong"}]},{"@type":"WebSite","@id":"https:\/\/repliquemangacine.fr\/#website","url":"https:\/\/repliquemangacine.fr\/","name":"R\u00e9plique Manga Cin\u00e9","description":"","publisher":{"@id":"https:\/\/repliquemangacine.fr\/#organization"},"potentialAction":[{"@type":"SearchAction","target":{"@type":"EntryPoint","urlTemplate":"https:\/\/repliquemangacine.fr\/?s={search_term_string}"},"query-input":{"@type":"PropertyValueSpecification","valueRequired":true,"valueName":"search_term_string"}}],"inLanguage":"de"},{"@type":"Organization","@id":"https:\/\/repliquemangacine.fr\/#organization","name":"R\u00e9plique Manga Cin\u00e9","url":"https:\/\/repliquemangacine.fr\/","logo":{"@type":"ImageObject","inLanguage":"de","@id":"https:\/\/repliquemangacine.fr\/#\/schema\/logo\/image\/","url":"https:\/\/repliquemangacine.fr\/wp-content\/uploads\/2023\/10\/RMC-500250.png","contentUrl":"https:\/\/repliquemangacine.fr\/wp-content\/uploads\/2023\/10\/RMC-500250.png","width":500,"height":250,"caption":"R\u00e9plique Manga Cin\u00e9"},"image":{"@id":"https:\/\/repliquemangacine.fr\/#\/schema\/logo\/image\/"},"sameAs":["https:\/\/www.facebook.com\/RepliqueMangaCine","https:\/\/www.instagram.com\/repliquemangacine.fr\/"]}]}},"_links":{"self":[{"href":"https:\/\/repliquemangacine.fr\/de\/wp-json\/wp\/v2\/product\/91115","targetHints":{"allow":["GET"]}}],"collection":[{"href":"https:\/\/repliquemangacine.fr\/de\/wp-json\/wp\/v2\/product"}],"about":[{"href":"https:\/\/repliquemangacine.fr\/de\/wp-json\/wp\/v2\/types\/product"}],"wp:featuredmedia":[{"embeddable":true,"href":"https:\/\/repliquemangacine.fr\/de\/wp-json\/wp\/v2\/media\/91118"}],"wp:attachment":[{"href":"https:\/\/repliquemangacine.fr\/de\/wp-json\/wp\/v2\/media?parent=91115"}],"wp:term":[{"taxonomy":"product_brand","embeddable":true,"href":"https:\/\/repliquemangacine.fr\/de\/wp-json\/wp\/v2\/product_brand?post=91115"},{"taxonomy":"product_cat","embeddable":true,"href":"https:\/\/repliquemangacine.fr\/de\/wp-json\/wp\/v2\/product_cat?post=91115"},{"taxonomy":"product_tag","embeddable":true,"href":"https:\/\/repliquemangacine.fr\/de\/wp-json\/wp\/v2\/product_tag?post=91115"}],"curies":[{"name":"wp","href":"https:\/\/api.w.org\/{rel}","templated":true}]}}