





{"id":91103,"date":"2025-11-22T16:43:30","date_gmt":"2025-11-22T15:43:30","guid":{"rendered":"https:\/\/repliquemangacine.fr\/?post_type=product&#038;p=91103"},"modified":"2025-11-30T20:10:43","modified_gmt":"2025-11-30T19:10:43","slug":"pistole-454-casull-alucard-hellsing","status":"publish","type":"product","link":"https:\/\/repliquemangacine.fr\/de\/katana-et-epee-de-manga-anime-autre-manga\/pistolet-454-casull-alucard-hellsing\/","title":{"rendered":"Pistole 454 Casull Alucard \u2013 Hellsing"},"content":{"rendered":"<h2>Eine beeindruckende Nachbildung der Pistole 454 Casull von Alucard<\/h2>\n<p>Zun\u00e4chst einmal ist dies <strong>454 Casull Pistole, <\/strong>Replik aus Kunstharz, inspiriert von der legend\u00e4ren Waffe aus dem Manga Hellsing. Komplett aus robustem Kunstharz gegossen, verf\u00fcgt sie \u00fcber eine silberfarbene Metalloberfl\u00e4che mit charakteristischen Gravuren. Der Griff imitiert lackiertes Holz und sorgt f\u00fcr ein hochwertiges Erscheinungsbild, das den anspruchsvollsten Sammlungen w\u00fcrdig ist. Mit einer L\u00e4nge von 34,5 cm und einem Gewicht von 790 g bietet sie realistische Proportionen, die sich f\u00fcr Ausstellungen oder Cosplay eignen. Zusammen mit ihrem Pr\u00e4sentationsst\u00e4nder aus Holz thront sie wie eine heilige Waffe eines modernen Exorzisten. In der Welt von Hellsing verschie\u00dft diese Pistole Anti-Monster-Kugeln, die Ghule und Vampire vernichten k\u00f6nnen. So wird sie zu einem Symbol der Autorit\u00e4t und des Schreckens gegen\u00fcber den Kreaturen der Nacht.<\/p>\n<h2>Alucard, die ultimative Waffe der Hellsing-Organisation<\/h2>\n<p>F\u00fcr den Anfang, <a href=\"https:\/\/hellsing.fandom.com\/wiki\/Alucard#Weapons\" target=\"_blank\" rel=\"noopener noreferrer\">Alucard<\/a> ist eine der m\u00e4chtigsten und geheimnisvollsten Figuren des Mangas. Als unsterblicher Vampir, der nach K\u00e4mpfen d\u00fcrstet, dient er loyal der Organisation Hellsing, die gegen okkulte Kr\u00e4fte k\u00e4mpft. Sein Kampfstil verbindet unverhohlenen Sadismus, makabre Eleganz und \u00fcberw\u00e4ltigende Kraft. Die 454 Casull ist die erste Waffe, die er einsetzt, bevor er zum zerst\u00f6rerischsten Anti-D\u00e4monen-Arsenal \u00fcbergeht. Mit dieser Waffe eliminiert er seine Feinde mit gnadenloser Pr\u00e4zision und offenbart dabei seine monstr\u00f6se Natur. Diese Replik ist eine Hommage an eine einzigartige Vampirfigur, das Symbol des d\u00fcsteren und stilisierten Mangas.<\/p>\n<h2>Eine d\u00fcstere und heroische Popkultur-Kollektion<\/h2>\n<p>Diese Waffe reiht sich in eine vielf\u00e4ltige Auswahl ein, die von den Kultwelten inspiriert ist, die auf R\u00e9plique Manga Cin\u00e9 verf\u00fcgbar sind. Zum Beispiel die Nachbildung aus Kunstharz des <a href=\"https:\/\/repliquemangacine.fr\/de\/repliken-von-waffen-filme-und-serien\/blaster-pistole-dl-44-han-solo-star-wars\/\">DL-44 Blaster Pistole<\/a> von Han Solo \u2013 Star Wars verleiht Ihrem Schaufenster einen galaktischen Touch. Wir bieten auch das\u2019<a href=\"https:\/\/repliquemangacine.fr\/de\/repliken-von-waffen-filme-und-serien\/schwert-alita-battle-angel-damascus-blade\/\">Schwert Alita Battle Angel Damascus Blade<\/a> f\u00fcr Fans von blutigem Cyberpunk. Schlie\u00dflich die Replik der\u2019<a href=\"https:\/\/repliquemangacine.fr\/de\/filme-tv-serien-verkauf-von-katana-schwertern-und-derivaten\/schwert-des-urteils-doptimus-prime\/\">Optimus Primes Schwert des Urteils<\/a> in Transformers vervollst\u00e4ndigt eine Sammlung, die sich auf titanische Helden konzentriert. Mit diesen St\u00fccken k\u00f6nnen Sie eine einzigartige Sammlung zusammenstellen, die Science-Fiction, Manga und Fantasy vereint. Entdecken Sie unser gesamtes Sortiment, um Ihre Sammlung zu bereichern.<\/p>","protected":false},"excerpt":{"rendered":"<p>Erweitern Sie Ihre Sammlung mit der 454 Casull von Alucard, einer beunruhigenden und eleganten Replik, die vom Manga Hellsing inspiriert ist.<\/p>\n<ul>\n<li>Pistole komplett aus gegossenem Harz.<\/li>\n<li>Hohe Qualit\u00e4t<\/li>\n<li>Nicht funktionsf\u00e4hig, nur f\u00fcr Sammlerzwecke oder Cosplay geeignet.<\/li>\n<li>Lieferung mit Pr\u00e4sentationsst\u00e4nder aus Holz<\/li>\n<li>L\u00e4nge: 34,5 cm \u2013 Gewicht: 790 g<\/li>\n<\/ul>","protected":false},"featured_media":91107,"template":"","meta":[],"product_brand":[],"product_cat":[65,23,107],"product_tag":[],"class_list":{"0":"post-91103","1":"product","2":"type-product","3":"status-publish","4":"has-post-thumbnail","6":"product_cat-katana-et-epee-de-manga-anime-autre-manga","7":"product_cat-repliques-manga-jeux-video","8":"product_cat-nouveautes","10":"first","11":"instock","12":"taxable","13":"shipping-taxable","14":"purchasable","15":"product-type-simple"},"yoast_head":"<!-- This site is optimized with the Yoast SEO plugin v27.4 - https:\/\/yoast.com\/product\/yoast-seo-wordpress\/ -->\n<title>Pistolet 454 Casull Alucard - Hellsing - R\u00e9plique Manga Cin\u00e9<\/title>\n<meta name=\"description\" content=\"Pistolet 454 Casull Hellsing en r\u00e9sine, 34,5 cm, 790 g, avec support bois. R\u00e9plique d\u00e9corative id\u00e9ale cosplay et collection manga dark.\" \/>\n<meta name=\"robots\" content=\"index, follow, max-snippet:-1, max-image-preview:large, max-video-preview:-1\" \/>\n<link rel=\"canonical\" href=\"https:\/\/repliquemangacine.fr\/de\/katana-und-schwert-von-manga-anime-andere-manga\/pistole-454-casull-alucard-hellsing\/\" \/>\n<meta property=\"og:locale\" content=\"de_DE\" \/>\n<meta property=\"og:type\" content=\"article\" \/>\n<meta property=\"og:title\" content=\"Pistolet 454 Casull Alucard - Hellsing - R\u00e9plique Manga Cin\u00e9\" \/>\n<meta property=\"og:description\" content=\"Pistolet 454 Casull Hellsing en r\u00e9sine, 34,5 cm, 790 g, avec support bois. R\u00e9plique d\u00e9corative id\u00e9ale cosplay et collection manga dark.\" \/>\n<meta property=\"og:url\" content=\"https:\/\/repliquemangacine.fr\/de\/katana-und-schwert-von-manga-anime-andere-manga\/pistole-454-casull-alucard-hellsing\/\" \/>\n<meta property=\"og:site_name\" content=\"R\u00e9plique Manga Cin\u00e9\" \/>\n<meta property=\"article:publisher\" content=\"https:\/\/www.facebook.com\/RepliqueMangaCine\" \/>\n<meta property=\"article:modified_time\" content=\"2025-11-30T19:10:43+00:00\" \/>\n<meta property=\"og:image\" content=\"https:\/\/repliquemangacine.fr\/wp-content\/uploads\/2025\/11\/Pistolet-454-Casull-Hellsing-sur-son-support.jpg\" \/>\n\t<meta property=\"og:image:width\" content=\"700\" \/>\n\t<meta property=\"og:image:height\" content=\"700\" \/>\n\t<meta property=\"og:image:type\" content=\"image\/jpeg\" \/>\n<meta name=\"twitter:card\" content=\"summary_large_image\" \/>\n<meta name=\"twitter:label1\" content=\"Gesch\u00e4tzte Lesezeit\" \/>\n\t<meta name=\"twitter:data1\" content=\"2\u00a0Minuten\" \/>\n<script type=\"application\/ld+json\" class=\"yoast-schema-graph\">{\"@context\":\"https:\\\/\\\/schema.org\",\"@graph\":[{\"@type\":\"WebPage\",\"@id\":\"https:\\\/\\\/repliquemangacine.fr\\\/katana-et-epee-de-manga-anime-autre-manga\\\/pistolet-454-casull-alucard-hellsing\\\/\",\"url\":\"https:\\\/\\\/repliquemangacine.fr\\\/katana-et-epee-de-manga-anime-autre-manga\\\/pistolet-454-casull-alucard-hellsing\\\/\",\"name\":\"Pistolet 454 Casull Alucard - Hellsing - R\u00e9plique Manga Cin\u00e9\",\"isPartOf\":{\"@id\":\"https:\\\/\\\/repliquemangacine.fr\\\/#website\"},\"primaryImageOfPage\":{\"@id\":\"https:\\\/\\\/repliquemangacine.fr\\\/katana-et-epee-de-manga-anime-autre-manga\\\/pistolet-454-casull-alucard-hellsing\\\/#primaryimage\"},\"image\":{\"@id\":\"https:\\\/\\\/repliquemangacine.fr\\\/katana-et-epee-de-manga-anime-autre-manga\\\/pistolet-454-casull-alucard-hellsing\\\/#primaryimage\"},\"thumbnailUrl\":\"https:\\\/\\\/repliquemangacine.fr\\\/wp-content\\\/uploads\\\/2025\\\/11\\\/Pistolet-454-Casull-Hellsing-sur-son-support.jpg\",\"datePublished\":\"2025-11-22T15:43:30+00:00\",\"dateModified\":\"2025-11-30T19:10:43+00:00\",\"description\":\"Pistolet 454 Casull Hellsing en r\u00e9sine, 34,5 cm, 790 g, avec support bois. R\u00e9plique d\u00e9corative id\u00e9ale cosplay et collection manga dark.\",\"breadcrumb\":{\"@id\":\"https:\\\/\\\/repliquemangacine.fr\\\/katana-et-epee-de-manga-anime-autre-manga\\\/pistolet-454-casull-alucard-hellsing\\\/#breadcrumb\"},\"inLanguage\":\"de\",\"potentialAction\":[{\"@type\":\"ReadAction\",\"target\":[\"https:\\\/\\\/repliquemangacine.fr\\\/katana-et-epee-de-manga-anime-autre-manga\\\/pistolet-454-casull-alucard-hellsing\\\/\"]}]},{\"@type\":\"ImageObject\",\"inLanguage\":\"de\",\"@id\":\"https:\\\/\\\/repliquemangacine.fr\\\/katana-et-epee-de-manga-anime-autre-manga\\\/pistolet-454-casull-alucard-hellsing\\\/#primaryimage\",\"url\":\"https:\\\/\\\/repliquemangacine.fr\\\/wp-content\\\/uploads\\\/2025\\\/11\\\/Pistolet-454-Casull-Hellsing-sur-son-support.jpg\",\"contentUrl\":\"https:\\\/\\\/repliquemangacine.fr\\\/wp-content\\\/uploads\\\/2025\\\/11\\\/Pistolet-454-Casull-Hellsing-sur-son-support.jpg\",\"width\":700,\"height\":700,\"caption\":\"Pistolet 454 Casull - Alucard - Hellsing\"},{\"@type\":\"BreadcrumbList\",\"@id\":\"https:\\\/\\\/repliquemangacine.fr\\\/katana-et-epee-de-manga-anime-autre-manga\\\/pistolet-454-casull-alucard-hellsing\\\/#breadcrumb\",\"itemListElement\":[{\"@type\":\"ListItem\",\"position\":1,\"name\":\"Accueil\",\"item\":\"https:\\\/\\\/repliquemangacine.fr\\\/\"},{\"@type\":\"ListItem\",\"position\":2,\"name\":\"Produits\",\"item\":\"https:\\\/\\\/repliquemangacine.fr\\\/boutique\\\/\"},{\"@type\":\"ListItem\",\"position\":3,\"name\":\"Pistolet 454 Casull Alucard &#8211; Hellsing\"}]},{\"@type\":\"WebSite\",\"@id\":\"https:\\\/\\\/repliquemangacine.fr\\\/#website\",\"url\":\"https:\\\/\\\/repliquemangacine.fr\\\/\",\"name\":\"R\u00e9plique Manga Cin\u00e9\",\"description\":\"\",\"publisher\":{\"@id\":\"https:\\\/\\\/repliquemangacine.fr\\\/#organization\"},\"potentialAction\":[{\"@type\":\"SearchAction\",\"target\":{\"@type\":\"EntryPoint\",\"urlTemplate\":\"https:\\\/\\\/repliquemangacine.fr\\\/?s={search_term_string}\"},\"query-input\":{\"@type\":\"PropertyValueSpecification\",\"valueRequired\":true,\"valueName\":\"search_term_string\"}}],\"inLanguage\":\"de\"},{\"@type\":\"Organization\",\"@id\":\"https:\\\/\\\/repliquemangacine.fr\\\/#organization\",\"name\":\"R\u00e9plique Manga Cin\u00e9\",\"url\":\"https:\\\/\\\/repliquemangacine.fr\\\/\",\"logo\":{\"@type\":\"ImageObject\",\"inLanguage\":\"de\",\"@id\":\"https:\\\/\\\/repliquemangacine.fr\\\/#\\\/schema\\\/logo\\\/image\\\/\",\"url\":\"https:\\\/\\\/repliquemangacine.fr\\\/wp-content\\\/uploads\\\/2023\\\/10\\\/RMC-500250.png\",\"contentUrl\":\"https:\\\/\\\/repliquemangacine.fr\\\/wp-content\\\/uploads\\\/2023\\\/10\\\/RMC-500250.png\",\"width\":500,\"height\":250,\"caption\":\"R\u00e9plique Manga Cin\u00e9\"},\"image\":{\"@id\":\"https:\\\/\\\/repliquemangacine.fr\\\/#\\\/schema\\\/logo\\\/image\\\/\"},\"sameAs\":[\"https:\\\/\\\/www.facebook.com\\\/RepliqueMangaCine\",\"https:\\\/\\\/www.instagram.com\\\/repliquemangacine.fr\\\/\"]}]}<\/script>\n<!-- \/ Yoast SEO plugin. -->","yoast_head_json":{"title":"Pistole 454 Casull Alucard \u2013 Hellsing \u2013 R\u00e9plique Manga Cin\u00e9","description":"Pistole 454 Casull Hellsing aus Kunstharz, 34,5 cm, 790 g, mit Holzhalterung. Dekorative Replik, ideal f\u00fcr Cosplay und dunkle Manga-Sammlungen.","robots":{"index":"index","follow":"follow","max-snippet":"max-snippet:-1","max-image-preview":"max-image-preview:large","max-video-preview":"max-video-preview:-1"},"canonical":"https:\/\/repliquemangacine.fr\/de\/katana-und-schwert-von-manga-anime-andere-manga\/pistole-454-casull-alucard-hellsing\/","og_locale":"de_DE","og_type":"article","og_title":"Pistolet 454 Casull Alucard - Hellsing - R\u00e9plique Manga Cin\u00e9","og_description":"Pistolet 454 Casull Hellsing en r\u00e9sine, 34,5 cm, 790 g, avec support bois. R\u00e9plique d\u00e9corative id\u00e9ale cosplay et collection manga dark.","og_url":"https:\/\/repliquemangacine.fr\/de\/katana-und-schwert-von-manga-anime-andere-manga\/pistole-454-casull-alucard-hellsing\/","og_site_name":"R\u00e9plique Manga Cin\u00e9","article_publisher":"https:\/\/www.facebook.com\/RepliqueMangaCine","article_modified_time":"2025-11-30T19:10:43+00:00","og_image":[{"width":700,"height":700,"url":"https:\/\/repliquemangacine.fr\/wp-content\/uploads\/2025\/11\/Pistolet-454-Casull-Hellsing-sur-son-support.jpg","type":"image\/jpeg"}],"twitter_card":"summary_large_image","twitter_misc":{"Gesch\u00e4tzte Lesezeit":"2\u00a0Minuten"},"schema":{"@context":"https:\/\/schema.org","@graph":[{"@type":"WebPage","@id":"https:\/\/repliquemangacine.fr\/katana-et-epee-de-manga-anime-autre-manga\/pistolet-454-casull-alucard-hellsing\/","url":"https:\/\/repliquemangacine.fr\/katana-et-epee-de-manga-anime-autre-manga\/pistolet-454-casull-alucard-hellsing\/","name":"Pistole 454 Casull Alucard \u2013 Hellsing \u2013 R\u00e9plique Manga Cin\u00e9","isPartOf":{"@id":"https:\/\/repliquemangacine.fr\/#website"},"primaryImageOfPage":{"@id":"https:\/\/repliquemangacine.fr\/katana-et-epee-de-manga-anime-autre-manga\/pistolet-454-casull-alucard-hellsing\/#primaryimage"},"image":{"@id":"https:\/\/repliquemangacine.fr\/katana-et-epee-de-manga-anime-autre-manga\/pistolet-454-casull-alucard-hellsing\/#primaryimage"},"thumbnailUrl":"https:\/\/repliquemangacine.fr\/wp-content\/uploads\/2025\/11\/Pistolet-454-Casull-Hellsing-sur-son-support.jpg","datePublished":"2025-11-22T15:43:30+00:00","dateModified":"2025-11-30T19:10:43+00:00","description":"Pistole 454 Casull Hellsing aus Kunstharz, 34,5 cm, 790 g, mit Holzhalterung. Dekorative Replik, ideal f\u00fcr Cosplay und dunkle Manga-Sammlungen.","breadcrumb":{"@id":"https:\/\/repliquemangacine.fr\/katana-et-epee-de-manga-anime-autre-manga\/pistolet-454-casull-alucard-hellsing\/#breadcrumb"},"inLanguage":"de","potentialAction":[{"@type":"ReadAction","target":["https:\/\/repliquemangacine.fr\/katana-et-epee-de-manga-anime-autre-manga\/pistolet-454-casull-alucard-hellsing\/"]}]},{"@type":"ImageObject","inLanguage":"de","@id":"https:\/\/repliquemangacine.fr\/katana-et-epee-de-manga-anime-autre-manga\/pistolet-454-casull-alucard-hellsing\/#primaryimage","url":"https:\/\/repliquemangacine.fr\/wp-content\/uploads\/2025\/11\/Pistolet-454-Casull-Hellsing-sur-son-support.jpg","contentUrl":"https:\/\/repliquemangacine.fr\/wp-content\/uploads\/2025\/11\/Pistolet-454-Casull-Hellsing-sur-son-support.jpg","width":700,"height":700,"caption":"Pistolet 454 Casull - Alucard - Hellsing"},{"@type":"BreadcrumbList","@id":"https:\/\/repliquemangacine.fr\/katana-et-epee-de-manga-anime-autre-manga\/pistolet-454-casull-alucard-hellsing\/#breadcrumb","itemListElement":[{"@type":"ListItem","position":1,"name":"Accueil","item":"https:\/\/repliquemangacine.fr\/"},{"@type":"ListItem","position":2,"name":"Produits","item":"https:\/\/repliquemangacine.fr\/boutique\/"},{"@type":"ListItem","position":3,"name":"Pistolet 454 Casull Alucard &#8211; Hellsing"}]},{"@type":"WebSite","@id":"https:\/\/repliquemangacine.fr\/#website","url":"https:\/\/repliquemangacine.fr\/","name":"R\u00e9plique Manga Cin\u00e9","description":"","publisher":{"@id":"https:\/\/repliquemangacine.fr\/#organization"},"potentialAction":[{"@type":"SearchAction","target":{"@type":"EntryPoint","urlTemplate":"https:\/\/repliquemangacine.fr\/?s={search_term_string}"},"query-input":{"@type":"PropertyValueSpecification","valueRequired":true,"valueName":"search_term_string"}}],"inLanguage":"de"},{"@type":"Organization","@id":"https:\/\/repliquemangacine.fr\/#organization","name":"R\u00e9plique Manga Cin\u00e9","url":"https:\/\/repliquemangacine.fr\/","logo":{"@type":"ImageObject","inLanguage":"de","@id":"https:\/\/repliquemangacine.fr\/#\/schema\/logo\/image\/","url":"https:\/\/repliquemangacine.fr\/wp-content\/uploads\/2023\/10\/RMC-500250.png","contentUrl":"https:\/\/repliquemangacine.fr\/wp-content\/uploads\/2023\/10\/RMC-500250.png","width":500,"height":250,"caption":"R\u00e9plique Manga Cin\u00e9"},"image":{"@id":"https:\/\/repliquemangacine.fr\/#\/schema\/logo\/image\/"},"sameAs":["https:\/\/www.facebook.com\/RepliqueMangaCine","https:\/\/www.instagram.com\/repliquemangacine.fr\/"]}]}},"_links":{"self":[{"href":"https:\/\/repliquemangacine.fr\/de\/wp-json\/wp\/v2\/product\/91103","targetHints":{"allow":["GET"]}}],"collection":[{"href":"https:\/\/repliquemangacine.fr\/de\/wp-json\/wp\/v2\/product"}],"about":[{"href":"https:\/\/repliquemangacine.fr\/de\/wp-json\/wp\/v2\/types\/product"}],"wp:featuredmedia":[{"embeddable":true,"href":"https:\/\/repliquemangacine.fr\/de\/wp-json\/wp\/v2\/media\/91107"}],"wp:attachment":[{"href":"https:\/\/repliquemangacine.fr\/de\/wp-json\/wp\/v2\/media?parent=91103"}],"wp:term":[{"taxonomy":"product_brand","embeddable":true,"href":"https:\/\/repliquemangacine.fr\/de\/wp-json\/wp\/v2\/product_brand?post=91103"},{"taxonomy":"product_cat","embeddable":true,"href":"https:\/\/repliquemangacine.fr\/de\/wp-json\/wp\/v2\/product_cat?post=91103"},{"taxonomy":"product_tag","embeddable":true,"href":"https:\/\/repliquemangacine.fr\/de\/wp-json\/wp\/v2\/product_tag?post=91103"}],"curies":[{"name":"wp","href":"https:\/\/api.w.org\/{rel}","templated":true}]}}