





{"id":91045,"date":"2025-11-21T15:51:49","date_gmt":"2025-11-21T14:51:49","guid":{"rendered":"https:\/\/repliquemangacine.fr\/?post_type=product&#038;p=91045"},"modified":"2026-04-29T01:15:30","modified_gmt":"2026-04-28T23:15:30","slug":"blaster-pistole-dl-44-han-solo-star-wars","status":"publish","type":"product","link":"https:\/\/repliquemangacine.fr\/de\/repliques-d-armes-films-et-series\/pistolet-blaster-dl-44-han-solo-star-wars\/","title":{"rendered":"Blasterpistole DL-44 Han Solo - Star Wars"},"content":{"rendered":"<h2>Ikonische DL-44-Blasterpistole, um die Galaxis zu beherrschen<\/h2>\n<p>Zun\u00e4chst einmal ist dies <strong>DL-44 Blasterpistole, <\/strong>eine originalgetreue Nachbildung des Modells, das von einem ber\u00fchmten Schmuggler aus der Star Wars-Saga benutzt wurde. Es besteht vollst\u00e4ndig aus gegossenem Harz mit einem Antik-Finish, das das von Schlachten abgenutzte Metall nachahmt. Der strukturierte Griff bietet einen authentischen Stil, der an interstellare R\u00e4uberwaffen erinnert. Au\u00dferdem wird es mit einem Pr\u00e4sentationsst\u00e4nder aus Holz und Plexiglas f\u00fcr eine stilvolle Ausstellung geliefert. Mit seinem einzigartigen Design, das Retro-Mechanik und futuristische Technologie miteinander verbindet, wird dieses St\u00fcck zu einem echten Symbol der Rebellion. Und schlie\u00dflich ist sie auch f\u00fcr Sammler geeignet, die ein Kultobjekt aus einem legend\u00e4ren Universum suchen.<\/p>\n<h2>Han Solo, der schnellste Sch\u00fctze der Galaxis<\/h2>\n<p><a href=\"https:\/\/starwars.fandom.com\/fr\/wiki\/Han_Solo\" target=\"_blank\" rel=\"noopener noreferrer\">Han Solo<\/a> ist ein wagemutiger Pilot mit einem messerscharfen Humor und unberechenbarem Mut. Daher f\u00fchrt er den Blaster mit instinktiver Pr\u00e4zision, oft noch bevor er \u00fcberhaupt dar\u00fcber nachdenkt. Diese Waffe begleitet seine Heldentaten an Bord des Millennium Falken und verk\u00f6rpert seinen rebellischen Geist. Die DL-44 ist zu einer Verl\u00e4ngerung seiner Pers\u00f6nlichkeit geworden, einer Mischung aus unversch\u00e4mtem Gl\u00fcck und taktischem Gesp\u00fcr. Mit dieser Replik k\u00f6nnen Fans die markanten Szenen nacherleben, in denen Han dem Imperium mutig die Stirn bietet. Es f\u00e4ngt das Wesen eines charismatischen Helden ein, der zu einer mythischen Figur der Science-Fiction wurde.<\/p>\n<h2>Eine Filmsammlung, die einem Geek-Museum w\u00fcrdig ist<\/h2>\n<p>Dieser Blaster reiht sich in eine prestigetr\u00e4chtige Auswahl von Repliken ein, die von Kultfilmen inspiriert sind und auf R\u00e9plique Manga Cin\u00e9 erh\u00e4ltlich sind. Zum Beispiel der\u2019<a href=\"https:\/\/repliquemangacine.fr\/de\/house-of-the-dragon\/schwert-von-rhaenyra-house-of-the-dragon\/\">Rhaenyras Schwert<\/a> in der Serie House of the Dragon verleiht Ihrer Sammlung einen k\u00f6niglichen und drakonischen Touch. Ebenfalls zu finden ist die <a href=\"https:\/\/repliquemangacine.fr\/de\/herr-der-ringe-schwerter\/doppelklingenaxt-gimli\/\">Gimlis Doppelklingenaxt<\/a> aus \u2019Der Herr der Ringe\", kraftvoll und raffiniert. Schlie\u00dflich ist der\u2019<a href=\"https:\/\/repliquemangacine.fr\/de\/schwerter-tv-serie-vikings\/replik-des-schwertes-von-konig-ragnar-lothbrok-aus-der-tv-serie-vikings\/\">Schwert von K\u00f6nig Ragnar Lothbrok<\/a> in Vikings erinnert an den kriegerischen Geist des Nordens und die furchtlose Eroberung. Mit diesen vielf\u00e4ltigen St\u00fccken kann jeder Fan ein Arsenal zusammenstellen, das den gr\u00f6\u00dften Filmsagas w\u00fcrdig ist. Entdecken Sie unsere gesamte Auswahl, um Ihr heroisches Pantheon zu vervollst\u00e4ndigen.<\/p>","protected":false},"excerpt":{"rendered":"<p>Bewaffnen Sie sich mit dem DL-44-Blaster, der ikonischen Waffe des ber\u00fchmtesten Schmugglers in Star Wars, und erobern Sie die Galaxis mit Ihrer Legende.<\/p>\n<ul>\n<li>Pistole ganz aus gegossenem Harz<\/li>\n<li>Gealtertes Finish und Used-Metal-Imitation<\/li>\n<li>Einzigartiges, hochwertiges Design<\/li>\n<li>Lieferung mit Pr\u00e4sentationsst\u00e4nder aus Holz und Plexiglas<\/li>\n<li>Gesamtl\u00e4nge: 33cm - Gewicht: 825 g<\/li>\n<\/ul>","protected":false},"featured_media":91047,"template":"","meta":[],"product_brand":[],"product_cat":[66,24,107],"product_tag":[],"class_list":{"0":"post-91045","1":"product","2":"type-product","3":"status-publish","4":"has-post-thumbnail","6":"product_cat-repliques-d-armes-films-et-series","7":"product_cat-films-series-tv-vente-de-katana-epee-et-produits-derives","8":"product_cat-nouveautes","10":"first","11":"outofstock","12":"taxable","13":"shipping-taxable","14":"purchasable","15":"product-type-simple"},"yoast_head":"<!-- This site is optimized with the Yoast SEO plugin v27.5 - https:\/\/yoast.com\/product\/yoast-seo-wordpress\/ -->\n<title>Pistolet blaster DL-44 Han Solo - Star Wars - R\u00e9plique Manga Cin\u00e9<\/title>\n<meta name=\"description\" content=\"Pistolet Blaster DL-44 de Han Solo en r\u00e9sine finition m\u00e9tal, avec support bois\/plexi. R\u00e9plique Star Wars parfaite pour collection, cosplay et exposition.\" \/>\n<meta name=\"robots\" content=\"index, follow, max-snippet:-1, max-image-preview:large, max-video-preview:-1\" \/>\n<link rel=\"canonical\" href=\"https:\/\/repliquemangacine.fr\/de\/repliken-von-waffen-filme-und-serien\/blaster-pistole-dl-44-han-solo-star-wars\/\" \/>\n<meta property=\"og:locale\" content=\"de_DE\" \/>\n<meta property=\"og:type\" content=\"article\" \/>\n<meta property=\"og:title\" content=\"Pistolet blaster DL-44 Han Solo - Star Wars - R\u00e9plique Manga Cin\u00e9\" \/>\n<meta property=\"og:description\" content=\"Pistolet Blaster DL-44 de Han Solo en r\u00e9sine finition m\u00e9tal, avec support bois\/plexi. R\u00e9plique Star Wars parfaite pour collection, cosplay et exposition.\" \/>\n<meta property=\"og:url\" content=\"https:\/\/repliquemangacine.fr\/de\/repliken-von-waffen-filme-und-serien\/blaster-pistole-dl-44-han-solo-star-wars\/\" \/>\n<meta property=\"og:site_name\" content=\"R\u00e9plique Manga Cin\u00e9\" \/>\n<meta property=\"article:publisher\" content=\"https:\/\/www.facebook.com\/RepliqueMangaCine\" \/>\n<meta property=\"article:modified_time\" content=\"2026-04-28T23:15:30+00:00\" \/>\n<meta property=\"og:image\" content=\"https:\/\/repliquemangacine.fr\/wp-content\/uploads\/2025\/11\/Pistolet-blaster-DL-44-de-Han-Solo-sur-son-support.jpg\" \/>\n\t<meta property=\"og:image:width\" content=\"700\" \/>\n\t<meta property=\"og:image:height\" content=\"700\" \/>\n\t<meta property=\"og:image:type\" content=\"image\/jpeg\" \/>\n<meta name=\"twitter:card\" content=\"summary_large_image\" \/>\n<meta name=\"twitter:label1\" content=\"Gesch\u00e4tzte Lesezeit\" \/>\n\t<meta name=\"twitter:data1\" content=\"2\u00a0Minuten\" \/>\n<script type=\"application\/ld+json\" class=\"yoast-schema-graph\">{\"@context\":\"https:\\\/\\\/schema.org\",\"@graph\":[{\"@type\":\"WebPage\",\"@id\":\"https:\\\/\\\/repliquemangacine.fr\\\/repliques-d-armes-films-et-series\\\/pistolet-blaster-dl-44-han-solo-star-wars\\\/\",\"url\":\"https:\\\/\\\/repliquemangacine.fr\\\/repliques-d-armes-films-et-series\\\/pistolet-blaster-dl-44-han-solo-star-wars\\\/\",\"name\":\"Pistolet blaster DL-44 Han Solo - Star Wars - R\u00e9plique Manga Cin\u00e9\",\"isPartOf\":{\"@id\":\"https:\\\/\\\/repliquemangacine.fr\\\/#website\"},\"primaryImageOfPage\":{\"@id\":\"https:\\\/\\\/repliquemangacine.fr\\\/repliques-d-armes-films-et-series\\\/pistolet-blaster-dl-44-han-solo-star-wars\\\/#primaryimage\"},\"image\":{\"@id\":\"https:\\\/\\\/repliquemangacine.fr\\\/repliques-d-armes-films-et-series\\\/pistolet-blaster-dl-44-han-solo-star-wars\\\/#primaryimage\"},\"thumbnailUrl\":\"https:\\\/\\\/repliquemangacine.fr\\\/wp-content\\\/uploads\\\/2025\\\/11\\\/Pistolet-blaster-DL-44-de-Han-Solo-sur-son-support.jpg\",\"datePublished\":\"2025-11-21T14:51:49+00:00\",\"dateModified\":\"2026-04-28T23:15:30+00:00\",\"description\":\"Pistolet Blaster DL-44 de Han Solo en r\u00e9sine finition m\u00e9tal, avec support bois\\\/plexi. R\u00e9plique Star Wars parfaite pour collection, cosplay et exposition.\",\"breadcrumb\":{\"@id\":\"https:\\\/\\\/repliquemangacine.fr\\\/repliques-d-armes-films-et-series\\\/pistolet-blaster-dl-44-han-solo-star-wars\\\/#breadcrumb\"},\"inLanguage\":\"de\",\"potentialAction\":[{\"@type\":\"ReadAction\",\"target\":[\"https:\\\/\\\/repliquemangacine.fr\\\/repliques-d-armes-films-et-series\\\/pistolet-blaster-dl-44-han-solo-star-wars\\\/\"]}]},{\"@type\":\"ImageObject\",\"inLanguage\":\"de\",\"@id\":\"https:\\\/\\\/repliquemangacine.fr\\\/repliques-d-armes-films-et-series\\\/pistolet-blaster-dl-44-han-solo-star-wars\\\/#primaryimage\",\"url\":\"https:\\\/\\\/repliquemangacine.fr\\\/wp-content\\\/uploads\\\/2025\\\/11\\\/Pistolet-blaster-DL-44-de-Han-Solo-sur-son-support.jpg\",\"contentUrl\":\"https:\\\/\\\/repliquemangacine.fr\\\/wp-content\\\/uploads\\\/2025\\\/11\\\/Pistolet-blaster-DL-44-de-Han-Solo-sur-son-support.jpg\",\"width\":700,\"height\":700,\"caption\":\"Pistolet blaster DL-44 de Han solo dans Star Wars\"},{\"@type\":\"BreadcrumbList\",\"@id\":\"https:\\\/\\\/repliquemangacine.fr\\\/repliques-d-armes-films-et-series\\\/pistolet-blaster-dl-44-han-solo-star-wars\\\/#breadcrumb\",\"itemListElement\":[{\"@type\":\"ListItem\",\"position\":1,\"name\":\"Accueil\",\"item\":\"https:\\\/\\\/repliquemangacine.fr\\\/\"},{\"@type\":\"ListItem\",\"position\":2,\"name\":\"Produits\",\"item\":\"https:\\\/\\\/repliquemangacine.fr\\\/boutique\\\/\"},{\"@type\":\"ListItem\",\"position\":3,\"name\":\"Pistolet blaster DL-44 Han Solo &#8211; Star Wars\"}]},{\"@type\":\"WebSite\",\"@id\":\"https:\\\/\\\/repliquemangacine.fr\\\/#website\",\"url\":\"https:\\\/\\\/repliquemangacine.fr\\\/\",\"name\":\"R\u00e9plique Manga Cin\u00e9\",\"description\":\"\",\"publisher\":{\"@id\":\"https:\\\/\\\/repliquemangacine.fr\\\/#organization\"},\"potentialAction\":[{\"@type\":\"SearchAction\",\"target\":{\"@type\":\"EntryPoint\",\"urlTemplate\":\"https:\\\/\\\/repliquemangacine.fr\\\/?s={search_term_string}\"},\"query-input\":{\"@type\":\"PropertyValueSpecification\",\"valueRequired\":true,\"valueName\":\"search_term_string\"}}],\"inLanguage\":\"de\"},{\"@type\":\"Organization\",\"@id\":\"https:\\\/\\\/repliquemangacine.fr\\\/#organization\",\"name\":\"R\u00e9plique Manga Cin\u00e9\",\"url\":\"https:\\\/\\\/repliquemangacine.fr\\\/\",\"logo\":{\"@type\":\"ImageObject\",\"inLanguage\":\"de\",\"@id\":\"https:\\\/\\\/repliquemangacine.fr\\\/#\\\/schema\\\/logo\\\/image\\\/\",\"url\":\"https:\\\/\\\/repliquemangacine.fr\\\/wp-content\\\/uploads\\\/2023\\\/10\\\/RMC-500250.png\",\"contentUrl\":\"https:\\\/\\\/repliquemangacine.fr\\\/wp-content\\\/uploads\\\/2023\\\/10\\\/RMC-500250.png\",\"width\":500,\"height\":250,\"caption\":\"R\u00e9plique Manga Cin\u00e9\"},\"image\":{\"@id\":\"https:\\\/\\\/repliquemangacine.fr\\\/#\\\/schema\\\/logo\\\/image\\\/\"},\"sameAs\":[\"https:\\\/\\\/www.facebook.com\\\/RepliqueMangaCine\",\"https:\\\/\\\/www.instagram.com\\\/repliquemangacine.fr\\\/\"]}]}<\/script>\n<!-- \/ Yoast SEO plugin. -->","yoast_head_json":{"title":"Blasterpistole DL-44 Han Solo - Star Wars - R\u00e9plique Manga Cin\u00e9","description":"Han Solos DL-44 Blaster-Pistole aus Kunstharz mit Metallfinish und Holz-\/Plexiglas-St\u00e4nder. Perfekte Star Wars Replik f\u00fcr Sammlungen, Cosplay und Ausstellungen.","robots":{"index":"index","follow":"follow","max-snippet":"max-snippet:-1","max-image-preview":"max-image-preview:large","max-video-preview":"max-video-preview:-1"},"canonical":"https:\/\/repliquemangacine.fr\/de\/repliken-von-waffen-filme-und-serien\/blaster-pistole-dl-44-han-solo-star-wars\/","og_locale":"de_DE","og_type":"article","og_title":"Pistolet blaster DL-44 Han Solo - Star Wars - R\u00e9plique Manga Cin\u00e9","og_description":"Pistolet Blaster DL-44 de Han Solo en r\u00e9sine finition m\u00e9tal, avec support bois\/plexi. R\u00e9plique Star Wars parfaite pour collection, cosplay et exposition.","og_url":"https:\/\/repliquemangacine.fr\/de\/repliken-von-waffen-filme-und-serien\/blaster-pistole-dl-44-han-solo-star-wars\/","og_site_name":"R\u00e9plique Manga Cin\u00e9","article_publisher":"https:\/\/www.facebook.com\/RepliqueMangaCine","article_modified_time":"2026-04-28T23:15:30+00:00","og_image":[{"width":700,"height":700,"url":"https:\/\/repliquemangacine.fr\/wp-content\/uploads\/2025\/11\/Pistolet-blaster-DL-44-de-Han-Solo-sur-son-support.jpg","type":"image\/jpeg"}],"twitter_card":"summary_large_image","twitter_misc":{"Gesch\u00e4tzte Lesezeit":"2\u00a0Minuten"},"schema":{"@context":"https:\/\/schema.org","@graph":[{"@type":"WebPage","@id":"https:\/\/repliquemangacine.fr\/repliques-d-armes-films-et-series\/pistolet-blaster-dl-44-han-solo-star-wars\/","url":"https:\/\/repliquemangacine.fr\/repliques-d-armes-films-et-series\/pistolet-blaster-dl-44-han-solo-star-wars\/","name":"Blasterpistole DL-44 Han Solo - Star Wars - R\u00e9plique Manga Cin\u00e9","isPartOf":{"@id":"https:\/\/repliquemangacine.fr\/#website"},"primaryImageOfPage":{"@id":"https:\/\/repliquemangacine.fr\/repliques-d-armes-films-et-series\/pistolet-blaster-dl-44-han-solo-star-wars\/#primaryimage"},"image":{"@id":"https:\/\/repliquemangacine.fr\/repliques-d-armes-films-et-series\/pistolet-blaster-dl-44-han-solo-star-wars\/#primaryimage"},"thumbnailUrl":"https:\/\/repliquemangacine.fr\/wp-content\/uploads\/2025\/11\/Pistolet-blaster-DL-44-de-Han-Solo-sur-son-support.jpg","datePublished":"2025-11-21T14:51:49+00:00","dateModified":"2026-04-28T23:15:30+00:00","description":"Han Solos DL-44 Blaster-Pistole aus Kunstharz mit Metallfinish und Holz-\/Plexiglas-St\u00e4nder. Perfekte Star Wars Replik f\u00fcr Sammlungen, Cosplay und Ausstellungen.","breadcrumb":{"@id":"https:\/\/repliquemangacine.fr\/repliques-d-armes-films-et-series\/pistolet-blaster-dl-44-han-solo-star-wars\/#breadcrumb"},"inLanguage":"de","potentialAction":[{"@type":"ReadAction","target":["https:\/\/repliquemangacine.fr\/repliques-d-armes-films-et-series\/pistolet-blaster-dl-44-han-solo-star-wars\/"]}]},{"@type":"ImageObject","inLanguage":"de","@id":"https:\/\/repliquemangacine.fr\/repliques-d-armes-films-et-series\/pistolet-blaster-dl-44-han-solo-star-wars\/#primaryimage","url":"https:\/\/repliquemangacine.fr\/wp-content\/uploads\/2025\/11\/Pistolet-blaster-DL-44-de-Han-Solo-sur-son-support.jpg","contentUrl":"https:\/\/repliquemangacine.fr\/wp-content\/uploads\/2025\/11\/Pistolet-blaster-DL-44-de-Han-Solo-sur-son-support.jpg","width":700,"height":700,"caption":"Pistolet blaster DL-44 de Han solo dans Star Wars"},{"@type":"BreadcrumbList","@id":"https:\/\/repliquemangacine.fr\/repliques-d-armes-films-et-series\/pistolet-blaster-dl-44-han-solo-star-wars\/#breadcrumb","itemListElement":[{"@type":"ListItem","position":1,"name":"Accueil","item":"https:\/\/repliquemangacine.fr\/"},{"@type":"ListItem","position":2,"name":"Produits","item":"https:\/\/repliquemangacine.fr\/boutique\/"},{"@type":"ListItem","position":3,"name":"Pistolet blaster DL-44 Han Solo &#8211; Star Wars"}]},{"@type":"WebSite","@id":"https:\/\/repliquemangacine.fr\/#website","url":"https:\/\/repliquemangacine.fr\/","name":"R\u00e9plique Manga Cin\u00e9","description":"","publisher":{"@id":"https:\/\/repliquemangacine.fr\/#organization"},"potentialAction":[{"@type":"SearchAction","target":{"@type":"EntryPoint","urlTemplate":"https:\/\/repliquemangacine.fr\/?s={search_term_string}"},"query-input":{"@type":"PropertyValueSpecification","valueRequired":true,"valueName":"search_term_string"}}],"inLanguage":"de"},{"@type":"Organization","@id":"https:\/\/repliquemangacine.fr\/#organization","name":"R\u00e9plique Manga Cin\u00e9","url":"https:\/\/repliquemangacine.fr\/","logo":{"@type":"ImageObject","inLanguage":"de","@id":"https:\/\/repliquemangacine.fr\/#\/schema\/logo\/image\/","url":"https:\/\/repliquemangacine.fr\/wp-content\/uploads\/2023\/10\/RMC-500250.png","contentUrl":"https:\/\/repliquemangacine.fr\/wp-content\/uploads\/2023\/10\/RMC-500250.png","width":500,"height":250,"caption":"R\u00e9plique Manga Cin\u00e9"},"image":{"@id":"https:\/\/repliquemangacine.fr\/#\/schema\/logo\/image\/"},"sameAs":["https:\/\/www.facebook.com\/RepliqueMangaCine","https:\/\/www.instagram.com\/repliquemangacine.fr\/"]}]}},"_links":{"self":[{"href":"https:\/\/repliquemangacine.fr\/de\/wp-json\/wp\/v2\/product\/91045","targetHints":{"allow":["GET"]}}],"collection":[{"href":"https:\/\/repliquemangacine.fr\/de\/wp-json\/wp\/v2\/product"}],"about":[{"href":"https:\/\/repliquemangacine.fr\/de\/wp-json\/wp\/v2\/types\/product"}],"wp:featuredmedia":[{"embeddable":true,"href":"https:\/\/repliquemangacine.fr\/de\/wp-json\/wp\/v2\/media\/91047"}],"wp:attachment":[{"href":"https:\/\/repliquemangacine.fr\/de\/wp-json\/wp\/v2\/media?parent=91045"}],"wp:term":[{"taxonomy":"product_brand","embeddable":true,"href":"https:\/\/repliquemangacine.fr\/de\/wp-json\/wp\/v2\/product_brand?post=91045"},{"taxonomy":"product_cat","embeddable":true,"href":"https:\/\/repliquemangacine.fr\/de\/wp-json\/wp\/v2\/product_cat?post=91045"},{"taxonomy":"product_tag","embeddable":true,"href":"https:\/\/repliquemangacine.fr\/de\/wp-json\/wp\/v2\/product_tag?post=91045"}],"curies":[{"name":"wp","href":"https:\/\/api.w.org\/{rel}","templated":true}]}}