





{"id":91007,"date":"2025-11-20T17:48:04","date_gmt":"2025-11-20T16:48:04","guid":{"rendered":"https:\/\/repliquemangacine.fr\/?post_type=product&#038;p=91007"},"modified":"2026-02-18T16:08:49","modified_gmt":"2026-02-18T15:08:49","slug":"schild-des-wachters-von-kratos-gott-des-krieges","status":"publish","type":"product","link":"https:\/\/repliquemangacine.fr\/de\/replique-god-of-war\/bouclier-de-gardien-de-kratos-god-of-war\/","title":{"rendered":"Kratos' Schild des W\u00e4chters - God of War"},"content":{"rendered":"<h2>Mythischer Schild des W\u00e4chters zum Schutz der G\u00f6tter und Sterblichen<\/h2>\n<p>Zun\u00e4chst einmal ist dies <strong>W\u00e4chter-Schild<\/strong> greift das ikonische Design auf, das Kratos in God of War verwendet. Es ist vollst\u00e4ndig aus detailliertem Harz gefertigt und mit geometrischen Mustern versehen, die an das spartanische und runische Erbe erinnern. Mit seinen Abmessungen von 680 mm x 610 mm und einem Gewicht von 3,2 kg bietet es eine imposante Pr\u00e4senz, die einem Ausstellungsst\u00fcck w\u00fcrdig ist. Auf der R\u00fcckseite befinden sich ein Griff und ein Riemen, mit denen er am Arm getragen werden kann, w\u00e4hrend eine Kette die Befestigung an der Wand erleichtert. Im Spiel wird dieser Schild eingesetzt, um Schl\u00e4ge abzufangen, Angriffe abzuwehren und Feinde zur\u00fcckzudr\u00e4ngen. Er symbolisiert Kratos' Entwicklung hin zu einem strategischeren Kampfstil, der rohe Kraft mit gekonnter Verteidigung verbindet.<\/p>\n<h2>Kratos, g\u00f6ttlicher Krieger mit tragischem Schicksal<\/h2>\n<p>F\u00fcr den Anfang, <a href=\"https:\/\/godofwar.fandom.com\/fr\/wiki\/Kratos\" target=\"_blank\" rel=\"noopener noreferrer\">Kratos<\/a>, ein gef\u00fcrchteter K\u00e4mpfer, gepr\u00e4gt von einer Geschichte voller Wut und Erl\u00f6sung. Bekannt als der Geist von Sparta, bek\u00e4mpft er G\u00f6tter, Titanen und mythologische Kreaturen mit unerbittlicher Entschlossenheit. In God of War entwickelt sich sein Kampfstil dank dieses Schildes weiter, der seine Wut kanalisiert und gleichzeitig eind\u00e4mmt. Er nutzt ihn, um Angriffe abzuwehren, Gegenangriffe zu starten und die Verteidigung seiner Gegner zu durchbrechen. Seine Beziehung zu seinem Sohn Atreus offenbart einen menschlicheren Charakter, der bereit ist, seine Werte durch Taten weiterzugeben. Mit dieser originalgetreuen Nachbildung fangen Sie die Essenz eines gebrochenen, aber unbez\u00e4hmbaren Helden ein, der von Kraft und Instinkt geleitet wird.<\/p>\n<h2>Eine God of War-Sammlung, die Valhalla w\u00fcrdig ist<\/h2>\n<p>Dieser Schild reiht sich in eine Auswahl symboltr\u00e4chtiger St\u00fccke ein, die auf R\u00e9plique Manga Cin\u00e9 erh\u00e4ltlich sind. Der Beeindruckende <a href=\"https:\/\/repliquemangacine.fr\/de\/katana-und-schwert-von-videospielen-andere-videospiele\/axt-von-kratos-god-of-war\/\">Kratos' Leviathan-Axt<\/a> verf\u00fcgt \u00fcber einen gravierten und fluoreszierenden Edelstahlkopf f\u00fcr eine spektakul\u00e4re Optik. Erg\u00e4nzend dazu sind die beiden <a href=\"https:\/\/repliquemangacine.fr\/de\/repliken-manga-videospiele\/kratos-chaosklingen\/\">Chaosklingen aus God of War 4<\/a> verk\u00f6rpert die Urspr\u00fcnge des spartanischen Kriegers. Wir bieten auch das <a href=\"https:\/\/repliquemangacine.fr\/de\/katana-und-schwert-von-videospielen-andere-videospiele\/thors-hammer-in-god-of-war-ragnarok\/\">Thors Hammer in God of War Ragnarok<\/a> um Ihr mythologisches Pantheon zu vervollst\u00e4ndigen. Dank dieser vielf\u00e4ltigen Auswahl kann jeder Fan eine beeindruckende Sammlung zusammenstellen, die die epische Geschichte von Kratos nachzeichnet. St\u00f6bern Sie in unserem Shop, um alle Waffen des Kriegsgottes zu sammeln.<\/p>","protected":false},"excerpt":{"rendered":"<p>Verteidigen Sie die G\u00f6tter mit dem Schild des W\u00e4chters von Kratos, einer massiven und detailreichen Nachbildung, die von God of War inspiriert ist.<\/p>\n<ul>\n<li>Schild komplett aus gegossenem Harz.<\/li>\n<li>Hochwertige Verarbeitung<\/li>\n<li>Auf der R\u00fcckseite befindet sich eine Kette zum Aufh\u00e4ngen an der Wand.<\/li>\n<li>Sowie ein Griff und ein Gurt zum Tragen<\/li>\n<li>Abmessungen: 68 cm x 61 cm<\/li>\n<li>Gewicht: 3200 g<\/li>\n<\/ul>","protected":false},"featured_media":91008,"template":"","meta":[],"product_brand":[],"product_cat":[985,28],"product_tag":[],"class_list":{"0":"post-91007","1":"product","2":"type-product","3":"status-publish","4":"has-post-thumbnail","6":"product_cat-replique-god-of-war","7":"product_cat-repliques-darmes","9":"first","10":"instock","11":"taxable","12":"shipping-taxable","13":"purchasable","14":"product-type-simple"},"yoast_head":"<!-- This site is optimized with the Yoast SEO plugin v27.4 - https:\/\/yoast.com\/product\/yoast-seo-wordpress\/ -->\n<title>Bouclier de Gardien de Kratos - God of War - R\u00e9plique Manga Cin\u00e9<\/title>\n<meta name=\"description\" content=\"Bouclier de Gardien de Kratos en r\u00e9sine d\u00e9taill\u00e9e, 68\u00d761 cm, 3,2 kg, poign\u00e9e + sangle + cha\u00eene murale. R\u00e9plique God of War pour collection immersive.\" \/>\n<meta name=\"robots\" content=\"index, follow, max-snippet:-1, max-image-preview:large, max-video-preview:-1\" \/>\n<link rel=\"canonical\" href=\"https:\/\/repliquemangacine.fr\/de\/replica-god-of-war\/schild-des-wachters-von-kratos-gott-des-krieges\/\" \/>\n<meta property=\"og:locale\" content=\"de_DE\" \/>\n<meta property=\"og:type\" content=\"article\" \/>\n<meta property=\"og:title\" content=\"Bouclier de Gardien de Kratos - God of War - R\u00e9plique Manga Cin\u00e9\" \/>\n<meta property=\"og:description\" content=\"Bouclier de Gardien de Kratos en r\u00e9sine d\u00e9taill\u00e9e, 68\u00d761 cm, 3,2 kg, poign\u00e9e + sangle + cha\u00eene murale. R\u00e9plique God of War pour collection immersive.\" \/>\n<meta property=\"og:url\" content=\"https:\/\/repliquemangacine.fr\/de\/replica-god-of-war\/schild-des-wachters-von-kratos-gott-des-krieges\/\" \/>\n<meta property=\"og:site_name\" content=\"R\u00e9plique Manga Cin\u00e9\" \/>\n<meta property=\"article:publisher\" content=\"https:\/\/www.facebook.com\/RepliqueMangaCine\" \/>\n<meta property=\"article:modified_time\" content=\"2026-02-18T15:08:49+00:00\" \/>\n<meta property=\"og:image\" content=\"https:\/\/repliquemangacine.fr\/wp-content\/uploads\/2025\/11\/Bouclier-de-Kratos-God-of-War.jpg\" \/>\n\t<meta property=\"og:image:width\" content=\"700\" \/>\n\t<meta property=\"og:image:height\" content=\"700\" \/>\n\t<meta property=\"og:image:type\" content=\"image\/jpeg\" \/>\n<meta name=\"twitter:card\" content=\"summary_large_image\" \/>\n<meta name=\"twitter:label1\" content=\"Gesch\u00e4tzte Lesezeit\" \/>\n\t<meta name=\"twitter:data1\" content=\"2\u00a0Minuten\" \/>\n<script type=\"application\/ld+json\" class=\"yoast-schema-graph\">{\"@context\":\"https:\\\/\\\/schema.org\",\"@graph\":[{\"@type\":\"WebPage\",\"@id\":\"https:\\\/\\\/repliquemangacine.fr\\\/replique-god-of-war\\\/bouclier-de-gardien-de-kratos-god-of-war\\\/\",\"url\":\"https:\\\/\\\/repliquemangacine.fr\\\/replique-god-of-war\\\/bouclier-de-gardien-de-kratos-god-of-war\\\/\",\"name\":\"Bouclier de Gardien de Kratos - God of War - R\u00e9plique Manga Cin\u00e9\",\"isPartOf\":{\"@id\":\"https:\\\/\\\/repliquemangacine.fr\\\/#website\"},\"primaryImageOfPage\":{\"@id\":\"https:\\\/\\\/repliquemangacine.fr\\\/replique-god-of-war\\\/bouclier-de-gardien-de-kratos-god-of-war\\\/#primaryimage\"},\"image\":{\"@id\":\"https:\\\/\\\/repliquemangacine.fr\\\/replique-god-of-war\\\/bouclier-de-gardien-de-kratos-god-of-war\\\/#primaryimage\"},\"thumbnailUrl\":\"https:\\\/\\\/repliquemangacine.fr\\\/wp-content\\\/uploads\\\/2025\\\/11\\\/Bouclier-de-Kratos-God-of-War.jpg\",\"datePublished\":\"2025-11-20T16:48:04+00:00\",\"dateModified\":\"2026-02-18T15:08:49+00:00\",\"description\":\"Bouclier de Gardien de Kratos en r\u00e9sine d\u00e9taill\u00e9e, 68\u00d761 cm, 3,2 kg, poign\u00e9e + sangle + cha\u00eene murale. R\u00e9plique God of War pour collection immersive.\",\"breadcrumb\":{\"@id\":\"https:\\\/\\\/repliquemangacine.fr\\\/replique-god-of-war\\\/bouclier-de-gardien-de-kratos-god-of-war\\\/#breadcrumb\"},\"inLanguage\":\"de\",\"potentialAction\":[{\"@type\":\"ReadAction\",\"target\":[\"https:\\\/\\\/repliquemangacine.fr\\\/replique-god-of-war\\\/bouclier-de-gardien-de-kratos-god-of-war\\\/\"]}]},{\"@type\":\"ImageObject\",\"inLanguage\":\"de\",\"@id\":\"https:\\\/\\\/repliquemangacine.fr\\\/replique-god-of-war\\\/bouclier-de-gardien-de-kratos-god-of-war\\\/#primaryimage\",\"url\":\"https:\\\/\\\/repliquemangacine.fr\\\/wp-content\\\/uploads\\\/2025\\\/11\\\/Bouclier-de-Kratos-God-of-War.jpg\",\"contentUrl\":\"https:\\\/\\\/repliquemangacine.fr\\\/wp-content\\\/uploads\\\/2025\\\/11\\\/Bouclier-de-Kratos-God-of-War.jpg\",\"width\":700,\"height\":700,\"caption\":\"Bouclier de Gardien de Kratos - God of War\"},{\"@type\":\"BreadcrumbList\",\"@id\":\"https:\\\/\\\/repliquemangacine.fr\\\/replique-god-of-war\\\/bouclier-de-gardien-de-kratos-god-of-war\\\/#breadcrumb\",\"itemListElement\":[{\"@type\":\"ListItem\",\"position\":1,\"name\":\"Accueil\",\"item\":\"https:\\\/\\\/repliquemangacine.fr\\\/\"},{\"@type\":\"ListItem\",\"position\":2,\"name\":\"Produits\",\"item\":\"https:\\\/\\\/repliquemangacine.fr\\\/boutique\\\/\"},{\"@type\":\"ListItem\",\"position\":3,\"name\":\"Bouclier de Gardien de Kratos &#8211; God of War\"}]},{\"@type\":\"WebSite\",\"@id\":\"https:\\\/\\\/repliquemangacine.fr\\\/#website\",\"url\":\"https:\\\/\\\/repliquemangacine.fr\\\/\",\"name\":\"R\u00e9plique Manga Cin\u00e9\",\"description\":\"\",\"publisher\":{\"@id\":\"https:\\\/\\\/repliquemangacine.fr\\\/#organization\"},\"potentialAction\":[{\"@type\":\"SearchAction\",\"target\":{\"@type\":\"EntryPoint\",\"urlTemplate\":\"https:\\\/\\\/repliquemangacine.fr\\\/?s={search_term_string}\"},\"query-input\":{\"@type\":\"PropertyValueSpecification\",\"valueRequired\":true,\"valueName\":\"search_term_string\"}}],\"inLanguage\":\"de\"},{\"@type\":\"Organization\",\"@id\":\"https:\\\/\\\/repliquemangacine.fr\\\/#organization\",\"name\":\"R\u00e9plique Manga Cin\u00e9\",\"url\":\"https:\\\/\\\/repliquemangacine.fr\\\/\",\"logo\":{\"@type\":\"ImageObject\",\"inLanguage\":\"de\",\"@id\":\"https:\\\/\\\/repliquemangacine.fr\\\/#\\\/schema\\\/logo\\\/image\\\/\",\"url\":\"https:\\\/\\\/repliquemangacine.fr\\\/wp-content\\\/uploads\\\/2023\\\/10\\\/RMC-500250.png\",\"contentUrl\":\"https:\\\/\\\/repliquemangacine.fr\\\/wp-content\\\/uploads\\\/2023\\\/10\\\/RMC-500250.png\",\"width\":500,\"height\":250,\"caption\":\"R\u00e9plique Manga Cin\u00e9\"},\"image\":{\"@id\":\"https:\\\/\\\/repliquemangacine.fr\\\/#\\\/schema\\\/logo\\\/image\\\/\"},\"sameAs\":[\"https:\\\/\\\/www.facebook.com\\\/RepliqueMangaCine\",\"https:\\\/\\\/www.instagram.com\\\/repliquemangacine.fr\\\/\"]}]}<\/script>\n<!-- \/ Yoast SEO plugin. -->","yoast_head_json":{"title":"Schild des W\u00e4chters von Kratos \u2013 God of War \u2013 R\u00e9plique Manga Cin\u00e9","description":"Detaillierter Schild des W\u00e4chters Kratos aus Kunstharz, 68 \u00d7 61 cm, 3,2 kg, Griff + Riemen + Wandhalterung. God of War-Replik f\u00fcr eine beeindruckende Sammlung.","robots":{"index":"index","follow":"follow","max-snippet":"max-snippet:-1","max-image-preview":"max-image-preview:large","max-video-preview":"max-video-preview:-1"},"canonical":"https:\/\/repliquemangacine.fr\/de\/replica-god-of-war\/schild-des-wachters-von-kratos-gott-des-krieges\/","og_locale":"de_DE","og_type":"article","og_title":"Bouclier de Gardien de Kratos - God of War - R\u00e9plique Manga Cin\u00e9","og_description":"Bouclier de Gardien de Kratos en r\u00e9sine d\u00e9taill\u00e9e, 68\u00d761 cm, 3,2 kg, poign\u00e9e + sangle + cha\u00eene murale. R\u00e9plique God of War pour collection immersive.","og_url":"https:\/\/repliquemangacine.fr\/de\/replica-god-of-war\/schild-des-wachters-von-kratos-gott-des-krieges\/","og_site_name":"R\u00e9plique Manga Cin\u00e9","article_publisher":"https:\/\/www.facebook.com\/RepliqueMangaCine","article_modified_time":"2026-02-18T15:08:49+00:00","og_image":[{"width":700,"height":700,"url":"https:\/\/repliquemangacine.fr\/wp-content\/uploads\/2025\/11\/Bouclier-de-Kratos-God-of-War.jpg","type":"image\/jpeg"}],"twitter_card":"summary_large_image","twitter_misc":{"Gesch\u00e4tzte Lesezeit":"2\u00a0Minuten"},"schema":{"@context":"https:\/\/schema.org","@graph":[{"@type":"WebPage","@id":"https:\/\/repliquemangacine.fr\/replique-god-of-war\/bouclier-de-gardien-de-kratos-god-of-war\/","url":"https:\/\/repliquemangacine.fr\/replique-god-of-war\/bouclier-de-gardien-de-kratos-god-of-war\/","name":"Schild des W\u00e4chters von Kratos \u2013 God of War \u2013 R\u00e9plique Manga Cin\u00e9","isPartOf":{"@id":"https:\/\/repliquemangacine.fr\/#website"},"primaryImageOfPage":{"@id":"https:\/\/repliquemangacine.fr\/replique-god-of-war\/bouclier-de-gardien-de-kratos-god-of-war\/#primaryimage"},"image":{"@id":"https:\/\/repliquemangacine.fr\/replique-god-of-war\/bouclier-de-gardien-de-kratos-god-of-war\/#primaryimage"},"thumbnailUrl":"https:\/\/repliquemangacine.fr\/wp-content\/uploads\/2025\/11\/Bouclier-de-Kratos-God-of-War.jpg","datePublished":"2025-11-20T16:48:04+00:00","dateModified":"2026-02-18T15:08:49+00:00","description":"Detaillierter Schild des W\u00e4chters Kratos aus Kunstharz, 68 \u00d7 61 cm, 3,2 kg, Griff + Riemen + Wandhalterung. God of War-Replik f\u00fcr eine beeindruckende Sammlung.","breadcrumb":{"@id":"https:\/\/repliquemangacine.fr\/replique-god-of-war\/bouclier-de-gardien-de-kratos-god-of-war\/#breadcrumb"},"inLanguage":"de","potentialAction":[{"@type":"ReadAction","target":["https:\/\/repliquemangacine.fr\/replique-god-of-war\/bouclier-de-gardien-de-kratos-god-of-war\/"]}]},{"@type":"ImageObject","inLanguage":"de","@id":"https:\/\/repliquemangacine.fr\/replique-god-of-war\/bouclier-de-gardien-de-kratos-god-of-war\/#primaryimage","url":"https:\/\/repliquemangacine.fr\/wp-content\/uploads\/2025\/11\/Bouclier-de-Kratos-God-of-War.jpg","contentUrl":"https:\/\/repliquemangacine.fr\/wp-content\/uploads\/2025\/11\/Bouclier-de-Kratos-God-of-War.jpg","width":700,"height":700,"caption":"Bouclier de Gardien de Kratos - God of War"},{"@type":"BreadcrumbList","@id":"https:\/\/repliquemangacine.fr\/replique-god-of-war\/bouclier-de-gardien-de-kratos-god-of-war\/#breadcrumb","itemListElement":[{"@type":"ListItem","position":1,"name":"Accueil","item":"https:\/\/repliquemangacine.fr\/"},{"@type":"ListItem","position":2,"name":"Produits","item":"https:\/\/repliquemangacine.fr\/boutique\/"},{"@type":"ListItem","position":3,"name":"Bouclier de Gardien de Kratos &#8211; God of War"}]},{"@type":"WebSite","@id":"https:\/\/repliquemangacine.fr\/#website","url":"https:\/\/repliquemangacine.fr\/","name":"R\u00e9plique Manga Cin\u00e9","description":"","publisher":{"@id":"https:\/\/repliquemangacine.fr\/#organization"},"potentialAction":[{"@type":"SearchAction","target":{"@type":"EntryPoint","urlTemplate":"https:\/\/repliquemangacine.fr\/?s={search_term_string}"},"query-input":{"@type":"PropertyValueSpecification","valueRequired":true,"valueName":"search_term_string"}}],"inLanguage":"de"},{"@type":"Organization","@id":"https:\/\/repliquemangacine.fr\/#organization","name":"R\u00e9plique Manga Cin\u00e9","url":"https:\/\/repliquemangacine.fr\/","logo":{"@type":"ImageObject","inLanguage":"de","@id":"https:\/\/repliquemangacine.fr\/#\/schema\/logo\/image\/","url":"https:\/\/repliquemangacine.fr\/wp-content\/uploads\/2023\/10\/RMC-500250.png","contentUrl":"https:\/\/repliquemangacine.fr\/wp-content\/uploads\/2023\/10\/RMC-500250.png","width":500,"height":250,"caption":"R\u00e9plique Manga Cin\u00e9"},"image":{"@id":"https:\/\/repliquemangacine.fr\/#\/schema\/logo\/image\/"},"sameAs":["https:\/\/www.facebook.com\/RepliqueMangaCine","https:\/\/www.instagram.com\/repliquemangacine.fr\/"]}]}},"_links":{"self":[{"href":"https:\/\/repliquemangacine.fr\/de\/wp-json\/wp\/v2\/product\/91007","targetHints":{"allow":["GET"]}}],"collection":[{"href":"https:\/\/repliquemangacine.fr\/de\/wp-json\/wp\/v2\/product"}],"about":[{"href":"https:\/\/repliquemangacine.fr\/de\/wp-json\/wp\/v2\/types\/product"}],"wp:featuredmedia":[{"embeddable":true,"href":"https:\/\/repliquemangacine.fr\/de\/wp-json\/wp\/v2\/media\/91008"}],"wp:attachment":[{"href":"https:\/\/repliquemangacine.fr\/de\/wp-json\/wp\/v2\/media?parent=91007"}],"wp:term":[{"taxonomy":"product_brand","embeddable":true,"href":"https:\/\/repliquemangacine.fr\/de\/wp-json\/wp\/v2\/product_brand?post=91007"},{"taxonomy":"product_cat","embeddable":true,"href":"https:\/\/repliquemangacine.fr\/de\/wp-json\/wp\/v2\/product_cat?post=91007"},{"taxonomy":"product_tag","embeddable":true,"href":"https:\/\/repliquemangacine.fr\/de\/wp-json\/wp\/v2\/product_tag?post=91007"}],"curies":[{"name":"wp","href":"https:\/\/api.w.org\/{rel}","templated":true}]}}