





{"id":90994,"date":"2025-11-20T15:40:04","date_gmt":"2025-11-20T14:40:04","guid":{"rendered":"https:\/\/repliquemangacine.fr\/?post_type=product&#038;p=90994"},"modified":"2026-03-31T10:04:55","modified_gmt":"2026-03-31T08:04:55","slug":"doppelklingenaxt-gimli","status":"publish","type":"product","link":"https:\/\/repliquemangacine.fr\/de\/epees-seigneur-des-anneaux\/hache-double-lame-gimli\/","title":{"rendered":"Doppelklingenaxt Gimli"},"content":{"rendered":"<h2>Eine Gimli-Doppelklingenaxt f\u00fcr die Helden von Mittelerde<\/h2>\n<p>Zun\u00e4chst einmal ist diese Nachbildung der <strong>Doppelklingenaxt Gimli<\/strong> ist der \u00c4sthetik der Waffe aus \"Der Herr der Ringe\" nachempfunden. Der Kopf besteht aus zwei fein gearbeiteten Metallklingen mit zwergisch inspirierten Goldmustern. Der braune Griff ist mit einer rutschfesten Textur verst\u00e4rkt, die einen festen Griff garantiert. Mit seinen ausgewogenen Abmessungen weist das St\u00fcck eine Gesamtl\u00e4nge von 880 mm bei einer Klingenl\u00e4nge von 280 mm auf. Das stattliche Gewicht von 4400 g verst\u00e4rkt das authentische und massive Aussehen der Waffe. Die Axt wird mit einer Wandhalterung geliefert und wird so zu einem prestigetr\u00e4chtigen Dekorationsst\u00fcck. Diese Axt symbolisiert die kriegerische Macht des Zwergenvolkes und ihre Meisterschaft im Nahkampf w\u00e4hrend der gesamten Trilogie.<\/p>\n<h2>Gimli, Zwergenkrieger mit unersch\u00f6pflichem Mut<\/h2>\n<p>Gimli verk\u00f6rpert Tapferkeit und Loyalit\u00e4t und verbindet rohe Kraft mit bei\u00dfendem Humor. Diese <strong>Doppelklingenaxt Gimli<\/strong>, das in der Schlacht geschwungen wird, begleitet seine heldenhaften Aufladungen und sein unbeugsames Temperament. Seine Freundschaft mit Legolas ist eines der st\u00e4rksten Symbole f\u00fcr den Zusammenhalt der freien V\u00f6lker. Jede ihrer Heldentaten st\u00e4rkt den gegenseitigen Respekt, der im Herzen des Krieges entstanden ist. Dar\u00fcber hinaus ist sein B\u00fcndnis mit <a href=\"https:\/\/lotr.fandom.com\/fr\/wiki\/Aragorn\" target=\"_blank\" rel=\"noopener noreferrer\">Aragorn<\/a> beweist ihre Treue zu den K\u00f6nigen von Gondor. Au\u00dferdem unterstreicht diese Waffe ihren zwergischen Stolz, ihr Ahnenerbe und ihren Platz in der Gemeinschaft. Wer diese Replik besitzt, feiert einen der gr\u00f6\u00dften Krieger Tolkiens.<\/p>\n<h2>Eine epische Sammlung f\u00fcr Fans des Herrn der Ringe<\/h2>\n<p>Diese Axt kann sich einer prestigetr\u00e4chtigen Auswahl anschlie\u00dfen, die auf R\u00e9plique Manga Cin\u00e9 erh\u00e4ltlich ist. Zu diesen St\u00fccken geh\u00f6rt auch die wundersch\u00f6ne Replik der Axt.\u2019<a href=\"https:\/\/repliquemangacine.fr\/de\/herr-der-ringe-schwerter\/eowyns-schwert-der-herr-der-ringe\/\">\u00c9owyns Schwert<\/a> ist eine Hommage an die Tapferkeit der Rohirrim. Au\u00dferdem findet man hier die Nachbildung des\u2019<a href=\"https:\/\/repliquemangacine.fr\/de\/herr-der-ringe-schwerter\/nazgul-schwert-herr-der-ringe-schwarzes-reiterschwert\/\">Schwert der Nazg\u00fbl<\/a>, eine dunkle Waffe, die von den Schwarzen Reitern getragen wird. Schlie\u00dflich die wundersch\u00f6ne <a href=\"https:\/\/repliquemangacine.fr\/de\/herr-der-ringe-schwerter\/glamdring-schwertscheide-von-gandalf-lotr\/\">Glamdring-Schwert<\/a> in der blauen Version erinnert an die Pracht von Gandalfs Waffe. Mit diesen Repliken k\u00f6nnen Sie eine komplette Sammlung zusammenstellen, die den mythischen Schlachten in Mittelerde gewidmet ist. Abschlie\u00dfend sei gesagt, dass Sie alle unsere von Tolkien inspirierten Waffen entdecken k\u00f6nnen, um Ihr Pantheon der Helden zu bereichern.<\/p>","protected":false},"excerpt":{"rendered":"<p>Beherrsche Mittelerde mit Gimlis Doppelklingenaxt, einer massiven, authentischen Nachbildung, die eines Zwergenkriegers w\u00fcrdig ist.<\/p>\n<ul>\n<li>Doppelklingenkopf aus nicht scharfem Stahl<\/li>\n<li>Metallplatte, die die beiden Klingen aus Messing mit Gravuren verbindet.<\/li>\n<li>Metallgriff mit brauner Faser \u00fcberzogen<\/li>\n<li>Wird mit einem Pr\u00e4sentationsst\u00e4nder aus Holz geliefert<\/li>\n<li>Ma\u00dfe des Doppelkopfs: 28 cm - Gesamtl\u00e4nge: 88 cm<\/li>\n<li>Gewicht: 4400 g<\/li>\n<\/ul>","protected":false},"featured_media":90996,"template":"","meta":[],"product_brand":[],"product_cat":[68,29],"product_tag":[],"class_list":{"0":"post-90994","1":"product","2":"type-product","3":"status-publish","4":"has-post-thumbnail","6":"product_cat-epees-seigneur-des-anneaux","7":"product_cat-le-seigneur-des-anneaux","9":"first","10":"outofstock","11":"taxable","12":"shipping-taxable","13":"purchasable","14":"product-type-simple"},"yoast_head":"<!-- This site is optimized with the Yoast SEO plugin v27.4 - https:\/\/yoast.com\/product\/yoast-seo-wordpress\/ -->\n<title>Hache double lame Gimli - R\u00e9plique Manga Cin\u00e9<\/title>\n<meta name=\"description\" content=\"Hache double lame de Gimli en m\u00e9tal avec poign\u00e9e marron et support mural. 880 mm, 4,4 kg. R\u00e9plique Seigneur des Anneaux pour collection passionn\u00e9e.\" \/>\n<meta name=\"robots\" content=\"index, follow, max-snippet:-1, max-image-preview:large, max-video-preview:-1\" \/>\n<link rel=\"canonical\" href=\"https:\/\/repliquemangacine.fr\/de\/herr-der-ringe-schwerter\/doppelklingenaxt-gimli\/\" \/>\n<meta property=\"og:locale\" content=\"de_DE\" \/>\n<meta property=\"og:type\" content=\"article\" \/>\n<meta property=\"og:title\" content=\"Hache double lame Gimli - R\u00e9plique Manga Cin\u00e9\" \/>\n<meta property=\"og:description\" content=\"Hache double lame de Gimli en m\u00e9tal avec poign\u00e9e marron et support mural. 880 mm, 4,4 kg. R\u00e9plique Seigneur des Anneaux pour collection passionn\u00e9e.\" \/>\n<meta property=\"og:url\" content=\"https:\/\/repliquemangacine.fr\/de\/herr-der-ringe-schwerter\/doppelklingenaxt-gimli\/\" \/>\n<meta property=\"og:site_name\" content=\"R\u00e9plique Manga Cin\u00e9\" \/>\n<meta property=\"article:publisher\" content=\"https:\/\/www.facebook.com\/RepliqueMangaCine\" \/>\n<meta property=\"article:modified_time\" content=\"2026-03-31T08:04:55+00:00\" \/>\n<meta property=\"og:image\" content=\"https:\/\/repliquemangacine.fr\/wp-content\/uploads\/2025\/11\/Hache-double-lame-Gimli-Lord-of-the-Ring.jpg\" \/>\n\t<meta property=\"og:image:width\" content=\"700\" \/>\n\t<meta property=\"og:image:height\" content=\"700\" \/>\n\t<meta property=\"og:image:type\" content=\"image\/jpeg\" \/>\n<meta name=\"twitter:card\" content=\"summary_large_image\" \/>\n<meta name=\"twitter:label1\" content=\"Gesch\u00e4tzte Lesezeit\" \/>\n\t<meta name=\"twitter:data1\" content=\"2\u00a0Minuten\" \/>\n<script type=\"application\/ld+json\" class=\"yoast-schema-graph\">{\"@context\":\"https:\\\/\\\/schema.org\",\"@graph\":[{\"@type\":\"WebPage\",\"@id\":\"https:\\\/\\\/repliquemangacine.fr\\\/epees-seigneur-des-anneaux\\\/hache-double-lame-gimli\\\/\",\"url\":\"https:\\\/\\\/repliquemangacine.fr\\\/epees-seigneur-des-anneaux\\\/hache-double-lame-gimli\\\/\",\"name\":\"Hache double lame Gimli - R\u00e9plique Manga Cin\u00e9\",\"isPartOf\":{\"@id\":\"https:\\\/\\\/repliquemangacine.fr\\\/#website\"},\"primaryImageOfPage\":{\"@id\":\"https:\\\/\\\/repliquemangacine.fr\\\/epees-seigneur-des-anneaux\\\/hache-double-lame-gimli\\\/#primaryimage\"},\"image\":{\"@id\":\"https:\\\/\\\/repliquemangacine.fr\\\/epees-seigneur-des-anneaux\\\/hache-double-lame-gimli\\\/#primaryimage\"},\"thumbnailUrl\":\"https:\\\/\\\/repliquemangacine.fr\\\/wp-content\\\/uploads\\\/2025\\\/11\\\/Hache-double-lame-Gimli-Lord-of-the-Ring.jpg\",\"datePublished\":\"2025-11-20T14:40:04+00:00\",\"dateModified\":\"2026-03-31T08:04:55+00:00\",\"description\":\"Hache double lame de Gimli en m\u00e9tal avec poign\u00e9e marron et support mural. 880 mm, 4,4 kg. R\u00e9plique Seigneur des Anneaux pour collection passionn\u00e9e.\",\"breadcrumb\":{\"@id\":\"https:\\\/\\\/repliquemangacine.fr\\\/epees-seigneur-des-anneaux\\\/hache-double-lame-gimli\\\/#breadcrumb\"},\"inLanguage\":\"de\",\"potentialAction\":[{\"@type\":\"ReadAction\",\"target\":[\"https:\\\/\\\/repliquemangacine.fr\\\/epees-seigneur-des-anneaux\\\/hache-double-lame-gimli\\\/\"]}]},{\"@type\":\"ImageObject\",\"inLanguage\":\"de\",\"@id\":\"https:\\\/\\\/repliquemangacine.fr\\\/epees-seigneur-des-anneaux\\\/hache-double-lame-gimli\\\/#primaryimage\",\"url\":\"https:\\\/\\\/repliquemangacine.fr\\\/wp-content\\\/uploads\\\/2025\\\/11\\\/Hache-double-lame-Gimli-Lord-of-the-Ring.jpg\",\"contentUrl\":\"https:\\\/\\\/repliquemangacine.fr\\\/wp-content\\\/uploads\\\/2025\\\/11\\\/Hache-double-lame-Gimli-Lord-of-the-Ring.jpg\",\"width\":700,\"height\":700,\"caption\":\"Hache double lame Gimli - Le Seigneur des Anneaux\"},{\"@type\":\"BreadcrumbList\",\"@id\":\"https:\\\/\\\/repliquemangacine.fr\\\/epees-seigneur-des-anneaux\\\/hache-double-lame-gimli\\\/#breadcrumb\",\"itemListElement\":[{\"@type\":\"ListItem\",\"position\":1,\"name\":\"Accueil\",\"item\":\"https:\\\/\\\/repliquemangacine.fr\\\/\"},{\"@type\":\"ListItem\",\"position\":2,\"name\":\"Produits\",\"item\":\"https:\\\/\\\/repliquemangacine.fr\\\/boutique\\\/\"},{\"@type\":\"ListItem\",\"position\":3,\"name\":\"Hache double lame Gimli\"}]},{\"@type\":\"WebSite\",\"@id\":\"https:\\\/\\\/repliquemangacine.fr\\\/#website\",\"url\":\"https:\\\/\\\/repliquemangacine.fr\\\/\",\"name\":\"R\u00e9plique Manga Cin\u00e9\",\"description\":\"\",\"publisher\":{\"@id\":\"https:\\\/\\\/repliquemangacine.fr\\\/#organization\"},\"potentialAction\":[{\"@type\":\"SearchAction\",\"target\":{\"@type\":\"EntryPoint\",\"urlTemplate\":\"https:\\\/\\\/repliquemangacine.fr\\\/?s={search_term_string}\"},\"query-input\":{\"@type\":\"PropertyValueSpecification\",\"valueRequired\":true,\"valueName\":\"search_term_string\"}}],\"inLanguage\":\"de\"},{\"@type\":\"Organization\",\"@id\":\"https:\\\/\\\/repliquemangacine.fr\\\/#organization\",\"name\":\"R\u00e9plique Manga Cin\u00e9\",\"url\":\"https:\\\/\\\/repliquemangacine.fr\\\/\",\"logo\":{\"@type\":\"ImageObject\",\"inLanguage\":\"de\",\"@id\":\"https:\\\/\\\/repliquemangacine.fr\\\/#\\\/schema\\\/logo\\\/image\\\/\",\"url\":\"https:\\\/\\\/repliquemangacine.fr\\\/wp-content\\\/uploads\\\/2023\\\/10\\\/RMC-500250.png\",\"contentUrl\":\"https:\\\/\\\/repliquemangacine.fr\\\/wp-content\\\/uploads\\\/2023\\\/10\\\/RMC-500250.png\",\"width\":500,\"height\":250,\"caption\":\"R\u00e9plique Manga Cin\u00e9\"},\"image\":{\"@id\":\"https:\\\/\\\/repliquemangacine.fr\\\/#\\\/schema\\\/logo\\\/image\\\/\"},\"sameAs\":[\"https:\\\/\\\/www.facebook.com\\\/RepliqueMangaCine\",\"https:\\\/\\\/www.instagram.com\\\/repliquemangacine.fr\\\/\"]}]}<\/script>\n<!-- \/ Yoast SEO plugin. -->","yoast_head_json":{"title":"Doppelklingen-Axt Gimli - R\u00e9plique Manga Cin\u00e9","description":"Gimlis Doppelklingen-Axt aus Metall mit braunem Griff und Wandhalterung. 880 mm, 4,4 kg. Herr der Ringe-Replik f\u00fcr leidenschaftliche Sammler.","robots":{"index":"index","follow":"follow","max-snippet":"max-snippet:-1","max-image-preview":"max-image-preview:large","max-video-preview":"max-video-preview:-1"},"canonical":"https:\/\/repliquemangacine.fr\/de\/herr-der-ringe-schwerter\/doppelklingenaxt-gimli\/","og_locale":"de_DE","og_type":"article","og_title":"Hache double lame Gimli - R\u00e9plique Manga Cin\u00e9","og_description":"Hache double lame de Gimli en m\u00e9tal avec poign\u00e9e marron et support mural. 880 mm, 4,4 kg. R\u00e9plique Seigneur des Anneaux pour collection passionn\u00e9e.","og_url":"https:\/\/repliquemangacine.fr\/de\/herr-der-ringe-schwerter\/doppelklingenaxt-gimli\/","og_site_name":"R\u00e9plique Manga Cin\u00e9","article_publisher":"https:\/\/www.facebook.com\/RepliqueMangaCine","article_modified_time":"2026-03-31T08:04:55+00:00","og_image":[{"width":700,"height":700,"url":"https:\/\/repliquemangacine.fr\/wp-content\/uploads\/2025\/11\/Hache-double-lame-Gimli-Lord-of-the-Ring.jpg","type":"image\/jpeg"}],"twitter_card":"summary_large_image","twitter_misc":{"Gesch\u00e4tzte Lesezeit":"2\u00a0Minuten"},"schema":{"@context":"https:\/\/schema.org","@graph":[{"@type":"WebPage","@id":"https:\/\/repliquemangacine.fr\/epees-seigneur-des-anneaux\/hache-double-lame-gimli\/","url":"https:\/\/repliquemangacine.fr\/epees-seigneur-des-anneaux\/hache-double-lame-gimli\/","name":"Doppelklingen-Axt Gimli - R\u00e9plique Manga Cin\u00e9","isPartOf":{"@id":"https:\/\/repliquemangacine.fr\/#website"},"primaryImageOfPage":{"@id":"https:\/\/repliquemangacine.fr\/epees-seigneur-des-anneaux\/hache-double-lame-gimli\/#primaryimage"},"image":{"@id":"https:\/\/repliquemangacine.fr\/epees-seigneur-des-anneaux\/hache-double-lame-gimli\/#primaryimage"},"thumbnailUrl":"https:\/\/repliquemangacine.fr\/wp-content\/uploads\/2025\/11\/Hache-double-lame-Gimli-Lord-of-the-Ring.jpg","datePublished":"2025-11-20T14:40:04+00:00","dateModified":"2026-03-31T08:04:55+00:00","description":"Gimlis Doppelklingen-Axt aus Metall mit braunem Griff und Wandhalterung. 880 mm, 4,4 kg. Herr der Ringe-Replik f\u00fcr leidenschaftliche Sammler.","breadcrumb":{"@id":"https:\/\/repliquemangacine.fr\/epees-seigneur-des-anneaux\/hache-double-lame-gimli\/#breadcrumb"},"inLanguage":"de","potentialAction":[{"@type":"ReadAction","target":["https:\/\/repliquemangacine.fr\/epees-seigneur-des-anneaux\/hache-double-lame-gimli\/"]}]},{"@type":"ImageObject","inLanguage":"de","@id":"https:\/\/repliquemangacine.fr\/epees-seigneur-des-anneaux\/hache-double-lame-gimli\/#primaryimage","url":"https:\/\/repliquemangacine.fr\/wp-content\/uploads\/2025\/11\/Hache-double-lame-Gimli-Lord-of-the-Ring.jpg","contentUrl":"https:\/\/repliquemangacine.fr\/wp-content\/uploads\/2025\/11\/Hache-double-lame-Gimli-Lord-of-the-Ring.jpg","width":700,"height":700,"caption":"Hache double lame Gimli - Le Seigneur des Anneaux"},{"@type":"BreadcrumbList","@id":"https:\/\/repliquemangacine.fr\/epees-seigneur-des-anneaux\/hache-double-lame-gimli\/#breadcrumb","itemListElement":[{"@type":"ListItem","position":1,"name":"Accueil","item":"https:\/\/repliquemangacine.fr\/"},{"@type":"ListItem","position":2,"name":"Produits","item":"https:\/\/repliquemangacine.fr\/boutique\/"},{"@type":"ListItem","position":3,"name":"Hache double lame Gimli"}]},{"@type":"WebSite","@id":"https:\/\/repliquemangacine.fr\/#website","url":"https:\/\/repliquemangacine.fr\/","name":"R\u00e9plique Manga Cin\u00e9","description":"","publisher":{"@id":"https:\/\/repliquemangacine.fr\/#organization"},"potentialAction":[{"@type":"SearchAction","target":{"@type":"EntryPoint","urlTemplate":"https:\/\/repliquemangacine.fr\/?s={search_term_string}"},"query-input":{"@type":"PropertyValueSpecification","valueRequired":true,"valueName":"search_term_string"}}],"inLanguage":"de"},{"@type":"Organization","@id":"https:\/\/repliquemangacine.fr\/#organization","name":"R\u00e9plique Manga Cin\u00e9","url":"https:\/\/repliquemangacine.fr\/","logo":{"@type":"ImageObject","inLanguage":"de","@id":"https:\/\/repliquemangacine.fr\/#\/schema\/logo\/image\/","url":"https:\/\/repliquemangacine.fr\/wp-content\/uploads\/2023\/10\/RMC-500250.png","contentUrl":"https:\/\/repliquemangacine.fr\/wp-content\/uploads\/2023\/10\/RMC-500250.png","width":500,"height":250,"caption":"R\u00e9plique Manga Cin\u00e9"},"image":{"@id":"https:\/\/repliquemangacine.fr\/#\/schema\/logo\/image\/"},"sameAs":["https:\/\/www.facebook.com\/RepliqueMangaCine","https:\/\/www.instagram.com\/repliquemangacine.fr\/"]}]}},"_links":{"self":[{"href":"https:\/\/repliquemangacine.fr\/de\/wp-json\/wp\/v2\/product\/90994","targetHints":{"allow":["GET"]}}],"collection":[{"href":"https:\/\/repliquemangacine.fr\/de\/wp-json\/wp\/v2\/product"}],"about":[{"href":"https:\/\/repliquemangacine.fr\/de\/wp-json\/wp\/v2\/types\/product"}],"wp:featuredmedia":[{"embeddable":true,"href":"https:\/\/repliquemangacine.fr\/de\/wp-json\/wp\/v2\/media\/90996"}],"wp:attachment":[{"href":"https:\/\/repliquemangacine.fr\/de\/wp-json\/wp\/v2\/media?parent=90994"}],"wp:term":[{"taxonomy":"product_brand","embeddable":true,"href":"https:\/\/repliquemangacine.fr\/de\/wp-json\/wp\/v2\/product_brand?post=90994"},{"taxonomy":"product_cat","embeddable":true,"href":"https:\/\/repliquemangacine.fr\/de\/wp-json\/wp\/v2\/product_cat?post=90994"},{"taxonomy":"product_tag","embeddable":true,"href":"https:\/\/repliquemangacine.fr\/de\/wp-json\/wp\/v2\/product_tag?post=90994"}],"curies":[{"name":"wp","href":"https:\/\/api.w.org\/{rel}","templated":true}]}}