





{"id":90985,"date":"2025-11-20T15:03:46","date_gmt":"2025-11-20T14:03:46","guid":{"rendered":"https:\/\/repliquemangacine.fr\/?post_type=product&#038;p=90985"},"modified":"2026-03-31T10:04:55","modified_gmt":"2026-03-31T08:04:55","slug":"gimli-axt-der-herr-der-ringe","status":"publish","type":"product","link":"https:\/\/repliquemangacine.fr\/de\/epees-seigneur-des-anneaux\/hache-de-gimli-le-seigneur-des-anneaux\/","title":{"rendered":"Gimlis Axt - Der Herr der Ringe"},"content":{"rendered":"<h2>Gimlis Axt, eine legend\u00e4re Waffe, die f\u00fcr den Kampf geschmiedet wurde<\/h2>\n<p>Zun\u00e4chst einmal ist diese Nachbildung der <strong>Gimlis Axt<\/strong> \u00fcbernimmt getreu sein Aussehen aus der Trilogie \"Der Herr der Ringe\". Tats\u00e4chlich besteht der Axtkopf vollst\u00e4ndig aus Metall mit einem realistischen Damast-Stil und einer goldenen Gravurplatte. Der Griff besteht aus mit schwarzen Fasern \u00fcberzogenem Metall und bietet einen festen, authentischen Griff. Sie wird mit einer Wandhalterung f\u00fcr eine elegante Ausstellung geliefert. \u00dcbrigens: In der Geschichte symbolisiert diese Axt die unb\u00e4ndige Kraft und den Mut des Zwergenvolkes. Sie begleitet Gimli auf seiner Suche nach dem Ring durch die L\u00e4nder von Mittelerde. Dieses St\u00fcck verleiht jeder Sammlung, die sich dem Thema Fantasy widmet, eine heroische Aura.<\/p>\n<h2>Gimli, ein treuer Verb\u00fcndeter von Aragorn und Legolas<\/h2>\n<p>Zun\u00e4chst einmal ist Gimli ein Zwergenkrieger mit einem stolzen, loyalen und waghalsigen Charakter. Sein offener Humor und sein starkes Temperament pr\u00e4gen jede Szene, in der er auftritt. Seine Geschichte zeichnet sich jedoch vor allem durch seine unerwartete Freundschaft mit <a href=\"https:\/\/lotr.fandom.com\/fr\/wiki\/Legolas\" target=\"_blank\" rel=\"noopener noreferrer\">Legolas<\/a>, und st\u00e4rkt die Verbindung zwischen Elben und Zwergen. Sein tiefer Respekt f\u00fcr Aragorn unterstreicht seine Dankbarkeit gegen\u00fcber den K\u00f6nigen von Gondor. Mit dieser Axt verk\u00f6rpert Gimli die im Krieg geborene Br\u00fcderlichkeit und die Ehre des Zwergenvolkes. Diese Replik erm\u00f6glicht es, diese ikonischen Momente, in denen die Kameradschaft \u00fcber jahrtausendealten Groll triumphiert, erneut zu erleben. Sie ist ideal f\u00fcr Fans, die diese mythische Allianz hervorheben m\u00f6chten.<\/p>\n<h2>Eine komplette Mittelerde-Kollektion auf R\u00e9pliqueMangaCin\u00e9<\/h2>\n<p>Diese Axt f\u00fcgt sich nahtlos in unser Sortiment f\u00fcr Liebhaber des Herrn der Ringe ein. Zu unseren ikonischen St\u00fccken geh\u00f6rt die <a href=\"https:\/\/repliquemangacine.fr\/de\/der-herr-der-ringe\/krummsabel-uruk-hai-der-herr-der-ringe\/\">Scimitar der Uruk-Hai<\/a> bietet eine brutale und kriegerische \u00c4sthetik. Wir bieten auch die Luxusversion des\u2019<a href=\"https:\/\/repliquemangacine.fr\/de\/herr-der-ringe-schwerter\/anduril-de-luxe-epee\/\">Schwert von Aragorn, der Anduril<\/a>, das Symbol des k\u00f6niglichen Erbes von Gondor. Erg\u00e4nzend dazu ist das\u2019<a href=\"https:\/\/repliquemangacine.fr\/de\/herr-der-ringe-schwerter\/sam-schwert-gamegie-der-herr-der-ringe\/\">Sam Gamegies Schwert<\/a> erinnert an die Loyalit\u00e4t und den Mut der Hobbits. Unser R\u00e9plique Manga Cin\u00e9-Shop vereint alle Schwerter aus der Trilogie, um eine Sammlung zu schaffen, die dem epischen Werk treu bleibt. So kann jeder Fan einen kompletten Teil von Tolkiens Legende ausstellen.<\/p>","protected":false},"excerpt":{"rendered":"<p>Schwingen Sie die Macht der Zwerge mit Gimlis Axt, einer robusten, epischen Nachbildung, die von \"Der Herr der Ringe\" inspiriert wurde.<\/p>\n<ul>\n<li>Axtkopf aus Stahl im Damaskus-Stil<\/li>\n<li>Kleine gravierte und vergoldete Plakette auf der Oberseite des Kopfes<\/li>\n<li>Metallgriff mit schwarzem Faser\u00fcberzug f\u00fcr einen guten Griff<\/li>\n<li>Wird mit einem Pr\u00e4sentationsst\u00e4nder aus Holz geliefert<\/li>\n<li>L\u00e4nge des Kopfes: 21.5 cm - Gesamtl\u00e4nge: 86 cm<\/li>\n<li>Gewicht: 3070 g<\/li>\n<\/ul>","protected":false},"featured_media":90986,"template":"","meta":[],"product_brand":[],"product_cat":[68,29],"product_tag":[],"class_list":{"0":"post-90985","1":"product","2":"type-product","3":"status-publish","4":"has-post-thumbnail","6":"product_cat-epees-seigneur-des-anneaux","7":"product_cat-le-seigneur-des-anneaux","9":"first","10":"instock","11":"taxable","12":"shipping-taxable","13":"purchasable","14":"product-type-simple"},"yoast_head":"<!-- This site is optimized with the Yoast SEO plugin v27.4 - https:\/\/yoast.com\/product\/yoast-seo-wordpress\/ -->\n<title>Hache de Gimli - Le Seigneur des Anneaux - R\u00e9plique Manga Cin\u00e9<\/title>\n<meta name=\"description\" content=\"Hache de Gimli en m\u00e9tal style damas avec poign\u00e9e fibre et support mural. R\u00e9plique Seigneur des Anneaux id\u00e9ale collection et d\u00e9coration fantasy.\" \/>\n<meta name=\"robots\" content=\"index, follow, max-snippet:-1, max-image-preview:large, max-video-preview:-1\" \/>\n<link rel=\"canonical\" href=\"https:\/\/repliquemangacine.fr\/de\/herr-der-ringe-schwerter\/gimli-axt-der-herr-der-ringe\/\" \/>\n<meta property=\"og:locale\" content=\"de_DE\" \/>\n<meta property=\"og:type\" content=\"article\" \/>\n<meta property=\"og:title\" content=\"Hache de Gimli - Le Seigneur des Anneaux - R\u00e9plique Manga Cin\u00e9\" \/>\n<meta property=\"og:description\" content=\"Hache de Gimli en m\u00e9tal style damas avec poign\u00e9e fibre et support mural. R\u00e9plique Seigneur des Anneaux id\u00e9ale collection et d\u00e9coration fantasy.\" \/>\n<meta property=\"og:url\" content=\"https:\/\/repliquemangacine.fr\/de\/herr-der-ringe-schwerter\/gimli-axt-der-herr-der-ringe\/\" \/>\n<meta property=\"og:site_name\" content=\"R\u00e9plique Manga Cin\u00e9\" \/>\n<meta property=\"article:publisher\" content=\"https:\/\/www.facebook.com\/RepliqueMangaCine\" \/>\n<meta property=\"article:modified_time\" content=\"2026-03-31T08:04:55+00:00\" \/>\n<meta property=\"og:image\" content=\"https:\/\/repliquemangacine.fr\/wp-content\/uploads\/2025\/11\/Hache-de-Gimli-Le-Seigneur-des-Anneaux.jpg\" \/>\n\t<meta property=\"og:image:width\" content=\"700\" \/>\n\t<meta property=\"og:image:height\" content=\"700\" \/>\n\t<meta property=\"og:image:type\" content=\"image\/jpeg\" \/>\n<meta name=\"twitter:card\" content=\"summary_large_image\" \/>\n<meta name=\"twitter:label1\" content=\"Gesch\u00e4tzte Lesezeit\" \/>\n\t<meta name=\"twitter:data1\" content=\"2\u00a0Minuten\" \/>\n<script type=\"application\/ld+json\" class=\"yoast-schema-graph\">{\"@context\":\"https:\\\/\\\/schema.org\",\"@graph\":[{\"@type\":\"WebPage\",\"@id\":\"https:\\\/\\\/repliquemangacine.fr\\\/epees-seigneur-des-anneaux\\\/hache-de-gimli-le-seigneur-des-anneaux\\\/\",\"url\":\"https:\\\/\\\/repliquemangacine.fr\\\/epees-seigneur-des-anneaux\\\/hache-de-gimli-le-seigneur-des-anneaux\\\/\",\"name\":\"Hache de Gimli - Le Seigneur des Anneaux - R\u00e9plique Manga Cin\u00e9\",\"isPartOf\":{\"@id\":\"https:\\\/\\\/repliquemangacine.fr\\\/#website\"},\"primaryImageOfPage\":{\"@id\":\"https:\\\/\\\/repliquemangacine.fr\\\/epees-seigneur-des-anneaux\\\/hache-de-gimli-le-seigneur-des-anneaux\\\/#primaryimage\"},\"image\":{\"@id\":\"https:\\\/\\\/repliquemangacine.fr\\\/epees-seigneur-des-anneaux\\\/hache-de-gimli-le-seigneur-des-anneaux\\\/#primaryimage\"},\"thumbnailUrl\":\"https:\\\/\\\/repliquemangacine.fr\\\/wp-content\\\/uploads\\\/2025\\\/11\\\/Hache-de-Gimli-Le-Seigneur-des-Anneaux.jpg\",\"datePublished\":\"2025-11-20T14:03:46+00:00\",\"dateModified\":\"2026-03-31T08:04:55+00:00\",\"description\":\"Hache de Gimli en m\u00e9tal style damas avec poign\u00e9e fibre et support mural. R\u00e9plique Seigneur des Anneaux id\u00e9ale collection et d\u00e9coration fantasy.\",\"breadcrumb\":{\"@id\":\"https:\\\/\\\/repliquemangacine.fr\\\/epees-seigneur-des-anneaux\\\/hache-de-gimli-le-seigneur-des-anneaux\\\/#breadcrumb\"},\"inLanguage\":\"de\",\"potentialAction\":[{\"@type\":\"ReadAction\",\"target\":[\"https:\\\/\\\/repliquemangacine.fr\\\/epees-seigneur-des-anneaux\\\/hache-de-gimli-le-seigneur-des-anneaux\\\/\"]}]},{\"@type\":\"ImageObject\",\"inLanguage\":\"de\",\"@id\":\"https:\\\/\\\/repliquemangacine.fr\\\/epees-seigneur-des-anneaux\\\/hache-de-gimli-le-seigneur-des-anneaux\\\/#primaryimage\",\"url\":\"https:\\\/\\\/repliquemangacine.fr\\\/wp-content\\\/uploads\\\/2025\\\/11\\\/Hache-de-Gimli-Le-Seigneur-des-Anneaux.jpg\",\"contentUrl\":\"https:\\\/\\\/repliquemangacine.fr\\\/wp-content\\\/uploads\\\/2025\\\/11\\\/Hache-de-Gimli-Le-Seigneur-des-Anneaux.jpg\",\"width\":700,\"height\":700,\"caption\":\"Hache de Gimli dans Le Seigneur des Anneaux\"},{\"@type\":\"BreadcrumbList\",\"@id\":\"https:\\\/\\\/repliquemangacine.fr\\\/epees-seigneur-des-anneaux\\\/hache-de-gimli-le-seigneur-des-anneaux\\\/#breadcrumb\",\"itemListElement\":[{\"@type\":\"ListItem\",\"position\":1,\"name\":\"Accueil\",\"item\":\"https:\\\/\\\/repliquemangacine.fr\\\/\"},{\"@type\":\"ListItem\",\"position\":2,\"name\":\"Produits\",\"item\":\"https:\\\/\\\/repliquemangacine.fr\\\/boutique\\\/\"},{\"@type\":\"ListItem\",\"position\":3,\"name\":\"Hache de Gimli &#8211; Le Seigneur des Anneaux\"}]},{\"@type\":\"WebSite\",\"@id\":\"https:\\\/\\\/repliquemangacine.fr\\\/#website\",\"url\":\"https:\\\/\\\/repliquemangacine.fr\\\/\",\"name\":\"R\u00e9plique Manga Cin\u00e9\",\"description\":\"\",\"publisher\":{\"@id\":\"https:\\\/\\\/repliquemangacine.fr\\\/#organization\"},\"potentialAction\":[{\"@type\":\"SearchAction\",\"target\":{\"@type\":\"EntryPoint\",\"urlTemplate\":\"https:\\\/\\\/repliquemangacine.fr\\\/?s={search_term_string}\"},\"query-input\":{\"@type\":\"PropertyValueSpecification\",\"valueRequired\":true,\"valueName\":\"search_term_string\"}}],\"inLanguage\":\"de\"},{\"@type\":\"Organization\",\"@id\":\"https:\\\/\\\/repliquemangacine.fr\\\/#organization\",\"name\":\"R\u00e9plique Manga Cin\u00e9\",\"url\":\"https:\\\/\\\/repliquemangacine.fr\\\/\",\"logo\":{\"@type\":\"ImageObject\",\"inLanguage\":\"de\",\"@id\":\"https:\\\/\\\/repliquemangacine.fr\\\/#\\\/schema\\\/logo\\\/image\\\/\",\"url\":\"https:\\\/\\\/repliquemangacine.fr\\\/wp-content\\\/uploads\\\/2023\\\/10\\\/RMC-500250.png\",\"contentUrl\":\"https:\\\/\\\/repliquemangacine.fr\\\/wp-content\\\/uploads\\\/2023\\\/10\\\/RMC-500250.png\",\"width\":500,\"height\":250,\"caption\":\"R\u00e9plique Manga Cin\u00e9\"},\"image\":{\"@id\":\"https:\\\/\\\/repliquemangacine.fr\\\/#\\\/schema\\\/logo\\\/image\\\/\"},\"sameAs\":[\"https:\\\/\\\/www.facebook.com\\\/RepliqueMangaCine\",\"https:\\\/\\\/www.instagram.com\\\/repliquemangacine.fr\\\/\"]}]}<\/script>\n<!-- \/ Yoast SEO plugin. -->","yoast_head_json":{"title":"Gimlis Axt - Der Herr der Ringe - R\u00e9plique Manga Cin\u00e9","description":"Gimlis Axt aus Metall im Damast-Stil mit Fasergriff und Wandhalterung. Replik des Herrn der Ringe ideal zum Sammeln und Dekorieren von Fantasy.","robots":{"index":"index","follow":"follow","max-snippet":"max-snippet:-1","max-image-preview":"max-image-preview:large","max-video-preview":"max-video-preview:-1"},"canonical":"https:\/\/repliquemangacine.fr\/de\/herr-der-ringe-schwerter\/gimli-axt-der-herr-der-ringe\/","og_locale":"de_DE","og_type":"article","og_title":"Hache de Gimli - Le Seigneur des Anneaux - R\u00e9plique Manga Cin\u00e9","og_description":"Hache de Gimli en m\u00e9tal style damas avec poign\u00e9e fibre et support mural. R\u00e9plique Seigneur des Anneaux id\u00e9ale collection et d\u00e9coration fantasy.","og_url":"https:\/\/repliquemangacine.fr\/de\/herr-der-ringe-schwerter\/gimli-axt-der-herr-der-ringe\/","og_site_name":"R\u00e9plique Manga Cin\u00e9","article_publisher":"https:\/\/www.facebook.com\/RepliqueMangaCine","article_modified_time":"2026-03-31T08:04:55+00:00","og_image":[{"width":700,"height":700,"url":"https:\/\/repliquemangacine.fr\/wp-content\/uploads\/2025\/11\/Hache-de-Gimli-Le-Seigneur-des-Anneaux.jpg","type":"image\/jpeg"}],"twitter_card":"summary_large_image","twitter_misc":{"Gesch\u00e4tzte Lesezeit":"2\u00a0Minuten"},"schema":{"@context":"https:\/\/schema.org","@graph":[{"@type":"WebPage","@id":"https:\/\/repliquemangacine.fr\/epees-seigneur-des-anneaux\/hache-de-gimli-le-seigneur-des-anneaux\/","url":"https:\/\/repliquemangacine.fr\/epees-seigneur-des-anneaux\/hache-de-gimli-le-seigneur-des-anneaux\/","name":"Gimlis Axt - Der Herr der Ringe - R\u00e9plique Manga Cin\u00e9","isPartOf":{"@id":"https:\/\/repliquemangacine.fr\/#website"},"primaryImageOfPage":{"@id":"https:\/\/repliquemangacine.fr\/epees-seigneur-des-anneaux\/hache-de-gimli-le-seigneur-des-anneaux\/#primaryimage"},"image":{"@id":"https:\/\/repliquemangacine.fr\/epees-seigneur-des-anneaux\/hache-de-gimli-le-seigneur-des-anneaux\/#primaryimage"},"thumbnailUrl":"https:\/\/repliquemangacine.fr\/wp-content\/uploads\/2025\/11\/Hache-de-Gimli-Le-Seigneur-des-Anneaux.jpg","datePublished":"2025-11-20T14:03:46+00:00","dateModified":"2026-03-31T08:04:55+00:00","description":"Gimlis Axt aus Metall im Damast-Stil mit Fasergriff und Wandhalterung. Replik des Herrn der Ringe ideal zum Sammeln und Dekorieren von Fantasy.","breadcrumb":{"@id":"https:\/\/repliquemangacine.fr\/epees-seigneur-des-anneaux\/hache-de-gimli-le-seigneur-des-anneaux\/#breadcrumb"},"inLanguage":"de","potentialAction":[{"@type":"ReadAction","target":["https:\/\/repliquemangacine.fr\/epees-seigneur-des-anneaux\/hache-de-gimli-le-seigneur-des-anneaux\/"]}]},{"@type":"ImageObject","inLanguage":"de","@id":"https:\/\/repliquemangacine.fr\/epees-seigneur-des-anneaux\/hache-de-gimli-le-seigneur-des-anneaux\/#primaryimage","url":"https:\/\/repliquemangacine.fr\/wp-content\/uploads\/2025\/11\/Hache-de-Gimli-Le-Seigneur-des-Anneaux.jpg","contentUrl":"https:\/\/repliquemangacine.fr\/wp-content\/uploads\/2025\/11\/Hache-de-Gimli-Le-Seigneur-des-Anneaux.jpg","width":700,"height":700,"caption":"Hache de Gimli dans Le Seigneur des Anneaux"},{"@type":"BreadcrumbList","@id":"https:\/\/repliquemangacine.fr\/epees-seigneur-des-anneaux\/hache-de-gimli-le-seigneur-des-anneaux\/#breadcrumb","itemListElement":[{"@type":"ListItem","position":1,"name":"Accueil","item":"https:\/\/repliquemangacine.fr\/"},{"@type":"ListItem","position":2,"name":"Produits","item":"https:\/\/repliquemangacine.fr\/boutique\/"},{"@type":"ListItem","position":3,"name":"Hache de Gimli &#8211; Le Seigneur des Anneaux"}]},{"@type":"WebSite","@id":"https:\/\/repliquemangacine.fr\/#website","url":"https:\/\/repliquemangacine.fr\/","name":"R\u00e9plique Manga Cin\u00e9","description":"","publisher":{"@id":"https:\/\/repliquemangacine.fr\/#organization"},"potentialAction":[{"@type":"SearchAction","target":{"@type":"EntryPoint","urlTemplate":"https:\/\/repliquemangacine.fr\/?s={search_term_string}"},"query-input":{"@type":"PropertyValueSpecification","valueRequired":true,"valueName":"search_term_string"}}],"inLanguage":"de"},{"@type":"Organization","@id":"https:\/\/repliquemangacine.fr\/#organization","name":"R\u00e9plique Manga Cin\u00e9","url":"https:\/\/repliquemangacine.fr\/","logo":{"@type":"ImageObject","inLanguage":"de","@id":"https:\/\/repliquemangacine.fr\/#\/schema\/logo\/image\/","url":"https:\/\/repliquemangacine.fr\/wp-content\/uploads\/2023\/10\/RMC-500250.png","contentUrl":"https:\/\/repliquemangacine.fr\/wp-content\/uploads\/2023\/10\/RMC-500250.png","width":500,"height":250,"caption":"R\u00e9plique Manga Cin\u00e9"},"image":{"@id":"https:\/\/repliquemangacine.fr\/#\/schema\/logo\/image\/"},"sameAs":["https:\/\/www.facebook.com\/RepliqueMangaCine","https:\/\/www.instagram.com\/repliquemangacine.fr\/"]}]}},"_links":{"self":[{"href":"https:\/\/repliquemangacine.fr\/de\/wp-json\/wp\/v2\/product\/90985","targetHints":{"allow":["GET"]}}],"collection":[{"href":"https:\/\/repliquemangacine.fr\/de\/wp-json\/wp\/v2\/product"}],"about":[{"href":"https:\/\/repliquemangacine.fr\/de\/wp-json\/wp\/v2\/types\/product"}],"wp:featuredmedia":[{"embeddable":true,"href":"https:\/\/repliquemangacine.fr\/de\/wp-json\/wp\/v2\/media\/90986"}],"wp:attachment":[{"href":"https:\/\/repliquemangacine.fr\/de\/wp-json\/wp\/v2\/media?parent=90985"}],"wp:term":[{"taxonomy":"product_brand","embeddable":true,"href":"https:\/\/repliquemangacine.fr\/de\/wp-json\/wp\/v2\/product_brand?post=90985"},{"taxonomy":"product_cat","embeddable":true,"href":"https:\/\/repliquemangacine.fr\/de\/wp-json\/wp\/v2\/product_cat?post=90985"},{"taxonomy":"product_tag","embeddable":true,"href":"https:\/\/repliquemangacine.fr\/de\/wp-json\/wp\/v2\/product_tag?post=90985"}],"curies":[{"name":"wp","href":"https:\/\/api.w.org\/{rel}","templated":true}]}}