





{"id":90971,"date":"2025-11-20T11:42:14","date_gmt":"2025-11-20T10:42:14","guid":{"rendered":"https:\/\/repliquemangacine.fr\/?post_type=product&#038;p=90971"},"modified":"2026-03-29T14:08:54","modified_gmt":"2026-03-29T12:08:54","slug":"gehstock-von-lucius-malfoy-harry-potter","status":"publish","type":"product","link":"https:\/\/repliquemangacine.fr\/de\/collectors-et-goodies-harry-potter\/canne-de-lucius-malfoy-harry-potter\/","title":{"rendered":"Lucius Malfoys Gehstock - Harry Potter"},"content":{"rendered":"<h2>Lucius Malfoys Stock, meisterhafte Replik<\/h2>\n<p>Dieser Gehstock von Lucius Malfoy ist der ikonischen Waffe nachempfunden, die von einem gewissen einflussreichen Zauberer aus der Saga benutzt wird. Das Rohr besteht vollst\u00e4ndig aus Metall, um Steifigkeit und Haltbarkeit zu bieten. Der schlangenf\u00f6rmige Griff ist aus Aluminium gefertigt und mit einem wundersch\u00f6nen silbernen Finish versehen. Au\u00dferdem findet sich ein eingelegtes gr\u00fcnes Auge, das sein giftiges Aussehen noch verst\u00e4rkt. Mit einer L\u00e4nge von 93,5 cm und einem Gewicht von nur 530 g bleibt er leicht und handlich. In der Welt der Magie symbolisiert dieser Stock Autorit\u00e4t, Reichtum und Einsch\u00fcchterung. Und nicht zuletzt ist er ein Highlight f\u00fcr jede Harry-Potter-Sammlung, sei es in Ausstellungen oder beim Cosplay.<\/p>\n<h2>Lucius Malfoy, giftige Eleganz<\/h2>\n<p>Lucius Malfoy zeichnet sich durch sein k\u00fchles Charisma, seinen angesehenen Rang und seinen politischen Einfluss aus. Er schwingt den Stock mit sicherer Hand und offenbart einen berechnenden und aristokratischen Charakter. Seine Rolle in der Saga geht \u00fcber die eines blo\u00dfen Antagonisten hinaus und veranschaulicht die Komplexit\u00e4t der adligen Hexenfamilien. Die Waffe ist nicht nur ein Accessoire, sondern ein Symbol f\u00fcr Macht und Loyalit\u00e4t. Lucius verk\u00f6rpert \u00dcberlegenheit, aber auch Schatten, der hinter den Kulissen der wichtigsten Ereignisse operiert. Mit dieser Replik erhalten die Fans einen Teil des dunklen und raffinierten Charmes zur\u00fcck, der die Saga gepr\u00e4gt hat.<\/p>\n<h2>Eine prestigetr\u00e4chtige Harry-Potter-Sammlung<\/h2>\n<p>Dieser Stock passt perfekt zu einer Auswahl an au\u00dfergew\u00f6hnlichen St\u00fccken, die in unserer Boutique Replique Manga Cin\u00e9 erh\u00e4ltlich sind. Als Erg\u00e4nzung finden Sie alle<a href=\"https:\/\/repliquemangacine.fr\/de\/essstabchen-figuren-harry-potter\/\"> St\u00e4bchen Figuren<\/a> um Ihren eigenen Reliquienraum auszustellen. Au\u00dferdem ist die offizielle Replik des <a href=\"https:\/\/repliquemangacine.fr\/de\/sammlerstucke-und-goodies-harry-potter\/firebolt-besen-harry-potter\/\">Feuerblitzbesen<\/a> ist ideal f\u00fcr Quidditch-Fans. Schlie\u00dflich ist die\u2019<a href=\"https:\/\/repliquemangacine.fr\/de\/verschiedene-goodies\/schachbrett-der-zauberer-spiel-schach-hp\/\">Offizielles Harry Potter-Schachbrett<\/a> vertrieben von The <a href=\"https:\/\/noblecollection.fr\/index.php\" target=\"_blank\" rel=\"noopener noreferrer\">Noble Collection<\/a> erm\u00f6glicht es, die magische Atmosph\u00e4re strategischer Duelle wieder aufleben zu lassen. Dank der gro\u00dfen und vielf\u00e4ltigen Auswahl kann jeder Sammler ein komplettes Universum erschaffen, das von der Welt der Zauberer inspiriert ist. Entdecken Sie jetzt unsere gesamte Produktpalette.<\/p>","protected":false},"excerpt":{"rendered":"<p>Behaupten Sie Ihre Magie mit dem Gehstock von Lucius Malfoy, einer eleganten Replik mit giftigem Charme f\u00fcr anspruchsvolle Sammler.<\/p>\n<ul>\n<li>Inoffizieller Wanderstock<\/li>\n<li>Stahlrohr<\/li>\n<li>Gummi-Endst\u00fcck<\/li>\n<li>Fein detaillierter Schlangenkopf aus Aluminium<\/li>\n<li>Gesamtl\u00e4nge des Stocks: 93.5 cm - Gewicht: 530 g<\/li>\n<\/ul>","protected":false},"featured_media":90972,"template":"","meta":[],"product_brand":[],"product_cat":[87,41,107],"product_tag":[],"class_list":{"0":"post-90971","1":"product","2":"type-product","3":"status-publish","4":"has-post-thumbnail","6":"product_cat-collectors-et-goodies-harry-potter","7":"product_cat-baguettes-et-goodies-harry-potter","8":"product_cat-nouveautes","10":"first","11":"instock","12":"taxable","13":"shipping-taxable","14":"purchasable","15":"product-type-simple"},"yoast_head":"<!-- This site is optimized with the Yoast SEO plugin v27.5 - https:\/\/yoast.com\/product\/yoast-seo-wordpress\/ -->\n<title>Canne de Lucius Malfoy - Harry Potter - R\u00e9plique Manga Cin\u00e9<\/title>\n<meta name=\"description\" content=\"Canne de Lucius Malfoy en m\u00e9tal avec poign\u00e9e serpent aluminium et \u0153il vert. 93,5 cm, 530 g. R\u00e9plique Harry Potter id\u00e9ale cosplay et collection.\" \/>\n<meta name=\"robots\" content=\"index, follow, max-snippet:-1, max-image-preview:large, max-video-preview:-1\" \/>\n<link rel=\"canonical\" href=\"https:\/\/repliquemangacine.fr\/de\/sammlerstucke-und-goodies-harry-potter\/gehstock-von-lucius-malfoy-harry-potter\/\" \/>\n<meta property=\"og:locale\" content=\"de_DE\" \/>\n<meta property=\"og:type\" content=\"article\" \/>\n<meta property=\"og:title\" content=\"Canne de Lucius Malfoy - Harry Potter - R\u00e9plique Manga Cin\u00e9\" \/>\n<meta property=\"og:description\" content=\"Canne de Lucius Malfoy en m\u00e9tal avec poign\u00e9e serpent aluminium et \u0153il vert. 93,5 cm, 530 g. R\u00e9plique Harry Potter id\u00e9ale cosplay et collection.\" \/>\n<meta property=\"og:url\" content=\"https:\/\/repliquemangacine.fr\/de\/sammlerstucke-und-goodies-harry-potter\/gehstock-von-lucius-malfoy-harry-potter\/\" \/>\n<meta property=\"og:site_name\" content=\"R\u00e9plique Manga Cin\u00e9\" \/>\n<meta property=\"article:publisher\" content=\"https:\/\/www.facebook.com\/RepliqueMangaCine\" \/>\n<meta property=\"article:modified_time\" content=\"2026-03-29T12:08:54+00:00\" \/>\n<meta property=\"og:image\" content=\"https:\/\/repliquemangacine.fr\/wp-content\/uploads\/2025\/11\/Canne-de-Lucius-Malfoy.jpg\" \/>\n\t<meta property=\"og:image:width\" content=\"700\" \/>\n\t<meta property=\"og:image:height\" content=\"700\" \/>\n\t<meta property=\"og:image:type\" content=\"image\/jpeg\" \/>\n<meta name=\"twitter:card\" content=\"summary_large_image\" \/>\n<meta name=\"twitter:label1\" content=\"Gesch\u00e4tzte Lesezeit\" \/>\n\t<meta name=\"twitter:data1\" content=\"2\u00a0Minuten\" \/>\n<script type=\"application\/ld+json\" class=\"yoast-schema-graph\">{\"@context\":\"https:\\\/\\\/schema.org\",\"@graph\":[{\"@type\":\"WebPage\",\"@id\":\"https:\\\/\\\/repliquemangacine.fr\\\/collectors-et-goodies-harry-potter\\\/canne-de-lucius-malfoy-harry-potter\\\/\",\"url\":\"https:\\\/\\\/repliquemangacine.fr\\\/collectors-et-goodies-harry-potter\\\/canne-de-lucius-malfoy-harry-potter\\\/\",\"name\":\"Canne de Lucius Malfoy - Harry Potter - R\u00e9plique Manga Cin\u00e9\",\"isPartOf\":{\"@id\":\"https:\\\/\\\/repliquemangacine.fr\\\/#website\"},\"primaryImageOfPage\":{\"@id\":\"https:\\\/\\\/repliquemangacine.fr\\\/collectors-et-goodies-harry-potter\\\/canne-de-lucius-malfoy-harry-potter\\\/#primaryimage\"},\"image\":{\"@id\":\"https:\\\/\\\/repliquemangacine.fr\\\/collectors-et-goodies-harry-potter\\\/canne-de-lucius-malfoy-harry-potter\\\/#primaryimage\"},\"thumbnailUrl\":\"https:\\\/\\\/repliquemangacine.fr\\\/wp-content\\\/uploads\\\/2025\\\/11\\\/Canne-de-Lucius-Malfoy.jpg\",\"datePublished\":\"2025-11-20T10:42:14+00:00\",\"dateModified\":\"2026-03-29T12:08:54+00:00\",\"description\":\"Canne de Lucius Malfoy en m\u00e9tal avec poign\u00e9e serpent aluminium et \u0153il vert. 93,5 cm, 530 g. R\u00e9plique Harry Potter id\u00e9ale cosplay et collection.\",\"breadcrumb\":{\"@id\":\"https:\\\/\\\/repliquemangacine.fr\\\/collectors-et-goodies-harry-potter\\\/canne-de-lucius-malfoy-harry-potter\\\/#breadcrumb\"},\"inLanguage\":\"de\",\"potentialAction\":[{\"@type\":\"ReadAction\",\"target\":[\"https:\\\/\\\/repliquemangacine.fr\\\/collectors-et-goodies-harry-potter\\\/canne-de-lucius-malfoy-harry-potter\\\/\"]}]},{\"@type\":\"ImageObject\",\"inLanguage\":\"de\",\"@id\":\"https:\\\/\\\/repliquemangacine.fr\\\/collectors-et-goodies-harry-potter\\\/canne-de-lucius-malfoy-harry-potter\\\/#primaryimage\",\"url\":\"https:\\\/\\\/repliquemangacine.fr\\\/wp-content\\\/uploads\\\/2025\\\/11\\\/Canne-de-Lucius-Malfoy.jpg\",\"contentUrl\":\"https:\\\/\\\/repliquemangacine.fr\\\/wp-content\\\/uploads\\\/2025\\\/11\\\/Canne-de-Lucius-Malfoy.jpg\",\"width\":700,\"height\":700,\"caption\":\"Canne de Lucius Malfoy dans Harry Potter\"},{\"@type\":\"BreadcrumbList\",\"@id\":\"https:\\\/\\\/repliquemangacine.fr\\\/collectors-et-goodies-harry-potter\\\/canne-de-lucius-malfoy-harry-potter\\\/#breadcrumb\",\"itemListElement\":[{\"@type\":\"ListItem\",\"position\":1,\"name\":\"Accueil\",\"item\":\"https:\\\/\\\/repliquemangacine.fr\\\/\"},{\"@type\":\"ListItem\",\"position\":2,\"name\":\"Produits\",\"item\":\"https:\\\/\\\/repliquemangacine.fr\\\/boutique\\\/\"},{\"@type\":\"ListItem\",\"position\":3,\"name\":\"Canne de Lucius Malfoy &#8211; Harry Potter\"}]},{\"@type\":\"WebSite\",\"@id\":\"https:\\\/\\\/repliquemangacine.fr\\\/#website\",\"url\":\"https:\\\/\\\/repliquemangacine.fr\\\/\",\"name\":\"R\u00e9plique Manga Cin\u00e9\",\"description\":\"\",\"publisher\":{\"@id\":\"https:\\\/\\\/repliquemangacine.fr\\\/#organization\"},\"potentialAction\":[{\"@type\":\"SearchAction\",\"target\":{\"@type\":\"EntryPoint\",\"urlTemplate\":\"https:\\\/\\\/repliquemangacine.fr\\\/?s={search_term_string}\"},\"query-input\":{\"@type\":\"PropertyValueSpecification\",\"valueRequired\":true,\"valueName\":\"search_term_string\"}}],\"inLanguage\":\"de\"},{\"@type\":\"Organization\",\"@id\":\"https:\\\/\\\/repliquemangacine.fr\\\/#organization\",\"name\":\"R\u00e9plique Manga Cin\u00e9\",\"url\":\"https:\\\/\\\/repliquemangacine.fr\\\/\",\"logo\":{\"@type\":\"ImageObject\",\"inLanguage\":\"de\",\"@id\":\"https:\\\/\\\/repliquemangacine.fr\\\/#\\\/schema\\\/logo\\\/image\\\/\",\"url\":\"https:\\\/\\\/repliquemangacine.fr\\\/wp-content\\\/uploads\\\/2023\\\/10\\\/RMC-500250.png\",\"contentUrl\":\"https:\\\/\\\/repliquemangacine.fr\\\/wp-content\\\/uploads\\\/2023\\\/10\\\/RMC-500250.png\",\"width\":500,\"height\":250,\"caption\":\"R\u00e9plique Manga Cin\u00e9\"},\"image\":{\"@id\":\"https:\\\/\\\/repliquemangacine.fr\\\/#\\\/schema\\\/logo\\\/image\\\/\"},\"sameAs\":[\"https:\\\/\\\/www.facebook.com\\\/RepliqueMangaCine\",\"https:\\\/\\\/www.instagram.com\\\/repliquemangacine.fr\\\/\"]}]}<\/script>\n<!-- \/ Yoast SEO plugin. -->","yoast_head_json":{"title":"Lucius Malfoys Gehstock - Harry Potter - R\u00e9plique Manga Cin\u00e9","description":"Lucius Malfoys Gehstock aus Metall mit Aluminium-Schlangengriff und gr\u00fcnem Auge. 93,5 cm, 530 g. Ideale Harry Potter-Replik f\u00fcr Cosplay und Sammlung.","robots":{"index":"index","follow":"follow","max-snippet":"max-snippet:-1","max-image-preview":"max-image-preview:large","max-video-preview":"max-video-preview:-1"},"canonical":"https:\/\/repliquemangacine.fr\/de\/sammlerstucke-und-goodies-harry-potter\/gehstock-von-lucius-malfoy-harry-potter\/","og_locale":"de_DE","og_type":"article","og_title":"Canne de Lucius Malfoy - Harry Potter - R\u00e9plique Manga Cin\u00e9","og_description":"Canne de Lucius Malfoy en m\u00e9tal avec poign\u00e9e serpent aluminium et \u0153il vert. 93,5 cm, 530 g. R\u00e9plique Harry Potter id\u00e9ale cosplay et collection.","og_url":"https:\/\/repliquemangacine.fr\/de\/sammlerstucke-und-goodies-harry-potter\/gehstock-von-lucius-malfoy-harry-potter\/","og_site_name":"R\u00e9plique Manga Cin\u00e9","article_publisher":"https:\/\/www.facebook.com\/RepliqueMangaCine","article_modified_time":"2026-03-29T12:08:54+00:00","og_image":[{"width":700,"height":700,"url":"https:\/\/repliquemangacine.fr\/wp-content\/uploads\/2025\/11\/Canne-de-Lucius-Malfoy.jpg","type":"image\/jpeg"}],"twitter_card":"summary_large_image","twitter_misc":{"Gesch\u00e4tzte Lesezeit":"2\u00a0Minuten"},"schema":{"@context":"https:\/\/schema.org","@graph":[{"@type":"WebPage","@id":"https:\/\/repliquemangacine.fr\/collectors-et-goodies-harry-potter\/canne-de-lucius-malfoy-harry-potter\/","url":"https:\/\/repliquemangacine.fr\/collectors-et-goodies-harry-potter\/canne-de-lucius-malfoy-harry-potter\/","name":"Lucius Malfoys Gehstock - Harry Potter - R\u00e9plique Manga Cin\u00e9","isPartOf":{"@id":"https:\/\/repliquemangacine.fr\/#website"},"primaryImageOfPage":{"@id":"https:\/\/repliquemangacine.fr\/collectors-et-goodies-harry-potter\/canne-de-lucius-malfoy-harry-potter\/#primaryimage"},"image":{"@id":"https:\/\/repliquemangacine.fr\/collectors-et-goodies-harry-potter\/canne-de-lucius-malfoy-harry-potter\/#primaryimage"},"thumbnailUrl":"https:\/\/repliquemangacine.fr\/wp-content\/uploads\/2025\/11\/Canne-de-Lucius-Malfoy.jpg","datePublished":"2025-11-20T10:42:14+00:00","dateModified":"2026-03-29T12:08:54+00:00","description":"Lucius Malfoys Gehstock aus Metall mit Aluminium-Schlangengriff und gr\u00fcnem Auge. 93,5 cm, 530 g. Ideale Harry Potter-Replik f\u00fcr Cosplay und Sammlung.","breadcrumb":{"@id":"https:\/\/repliquemangacine.fr\/collectors-et-goodies-harry-potter\/canne-de-lucius-malfoy-harry-potter\/#breadcrumb"},"inLanguage":"de","potentialAction":[{"@type":"ReadAction","target":["https:\/\/repliquemangacine.fr\/collectors-et-goodies-harry-potter\/canne-de-lucius-malfoy-harry-potter\/"]}]},{"@type":"ImageObject","inLanguage":"de","@id":"https:\/\/repliquemangacine.fr\/collectors-et-goodies-harry-potter\/canne-de-lucius-malfoy-harry-potter\/#primaryimage","url":"https:\/\/repliquemangacine.fr\/wp-content\/uploads\/2025\/11\/Canne-de-Lucius-Malfoy.jpg","contentUrl":"https:\/\/repliquemangacine.fr\/wp-content\/uploads\/2025\/11\/Canne-de-Lucius-Malfoy.jpg","width":700,"height":700,"caption":"Canne de Lucius Malfoy dans Harry Potter"},{"@type":"BreadcrumbList","@id":"https:\/\/repliquemangacine.fr\/collectors-et-goodies-harry-potter\/canne-de-lucius-malfoy-harry-potter\/#breadcrumb","itemListElement":[{"@type":"ListItem","position":1,"name":"Accueil","item":"https:\/\/repliquemangacine.fr\/"},{"@type":"ListItem","position":2,"name":"Produits","item":"https:\/\/repliquemangacine.fr\/boutique\/"},{"@type":"ListItem","position":3,"name":"Canne de Lucius Malfoy &#8211; Harry Potter"}]},{"@type":"WebSite","@id":"https:\/\/repliquemangacine.fr\/#website","url":"https:\/\/repliquemangacine.fr\/","name":"R\u00e9plique Manga Cin\u00e9","description":"","publisher":{"@id":"https:\/\/repliquemangacine.fr\/#organization"},"potentialAction":[{"@type":"SearchAction","target":{"@type":"EntryPoint","urlTemplate":"https:\/\/repliquemangacine.fr\/?s={search_term_string}"},"query-input":{"@type":"PropertyValueSpecification","valueRequired":true,"valueName":"search_term_string"}}],"inLanguage":"de"},{"@type":"Organization","@id":"https:\/\/repliquemangacine.fr\/#organization","name":"R\u00e9plique Manga Cin\u00e9","url":"https:\/\/repliquemangacine.fr\/","logo":{"@type":"ImageObject","inLanguage":"de","@id":"https:\/\/repliquemangacine.fr\/#\/schema\/logo\/image\/","url":"https:\/\/repliquemangacine.fr\/wp-content\/uploads\/2023\/10\/RMC-500250.png","contentUrl":"https:\/\/repliquemangacine.fr\/wp-content\/uploads\/2023\/10\/RMC-500250.png","width":500,"height":250,"caption":"R\u00e9plique Manga Cin\u00e9"},"image":{"@id":"https:\/\/repliquemangacine.fr\/#\/schema\/logo\/image\/"},"sameAs":["https:\/\/www.facebook.com\/RepliqueMangaCine","https:\/\/www.instagram.com\/repliquemangacine.fr\/"]}]}},"_links":{"self":[{"href":"https:\/\/repliquemangacine.fr\/de\/wp-json\/wp\/v2\/product\/90971","targetHints":{"allow":["GET"]}}],"collection":[{"href":"https:\/\/repliquemangacine.fr\/de\/wp-json\/wp\/v2\/product"}],"about":[{"href":"https:\/\/repliquemangacine.fr\/de\/wp-json\/wp\/v2\/types\/product"}],"wp:featuredmedia":[{"embeddable":true,"href":"https:\/\/repliquemangacine.fr\/de\/wp-json\/wp\/v2\/media\/90972"}],"wp:attachment":[{"href":"https:\/\/repliquemangacine.fr\/de\/wp-json\/wp\/v2\/media?parent=90971"}],"wp:term":[{"taxonomy":"product_brand","embeddable":true,"href":"https:\/\/repliquemangacine.fr\/de\/wp-json\/wp\/v2\/product_brand?post=90971"},{"taxonomy":"product_cat","embeddable":true,"href":"https:\/\/repliquemangacine.fr\/de\/wp-json\/wp\/v2\/product_cat?post=90971"},{"taxonomy":"product_tag","embeddable":true,"href":"https:\/\/repliquemangacine.fr\/de\/wp-json\/wp\/v2\/product_tag?post=90971"}],"curies":[{"name":"wp","href":"https:\/\/api.w.org\/{rel}","templated":true}]}}