





{"id":90966,"date":"2025-11-20T11:05:10","date_gmt":"2025-11-20T10:05:10","guid":{"rendered":"https:\/\/repliquemangacine.fr\/?post_type=product&#038;p=90966"},"modified":"2026-03-15T17:11:01","modified_gmt":"2026-03-15T16:11:01","slug":"schwert-aus-dem-meer-assassins-creed-mirage","status":"publish","type":"product","link":"https:\/\/repliquemangacine.fr\/de\/armes-assassins-creed\/epee-dinitie-dalamut-assassins-creed-mirage\/","title":{"rendered":"Insiderschwert von Alamut - Assassin's Creed Mirage"},"content":{"rendered":"<h2>Eine originalgetreue Nachbildung des Initiationsschwerts von Alamut<\/h2>\n<p>Diese Nachbildung des\u2019<strong>Schwert der Eingeweihten von Alamut<\/strong> verf\u00fcgt \u00fcber eine Klinge aus rostfreiem Stahl, die mit detaillierten Gravuren verziert ist, die von der Kunst des Nahen Ostens inspiriert sind. Der goldene Handschutz verleiht dem Schwert einen majest\u00e4tischen Touch, der an das Erbe des Credo erinnert. Der Knauf ist mit kunstvollen Motiven verziert, die die Eleganz der Waffe unterstreichen. Dar\u00fcber hinaus bietet der Holzgriff einen komfortablen und authentischen Halt. Die schwarze Kunstlederscheide rundet das Set ab und eignet sich sowohl f\u00fcr eine stilvolle Ausstellung als auch f\u00fcr realistisches Cosplay. Dieses Schwert wurde im Ma\u00dfstab 1:1 gefertigt, um der Waffe aus dem Spiel perfekt zu entsprechen. Schlie\u00dflich handelt es sich um ein Premium-St\u00fcck, das f\u00fcr Sammler und Fans des Assassin's Creed-Universums gedacht ist.<\/p>\n<h2>Im Schatten von Basim, Meisterassassine von Mirage<\/h2>\n<p>Zun\u00e4chst einmal wird diese ikonische Waffe verwendet von <a href=\"https:\/\/assassinscreed.fandom.com\/fr\/wiki\/Basim_Ibn_Ishaq\" target=\"_blank\" rel=\"noopener noreferrer\">Basim<\/a>, eine zentrale Figur der Geschichte und geheimnisvoller Attent\u00e4ter mit einem komplexen Schicksal. Seine Reise beginnt in den Stra\u00dfen von Bagdad, wo er sich mit Diskretion, Beweglichkeit und List im Credo behauptet. Das Schwert des Eingeweihten spiegelt seinen fl\u00fcssigen, pr\u00e4zisen und oft unvorhersehbaren Kampfstil wider. Dank seiner gebogenen Form begleitet es seine schnellen Bewegungen bei lautlosen Eliminierungen und direkten Konfrontationen. In Assassin's Creed Mirage verk\u00f6rpert Basim das Erbe von Alamut mit eleganter und strategischer Kampfkunst. Mit dieser originalgetreuen Nachbildung w\u00fcrdigen Sie einen der geheimnisvollsten und einflussreichsten Protagonisten der Saga.<\/p>\n<h2>Eine Assassin\u2019s Creed-Kollektion, die immer gr\u00f6\u00dfer wird<\/h2>\n<p>Dieses Schwert kann eine Sammlung erg\u00e4nzen, die bereits reich an symboltr\u00e4chtigen Waffen der Franchise ist. So k\u00f6nnen Sie es mit der <a href=\"https:\/\/repliquemangacine.fr\/de\/waffen-assassins-creed\/dolch-assassins-creed-scheide\/\">Alta\u00efrs Dolch<\/a> und seine R\u00fcckentasche, ein Muss f\u00fcr jeden Fan der ersten Teile. Au\u00dferdem gibt es Connors Axt, die den Spitznamen \u201e <a href=\"https:\/\/repliquemangacine.fr\/de\/waffen-assassins-creed\/tomahawk-der-assassinen-assassins-creed-3\/\">Tomahawk der Assassinen<\/a>, die perfekt ist, um die Kolonialzeit darzustellen. Erg\u00e4nzend dazu ist die <a href=\"https:\/\/repliquemangacine.fr\/de\/waffen-assassins-creed\/assassin-s-creed-odyssey-replica-leonidas-gebrochener-speer\/\">Gebrochene Lanze<\/a> von Leonidas aus Assassin\u2019s Creed Odyssey verleiht Ihrer Sammlung eine mythologische Dimension. Dank unserer vielf\u00e4ltigen Auswahl kann jeder Liebhaber ein Waffen-Pantheon zusammenstellen, das die Entwicklung des Credos im Laufe der Jahrhunderte nachzeichnet. Entdecken Sie jetzt das gesamte Sortiment in unserem Shop.<\/p>","protected":false},"excerpt":{"rendered":"<p>Wappnen Sie sich mit dem Erbe von Alamut mit dieser originalgetreuen Nachbildung des Schwertes der Eingeweihten, einem raffinierten St\u00fcck, das von Assassin\u2019s Creed Mirage inspiriert ist.<\/p>\n<ul>\n<li>Klinge aus rostfreiem Stahl mit Gravur.<\/li>\n<li>Holzgriff<\/li>\n<li>Griff und Knauf aus fein verziertem vergoldetem Stahl<\/li>\n<li>Lieferung mit schwarzer Kunstledertasche<\/li>\n<li>Klingenl\u00e4nge: 64 cm \u2013 Gesamtl\u00e4nge: 92,5 cm<\/li>\n<li>Gewicht: 1490 g<\/li>\n<\/ul>","protected":false},"featured_media":90967,"template":"","meta":[],"product_brand":[],"product_cat":[836,48],"product_tag":[],"class_list":{"0":"post-90966","1":"product","2":"type-product","3":"status-publish","4":"has-post-thumbnail","6":"product_cat-armes-assassins-creed","7":"product_cat-epees-assassins-creed-armes-assassins-creed","9":"first","10":"instock","11":"taxable","12":"shipping-taxable","13":"purchasable","14":"product-type-simple"},"yoast_head":"<!-- This site is optimized with the Yoast SEO plugin v27.4 - https:\/\/yoast.com\/product\/yoast-seo-wordpress\/ -->\n<title>\u00c9p\u00e9e d\u2019initi\u00e9 d\u2019Alamut - Assassin&#039;s Creed Mirage - R\u00e9plique Manga Cin\u00e9<\/title>\n<meta name=\"description\" content=\"R\u00e9plique 1\/1 de l\u2019\u00c9p\u00e9e d\u2019Initi\u00e9 d\u2019Alamut en acier avec gravures, garde dor\u00e9e et fourreau cuir. Inspir\u00e9e d\u2019Assassin\u2019s Creed Mirage, id\u00e9ale collection.\" \/>\n<meta name=\"robots\" content=\"index, follow, max-snippet:-1, max-image-preview:large, max-video-preview:-1\" \/>\n<link rel=\"canonical\" href=\"https:\/\/repliquemangacine.fr\/de\/waffen-assassins-creed\/schwert-aus-dem-meer-assassins-creed-mirage\/\" \/>\n<meta property=\"og:locale\" content=\"de_DE\" \/>\n<meta property=\"og:type\" content=\"article\" \/>\n<meta property=\"og:title\" content=\"\u00c9p\u00e9e d\u2019initi\u00e9 d\u2019Alamut - Assassin&#039;s Creed Mirage - R\u00e9plique Manga Cin\u00e9\" \/>\n<meta property=\"og:description\" content=\"R\u00e9plique 1\/1 de l\u2019\u00c9p\u00e9e d\u2019Initi\u00e9 d\u2019Alamut en acier avec gravures, garde dor\u00e9e et fourreau cuir. Inspir\u00e9e d\u2019Assassin\u2019s Creed Mirage, id\u00e9ale collection.\" \/>\n<meta property=\"og:url\" content=\"https:\/\/repliquemangacine.fr\/de\/waffen-assassins-creed\/schwert-aus-dem-meer-assassins-creed-mirage\/\" \/>\n<meta property=\"og:site_name\" content=\"R\u00e9plique Manga Cin\u00e9\" \/>\n<meta property=\"article:publisher\" content=\"https:\/\/www.facebook.com\/RepliqueMangaCine\" \/>\n<meta property=\"article:modified_time\" content=\"2026-03-15T16:11:01+00:00\" \/>\n<meta property=\"og:image\" content=\"https:\/\/repliquemangacine.fr\/wp-content\/uploads\/2025\/11\/Epee-dinitie-dAlamut.jpg\" \/>\n\t<meta property=\"og:image:width\" content=\"700\" \/>\n\t<meta property=\"og:image:height\" content=\"700\" \/>\n\t<meta property=\"og:image:type\" content=\"image\/jpeg\" \/>\n<meta name=\"twitter:card\" content=\"summary_large_image\" \/>\n<meta name=\"twitter:label1\" content=\"Gesch\u00e4tzte Lesezeit\" \/>\n\t<meta name=\"twitter:data1\" content=\"2\u00a0Minuten\" \/>\n<script type=\"application\/ld+json\" class=\"yoast-schema-graph\">{\"@context\":\"https:\\\/\\\/schema.org\",\"@graph\":[{\"@type\":\"WebPage\",\"@id\":\"https:\\\/\\\/repliquemangacine.fr\\\/armes-assassins-creed\\\/epee-dinitie-dalamut-assassins-creed-mirage\\\/\",\"url\":\"https:\\\/\\\/repliquemangacine.fr\\\/armes-assassins-creed\\\/epee-dinitie-dalamut-assassins-creed-mirage\\\/\",\"name\":\"\u00c9p\u00e9e d\u2019initi\u00e9 d\u2019Alamut - Assassin's Creed Mirage - R\u00e9plique Manga Cin\u00e9\",\"isPartOf\":{\"@id\":\"https:\\\/\\\/repliquemangacine.fr\\\/#website\"},\"primaryImageOfPage\":{\"@id\":\"https:\\\/\\\/repliquemangacine.fr\\\/armes-assassins-creed\\\/epee-dinitie-dalamut-assassins-creed-mirage\\\/#primaryimage\"},\"image\":{\"@id\":\"https:\\\/\\\/repliquemangacine.fr\\\/armes-assassins-creed\\\/epee-dinitie-dalamut-assassins-creed-mirage\\\/#primaryimage\"},\"thumbnailUrl\":\"https:\\\/\\\/repliquemangacine.fr\\\/wp-content\\\/uploads\\\/2025\\\/11\\\/Epee-dinitie-dAlamut.jpg\",\"datePublished\":\"2025-11-20T10:05:10+00:00\",\"dateModified\":\"2026-03-15T16:11:01+00:00\",\"description\":\"R\u00e9plique 1\\\/1 de l\u2019\u00c9p\u00e9e d\u2019Initi\u00e9 d\u2019Alamut en acier avec gravures, garde dor\u00e9e et fourreau cuir. Inspir\u00e9e d\u2019Assassin\u2019s Creed Mirage, id\u00e9ale collection.\",\"breadcrumb\":{\"@id\":\"https:\\\/\\\/repliquemangacine.fr\\\/armes-assassins-creed\\\/epee-dinitie-dalamut-assassins-creed-mirage\\\/#breadcrumb\"},\"inLanguage\":\"de\",\"potentialAction\":[{\"@type\":\"ReadAction\",\"target\":[\"https:\\\/\\\/repliquemangacine.fr\\\/armes-assassins-creed\\\/epee-dinitie-dalamut-assassins-creed-mirage\\\/\"]}]},{\"@type\":\"ImageObject\",\"inLanguage\":\"de\",\"@id\":\"https:\\\/\\\/repliquemangacine.fr\\\/armes-assassins-creed\\\/epee-dinitie-dalamut-assassins-creed-mirage\\\/#primaryimage\",\"url\":\"https:\\\/\\\/repliquemangacine.fr\\\/wp-content\\\/uploads\\\/2025\\\/11\\\/Epee-dinitie-dAlamut.jpg\",\"contentUrl\":\"https:\\\/\\\/repliquemangacine.fr\\\/wp-content\\\/uploads\\\/2025\\\/11\\\/Epee-dinitie-dAlamut.jpg\",\"width\":700,\"height\":700,\"caption\":\"\u00c9p\u00e9e d\u2019initi\u00e9 d\u2019Alamut - Assassin's Creed Mirage\"},{\"@type\":\"BreadcrumbList\",\"@id\":\"https:\\\/\\\/repliquemangacine.fr\\\/armes-assassins-creed\\\/epee-dinitie-dalamut-assassins-creed-mirage\\\/#breadcrumb\",\"itemListElement\":[{\"@type\":\"ListItem\",\"position\":1,\"name\":\"Accueil\",\"item\":\"https:\\\/\\\/repliquemangacine.fr\\\/\"},{\"@type\":\"ListItem\",\"position\":2,\"name\":\"Produits\",\"item\":\"https:\\\/\\\/repliquemangacine.fr\\\/boutique\\\/\"},{\"@type\":\"ListItem\",\"position\":3,\"name\":\"\u00c9p\u00e9e d\u2019initi\u00e9 d\u2019Alamut &#8211; Assassin&#8217;s Creed Mirage\"}]},{\"@type\":\"WebSite\",\"@id\":\"https:\\\/\\\/repliquemangacine.fr\\\/#website\",\"url\":\"https:\\\/\\\/repliquemangacine.fr\\\/\",\"name\":\"R\u00e9plique Manga Cin\u00e9\",\"description\":\"\",\"publisher\":{\"@id\":\"https:\\\/\\\/repliquemangacine.fr\\\/#organization\"},\"potentialAction\":[{\"@type\":\"SearchAction\",\"target\":{\"@type\":\"EntryPoint\",\"urlTemplate\":\"https:\\\/\\\/repliquemangacine.fr\\\/?s={search_term_string}\"},\"query-input\":{\"@type\":\"PropertyValueSpecification\",\"valueRequired\":true,\"valueName\":\"search_term_string\"}}],\"inLanguage\":\"de\"},{\"@type\":\"Organization\",\"@id\":\"https:\\\/\\\/repliquemangacine.fr\\\/#organization\",\"name\":\"R\u00e9plique Manga Cin\u00e9\",\"url\":\"https:\\\/\\\/repliquemangacine.fr\\\/\",\"logo\":{\"@type\":\"ImageObject\",\"inLanguage\":\"de\",\"@id\":\"https:\\\/\\\/repliquemangacine.fr\\\/#\\\/schema\\\/logo\\\/image\\\/\",\"url\":\"https:\\\/\\\/repliquemangacine.fr\\\/wp-content\\\/uploads\\\/2023\\\/10\\\/RMC-500250.png\",\"contentUrl\":\"https:\\\/\\\/repliquemangacine.fr\\\/wp-content\\\/uploads\\\/2023\\\/10\\\/RMC-500250.png\",\"width\":500,\"height\":250,\"caption\":\"R\u00e9plique Manga Cin\u00e9\"},\"image\":{\"@id\":\"https:\\\/\\\/repliquemangacine.fr\\\/#\\\/schema\\\/logo\\\/image\\\/\"},\"sameAs\":[\"https:\\\/\\\/www.facebook.com\\\/RepliqueMangaCine\",\"https:\\\/\\\/www.instagram.com\\\/repliquemangacine.fr\\\/\"]}]}<\/script>\n<!-- \/ Yoast SEO plugin. -->","yoast_head_json":{"title":"Schwert der Eingeweihten von Alamut \u2013 Assassin's Creed Mirage \u2013 R\u00e9plique Manga Cin\u00e9","description":"1:1-Replik des Initiationsschwerts von Alamut aus Stahl mit Gravuren, vergoldeter Parierstange und Lederscheide. Inspiriert von Assassin\u2019s Creed Mirage, ideal f\u00fcr Sammler.","robots":{"index":"index","follow":"follow","max-snippet":"max-snippet:-1","max-image-preview":"max-image-preview:large","max-video-preview":"max-video-preview:-1"},"canonical":"https:\/\/repliquemangacine.fr\/de\/waffen-assassins-creed\/schwert-aus-dem-meer-assassins-creed-mirage\/","og_locale":"de_DE","og_type":"article","og_title":"\u00c9p\u00e9e d\u2019initi\u00e9 d\u2019Alamut - Assassin's Creed Mirage - R\u00e9plique Manga Cin\u00e9","og_description":"R\u00e9plique 1\/1 de l\u2019\u00c9p\u00e9e d\u2019Initi\u00e9 d\u2019Alamut en acier avec gravures, garde dor\u00e9e et fourreau cuir. Inspir\u00e9e d\u2019Assassin\u2019s Creed Mirage, id\u00e9ale collection.","og_url":"https:\/\/repliquemangacine.fr\/de\/waffen-assassins-creed\/schwert-aus-dem-meer-assassins-creed-mirage\/","og_site_name":"R\u00e9plique Manga Cin\u00e9","article_publisher":"https:\/\/www.facebook.com\/RepliqueMangaCine","article_modified_time":"2026-03-15T16:11:01+00:00","og_image":[{"width":700,"height":700,"url":"https:\/\/repliquemangacine.fr\/wp-content\/uploads\/2025\/11\/Epee-dinitie-dAlamut.jpg","type":"image\/jpeg"}],"twitter_card":"summary_large_image","twitter_misc":{"Gesch\u00e4tzte Lesezeit":"2\u00a0Minuten"},"schema":{"@context":"https:\/\/schema.org","@graph":[{"@type":"WebPage","@id":"https:\/\/repliquemangacine.fr\/armes-assassins-creed\/epee-dinitie-dalamut-assassins-creed-mirage\/","url":"https:\/\/repliquemangacine.fr\/armes-assassins-creed\/epee-dinitie-dalamut-assassins-creed-mirage\/","name":"Schwert der Eingeweihten von Alamut \u2013 Assassin's Creed Mirage \u2013 R\u00e9plique Manga Cin\u00e9","isPartOf":{"@id":"https:\/\/repliquemangacine.fr\/#website"},"primaryImageOfPage":{"@id":"https:\/\/repliquemangacine.fr\/armes-assassins-creed\/epee-dinitie-dalamut-assassins-creed-mirage\/#primaryimage"},"image":{"@id":"https:\/\/repliquemangacine.fr\/armes-assassins-creed\/epee-dinitie-dalamut-assassins-creed-mirage\/#primaryimage"},"thumbnailUrl":"https:\/\/repliquemangacine.fr\/wp-content\/uploads\/2025\/11\/Epee-dinitie-dAlamut.jpg","datePublished":"2025-11-20T10:05:10+00:00","dateModified":"2026-03-15T16:11:01+00:00","description":"1:1-Replik des Initiationsschwerts von Alamut aus Stahl mit Gravuren, vergoldeter Parierstange und Lederscheide. Inspiriert von Assassin\u2019s Creed Mirage, ideal f\u00fcr Sammler.","breadcrumb":{"@id":"https:\/\/repliquemangacine.fr\/armes-assassins-creed\/epee-dinitie-dalamut-assassins-creed-mirage\/#breadcrumb"},"inLanguage":"de","potentialAction":[{"@type":"ReadAction","target":["https:\/\/repliquemangacine.fr\/armes-assassins-creed\/epee-dinitie-dalamut-assassins-creed-mirage\/"]}]},{"@type":"ImageObject","inLanguage":"de","@id":"https:\/\/repliquemangacine.fr\/armes-assassins-creed\/epee-dinitie-dalamut-assassins-creed-mirage\/#primaryimage","url":"https:\/\/repliquemangacine.fr\/wp-content\/uploads\/2025\/11\/Epee-dinitie-dAlamut.jpg","contentUrl":"https:\/\/repliquemangacine.fr\/wp-content\/uploads\/2025\/11\/Epee-dinitie-dAlamut.jpg","width":700,"height":700,"caption":"\u00c9p\u00e9e d\u2019initi\u00e9 d\u2019Alamut - Assassin's Creed Mirage"},{"@type":"BreadcrumbList","@id":"https:\/\/repliquemangacine.fr\/armes-assassins-creed\/epee-dinitie-dalamut-assassins-creed-mirage\/#breadcrumb","itemListElement":[{"@type":"ListItem","position":1,"name":"Accueil","item":"https:\/\/repliquemangacine.fr\/"},{"@type":"ListItem","position":2,"name":"Produits","item":"https:\/\/repliquemangacine.fr\/boutique\/"},{"@type":"ListItem","position":3,"name":"\u00c9p\u00e9e d\u2019initi\u00e9 d\u2019Alamut &#8211; Assassin&#8217;s Creed Mirage"}]},{"@type":"WebSite","@id":"https:\/\/repliquemangacine.fr\/#website","url":"https:\/\/repliquemangacine.fr\/","name":"R\u00e9plique Manga Cin\u00e9","description":"","publisher":{"@id":"https:\/\/repliquemangacine.fr\/#organization"},"potentialAction":[{"@type":"SearchAction","target":{"@type":"EntryPoint","urlTemplate":"https:\/\/repliquemangacine.fr\/?s={search_term_string}"},"query-input":{"@type":"PropertyValueSpecification","valueRequired":true,"valueName":"search_term_string"}}],"inLanguage":"de"},{"@type":"Organization","@id":"https:\/\/repliquemangacine.fr\/#organization","name":"R\u00e9plique Manga Cin\u00e9","url":"https:\/\/repliquemangacine.fr\/","logo":{"@type":"ImageObject","inLanguage":"de","@id":"https:\/\/repliquemangacine.fr\/#\/schema\/logo\/image\/","url":"https:\/\/repliquemangacine.fr\/wp-content\/uploads\/2023\/10\/RMC-500250.png","contentUrl":"https:\/\/repliquemangacine.fr\/wp-content\/uploads\/2023\/10\/RMC-500250.png","width":500,"height":250,"caption":"R\u00e9plique Manga Cin\u00e9"},"image":{"@id":"https:\/\/repliquemangacine.fr\/#\/schema\/logo\/image\/"},"sameAs":["https:\/\/www.facebook.com\/RepliqueMangaCine","https:\/\/www.instagram.com\/repliquemangacine.fr\/"]}]}},"_links":{"self":[{"href":"https:\/\/repliquemangacine.fr\/de\/wp-json\/wp\/v2\/product\/90966","targetHints":{"allow":["GET"]}}],"collection":[{"href":"https:\/\/repliquemangacine.fr\/de\/wp-json\/wp\/v2\/product"}],"about":[{"href":"https:\/\/repliquemangacine.fr\/de\/wp-json\/wp\/v2\/types\/product"}],"wp:featuredmedia":[{"embeddable":true,"href":"https:\/\/repliquemangacine.fr\/de\/wp-json\/wp\/v2\/media\/90967"}],"wp:attachment":[{"href":"https:\/\/repliquemangacine.fr\/de\/wp-json\/wp\/v2\/media?parent=90966"}],"wp:term":[{"taxonomy":"product_brand","embeddable":true,"href":"https:\/\/repliquemangacine.fr\/de\/wp-json\/wp\/v2\/product_brand?post=90966"},{"taxonomy":"product_cat","embeddable":true,"href":"https:\/\/repliquemangacine.fr\/de\/wp-json\/wp\/v2\/product_cat?post=90966"},{"taxonomy":"product_tag","embeddable":true,"href":"https:\/\/repliquemangacine.fr\/de\/wp-json\/wp\/v2\/product_tag?post=90966"}],"curies":[{"name":"wp","href":"https:\/\/api.w.org\/{rel}","templated":true}]}}