





{"id":90932,"date":"2025-11-19T16:45:26","date_gmt":"2025-11-19T15:45:26","guid":{"rendered":"https:\/\/repliquemangacine.fr\/?post_type=product&#038;p=90932"},"modified":"2026-04-24T14:27:23","modified_gmt":"2026-04-24T12:27:23","slug":"squall-gunblade-final-fantasy","status":"publish","type":"product","link":"https:\/\/repliquemangacine.fr\/de\/katana-et-epee-de-jeux-video-autre-jeux-video\/gunblade-de-squall-final-fantasy\/","title":{"rendered":"Squalls Gunblade - Final Fantasy"},"content":{"rendered":"<h2>Die ikonische Gunblade f\u00fcr echte SeeD mit Leib und Seele<\/h2>\n<p>Diese Nachbildung von <strong>Gunblade<\/strong> zeigt eine gl\u00e4nzende Stahlklinge mit einer detaillierten L\u00f6wengravur. Der Griff ist der \u00c4sthetik eines Metallzylinders nachempfunden und wirkt dadurch kraftvoll und massiv. Der Zylinder ist drehbar, obwohl sein Mechanismus nicht funktionst\u00fcchtig ist. Der Griff aus Kunstharz bietet einen bequemen Halt und respektiert das urspr\u00fcngliche Design. Au\u00dferdem endet eine Kette in einem L\u00f6wenkopf, was dem Ganzen einen eleganten Touch verleiht. Schlie\u00dflich wird das Set mit einem Holzst\u00e4nder f\u00fcr eine w\u00fcrdige Ausstellung in einem Saal des Garden geliefert.<\/p>\n<h2>Squall und Final Fantasy, eine JRPG-Legende<\/h2>\n<p>Dieses Pistolenschwert <strong>Gunblade<\/strong> orientiert sich an dem wortkargen Helden, der f\u00fcr seinen schwarzen Pelzmantel und seinen einsamen Charakter bekannt ist. <a href=\"https:\/\/finalfantasy.fandom.com\/wiki\/Squall_Leonhart\" target=\"_blank\" rel=\"noopener noreferrer\">Squall Leonhart<\/a> verk\u00f6rpert einen entschieden modernen Stil, der Melancholie, taktischen Kampf und heroisches Schicksal miteinander verbindet. Er verehrt den mythischen L\u00f6wen Griever mit Engelsfl\u00fcgeln und sieht in ihm ein Symbol f\u00fcr Mut und St\u00e4rke, Eigenschaften, die er selbst zu erreichen versucht. Der L\u00f6we ist zu seinem Symbol geworden, so wie Rinoa mit Engelsfl\u00fcgeln assoziiert wird.<\/p>\n<p>In der Welt von Final Fantasy verbindet diese Art von Waffe auf geniale Weise Technologie und Tradition. So f\u00e4ngt diese Reproduktion die Essenz einer Welt voller titanischer Beschw\u00f6rungen, epischer Romanzen und unvergesslicher K\u00e4mpfe ein. Sie richtet sich an Fans, die ein Abenteuer voller Mut und Entschlossenheit noch einmal erleben m\u00f6chten.<\/p>\n<h2>Eine Final Fantasy-Sammlung zu vervollst\u00e4ndigen<\/h2>\n<p>Diese Gunblade kann einer bereits umfangreichen Sammlung hinzugef\u00fcgt werden und verleiht ihr Konsistenz und Prestige. In unserem Shop finden Sie auch andere Artikel aus der Saga, die eine Galerie wie ein Museum f\u00fcr JRPGs bilden. So gibt es zum Beispiel die\u2019<a href=\"https:\/\/repliquemangacine.fr\/de\/katana-und-schwert-von-videospielen-andere-videospiele\/fusionsschwert-cloud-multiblade-buster-sword-final-fantasy-vii\/\">Cloud-Fusionsschwert<\/a> Strife mit seinen abnehmbaren Teilen. Es gibt auch den riesigen <a href=\"https:\/\/repliquemangacine.fr\/de\/katana-und-schwert-von-videospielen-andere-videospiele\/schwert-von-sephiroth-masamune-192-cm\/\">Sephiroth-Schwert Masamune<\/a> mit einer L\u00e4nge von 192 cm. So kann sich jeder Fan eine einzigartige Sammlung zusammenstellen, die an seine gr\u00f6\u00dften Videospielstunden erinnert. Das Final Fantasy-Universum wartet nur darauf, von Ihnen entdeckt zu werden.<\/p>","protected":false},"excerpt":{"rendered":"<p>Tauchen Sie mit Squalls Gunblade in die legend\u00e4re Welt von Final Fantasy ein. Die elegante und furchteinfl\u00f6\u00dfende Stahlreplik ist ideal f\u00fcr anspruchsvolle Sammler.<\/p>\n<ul>\n<li>Klinge aus 440 stainless steel<\/li>\n<li>Gravur auf der Klinge eines L\u00f6wen<\/li>\n<li>Pistolenschutz aus Metall<\/li>\n<li>Enth\u00e4lt einen drehbaren Zylinder, der Mechanismus ist jedoch nicht funktionsf\u00e4hig.<\/li>\n<li>Griff aus Metall und Harz f\u00fcr einen guten Halt<\/li>\n<li>Ketten mit L\u00f6wenkopf am Griffende.<\/li>\n<li>Wird mit einem Pr\u00e4sentationsst\u00e4nder aus Holz geliefert.<\/li>\n<li>L\u00e4nge der Klinge: 88 cm - Gesamtl\u00e4nge: 129 cm<\/li>\n<li>Gewicht: 3660 g<\/li>\n<\/ul>","protected":false},"featured_media":90934,"template":"","meta":[],"product_brand":[],"product_cat":[1012,107,67],"product_tag":[],"class_list":{"0":"post-90932","1":"product","2":"type-product","3":"status-publish","4":"has-post-thumbnail","6":"product_cat-final-fantasy-repliques-final-fantasy","7":"product_cat-nouveautes","8":"product_cat-katana-et-epee-de-jeux-video-autre-jeux-video","10":"first","11":"instock","12":"taxable","13":"shipping-taxable","14":"purchasable","15":"product-type-simple"},"yoast_head":"<!-- This site is optimized with the Yoast SEO plugin v27.4 - https:\/\/yoast.com\/product\/yoast-seo-wordpress\/ -->\n<title>Gunblade de Squall - Final Fantasy - R\u00e9plique Manga Cin\u00e9<\/title>\n<meta name=\"description\" content=\"R\u00e9plique Gunblade de Squall en acier avec gravure lion, garde pistolet et support bois. Une pi\u00e8ce premium inspir\u00e9e de Final Fantasy pour fans.\" \/>\n<meta name=\"robots\" content=\"index, follow, max-snippet:-1, max-image-preview:large, max-video-preview:-1\" \/>\n<link rel=\"canonical\" href=\"https:\/\/repliquemangacine.fr\/de\/katana-und-schwert-von-videospielen-andere-videospiele\/squall-gunblade-final-fantasy\/\" \/>\n<meta property=\"og:locale\" content=\"de_DE\" \/>\n<meta property=\"og:type\" content=\"article\" \/>\n<meta property=\"og:title\" content=\"Gunblade de Squall - Final Fantasy - R\u00e9plique Manga Cin\u00e9\" \/>\n<meta property=\"og:description\" content=\"R\u00e9plique Gunblade de Squall en acier avec gravure lion, garde pistolet et support bois. Une pi\u00e8ce premium inspir\u00e9e de Final Fantasy pour fans.\" \/>\n<meta property=\"og:url\" content=\"https:\/\/repliquemangacine.fr\/de\/katana-und-schwert-von-videospielen-andere-videospiele\/squall-gunblade-final-fantasy\/\" \/>\n<meta property=\"og:site_name\" content=\"R\u00e9plique Manga Cin\u00e9\" \/>\n<meta property=\"article:publisher\" content=\"https:\/\/www.facebook.com\/RepliqueMangaCine\" \/>\n<meta property=\"article:modified_time\" content=\"2026-04-24T12:27:23+00:00\" \/>\n<meta property=\"og:image\" content=\"https:\/\/repliquemangacine.fr\/wp-content\/uploads\/2025\/11\/Gunblade-Epee-de-Squall-FF7.jpg\" \/>\n\t<meta property=\"og:image:width\" content=\"700\" \/>\n\t<meta property=\"og:image:height\" content=\"700\" \/>\n\t<meta property=\"og:image:type\" content=\"image\/jpeg\" \/>\n<meta name=\"twitter:card\" content=\"summary_large_image\" \/>\n<meta name=\"twitter:label1\" content=\"Gesch\u00e4tzte Lesezeit\" \/>\n\t<meta name=\"twitter:data1\" content=\"2\u00a0Minuten\" \/>\n<script type=\"application\/ld+json\" class=\"yoast-schema-graph\">{\"@context\":\"https:\\\/\\\/schema.org\",\"@graph\":[{\"@type\":\"WebPage\",\"@id\":\"https:\\\/\\\/repliquemangacine.fr\\\/katana-et-epee-de-jeux-video-autre-jeux-video\\\/gunblade-de-squall-final-fantasy\\\/\",\"url\":\"https:\\\/\\\/repliquemangacine.fr\\\/katana-et-epee-de-jeux-video-autre-jeux-video\\\/gunblade-de-squall-final-fantasy\\\/\",\"name\":\"Gunblade de Squall - Final Fantasy - R\u00e9plique Manga Cin\u00e9\",\"isPartOf\":{\"@id\":\"https:\\\/\\\/repliquemangacine.fr\\\/#website\"},\"primaryImageOfPage\":{\"@id\":\"https:\\\/\\\/repliquemangacine.fr\\\/katana-et-epee-de-jeux-video-autre-jeux-video\\\/gunblade-de-squall-final-fantasy\\\/#primaryimage\"},\"image\":{\"@id\":\"https:\\\/\\\/repliquemangacine.fr\\\/katana-et-epee-de-jeux-video-autre-jeux-video\\\/gunblade-de-squall-final-fantasy\\\/#primaryimage\"},\"thumbnailUrl\":\"https:\\\/\\\/repliquemangacine.fr\\\/wp-content\\\/uploads\\\/2025\\\/11\\\/Gunblade-Epee-de-Squall-FF7.jpg\",\"datePublished\":\"2025-11-19T15:45:26+00:00\",\"dateModified\":\"2026-04-24T12:27:23+00:00\",\"description\":\"R\u00e9plique Gunblade de Squall en acier avec gravure lion, garde pistolet et support bois. Une pi\u00e8ce premium inspir\u00e9e de Final Fantasy pour fans.\",\"breadcrumb\":{\"@id\":\"https:\\\/\\\/repliquemangacine.fr\\\/katana-et-epee-de-jeux-video-autre-jeux-video\\\/gunblade-de-squall-final-fantasy\\\/#breadcrumb\"},\"inLanguage\":\"de\",\"potentialAction\":[{\"@type\":\"ReadAction\",\"target\":[\"https:\\\/\\\/repliquemangacine.fr\\\/katana-et-epee-de-jeux-video-autre-jeux-video\\\/gunblade-de-squall-final-fantasy\\\/\"]}]},{\"@type\":\"ImageObject\",\"inLanguage\":\"de\",\"@id\":\"https:\\\/\\\/repliquemangacine.fr\\\/katana-et-epee-de-jeux-video-autre-jeux-video\\\/gunblade-de-squall-final-fantasy\\\/#primaryimage\",\"url\":\"https:\\\/\\\/repliquemangacine.fr\\\/wp-content\\\/uploads\\\/2025\\\/11\\\/Gunblade-Epee-de-Squall-FF7.jpg\",\"contentUrl\":\"https:\\\/\\\/repliquemangacine.fr\\\/wp-content\\\/uploads\\\/2025\\\/11\\\/Gunblade-Epee-de-Squall-FF7.jpg\",\"width\":700,\"height\":700,\"caption\":\"Gunblade Ep\u00e9e de squall Final Fantasy\"},{\"@type\":\"BreadcrumbList\",\"@id\":\"https:\\\/\\\/repliquemangacine.fr\\\/katana-et-epee-de-jeux-video-autre-jeux-video\\\/gunblade-de-squall-final-fantasy\\\/#breadcrumb\",\"itemListElement\":[{\"@type\":\"ListItem\",\"position\":1,\"name\":\"Accueil\",\"item\":\"https:\\\/\\\/repliquemangacine.fr\\\/\"},{\"@type\":\"ListItem\",\"position\":2,\"name\":\"Produits\",\"item\":\"https:\\\/\\\/repliquemangacine.fr\\\/boutique\\\/\"},{\"@type\":\"ListItem\",\"position\":3,\"name\":\"Gunblade de Squall &#8211; Final Fantasy\"}]},{\"@type\":\"WebSite\",\"@id\":\"https:\\\/\\\/repliquemangacine.fr\\\/#website\",\"url\":\"https:\\\/\\\/repliquemangacine.fr\\\/\",\"name\":\"R\u00e9plique Manga Cin\u00e9\",\"description\":\"\",\"publisher\":{\"@id\":\"https:\\\/\\\/repliquemangacine.fr\\\/#organization\"},\"potentialAction\":[{\"@type\":\"SearchAction\",\"target\":{\"@type\":\"EntryPoint\",\"urlTemplate\":\"https:\\\/\\\/repliquemangacine.fr\\\/?s={search_term_string}\"},\"query-input\":{\"@type\":\"PropertyValueSpecification\",\"valueRequired\":true,\"valueName\":\"search_term_string\"}}],\"inLanguage\":\"de\"},{\"@type\":\"Organization\",\"@id\":\"https:\\\/\\\/repliquemangacine.fr\\\/#organization\",\"name\":\"R\u00e9plique Manga Cin\u00e9\",\"url\":\"https:\\\/\\\/repliquemangacine.fr\\\/\",\"logo\":{\"@type\":\"ImageObject\",\"inLanguage\":\"de\",\"@id\":\"https:\\\/\\\/repliquemangacine.fr\\\/#\\\/schema\\\/logo\\\/image\\\/\",\"url\":\"https:\\\/\\\/repliquemangacine.fr\\\/wp-content\\\/uploads\\\/2023\\\/10\\\/RMC-500250.png\",\"contentUrl\":\"https:\\\/\\\/repliquemangacine.fr\\\/wp-content\\\/uploads\\\/2023\\\/10\\\/RMC-500250.png\",\"width\":500,\"height\":250,\"caption\":\"R\u00e9plique Manga Cin\u00e9\"},\"image\":{\"@id\":\"https:\\\/\\\/repliquemangacine.fr\\\/#\\\/schema\\\/logo\\\/image\\\/\"},\"sameAs\":[\"https:\\\/\\\/www.facebook.com\\\/RepliqueMangaCine\",\"https:\\\/\\\/www.instagram.com\\\/repliquemangacine.fr\\\/\"]}]}<\/script>\n<!-- \/ Yoast SEO plugin. -->","yoast_head_json":{"title":"Squalls Gunblade - Final Fantasy - R\u00e9plique Manga Cin\u00e9","description":"Squalls Gunblade-Replik aus Stahl mit L\u00f6wengravur, Pistolenschutz und Holzst\u00e4nder. Ein von Final Fantasy inspiriertes Premiumst\u00fcck f\u00fcr Fans.","robots":{"index":"index","follow":"follow","max-snippet":"max-snippet:-1","max-image-preview":"max-image-preview:large","max-video-preview":"max-video-preview:-1"},"canonical":"https:\/\/repliquemangacine.fr\/de\/katana-und-schwert-von-videospielen-andere-videospiele\/squall-gunblade-final-fantasy\/","og_locale":"de_DE","og_type":"article","og_title":"Gunblade de Squall - Final Fantasy - R\u00e9plique Manga Cin\u00e9","og_description":"R\u00e9plique Gunblade de Squall en acier avec gravure lion, garde pistolet et support bois. Une pi\u00e8ce premium inspir\u00e9e de Final Fantasy pour fans.","og_url":"https:\/\/repliquemangacine.fr\/de\/katana-und-schwert-von-videospielen-andere-videospiele\/squall-gunblade-final-fantasy\/","og_site_name":"R\u00e9plique Manga Cin\u00e9","article_publisher":"https:\/\/www.facebook.com\/RepliqueMangaCine","article_modified_time":"2026-04-24T12:27:23+00:00","og_image":[{"width":700,"height":700,"url":"https:\/\/repliquemangacine.fr\/wp-content\/uploads\/2025\/11\/Gunblade-Epee-de-Squall-FF7.jpg","type":"image\/jpeg"}],"twitter_card":"summary_large_image","twitter_misc":{"Gesch\u00e4tzte Lesezeit":"2\u00a0Minuten"},"schema":{"@context":"https:\/\/schema.org","@graph":[{"@type":"WebPage","@id":"https:\/\/repliquemangacine.fr\/katana-et-epee-de-jeux-video-autre-jeux-video\/gunblade-de-squall-final-fantasy\/","url":"https:\/\/repliquemangacine.fr\/katana-et-epee-de-jeux-video-autre-jeux-video\/gunblade-de-squall-final-fantasy\/","name":"Squalls Gunblade - Final Fantasy - R\u00e9plique Manga Cin\u00e9","isPartOf":{"@id":"https:\/\/repliquemangacine.fr\/#website"},"primaryImageOfPage":{"@id":"https:\/\/repliquemangacine.fr\/katana-et-epee-de-jeux-video-autre-jeux-video\/gunblade-de-squall-final-fantasy\/#primaryimage"},"image":{"@id":"https:\/\/repliquemangacine.fr\/katana-et-epee-de-jeux-video-autre-jeux-video\/gunblade-de-squall-final-fantasy\/#primaryimage"},"thumbnailUrl":"https:\/\/repliquemangacine.fr\/wp-content\/uploads\/2025\/11\/Gunblade-Epee-de-Squall-FF7.jpg","datePublished":"2025-11-19T15:45:26+00:00","dateModified":"2026-04-24T12:27:23+00:00","description":"Squalls Gunblade-Replik aus Stahl mit L\u00f6wengravur, Pistolenschutz und Holzst\u00e4nder. Ein von Final Fantasy inspiriertes Premiumst\u00fcck f\u00fcr Fans.","breadcrumb":{"@id":"https:\/\/repliquemangacine.fr\/katana-et-epee-de-jeux-video-autre-jeux-video\/gunblade-de-squall-final-fantasy\/#breadcrumb"},"inLanguage":"de","potentialAction":[{"@type":"ReadAction","target":["https:\/\/repliquemangacine.fr\/katana-et-epee-de-jeux-video-autre-jeux-video\/gunblade-de-squall-final-fantasy\/"]}]},{"@type":"ImageObject","inLanguage":"de","@id":"https:\/\/repliquemangacine.fr\/katana-et-epee-de-jeux-video-autre-jeux-video\/gunblade-de-squall-final-fantasy\/#primaryimage","url":"https:\/\/repliquemangacine.fr\/wp-content\/uploads\/2025\/11\/Gunblade-Epee-de-Squall-FF7.jpg","contentUrl":"https:\/\/repliquemangacine.fr\/wp-content\/uploads\/2025\/11\/Gunblade-Epee-de-Squall-FF7.jpg","width":700,"height":700,"caption":"Gunblade Ep\u00e9e de squall Final Fantasy"},{"@type":"BreadcrumbList","@id":"https:\/\/repliquemangacine.fr\/katana-et-epee-de-jeux-video-autre-jeux-video\/gunblade-de-squall-final-fantasy\/#breadcrumb","itemListElement":[{"@type":"ListItem","position":1,"name":"Accueil","item":"https:\/\/repliquemangacine.fr\/"},{"@type":"ListItem","position":2,"name":"Produits","item":"https:\/\/repliquemangacine.fr\/boutique\/"},{"@type":"ListItem","position":3,"name":"Gunblade de Squall &#8211; Final Fantasy"}]},{"@type":"WebSite","@id":"https:\/\/repliquemangacine.fr\/#website","url":"https:\/\/repliquemangacine.fr\/","name":"R\u00e9plique Manga Cin\u00e9","description":"","publisher":{"@id":"https:\/\/repliquemangacine.fr\/#organization"},"potentialAction":[{"@type":"SearchAction","target":{"@type":"EntryPoint","urlTemplate":"https:\/\/repliquemangacine.fr\/?s={search_term_string}"},"query-input":{"@type":"PropertyValueSpecification","valueRequired":true,"valueName":"search_term_string"}}],"inLanguage":"de"},{"@type":"Organization","@id":"https:\/\/repliquemangacine.fr\/#organization","name":"R\u00e9plique Manga Cin\u00e9","url":"https:\/\/repliquemangacine.fr\/","logo":{"@type":"ImageObject","inLanguage":"de","@id":"https:\/\/repliquemangacine.fr\/#\/schema\/logo\/image\/","url":"https:\/\/repliquemangacine.fr\/wp-content\/uploads\/2023\/10\/RMC-500250.png","contentUrl":"https:\/\/repliquemangacine.fr\/wp-content\/uploads\/2023\/10\/RMC-500250.png","width":500,"height":250,"caption":"R\u00e9plique Manga Cin\u00e9"},"image":{"@id":"https:\/\/repliquemangacine.fr\/#\/schema\/logo\/image\/"},"sameAs":["https:\/\/www.facebook.com\/RepliqueMangaCine","https:\/\/www.instagram.com\/repliquemangacine.fr\/"]}]}},"_links":{"self":[{"href":"https:\/\/repliquemangacine.fr\/de\/wp-json\/wp\/v2\/product\/90932","targetHints":{"allow":["GET"]}}],"collection":[{"href":"https:\/\/repliquemangacine.fr\/de\/wp-json\/wp\/v2\/product"}],"about":[{"href":"https:\/\/repliquemangacine.fr\/de\/wp-json\/wp\/v2\/types\/product"}],"wp:featuredmedia":[{"embeddable":true,"href":"https:\/\/repliquemangacine.fr\/de\/wp-json\/wp\/v2\/media\/90934"}],"wp:attachment":[{"href":"https:\/\/repliquemangacine.fr\/de\/wp-json\/wp\/v2\/media?parent=90932"}],"wp:term":[{"taxonomy":"product_brand","embeddable":true,"href":"https:\/\/repliquemangacine.fr\/de\/wp-json\/wp\/v2\/product_brand?post=90932"},{"taxonomy":"product_cat","embeddable":true,"href":"https:\/\/repliquemangacine.fr\/de\/wp-json\/wp\/v2\/product_cat?post=90932"},{"taxonomy":"product_tag","embeddable":true,"href":"https:\/\/repliquemangacine.fr\/de\/wp-json\/wp\/v2\/product_tag?post=90932"}],"curies":[{"name":"wp","href":"https:\/\/api.w.org\/{rel}","templated":true}]}}