





{"id":90680,"date":"2025-11-15T19:38:10","date_gmt":"2025-11-15T18:38:10","guid":{"rendered":"https:\/\/repliquemangacine.fr\/?post_type=product&#038;p=90680"},"modified":"2025-11-30T21:45:13","modified_gmt":"2025-11-30T20:45:13","slug":"mini-katana-enma-schwarz","status":"publish","type":"product","link":"https:\/\/repliquemangacine.fr\/de\/tanto-mini-katana-one-piece\/mini-katana-enma-noir\/","title":{"rendered":"Mini Katana Enma schwarz"},"content":{"rendered":"<h2>Mini Katana Enma schwarz mit schlichtem, kraftvollem Stil<\/h2>\n<p>Das schwarze Mini-Katana Enma ist ein Muss f\u00fcr jeden One Piece-Fan. Die Stahlklinge hat ein scharfes Finish, das dem Geist des Originalschwerts entspricht. Der schwarz lackierte Griff mit seinen feinen Verzierungen sorgt f\u00fcr einen eleganten, dunklen Look. Der speziell geformte ABS-Schutzb\u00fcgel verleiht dem Ganzen einen authentischen Touch. Die schwarz lackierte, mit subtilen Mustern verzierte Scheide rundet diese hochwertige Replik perfekt ab. Geliefert wird das Katana mit einem St\u00e4nder zum Hinstellen aus ABS. Dieses Mini-Katana ist also ideal, um ein Regal, einen Schreibtisch oder eine Vitrine zu veredeln, die den Sch\u00e4tzen des One Piece-Universums gewidmet ist.<\/p>\n<h2>Zoro und Enma: Die Beherrschung einer furchterregenden Klinge<\/h2>\n<p>Zun\u00e4chst einmal in One Piece, <a href=\"https:\/\/onepiece.fandom.com\/fr\/f\/t\/Roronoa%20Zoro\" target=\"_blank\" rel=\"noopener noreferrer\">Roronoa Zoro<\/a> stellt sich der verzehrenden Kraft von Enma, einer Klinge, die sein Haki aufsaugen kann. Denn dieses verfluchte Schwert testet die Seelenst\u00e4rke seines Tr\u00e4gers, und nur ein wahrer Schwertk\u00e4mpfer kann sein Potenzial entfalten. Zoro, der seinem Ziel, der beste Schwertk\u00e4mpfer der Welt zu werden, treu blieb, gelang es, das Schwert zu z\u00e4hmen. \u00dcbrigens symbolisiert seine Verbindung zu Enma seine Entwicklung, seine Disziplin und seine unersch\u00fctterliche Entschlossenheit. Dieses schwarze Mini-Katana ist eine Hommage an diese mythische Pr\u00fcfung und f\u00e4ngt die ganze Intensit\u00e4t von Zoros innerem Kampf ein.<\/p>\n<h2>Vervollst\u00e4ndigen Sie Ihre One Piece Sammlung auf R\u00e9plique Manga Cin\u00e9<\/h2>\n<p>Passend zu diesem Mini-Katana k\u00f6nnen Sie die komplette One Piece-Kollektion erkunden, die auf R\u00e9plique Manga Cin\u00e9 erh\u00e4ltlich ist. Hier finden Sie die One Piece Tanto, die perfekt f\u00fcr Liebhaber von kurzen und raffinierten Waffen sind. Es gibt auch die <a href=\"https:\/\/repliquemangacine.fr\/de\/leuchtendes-katana-one-piece\/\">leuchtende Katanas One Piece<\/a>, Die LED-Leuchten sorgen f\u00fcr einen spektakul\u00e4ren Effekt. Vervollst\u00e4ndigen Sie Ihre Ausstattung mit dem\u2019<a href=\"https:\/\/repliquemangacine.fr\/de\/repliken-manga-videospiele\/los-3-katanas-von-zoro\/\">Set der drei Schwerter von Zoro<\/a>, Das ist ein Symbol f\u00fcr seinen einzigartigen Stil und seine absolute Meisterschaft. Abschlie\u00dfend l\u00e4sst sich sagen, dass jedes Replikat den Sammler in die Welt der Piraten entf\u00fchrt und die Legende von Zoro Roronoa ehrt.<\/p>","protected":false},"excerpt":{"rendered":"<p>Entdecken Sie die schwarze Version von Enma, Zoros Schwert mit schlichtem Design, m\u00e4chtig und mit einer legend\u00e4ren Aura aufgeladen.<\/p>\n<ul>\n<li>Klinge aus Zwei-Ton-Stahl<\/li>\n<li>Griff lackiert mit Dekoren<\/li>\n<li>Speziell geformte ABS-Gardine<\/li>\n<li>Schwarz lackierte Scheide mit Verzierungen<\/li>\n<li>Wird mit einem kleinen St\u00e4nder zum Hinstellen aus ABS geliefert.<\/li>\n<li>L\u00e4nge der Klinge: 27 cm - Gesamtl\u00e4nge: 45 cm<\/li>\n<li>Gewicht: 250 g mit Scheide<\/li>\n<\/ul>","protected":false},"featured_media":90681,"template":"","meta":[],"product_brand":[],"product_cat":[36,121],"product_tag":[],"class_list":{"0":"post-90680","1":"product","2":"type-product","3":"status-publish","4":"has-post-thumbnail","6":"product_cat-katana-one-piece","7":"product_cat-tanto-mini-katana-one-piece","9":"first","10":"instock","11":"taxable","12":"shipping-taxable","13":"purchasable","14":"product-type-simple"},"yoast_head":"<!-- This site is optimized with the Yoast SEO plugin v27.4 - https:\/\/yoast.com\/product\/yoast-seo-wordpress\/ -->\n<title>Mini Katana Enma noir - R\u00e9plique Manga Cin\u00e9<\/title>\n<meta name=\"description\" content=\"Mini katana Enma noir One Piece, lame acier et fourreau laqu\u00e9. Une r\u00e9plique \u00e9l\u00e9gante inspir\u00e9e du sabre mythique de Roronoa Zoro.\" \/>\n<meta name=\"robots\" content=\"index, follow, max-snippet:-1, max-image-preview:large, max-video-preview:-1\" \/>\n<link rel=\"canonical\" href=\"https:\/\/repliquemangacine.fr\/de\/tanto-mini-katana-one-piece\/mini-katana-enma-schwarz\/\" \/>\n<meta property=\"og:locale\" content=\"de_DE\" \/>\n<meta property=\"og:type\" content=\"article\" \/>\n<meta property=\"og:title\" content=\"Mini Katana Enma noir - R\u00e9plique Manga Cin\u00e9\" \/>\n<meta property=\"og:description\" content=\"Mini katana Enma noir One Piece, lame acier et fourreau laqu\u00e9. Une r\u00e9plique \u00e9l\u00e9gante inspir\u00e9e du sabre mythique de Roronoa Zoro.\" \/>\n<meta property=\"og:url\" content=\"https:\/\/repliquemangacine.fr\/de\/tanto-mini-katana-one-piece\/mini-katana-enma-schwarz\/\" \/>\n<meta property=\"og:site_name\" content=\"R\u00e9plique Manga Cin\u00e9\" \/>\n<meta property=\"article:publisher\" content=\"https:\/\/www.facebook.com\/RepliqueMangaCine\" \/>\n<meta property=\"article:modified_time\" content=\"2025-11-30T20:45:13+00:00\" \/>\n<meta property=\"og:image\" content=\"https:\/\/repliquemangacine.fr\/wp-content\/uploads\/2025\/11\/Mini-Katana-Enma-Noir.jpg\" \/>\n\t<meta property=\"og:image:width\" content=\"600\" \/>\n\t<meta property=\"og:image:height\" content=\"600\" \/>\n\t<meta property=\"og:image:type\" content=\"image\/jpeg\" \/>\n<meta name=\"twitter:card\" content=\"summary_large_image\" \/>\n<meta name=\"twitter:label1\" content=\"Gesch\u00e4tzte Lesezeit\" \/>\n\t<meta name=\"twitter:data1\" content=\"2\u00a0Minuten\" \/>\n<script type=\"application\/ld+json\" class=\"yoast-schema-graph\">{\"@context\":\"https:\\\/\\\/schema.org\",\"@graph\":[{\"@type\":\"WebPage\",\"@id\":\"https:\\\/\\\/repliquemangacine.fr\\\/tanto-mini-katana-one-piece\\\/mini-katana-enma-noir\\\/\",\"url\":\"https:\\\/\\\/repliquemangacine.fr\\\/tanto-mini-katana-one-piece\\\/mini-katana-enma-noir\\\/\",\"name\":\"Mini Katana Enma noir - R\u00e9plique Manga Cin\u00e9\",\"isPartOf\":{\"@id\":\"https:\\\/\\\/repliquemangacine.fr\\\/#website\"},\"primaryImageOfPage\":{\"@id\":\"https:\\\/\\\/repliquemangacine.fr\\\/tanto-mini-katana-one-piece\\\/mini-katana-enma-noir\\\/#primaryimage\"},\"image\":{\"@id\":\"https:\\\/\\\/repliquemangacine.fr\\\/tanto-mini-katana-one-piece\\\/mini-katana-enma-noir\\\/#primaryimage\"},\"thumbnailUrl\":\"https:\\\/\\\/repliquemangacine.fr\\\/wp-content\\\/uploads\\\/2025\\\/11\\\/Mini-Katana-Enma-Noir.jpg\",\"datePublished\":\"2025-11-15T18:38:10+00:00\",\"dateModified\":\"2025-11-30T20:45:13+00:00\",\"description\":\"Mini katana Enma noir One Piece, lame acier et fourreau laqu\u00e9. Une r\u00e9plique \u00e9l\u00e9gante inspir\u00e9e du sabre mythique de Roronoa Zoro.\",\"breadcrumb\":{\"@id\":\"https:\\\/\\\/repliquemangacine.fr\\\/tanto-mini-katana-one-piece\\\/mini-katana-enma-noir\\\/#breadcrumb\"},\"inLanguage\":\"de\",\"potentialAction\":[{\"@type\":\"ReadAction\",\"target\":[\"https:\\\/\\\/repliquemangacine.fr\\\/tanto-mini-katana-one-piece\\\/mini-katana-enma-noir\\\/\"]}]},{\"@type\":\"ImageObject\",\"inLanguage\":\"de\",\"@id\":\"https:\\\/\\\/repliquemangacine.fr\\\/tanto-mini-katana-one-piece\\\/mini-katana-enma-noir\\\/#primaryimage\",\"url\":\"https:\\\/\\\/repliquemangacine.fr\\\/wp-content\\\/uploads\\\/2025\\\/11\\\/Mini-Katana-Enma-Noir.jpg\",\"contentUrl\":\"https:\\\/\\\/repliquemangacine.fr\\\/wp-content\\\/uploads\\\/2025\\\/11\\\/Mini-Katana-Enma-Noir.jpg\",\"width\":600,\"height\":600,\"caption\":\"Mini Katana Enma noir One Piece\"},{\"@type\":\"BreadcrumbList\",\"@id\":\"https:\\\/\\\/repliquemangacine.fr\\\/tanto-mini-katana-one-piece\\\/mini-katana-enma-noir\\\/#breadcrumb\",\"itemListElement\":[{\"@type\":\"ListItem\",\"position\":1,\"name\":\"Accueil\",\"item\":\"https:\\\/\\\/repliquemangacine.fr\\\/\"},{\"@type\":\"ListItem\",\"position\":2,\"name\":\"Produits\",\"item\":\"https:\\\/\\\/repliquemangacine.fr\\\/boutique\\\/\"},{\"@type\":\"ListItem\",\"position\":3,\"name\":\"Mini Katana Enma noir\"}]},{\"@type\":\"WebSite\",\"@id\":\"https:\\\/\\\/repliquemangacine.fr\\\/#website\",\"url\":\"https:\\\/\\\/repliquemangacine.fr\\\/\",\"name\":\"R\u00e9plique Manga Cin\u00e9\",\"description\":\"\",\"publisher\":{\"@id\":\"https:\\\/\\\/repliquemangacine.fr\\\/#organization\"},\"potentialAction\":[{\"@type\":\"SearchAction\",\"target\":{\"@type\":\"EntryPoint\",\"urlTemplate\":\"https:\\\/\\\/repliquemangacine.fr\\\/?s={search_term_string}\"},\"query-input\":{\"@type\":\"PropertyValueSpecification\",\"valueRequired\":true,\"valueName\":\"search_term_string\"}}],\"inLanguage\":\"de\"},{\"@type\":\"Organization\",\"@id\":\"https:\\\/\\\/repliquemangacine.fr\\\/#organization\",\"name\":\"R\u00e9plique Manga Cin\u00e9\",\"url\":\"https:\\\/\\\/repliquemangacine.fr\\\/\",\"logo\":{\"@type\":\"ImageObject\",\"inLanguage\":\"de\",\"@id\":\"https:\\\/\\\/repliquemangacine.fr\\\/#\\\/schema\\\/logo\\\/image\\\/\",\"url\":\"https:\\\/\\\/repliquemangacine.fr\\\/wp-content\\\/uploads\\\/2023\\\/10\\\/RMC-500250.png\",\"contentUrl\":\"https:\\\/\\\/repliquemangacine.fr\\\/wp-content\\\/uploads\\\/2023\\\/10\\\/RMC-500250.png\",\"width\":500,\"height\":250,\"caption\":\"R\u00e9plique Manga Cin\u00e9\"},\"image\":{\"@id\":\"https:\\\/\\\/repliquemangacine.fr\\\/#\\\/schema\\\/logo\\\/image\\\/\"},\"sameAs\":[\"https:\\\/\\\/www.facebook.com\\\/RepliqueMangaCine\",\"https:\\\/\\\/www.instagram.com\\\/repliquemangacine.fr\\\/\"]}]}<\/script>\n<!-- \/ Yoast SEO plugin. -->","yoast_head_json":{"title":"Mini Katana Enma schwarz - R\u00e9plique Manga Cin\u00e9","description":"Mini Katana Enma schwarz One Piece, Stahlklinge und lackierte Scheide. Eine elegante Replik, die von Roronoa Zoros mythischem Schwert inspiriert ist.","robots":{"index":"index","follow":"follow","max-snippet":"max-snippet:-1","max-image-preview":"max-image-preview:large","max-video-preview":"max-video-preview:-1"},"canonical":"https:\/\/repliquemangacine.fr\/de\/tanto-mini-katana-one-piece\/mini-katana-enma-schwarz\/","og_locale":"de_DE","og_type":"article","og_title":"Mini Katana Enma noir - R\u00e9plique Manga Cin\u00e9","og_description":"Mini katana Enma noir One Piece, lame acier et fourreau laqu\u00e9. Une r\u00e9plique \u00e9l\u00e9gante inspir\u00e9e du sabre mythique de Roronoa Zoro.","og_url":"https:\/\/repliquemangacine.fr\/de\/tanto-mini-katana-one-piece\/mini-katana-enma-schwarz\/","og_site_name":"R\u00e9plique Manga Cin\u00e9","article_publisher":"https:\/\/www.facebook.com\/RepliqueMangaCine","article_modified_time":"2025-11-30T20:45:13+00:00","og_image":[{"width":600,"height":600,"url":"https:\/\/repliquemangacine.fr\/wp-content\/uploads\/2025\/11\/Mini-Katana-Enma-Noir.jpg","type":"image\/jpeg"}],"twitter_card":"summary_large_image","twitter_misc":{"Gesch\u00e4tzte Lesezeit":"2\u00a0Minuten"},"schema":{"@context":"https:\/\/schema.org","@graph":[{"@type":"WebPage","@id":"https:\/\/repliquemangacine.fr\/tanto-mini-katana-one-piece\/mini-katana-enma-noir\/","url":"https:\/\/repliquemangacine.fr\/tanto-mini-katana-one-piece\/mini-katana-enma-noir\/","name":"Mini Katana Enma schwarz - R\u00e9plique Manga Cin\u00e9","isPartOf":{"@id":"https:\/\/repliquemangacine.fr\/#website"},"primaryImageOfPage":{"@id":"https:\/\/repliquemangacine.fr\/tanto-mini-katana-one-piece\/mini-katana-enma-noir\/#primaryimage"},"image":{"@id":"https:\/\/repliquemangacine.fr\/tanto-mini-katana-one-piece\/mini-katana-enma-noir\/#primaryimage"},"thumbnailUrl":"https:\/\/repliquemangacine.fr\/wp-content\/uploads\/2025\/11\/Mini-Katana-Enma-Noir.jpg","datePublished":"2025-11-15T18:38:10+00:00","dateModified":"2025-11-30T20:45:13+00:00","description":"Mini Katana Enma schwarz One Piece, Stahlklinge und lackierte Scheide. Eine elegante Replik, die von Roronoa Zoros mythischem Schwert inspiriert ist.","breadcrumb":{"@id":"https:\/\/repliquemangacine.fr\/tanto-mini-katana-one-piece\/mini-katana-enma-noir\/#breadcrumb"},"inLanguage":"de","potentialAction":[{"@type":"ReadAction","target":["https:\/\/repliquemangacine.fr\/tanto-mini-katana-one-piece\/mini-katana-enma-noir\/"]}]},{"@type":"ImageObject","inLanguage":"de","@id":"https:\/\/repliquemangacine.fr\/tanto-mini-katana-one-piece\/mini-katana-enma-noir\/#primaryimage","url":"https:\/\/repliquemangacine.fr\/wp-content\/uploads\/2025\/11\/Mini-Katana-Enma-Noir.jpg","contentUrl":"https:\/\/repliquemangacine.fr\/wp-content\/uploads\/2025\/11\/Mini-Katana-Enma-Noir.jpg","width":600,"height":600,"caption":"Mini Katana Enma noir One Piece"},{"@type":"BreadcrumbList","@id":"https:\/\/repliquemangacine.fr\/tanto-mini-katana-one-piece\/mini-katana-enma-noir\/#breadcrumb","itemListElement":[{"@type":"ListItem","position":1,"name":"Accueil","item":"https:\/\/repliquemangacine.fr\/"},{"@type":"ListItem","position":2,"name":"Produits","item":"https:\/\/repliquemangacine.fr\/boutique\/"},{"@type":"ListItem","position":3,"name":"Mini Katana Enma noir"}]},{"@type":"WebSite","@id":"https:\/\/repliquemangacine.fr\/#website","url":"https:\/\/repliquemangacine.fr\/","name":"R\u00e9plique Manga Cin\u00e9","description":"","publisher":{"@id":"https:\/\/repliquemangacine.fr\/#organization"},"potentialAction":[{"@type":"SearchAction","target":{"@type":"EntryPoint","urlTemplate":"https:\/\/repliquemangacine.fr\/?s={search_term_string}"},"query-input":{"@type":"PropertyValueSpecification","valueRequired":true,"valueName":"search_term_string"}}],"inLanguage":"de"},{"@type":"Organization","@id":"https:\/\/repliquemangacine.fr\/#organization","name":"R\u00e9plique Manga Cin\u00e9","url":"https:\/\/repliquemangacine.fr\/","logo":{"@type":"ImageObject","inLanguage":"de","@id":"https:\/\/repliquemangacine.fr\/#\/schema\/logo\/image\/","url":"https:\/\/repliquemangacine.fr\/wp-content\/uploads\/2023\/10\/RMC-500250.png","contentUrl":"https:\/\/repliquemangacine.fr\/wp-content\/uploads\/2023\/10\/RMC-500250.png","width":500,"height":250,"caption":"R\u00e9plique Manga Cin\u00e9"},"image":{"@id":"https:\/\/repliquemangacine.fr\/#\/schema\/logo\/image\/"},"sameAs":["https:\/\/www.facebook.com\/RepliqueMangaCine","https:\/\/www.instagram.com\/repliquemangacine.fr\/"]}]}},"_links":{"self":[{"href":"https:\/\/repliquemangacine.fr\/de\/wp-json\/wp\/v2\/product\/90680","targetHints":{"allow":["GET"]}}],"collection":[{"href":"https:\/\/repliquemangacine.fr\/de\/wp-json\/wp\/v2\/product"}],"about":[{"href":"https:\/\/repliquemangacine.fr\/de\/wp-json\/wp\/v2\/types\/product"}],"wp:featuredmedia":[{"embeddable":true,"href":"https:\/\/repliquemangacine.fr\/de\/wp-json\/wp\/v2\/media\/90681"}],"wp:attachment":[{"href":"https:\/\/repliquemangacine.fr\/de\/wp-json\/wp\/v2\/media?parent=90680"}],"wp:term":[{"taxonomy":"product_brand","embeddable":true,"href":"https:\/\/repliquemangacine.fr\/de\/wp-json\/wp\/v2\/product_brand?post=90680"},{"taxonomy":"product_cat","embeddable":true,"href":"https:\/\/repliquemangacine.fr\/de\/wp-json\/wp\/v2\/product_cat?post=90680"},{"taxonomy":"product_tag","embeddable":true,"href":"https:\/\/repliquemangacine.fr\/de\/wp-json\/wp\/v2\/product_tag?post=90680"}],"curies":[{"name":"wp","href":"https:\/\/api.w.org\/{rel}","templated":true}]}}