





{"id":90673,"date":"2025-11-15T19:22:48","date_gmt":"2025-11-15T18:22:48","guid":{"rendered":"https:\/\/repliquemangacine.fr\/?post_type=product&#038;p=90673"},"modified":"2026-02-28T16:45:43","modified_gmt":"2026-02-28T15:45:43","slug":"mini-katana-enma-violett","status":"publish","type":"product","link":"https:\/\/repliquemangacine.fr\/de\/tanto-mini-katana-one-piece\/mini-katana-enma-violet\/","title":{"rendered":"Mini Katana Enma violett"},"content":{"rendered":"<h2>Mini Katana Enma violett elegant und furchteinfl\u00f6\u00dfend<\/h2>\n<p>Zun\u00e4chst einmal ist dieser <strong>Mini-Katana Enma violett<\/strong> ist eine wundersch\u00f6ne Replik, die von der legend\u00e4ren Waffe inspiriert wurde, die Roronoa Zoro in One Piece schwingt. Seine Stahlklinge bietet ein gl\u00e4nzendes Finish, das das Licht elegant einf\u00e4ngt. Der lackierte Griff ist aufwendig verziert und erinnert an die Details des Originalschwerts. Sein markant gestalteter ABS-Griffb\u00fcgel verst\u00e4rkt den authentischen japanischen Stil. Die violett lackierte Scheide weist wundersch\u00f6ne Muster auf, die f\u00fcr einen noch intensiveren Eindruck sorgen. Das Mini-Katana wird mit einem Standfu\u00df aus ABS geliefert und ist ein edles Sammlerst\u00fcck. Zusammenfassend l\u00e4sst sich sagen, dass es leicht und kompakt ist und jedem Regal, das den Piraten des One Piece-Universums gewidmet ist, einen Hauch von Abenteuer verleiht.<\/p>\n<h2>Zoro und die verfluchte Waffe Enma: Eine Machtprobe<\/h2>\n<p>Zun\u00e4chst einmal ist das Enma-Katana wohl eine der furchterregendsten Waffen, die es gibt. <a href=\"https:\/\/onepiece.fandom.com\/fr\/f\/t\/Roronoa%20Zoro\" target=\"_blank\" rel=\"noopener noreferrer\">Zoro<\/a> nie gemeistert hat. Geschmiedet, um den Willen seines Tr\u00e4gers zu testen, entzieht es seinem Tr\u00e4ger das Haki und erfordert eine au\u00dfergew\u00f6hnliche innere St\u00e4rke. Indem er sie f\u00fchrt, beweist Zoro einmal mehr seine unersch\u00fctterliche Entschlossenheit. Au\u00dferdem symbolisiert diese Klinge seine Entwicklung und seine tiefe Verbundenheit mit dem Weg des Schwertes. In One Piece stellt Enma sowohl eine Gefahr als auch ein Versprechen von Macht dar. Mit ihrer Hilfe erreicht Zoro einen neuen H\u00f6hepunkt und kommt dem Titel des weltbesten Schwertk\u00e4mpfers einen Schritt n\u00e4her. Dieses Mini-Katana f\u00e4ngt diese Essenz von Meisterschaft und Disziplin perfekt ein.<\/p>\n<h2>Entdecken Sie die One Piece-Kollektion auf R\u00e9plique Manga Cin\u00e9<\/h2>\n<p>Um dieses Mini-Katana zu vervollst\u00e4ndigen, entdecken Sie auf R\u00e9plique Manga Cin\u00e9 weitere St\u00fccke aus der Welt von One Piece. Die <a href=\"https:\/\/repliquemangacine.fr\/de\/tanto-mini-katana-one-piece\/\">Tanto aus One Piece<\/a>, Die kompakten, detailgetreuen Bilder verk\u00f6rpern die japanische Schwertkunst in ihrer ganzen Feinheit. Die <a href=\"https:\/\/repliquemangacine.fr\/de\/leuchtendes-katana-one-piece\/\">leuchtende Katanas One Piece<\/a>, Die mit LEDs ausgestatteten Leuchten verleihen jeder Sammlung einen modernen und spektakul\u00e4ren Touch. Schlie\u00dflich ist die Gesamtheit der <a href=\"https:\/\/repliquemangacine.fr\/de\/repliken-manga-videospiele\/los-3-katanas-von-zoro\/\">drei Schwerter von Zoro<\/a> - Wado Ichimonji, Sandai Kitetsu und Enma - bleibt ein Muss f\u00fcr echte Fans des Piratenj\u00e4gers. Jede Replik illustriert einen Schl\u00fcsselmoment der Serie und verwandelt eine einfache Vitrine in den Schatz der Grand Line.<\/p>","protected":false},"excerpt":{"rendered":"<p>Wundersch\u00f6ne Replik von Zoros Tanto inspiriert vom Anime-Manga One Piece<\/p>\n<ul>\n<li>Klinge aus Zwei-Ton-Stahl<\/li>\n<li>Griff lackiert mit Dekoren<\/li>\n<li>Speziell geformte ABS-Gardine<\/li>\n<li>Violett lackierte Scheide mit Verzierungen<\/li>\n<li>Wird mit einem kleinen St\u00e4nder zum Hinstellen aus ABS geliefert.<\/li>\n<li>L\u00e4nge der Klinge: 27 cm - Gesamtl\u00e4nge: 45 cm<\/li>\n<li>Gewicht: 250 g mit Scheide<\/li>\n<\/ul>","protected":false},"featured_media":90674,"template":"","meta":[],"product_brand":[],"product_cat":[36,121],"product_tag":[],"class_list":{"0":"post-90673","1":"product","2":"type-product","3":"status-publish","4":"has-post-thumbnail","6":"product_cat-katana-one-piece","7":"product_cat-tanto-mini-katana-one-piece","9":"first","10":"instock","11":"taxable","12":"shipping-taxable","13":"purchasable","14":"product-type-simple"},"yoast_head":"<!-- This site is optimized with the Yoast SEO plugin v27.4 - https:\/\/yoast.com\/product\/yoast-seo-wordpress\/ -->\n<title>Mini Katana Enma violet - R\u00e9plique Manga Cin\u00e9<\/title>\n<meta name=\"description\" content=\"Mini katana Enma violet One Piece, lame acier et fourreau d\u00e9cor\u00e9. Une r\u00e9plique raffin\u00e9e inspir\u00e9e du sabre l\u00e9gendaire de Roronoa Zoro.\" \/>\n<meta name=\"robots\" content=\"index, follow, max-snippet:-1, max-image-preview:large, max-video-preview:-1\" \/>\n<link rel=\"canonical\" href=\"https:\/\/repliquemangacine.fr\/de\/tanto-mini-katana-one-piece\/mini-katana-enma-violett\/\" \/>\n<meta property=\"og:locale\" content=\"de_DE\" \/>\n<meta property=\"og:type\" content=\"article\" \/>\n<meta property=\"og:title\" content=\"Mini Katana Enma violet - R\u00e9plique Manga Cin\u00e9\" \/>\n<meta property=\"og:description\" content=\"Mini katana Enma violet One Piece, lame acier et fourreau d\u00e9cor\u00e9. Une r\u00e9plique raffin\u00e9e inspir\u00e9e du sabre l\u00e9gendaire de Roronoa Zoro.\" \/>\n<meta property=\"og:url\" content=\"https:\/\/repliquemangacine.fr\/de\/tanto-mini-katana-one-piece\/mini-katana-enma-violett\/\" \/>\n<meta property=\"og:site_name\" content=\"R\u00e9plique Manga Cin\u00e9\" \/>\n<meta property=\"article:publisher\" content=\"https:\/\/www.facebook.com\/RepliqueMangaCine\" \/>\n<meta property=\"article:modified_time\" content=\"2026-02-28T15:45:43+00:00\" \/>\n<meta property=\"og:image\" content=\"https:\/\/repliquemangacine.fr\/wp-content\/uploads\/2025\/11\/Mini-Katana-Enma-Violet.jpg\" \/>\n\t<meta property=\"og:image:width\" content=\"600\" \/>\n\t<meta property=\"og:image:height\" content=\"600\" \/>\n\t<meta property=\"og:image:type\" content=\"image\/jpeg\" \/>\n<meta name=\"twitter:card\" content=\"summary_large_image\" \/>\n<meta name=\"twitter:label1\" content=\"Gesch\u00e4tzte Lesezeit\" \/>\n\t<meta name=\"twitter:data1\" content=\"2\u00a0Minuten\" \/>\n<script type=\"application\/ld+json\" class=\"yoast-schema-graph\">{\"@context\":\"https:\\\/\\\/schema.org\",\"@graph\":[{\"@type\":\"WebPage\",\"@id\":\"https:\\\/\\\/repliquemangacine.fr\\\/tanto-mini-katana-one-piece\\\/mini-katana-enma-violet\\\/\",\"url\":\"https:\\\/\\\/repliquemangacine.fr\\\/tanto-mini-katana-one-piece\\\/mini-katana-enma-violet\\\/\",\"name\":\"Mini Katana Enma violet - R\u00e9plique Manga Cin\u00e9\",\"isPartOf\":{\"@id\":\"https:\\\/\\\/repliquemangacine.fr\\\/#website\"},\"primaryImageOfPage\":{\"@id\":\"https:\\\/\\\/repliquemangacine.fr\\\/tanto-mini-katana-one-piece\\\/mini-katana-enma-violet\\\/#primaryimage\"},\"image\":{\"@id\":\"https:\\\/\\\/repliquemangacine.fr\\\/tanto-mini-katana-one-piece\\\/mini-katana-enma-violet\\\/#primaryimage\"},\"thumbnailUrl\":\"https:\\\/\\\/repliquemangacine.fr\\\/wp-content\\\/uploads\\\/2025\\\/11\\\/Mini-Katana-Enma-Violet.jpg\",\"datePublished\":\"2025-11-15T18:22:48+00:00\",\"dateModified\":\"2026-02-28T15:45:43+00:00\",\"description\":\"Mini katana Enma violet One Piece, lame acier et fourreau d\u00e9cor\u00e9. Une r\u00e9plique raffin\u00e9e inspir\u00e9e du sabre l\u00e9gendaire de Roronoa Zoro.\",\"breadcrumb\":{\"@id\":\"https:\\\/\\\/repliquemangacine.fr\\\/tanto-mini-katana-one-piece\\\/mini-katana-enma-violet\\\/#breadcrumb\"},\"inLanguage\":\"de\",\"potentialAction\":[{\"@type\":\"ReadAction\",\"target\":[\"https:\\\/\\\/repliquemangacine.fr\\\/tanto-mini-katana-one-piece\\\/mini-katana-enma-violet\\\/\"]}]},{\"@type\":\"ImageObject\",\"inLanguage\":\"de\",\"@id\":\"https:\\\/\\\/repliquemangacine.fr\\\/tanto-mini-katana-one-piece\\\/mini-katana-enma-violet\\\/#primaryimage\",\"url\":\"https:\\\/\\\/repliquemangacine.fr\\\/wp-content\\\/uploads\\\/2025\\\/11\\\/Mini-Katana-Enma-Violet.jpg\",\"contentUrl\":\"https:\\\/\\\/repliquemangacine.fr\\\/wp-content\\\/uploads\\\/2025\\\/11\\\/Mini-Katana-Enma-Violet.jpg\",\"width\":600,\"height\":600,\"caption\":\"Mini Katana Enma Violet One Piece\"},{\"@type\":\"BreadcrumbList\",\"@id\":\"https:\\\/\\\/repliquemangacine.fr\\\/tanto-mini-katana-one-piece\\\/mini-katana-enma-violet\\\/#breadcrumb\",\"itemListElement\":[{\"@type\":\"ListItem\",\"position\":1,\"name\":\"Accueil\",\"item\":\"https:\\\/\\\/repliquemangacine.fr\\\/\"},{\"@type\":\"ListItem\",\"position\":2,\"name\":\"Produits\",\"item\":\"https:\\\/\\\/repliquemangacine.fr\\\/boutique\\\/\"},{\"@type\":\"ListItem\",\"position\":3,\"name\":\"Mini Katana Enma violet\"}]},{\"@type\":\"WebSite\",\"@id\":\"https:\\\/\\\/repliquemangacine.fr\\\/#website\",\"url\":\"https:\\\/\\\/repliquemangacine.fr\\\/\",\"name\":\"R\u00e9plique Manga Cin\u00e9\",\"description\":\"\",\"publisher\":{\"@id\":\"https:\\\/\\\/repliquemangacine.fr\\\/#organization\"},\"potentialAction\":[{\"@type\":\"SearchAction\",\"target\":{\"@type\":\"EntryPoint\",\"urlTemplate\":\"https:\\\/\\\/repliquemangacine.fr\\\/?s={search_term_string}\"},\"query-input\":{\"@type\":\"PropertyValueSpecification\",\"valueRequired\":true,\"valueName\":\"search_term_string\"}}],\"inLanguage\":\"de\"},{\"@type\":\"Organization\",\"@id\":\"https:\\\/\\\/repliquemangacine.fr\\\/#organization\",\"name\":\"R\u00e9plique Manga Cin\u00e9\",\"url\":\"https:\\\/\\\/repliquemangacine.fr\\\/\",\"logo\":{\"@type\":\"ImageObject\",\"inLanguage\":\"de\",\"@id\":\"https:\\\/\\\/repliquemangacine.fr\\\/#\\\/schema\\\/logo\\\/image\\\/\",\"url\":\"https:\\\/\\\/repliquemangacine.fr\\\/wp-content\\\/uploads\\\/2023\\\/10\\\/RMC-500250.png\",\"contentUrl\":\"https:\\\/\\\/repliquemangacine.fr\\\/wp-content\\\/uploads\\\/2023\\\/10\\\/RMC-500250.png\",\"width\":500,\"height\":250,\"caption\":\"R\u00e9plique Manga Cin\u00e9\"},\"image\":{\"@id\":\"https:\\\/\\\/repliquemangacine.fr\\\/#\\\/schema\\\/logo\\\/image\\\/\"},\"sameAs\":[\"https:\\\/\\\/www.facebook.com\\\/RepliqueMangaCine\",\"https:\\\/\\\/www.instagram.com\\\/repliquemangacine.fr\\\/\"]}]}<\/script>\n<!-- \/ Yoast SEO plugin. -->","yoast_head_json":{"title":"Mini Katana Enma violett - R\u00e9plique Manga Cin\u00e9","description":"One Piece violettes Mini-Katana Enma mit Stahlklinge und verzierter Scheide. Eine raffinierte Replik, die von Roronoa Zoros legend\u00e4rem Schwert inspiriert wurde.","robots":{"index":"index","follow":"follow","max-snippet":"max-snippet:-1","max-image-preview":"max-image-preview:large","max-video-preview":"max-video-preview:-1"},"canonical":"https:\/\/repliquemangacine.fr\/de\/tanto-mini-katana-one-piece\/mini-katana-enma-violett\/","og_locale":"de_DE","og_type":"article","og_title":"Mini Katana Enma violet - R\u00e9plique Manga Cin\u00e9","og_description":"Mini katana Enma violet One Piece, lame acier et fourreau d\u00e9cor\u00e9. Une r\u00e9plique raffin\u00e9e inspir\u00e9e du sabre l\u00e9gendaire de Roronoa Zoro.","og_url":"https:\/\/repliquemangacine.fr\/de\/tanto-mini-katana-one-piece\/mini-katana-enma-violett\/","og_site_name":"R\u00e9plique Manga Cin\u00e9","article_publisher":"https:\/\/www.facebook.com\/RepliqueMangaCine","article_modified_time":"2026-02-28T15:45:43+00:00","og_image":[{"width":600,"height":600,"url":"https:\/\/repliquemangacine.fr\/wp-content\/uploads\/2025\/11\/Mini-Katana-Enma-Violet.jpg","type":"image\/jpeg"}],"twitter_card":"summary_large_image","twitter_misc":{"Gesch\u00e4tzte Lesezeit":"2\u00a0Minuten"},"schema":{"@context":"https:\/\/schema.org","@graph":[{"@type":"WebPage","@id":"https:\/\/repliquemangacine.fr\/tanto-mini-katana-one-piece\/mini-katana-enma-violet\/","url":"https:\/\/repliquemangacine.fr\/tanto-mini-katana-one-piece\/mini-katana-enma-violet\/","name":"Mini Katana Enma violett - R\u00e9plique Manga Cin\u00e9","isPartOf":{"@id":"https:\/\/repliquemangacine.fr\/#website"},"primaryImageOfPage":{"@id":"https:\/\/repliquemangacine.fr\/tanto-mini-katana-one-piece\/mini-katana-enma-violet\/#primaryimage"},"image":{"@id":"https:\/\/repliquemangacine.fr\/tanto-mini-katana-one-piece\/mini-katana-enma-violet\/#primaryimage"},"thumbnailUrl":"https:\/\/repliquemangacine.fr\/wp-content\/uploads\/2025\/11\/Mini-Katana-Enma-Violet.jpg","datePublished":"2025-11-15T18:22:48+00:00","dateModified":"2026-02-28T15:45:43+00:00","description":"One Piece violettes Mini-Katana Enma mit Stahlklinge und verzierter Scheide. Eine raffinierte Replik, die von Roronoa Zoros legend\u00e4rem Schwert inspiriert wurde.","breadcrumb":{"@id":"https:\/\/repliquemangacine.fr\/tanto-mini-katana-one-piece\/mini-katana-enma-violet\/#breadcrumb"},"inLanguage":"de","potentialAction":[{"@type":"ReadAction","target":["https:\/\/repliquemangacine.fr\/tanto-mini-katana-one-piece\/mini-katana-enma-violet\/"]}]},{"@type":"ImageObject","inLanguage":"de","@id":"https:\/\/repliquemangacine.fr\/tanto-mini-katana-one-piece\/mini-katana-enma-violet\/#primaryimage","url":"https:\/\/repliquemangacine.fr\/wp-content\/uploads\/2025\/11\/Mini-Katana-Enma-Violet.jpg","contentUrl":"https:\/\/repliquemangacine.fr\/wp-content\/uploads\/2025\/11\/Mini-Katana-Enma-Violet.jpg","width":600,"height":600,"caption":"Mini Katana Enma Violet One Piece"},{"@type":"BreadcrumbList","@id":"https:\/\/repliquemangacine.fr\/tanto-mini-katana-one-piece\/mini-katana-enma-violet\/#breadcrumb","itemListElement":[{"@type":"ListItem","position":1,"name":"Accueil","item":"https:\/\/repliquemangacine.fr\/"},{"@type":"ListItem","position":2,"name":"Produits","item":"https:\/\/repliquemangacine.fr\/boutique\/"},{"@type":"ListItem","position":3,"name":"Mini Katana Enma violet"}]},{"@type":"WebSite","@id":"https:\/\/repliquemangacine.fr\/#website","url":"https:\/\/repliquemangacine.fr\/","name":"R\u00e9plique Manga Cin\u00e9","description":"","publisher":{"@id":"https:\/\/repliquemangacine.fr\/#organization"},"potentialAction":[{"@type":"SearchAction","target":{"@type":"EntryPoint","urlTemplate":"https:\/\/repliquemangacine.fr\/?s={search_term_string}"},"query-input":{"@type":"PropertyValueSpecification","valueRequired":true,"valueName":"search_term_string"}}],"inLanguage":"de"},{"@type":"Organization","@id":"https:\/\/repliquemangacine.fr\/#organization","name":"R\u00e9plique Manga Cin\u00e9","url":"https:\/\/repliquemangacine.fr\/","logo":{"@type":"ImageObject","inLanguage":"de","@id":"https:\/\/repliquemangacine.fr\/#\/schema\/logo\/image\/","url":"https:\/\/repliquemangacine.fr\/wp-content\/uploads\/2023\/10\/RMC-500250.png","contentUrl":"https:\/\/repliquemangacine.fr\/wp-content\/uploads\/2023\/10\/RMC-500250.png","width":500,"height":250,"caption":"R\u00e9plique Manga Cin\u00e9"},"image":{"@id":"https:\/\/repliquemangacine.fr\/#\/schema\/logo\/image\/"},"sameAs":["https:\/\/www.facebook.com\/RepliqueMangaCine","https:\/\/www.instagram.com\/repliquemangacine.fr\/"]}]}},"_links":{"self":[{"href":"https:\/\/repliquemangacine.fr\/de\/wp-json\/wp\/v2\/product\/90673","targetHints":{"allow":["GET"]}}],"collection":[{"href":"https:\/\/repliquemangacine.fr\/de\/wp-json\/wp\/v2\/product"}],"about":[{"href":"https:\/\/repliquemangacine.fr\/de\/wp-json\/wp\/v2\/types\/product"}],"wp:featuredmedia":[{"embeddable":true,"href":"https:\/\/repliquemangacine.fr\/de\/wp-json\/wp\/v2\/media\/90674"}],"wp:attachment":[{"href":"https:\/\/repliquemangacine.fr\/de\/wp-json\/wp\/v2\/media?parent=90673"}],"wp:term":[{"taxonomy":"product_brand","embeddable":true,"href":"https:\/\/repliquemangacine.fr\/de\/wp-json\/wp\/v2\/product_brand?post=90673"},{"taxonomy":"product_cat","embeddable":true,"href":"https:\/\/repliquemangacine.fr\/de\/wp-json\/wp\/v2\/product_cat?post=90673"},{"taxonomy":"product_tag","embeddable":true,"href":"https:\/\/repliquemangacine.fr\/de\/wp-json\/wp\/v2\/product_tag?post=90673"}],"curies":[{"name":"wp","href":"https:\/\/api.w.org\/{rel}","templated":true}]}}