





{"id":90628,"date":"2025-11-14T15:36:44","date_gmt":"2025-11-14T14:36:44","guid":{"rendered":"https:\/\/repliquemangacine.fr\/?post_type=product&#038;p=90628"},"modified":"2026-02-19T11:40:10","modified_gmt":"2026-02-19T10:40:10","slug":"langschwert-baran-des-damonenkonigs","status":"publish","type":"product","link":"https:\/\/repliquemangacine.fr\/de\/solo-leveling\/epee-longue-version-baran-du-roi-demon\/","title":{"rendered":"Langschwert Version Baran des D\u00e4monenk\u00f6nigs"},"content":{"rendered":"<h2>Eine beeindruckende Nachbildung des Langschwerts \u201eBaran\u201c des D\u00e4monenk\u00f6nigs.<\/h2>\n<p>Zun\u00e4chst einmal ist diese <strong>Langschwert Baran-Version<\/strong> des D\u00e4monenk\u00f6nigs ist eine originalgetreue Nachbildung der Waffe aus Solo Leveling. Die t\u00fcrkisfarbene Stahlklinge mit dunklen Mustern bildet einen auff\u00e4lligen Kontrast. Der aus massivem Stahl gefertigte Griff mit aggressiven Kurven unterstreicht die bedrohliche Ausstrahlung der Waffe. Der spitze Metallknauf rundet den d\u00e4monischen Stil perfekt ab. Der mit Baumwollband umwickelte Griff sorgt f\u00fcr einen festen Halt. Die Wandhalterung aus Holz erm\u00f6glicht eine elegante Pr\u00e4sentation. Zusammenfassend l\u00e4sst sich sagen, dass diese Replik die Essenz des gef\u00fcrchteten D\u00e4monenk\u00f6nigs Baran einf\u00e4ngt.<\/p>\n<h2>Sung Jin-Woo gegen die kolossale Macht des D\u00e4monenk\u00f6nigs Baran<\/h2>\n<p><a href=\"https:\/\/solo-leveling.fandom.com\/wiki\/Sung_Jinwoo\" target=\"_blank\" rel=\"noopener noreferrer\">Sung Jin-Woo<\/a> trifft Baran in einem entscheidenden Moment seines Aufstiegs. Dieser Kampf markiert einen entscheidenden Schritt in seiner Entwicklung. Der D\u00e4monenk\u00f6nig symbolisiert eine \u00fcberw\u00e4ltigende Macht. Er steht auch f\u00fcr die Grenzen, die Jin-Woo \u00fcberwinden muss. Jede Konfrontation offenbart \u00fcbrigens die Entwicklung des J\u00e4gers. Seine Beherrschung der Waffen wird also immer besser, je mehr er seine F\u00e4higkeiten entdeckt. Tats\u00e4chlich verk\u00f6rpert Baran einen mythischen Gegner. Seine Macht unterstreicht Jin-Woos Entschlossenheit. Diese Begegnung bleibt ein symboltr\u00e4chtiger Moment des Manhwa. Sie zeigt auch die Grenze zwischen Angst und Selbst\u00fcberwindung.<\/p>\n<h2>Erweitern Sie Ihre Solo Leveling-Sammlung mit mythischen Repliken<\/h2>\n<p>Ihre Sammlung kann weitere legend\u00e4re Waffen aus Solo Leveling aufnehmen. Sie finden die <a href=\"https:\/\/repliquemangacine.fr\/de\/solo-leveling\/dolch-augen-des-konigs-demon-solo-leveling\/\">Dolch Auge des D\u00e4monenk\u00f6nigs<\/a>, mit ihrem ausgefeilten und geheimnisvollen Stil. Dann gibt es noch die <a href=\"https:\/\/repliquemangacine.fr\/de\/solo-leveling\/dague-knight-killer-solo-leveling\/\">Knight Killer Dolch<\/a>, die Sung Jin-Woo in entscheidenden K\u00e4mpfen einsetzt. Au\u00dferdem entdecken Sie den Dolch <a href=\"https:\/\/repliquemangacine.fr\/de\/solo-leveling\/kasakas-venom-fang-solo-leveling\/\">Kasakas Venom Fang<\/a>, bekannt unter dem Namen \u201eGiftige Klaue von Kasaka\u201c, erkennbar an ihrem giftigen Design. Jedes dieser St\u00fccke verst\u00e4rkt die d\u00fcstere Atmosph\u00e4re des Universums. So kann man die Entwicklung des Helden anhand seiner symboltr\u00e4chtigsten Waffen verfolgen. Sie verwandeln eine Vitrine in einen wahren Schrein, der dem Manhwa gewidmet ist.<\/p>","protected":false},"excerpt":{"rendered":"<p>Nutzen Sie die Kraft von Baran und verleihen Sie Ihrer Solo Leveling-Sammlung eine d\u00e4monische Aura.<\/p>\n<ul>\n<li>T\u00fcrkisblaue Stahlklinge mit schwarzen Schatten<\/li>\n<li>Griff und Knauf aus massivem Stahl in spezieller Form<\/li>\n<li>Metallgriff umgeben von braunen Baumwollriemen f\u00fcr einen guten Griff<\/li>\n<li>Wird mit seiner Wandplatte aus Holz geliefert<\/li>\n<li>Klingenl\u00e4nge: 80 cm \u2013 Gesamtl\u00e4nge: 108,5 cm<\/li>\n<li>Gewicht: 1650 g<\/li>\n<\/ul>","protected":false},"featured_media":90629,"template":"","meta":[],"product_brand":[],"product_cat":[895],"product_tag":[],"class_list":{"0":"post-90628","1":"product","2":"type-product","3":"status-publish","4":"has-post-thumbnail","6":"product_cat-solo-leveling","8":"first","9":"instock","10":"taxable","11":"shipping-taxable","12":"purchasable","13":"product-type-simple"},"yoast_head":"<!-- This site is optimized with the Yoast SEO plugin v27.4 - https:\/\/yoast.com\/product\/yoast-seo-wordpress\/ -->\n<title>\u00c9p\u00e9e Longue Version Baran du Roi D\u00e9mon - R\u00e9plique Manga Cin\u00e9<\/title>\n<meta name=\"description\" content=\"\u00c9p\u00e9e Longue Version Baran du Roi D\u00e9mon, lame turquoise d\u00e9cor\u00e9e et garde sculpt\u00e9e. Une r\u00e9plique impressionnante pour tout fan de l\u2019univers Solo Leveling.\" \/>\n<meta name=\"robots\" content=\"index, follow, max-snippet:-1, max-image-preview:large, max-video-preview:-1\" \/>\n<link rel=\"canonical\" href=\"https:\/\/repliquemangacine.fr\/de\/solo-leveling\/langschwert-baran-des-damonenkonigs\/\" \/>\n<meta property=\"og:locale\" content=\"de_DE\" \/>\n<meta property=\"og:type\" content=\"article\" \/>\n<meta property=\"og:title\" content=\"\u00c9p\u00e9e Longue Version Baran du Roi D\u00e9mon - R\u00e9plique Manga Cin\u00e9\" \/>\n<meta property=\"og:description\" content=\"\u00c9p\u00e9e Longue Version Baran du Roi D\u00e9mon, lame turquoise d\u00e9cor\u00e9e et garde sculpt\u00e9e. Une r\u00e9plique impressionnante pour tout fan de l\u2019univers Solo Leveling.\" \/>\n<meta property=\"og:url\" content=\"https:\/\/repliquemangacine.fr\/de\/solo-leveling\/langschwert-baran-des-damonenkonigs\/\" \/>\n<meta property=\"og:site_name\" content=\"R\u00e9plique Manga Cin\u00e9\" \/>\n<meta property=\"article:publisher\" content=\"https:\/\/www.facebook.com\/RepliqueMangaCine\" \/>\n<meta property=\"article:modified_time\" content=\"2026-02-19T10:40:10+00:00\" \/>\n<meta property=\"og:image\" content=\"https:\/\/repliquemangacine.fr\/wp-content\/uploads\/2025\/11\/Epee-du-Roi-Demon-Baran-Version.jpg\" \/>\n\t<meta property=\"og:image:width\" content=\"700\" \/>\n\t<meta property=\"og:image:height\" content=\"700\" \/>\n\t<meta property=\"og:image:type\" content=\"image\/jpeg\" \/>\n<meta name=\"twitter:card\" content=\"summary_large_image\" \/>\n<meta name=\"twitter:label1\" content=\"Gesch\u00e4tzte Lesezeit\" \/>\n\t<meta name=\"twitter:data1\" content=\"2\u00a0Minuten\" \/>\n<script type=\"application\/ld+json\" class=\"yoast-schema-graph\">{\"@context\":\"https:\\\/\\\/schema.org\",\"@graph\":[{\"@type\":\"WebPage\",\"@id\":\"https:\\\/\\\/repliquemangacine.fr\\\/solo-leveling\\\/epee-longue-version-baran-du-roi-demon\\\/\",\"url\":\"https:\\\/\\\/repliquemangacine.fr\\\/solo-leveling\\\/epee-longue-version-baran-du-roi-demon\\\/\",\"name\":\"\u00c9p\u00e9e Longue Version Baran du Roi D\u00e9mon - R\u00e9plique Manga Cin\u00e9\",\"isPartOf\":{\"@id\":\"https:\\\/\\\/repliquemangacine.fr\\\/#website\"},\"primaryImageOfPage\":{\"@id\":\"https:\\\/\\\/repliquemangacine.fr\\\/solo-leveling\\\/epee-longue-version-baran-du-roi-demon\\\/#primaryimage\"},\"image\":{\"@id\":\"https:\\\/\\\/repliquemangacine.fr\\\/solo-leveling\\\/epee-longue-version-baran-du-roi-demon\\\/#primaryimage\"},\"thumbnailUrl\":\"https:\\\/\\\/repliquemangacine.fr\\\/wp-content\\\/uploads\\\/2025\\\/11\\\/Epee-du-Roi-Demon-Baran-Version.jpg\",\"datePublished\":\"2025-11-14T14:36:44+00:00\",\"dateModified\":\"2026-02-19T10:40:10+00:00\",\"description\":\"\u00c9p\u00e9e Longue Version Baran du Roi D\u00e9mon, lame turquoise d\u00e9cor\u00e9e et garde sculpt\u00e9e. Une r\u00e9plique impressionnante pour tout fan de l\u2019univers Solo Leveling.\",\"breadcrumb\":{\"@id\":\"https:\\\/\\\/repliquemangacine.fr\\\/solo-leveling\\\/epee-longue-version-baran-du-roi-demon\\\/#breadcrumb\"},\"inLanguage\":\"de\",\"potentialAction\":[{\"@type\":\"ReadAction\",\"target\":[\"https:\\\/\\\/repliquemangacine.fr\\\/solo-leveling\\\/epee-longue-version-baran-du-roi-demon\\\/\"]}]},{\"@type\":\"ImageObject\",\"inLanguage\":\"de\",\"@id\":\"https:\\\/\\\/repliquemangacine.fr\\\/solo-leveling\\\/epee-longue-version-baran-du-roi-demon\\\/#primaryimage\",\"url\":\"https:\\\/\\\/repliquemangacine.fr\\\/wp-content\\\/uploads\\\/2025\\\/11\\\/Epee-du-Roi-Demon-Baran-Version.jpg\",\"contentUrl\":\"https:\\\/\\\/repliquemangacine.fr\\\/wp-content\\\/uploads\\\/2025\\\/11\\\/Epee-du-Roi-Demon-Baran-Version.jpg\",\"width\":700,\"height\":700,\"caption\":\"\u00c9p\u00e9e Longue Version Baran du roi D\u00e9mon dans solo leveling\"},{\"@type\":\"BreadcrumbList\",\"@id\":\"https:\\\/\\\/repliquemangacine.fr\\\/solo-leveling\\\/epee-longue-version-baran-du-roi-demon\\\/#breadcrumb\",\"itemListElement\":[{\"@type\":\"ListItem\",\"position\":1,\"name\":\"Accueil\",\"item\":\"https:\\\/\\\/repliquemangacine.fr\\\/\"},{\"@type\":\"ListItem\",\"position\":2,\"name\":\"Produits\",\"item\":\"https:\\\/\\\/repliquemangacine.fr\\\/boutique\\\/\"},{\"@type\":\"ListItem\",\"position\":3,\"name\":\"\u00c9p\u00e9e Longue Version Baran du Roi D\u00e9mon\"}]},{\"@type\":\"WebSite\",\"@id\":\"https:\\\/\\\/repliquemangacine.fr\\\/#website\",\"url\":\"https:\\\/\\\/repliquemangacine.fr\\\/\",\"name\":\"R\u00e9plique Manga Cin\u00e9\",\"description\":\"\",\"publisher\":{\"@id\":\"https:\\\/\\\/repliquemangacine.fr\\\/#organization\"},\"potentialAction\":[{\"@type\":\"SearchAction\",\"target\":{\"@type\":\"EntryPoint\",\"urlTemplate\":\"https:\\\/\\\/repliquemangacine.fr\\\/?s={search_term_string}\"},\"query-input\":{\"@type\":\"PropertyValueSpecification\",\"valueRequired\":true,\"valueName\":\"search_term_string\"}}],\"inLanguage\":\"de\"},{\"@type\":\"Organization\",\"@id\":\"https:\\\/\\\/repliquemangacine.fr\\\/#organization\",\"name\":\"R\u00e9plique Manga Cin\u00e9\",\"url\":\"https:\\\/\\\/repliquemangacine.fr\\\/\",\"logo\":{\"@type\":\"ImageObject\",\"inLanguage\":\"de\",\"@id\":\"https:\\\/\\\/repliquemangacine.fr\\\/#\\\/schema\\\/logo\\\/image\\\/\",\"url\":\"https:\\\/\\\/repliquemangacine.fr\\\/wp-content\\\/uploads\\\/2023\\\/10\\\/RMC-500250.png\",\"contentUrl\":\"https:\\\/\\\/repliquemangacine.fr\\\/wp-content\\\/uploads\\\/2023\\\/10\\\/RMC-500250.png\",\"width\":500,\"height\":250,\"caption\":\"R\u00e9plique Manga Cin\u00e9\"},\"image\":{\"@id\":\"https:\\\/\\\/repliquemangacine.fr\\\/#\\\/schema\\\/logo\\\/image\\\/\"},\"sameAs\":[\"https:\\\/\\\/www.facebook.com\\\/RepliqueMangaCine\",\"https:\\\/\\\/www.instagram.com\\\/repliquemangacine.fr\\\/\"]}]}<\/script>\n<!-- \/ Yoast SEO plugin. -->","yoast_head_json":{"title":"Langschwert Baran-Version des D\u00e4monenk\u00f6nigs \u2013 R\u00e9plique Manga Cin\u00e9","description":"Langschwert \u201eBaran\u201c des D\u00e4monenk\u00f6nigs, mit t\u00fcrkisfarbener Klinge und verziertem Griff. Eine beeindruckende Replik f\u00fcr alle Fans des Solo Leveling-Universums.","robots":{"index":"index","follow":"follow","max-snippet":"max-snippet:-1","max-image-preview":"max-image-preview:large","max-video-preview":"max-video-preview:-1"},"canonical":"https:\/\/repliquemangacine.fr\/de\/solo-leveling\/langschwert-baran-des-damonenkonigs\/","og_locale":"de_DE","og_type":"article","og_title":"\u00c9p\u00e9e Longue Version Baran du Roi D\u00e9mon - R\u00e9plique Manga Cin\u00e9","og_description":"\u00c9p\u00e9e Longue Version Baran du Roi D\u00e9mon, lame turquoise d\u00e9cor\u00e9e et garde sculpt\u00e9e. Une r\u00e9plique impressionnante pour tout fan de l\u2019univers Solo Leveling.","og_url":"https:\/\/repliquemangacine.fr\/de\/solo-leveling\/langschwert-baran-des-damonenkonigs\/","og_site_name":"R\u00e9plique Manga Cin\u00e9","article_publisher":"https:\/\/www.facebook.com\/RepliqueMangaCine","article_modified_time":"2026-02-19T10:40:10+00:00","og_image":[{"width":700,"height":700,"url":"https:\/\/repliquemangacine.fr\/wp-content\/uploads\/2025\/11\/Epee-du-Roi-Demon-Baran-Version.jpg","type":"image\/jpeg"}],"twitter_card":"summary_large_image","twitter_misc":{"Gesch\u00e4tzte Lesezeit":"2\u00a0Minuten"},"schema":{"@context":"https:\/\/schema.org","@graph":[{"@type":"WebPage","@id":"https:\/\/repliquemangacine.fr\/solo-leveling\/epee-longue-version-baran-du-roi-demon\/","url":"https:\/\/repliquemangacine.fr\/solo-leveling\/epee-longue-version-baran-du-roi-demon\/","name":"Langschwert Baran-Version des D\u00e4monenk\u00f6nigs \u2013 R\u00e9plique Manga Cin\u00e9","isPartOf":{"@id":"https:\/\/repliquemangacine.fr\/#website"},"primaryImageOfPage":{"@id":"https:\/\/repliquemangacine.fr\/solo-leveling\/epee-longue-version-baran-du-roi-demon\/#primaryimage"},"image":{"@id":"https:\/\/repliquemangacine.fr\/solo-leveling\/epee-longue-version-baran-du-roi-demon\/#primaryimage"},"thumbnailUrl":"https:\/\/repliquemangacine.fr\/wp-content\/uploads\/2025\/11\/Epee-du-Roi-Demon-Baran-Version.jpg","datePublished":"2025-11-14T14:36:44+00:00","dateModified":"2026-02-19T10:40:10+00:00","description":"Langschwert \u201eBaran\u201c des D\u00e4monenk\u00f6nigs, mit t\u00fcrkisfarbener Klinge und verziertem Griff. Eine beeindruckende Replik f\u00fcr alle Fans des Solo Leveling-Universums.","breadcrumb":{"@id":"https:\/\/repliquemangacine.fr\/solo-leveling\/epee-longue-version-baran-du-roi-demon\/#breadcrumb"},"inLanguage":"de","potentialAction":[{"@type":"ReadAction","target":["https:\/\/repliquemangacine.fr\/solo-leveling\/epee-longue-version-baran-du-roi-demon\/"]}]},{"@type":"ImageObject","inLanguage":"de","@id":"https:\/\/repliquemangacine.fr\/solo-leveling\/epee-longue-version-baran-du-roi-demon\/#primaryimage","url":"https:\/\/repliquemangacine.fr\/wp-content\/uploads\/2025\/11\/Epee-du-Roi-Demon-Baran-Version.jpg","contentUrl":"https:\/\/repliquemangacine.fr\/wp-content\/uploads\/2025\/11\/Epee-du-Roi-Demon-Baran-Version.jpg","width":700,"height":700,"caption":"\u00c9p\u00e9e Longue Version Baran du roi D\u00e9mon dans solo leveling"},{"@type":"BreadcrumbList","@id":"https:\/\/repliquemangacine.fr\/solo-leveling\/epee-longue-version-baran-du-roi-demon\/#breadcrumb","itemListElement":[{"@type":"ListItem","position":1,"name":"Accueil","item":"https:\/\/repliquemangacine.fr\/"},{"@type":"ListItem","position":2,"name":"Produits","item":"https:\/\/repliquemangacine.fr\/boutique\/"},{"@type":"ListItem","position":3,"name":"\u00c9p\u00e9e Longue Version Baran du Roi D\u00e9mon"}]},{"@type":"WebSite","@id":"https:\/\/repliquemangacine.fr\/#website","url":"https:\/\/repliquemangacine.fr\/","name":"R\u00e9plique Manga Cin\u00e9","description":"","publisher":{"@id":"https:\/\/repliquemangacine.fr\/#organization"},"potentialAction":[{"@type":"SearchAction","target":{"@type":"EntryPoint","urlTemplate":"https:\/\/repliquemangacine.fr\/?s={search_term_string}"},"query-input":{"@type":"PropertyValueSpecification","valueRequired":true,"valueName":"search_term_string"}}],"inLanguage":"de"},{"@type":"Organization","@id":"https:\/\/repliquemangacine.fr\/#organization","name":"R\u00e9plique Manga Cin\u00e9","url":"https:\/\/repliquemangacine.fr\/","logo":{"@type":"ImageObject","inLanguage":"de","@id":"https:\/\/repliquemangacine.fr\/#\/schema\/logo\/image\/","url":"https:\/\/repliquemangacine.fr\/wp-content\/uploads\/2023\/10\/RMC-500250.png","contentUrl":"https:\/\/repliquemangacine.fr\/wp-content\/uploads\/2023\/10\/RMC-500250.png","width":500,"height":250,"caption":"R\u00e9plique Manga Cin\u00e9"},"image":{"@id":"https:\/\/repliquemangacine.fr\/#\/schema\/logo\/image\/"},"sameAs":["https:\/\/www.facebook.com\/RepliqueMangaCine","https:\/\/www.instagram.com\/repliquemangacine.fr\/"]}]}},"_links":{"self":[{"href":"https:\/\/repliquemangacine.fr\/de\/wp-json\/wp\/v2\/product\/90628","targetHints":{"allow":["GET"]}}],"collection":[{"href":"https:\/\/repliquemangacine.fr\/de\/wp-json\/wp\/v2\/product"}],"about":[{"href":"https:\/\/repliquemangacine.fr\/de\/wp-json\/wp\/v2\/types\/product"}],"wp:featuredmedia":[{"embeddable":true,"href":"https:\/\/repliquemangacine.fr\/de\/wp-json\/wp\/v2\/media\/90629"}],"wp:attachment":[{"href":"https:\/\/repliquemangacine.fr\/de\/wp-json\/wp\/v2\/media?parent=90628"}],"wp:term":[{"taxonomy":"product_brand","embeddable":true,"href":"https:\/\/repliquemangacine.fr\/de\/wp-json\/wp\/v2\/product_brand?post=90628"},{"taxonomy":"product_cat","embeddable":true,"href":"https:\/\/repliquemangacine.fr\/de\/wp-json\/wp\/v2\/product_cat?post=90628"},{"taxonomy":"product_tag","embeddable":true,"href":"https:\/\/repliquemangacine.fr\/de\/wp-json\/wp\/v2\/product_tag?post=90628"}],"curies":[{"name":"wp","href":"https:\/\/api.w.org\/{rel}","templated":true}]}}