





{"id":90620,"date":"2025-11-14T15:00:12","date_gmt":"2025-11-14T14:00:12","guid":{"rendered":"https:\/\/repliquemangacine.fr\/?post_type=product&#038;p=90620"},"modified":"2026-02-19T11:39:49","modified_gmt":"2026-02-19T10:39:49","slug":"langschwert-des-konigs-demon-sung-jin-woo","status":"publish","type":"product","link":"https:\/\/repliquemangacine.fr\/de\/solo-leveling\/epee-longue-du-roi-demon-sung-jin-woo\/","title":{"rendered":"Das Langschwert des D\u00e4monenk\u00f6nigs - Sung Jin-Woo"},"content":{"rendered":"<h2>Eine beeindruckende Nachbildung des Langen Schwerts des D\u00e4monenk\u00f6nigs<\/h2>\n<p>Zun\u00e4chst einmal ist diese <strong>Langschwert des D\u00e4monenk\u00f6nigs<\/strong>, Die Solo Leveling-Klinge hat eine bemerkenswerte Pr\u00e4senz. Die violette Stahlklinge ist mit dunklen Mustern verziert und erinnert an die bedrohliche Aura der Originalwaffe. Der mit aggressiven Formen geschnitzte Vollstahlb\u00fcgel verst\u00e4rkt seinen d\u00e4monischen Stil. Der wie eine Spitze geschliffene Metallknauf f\u00fcgt ein perfektes Finish hinzu. Der Metallgriff, der mit einem Baumwollriemen umwickelt ist, sorgt f\u00fcr einen stabilen Halt. Das Schwert wird mit einer Wandhalterung aus Holz geliefert, die sich ideal f\u00fcr eine Ausstellung eignet, die den gr\u00f6\u00dften J\u00e4gern w\u00fcrdig ist. Zusammenfassend l\u00e4sst sich sagen, dass diese Replik die ganze visuelle Kraft des D\u00e4monenk\u00f6nigs vermittelt.<\/p>\n<h2>Sung Jin-Woo, ein J\u00e4ger, der zum Schattenherrscher wurde<\/h2>\n<p><a href=\"https:\/\/solo-leveling.fandom.com\/wiki\/Sung_Jinwoo\" target=\"_blank\" rel=\"noopener noreferrer\">Sung Jin-Woo<\/a> beginnt seine Geschichte als einfacher, schwacher J\u00e4ger. Dennoch \u00e4ndert sich sein Schicksal, als er eine einzigartige F\u00e4higkeit erlangt. Danach entwickelt er sich mit unglaublicher Geschwindigkeit weiter. Jeder Kampf bringt ihn seiner wahren Natur n\u00e4her. Sein Stil beruht auf einer au\u00dfergew\u00f6hnlichen Z\u00e4higkeit. Mit jedem Level steigt seine Waffenbeherrschung. Er wird zu einer mythischen Figur. Seine Klingen spiegeln seine zunehmende Macht wider. Sie verdeutlichen auch seine Verbindung zu den Schatten. Sung Jin-Woo verk\u00f6rpert absolute Entschlossenheit in einer gef\u00e4hrlichen Welt. Sein Aufstieg bleibt einer der markantesten in Manhwa.<\/p>\n<h2>Entdecken Sie weitere ikonische Waffen von Solo Leveling auf R\u00e9plique Manga Cin\u00e9<\/h2>\n<p>Ihre Sammlung kann mit mehreren Repliken, die aus Solo Leveling gezogen wurden, erweitert werden. Sie finden die erhabene <a href=\"https:\/\/repliquemangacine.fr\/de\/solo-leveling\/dolch-augen-des-konigs-demon-solo-leveling\/\">Dolch Auge des D\u00e4monenk\u00f6nigs<\/a>, Eine scharfe Waffe mit einem geheimnisvollen Stil. Es gibt auch die <a href=\"https:\/\/repliquemangacine.fr\/de\/solo-leveling\/dague-knight-killer-solo-leveling\/\">Knight Killer Dolch<\/a>, Sung Jin-Woo's ikonischer Film, ein Symbol f\u00fcr seinen Aufstieg. Sie werden auch die <a href=\"https:\/\/repliquemangacine.fr\/de\/solo-leveling\/kasakas-venom-fang-solo-leveling\/\">Dolch Kasaka's Venom Fang<\/a>, Die Serie \"Giftzahn\" von Kasaka ist f\u00fcr ihr furchteinfl\u00f6\u00dfendes Design bekannt. Jedes St\u00fcck verleiht der Manhwa-Kollektion einen dunklen und eleganten Touch. Sie bieten auch die M\u00f6glichkeit, die Entwicklung des Helden durch seine ber\u00fchmtesten Waffen nachzuempfinden.<\/p>","protected":false},"excerpt":{"rendered":"<p>Manipulieren Sie die Macht des D\u00e4monenk\u00f6nigs mit einer violetten Klinge, die so dunkel ist wie der Schatten von Sung Jin-Woo.<\/p>\n<ul>\n<li>Violette Stahlklinge mit schwarzen Schattierungen<\/li>\n<li>Speziell geformtes Schutzblech und Knauf aus Plei-Stahl<\/li>\n<li>Metallgriff umgeben von braunen Baumwollriemen f\u00fcr einen guten Griff<\/li>\n<li>Wird mit seiner Wandplatte aus Holz geliefert<\/li>\n<li>L\u00e4nge der Klinge: 80cm - Gesamtl\u00e4nge: 108.5 cm<\/li>\n<li>Gewicht: 1650 g<\/li>\n<\/ul>","protected":false},"featured_media":90624,"template":"","meta":[],"product_brand":[],"product_cat":[895],"product_tag":[],"class_list":{"0":"post-90620","1":"product","2":"type-product","3":"status-publish","4":"has-post-thumbnail","6":"product_cat-solo-leveling","8":"first","9":"instock","10":"taxable","11":"shipping-taxable","12":"purchasable","13":"product-type-simple"},"yoast_head":"<!-- This site is optimized with the Yoast SEO plugin v27.4 - https:\/\/yoast.com\/product\/yoast-seo-wordpress\/ -->\n<title>\u00c9p\u00e9e Longue du Roi D\u00e9mon - Sung Jin-Woo - Solo Leveling - RMC<\/title>\n<meta name=\"description\" content=\"\u00c9p\u00e9e Longue du Roi D\u00e9mon de Solo Leveling, lame violette acier et garde sculpt\u00e9e. Une r\u00e9plique puissante pour tout fan de Sung Jin-Woo.\" \/>\n<meta name=\"robots\" content=\"index, follow, max-snippet:-1, max-image-preview:large, max-video-preview:-1\" \/>\n<link rel=\"canonical\" href=\"https:\/\/repliquemangacine.fr\/de\/solo-leveling\/langschwert-des-konigs-demon-sung-jin-woo\/\" \/>\n<meta property=\"og:locale\" content=\"de_DE\" \/>\n<meta property=\"og:type\" content=\"article\" \/>\n<meta property=\"og:title\" content=\"\u00c9p\u00e9e Longue du Roi D\u00e9mon - Sung Jin-Woo - Solo Leveling - RMC\" \/>\n<meta property=\"og:description\" content=\"\u00c9p\u00e9e Longue du Roi D\u00e9mon de Solo Leveling, lame violette acier et garde sculpt\u00e9e. Une r\u00e9plique puissante pour tout fan de Sung Jin-Woo.\" \/>\n<meta property=\"og:url\" content=\"https:\/\/repliquemangacine.fr\/de\/solo-leveling\/langschwert-des-konigs-demon-sung-jin-woo\/\" \/>\n<meta property=\"og:site_name\" content=\"R\u00e9plique Manga Cin\u00e9\" \/>\n<meta property=\"article:publisher\" content=\"https:\/\/www.facebook.com\/RepliqueMangaCine\" \/>\n<meta property=\"article:modified_time\" content=\"2026-02-19T10:39:49+00:00\" \/>\n<meta property=\"og:image\" content=\"https:\/\/repliquemangacine.fr\/wp-content\/uploads\/2025\/11\/Epee-Roi-Demon-Sung-Jin-Woo.jpg\" \/>\n\t<meta property=\"og:image:width\" content=\"700\" \/>\n\t<meta property=\"og:image:height\" content=\"700\" \/>\n\t<meta property=\"og:image:type\" content=\"image\/jpeg\" \/>\n<meta name=\"twitter:card\" content=\"summary_large_image\" \/>\n<meta name=\"twitter:label1\" content=\"Gesch\u00e4tzte Lesezeit\" \/>\n\t<meta name=\"twitter:data1\" content=\"2\u00a0Minuten\" \/>\n<script type=\"application\/ld+json\" class=\"yoast-schema-graph\">{\"@context\":\"https:\\\/\\\/schema.org\",\"@graph\":[{\"@type\":\"WebPage\",\"@id\":\"https:\\\/\\\/repliquemangacine.fr\\\/solo-leveling\\\/epee-longue-du-roi-demon-sung-jin-woo\\\/\",\"url\":\"https:\\\/\\\/repliquemangacine.fr\\\/solo-leveling\\\/epee-longue-du-roi-demon-sung-jin-woo\\\/\",\"name\":\"\u00c9p\u00e9e Longue du Roi D\u00e9mon - Sung Jin-Woo - Solo Leveling - RMC\",\"isPartOf\":{\"@id\":\"https:\\\/\\\/repliquemangacine.fr\\\/#website\"},\"primaryImageOfPage\":{\"@id\":\"https:\\\/\\\/repliquemangacine.fr\\\/solo-leveling\\\/epee-longue-du-roi-demon-sung-jin-woo\\\/#primaryimage\"},\"image\":{\"@id\":\"https:\\\/\\\/repliquemangacine.fr\\\/solo-leveling\\\/epee-longue-du-roi-demon-sung-jin-woo\\\/#primaryimage\"},\"thumbnailUrl\":\"https:\\\/\\\/repliquemangacine.fr\\\/wp-content\\\/uploads\\\/2025\\\/11\\\/Epee-Roi-Demon-Sung-Jin-Woo.jpg\",\"datePublished\":\"2025-11-14T14:00:12+00:00\",\"dateModified\":\"2026-02-19T10:39:49+00:00\",\"description\":\"\u00c9p\u00e9e Longue du Roi D\u00e9mon de Solo Leveling, lame violette acier et garde sculpt\u00e9e. Une r\u00e9plique puissante pour tout fan de Sung Jin-Woo.\",\"breadcrumb\":{\"@id\":\"https:\\\/\\\/repliquemangacine.fr\\\/solo-leveling\\\/epee-longue-du-roi-demon-sung-jin-woo\\\/#breadcrumb\"},\"inLanguage\":\"de\",\"potentialAction\":[{\"@type\":\"ReadAction\",\"target\":[\"https:\\\/\\\/repliquemangacine.fr\\\/solo-leveling\\\/epee-longue-du-roi-demon-sung-jin-woo\\\/\"]}]},{\"@type\":\"ImageObject\",\"inLanguage\":\"de\",\"@id\":\"https:\\\/\\\/repliquemangacine.fr\\\/solo-leveling\\\/epee-longue-du-roi-demon-sung-jin-woo\\\/#primaryimage\",\"url\":\"https:\\\/\\\/repliquemangacine.fr\\\/wp-content\\\/uploads\\\/2025\\\/11\\\/Epee-Roi-Demon-Sung-Jin-Woo.jpg\",\"contentUrl\":\"https:\\\/\\\/repliquemangacine.fr\\\/wp-content\\\/uploads\\\/2025\\\/11\\\/Epee-Roi-Demon-Sung-Jin-Woo.jpg\",\"width\":700,\"height\":700,\"caption\":\"\u00c9p\u00e9e Longue du Roi D\u00e9mon solo leveling\"},{\"@type\":\"BreadcrumbList\",\"@id\":\"https:\\\/\\\/repliquemangacine.fr\\\/solo-leveling\\\/epee-longue-du-roi-demon-sung-jin-woo\\\/#breadcrumb\",\"itemListElement\":[{\"@type\":\"ListItem\",\"position\":1,\"name\":\"Accueil\",\"item\":\"https:\\\/\\\/repliquemangacine.fr\\\/\"},{\"@type\":\"ListItem\",\"position\":2,\"name\":\"Produits\",\"item\":\"https:\\\/\\\/repliquemangacine.fr\\\/boutique\\\/\"},{\"@type\":\"ListItem\",\"position\":3,\"name\":\"\u00c9p\u00e9e Longue du Roi D\u00e9mon &#8211; Sung Jin-Woo\"}]},{\"@type\":\"WebSite\",\"@id\":\"https:\\\/\\\/repliquemangacine.fr\\\/#website\",\"url\":\"https:\\\/\\\/repliquemangacine.fr\\\/\",\"name\":\"R\u00e9plique Manga Cin\u00e9\",\"description\":\"\",\"publisher\":{\"@id\":\"https:\\\/\\\/repliquemangacine.fr\\\/#organization\"},\"potentialAction\":[{\"@type\":\"SearchAction\",\"target\":{\"@type\":\"EntryPoint\",\"urlTemplate\":\"https:\\\/\\\/repliquemangacine.fr\\\/?s={search_term_string}\"},\"query-input\":{\"@type\":\"PropertyValueSpecification\",\"valueRequired\":true,\"valueName\":\"search_term_string\"}}],\"inLanguage\":\"de\"},{\"@type\":\"Organization\",\"@id\":\"https:\\\/\\\/repliquemangacine.fr\\\/#organization\",\"name\":\"R\u00e9plique Manga Cin\u00e9\",\"url\":\"https:\\\/\\\/repliquemangacine.fr\\\/\",\"logo\":{\"@type\":\"ImageObject\",\"inLanguage\":\"de\",\"@id\":\"https:\\\/\\\/repliquemangacine.fr\\\/#\\\/schema\\\/logo\\\/image\\\/\",\"url\":\"https:\\\/\\\/repliquemangacine.fr\\\/wp-content\\\/uploads\\\/2023\\\/10\\\/RMC-500250.png\",\"contentUrl\":\"https:\\\/\\\/repliquemangacine.fr\\\/wp-content\\\/uploads\\\/2023\\\/10\\\/RMC-500250.png\",\"width\":500,\"height\":250,\"caption\":\"R\u00e9plique Manga Cin\u00e9\"},\"image\":{\"@id\":\"https:\\\/\\\/repliquemangacine.fr\\\/#\\\/schema\\\/logo\\\/image\\\/\"},\"sameAs\":[\"https:\\\/\\\/www.facebook.com\\\/RepliqueMangaCine\",\"https:\\\/\\\/www.instagram.com\\\/repliquemangacine.fr\\\/\"]}]}<\/script>\n<!-- \/ Yoast SEO plugin. -->","yoast_head_json":{"title":"Langschwert des D\u00e4monenk\u00f6nigs - Sung Jin-Woo - Solo Leveling - RMC","description":"Solo Levelings Langes Schwert des D\u00e4monenk\u00f6nigs mit violetter Stahlklinge und geschnitztem Heft. Eine m\u00e4chtige Replik f\u00fcr jeden Fan von Sung Jin-Woo.","robots":{"index":"index","follow":"follow","max-snippet":"max-snippet:-1","max-image-preview":"max-image-preview:large","max-video-preview":"max-video-preview:-1"},"canonical":"https:\/\/repliquemangacine.fr\/de\/solo-leveling\/langschwert-des-konigs-demon-sung-jin-woo\/","og_locale":"de_DE","og_type":"article","og_title":"\u00c9p\u00e9e Longue du Roi D\u00e9mon - Sung Jin-Woo - Solo Leveling - RMC","og_description":"\u00c9p\u00e9e Longue du Roi D\u00e9mon de Solo Leveling, lame violette acier et garde sculpt\u00e9e. Une r\u00e9plique puissante pour tout fan de Sung Jin-Woo.","og_url":"https:\/\/repliquemangacine.fr\/de\/solo-leveling\/langschwert-des-konigs-demon-sung-jin-woo\/","og_site_name":"R\u00e9plique Manga Cin\u00e9","article_publisher":"https:\/\/www.facebook.com\/RepliqueMangaCine","article_modified_time":"2026-02-19T10:39:49+00:00","og_image":[{"width":700,"height":700,"url":"https:\/\/repliquemangacine.fr\/wp-content\/uploads\/2025\/11\/Epee-Roi-Demon-Sung-Jin-Woo.jpg","type":"image\/jpeg"}],"twitter_card":"summary_large_image","twitter_misc":{"Gesch\u00e4tzte Lesezeit":"2\u00a0Minuten"},"schema":{"@context":"https:\/\/schema.org","@graph":[{"@type":"WebPage","@id":"https:\/\/repliquemangacine.fr\/solo-leveling\/epee-longue-du-roi-demon-sung-jin-woo\/","url":"https:\/\/repliquemangacine.fr\/solo-leveling\/epee-longue-du-roi-demon-sung-jin-woo\/","name":"Langschwert des D\u00e4monenk\u00f6nigs - Sung Jin-Woo - Solo Leveling - RMC","isPartOf":{"@id":"https:\/\/repliquemangacine.fr\/#website"},"primaryImageOfPage":{"@id":"https:\/\/repliquemangacine.fr\/solo-leveling\/epee-longue-du-roi-demon-sung-jin-woo\/#primaryimage"},"image":{"@id":"https:\/\/repliquemangacine.fr\/solo-leveling\/epee-longue-du-roi-demon-sung-jin-woo\/#primaryimage"},"thumbnailUrl":"https:\/\/repliquemangacine.fr\/wp-content\/uploads\/2025\/11\/Epee-Roi-Demon-Sung-Jin-Woo.jpg","datePublished":"2025-11-14T14:00:12+00:00","dateModified":"2026-02-19T10:39:49+00:00","description":"Solo Levelings Langes Schwert des D\u00e4monenk\u00f6nigs mit violetter Stahlklinge und geschnitztem Heft. Eine m\u00e4chtige Replik f\u00fcr jeden Fan von Sung Jin-Woo.","breadcrumb":{"@id":"https:\/\/repliquemangacine.fr\/solo-leveling\/epee-longue-du-roi-demon-sung-jin-woo\/#breadcrumb"},"inLanguage":"de","potentialAction":[{"@type":"ReadAction","target":["https:\/\/repliquemangacine.fr\/solo-leveling\/epee-longue-du-roi-demon-sung-jin-woo\/"]}]},{"@type":"ImageObject","inLanguage":"de","@id":"https:\/\/repliquemangacine.fr\/solo-leveling\/epee-longue-du-roi-demon-sung-jin-woo\/#primaryimage","url":"https:\/\/repliquemangacine.fr\/wp-content\/uploads\/2025\/11\/Epee-Roi-Demon-Sung-Jin-Woo.jpg","contentUrl":"https:\/\/repliquemangacine.fr\/wp-content\/uploads\/2025\/11\/Epee-Roi-Demon-Sung-Jin-Woo.jpg","width":700,"height":700,"caption":"\u00c9p\u00e9e Longue du Roi D\u00e9mon solo leveling"},{"@type":"BreadcrumbList","@id":"https:\/\/repliquemangacine.fr\/solo-leveling\/epee-longue-du-roi-demon-sung-jin-woo\/#breadcrumb","itemListElement":[{"@type":"ListItem","position":1,"name":"Accueil","item":"https:\/\/repliquemangacine.fr\/"},{"@type":"ListItem","position":2,"name":"Produits","item":"https:\/\/repliquemangacine.fr\/boutique\/"},{"@type":"ListItem","position":3,"name":"\u00c9p\u00e9e Longue du Roi D\u00e9mon &#8211; Sung Jin-Woo"}]},{"@type":"WebSite","@id":"https:\/\/repliquemangacine.fr\/#website","url":"https:\/\/repliquemangacine.fr\/","name":"R\u00e9plique Manga Cin\u00e9","description":"","publisher":{"@id":"https:\/\/repliquemangacine.fr\/#organization"},"potentialAction":[{"@type":"SearchAction","target":{"@type":"EntryPoint","urlTemplate":"https:\/\/repliquemangacine.fr\/?s={search_term_string}"},"query-input":{"@type":"PropertyValueSpecification","valueRequired":true,"valueName":"search_term_string"}}],"inLanguage":"de"},{"@type":"Organization","@id":"https:\/\/repliquemangacine.fr\/#organization","name":"R\u00e9plique Manga Cin\u00e9","url":"https:\/\/repliquemangacine.fr\/","logo":{"@type":"ImageObject","inLanguage":"de","@id":"https:\/\/repliquemangacine.fr\/#\/schema\/logo\/image\/","url":"https:\/\/repliquemangacine.fr\/wp-content\/uploads\/2023\/10\/RMC-500250.png","contentUrl":"https:\/\/repliquemangacine.fr\/wp-content\/uploads\/2023\/10\/RMC-500250.png","width":500,"height":250,"caption":"R\u00e9plique Manga Cin\u00e9"},"image":{"@id":"https:\/\/repliquemangacine.fr\/#\/schema\/logo\/image\/"},"sameAs":["https:\/\/www.facebook.com\/RepliqueMangaCine","https:\/\/www.instagram.com\/repliquemangacine.fr\/"]}]}},"_links":{"self":[{"href":"https:\/\/repliquemangacine.fr\/de\/wp-json\/wp\/v2\/product\/90620","targetHints":{"allow":["GET"]}}],"collection":[{"href":"https:\/\/repliquemangacine.fr\/de\/wp-json\/wp\/v2\/product"}],"about":[{"href":"https:\/\/repliquemangacine.fr\/de\/wp-json\/wp\/v2\/types\/product"}],"wp:featuredmedia":[{"embeddable":true,"href":"https:\/\/repliquemangacine.fr\/de\/wp-json\/wp\/v2\/media\/90624"}],"wp:attachment":[{"href":"https:\/\/repliquemangacine.fr\/de\/wp-json\/wp\/v2\/media?parent=90620"}],"wp:term":[{"taxonomy":"product_brand","embeddable":true,"href":"https:\/\/repliquemangacine.fr\/de\/wp-json\/wp\/v2\/product_brand?post=90620"},{"taxonomy":"product_cat","embeddable":true,"href":"https:\/\/repliquemangacine.fr\/de\/wp-json\/wp\/v2\/product_cat?post=90620"},{"taxonomy":"product_tag","embeddable":true,"href":"https:\/\/repliquemangacine.fr\/de\/wp-json\/wp\/v2\/product_tag?post=90620"}],"curies":[{"name":"wp","href":"https:\/\/api.w.org\/{rel}","templated":true}]}}