





{"id":90602,"date":"2025-11-14T12:13:29","date_gmt":"2025-11-14T11:13:29","guid":{"rendered":"https:\/\/repliquemangacine.fr\/?post_type=product&#038;p=90602"},"modified":"2026-04-17T16:13:48","modified_gmt":"2026-04-17T14:13:48","slug":"katana-deadpool-bea-arthur","status":"publish","type":"product","link":"https:\/\/repliquemangacine.fr\/de\/super-heros-marvel\/katana-deadpool-bea-arthur\/","title":{"rendered":"Katana Deadpool Bea Arthur"},"content":{"rendered":"<h2>Katana Deadpool Bea Arthur - ein Duo, das so verr\u00fcckt ist wie der Held selbst<\/h2>\n<p>Zun\u00e4chst einmal ist dieser Satz von <strong>Katana Deadpool Bea Arthur<\/strong> ist eine Hommage an den frechsten S\u00f6ldner der Welt.\u2019<a href=\"https:\/\/universcinematographiquemarvel.fandom.com\/fr\/wiki\/Univers_cin%C3%A9matographique_Marvel\" target=\"_blank\" rel=\"noopener noreferrer\">Marvel-Universum<\/a>. Die beiden Stahlklingen haben gelbe R\u00e4nder, die an seinen einzigartigen Stil erinnern. Die verzierten Schutzschilde zeigen ein Design, das von Deadpools Emblem inspiriert ist. Die schwarz lackierte Holzscheide sorgt f\u00fcr ein elegantes Finish. Die Kn\u00e4ufe tragen die Aufschriften \u201cBea\u201d und \u201cArthur\u201d, eine Anspielung auf seinen schr\u00e4gen Humor. Das R\u00fcckenholster erm\u00f6glicht eine dynamische Pr\u00e4sentation. Diese Repliken bieten einen perfekten Realismus f\u00fcr jeden Fan des Charakters. Sie verk\u00f6rpern den respektlosen Geist des Helden mit den furchterregenden Waffen.<\/p>\n<h2>Deadpool, ein unberechenbarer S\u00f6ldner mit legend\u00e4ren Katanas<\/h2>\n<p>Deadpool benutzt seine Katanas als Verl\u00e4ngerung seiner Pers\u00f6nlichkeit. Er k\u00e4mpft trotz seiner anarchischen Haltung mit wahnsinniger Pr\u00e4zision. Seine Schwerter werden zu Zeugen seiner chaotischsten Missionen. Sie symbolisieren auch seine dunkle Vergangenheit. Das Duo \u201cBea\u201d und \u201cArthur\u201d enth\u00fcllt seinen Sinn f\u00fcr sauren Humor. Trotz seiner Witze stellt sich Deadpool seinen Gegnern mit Effizienz entgegen. Seine schnelle Regeneration verst\u00e4rkt seinen rohen Kampfstil. Sein Waffengebrauch wird fast schon choreographiert. Er zeigt dann eine beeindruckende Meisterschaft. Jeder Auftritt des Helden vermischt Gewalt mit Humor und schafft so unvergessliche Szenen.<\/p>\n<h2>Entdecke weitere Marvel- und DC-Repliken auf R\u00e9plique Manga Cin\u00e9<\/h2>\n<p>Ihre Sammlung kann mit weiteren unverzichtbaren St\u00fccken aus der heroischen Filmgeschichte erweitert werden. Sie k\u00f6nnen die Nachbildung des <a href=\"https:\/\/repliquemangacine.fr\/de\/marvel-super-heros\/arc-reactor-mk1-iron-man-herz-reaktor\/\">Iron Mans Bogenreaktor MK1<\/a>, ein Symbol f\u00fcr Genie und Opferbereitschaft. Sie finden auch die gesamte <a href=\"https:\/\/repliquemangacine.fr\/de\/marvel-super-heros\/dolche-von-drax-die-wachter-der-galaxis\/\">zwei Dolche von Drax<\/a>, aus Guardians of the Galaxy, die sich perfekt f\u00fcr Liebhaber ikonischer Waffen eignen. Und schlie\u00dflich k\u00f6nnen Sie die 1:1-Replik des <a href=\"https:\/\/repliquemangacine.fr\/de\/marvel-super-heros\/dreizack-daquaman-210-cm-metal\/\">Dreizack von Arthur Curry<\/a>, die mythische Waffe von Aquaman. Jedes St\u00fcck bringt eine einzigartige visuelle Kraft mit sich. Sie verwandeln eine Sammlung in eine echte Hommage an das Marvel- und DC-Universum. Sie bereichern auch jede Vitrine, die den modernen Helden gewidmet ist.<\/p>","protected":false},"excerpt":{"rendered":"<p>Die Katanas Bea und Arthur, Kultwaffen von Deadpool, kommen als explosives Duo, um Ihre Marvel-Sammlung aufzupeppen.<\/p>\n<ul>\n<li>Die Klingen sind aus 440er Stahl mit gelbem Rand.<\/li>\n<li>Metallgarde mit Deadpool-Emblem<\/li>\n<li>Schwarz lackierte Holzscheide<\/li>\n<li>Bommeln tragen die Aufschrift Bea Arthur<\/li>\n<li>Wird mit R\u00fcckentasche geliefert<\/li>\n<li>L\u00e4nge der Klingen: 65 cm - Gesamtl\u00e4nge: 104 cm<\/li>\n<li>Gewicht: 855 g<\/li>\n<\/ul>","protected":false},"featured_media":90605,"template":"","meta":[],"product_brand":[],"product_cat":[24,59],"product_tag":[],"class_list":{"0":"post-90602","1":"product","2":"type-product","3":"status-publish","4":"has-post-thumbnail","6":"product_cat-films-series-tv-vente-de-katana-epee-et-produits-derives","7":"product_cat-super-heros-marvel","9":"first","10":"instock","11":"taxable","12":"shipping-taxable","13":"purchasable","14":"product-type-simple"},"yoast_head":"<!-- This site is optimized with the Yoast SEO plugin v27.4 - https:\/\/yoast.com\/product\/yoast-seo-wordpress\/ -->\n<title>Katana Deadpool Bea Arthur - R\u00e9plique Manga Cin\u00e9<\/title>\n<meta name=\"description\" content=\"Ensemble de deux Katana Deadpool Bea Arthur, lames acier, \u00e9tui dorsal et finitions d\u00e9taill\u00e9es. R\u00e9plique incontournable pour tout fan du mercenaire Marvel.\" \/>\n<meta name=\"robots\" content=\"index, follow, max-snippet:-1, max-image-preview:large, max-video-preview:-1\" \/>\n<link rel=\"canonical\" href=\"https:\/\/repliquemangacine.fr\/de\/marvel-super-heros\/katana-deadpool-bea-arthur\/\" \/>\n<meta property=\"og:locale\" content=\"de_DE\" \/>\n<meta property=\"og:type\" content=\"article\" \/>\n<meta property=\"og:title\" content=\"Katana Deadpool Bea Arthur - R\u00e9plique Manga Cin\u00e9\" \/>\n<meta property=\"og:description\" content=\"Ensemble de deux Katana Deadpool Bea Arthur, lames acier, \u00e9tui dorsal et finitions d\u00e9taill\u00e9es. R\u00e9plique incontournable pour tout fan du mercenaire Marvel.\" \/>\n<meta property=\"og:url\" content=\"https:\/\/repliquemangacine.fr\/de\/marvel-super-heros\/katana-deadpool-bea-arthur\/\" \/>\n<meta property=\"og:site_name\" content=\"R\u00e9plique Manga Cin\u00e9\" \/>\n<meta property=\"article:publisher\" content=\"https:\/\/www.facebook.com\/RepliqueMangaCine\" \/>\n<meta property=\"article:modified_time\" content=\"2026-04-17T14:13:48+00:00\" \/>\n<meta property=\"og:image\" content=\"https:\/\/repliquemangacine.fr\/wp-content\/uploads\/2025\/11\/Katana-Deedpool-Bea-Arthur.jpg\" \/>\n\t<meta property=\"og:image:width\" content=\"600\" \/>\n\t<meta property=\"og:image:height\" content=\"600\" \/>\n\t<meta property=\"og:image:type\" content=\"image\/jpeg\" \/>\n<meta name=\"twitter:card\" content=\"summary_large_image\" \/>\n<meta name=\"twitter:label1\" content=\"Gesch\u00e4tzte Lesezeit\" \/>\n\t<meta name=\"twitter:data1\" content=\"2\u00a0Minuten\" \/>\n<script type=\"application\/ld+json\" class=\"yoast-schema-graph\">{\"@context\":\"https:\\\/\\\/schema.org\",\"@graph\":[{\"@type\":\"WebPage\",\"@id\":\"https:\\\/\\\/repliquemangacine.fr\\\/super-heros-marvel\\\/katana-deadpool-bea-arthur\\\/\",\"url\":\"https:\\\/\\\/repliquemangacine.fr\\\/super-heros-marvel\\\/katana-deadpool-bea-arthur\\\/\",\"name\":\"Katana Deadpool Bea Arthur - R\u00e9plique Manga Cin\u00e9\",\"isPartOf\":{\"@id\":\"https:\\\/\\\/repliquemangacine.fr\\\/#website\"},\"primaryImageOfPage\":{\"@id\":\"https:\\\/\\\/repliquemangacine.fr\\\/super-heros-marvel\\\/katana-deadpool-bea-arthur\\\/#primaryimage\"},\"image\":{\"@id\":\"https:\\\/\\\/repliquemangacine.fr\\\/super-heros-marvel\\\/katana-deadpool-bea-arthur\\\/#primaryimage\"},\"thumbnailUrl\":\"https:\\\/\\\/repliquemangacine.fr\\\/wp-content\\\/uploads\\\/2025\\\/11\\\/Katana-Deedpool-Bea-Arthur.jpg\",\"datePublished\":\"2025-11-14T11:13:29+00:00\",\"dateModified\":\"2026-04-17T14:13:48+00:00\",\"description\":\"Ensemble de deux Katana Deadpool Bea Arthur, lames acier, \u00e9tui dorsal et finitions d\u00e9taill\u00e9es. R\u00e9plique incontournable pour tout fan du mercenaire Marvel.\",\"breadcrumb\":{\"@id\":\"https:\\\/\\\/repliquemangacine.fr\\\/super-heros-marvel\\\/katana-deadpool-bea-arthur\\\/#breadcrumb\"},\"inLanguage\":\"de\",\"potentialAction\":[{\"@type\":\"ReadAction\",\"target\":[\"https:\\\/\\\/repliquemangacine.fr\\\/super-heros-marvel\\\/katana-deadpool-bea-arthur\\\/\"]}]},{\"@type\":\"ImageObject\",\"inLanguage\":\"de\",\"@id\":\"https:\\\/\\\/repliquemangacine.fr\\\/super-heros-marvel\\\/katana-deadpool-bea-arthur\\\/#primaryimage\",\"url\":\"https:\\\/\\\/repliquemangacine.fr\\\/wp-content\\\/uploads\\\/2025\\\/11\\\/Katana-Deedpool-Bea-Arthur.jpg\",\"contentUrl\":\"https:\\\/\\\/repliquemangacine.fr\\\/wp-content\\\/uploads\\\/2025\\\/11\\\/Katana-Deedpool-Bea-Arthur.jpg\",\"width\":600,\"height\":600,\"caption\":\"Katana Deadpool Bea Arthur de l'univers Marvel\"},{\"@type\":\"BreadcrumbList\",\"@id\":\"https:\\\/\\\/repliquemangacine.fr\\\/super-heros-marvel\\\/katana-deadpool-bea-arthur\\\/#breadcrumb\",\"itemListElement\":[{\"@type\":\"ListItem\",\"position\":1,\"name\":\"Accueil\",\"item\":\"https:\\\/\\\/repliquemangacine.fr\\\/\"},{\"@type\":\"ListItem\",\"position\":2,\"name\":\"Produits\",\"item\":\"https:\\\/\\\/repliquemangacine.fr\\\/boutique\\\/\"},{\"@type\":\"ListItem\",\"position\":3,\"name\":\"Katana Deadpool Bea Arthur\"}]},{\"@type\":\"WebSite\",\"@id\":\"https:\\\/\\\/repliquemangacine.fr\\\/#website\",\"url\":\"https:\\\/\\\/repliquemangacine.fr\\\/\",\"name\":\"R\u00e9plique Manga Cin\u00e9\",\"description\":\"\",\"publisher\":{\"@id\":\"https:\\\/\\\/repliquemangacine.fr\\\/#organization\"},\"potentialAction\":[{\"@type\":\"SearchAction\",\"target\":{\"@type\":\"EntryPoint\",\"urlTemplate\":\"https:\\\/\\\/repliquemangacine.fr\\\/?s={search_term_string}\"},\"query-input\":{\"@type\":\"PropertyValueSpecification\",\"valueRequired\":true,\"valueName\":\"search_term_string\"}}],\"inLanguage\":\"de\"},{\"@type\":\"Organization\",\"@id\":\"https:\\\/\\\/repliquemangacine.fr\\\/#organization\",\"name\":\"R\u00e9plique Manga Cin\u00e9\",\"url\":\"https:\\\/\\\/repliquemangacine.fr\\\/\",\"logo\":{\"@type\":\"ImageObject\",\"inLanguage\":\"de\",\"@id\":\"https:\\\/\\\/repliquemangacine.fr\\\/#\\\/schema\\\/logo\\\/image\\\/\",\"url\":\"https:\\\/\\\/repliquemangacine.fr\\\/wp-content\\\/uploads\\\/2023\\\/10\\\/RMC-500250.png\",\"contentUrl\":\"https:\\\/\\\/repliquemangacine.fr\\\/wp-content\\\/uploads\\\/2023\\\/10\\\/RMC-500250.png\",\"width\":500,\"height\":250,\"caption\":\"R\u00e9plique Manga Cin\u00e9\"},\"image\":{\"@id\":\"https:\\\/\\\/repliquemangacine.fr\\\/#\\\/schema\\\/logo\\\/image\\\/\"},\"sameAs\":[\"https:\\\/\\\/www.facebook.com\\\/RepliqueMangaCine\",\"https:\\\/\\\/www.instagram.com\\\/repliquemangacine.fr\\\/\"]}]}<\/script>\n<!-- \/ Yoast SEO plugin. -->","yoast_head_json":{"title":"Katana Deadpool Bea Arthur - R\u00e9plique Manga Cin\u00e9","description":"Set aus zwei Katana Deadpool Bea Arthur, Stahlklingen, R\u00fcckenholster und detaillierte Verarbeitung. Dieses Replikat ist ein Muss f\u00fcr jeden Fan des Marvel-S\u00f6ldners.","robots":{"index":"index","follow":"follow","max-snippet":"max-snippet:-1","max-image-preview":"max-image-preview:large","max-video-preview":"max-video-preview:-1"},"canonical":"https:\/\/repliquemangacine.fr\/de\/marvel-super-heros\/katana-deadpool-bea-arthur\/","og_locale":"de_DE","og_type":"article","og_title":"Katana Deadpool Bea Arthur - R\u00e9plique Manga Cin\u00e9","og_description":"Ensemble de deux Katana Deadpool Bea Arthur, lames acier, \u00e9tui dorsal et finitions d\u00e9taill\u00e9es. R\u00e9plique incontournable pour tout fan du mercenaire Marvel.","og_url":"https:\/\/repliquemangacine.fr\/de\/marvel-super-heros\/katana-deadpool-bea-arthur\/","og_site_name":"R\u00e9plique Manga Cin\u00e9","article_publisher":"https:\/\/www.facebook.com\/RepliqueMangaCine","article_modified_time":"2026-04-17T14:13:48+00:00","og_image":[{"width":600,"height":600,"url":"https:\/\/repliquemangacine.fr\/wp-content\/uploads\/2025\/11\/Katana-Deedpool-Bea-Arthur.jpg","type":"image\/jpeg"}],"twitter_card":"summary_large_image","twitter_misc":{"Gesch\u00e4tzte Lesezeit":"2\u00a0Minuten"},"schema":{"@context":"https:\/\/schema.org","@graph":[{"@type":"WebPage","@id":"https:\/\/repliquemangacine.fr\/super-heros-marvel\/katana-deadpool-bea-arthur\/","url":"https:\/\/repliquemangacine.fr\/super-heros-marvel\/katana-deadpool-bea-arthur\/","name":"Katana Deadpool Bea Arthur - R\u00e9plique Manga Cin\u00e9","isPartOf":{"@id":"https:\/\/repliquemangacine.fr\/#website"},"primaryImageOfPage":{"@id":"https:\/\/repliquemangacine.fr\/super-heros-marvel\/katana-deadpool-bea-arthur\/#primaryimage"},"image":{"@id":"https:\/\/repliquemangacine.fr\/super-heros-marvel\/katana-deadpool-bea-arthur\/#primaryimage"},"thumbnailUrl":"https:\/\/repliquemangacine.fr\/wp-content\/uploads\/2025\/11\/Katana-Deedpool-Bea-Arthur.jpg","datePublished":"2025-11-14T11:13:29+00:00","dateModified":"2026-04-17T14:13:48+00:00","description":"Set aus zwei Katana Deadpool Bea Arthur, Stahlklingen, R\u00fcckenholster und detaillierte Verarbeitung. Dieses Replikat ist ein Muss f\u00fcr jeden Fan des Marvel-S\u00f6ldners.","breadcrumb":{"@id":"https:\/\/repliquemangacine.fr\/super-heros-marvel\/katana-deadpool-bea-arthur\/#breadcrumb"},"inLanguage":"de","potentialAction":[{"@type":"ReadAction","target":["https:\/\/repliquemangacine.fr\/super-heros-marvel\/katana-deadpool-bea-arthur\/"]}]},{"@type":"ImageObject","inLanguage":"de","@id":"https:\/\/repliquemangacine.fr\/super-heros-marvel\/katana-deadpool-bea-arthur\/#primaryimage","url":"https:\/\/repliquemangacine.fr\/wp-content\/uploads\/2025\/11\/Katana-Deedpool-Bea-Arthur.jpg","contentUrl":"https:\/\/repliquemangacine.fr\/wp-content\/uploads\/2025\/11\/Katana-Deedpool-Bea-Arthur.jpg","width":600,"height":600,"caption":"Katana Deadpool Bea Arthur de l'univers Marvel"},{"@type":"BreadcrumbList","@id":"https:\/\/repliquemangacine.fr\/super-heros-marvel\/katana-deadpool-bea-arthur\/#breadcrumb","itemListElement":[{"@type":"ListItem","position":1,"name":"Accueil","item":"https:\/\/repliquemangacine.fr\/"},{"@type":"ListItem","position":2,"name":"Produits","item":"https:\/\/repliquemangacine.fr\/boutique\/"},{"@type":"ListItem","position":3,"name":"Katana Deadpool Bea Arthur"}]},{"@type":"WebSite","@id":"https:\/\/repliquemangacine.fr\/#website","url":"https:\/\/repliquemangacine.fr\/","name":"R\u00e9plique Manga Cin\u00e9","description":"","publisher":{"@id":"https:\/\/repliquemangacine.fr\/#organization"},"potentialAction":[{"@type":"SearchAction","target":{"@type":"EntryPoint","urlTemplate":"https:\/\/repliquemangacine.fr\/?s={search_term_string}"},"query-input":{"@type":"PropertyValueSpecification","valueRequired":true,"valueName":"search_term_string"}}],"inLanguage":"de"},{"@type":"Organization","@id":"https:\/\/repliquemangacine.fr\/#organization","name":"R\u00e9plique Manga Cin\u00e9","url":"https:\/\/repliquemangacine.fr\/","logo":{"@type":"ImageObject","inLanguage":"de","@id":"https:\/\/repliquemangacine.fr\/#\/schema\/logo\/image\/","url":"https:\/\/repliquemangacine.fr\/wp-content\/uploads\/2023\/10\/RMC-500250.png","contentUrl":"https:\/\/repliquemangacine.fr\/wp-content\/uploads\/2023\/10\/RMC-500250.png","width":500,"height":250,"caption":"R\u00e9plique Manga Cin\u00e9"},"image":{"@id":"https:\/\/repliquemangacine.fr\/#\/schema\/logo\/image\/"},"sameAs":["https:\/\/www.facebook.com\/RepliqueMangaCine","https:\/\/www.instagram.com\/repliquemangacine.fr\/"]}]}},"_links":{"self":[{"href":"https:\/\/repliquemangacine.fr\/de\/wp-json\/wp\/v2\/product\/90602","targetHints":{"allow":["GET"]}}],"collection":[{"href":"https:\/\/repliquemangacine.fr\/de\/wp-json\/wp\/v2\/product"}],"about":[{"href":"https:\/\/repliquemangacine.fr\/de\/wp-json\/wp\/v2\/types\/product"}],"wp:featuredmedia":[{"embeddable":true,"href":"https:\/\/repliquemangacine.fr\/de\/wp-json\/wp\/v2\/media\/90605"}],"wp:attachment":[{"href":"https:\/\/repliquemangacine.fr\/de\/wp-json\/wp\/v2\/media?parent=90602"}],"wp:term":[{"taxonomy":"product_brand","embeddable":true,"href":"https:\/\/repliquemangacine.fr\/de\/wp-json\/wp\/v2\/product_brand?post=90602"},{"taxonomy":"product_cat","embeddable":true,"href":"https:\/\/repliquemangacine.fr\/de\/wp-json\/wp\/v2\/product_cat?post=90602"},{"taxonomy":"product_tag","embeddable":true,"href":"https:\/\/repliquemangacine.fr\/de\/wp-json\/wp\/v2\/product_tag?post=90602"}],"curies":[{"name":"wp","href":"https:\/\/api.w.org\/{rel}","templated":true}]}}