





{"id":90255,"date":"2025-11-07T16:06:17","date_gmt":"2025-11-07T15:06:17","guid":{"rendered":"https:\/\/repliquemangacine.fr\/?post_type=product&#038;p=90255"},"modified":"2026-02-19T11:38:35","modified_gmt":"2026-02-19T10:38:35","slug":"englische-pistole-1840","status":"publish","type":"product","link":"https:\/\/repliquemangacine.fr\/de\/pistolet-ancien\/pistolet-anglais-1840\/","title":{"rendered":"Englische Pistole 1840"},"content":{"rendered":"<h2>Eigenschaften der Englischen Pistole 1840<\/h2>\n<p>Die englische Pistole 1840 <a href=\"https:\/\/www.denix.fr\/fr\/\" target=\"_blank\" rel=\"noopener noreferrer\">Denix<\/a> ist eine dekorative Replik, die von den Modellen inspiriert ist, die britische Offiziere im XIX\u1d49 Jahrhundert verwendeten. Es ist etwa 22,5 Zentimeter gro\u00df und kann daher leicht in einer Vitrine oder an einer Wand ausgestellt werden. Das Gestell besteht aus gegossenem Metall, das f\u00fcr ein solides, elegantes und originalgetreues Aussehen der historischen Waffen sorgt. Der Holzgriff sorgt f\u00fcr eine warme Note, die an alte Handwerkskunst und traditionelle Verarbeitung erinnert. Diese Pistole ist nicht funktional und nur zur Dekoration oder als Accessoire f\u00fcr historische Kleidung gedacht. Ihr Stil erinnert an Duelle, diplomatische Missionen und die britische Ehrengarde. Sie ist ein Symbol f\u00fcr Autorit\u00e4t, Auszeichnung und milit\u00e4risches Prestige. Dank seiner ausgewogenen Gr\u00f6\u00dfe findet er seinen Platz in einer spezialisierten Sammlung oder einer eleganten Dekoration. Dieses Modell richtet sich an Liebhaber historischer Waffen, die sich ein raffiniertes, schlichtes und authentisches St\u00fcck w\u00fcnschen.<\/p>\n<h2>Bedeutung und Besonderheit dieser Englischen Pistole 1840<\/h2>\n<p>Diese englische Pistole aus dem Jahr 1840 hat eine wichtige symbolische Dimension, da sie eine Epoche milit\u00e4rischer Eleganz und strenger Ehrenkodizes widerspiegelt. Sie erinnert an die Offiziere, die diese Waffen als Erweiterung ihres Status und ihrer Autorit\u00e4t trugen. So repr\u00e4sentiert diese dekorative Replik nicht nur einen Gegenstand, sondern auch eine Geschichte, die von Disziplin, Diplomatie und ma\u00dfvollen Duellen gepr\u00e4gt war. Dank der pr\u00e4zisen Metallverarbeitung verf\u00fcgt das St\u00fcck \u00fcber einen bestechenden Realismus, der sofort ins Auge f\u00e4llt. Sie eignet sich hervorragend f\u00fcr ein historisches Ambiente, sei es in einem Ausstellungsraum oder in einer B\u00fcroeinrichtung. Dar\u00fcber hinaus passt ihr Stil problemlos zu Theaterrekonstruktionen oder Kost\u00fcmveranstaltungen. So wird diese Pistole zu einem hervorragenden erz\u00e4hlerischen Mittel, um eine historische Szene zu bereichern.<\/p>\n<h2>Vervollst\u00e4ndigen Sie Ihre Sammlung mit R\u00e9pliqueMangaCin\u00e9<\/h2>\n<p>Schlie\u00dflich auf <strong>ReplikMangaKino<\/strong>, Wenn Sie einen Katan kaufen, k\u00f6nnen Sie eine umfangreiche Sammlung zusammenstellen, die verschiedene Welten, historische Epochen und ber\u00fchmte Legenden umfasst. Unser Shop bietet Katanas an, die von den bekanntesten Mangas wie One Piece, Demon Slayer, Bleach und Naruto inspiriert sind. Au\u00dferdem bieten wir mythische Schwerter aus Kultfilmen und -serien wie Der Herr der Ringe, Harry Potter oder Game of Thrones an. F\u00fcr Geschichtsinteressierte umfasst unser Katalog Piratenschwerter, antike Gladiatoren, mittelalterliche Schilde und <a href=\"https:\/\/repliquemangacine.fr\/de\/historische-waffen\/\">dekorative Kriegswaffen<\/a>. Jedes St\u00fcck wird nach seiner Verarbeitung, seiner visuellen Wirkung und seiner \u00e4sthetischen Authentizit\u00e4t ausgew\u00e4hlt. So kann jeder eine pers\u00f6nliche Vitrine aufbauen, die eine zusammenh\u00e4ngende und immersive Geschichte erz\u00e4hlt. Die Englische Pistole 1840 passt perfekt in diese vielf\u00e4ltigen Sammlungen, da sie einen eleganten und aristokratischen Touch verleiht. Aus diesem Grund,\u00a0 <strong>ReplikMangaKino<\/strong> begleitet jeden Enthusiasten mit Sorgfalt, Fachwissen und echter Leidenschaft.<\/p>","protected":false},"excerpt":{"rendered":"<p><strong>Technische Daten :<\/strong><\/p>\n<ul>\n<li>Materialien: gegossenes Metall und holz\u00e4hnlicher Griff<\/li>\n<li>Nicht funktionst\u00fcchtiges Replikat, zu Dekorationszwecken gedacht<\/li>\n<li>Stil englische Steinschlosspistole XIX\u1d49 Jahrhundert<\/li>\n<li>Perfekt f\u00fcr Sammlung, Reenactment und historisches Cosplay<\/li>\n<li>Gesamtl\u00e4nge: 22,5 cm<\/li>\n<li>Gewicht 968G<\/li>\n<li>Marke: Denix<\/li>\n<\/ul>","protected":false},"featured_media":90256,"template":"","meta":[],"product_brand":[],"product_cat":[102,52,28],"product_tag":[],"class_list":{"0":"post-90255","1":"product","2":"type-product","3":"status-publish","4":"has-post-thumbnail","6":"product_cat-denix","7":"product_cat-pistolet-ancien","8":"product_cat-repliques-darmes","10":"first","11":"instock","12":"featured","13":"taxable","14":"shipping-taxable","15":"purchasable","16":"product-type-simple"},"yoast_head":"<!-- This site is optimized with the Yoast SEO plugin v27.4 - https:\/\/yoast.com\/product\/yoast-seo-wordpress\/ -->\n<title>Pistolet Anglais 1840 | R\u00e9plique Manga Cin\u00e9<\/title>\n<meta name=\"description\" content=\"Pistolet anglais 1840 6 canons en r\u00e9plique d\u00e9corative m\u00e9tal et bois. Id\u00e9al pour collection, cosplay et d\u00e9coration historique.\" \/>\n<meta name=\"robots\" content=\"index, follow, max-snippet:-1, max-image-preview:large, max-video-preview:-1\" \/>\n<link rel=\"canonical\" href=\"https:\/\/repliquemangacine.fr\/de\/antike-pistole\/englische-pistole-1840\/\" \/>\n<meta property=\"og:locale\" content=\"de_DE\" \/>\n<meta property=\"og:type\" content=\"article\" \/>\n<meta property=\"og:title\" content=\"Pistolet Anglais 1840 | R\u00e9plique Manga Cin\u00e9\" \/>\n<meta property=\"og:description\" content=\"Pistolet anglais 1840 6 canons en r\u00e9plique d\u00e9corative m\u00e9tal et bois. Id\u00e9al pour collection, cosplay et d\u00e9coration historique.\" \/>\n<meta property=\"og:url\" content=\"https:\/\/repliquemangacine.fr\/de\/antike-pistole\/englische-pistole-1840\/\" \/>\n<meta property=\"og:site_name\" content=\"R\u00e9plique Manga Cin\u00e9\" \/>\n<meta property=\"article:publisher\" content=\"https:\/\/www.facebook.com\/RepliqueMangaCine\" \/>\n<meta property=\"article:modified_time\" content=\"2026-02-19T10:38:35+00:00\" \/>\n<meta property=\"og:image\" content=\"https:\/\/repliquemangacine.fr\/wp-content\/uploads\/2025\/11\/Pistolet-Anglais-1840.jpg\" \/>\n\t<meta property=\"og:image:width\" content=\"700\" \/>\n\t<meta property=\"og:image:height\" content=\"700\" \/>\n\t<meta property=\"og:image:type\" content=\"image\/jpeg\" \/>\n<meta name=\"twitter:card\" content=\"summary_large_image\" \/>\n<meta name=\"twitter:label1\" content=\"Gesch\u00e4tzte Lesezeit\" \/>\n\t<meta name=\"twitter:data1\" content=\"3\u00a0Minuten\" \/>\n<script type=\"application\/ld+json\" class=\"yoast-schema-graph\">{\"@context\":\"https:\\\/\\\/schema.org\",\"@graph\":[{\"@type\":\"WebPage\",\"@id\":\"https:\\\/\\\/repliquemangacine.fr\\\/pistolet-ancien\\\/pistolet-anglais-1840\\\/\",\"url\":\"https:\\\/\\\/repliquemangacine.fr\\\/pistolet-ancien\\\/pistolet-anglais-1840\\\/\",\"name\":\"Pistolet Anglais 1840 | R\u00e9plique Manga Cin\u00e9\",\"isPartOf\":{\"@id\":\"https:\\\/\\\/repliquemangacine.fr\\\/#website\"},\"primaryImageOfPage\":{\"@id\":\"https:\\\/\\\/repliquemangacine.fr\\\/pistolet-ancien\\\/pistolet-anglais-1840\\\/#primaryimage\"},\"image\":{\"@id\":\"https:\\\/\\\/repliquemangacine.fr\\\/pistolet-ancien\\\/pistolet-anglais-1840\\\/#primaryimage\"},\"thumbnailUrl\":\"https:\\\/\\\/repliquemangacine.fr\\\/wp-content\\\/uploads\\\/2025\\\/11\\\/Pistolet-Anglais-1840.jpg\",\"datePublished\":\"2025-11-07T15:06:17+00:00\",\"dateModified\":\"2026-02-19T10:38:35+00:00\",\"description\":\"Pistolet anglais 1840 6 canons en r\u00e9plique d\u00e9corative m\u00e9tal et bois. Id\u00e9al pour collection, cosplay et d\u00e9coration historique.\",\"breadcrumb\":{\"@id\":\"https:\\\/\\\/repliquemangacine.fr\\\/pistolet-ancien\\\/pistolet-anglais-1840\\\/#breadcrumb\"},\"inLanguage\":\"de\",\"potentialAction\":[{\"@type\":\"ReadAction\",\"target\":[\"https:\\\/\\\/repliquemangacine.fr\\\/pistolet-ancien\\\/pistolet-anglais-1840\\\/\"]}]},{\"@type\":\"ImageObject\",\"inLanguage\":\"de\",\"@id\":\"https:\\\/\\\/repliquemangacine.fr\\\/pistolet-ancien\\\/pistolet-anglais-1840\\\/#primaryimage\",\"url\":\"https:\\\/\\\/repliquemangacine.fr\\\/wp-content\\\/uploads\\\/2025\\\/11\\\/Pistolet-Anglais-1840.jpg\",\"contentUrl\":\"https:\\\/\\\/repliquemangacine.fr\\\/wp-content\\\/uploads\\\/2025\\\/11\\\/Pistolet-Anglais-1840.jpg\",\"width\":700,\"height\":700,\"caption\":\"Pistolet-Anglais-1840\"},{\"@type\":\"BreadcrumbList\",\"@id\":\"https:\\\/\\\/repliquemangacine.fr\\\/pistolet-ancien\\\/pistolet-anglais-1840\\\/#breadcrumb\",\"itemListElement\":[{\"@type\":\"ListItem\",\"position\":1,\"name\":\"Accueil\",\"item\":\"https:\\\/\\\/repliquemangacine.fr\\\/\"},{\"@type\":\"ListItem\",\"position\":2,\"name\":\"Produits\",\"item\":\"https:\\\/\\\/repliquemangacine.fr\\\/boutique\\\/\"},{\"@type\":\"ListItem\",\"position\":3,\"name\":\"Pistolet Anglais 1840\"}]},{\"@type\":\"WebSite\",\"@id\":\"https:\\\/\\\/repliquemangacine.fr\\\/#website\",\"url\":\"https:\\\/\\\/repliquemangacine.fr\\\/\",\"name\":\"R\u00e9plique Manga Cin\u00e9\",\"description\":\"\",\"publisher\":{\"@id\":\"https:\\\/\\\/repliquemangacine.fr\\\/#organization\"},\"potentialAction\":[{\"@type\":\"SearchAction\",\"target\":{\"@type\":\"EntryPoint\",\"urlTemplate\":\"https:\\\/\\\/repliquemangacine.fr\\\/?s={search_term_string}\"},\"query-input\":{\"@type\":\"PropertyValueSpecification\",\"valueRequired\":true,\"valueName\":\"search_term_string\"}}],\"inLanguage\":\"de\"},{\"@type\":\"Organization\",\"@id\":\"https:\\\/\\\/repliquemangacine.fr\\\/#organization\",\"name\":\"R\u00e9plique Manga Cin\u00e9\",\"url\":\"https:\\\/\\\/repliquemangacine.fr\\\/\",\"logo\":{\"@type\":\"ImageObject\",\"inLanguage\":\"de\",\"@id\":\"https:\\\/\\\/repliquemangacine.fr\\\/#\\\/schema\\\/logo\\\/image\\\/\",\"url\":\"https:\\\/\\\/repliquemangacine.fr\\\/wp-content\\\/uploads\\\/2023\\\/10\\\/RMC-500250.png\",\"contentUrl\":\"https:\\\/\\\/repliquemangacine.fr\\\/wp-content\\\/uploads\\\/2023\\\/10\\\/RMC-500250.png\",\"width\":500,\"height\":250,\"caption\":\"R\u00e9plique Manga Cin\u00e9\"},\"image\":{\"@id\":\"https:\\\/\\\/repliquemangacine.fr\\\/#\\\/schema\\\/logo\\\/image\\\/\"},\"sameAs\":[\"https:\\\/\\\/www.facebook.com\\\/RepliqueMangaCine\",\"https:\\\/\\\/www.instagram.com\\\/repliquemangacine.fr\\\/\"]}]}<\/script>\n<!-- \/ Yoast SEO plugin. -->","yoast_head_json":{"title":"Englische Pistole 1840 | R\u00e9plique Manga Cin\u00e9","description":"Englische Pistole 1840 mit 6 L\u00e4ufen als dekorative Replik aus Metall und Holz. Ideal f\u00fcr Sammlung, Cosplay und historische Dekoration.","robots":{"index":"index","follow":"follow","max-snippet":"max-snippet:-1","max-image-preview":"max-image-preview:large","max-video-preview":"max-video-preview:-1"},"canonical":"https:\/\/repliquemangacine.fr\/de\/antike-pistole\/englische-pistole-1840\/","og_locale":"de_DE","og_type":"article","og_title":"Pistolet Anglais 1840 | R\u00e9plique Manga Cin\u00e9","og_description":"Pistolet anglais 1840 6 canons en r\u00e9plique d\u00e9corative m\u00e9tal et bois. Id\u00e9al pour collection, cosplay et d\u00e9coration historique.","og_url":"https:\/\/repliquemangacine.fr\/de\/antike-pistole\/englische-pistole-1840\/","og_site_name":"R\u00e9plique Manga Cin\u00e9","article_publisher":"https:\/\/www.facebook.com\/RepliqueMangaCine","article_modified_time":"2026-02-19T10:38:35+00:00","og_image":[{"width":700,"height":700,"url":"https:\/\/repliquemangacine.fr\/wp-content\/uploads\/2025\/11\/Pistolet-Anglais-1840.jpg","type":"image\/jpeg"}],"twitter_card":"summary_large_image","twitter_misc":{"Gesch\u00e4tzte Lesezeit":"3\u00a0Minuten"},"schema":{"@context":"https:\/\/schema.org","@graph":[{"@type":"WebPage","@id":"https:\/\/repliquemangacine.fr\/pistolet-ancien\/pistolet-anglais-1840\/","url":"https:\/\/repliquemangacine.fr\/pistolet-ancien\/pistolet-anglais-1840\/","name":"Englische Pistole 1840 | R\u00e9plique Manga Cin\u00e9","isPartOf":{"@id":"https:\/\/repliquemangacine.fr\/#website"},"primaryImageOfPage":{"@id":"https:\/\/repliquemangacine.fr\/pistolet-ancien\/pistolet-anglais-1840\/#primaryimage"},"image":{"@id":"https:\/\/repliquemangacine.fr\/pistolet-ancien\/pistolet-anglais-1840\/#primaryimage"},"thumbnailUrl":"https:\/\/repliquemangacine.fr\/wp-content\/uploads\/2025\/11\/Pistolet-Anglais-1840.jpg","datePublished":"2025-11-07T15:06:17+00:00","dateModified":"2026-02-19T10:38:35+00:00","description":"Englische Pistole 1840 mit 6 L\u00e4ufen als dekorative Replik aus Metall und Holz. Ideal f\u00fcr Sammlung, Cosplay und historische Dekoration.","breadcrumb":{"@id":"https:\/\/repliquemangacine.fr\/pistolet-ancien\/pistolet-anglais-1840\/#breadcrumb"},"inLanguage":"de","potentialAction":[{"@type":"ReadAction","target":["https:\/\/repliquemangacine.fr\/pistolet-ancien\/pistolet-anglais-1840\/"]}]},{"@type":"ImageObject","inLanguage":"de","@id":"https:\/\/repliquemangacine.fr\/pistolet-ancien\/pistolet-anglais-1840\/#primaryimage","url":"https:\/\/repliquemangacine.fr\/wp-content\/uploads\/2025\/11\/Pistolet-Anglais-1840.jpg","contentUrl":"https:\/\/repliquemangacine.fr\/wp-content\/uploads\/2025\/11\/Pistolet-Anglais-1840.jpg","width":700,"height":700,"caption":"Pistolet-Anglais-1840"},{"@type":"BreadcrumbList","@id":"https:\/\/repliquemangacine.fr\/pistolet-ancien\/pistolet-anglais-1840\/#breadcrumb","itemListElement":[{"@type":"ListItem","position":1,"name":"Accueil","item":"https:\/\/repliquemangacine.fr\/"},{"@type":"ListItem","position":2,"name":"Produits","item":"https:\/\/repliquemangacine.fr\/boutique\/"},{"@type":"ListItem","position":3,"name":"Pistolet Anglais 1840"}]},{"@type":"WebSite","@id":"https:\/\/repliquemangacine.fr\/#website","url":"https:\/\/repliquemangacine.fr\/","name":"R\u00e9plique Manga Cin\u00e9","description":"","publisher":{"@id":"https:\/\/repliquemangacine.fr\/#organization"},"potentialAction":[{"@type":"SearchAction","target":{"@type":"EntryPoint","urlTemplate":"https:\/\/repliquemangacine.fr\/?s={search_term_string}"},"query-input":{"@type":"PropertyValueSpecification","valueRequired":true,"valueName":"search_term_string"}}],"inLanguage":"de"},{"@type":"Organization","@id":"https:\/\/repliquemangacine.fr\/#organization","name":"R\u00e9plique Manga Cin\u00e9","url":"https:\/\/repliquemangacine.fr\/","logo":{"@type":"ImageObject","inLanguage":"de","@id":"https:\/\/repliquemangacine.fr\/#\/schema\/logo\/image\/","url":"https:\/\/repliquemangacine.fr\/wp-content\/uploads\/2023\/10\/RMC-500250.png","contentUrl":"https:\/\/repliquemangacine.fr\/wp-content\/uploads\/2023\/10\/RMC-500250.png","width":500,"height":250,"caption":"R\u00e9plique Manga Cin\u00e9"},"image":{"@id":"https:\/\/repliquemangacine.fr\/#\/schema\/logo\/image\/"},"sameAs":["https:\/\/www.facebook.com\/RepliqueMangaCine","https:\/\/www.instagram.com\/repliquemangacine.fr\/"]}]}},"_links":{"self":[{"href":"https:\/\/repliquemangacine.fr\/de\/wp-json\/wp\/v2\/product\/90255","targetHints":{"allow":["GET"]}}],"collection":[{"href":"https:\/\/repliquemangacine.fr\/de\/wp-json\/wp\/v2\/product"}],"about":[{"href":"https:\/\/repliquemangacine.fr\/de\/wp-json\/wp\/v2\/types\/product"}],"wp:featuredmedia":[{"embeddable":true,"href":"https:\/\/repliquemangacine.fr\/de\/wp-json\/wp\/v2\/media\/90256"}],"wp:attachment":[{"href":"https:\/\/repliquemangacine.fr\/de\/wp-json\/wp\/v2\/media?parent=90255"}],"wp:term":[{"taxonomy":"product_brand","embeddable":true,"href":"https:\/\/repliquemangacine.fr\/de\/wp-json\/wp\/v2\/product_brand?post=90255"},{"taxonomy":"product_cat","embeddable":true,"href":"https:\/\/repliquemangacine.fr\/de\/wp-json\/wp\/v2\/product_cat?post=90255"},{"taxonomy":"product_tag","embeddable":true,"href":"https:\/\/repliquemangacine.fr\/de\/wp-json\/wp\/v2\/product_tag?post=90255"}],"curies":[{"name":"wp","href":"https:\/\/api.w.org\/{rel}","templated":true}]}}