





{"id":90249,"date":"2025-11-07T15:23:41","date_gmt":"2025-11-07T14:23:41","guid":{"rendered":"https:\/\/repliquemangacine.fr\/?post_type=product&#038;p=90249"},"modified":"2026-03-31T10:04:55","modified_gmt":"2026-03-31T08:04:55","slug":"walkurenaxt","status":"publish","type":"product","link":"https:\/\/repliquemangacine.fr\/de\/haches-de-guerre-medievale-et-accessoire-medievaux\/hache-de-valkyrie\/","title":{"rendered":"Axt der Walk\u00fcre"},"content":{"rendered":"<h2>Eigenschaften der Axt der Walk\u00fcre<\/h2>\n<p>Die Axt der Walk\u00fcre <a href=\"https:\/\/www.denix.fr\/fr\/\" target=\"_blank\" rel=\"noopener noreferrer\">Denix<\/a> ist eine dekorative Replik, die von der \u00c4sthetik der nordischen mythologischen Kriegerinnen inspiriert wurde. Dieses St\u00fcck ist etwa 71 Zentimeter lang, um eine elegante Pr\u00e4senz in einer Vitrine oder an einer Wand zu bieten. Der Kopf ist aus gegossenem Metall gefertigt, was ihm ein robustes, antikes Aussehen verleiht. Der Stiel ist in Holzoptik gehalten, was ihm eine warme und authentische Textur verleiht. Die Axt ist nicht funktional und f\u00fcr Ausstellungen, Cosplay oder Reenactment gedacht. Sie erinnert an das Bild der Walk\u00fcren, mythische Figuren, die Krieger ausw\u00e4hlen, die Walhalla w\u00fcrdig sind. So wird diese Axt zu einem Symbol f\u00fcr Ehre, Tapferkeit und ein legend\u00e4res Erbe. Dank ihrer ausgewogenen Gr\u00f6\u00dfe passt sie sich leicht an verschiedene dekorative Umgebungen an. Sie ist ein markantes St\u00fcck f\u00fcr Sammler, die die nordische und mittelalterliche Welt sch\u00e4tzen. Daher verleiht sie jeder thematischen Sammlung einen besonderen Charakter.<\/p>\n<h2>Bedeutung und Besonderheit dieser Walk\u00fcre-Axt<\/h2>\n<p>Diese Axt zeichnet sich durch ihre starke symbolische Ladung und ihre sofort erkennbare visuelle Identit\u00e4t aus. Die Walk\u00fcren waren mystische F\u00fchrerinnen zwischen der Welt der Lebenden und der Welt der geehrten Helden. Daher ist der Besitz dieses Replikats gleichbedeutend mit der Feier des nordischen Epos und seiner heroischen Vorstellungswelt. Die Metalloberfl\u00e4che verleiht der Replik ein authentisches Aussehen, das an alte rituelle Waffen erinnert. Obwohl sie nur dekorativ ist, bietet sie eine starke und inspirierende Pr\u00e4senz f\u00fcr ein thematisch gestaltetes Interieur. Dar\u00fcber hinaus l\u00e4sst sie sich aufgrund ihrer Gr\u00f6\u00dfe leicht in eine Sammlung integrieren, ohne viel Platz zu ben\u00f6tigen. Sie beschw\u00f6rt den Geist der Sagas, alter Lieder und legend\u00e4rer Schlachten herauf. Diese Axt erm\u00f6glicht es, mythologische \u00c4sthetik und historische Leidenschaft kompromisslos miteinander zu verbinden. Sie ist eine ausgezeichnete Wahl f\u00fcr alle, die ein originelles und bedeutungsvolles St\u00fcck suchen. Somit bietet sie sich als zentrales St\u00fcck in einer vom mythischen Norden inspirierten Sammlung an.<\/p>\n<h2>Vervollst\u00e4ndigen Sie Ihre Sammlung mit R\u00e9pliqueMangaCin\u00e9<\/h2>\n<p>Auf <strong>ReplikMangaKino<\/strong>, Wenn Sie einen Katan kaufen, k\u00f6nnen Sie eine vielf\u00e4ltige und koh\u00e4rente Sammlung verschiedener kultureller Inspirationen zusammenstellen. Unser Shop bietet Katanas aus Manga-Universen wie Demon Slayer, One Piece oder Bleach an. Au\u00dferdem bieten wir mythische Schwerter aus The Witcher, Herr der Ringe oder <a href=\"https:\/\/repliquemangacine.fr\/de\/wikingerwaffen\/\">Wikinger<\/a>. F\u00fcr Geschichtsinteressierte bieten wir antike Schwerter, Piratens\u00e4bel, <a href=\"https:\/\/repliquemangacine.fr\/de\/schilde-und-rustungen\/\">mittelalterliche Schilde<\/a> und Repliken von Kriegswaffen. So kann jeder Sammler ein einzigartiges Ensemble zusammenstellen, das durch Epochen, Fantasiewelten und Legenden f\u00fchrt. Jedes St\u00fcck wird nach seiner visuellen Qualit\u00e4t, seiner sorgf\u00e4ltigen Verarbeitung und seiner dekorativen Wirkung ausgew\u00e4hlt. Dank dieser Vielfalt, <strong>ReplikMangaKino<\/strong> wird zu einem unverzichtbaren Ziel f\u00fcr anspruchsvolle Fans. Diese Walk\u00fcre-Axt wird daher ihren Platz unter diesen symboltr\u00e4chtigen Referenzen finden. Sie wird eine Vitrine, eine Wand oder einen Raum, der ihr gewidmet ist, mit Kraft und Eleganz bereichern.<\/p>","protected":false},"excerpt":{"rendered":"<p><strong>Eigenschaften :<\/strong><\/p>\n<ul>\n<li>Materialien: Metall + Griff in Holzoptik<\/li>\n<li>Inspiriert von mittelalterlichen \u00c4xten<\/li>\n<li>Ideal als Wanddekoration, Cosplay oder Reenactment<\/li>\n<li>Marke: Denix<\/li>\n<li>L\u00e4nge: 71 cm<\/li>\n<li>Gewicht: 1380g<\/li>\n<\/ul>","protected":false},"featured_media":90253,"template":"","meta":[],"product_brand":[],"product_cat":[92,43,103],"product_tag":[],"class_list":{"0":"post-90249","1":"product","2":"type-product","3":"status-publish","4":"has-post-thumbnail","6":"product_cat-haches-de-guerre-medievale-et-accessoire-medievaux","7":"product_cat-reproductions-d-armes-et-accessoires-medievales","8":"product_cat-armes-et-accessoires-vikings","10":"first","11":"instock","12":"featured","13":"taxable","14":"shipping-taxable","15":"purchasable","16":"product-type-simple"},"yoast_head":"<!-- This site is optimized with the Yoast SEO plugin v27.5 - https:\/\/yoast.com\/product\/yoast-seo-wordpress\/ -->\n<title>Hache de Valkyrie | R\u00e9plique Manga Cin\u00e9<\/title>\n<meta name=\"description\" content=\"Hache de Valkyrie d\u00e9corative 71 cm en m\u00e9tal et manche bois. Inspir\u00e9e des guerriers nordiques. Id\u00e9ale collection, cosplay et d\u00e9coration.\" \/>\n<meta name=\"robots\" content=\"index, follow, max-snippet:-1, max-image-preview:large, max-video-preview:-1\" \/>\n<link rel=\"canonical\" href=\"https:\/\/repliquemangacine.fr\/de\/mittelalterliche-kriegsaxte-und-mittelalterliches-zubehor\/walkurenaxt\/\" \/>\n<meta property=\"og:locale\" content=\"de_DE\" \/>\n<meta property=\"og:type\" content=\"article\" \/>\n<meta property=\"og:title\" content=\"Hache de Valkyrie | R\u00e9plique Manga Cin\u00e9\" \/>\n<meta property=\"og:description\" content=\"Hache de Valkyrie d\u00e9corative 71 cm en m\u00e9tal et manche bois. Inspir\u00e9e des guerriers nordiques. Id\u00e9ale collection, cosplay et d\u00e9coration.\" \/>\n<meta property=\"og:url\" content=\"https:\/\/repliquemangacine.fr\/de\/mittelalterliche-kriegsaxte-und-mittelalterliches-zubehor\/walkurenaxt\/\" \/>\n<meta property=\"og:site_name\" content=\"R\u00e9plique Manga Cin\u00e9\" \/>\n<meta property=\"article:publisher\" content=\"https:\/\/www.facebook.com\/RepliqueMangaCine\" \/>\n<meta property=\"article:modified_time\" content=\"2026-03-31T08:04:55+00:00\" \/>\n<meta property=\"og:image\" content=\"https:\/\/repliquemangacine.fr\/wp-content\/uploads\/2025\/11\/Hache-de-Valkyrie.jpg\" \/>\n\t<meta property=\"og:image:width\" content=\"700\" \/>\n\t<meta property=\"og:image:height\" content=\"700\" \/>\n\t<meta property=\"og:image:type\" content=\"image\/jpeg\" \/>\n<meta name=\"twitter:card\" content=\"summary_large_image\" \/>\n<meta name=\"twitter:label1\" content=\"Gesch\u00e4tzte Lesezeit\" \/>\n\t<meta name=\"twitter:data1\" content=\"3\u00a0Minuten\" \/>\n<script type=\"application\/ld+json\" class=\"yoast-schema-graph\">{\"@context\":\"https:\\\/\\\/schema.org\",\"@graph\":[{\"@type\":\"WebPage\",\"@id\":\"https:\\\/\\\/repliquemangacine.fr\\\/haches-de-guerre-medievale-et-accessoire-medievaux\\\/hache-de-valkyrie\\\/\",\"url\":\"https:\\\/\\\/repliquemangacine.fr\\\/haches-de-guerre-medievale-et-accessoire-medievaux\\\/hache-de-valkyrie\\\/\",\"name\":\"Hache de Valkyrie | R\u00e9plique Manga Cin\u00e9\",\"isPartOf\":{\"@id\":\"https:\\\/\\\/repliquemangacine.fr\\\/#website\"},\"primaryImageOfPage\":{\"@id\":\"https:\\\/\\\/repliquemangacine.fr\\\/haches-de-guerre-medievale-et-accessoire-medievaux\\\/hache-de-valkyrie\\\/#primaryimage\"},\"image\":{\"@id\":\"https:\\\/\\\/repliquemangacine.fr\\\/haches-de-guerre-medievale-et-accessoire-medievaux\\\/hache-de-valkyrie\\\/#primaryimage\"},\"thumbnailUrl\":\"https:\\\/\\\/repliquemangacine.fr\\\/wp-content\\\/uploads\\\/2025\\\/11\\\/Hache-de-Valkyrie.jpg\",\"datePublished\":\"2025-11-07T14:23:41+00:00\",\"dateModified\":\"2026-03-31T08:04:55+00:00\",\"description\":\"Hache de Valkyrie d\u00e9corative 71 cm en m\u00e9tal et manche bois. Inspir\u00e9e des guerriers nordiques. Id\u00e9ale collection, cosplay et d\u00e9coration.\",\"breadcrumb\":{\"@id\":\"https:\\\/\\\/repliquemangacine.fr\\\/haches-de-guerre-medievale-et-accessoire-medievaux\\\/hache-de-valkyrie\\\/#breadcrumb\"},\"inLanguage\":\"de\",\"potentialAction\":[{\"@type\":\"ReadAction\",\"target\":[\"https:\\\/\\\/repliquemangacine.fr\\\/haches-de-guerre-medievale-et-accessoire-medievaux\\\/hache-de-valkyrie\\\/\"]}]},{\"@type\":\"ImageObject\",\"inLanguage\":\"de\",\"@id\":\"https:\\\/\\\/repliquemangacine.fr\\\/haches-de-guerre-medievale-et-accessoire-medievaux\\\/hache-de-valkyrie\\\/#primaryimage\",\"url\":\"https:\\\/\\\/repliquemangacine.fr\\\/wp-content\\\/uploads\\\/2025\\\/11\\\/Hache-de-Valkyrie.jpg\",\"contentUrl\":\"https:\\\/\\\/repliquemangacine.fr\\\/wp-content\\\/uploads\\\/2025\\\/11\\\/Hache-de-Valkyrie.jpg\",\"width\":700,\"height\":700,\"caption\":\"Hache-de-Valkyrie\"},{\"@type\":\"BreadcrumbList\",\"@id\":\"https:\\\/\\\/repliquemangacine.fr\\\/haches-de-guerre-medievale-et-accessoire-medievaux\\\/hache-de-valkyrie\\\/#breadcrumb\",\"itemListElement\":[{\"@type\":\"ListItem\",\"position\":1,\"name\":\"Accueil\",\"item\":\"https:\\\/\\\/repliquemangacine.fr\\\/\"},{\"@type\":\"ListItem\",\"position\":2,\"name\":\"Produits\",\"item\":\"https:\\\/\\\/repliquemangacine.fr\\\/boutique\\\/\"},{\"@type\":\"ListItem\",\"position\":3,\"name\":\"Hache de Valkyrie\"}]},{\"@type\":\"WebSite\",\"@id\":\"https:\\\/\\\/repliquemangacine.fr\\\/#website\",\"url\":\"https:\\\/\\\/repliquemangacine.fr\\\/\",\"name\":\"R\u00e9plique Manga Cin\u00e9\",\"description\":\"\",\"publisher\":{\"@id\":\"https:\\\/\\\/repliquemangacine.fr\\\/#organization\"},\"potentialAction\":[{\"@type\":\"SearchAction\",\"target\":{\"@type\":\"EntryPoint\",\"urlTemplate\":\"https:\\\/\\\/repliquemangacine.fr\\\/?s={search_term_string}\"},\"query-input\":{\"@type\":\"PropertyValueSpecification\",\"valueRequired\":true,\"valueName\":\"search_term_string\"}}],\"inLanguage\":\"de\"},{\"@type\":\"Organization\",\"@id\":\"https:\\\/\\\/repliquemangacine.fr\\\/#organization\",\"name\":\"R\u00e9plique Manga Cin\u00e9\",\"url\":\"https:\\\/\\\/repliquemangacine.fr\\\/\",\"logo\":{\"@type\":\"ImageObject\",\"inLanguage\":\"de\",\"@id\":\"https:\\\/\\\/repliquemangacine.fr\\\/#\\\/schema\\\/logo\\\/image\\\/\",\"url\":\"https:\\\/\\\/repliquemangacine.fr\\\/wp-content\\\/uploads\\\/2023\\\/10\\\/RMC-500250.png\",\"contentUrl\":\"https:\\\/\\\/repliquemangacine.fr\\\/wp-content\\\/uploads\\\/2023\\\/10\\\/RMC-500250.png\",\"width\":500,\"height\":250,\"caption\":\"R\u00e9plique Manga Cin\u00e9\"},\"image\":{\"@id\":\"https:\\\/\\\/repliquemangacine.fr\\\/#\\\/schema\\\/logo\\\/image\\\/\"},\"sameAs\":[\"https:\\\/\\\/www.facebook.com\\\/RepliqueMangaCine\",\"https:\\\/\\\/www.instagram.com\\\/repliquemangacine.fr\\\/\"]}]}<\/script>\n<!-- \/ Yoast SEO plugin. -->","yoast_head_json":{"title":"Walk\u00fcre-Axt | R\u00e9plique Manga Cin\u00e9","description":"Dekorative Walk\u00fcrenaxt 71 cm aus Metall und Holzstiel. Inspiriert von nordischen Kriegern. Ideal zum Sammeln, Cosplay und Dekorieren.","robots":{"index":"index","follow":"follow","max-snippet":"max-snippet:-1","max-image-preview":"max-image-preview:large","max-video-preview":"max-video-preview:-1"},"canonical":"https:\/\/repliquemangacine.fr\/de\/mittelalterliche-kriegsaxte-und-mittelalterliches-zubehor\/walkurenaxt\/","og_locale":"de_DE","og_type":"article","og_title":"Hache de Valkyrie | R\u00e9plique Manga Cin\u00e9","og_description":"Hache de Valkyrie d\u00e9corative 71 cm en m\u00e9tal et manche bois. Inspir\u00e9e des guerriers nordiques. Id\u00e9ale collection, cosplay et d\u00e9coration.","og_url":"https:\/\/repliquemangacine.fr\/de\/mittelalterliche-kriegsaxte-und-mittelalterliches-zubehor\/walkurenaxt\/","og_site_name":"R\u00e9plique Manga Cin\u00e9","article_publisher":"https:\/\/www.facebook.com\/RepliqueMangaCine","article_modified_time":"2026-03-31T08:04:55+00:00","og_image":[{"width":700,"height":700,"url":"https:\/\/repliquemangacine.fr\/wp-content\/uploads\/2025\/11\/Hache-de-Valkyrie.jpg","type":"image\/jpeg"}],"twitter_card":"summary_large_image","twitter_misc":{"Gesch\u00e4tzte Lesezeit":"3\u00a0Minuten"},"schema":{"@context":"https:\/\/schema.org","@graph":[{"@type":"WebPage","@id":"https:\/\/repliquemangacine.fr\/haches-de-guerre-medievale-et-accessoire-medievaux\/hache-de-valkyrie\/","url":"https:\/\/repliquemangacine.fr\/haches-de-guerre-medievale-et-accessoire-medievaux\/hache-de-valkyrie\/","name":"Walk\u00fcre-Axt | R\u00e9plique Manga Cin\u00e9","isPartOf":{"@id":"https:\/\/repliquemangacine.fr\/#website"},"primaryImageOfPage":{"@id":"https:\/\/repliquemangacine.fr\/haches-de-guerre-medievale-et-accessoire-medievaux\/hache-de-valkyrie\/#primaryimage"},"image":{"@id":"https:\/\/repliquemangacine.fr\/haches-de-guerre-medievale-et-accessoire-medievaux\/hache-de-valkyrie\/#primaryimage"},"thumbnailUrl":"https:\/\/repliquemangacine.fr\/wp-content\/uploads\/2025\/11\/Hache-de-Valkyrie.jpg","datePublished":"2025-11-07T14:23:41+00:00","dateModified":"2026-03-31T08:04:55+00:00","description":"Dekorative Walk\u00fcrenaxt 71 cm aus Metall und Holzstiel. Inspiriert von nordischen Kriegern. Ideal zum Sammeln, Cosplay und Dekorieren.","breadcrumb":{"@id":"https:\/\/repliquemangacine.fr\/haches-de-guerre-medievale-et-accessoire-medievaux\/hache-de-valkyrie\/#breadcrumb"},"inLanguage":"de","potentialAction":[{"@type":"ReadAction","target":["https:\/\/repliquemangacine.fr\/haches-de-guerre-medievale-et-accessoire-medievaux\/hache-de-valkyrie\/"]}]},{"@type":"ImageObject","inLanguage":"de","@id":"https:\/\/repliquemangacine.fr\/haches-de-guerre-medievale-et-accessoire-medievaux\/hache-de-valkyrie\/#primaryimage","url":"https:\/\/repliquemangacine.fr\/wp-content\/uploads\/2025\/11\/Hache-de-Valkyrie.jpg","contentUrl":"https:\/\/repliquemangacine.fr\/wp-content\/uploads\/2025\/11\/Hache-de-Valkyrie.jpg","width":700,"height":700,"caption":"Hache-de-Valkyrie"},{"@type":"BreadcrumbList","@id":"https:\/\/repliquemangacine.fr\/haches-de-guerre-medievale-et-accessoire-medievaux\/hache-de-valkyrie\/#breadcrumb","itemListElement":[{"@type":"ListItem","position":1,"name":"Accueil","item":"https:\/\/repliquemangacine.fr\/"},{"@type":"ListItem","position":2,"name":"Produits","item":"https:\/\/repliquemangacine.fr\/boutique\/"},{"@type":"ListItem","position":3,"name":"Hache de Valkyrie"}]},{"@type":"WebSite","@id":"https:\/\/repliquemangacine.fr\/#website","url":"https:\/\/repliquemangacine.fr\/","name":"R\u00e9plique Manga Cin\u00e9","description":"","publisher":{"@id":"https:\/\/repliquemangacine.fr\/#organization"},"potentialAction":[{"@type":"SearchAction","target":{"@type":"EntryPoint","urlTemplate":"https:\/\/repliquemangacine.fr\/?s={search_term_string}"},"query-input":{"@type":"PropertyValueSpecification","valueRequired":true,"valueName":"search_term_string"}}],"inLanguage":"de"},{"@type":"Organization","@id":"https:\/\/repliquemangacine.fr\/#organization","name":"R\u00e9plique Manga Cin\u00e9","url":"https:\/\/repliquemangacine.fr\/","logo":{"@type":"ImageObject","inLanguage":"de","@id":"https:\/\/repliquemangacine.fr\/#\/schema\/logo\/image\/","url":"https:\/\/repliquemangacine.fr\/wp-content\/uploads\/2023\/10\/RMC-500250.png","contentUrl":"https:\/\/repliquemangacine.fr\/wp-content\/uploads\/2023\/10\/RMC-500250.png","width":500,"height":250,"caption":"R\u00e9plique Manga Cin\u00e9"},"image":{"@id":"https:\/\/repliquemangacine.fr\/#\/schema\/logo\/image\/"},"sameAs":["https:\/\/www.facebook.com\/RepliqueMangaCine","https:\/\/www.instagram.com\/repliquemangacine.fr\/"]}]}},"_links":{"self":[{"href":"https:\/\/repliquemangacine.fr\/de\/wp-json\/wp\/v2\/product\/90249","targetHints":{"allow":["GET"]}}],"collection":[{"href":"https:\/\/repliquemangacine.fr\/de\/wp-json\/wp\/v2\/product"}],"about":[{"href":"https:\/\/repliquemangacine.fr\/de\/wp-json\/wp\/v2\/types\/product"}],"wp:featuredmedia":[{"embeddable":true,"href":"https:\/\/repliquemangacine.fr\/de\/wp-json\/wp\/v2\/media\/90253"}],"wp:attachment":[{"href":"https:\/\/repliquemangacine.fr\/de\/wp-json\/wp\/v2\/media?parent=90249"}],"wp:term":[{"taxonomy":"product_brand","embeddable":true,"href":"https:\/\/repliquemangacine.fr\/de\/wp-json\/wp\/v2\/product_brand?post=90249"},{"taxonomy":"product_cat","embeddable":true,"href":"https:\/\/repliquemangacine.fr\/de\/wp-json\/wp\/v2\/product_cat?post=90249"},{"taxonomy":"product_tag","embeddable":true,"href":"https:\/\/repliquemangacine.fr\/de\/wp-json\/wp\/v2\/product_tag?post=90249"}],"curies":[{"name":"wp","href":"https:\/\/api.w.org\/{rel}","templated":true}]}}