





{"id":90225,"date":"2025-11-07T14:27:22","date_gmt":"2025-11-07T13:27:22","guid":{"rendered":"https:\/\/repliquemangacine.fr\/?post_type=product&#038;p=90225"},"modified":"2026-02-19T11:31:55","modified_gmt":"2026-02-19T10:31:55","slug":"perkussionspistole-pirat-bronze","status":"publish","type":"product","link":"https:\/\/repliquemangacine.fr\/de\/armes-de-pirates\/pistolet-percussion-pirate-bronze\/","title":{"rendered":"Perkussionspistole Pirat Bronze"},"content":{"rendered":"<h2>Eigenschaften der Perkussionspistole Pirate Bronze historisch<\/h2>\n<p>Diese Perkussions-Piratenpistole Bronze <a href=\"https:\/\/www.denix.fr\/fr\/\" target=\"_blank\" rel=\"noopener noreferrer\">Denix<\/a> zeichnet sich durch seine warme und elegante Metalloberfl\u00e4che aus, die an alte Waffen erinnert. Die Struktur aus widerstandsf\u00e4higem Holz sorgt f\u00fcr eine visuelle Pr\u00e4senz, die sich ideal f\u00fcr Sammlungen und dekorative Ausstellungen eignet. Die Gesamtl\u00e4nge von 37 Zentimetern erm\u00f6glicht eine angenehme Handhabung, w\u00e4hrend das realistische Gewicht von 629 Gramm seine Glaubw\u00fcrdigkeit unterstreicht. Diese Replik ist von den italienischen Pistolen inspiriert, die von Freibeutern und Korsaren des 18.\u1d49 Jahrhunderts verwendet wurden. Diese Abenteurer durchkreuzten die Ozeane und waren auf der Suche nach Sch\u00e4tzen, Ruhm und maritimer Freiheit. So ist dieses Modell eine Hommage an diese Vorstellung von k\u00fchnen Entern und Reisen auf hoher See. Mit ihrer bronzefarbenen \u00c4sthetik bietet sie eine attraktive farbliche Alternative f\u00fcr Sammler. Diese dekorative, nicht funktionale Reproduktion entspricht den heutigen Standards und bietet gleichzeitig einen zeitlosen Charme. Sie l\u00e4sst sich problemlos in eine Vitrine, eine Themendekoration oder ein immersives Cosplay-Outfit integrieren.<\/p>\n<h2>Bedeutung und Besonderheit dieses dekorativen Replikats<\/h2>\n<p>Diese Version der Perkussionspistole Pirate Bronze, erm\u00f6glicht es, sich in einer Sammlung, die bereits aus verschiedenen historischen St\u00fccken besteht, hervorzuheben. Ihr leicht antikes Aussehen erinnert an Waffen, die durch die Zeit und die Gischt des Meeres gealtert sind. Dar\u00fcber hinaus tr\u00e4gt diese Farbe dazu bei, die geschnitzten und gegossenen Details auf den Metallteilen zu betonen. So zieht sie auf nat\u00fcrliche Weise die Blicke auf sich und l\u00e4dt zu abenteuerlichen Fantasien ein. Dar\u00fcber hinaus ist diese Pistole eine ausgezeichnete Wahl f\u00fcr Cosplay-Fans, die eine realistische Ausf\u00fchrung ohne gef\u00e4hrliche Funktionen suchen. Dank ihrer dekorativen Funktion kann sie auch eine Bibliothek, ein B\u00fcro oder einen Raum versch\u00f6nern, der thematischen Accessoires gewidmet ist. Daher vermittelt dieses Objekt eine authentische Piratenatmosph\u00e4re. Das Replikat verk\u00f6rpert ein Symbol f\u00fcr Freiheit, K\u00fchnheit und eine zeitlose Seefahrerlegende. Dank dieser farbenfrohen Variante gewinnt jede Kollektion an unverwechselbarem und raffiniertem Charakter.<\/p>\n<h2>Andere verf\u00fcgbare Artikel auf R\u00e9pliqueMangaCin\u00e9<\/h2>\n<p>Zum Schluss auf <strong>ReplikMangaKino<\/strong>, Hier finden Sie eine gro\u00dfe Auswahl an dekorativen Waffen und Repliken, die von vielen verschiedenen Welten inspiriert sind. Manga-Fans k\u00f6nnen Katanas aus One Piece, Naruto, Demon Slayer oder Bleach entdecken. Diese St\u00fccke richten sich an Fans, die eine starke \u00e4sthetische Qualit\u00e4t und eine treue Referenz an ihre Lieblingshelden suchen. Au\u00dferdem gibt es Schwerter aus <a href=\"https:\/\/repliquemangacine.fr\/de\/filme-tv-serien-verkauf-von-katana-schwertern-und-derivaten\/\">Filme und Serien<\/a> Kultfiguren sind erh\u00e4ltlich, darunter aus dem Herrn der Ringe, Harry Potter und Game of Thrones. F\u00fcr Geschichtsinteressierte umfasst unsere Sammlung auch antike Schwerter, mittelalterliche Schilde und Piratens\u00e4bel. Und schlie\u00dflich finden Wildwest-Fans <a href=\"https:\/\/repliquemangacine.fr\/de\/colt-pistole\/\">colts<\/a>, Winchesters und Holster, um ihre Welt zu vervollst\u00e4ndigen. Jedes Produkt wird sorgf\u00e4ltig ausgew\u00e4hlt, um ein leidenschaftliches und immersives Erlebnis zu garantieren. <strong>ReplikMangaKino<\/strong> begleitet jeden Sammler bei der Schaffung seiner idealen Welt.<\/p>","protected":false},"excerpt":{"rendered":"<p><strong>Technische Daten :<\/strong><\/p>\n<ul>\n<li>Korpus aus lackiertem Holz<\/li>\n<li>Beschl\u00e4ge aus Gussmetall mit Bronzefinish<\/li>\n<li>Dekoratives, nicht funktionierendes Replikat<\/li>\n<li>Inspiration italienische Piratenpistole XVIII\u1d49 Jahrhundert<\/li>\n<li>Marke: Denix<\/li>\n<li>Ideal f\u00fcr Sammlung, Cosplay, Dekoration und Reenactment<\/li>\n<li>Gesamtl\u00e4nge: 37 cm<\/li>\n<li>Gewicht: 629 g<\/li>\n<\/ul>","protected":false},"featured_media":90232,"template":"","meta":[],"product_brand":[],"product_cat":[49,102,52,114,28],"product_tag":[],"class_list":{"0":"post-90225","1":"product","2":"type-product","3":"status-publish","4":"has-post-thumbnail","6":"product_cat-armes-de-pirates","7":"product_cat-denix","8":"product_cat-pistolet-ancien","9":"product_cat-pistolet-pirate","10":"product_cat-repliques-darmes","12":"first","13":"instock","14":"featured","15":"taxable","16":"shipping-taxable","17":"purchasable","18":"product-type-simple"},"yoast_head":"<!-- This site is optimized with the Yoast SEO plugin v27.4 - https:\/\/yoast.com\/product\/yoast-seo-wordpress\/ -->\n<title>Pistolet Percussion Pirate Bronze - R\u00e9plique Manga Cin\u00e9<\/title>\n<meta name=\"description\" content=\"Pistolet percussion pirate bronze en bois et m\u00e9tal. R\u00e9plique d\u00e9corative 37 cm. Id\u00e9al collection, cosplay et d\u00e9cor pirate authentique.\" \/>\n<meta name=\"robots\" content=\"index, follow, max-snippet:-1, max-image-preview:large, max-video-preview:-1\" \/>\n<link rel=\"canonical\" href=\"https:\/\/repliquemangacine.fr\/de\/piratenwaffen\/perkussionspistole-pirat-bronze\/\" \/>\n<meta property=\"og:locale\" content=\"de_DE\" \/>\n<meta property=\"og:type\" content=\"article\" \/>\n<meta property=\"og:title\" content=\"Pistolet Percussion Pirate Bronze - R\u00e9plique Manga Cin\u00e9\" \/>\n<meta property=\"og:description\" content=\"Pistolet percussion pirate bronze en bois et m\u00e9tal. R\u00e9plique d\u00e9corative 37 cm. Id\u00e9al collection, cosplay et d\u00e9cor pirate authentique.\" \/>\n<meta property=\"og:url\" content=\"https:\/\/repliquemangacine.fr\/de\/piratenwaffen\/perkussionspistole-pirat-bronze\/\" \/>\n<meta property=\"og:site_name\" content=\"R\u00e9plique Manga Cin\u00e9\" \/>\n<meta property=\"article:publisher\" content=\"https:\/\/www.facebook.com\/RepliqueMangaCine\" \/>\n<meta property=\"article:modified_time\" content=\"2026-02-19T10:31:55+00:00\" \/>\n<meta property=\"og:image\" content=\"https:\/\/repliquemangacine.fr\/wp-content\/uploads\/2025\/11\/pistolet-pirate-bronze-laterale.jpg\" \/>\n\t<meta property=\"og:image:width\" content=\"700\" \/>\n\t<meta property=\"og:image:height\" content=\"700\" \/>\n\t<meta property=\"og:image:type\" content=\"image\/jpeg\" \/>\n<meta name=\"twitter:card\" content=\"summary_large_image\" \/>\n<meta name=\"twitter:label1\" content=\"Gesch\u00e4tzte Lesezeit\" \/>\n\t<meta name=\"twitter:data1\" content=\"3\u00a0Minuten\" \/>\n<script type=\"application\/ld+json\" class=\"yoast-schema-graph\">{\"@context\":\"https:\\\/\\\/schema.org\",\"@graph\":[{\"@type\":\"WebPage\",\"@id\":\"https:\\\/\\\/repliquemangacine.fr\\\/armes-de-pirates\\\/pistolet-percussion-pirate-bronze\\\/\",\"url\":\"https:\\\/\\\/repliquemangacine.fr\\\/armes-de-pirates\\\/pistolet-percussion-pirate-bronze\\\/\",\"name\":\"Pistolet Percussion Pirate Bronze - R\u00e9plique Manga Cin\u00e9\",\"isPartOf\":{\"@id\":\"https:\\\/\\\/repliquemangacine.fr\\\/#website\"},\"primaryImageOfPage\":{\"@id\":\"https:\\\/\\\/repliquemangacine.fr\\\/armes-de-pirates\\\/pistolet-percussion-pirate-bronze\\\/#primaryimage\"},\"image\":{\"@id\":\"https:\\\/\\\/repliquemangacine.fr\\\/armes-de-pirates\\\/pistolet-percussion-pirate-bronze\\\/#primaryimage\"},\"thumbnailUrl\":\"https:\\\/\\\/repliquemangacine.fr\\\/wp-content\\\/uploads\\\/2025\\\/11\\\/pistolet-pirate-bronze-laterale.jpg\",\"datePublished\":\"2025-11-07T13:27:22+00:00\",\"dateModified\":\"2026-02-19T10:31:55+00:00\",\"description\":\"Pistolet percussion pirate bronze en bois et m\u00e9tal. R\u00e9plique d\u00e9corative 37 cm. Id\u00e9al collection, cosplay et d\u00e9cor pirate authentique.\",\"breadcrumb\":{\"@id\":\"https:\\\/\\\/repliquemangacine.fr\\\/armes-de-pirates\\\/pistolet-percussion-pirate-bronze\\\/#breadcrumb\"},\"inLanguage\":\"de\",\"potentialAction\":[{\"@type\":\"ReadAction\",\"target\":[\"https:\\\/\\\/repliquemangacine.fr\\\/armes-de-pirates\\\/pistolet-percussion-pirate-bronze\\\/\"]}]},{\"@type\":\"ImageObject\",\"inLanguage\":\"de\",\"@id\":\"https:\\\/\\\/repliquemangacine.fr\\\/armes-de-pirates\\\/pistolet-percussion-pirate-bronze\\\/#primaryimage\",\"url\":\"https:\\\/\\\/repliquemangacine.fr\\\/wp-content\\\/uploads\\\/2025\\\/11\\\/pistolet-pirate-bronze-laterale.jpg\",\"contentUrl\":\"https:\\\/\\\/repliquemangacine.fr\\\/wp-content\\\/uploads\\\/2025\\\/11\\\/pistolet-pirate-bronze-laterale.jpg\",\"width\":700,\"height\":700,\"caption\":\"Pistolet Percussion Pirate Bronze\"},{\"@type\":\"BreadcrumbList\",\"@id\":\"https:\\\/\\\/repliquemangacine.fr\\\/armes-de-pirates\\\/pistolet-percussion-pirate-bronze\\\/#breadcrumb\",\"itemListElement\":[{\"@type\":\"ListItem\",\"position\":1,\"name\":\"Accueil\",\"item\":\"https:\\\/\\\/repliquemangacine.fr\\\/\"},{\"@type\":\"ListItem\",\"position\":2,\"name\":\"Produits\",\"item\":\"https:\\\/\\\/repliquemangacine.fr\\\/boutique\\\/\"},{\"@type\":\"ListItem\",\"position\":3,\"name\":\"Pistolet Percussion Pirate Bronze\"}]},{\"@type\":\"WebSite\",\"@id\":\"https:\\\/\\\/repliquemangacine.fr\\\/#website\",\"url\":\"https:\\\/\\\/repliquemangacine.fr\\\/\",\"name\":\"R\u00e9plique Manga Cin\u00e9\",\"description\":\"\",\"publisher\":{\"@id\":\"https:\\\/\\\/repliquemangacine.fr\\\/#organization\"},\"potentialAction\":[{\"@type\":\"SearchAction\",\"target\":{\"@type\":\"EntryPoint\",\"urlTemplate\":\"https:\\\/\\\/repliquemangacine.fr\\\/?s={search_term_string}\"},\"query-input\":{\"@type\":\"PropertyValueSpecification\",\"valueRequired\":true,\"valueName\":\"search_term_string\"}}],\"inLanguage\":\"de\"},{\"@type\":\"Organization\",\"@id\":\"https:\\\/\\\/repliquemangacine.fr\\\/#organization\",\"name\":\"R\u00e9plique Manga Cin\u00e9\",\"url\":\"https:\\\/\\\/repliquemangacine.fr\\\/\",\"logo\":{\"@type\":\"ImageObject\",\"inLanguage\":\"de\",\"@id\":\"https:\\\/\\\/repliquemangacine.fr\\\/#\\\/schema\\\/logo\\\/image\\\/\",\"url\":\"https:\\\/\\\/repliquemangacine.fr\\\/wp-content\\\/uploads\\\/2023\\\/10\\\/RMC-500250.png\",\"contentUrl\":\"https:\\\/\\\/repliquemangacine.fr\\\/wp-content\\\/uploads\\\/2023\\\/10\\\/RMC-500250.png\",\"width\":500,\"height\":250,\"caption\":\"R\u00e9plique Manga Cin\u00e9\"},\"image\":{\"@id\":\"https:\\\/\\\/repliquemangacine.fr\\\/#\\\/schema\\\/logo\\\/image\\\/\"},\"sameAs\":[\"https:\\\/\\\/www.facebook.com\\\/RepliqueMangaCine\",\"https:\\\/\\\/www.instagram.com\\\/repliquemangacine.fr\\\/\"]}]}<\/script>\n<!-- \/ Yoast SEO plugin. -->","yoast_head_json":{"title":"Perkussionspistole Pirat Bronze - R\u00e9plique Manga Cin\u00e9","description":"Bronzefarbene Piraten-Perkussionspistole aus Holz und Metall. Dekorative Replik 37 cm. Ideal f\u00fcr Sammler, Cosplayer und authentische Piratendekoration.","robots":{"index":"index","follow":"follow","max-snippet":"max-snippet:-1","max-image-preview":"max-image-preview:large","max-video-preview":"max-video-preview:-1"},"canonical":"https:\/\/repliquemangacine.fr\/de\/piratenwaffen\/perkussionspistole-pirat-bronze\/","og_locale":"de_DE","og_type":"article","og_title":"Pistolet Percussion Pirate Bronze - R\u00e9plique Manga Cin\u00e9","og_description":"Pistolet percussion pirate bronze en bois et m\u00e9tal. R\u00e9plique d\u00e9corative 37 cm. Id\u00e9al collection, cosplay et d\u00e9cor pirate authentique.","og_url":"https:\/\/repliquemangacine.fr\/de\/piratenwaffen\/perkussionspistole-pirat-bronze\/","og_site_name":"R\u00e9plique Manga Cin\u00e9","article_publisher":"https:\/\/www.facebook.com\/RepliqueMangaCine","article_modified_time":"2026-02-19T10:31:55+00:00","og_image":[{"width":700,"height":700,"url":"https:\/\/repliquemangacine.fr\/wp-content\/uploads\/2025\/11\/pistolet-pirate-bronze-laterale.jpg","type":"image\/jpeg"}],"twitter_card":"summary_large_image","twitter_misc":{"Gesch\u00e4tzte Lesezeit":"3\u00a0Minuten"},"schema":{"@context":"https:\/\/schema.org","@graph":[{"@type":"WebPage","@id":"https:\/\/repliquemangacine.fr\/armes-de-pirates\/pistolet-percussion-pirate-bronze\/","url":"https:\/\/repliquemangacine.fr\/armes-de-pirates\/pistolet-percussion-pirate-bronze\/","name":"Perkussionspistole Pirat Bronze - R\u00e9plique Manga Cin\u00e9","isPartOf":{"@id":"https:\/\/repliquemangacine.fr\/#website"},"primaryImageOfPage":{"@id":"https:\/\/repliquemangacine.fr\/armes-de-pirates\/pistolet-percussion-pirate-bronze\/#primaryimage"},"image":{"@id":"https:\/\/repliquemangacine.fr\/armes-de-pirates\/pistolet-percussion-pirate-bronze\/#primaryimage"},"thumbnailUrl":"https:\/\/repliquemangacine.fr\/wp-content\/uploads\/2025\/11\/pistolet-pirate-bronze-laterale.jpg","datePublished":"2025-11-07T13:27:22+00:00","dateModified":"2026-02-19T10:31:55+00:00","description":"Bronzefarbene Piraten-Perkussionspistole aus Holz und Metall. Dekorative Replik 37 cm. Ideal f\u00fcr Sammler, Cosplayer und authentische Piratendekoration.","breadcrumb":{"@id":"https:\/\/repliquemangacine.fr\/armes-de-pirates\/pistolet-percussion-pirate-bronze\/#breadcrumb"},"inLanguage":"de","potentialAction":[{"@type":"ReadAction","target":["https:\/\/repliquemangacine.fr\/armes-de-pirates\/pistolet-percussion-pirate-bronze\/"]}]},{"@type":"ImageObject","inLanguage":"de","@id":"https:\/\/repliquemangacine.fr\/armes-de-pirates\/pistolet-percussion-pirate-bronze\/#primaryimage","url":"https:\/\/repliquemangacine.fr\/wp-content\/uploads\/2025\/11\/pistolet-pirate-bronze-laterale.jpg","contentUrl":"https:\/\/repliquemangacine.fr\/wp-content\/uploads\/2025\/11\/pistolet-pirate-bronze-laterale.jpg","width":700,"height":700,"caption":"Pistolet Percussion Pirate Bronze"},{"@type":"BreadcrumbList","@id":"https:\/\/repliquemangacine.fr\/armes-de-pirates\/pistolet-percussion-pirate-bronze\/#breadcrumb","itemListElement":[{"@type":"ListItem","position":1,"name":"Accueil","item":"https:\/\/repliquemangacine.fr\/"},{"@type":"ListItem","position":2,"name":"Produits","item":"https:\/\/repliquemangacine.fr\/boutique\/"},{"@type":"ListItem","position":3,"name":"Pistolet Percussion Pirate Bronze"}]},{"@type":"WebSite","@id":"https:\/\/repliquemangacine.fr\/#website","url":"https:\/\/repliquemangacine.fr\/","name":"R\u00e9plique Manga Cin\u00e9","description":"","publisher":{"@id":"https:\/\/repliquemangacine.fr\/#organization"},"potentialAction":[{"@type":"SearchAction","target":{"@type":"EntryPoint","urlTemplate":"https:\/\/repliquemangacine.fr\/?s={search_term_string}"},"query-input":{"@type":"PropertyValueSpecification","valueRequired":true,"valueName":"search_term_string"}}],"inLanguage":"de"},{"@type":"Organization","@id":"https:\/\/repliquemangacine.fr\/#organization","name":"R\u00e9plique Manga Cin\u00e9","url":"https:\/\/repliquemangacine.fr\/","logo":{"@type":"ImageObject","inLanguage":"de","@id":"https:\/\/repliquemangacine.fr\/#\/schema\/logo\/image\/","url":"https:\/\/repliquemangacine.fr\/wp-content\/uploads\/2023\/10\/RMC-500250.png","contentUrl":"https:\/\/repliquemangacine.fr\/wp-content\/uploads\/2023\/10\/RMC-500250.png","width":500,"height":250,"caption":"R\u00e9plique Manga Cin\u00e9"},"image":{"@id":"https:\/\/repliquemangacine.fr\/#\/schema\/logo\/image\/"},"sameAs":["https:\/\/www.facebook.com\/RepliqueMangaCine","https:\/\/www.instagram.com\/repliquemangacine.fr\/"]}]}},"_links":{"self":[{"href":"https:\/\/repliquemangacine.fr\/de\/wp-json\/wp\/v2\/product\/90225","targetHints":{"allow":["GET"]}}],"collection":[{"href":"https:\/\/repliquemangacine.fr\/de\/wp-json\/wp\/v2\/product"}],"about":[{"href":"https:\/\/repliquemangacine.fr\/de\/wp-json\/wp\/v2\/types\/product"}],"wp:featuredmedia":[{"embeddable":true,"href":"https:\/\/repliquemangacine.fr\/de\/wp-json\/wp\/v2\/media\/90232"}],"wp:attachment":[{"href":"https:\/\/repliquemangacine.fr\/de\/wp-json\/wp\/v2\/media?parent=90225"}],"wp:term":[{"taxonomy":"product_brand","embeddable":true,"href":"https:\/\/repliquemangacine.fr\/de\/wp-json\/wp\/v2\/product_brand?post=90225"},{"taxonomy":"product_cat","embeddable":true,"href":"https:\/\/repliquemangacine.fr\/de\/wp-json\/wp\/v2\/product_cat?post=90225"},{"taxonomy":"product_tag","embeddable":true,"href":"https:\/\/repliquemangacine.fr\/de\/wp-json\/wp\/v2\/product_tag?post=90225"}],"curies":[{"name":"wp","href":"https:\/\/api.w.org\/{rel}","templated":true}]}}