





{"id":90211,"date":"2025-11-07T11:45:05","date_gmt":"2025-11-07T10:45:05","guid":{"rendered":"https:\/\/repliquemangacine.fr\/?post_type=product&#038;p=90211"},"modified":"2026-02-19T11:32:06","modified_gmt":"2026-02-19T10:32:06","slug":"piraten-perkussionspistole","status":"publish","type":"product","link":"https:\/\/repliquemangacine.fr\/de\/armes-de-pirates\/pistolet-a-percussion-pirate\/","title":{"rendered":"Pirate Percussion Gun"},"content":{"rendered":"<h2>Merkmale der Piratenpistole und historische Inspiration<\/h2>\n<p>Diese Piraten-Perkussionspistole <a href=\"https:\/\/www.denix.fr\/fr\/\" target=\"_blank\" rel=\"noopener noreferrer\">Denix<\/a> hat einen soliden und eleganten Korpus aus lackiertem Holz, der f\u00fcr das angestrebte authentische Aussehen wichtig ist. Die gegossenen Metallteile bieten pr\u00e4zise Details und verst\u00e4rken das Gef\u00fchl eines historischen, mit handwerklicher Sorgfalt gefertigten Objekts. Die Gesamtl\u00e4nge von 37 Zentimetern liegt angenehm in der Hand und garantiert eine bemerkenswerte visuelle Pr\u00e4senz auf einem Themenregal. Sein Gewicht von 629 Gramm sorgt f\u00fcr Dichte und vermittelt einen realistischen Eindruck, der von Sammlern und Liebhabern gesch\u00e4tzt wird. Diese Replik ist von den Waffen inspiriert, die von den Piraten und Freibeutern verwendet wurden, die im 18.\u1d49 Jahrhundert die Meere befahren haben. Sie segelten zwischen Seeschlachten, waghalsigen Entern und der Suche nach verbotenen Sch\u00e4tzen. Die Pistole erinnert deutlich an die Vorstellungswelt der legend\u00e4ren Freibeuter, die die popul\u00e4ren maritimen Erz\u00e4hlungen pr\u00e4gten. So wird dieses dekorative St\u00fcck zu einer visuellen Hommage an diese rebellischen Abenteurer. Sie eignet sich f\u00fcr Sammler, die eine sorgf\u00e4ltige, haltbare und wirklich dekorative Reproduktion suchen.<\/p>\n<h2>Bedeutung und Besonderheit dieses dekorativen Replikats<\/h2>\n<p>Diese Replik einer Piraten-Perkussionspistole hat eine wichtige erz\u00e4hlerische Dimension, da sie sofort die maritime Welt voller k\u00fchner Geschichten heraufbeschw\u00f6rt. Da sie aus Holz und Metall gefertigt ist, beh\u00e4lt sie das Aussehen der alten Waffen bei, die bei historischen Enterungen verwendet wurden. Daher ist sie ein ideales dekoratives Element, um in einem bestimmten Raum eine immersive Atmosph\u00e4re zu schaffen. Dar\u00fcber hinaus sorgt die Qualit\u00e4t des Zusammenbaus f\u00fcr eine starke visuelle Pr\u00e4senz, die jedes geschnitzte Detail und jedes Metallfinish hervorhebt. So ist die Pistole ein nat\u00fcrlicher Blickfang und regt die Fantasie f\u00fcr epische Piratenszenen an. Dar\u00fcber hinaus ist sie ein beliebtes Accessoire f\u00fcr Cosplay-Fans, die auf der Suche nach einem zuverl\u00e4ssigen und konsistenten Realismus sind. Die M\u00fcnze bietet auch einen symbolischen Wert, der mit Abenteuer, Freiheit und Eroberung der Meere verbunden ist. Kurzum, ihr Reiz liegt in ihrer \u00e4sthetischen Authentizit\u00e4t und ihrer starken suggestiven Kraft. Diese Replik erz\u00e4hlt eine Geschichte, ohne Worte zu ben\u00f6tigen.<\/p>\n<h2>Andere verf\u00fcgbare Artikel auf R\u00e9pliqueMangaCin\u00e9<\/h2>\n<p>Schlie\u00dflich auf <strong>ReplikMangaKino<\/strong>, Hier finden Sie auch eine gro\u00dfe Auswahl an dekorativen Waffen, die von vielen ber\u00fchmten Welten inspiriert sind. Darunter befinden sich auch mehrere Katanas aus ikonischen Manga-Serien, die Liebhaber der japanischen Kultur und der kriegerischen \u00c4sthetik ansprechen. Sie k\u00f6nnen Schwerter entdecken, die von One Piece, Naruto, Demon Slayer oder Bleach inspiriert sind und jeweils sorgf\u00e4ltig ausgew\u00e4hlt wurden. Dar\u00fcber hinaus sind Schwerter aus ber\u00fchmten Filmen und Serien erh\u00e4ltlich, um bereits etablierte Sammlungen zu erg\u00e4nzen. Fans von \"Herr der Ringe\", \"Game of Thrones\" oder \"Harry Potter\" werden wundersch\u00f6ne St\u00fccke finden. F\u00fcr Liebhaber der Milit\u00e4rgeschichte gibt es Gladiatoren, Schilde und Reenactment-Waffen, die die dekorativen Pr\u00e4sentationen harmonisch erg\u00e4nzen. Dar\u00fcber hinaus werden <a href=\"https:\/\/repliquemangacine.fr\/de\/westernwaffen\/\">Westernrepliken<\/a> wie Colts und Winchesters sorgen f\u00fcr eine authentische Wildwest-Atmosph\u00e4re. So begleitet eine reiche Vielfalt jeden Sammler entsprechend seiner Lieblingswelt. <strong>ReplikMangaKino<\/strong> bietet Artikel an, die mit Leidenschaft und konstanten Anforderungen ausgew\u00e4hlt wurden.<\/p>","protected":false},"excerpt":{"rendered":"<p><strong>Technische Daten :<\/strong><\/p>\n<ul>\n<li>Dekoratives, nicht funktionierendes Replikat<\/li>\n<li>Korpus aus lackiertem Holz<\/li>\n<li>Garnituren und Lauf aus gegossenem Metall<\/li>\n<li>Marke: Denix<\/li>\n<li>Perfekt f\u00fcr: Dekoration, Cosplay, Sammeln und Nachstellen<\/li>\n<li>Gesamtl\u00e4nge: 37 cm<\/li>\n<li>Gewicht: 629 g<\/li>\n<\/ul>","protected":false},"featured_media":90214,"template":"","meta":[],"product_brand":[],"product_cat":[49,102,52,114,28],"product_tag":[],"class_list":{"0":"post-90211","1":"product","2":"type-product","3":"status-publish","4":"has-post-thumbnail","6":"product_cat-armes-de-pirates","7":"product_cat-denix","8":"product_cat-pistolet-ancien","9":"product_cat-pistolet-pirate","10":"product_cat-repliques-darmes","12":"first","13":"instock","14":"taxable","15":"shipping-taxable","16":"purchasable","17":"product-type-simple"},"yoast_head":"<!-- This site is optimized with the Yoast SEO plugin v27.4 - https:\/\/yoast.com\/product\/yoast-seo-wordpress\/ -->\n<title>Pistolet \u00e0 Percussion Pirate | R\u00e9plique Manga Cin\u00e9<\/title>\n<meta name=\"description\" content=\"R\u00e9plique de pistolet \u00e0 percussion pirate en bois et m\u00e9tal. Parfait pour d\u00e9coration, cosplay ou collection. Style historique XVIII\u1d49 authentique.\" \/>\n<meta name=\"robots\" content=\"index, follow, max-snippet:-1, max-image-preview:large, max-video-preview:-1\" \/>\n<link rel=\"canonical\" href=\"https:\/\/repliquemangacine.fr\/de\/piratenwaffen\/piraten-perkussionspistole\/\" \/>\n<meta property=\"og:locale\" content=\"de_DE\" \/>\n<meta property=\"og:type\" content=\"article\" \/>\n<meta property=\"og:title\" content=\"Pistolet \u00e0 Percussion Pirate | R\u00e9plique Manga Cin\u00e9\" \/>\n<meta property=\"og:description\" content=\"R\u00e9plique de pistolet \u00e0 percussion pirate en bois et m\u00e9tal. Parfait pour d\u00e9coration, cosplay ou collection. Style historique XVIII\u1d49 authentique.\" \/>\n<meta property=\"og:url\" content=\"https:\/\/repliquemangacine.fr\/de\/piratenwaffen\/piraten-perkussionspistole\/\" \/>\n<meta property=\"og:site_name\" content=\"R\u00e9plique Manga Cin\u00e9\" \/>\n<meta property=\"article:publisher\" content=\"https:\/\/www.facebook.com\/RepliqueMangaCine\" \/>\n<meta property=\"article:modified_time\" content=\"2026-02-19T10:32:06+00:00\" \/>\n<meta property=\"og:image\" content=\"https:\/\/repliquemangacine.fr\/wp-content\/uploads\/2025\/11\/1014g.jpg\" \/>\n\t<meta property=\"og:image:width\" content=\"700\" \/>\n\t<meta property=\"og:image:height\" content=\"700\" \/>\n\t<meta property=\"og:image:type\" content=\"image\/jpeg\" \/>\n<meta name=\"twitter:card\" content=\"summary_large_image\" \/>\n<meta name=\"twitter:label1\" content=\"Gesch\u00e4tzte Lesezeit\" \/>\n\t<meta name=\"twitter:data1\" content=\"3\u00a0Minuten\" \/>\n<script type=\"application\/ld+json\" class=\"yoast-schema-graph\">{\"@context\":\"https:\\\/\\\/schema.org\",\"@graph\":[{\"@type\":\"WebPage\",\"@id\":\"https:\\\/\\\/repliquemangacine.fr\\\/armes-de-pirates\\\/pistolet-a-percussion-pirate\\\/\",\"url\":\"https:\\\/\\\/repliquemangacine.fr\\\/armes-de-pirates\\\/pistolet-a-percussion-pirate\\\/\",\"name\":\"Pistolet \u00e0 Percussion Pirate | R\u00e9plique Manga Cin\u00e9\",\"isPartOf\":{\"@id\":\"https:\\\/\\\/repliquemangacine.fr\\\/#website\"},\"primaryImageOfPage\":{\"@id\":\"https:\\\/\\\/repliquemangacine.fr\\\/armes-de-pirates\\\/pistolet-a-percussion-pirate\\\/#primaryimage\"},\"image\":{\"@id\":\"https:\\\/\\\/repliquemangacine.fr\\\/armes-de-pirates\\\/pistolet-a-percussion-pirate\\\/#primaryimage\"},\"thumbnailUrl\":\"https:\\\/\\\/repliquemangacine.fr\\\/wp-content\\\/uploads\\\/2025\\\/11\\\/1014g.jpg\",\"datePublished\":\"2025-11-07T10:45:05+00:00\",\"dateModified\":\"2026-02-19T10:32:06+00:00\",\"description\":\"R\u00e9plique de pistolet \u00e0 percussion pirate en bois et m\u00e9tal. Parfait pour d\u00e9coration, cosplay ou collection. Style historique XVIII\u1d49 authentique.\",\"breadcrumb\":{\"@id\":\"https:\\\/\\\/repliquemangacine.fr\\\/armes-de-pirates\\\/pistolet-a-percussion-pirate\\\/#breadcrumb\"},\"inLanguage\":\"de\",\"potentialAction\":[{\"@type\":\"ReadAction\",\"target\":[\"https:\\\/\\\/repliquemangacine.fr\\\/armes-de-pirates\\\/pistolet-a-percussion-pirate\\\/\"]}]},{\"@type\":\"ImageObject\",\"inLanguage\":\"de\",\"@id\":\"https:\\\/\\\/repliquemangacine.fr\\\/armes-de-pirates\\\/pistolet-a-percussion-pirate\\\/#primaryimage\",\"url\":\"https:\\\/\\\/repliquemangacine.fr\\\/wp-content\\\/uploads\\\/2025\\\/11\\\/1014g.jpg\",\"contentUrl\":\"https:\\\/\\\/repliquemangacine.fr\\\/wp-content\\\/uploads\\\/2025\\\/11\\\/1014g.jpg\",\"width\":700,\"height\":700,\"caption\":\"Pistolet \u00e0 Percussion Pirate\"},{\"@type\":\"BreadcrumbList\",\"@id\":\"https:\\\/\\\/repliquemangacine.fr\\\/armes-de-pirates\\\/pistolet-a-percussion-pirate\\\/#breadcrumb\",\"itemListElement\":[{\"@type\":\"ListItem\",\"position\":1,\"name\":\"Accueil\",\"item\":\"https:\\\/\\\/repliquemangacine.fr\\\/\"},{\"@type\":\"ListItem\",\"position\":2,\"name\":\"Produits\",\"item\":\"https:\\\/\\\/repliquemangacine.fr\\\/boutique\\\/\"},{\"@type\":\"ListItem\",\"position\":3,\"name\":\"Pistolet \u00e0 Percussion Pirate\"}]},{\"@type\":\"WebSite\",\"@id\":\"https:\\\/\\\/repliquemangacine.fr\\\/#website\",\"url\":\"https:\\\/\\\/repliquemangacine.fr\\\/\",\"name\":\"R\u00e9plique Manga Cin\u00e9\",\"description\":\"\",\"publisher\":{\"@id\":\"https:\\\/\\\/repliquemangacine.fr\\\/#organization\"},\"potentialAction\":[{\"@type\":\"SearchAction\",\"target\":{\"@type\":\"EntryPoint\",\"urlTemplate\":\"https:\\\/\\\/repliquemangacine.fr\\\/?s={search_term_string}\"},\"query-input\":{\"@type\":\"PropertyValueSpecification\",\"valueRequired\":true,\"valueName\":\"search_term_string\"}}],\"inLanguage\":\"de\"},{\"@type\":\"Organization\",\"@id\":\"https:\\\/\\\/repliquemangacine.fr\\\/#organization\",\"name\":\"R\u00e9plique Manga Cin\u00e9\",\"url\":\"https:\\\/\\\/repliquemangacine.fr\\\/\",\"logo\":{\"@type\":\"ImageObject\",\"inLanguage\":\"de\",\"@id\":\"https:\\\/\\\/repliquemangacine.fr\\\/#\\\/schema\\\/logo\\\/image\\\/\",\"url\":\"https:\\\/\\\/repliquemangacine.fr\\\/wp-content\\\/uploads\\\/2023\\\/10\\\/RMC-500250.png\",\"contentUrl\":\"https:\\\/\\\/repliquemangacine.fr\\\/wp-content\\\/uploads\\\/2023\\\/10\\\/RMC-500250.png\",\"width\":500,\"height\":250,\"caption\":\"R\u00e9plique Manga Cin\u00e9\"},\"image\":{\"@id\":\"https:\\\/\\\/repliquemangacine.fr\\\/#\\\/schema\\\/logo\\\/image\\\/\"},\"sameAs\":[\"https:\\\/\\\/www.facebook.com\\\/RepliqueMangaCine\",\"https:\\\/\\\/www.instagram.com\\\/repliquemangacine.fr\\\/\"]}]}<\/script>\n<!-- \/ Yoast SEO plugin. -->","yoast_head_json":{"title":"Pirate Percussion Gun | R\u00e9plique Manga Cin\u00e9","description":"Replik einer Piraten-Perkussionspistole aus Holz und Metall. Perfekt f\u00fcr Dekoration, Cosplay oder Sammlung. Authentischer historischer XVIII\u1d49-Stil.","robots":{"index":"index","follow":"follow","max-snippet":"max-snippet:-1","max-image-preview":"max-image-preview:large","max-video-preview":"max-video-preview:-1"},"canonical":"https:\/\/repliquemangacine.fr\/de\/piratenwaffen\/piraten-perkussionspistole\/","og_locale":"de_DE","og_type":"article","og_title":"Pistolet \u00e0 Percussion Pirate | R\u00e9plique Manga Cin\u00e9","og_description":"R\u00e9plique de pistolet \u00e0 percussion pirate en bois et m\u00e9tal. Parfait pour d\u00e9coration, cosplay ou collection. Style historique XVIII\u1d49 authentique.","og_url":"https:\/\/repliquemangacine.fr\/de\/piratenwaffen\/piraten-perkussionspistole\/","og_site_name":"R\u00e9plique Manga Cin\u00e9","article_publisher":"https:\/\/www.facebook.com\/RepliqueMangaCine","article_modified_time":"2026-02-19T10:32:06+00:00","og_image":[{"width":700,"height":700,"url":"https:\/\/repliquemangacine.fr\/wp-content\/uploads\/2025\/11\/1014g.jpg","type":"image\/jpeg"}],"twitter_card":"summary_large_image","twitter_misc":{"Gesch\u00e4tzte Lesezeit":"3\u00a0Minuten"},"schema":{"@context":"https:\/\/schema.org","@graph":[{"@type":"WebPage","@id":"https:\/\/repliquemangacine.fr\/armes-de-pirates\/pistolet-a-percussion-pirate\/","url":"https:\/\/repliquemangacine.fr\/armes-de-pirates\/pistolet-a-percussion-pirate\/","name":"Pirate Percussion Gun | R\u00e9plique Manga Cin\u00e9","isPartOf":{"@id":"https:\/\/repliquemangacine.fr\/#website"},"primaryImageOfPage":{"@id":"https:\/\/repliquemangacine.fr\/armes-de-pirates\/pistolet-a-percussion-pirate\/#primaryimage"},"image":{"@id":"https:\/\/repliquemangacine.fr\/armes-de-pirates\/pistolet-a-percussion-pirate\/#primaryimage"},"thumbnailUrl":"https:\/\/repliquemangacine.fr\/wp-content\/uploads\/2025\/11\/1014g.jpg","datePublished":"2025-11-07T10:45:05+00:00","dateModified":"2026-02-19T10:32:06+00:00","description":"Replik einer Piraten-Perkussionspistole aus Holz und Metall. Perfekt f\u00fcr Dekoration, Cosplay oder Sammlung. Authentischer historischer XVIII\u1d49-Stil.","breadcrumb":{"@id":"https:\/\/repliquemangacine.fr\/armes-de-pirates\/pistolet-a-percussion-pirate\/#breadcrumb"},"inLanguage":"de","potentialAction":[{"@type":"ReadAction","target":["https:\/\/repliquemangacine.fr\/armes-de-pirates\/pistolet-a-percussion-pirate\/"]}]},{"@type":"ImageObject","inLanguage":"de","@id":"https:\/\/repliquemangacine.fr\/armes-de-pirates\/pistolet-a-percussion-pirate\/#primaryimage","url":"https:\/\/repliquemangacine.fr\/wp-content\/uploads\/2025\/11\/1014g.jpg","contentUrl":"https:\/\/repliquemangacine.fr\/wp-content\/uploads\/2025\/11\/1014g.jpg","width":700,"height":700,"caption":"Pistolet \u00e0 Percussion Pirate"},{"@type":"BreadcrumbList","@id":"https:\/\/repliquemangacine.fr\/armes-de-pirates\/pistolet-a-percussion-pirate\/#breadcrumb","itemListElement":[{"@type":"ListItem","position":1,"name":"Accueil","item":"https:\/\/repliquemangacine.fr\/"},{"@type":"ListItem","position":2,"name":"Produits","item":"https:\/\/repliquemangacine.fr\/boutique\/"},{"@type":"ListItem","position":3,"name":"Pistolet \u00e0 Percussion Pirate"}]},{"@type":"WebSite","@id":"https:\/\/repliquemangacine.fr\/#website","url":"https:\/\/repliquemangacine.fr\/","name":"R\u00e9plique Manga Cin\u00e9","description":"","publisher":{"@id":"https:\/\/repliquemangacine.fr\/#organization"},"potentialAction":[{"@type":"SearchAction","target":{"@type":"EntryPoint","urlTemplate":"https:\/\/repliquemangacine.fr\/?s={search_term_string}"},"query-input":{"@type":"PropertyValueSpecification","valueRequired":true,"valueName":"search_term_string"}}],"inLanguage":"de"},{"@type":"Organization","@id":"https:\/\/repliquemangacine.fr\/#organization","name":"R\u00e9plique Manga Cin\u00e9","url":"https:\/\/repliquemangacine.fr\/","logo":{"@type":"ImageObject","inLanguage":"de","@id":"https:\/\/repliquemangacine.fr\/#\/schema\/logo\/image\/","url":"https:\/\/repliquemangacine.fr\/wp-content\/uploads\/2023\/10\/RMC-500250.png","contentUrl":"https:\/\/repliquemangacine.fr\/wp-content\/uploads\/2023\/10\/RMC-500250.png","width":500,"height":250,"caption":"R\u00e9plique Manga Cin\u00e9"},"image":{"@id":"https:\/\/repliquemangacine.fr\/#\/schema\/logo\/image\/"},"sameAs":["https:\/\/www.facebook.com\/RepliqueMangaCine","https:\/\/www.instagram.com\/repliquemangacine.fr\/"]}]}},"_links":{"self":[{"href":"https:\/\/repliquemangacine.fr\/de\/wp-json\/wp\/v2\/product\/90211","targetHints":{"allow":["GET"]}}],"collection":[{"href":"https:\/\/repliquemangacine.fr\/de\/wp-json\/wp\/v2\/product"}],"about":[{"href":"https:\/\/repliquemangacine.fr\/de\/wp-json\/wp\/v2\/types\/product"}],"wp:featuredmedia":[{"embeddable":true,"href":"https:\/\/repliquemangacine.fr\/de\/wp-json\/wp\/v2\/media\/90214"}],"wp:attachment":[{"href":"https:\/\/repliquemangacine.fr\/de\/wp-json\/wp\/v2\/media?parent=90211"}],"wp:term":[{"taxonomy":"product_brand","embeddable":true,"href":"https:\/\/repliquemangacine.fr\/de\/wp-json\/wp\/v2\/product_brand?post=90211"},{"taxonomy":"product_cat","embeddable":true,"href":"https:\/\/repliquemangacine.fr\/de\/wp-json\/wp\/v2\/product_cat?post=90211"},{"taxonomy":"product_tag","embeddable":true,"href":"https:\/\/repliquemangacine.fr\/de\/wp-json\/wp\/v2\/product_tag?post=90211"}],"curies":[{"name":"wp","href":"https:\/\/api.w.org\/{rel}","templated":true}]}}