





{"id":90180,"date":"2025-11-06T16:56:13","date_gmt":"2025-11-06T15:56:13","guid":{"rendered":"https:\/\/repliquemangacine.fr\/?post_type=product&#038;p=90180"},"modified":"2026-02-19T11:32:20","modified_gmt":"2026-02-19T10:32:20","slug":"dunkles-schwert-von-sauron-die-ringe-der-macht","status":"publish","type":"product","link":"https:\/\/repliquemangacine.fr\/de\/epees-et-dague-les-anneaux-de-pouvoir\/epee-sombre-de-sauron-les-anneaux-du-pouvoir\/","title":{"rendered":"Saurons dunkles Schwert - Die Ringe der Macht"},"content":{"rendered":"<h2>Saurons dunkles Schwert - Die Macht der Schatten<\/h2>\n<p>Zun\u00e4chst einmal ist diese <strong>Saurons dunkles Schwert<\/strong> steht f\u00fcr Saurons beherrschende Macht, wie sie in Die Ringe der Macht zum Ausdruck kommt. So erinnern seine schlanke L\u00e4nge und sein dunkler Metallton sofort an die Schmieden des <a href=\"https:\/\/lotr.fandom.com\/fr\/wiki\/Mordor\" target=\"_blank\" rel=\"noopener noreferrer\">Mordor<\/a>. Au\u00dferdem verst\u00e4rkt das eingravierte Zeichen von Sauron auf der Klinge ihre heilige und verfluchte Dimension. Die Klinge ist vollst\u00e4ndig aus Metall gefertigt und bietet eine intensive, fast unheimliche visuelle Pr\u00e4senz. Sie ist also nicht nur ein dekoratives Objekt, sondern auch eine Aura. Dar\u00fcber hinaus zieht seine kantige, bedrohliche Silhouette nat\u00fcrlich die Blicke auf sich. Es eignet sich f\u00fcr Sammler, die auf der Suche nach bedeutungsvollen St\u00fccken sind. Schlie\u00dflich verk\u00f6rpert dieses Schwert die Versuchung der Macht, den inneren Kampf und die verlorene Gr\u00f6\u00dfe. Es ist nicht nur eine Waffe, sondern eine ganze Geschichte, die es zu zeigen gilt.<\/p>\n<h2>Eine elegante und schrecklich dunkle Klinge<\/h2>\n<p>Dieses Replikat zeichnet sich durch seine liebevollen Details aus, die den Eindruck einer Kreation aus einer vergessenen Epoche verst\u00e4rken. Der stachelige Griff erinnert an eine zerbrochene Krone, w\u00e4hrend die lange Klinge so aussieht, als w\u00fcrde sie das Licht selbst durchtrennen. Jede Kurve, jedes Relief scheint absichtlich gemei\u00dfelt, um Dominanz auszudr\u00fccken. Dar\u00fcber hinaus kann sie aufgrund ihres visuellen Gleichgewichts zu einem Prunkst\u00fcck in einer Sammlung werden. Sie kann an einer Wand, in einer Vitrine oder auf einem speziellen St\u00e4nder ausgestellt werden. Dank ihrer dunklen Oberfl\u00e4che strahlt sie eine tiefe und ernste Atmosph\u00e4re aus. Daher ist sie sowohl f\u00fcr Fantasy-Fans als auch f\u00fcr Liebhaber dramatischer Dekorationen geeignet. Sie sieht nicht nur gut aus, sie erz\u00e4hlt auch eine Geschichte. Sie fl\u00fcstert eine dunkle Legende. Und sie l\u00e4dt dazu ein, in den Schatten einzutreten.<\/p>\n<h2>Vervollst\u00e4ndigen Sie Ihre Sammlung mit legend\u00e4ren Relikten<\/h2>\n<p>Um eine komplette Mittelerde-Szene zu schaffen, k\u00f6nnen Sie dieses Schwert mit anderen ikonischen St\u00fccken kombinieren. Als Erstes entdecken Sie die Replik des\u2019<a href=\"https:\/\/repliquemangacine.fr\/de\/schwerter-und-dolche-die-ringe-der-macht\/galadriels-schwert-ringe-der-macht\/\">Galadriels Schwert<\/a>, ein Symbol f\u00fcr elbische Weisheit und Licht, das einen faszinierenden Kontrast zu Saurons Schatten bildet. F\u00fcgen Sie anschlie\u00dfend das\u2019<a href=\"https:\/\/repliquemangacine.fr\/de\/schwerter-und-dolche-die-ringe-der-macht\/schwert-von-numenor-die-ringe-der-macht\/\">Schwert von N\u00famenor<\/a>, Der Knauf in Form eines Pferdekopfes erinnert an den Adel und das k\u00f6nigliche Erbe der Hommes. Vervollst\u00e4ndigen Sie schlie\u00dflich Ihre Einrichtung mit dem <a href=\"https:\/\/repliquemangacine.fr\/de\/schwerter-und-dolche-die-ringe-der-macht\/celebrimbor-hammer\/\">Hammer von Celebrimbor<\/a>, Das Instrument, mit dem die Ringe geschaffen wurden, ist voller Geschichte und Geheimnisse. So bilden diese St\u00fccke zusammen ein harmonisches Ganzes, das Licht, Macht, Erbe und Schicksal ins Gleichgewicht bringt. Und nat\u00fcrlich warten auf R\u00e9plique Manga Cin\u00e9 noch weitere au\u00dfergew\u00f6hnliche Repliken auf Sie, um Ihre Heldengalerie zu bereichern.<\/p>","protected":false},"excerpt":{"rendered":"<p>Wundersch\u00f6ne Replik von Saurons dunklem Schwert aus den Ringen der Macht.<\/p>\n<ul>\n<li>Klinge aus Zwei-Ton-Stahl mit dem Zeichen Saurons<\/li>\n<li>Griff und Knauf aus vernickeltem Altstahl<\/li>\n<li>Garde ebenfalls aus gealtertem Stahl, scheint in den Flammen Morgoths geschmiedet worden zu sein.<\/li>\n<li>Kommt mit seiner h\u00f6lzernen Wandhalterung mit Saurons Zeichen<\/li>\n<li>L\u00e4nge der Klinge: 72.5cm - Gesamtl\u00e4nge: 96cm<\/li>\n<li>Gewicht: 1336 gr<\/li>\n<\/ul>","protected":false},"featured_media":90181,"template":"","meta":[],"product_brand":[],"product_cat":[106],"product_tag":[979,978],"class_list":{"0":"post-90180","1":"product","2":"type-product","3":"status-publish","4":"has-post-thumbnail","6":"product_cat-epees-et-dague-les-anneaux-de-pouvoir","7":"product_tag-epee-anneaux-du-pouvoir","8":"product_tag-epee-sombre-sauron","10":"first","11":"instock","12":"taxable","13":"shipping-taxable","14":"purchasable","15":"product-type-simple"},"yoast_head":"<!-- This site is optimized with the Yoast SEO plugin v27.4 - https:\/\/yoast.com\/product\/yoast-seo-wordpress\/ -->\n<title>\u00c9p\u00e9e Sombre de Sauron - Les Anneaux du Pouvoir | RMC<\/title>\n<meta name=\"description\" content=\"\u00c9p\u00e9e Sombre de Sauron en m\u00e9tal avec marque grav\u00e9e. R\u00e9plique de collection inspir\u00e9e des Anneaux du Pouvoir. Pr\u00e9sence puissante et d\u00e9corative.\" \/>\n<meta name=\"robots\" content=\"index, follow, max-snippet:-1, max-image-preview:large, max-video-preview:-1\" \/>\n<link rel=\"canonical\" href=\"https:\/\/repliquemangacine.fr\/de\/schwerter-und-dolche-die-ringe-der-macht\/dunkles-schwert-von-sauron-die-ringe-der-macht\/\" \/>\n<meta property=\"og:locale\" content=\"de_DE\" \/>\n<meta property=\"og:type\" content=\"article\" \/>\n<meta property=\"og:title\" content=\"\u00c9p\u00e9e Sombre de Sauron - Les Anneaux du Pouvoir | RMC\" \/>\n<meta property=\"og:description\" content=\"\u00c9p\u00e9e Sombre de Sauron en m\u00e9tal avec marque grav\u00e9e. R\u00e9plique de collection inspir\u00e9e des Anneaux du Pouvoir. Pr\u00e9sence puissante et d\u00e9corative.\" \/>\n<meta property=\"og:url\" content=\"https:\/\/repliquemangacine.fr\/de\/schwerter-und-dolche-die-ringe-der-macht\/dunkles-schwert-von-sauron-die-ringe-der-macht\/\" \/>\n<meta property=\"og:site_name\" content=\"R\u00e9plique Manga Cin\u00e9\" \/>\n<meta property=\"article:publisher\" content=\"https:\/\/www.facebook.com\/RepliqueMangaCine\" \/>\n<meta property=\"article:modified_time\" content=\"2026-02-19T10:32:20+00:00\" \/>\n<meta property=\"og:image\" content=\"https:\/\/repliquemangacine.fr\/wp-content\/uploads\/2025\/11\/Epee-sombre-de-Sauron.jpg\" \/>\n\t<meta property=\"og:image:width\" content=\"700\" \/>\n\t<meta property=\"og:image:height\" content=\"700\" \/>\n\t<meta property=\"og:image:type\" content=\"image\/jpeg\" \/>\n<meta name=\"twitter:card\" content=\"summary_large_image\" \/>\n<meta name=\"twitter:label1\" content=\"Gesch\u00e4tzte Lesezeit\" \/>\n\t<meta name=\"twitter:data1\" content=\"3\u00a0Minuten\" \/>\n<script type=\"application\/ld+json\" class=\"yoast-schema-graph\">{\"@context\":\"https:\\\/\\\/schema.org\",\"@graph\":[{\"@type\":\"WebPage\",\"@id\":\"https:\\\/\\\/repliquemangacine.fr\\\/epees-et-dague-les-anneaux-de-pouvoir\\\/epee-sombre-de-sauron-les-anneaux-du-pouvoir\\\/\",\"url\":\"https:\\\/\\\/repliquemangacine.fr\\\/epees-et-dague-les-anneaux-de-pouvoir\\\/epee-sombre-de-sauron-les-anneaux-du-pouvoir\\\/\",\"name\":\"\u00c9p\u00e9e Sombre de Sauron - Les Anneaux du Pouvoir | RMC\",\"isPartOf\":{\"@id\":\"https:\\\/\\\/repliquemangacine.fr\\\/#website\"},\"primaryImageOfPage\":{\"@id\":\"https:\\\/\\\/repliquemangacine.fr\\\/epees-et-dague-les-anneaux-de-pouvoir\\\/epee-sombre-de-sauron-les-anneaux-du-pouvoir\\\/#primaryimage\"},\"image\":{\"@id\":\"https:\\\/\\\/repliquemangacine.fr\\\/epees-et-dague-les-anneaux-de-pouvoir\\\/epee-sombre-de-sauron-les-anneaux-du-pouvoir\\\/#primaryimage\"},\"thumbnailUrl\":\"https:\\\/\\\/repliquemangacine.fr\\\/wp-content\\\/uploads\\\/2025\\\/11\\\/Epee-sombre-de-Sauron.jpg\",\"datePublished\":\"2025-11-06T15:56:13+00:00\",\"dateModified\":\"2026-02-19T10:32:20+00:00\",\"description\":\"\u00c9p\u00e9e Sombre de Sauron en m\u00e9tal avec marque grav\u00e9e. R\u00e9plique de collection inspir\u00e9e des Anneaux du Pouvoir. Pr\u00e9sence puissante et d\u00e9corative.\",\"breadcrumb\":{\"@id\":\"https:\\\/\\\/repliquemangacine.fr\\\/epees-et-dague-les-anneaux-de-pouvoir\\\/epee-sombre-de-sauron-les-anneaux-du-pouvoir\\\/#breadcrumb\"},\"inLanguage\":\"de\",\"potentialAction\":[{\"@type\":\"ReadAction\",\"target\":[\"https:\\\/\\\/repliquemangacine.fr\\\/epees-et-dague-les-anneaux-de-pouvoir\\\/epee-sombre-de-sauron-les-anneaux-du-pouvoir\\\/\"]}]},{\"@type\":\"ImageObject\",\"inLanguage\":\"de\",\"@id\":\"https:\\\/\\\/repliquemangacine.fr\\\/epees-et-dague-les-anneaux-de-pouvoir\\\/epee-sombre-de-sauron-les-anneaux-du-pouvoir\\\/#primaryimage\",\"url\":\"https:\\\/\\\/repliquemangacine.fr\\\/wp-content\\\/uploads\\\/2025\\\/11\\\/Epee-sombre-de-Sauron.jpg\",\"contentUrl\":\"https:\\\/\\\/repliquemangacine.fr\\\/wp-content\\\/uploads\\\/2025\\\/11\\\/Epee-sombre-de-Sauron.jpg\",\"width\":700,\"height\":700,\"caption\":\"\u00c9p\u00e9e Sombre de Sauron -Les Anneaux du Pouvoir\"},{\"@type\":\"BreadcrumbList\",\"@id\":\"https:\\\/\\\/repliquemangacine.fr\\\/epees-et-dague-les-anneaux-de-pouvoir\\\/epee-sombre-de-sauron-les-anneaux-du-pouvoir\\\/#breadcrumb\",\"itemListElement\":[{\"@type\":\"ListItem\",\"position\":1,\"name\":\"Accueil\",\"item\":\"https:\\\/\\\/repliquemangacine.fr\\\/\"},{\"@type\":\"ListItem\",\"position\":2,\"name\":\"Produits\",\"item\":\"https:\\\/\\\/repliquemangacine.fr\\\/boutique\\\/\"},{\"@type\":\"ListItem\",\"position\":3,\"name\":\"\u00c9p\u00e9e Sombre de Sauron &#8211; Les Anneaux du Pouvoir\"}]},{\"@type\":\"WebSite\",\"@id\":\"https:\\\/\\\/repliquemangacine.fr\\\/#website\",\"url\":\"https:\\\/\\\/repliquemangacine.fr\\\/\",\"name\":\"R\u00e9plique Manga Cin\u00e9\",\"description\":\"\",\"publisher\":{\"@id\":\"https:\\\/\\\/repliquemangacine.fr\\\/#organization\"},\"potentialAction\":[{\"@type\":\"SearchAction\",\"target\":{\"@type\":\"EntryPoint\",\"urlTemplate\":\"https:\\\/\\\/repliquemangacine.fr\\\/?s={search_term_string}\"},\"query-input\":{\"@type\":\"PropertyValueSpecification\",\"valueRequired\":true,\"valueName\":\"search_term_string\"}}],\"inLanguage\":\"de\"},{\"@type\":\"Organization\",\"@id\":\"https:\\\/\\\/repliquemangacine.fr\\\/#organization\",\"name\":\"R\u00e9plique Manga Cin\u00e9\",\"url\":\"https:\\\/\\\/repliquemangacine.fr\\\/\",\"logo\":{\"@type\":\"ImageObject\",\"inLanguage\":\"de\",\"@id\":\"https:\\\/\\\/repliquemangacine.fr\\\/#\\\/schema\\\/logo\\\/image\\\/\",\"url\":\"https:\\\/\\\/repliquemangacine.fr\\\/wp-content\\\/uploads\\\/2023\\\/10\\\/RMC-500250.png\",\"contentUrl\":\"https:\\\/\\\/repliquemangacine.fr\\\/wp-content\\\/uploads\\\/2023\\\/10\\\/RMC-500250.png\",\"width\":500,\"height\":250,\"caption\":\"R\u00e9plique Manga Cin\u00e9\"},\"image\":{\"@id\":\"https:\\\/\\\/repliquemangacine.fr\\\/#\\\/schema\\\/logo\\\/image\\\/\"},\"sameAs\":[\"https:\\\/\\\/www.facebook.com\\\/RepliqueMangaCine\",\"https:\\\/\\\/www.instagram.com\\\/repliquemangacine.fr\\\/\"]}]}<\/script>\n<!-- \/ Yoast SEO plugin. -->","yoast_head_json":{"title":"Saurons dunkles Schwert - Die Ringe der Macht | RMC","description":"Saurons dunkles Schwert aus Metall mit eingraviertem Zeichen. Sammlerreplik, inspiriert von den Ringen der Macht. M\u00e4chtige und dekorative Pr\u00e4senz.","robots":{"index":"index","follow":"follow","max-snippet":"max-snippet:-1","max-image-preview":"max-image-preview:large","max-video-preview":"max-video-preview:-1"},"canonical":"https:\/\/repliquemangacine.fr\/de\/schwerter-und-dolche-die-ringe-der-macht\/dunkles-schwert-von-sauron-die-ringe-der-macht\/","og_locale":"de_DE","og_type":"article","og_title":"\u00c9p\u00e9e Sombre de Sauron - Les Anneaux du Pouvoir | RMC","og_description":"\u00c9p\u00e9e Sombre de Sauron en m\u00e9tal avec marque grav\u00e9e. R\u00e9plique de collection inspir\u00e9e des Anneaux du Pouvoir. Pr\u00e9sence puissante et d\u00e9corative.","og_url":"https:\/\/repliquemangacine.fr\/de\/schwerter-und-dolche-die-ringe-der-macht\/dunkles-schwert-von-sauron-die-ringe-der-macht\/","og_site_name":"R\u00e9plique Manga Cin\u00e9","article_publisher":"https:\/\/www.facebook.com\/RepliqueMangaCine","article_modified_time":"2026-02-19T10:32:20+00:00","og_image":[{"width":700,"height":700,"url":"https:\/\/repliquemangacine.fr\/wp-content\/uploads\/2025\/11\/Epee-sombre-de-Sauron.jpg","type":"image\/jpeg"}],"twitter_card":"summary_large_image","twitter_misc":{"Gesch\u00e4tzte Lesezeit":"3\u00a0Minuten"},"schema":{"@context":"https:\/\/schema.org","@graph":[{"@type":"WebPage","@id":"https:\/\/repliquemangacine.fr\/epees-et-dague-les-anneaux-de-pouvoir\/epee-sombre-de-sauron-les-anneaux-du-pouvoir\/","url":"https:\/\/repliquemangacine.fr\/epees-et-dague-les-anneaux-de-pouvoir\/epee-sombre-de-sauron-les-anneaux-du-pouvoir\/","name":"Saurons dunkles Schwert - Die Ringe der Macht | RMC","isPartOf":{"@id":"https:\/\/repliquemangacine.fr\/#website"},"primaryImageOfPage":{"@id":"https:\/\/repliquemangacine.fr\/epees-et-dague-les-anneaux-de-pouvoir\/epee-sombre-de-sauron-les-anneaux-du-pouvoir\/#primaryimage"},"image":{"@id":"https:\/\/repliquemangacine.fr\/epees-et-dague-les-anneaux-de-pouvoir\/epee-sombre-de-sauron-les-anneaux-du-pouvoir\/#primaryimage"},"thumbnailUrl":"https:\/\/repliquemangacine.fr\/wp-content\/uploads\/2025\/11\/Epee-sombre-de-Sauron.jpg","datePublished":"2025-11-06T15:56:13+00:00","dateModified":"2026-02-19T10:32:20+00:00","description":"Saurons dunkles Schwert aus Metall mit eingraviertem Zeichen. Sammlerreplik, inspiriert von den Ringen der Macht. M\u00e4chtige und dekorative Pr\u00e4senz.","breadcrumb":{"@id":"https:\/\/repliquemangacine.fr\/epees-et-dague-les-anneaux-de-pouvoir\/epee-sombre-de-sauron-les-anneaux-du-pouvoir\/#breadcrumb"},"inLanguage":"de","potentialAction":[{"@type":"ReadAction","target":["https:\/\/repliquemangacine.fr\/epees-et-dague-les-anneaux-de-pouvoir\/epee-sombre-de-sauron-les-anneaux-du-pouvoir\/"]}]},{"@type":"ImageObject","inLanguage":"de","@id":"https:\/\/repliquemangacine.fr\/epees-et-dague-les-anneaux-de-pouvoir\/epee-sombre-de-sauron-les-anneaux-du-pouvoir\/#primaryimage","url":"https:\/\/repliquemangacine.fr\/wp-content\/uploads\/2025\/11\/Epee-sombre-de-Sauron.jpg","contentUrl":"https:\/\/repliquemangacine.fr\/wp-content\/uploads\/2025\/11\/Epee-sombre-de-Sauron.jpg","width":700,"height":700,"caption":"\u00c9p\u00e9e Sombre de Sauron -Les Anneaux du Pouvoir"},{"@type":"BreadcrumbList","@id":"https:\/\/repliquemangacine.fr\/epees-et-dague-les-anneaux-de-pouvoir\/epee-sombre-de-sauron-les-anneaux-du-pouvoir\/#breadcrumb","itemListElement":[{"@type":"ListItem","position":1,"name":"Accueil","item":"https:\/\/repliquemangacine.fr\/"},{"@type":"ListItem","position":2,"name":"Produits","item":"https:\/\/repliquemangacine.fr\/boutique\/"},{"@type":"ListItem","position":3,"name":"\u00c9p\u00e9e Sombre de Sauron &#8211; Les Anneaux du Pouvoir"}]},{"@type":"WebSite","@id":"https:\/\/repliquemangacine.fr\/#website","url":"https:\/\/repliquemangacine.fr\/","name":"R\u00e9plique Manga Cin\u00e9","description":"","publisher":{"@id":"https:\/\/repliquemangacine.fr\/#organization"},"potentialAction":[{"@type":"SearchAction","target":{"@type":"EntryPoint","urlTemplate":"https:\/\/repliquemangacine.fr\/?s={search_term_string}"},"query-input":{"@type":"PropertyValueSpecification","valueRequired":true,"valueName":"search_term_string"}}],"inLanguage":"de"},{"@type":"Organization","@id":"https:\/\/repliquemangacine.fr\/#organization","name":"R\u00e9plique Manga Cin\u00e9","url":"https:\/\/repliquemangacine.fr\/","logo":{"@type":"ImageObject","inLanguage":"de","@id":"https:\/\/repliquemangacine.fr\/#\/schema\/logo\/image\/","url":"https:\/\/repliquemangacine.fr\/wp-content\/uploads\/2023\/10\/RMC-500250.png","contentUrl":"https:\/\/repliquemangacine.fr\/wp-content\/uploads\/2023\/10\/RMC-500250.png","width":500,"height":250,"caption":"R\u00e9plique Manga Cin\u00e9"},"image":{"@id":"https:\/\/repliquemangacine.fr\/#\/schema\/logo\/image\/"},"sameAs":["https:\/\/www.facebook.com\/RepliqueMangaCine","https:\/\/www.instagram.com\/repliquemangacine.fr\/"]}]}},"_links":{"self":[{"href":"https:\/\/repliquemangacine.fr\/de\/wp-json\/wp\/v2\/product\/90180","targetHints":{"allow":["GET"]}}],"collection":[{"href":"https:\/\/repliquemangacine.fr\/de\/wp-json\/wp\/v2\/product"}],"about":[{"href":"https:\/\/repliquemangacine.fr\/de\/wp-json\/wp\/v2\/types\/product"}],"wp:featuredmedia":[{"embeddable":true,"href":"https:\/\/repliquemangacine.fr\/de\/wp-json\/wp\/v2\/media\/90181"}],"wp:attachment":[{"href":"https:\/\/repliquemangacine.fr\/de\/wp-json\/wp\/v2\/media?parent=90180"}],"wp:term":[{"taxonomy":"product_brand","embeddable":true,"href":"https:\/\/repliquemangacine.fr\/de\/wp-json\/wp\/v2\/product_brand?post=90180"},{"taxonomy":"product_cat","embeddable":true,"href":"https:\/\/repliquemangacine.fr\/de\/wp-json\/wp\/v2\/product_cat?post=90180"},{"taxonomy":"product_tag","embeddable":true,"href":"https:\/\/repliquemangacine.fr\/de\/wp-json\/wp\/v2\/product_tag?post=90180"}],"curies":[{"name":"wp","href":"https:\/\/api.w.org\/{rel}","templated":true}]}}