





{"id":90143,"date":"2025-11-05T18:41:06","date_gmt":"2025-11-05T17:41:06","guid":{"rendered":"https:\/\/repliquemangacine.fr\/?post_type=product&#038;p=90143"},"modified":"2026-02-19T11:32:32","modified_gmt":"2026-02-19T10:32:32","slug":"zerbrochenes-schwert-von-sauron-die-ringe-der-macht","status":"publish","type":"product","link":"https:\/\/repliquemangacine.fr\/de\/epees-et-dague-les-anneaux-de-pouvoir\/epee-brisee-de-sauron-les-anneaux-du-pouvoir\/","title":{"rendered":"Saurons Zerschmettertes Schwert - Die Ringe der Macht"},"content":{"rendered":"<h2>Saurons zerbrochenes Schwert - Verfluchtes Relikt des Schattens<\/h2>\n<p>Zun\u00e4chst einmal ist dieses Zerbrochene Schwert von Sauron ein Symbol. Es verk\u00f6rpert die dunkle Macht Saurons in \"Ringe der Macht\". Es erscheint in den H\u00e4nden von Theo, einem jungen Mann, der von der schrecklichen Aura dieser Klinge fasziniert ist. Der Griff scheint in den Flammen Morgoths geschmiedet worden zu sein. Jedes Detail erinnert an eine Zeit blutiger Eroberungen. Die gebrochene, aber noch immer bedrohlich wirkende Klinge erz\u00e4hlt die Geschichte eines uralten Krieges. Sie ist vollst\u00e4ndig aus Metall gefertigt, was ihren Realismus noch verst\u00e4rkt. Auch Saurons Zeichen ist auf der Oberseite der Klinge zu finden. Sie wirkt fast lebendig. Sammler des Universums von <a href=\"https:\/\/www.tolkiendil.com\/bienvenue\" target=\"_blank\" rel=\"noopener noreferrer\">Tolkien<\/a> werden ihre einzigartige Silhouette sofort erkennen. Sie fordert in jeder Kollektion Respekt ein. Sie steht f\u00fcr Korruption, Versuchung und Schicksal. Au\u00dferdem sp\u00fcrt man sofort ihre dunkle Pr\u00e4senz. Sie ist ein starkes Ausstellungsst\u00fcck. Sie ist ein Blickfang und zieht die Aufmerksamkeit auf sich. Sie braucht keine Worte, um zu sprechen, sie erz\u00e4hlt bereits alles.<\/p>\n<h2>Ein dunkles Design und authentische Details<\/h2>\n<p>Diese Replik reproduziert getreu die \u00c4sthetik, die in der Serie Die Ringe der Macht zu sehen war. Auch die raue Metallstruktur ist zu erkennen. Die Spitzen des Schutzes erinnern an eine gefallene Krone. Die Klinge weist einen klaren, aber mystischen Bruch auf. Dieser Bruch verringert seine Macht nicht. Im Gegenteil, sie verleiht ihr einen dramatischen Charakter. Sie scheint direkt aus den Schmieden des Schattens zu kommen. Das dunkle Metall verst\u00e4rkt den Aspekt des Verfluchten. Es ist ein Objekt, das f\u00fcr die Ausstellung und nicht f\u00fcr den Kampf gedacht ist. Dennoch beh\u00e4lt es eine imposante Pr\u00e4senz. Es liegt nat\u00fcrlich in der Hand. Er l\u00e4sst sich wunderbar an einer Wand, in einer Vitrine oder auf einem dedizierten St\u00e4nder platzieren. Liebhaber mittelalterlicher Fantasy-Dekorationen werden an ihr ihre Freude haben. Sie bringt sofort eine geheimnisvolle Atmosph\u00e4re mit sich. Dennoch bleibt sie nie unbemerkt. Daher wird sie in jedem Raum zum Mittelpunkt.<\/p>\n<h2>F\u00fcr Sammler und Liebhaber der Mittelerde<\/h2>\n<p>Dieses Zerbrochene Schwert von Sauron passt perfekt in eine Sammlung, die dem Universum von Tolkien gewidmet ist. Um die Stimmung zu vervollst\u00e4ndigen, entdecken Sie auch die <a href=\"https:\/\/repliquemangacine.fr\/de\/schwerter-und-dolche-die-ringe-der-macht\/dolch-finrod-dolch-galadriel-die-ringe-der-macht\/\">Dolch von Finrod und Galadriel<\/a>Die beiden Farben sind perfekt, um an den Kampf zwischen Licht und Dunkelheit zu erinnern. Anschlie\u00dfend wird die<a href=\"https:\/\/repliquemangacine.fr\/de\/schwerter-und-dolche-die-ringe-der-macht\/schwert-delendil-die-ringe-der-macht\/\">Elendils Schwert<\/a>, ein Symbol f\u00fcr Mut und k\u00f6nigliches Erbe, verst\u00e4rkt die Mythologie Ihrer Sammlung noch weiter. Sie k\u00f6nnen auch das<a href=\"https:\/\/repliquemangacine.fr\/de\/herr-der-ringe-schwerter\/schwert-von-isildur-der-herr-der-ringe\/\">Isildurs Schwert<\/a>Das Buch ist ein Zeuge des Schicksals der Menschen im Angesicht der Macht des Rings. Jedes St\u00fcck erz\u00e4hlt einen Teil der Legende. Und noch viel mehr ist auf R\u00e9plique Manga Cin\u00e9 verf\u00fcgbar. So k\u00f6nnen Sie einen echten Raum der Chroniken von Licht und Schatten erschaffen. Fazit: Diese Klinge ist nicht allein, sie ist Teil eines epischen Universums, das bereit ist, an Ihren W\u00e4nden lebendig zu werden.<\/p>","protected":false},"excerpt":{"rendered":"<p>Wundersch\u00f6ne Replik von Saurons zerbrochenem Schwert, das Theo in den Ringen der Macht entdeckt hat.<\/p>\n<ul>\n<li>Zerbrochene Klinge aus zweifarbigem Stahl mit Saurons Zeichen<\/li>\n<li>Griff und Knauf aus vernickeltem Altstahl<\/li>\n<li>Garde ebenfalls aus gealtertem Stahl, scheint in den Flammen Morgoths geschmiedet worden zu sein.<\/li>\n<li>Kommt mit seiner h\u00f6lzernen Wandhalterung mit Saurons Zeichen<\/li>\n<li>L\u00e4nge der Klinge: 17 cm - Gesamtl\u00e4nge: 40 cm<\/li>\n<li>Gewicht: 808 gr<\/li>\n<\/ul>","protected":false},"featured_media":90145,"template":"","meta":[],"product_brand":[],"product_cat":[106],"product_tag":[975,971,969,972,977,973,974,970,976],"class_list":{"0":"post-90143","1":"product","2":"type-product","3":"status-publish","4":"has-post-thumbnail","6":"product_cat-epees-et-dague-les-anneaux-de-pouvoir","7":"product_tag-dark-lord-broken-sword","8":"product_tag-epee-les-anneaux-du-pouvoir","9":"product_tag-epee-sauron-anneaux-du-pouvoir","10":"product_tag-epee-theo-anneaux-du-pouvoir","11":"product_tag-middle-earth-collectible-weapon","12":"product_tag-relique-sauron","13":"product_tag-replique-anneaux-du-pouvoir","14":"product_tag-replique-sauron","15":"product_tag-rings-of-power-sword-replica","17":"first","18":"instock","19":"taxable","20":"shipping-taxable","21":"purchasable","22":"product-type-simple"},"yoast_head":"<!-- This site is optimized with the Yoast SEO plugin v27.4 - https:\/\/yoast.com\/product\/yoast-seo-wordpress\/ -->\n<title>Ep\u00e9e Bris\u00e9e de Sauron - Les anneaux du pouvoir | RMC<\/title>\n<meta name=\"description\" content=\"R\u00e9plique en m\u00e9tal de l\u2019Ep\u00e9e Bris\u00e9e de Sauron vue dans Les Anneaux du Pouvoir. Pi\u00e8ce de collection sombre et iconique pour fans de Tolkien.\" \/>\n<meta name=\"robots\" content=\"index, follow, max-snippet:-1, max-image-preview:large, max-video-preview:-1\" \/>\n<link rel=\"canonical\" href=\"https:\/\/repliquemangacine.fr\/de\/schwerter-und-dolche-die-ringe-der-macht\/zerbrochenes-schwert-von-sauron-die-ringe-der-macht\/\" \/>\n<meta property=\"og:locale\" content=\"de_DE\" \/>\n<meta property=\"og:type\" content=\"article\" \/>\n<meta property=\"og:title\" content=\"Ep\u00e9e Bris\u00e9e de Sauron - Les anneaux du pouvoir | RMC\" \/>\n<meta property=\"og:description\" content=\"R\u00e9plique en m\u00e9tal de l\u2019Ep\u00e9e Bris\u00e9e de Sauron vue dans Les Anneaux du Pouvoir. Pi\u00e8ce de collection sombre et iconique pour fans de Tolkien.\" \/>\n<meta property=\"og:url\" content=\"https:\/\/repliquemangacine.fr\/de\/schwerter-und-dolche-die-ringe-der-macht\/zerbrochenes-schwert-von-sauron-die-ringe-der-macht\/\" \/>\n<meta property=\"og:site_name\" content=\"R\u00e9plique Manga Cin\u00e9\" \/>\n<meta property=\"article:publisher\" content=\"https:\/\/www.facebook.com\/RepliqueMangaCine\" \/>\n<meta property=\"article:modified_time\" content=\"2026-02-19T10:32:32+00:00\" \/>\n<meta property=\"og:image\" content=\"https:\/\/repliquemangacine.fr\/wp-content\/uploads\/2025\/11\/Epee-brisee-de-sauron.jpg\" \/>\n\t<meta property=\"og:image:width\" content=\"700\" \/>\n\t<meta property=\"og:image:height\" content=\"700\" \/>\n\t<meta property=\"og:image:type\" content=\"image\/jpeg\" \/>\n<meta name=\"twitter:card\" content=\"summary_large_image\" \/>\n<meta name=\"twitter:label1\" content=\"Gesch\u00e4tzte Lesezeit\" \/>\n\t<meta name=\"twitter:data1\" content=\"3\u00a0Minuten\" \/>\n<script type=\"application\/ld+json\" class=\"yoast-schema-graph\">{\"@context\":\"https:\\\/\\\/schema.org\",\"@graph\":[{\"@type\":\"WebPage\",\"@id\":\"https:\\\/\\\/repliquemangacine.fr\\\/epees-et-dague-les-anneaux-de-pouvoir\\\/epee-brisee-de-sauron-les-anneaux-du-pouvoir\\\/\",\"url\":\"https:\\\/\\\/repliquemangacine.fr\\\/epees-et-dague-les-anneaux-de-pouvoir\\\/epee-brisee-de-sauron-les-anneaux-du-pouvoir\\\/\",\"name\":\"Ep\u00e9e Bris\u00e9e de Sauron - Les anneaux du pouvoir | RMC\",\"isPartOf\":{\"@id\":\"https:\\\/\\\/repliquemangacine.fr\\\/#website\"},\"primaryImageOfPage\":{\"@id\":\"https:\\\/\\\/repliquemangacine.fr\\\/epees-et-dague-les-anneaux-de-pouvoir\\\/epee-brisee-de-sauron-les-anneaux-du-pouvoir\\\/#primaryimage\"},\"image\":{\"@id\":\"https:\\\/\\\/repliquemangacine.fr\\\/epees-et-dague-les-anneaux-de-pouvoir\\\/epee-brisee-de-sauron-les-anneaux-du-pouvoir\\\/#primaryimage\"},\"thumbnailUrl\":\"https:\\\/\\\/repliquemangacine.fr\\\/wp-content\\\/uploads\\\/2025\\\/11\\\/Epee-brisee-de-sauron.jpg\",\"datePublished\":\"2025-11-05T17:41:06+00:00\",\"dateModified\":\"2026-02-19T10:32:32+00:00\",\"description\":\"R\u00e9plique en m\u00e9tal de l\u2019Ep\u00e9e Bris\u00e9e de Sauron vue dans Les Anneaux du Pouvoir. Pi\u00e8ce de collection sombre et iconique pour fans de Tolkien.\",\"breadcrumb\":{\"@id\":\"https:\\\/\\\/repliquemangacine.fr\\\/epees-et-dague-les-anneaux-de-pouvoir\\\/epee-brisee-de-sauron-les-anneaux-du-pouvoir\\\/#breadcrumb\"},\"inLanguage\":\"de\",\"potentialAction\":[{\"@type\":\"ReadAction\",\"target\":[\"https:\\\/\\\/repliquemangacine.fr\\\/epees-et-dague-les-anneaux-de-pouvoir\\\/epee-brisee-de-sauron-les-anneaux-du-pouvoir\\\/\"]}]},{\"@type\":\"ImageObject\",\"inLanguage\":\"de\",\"@id\":\"https:\\\/\\\/repliquemangacine.fr\\\/epees-et-dague-les-anneaux-de-pouvoir\\\/epee-brisee-de-sauron-les-anneaux-du-pouvoir\\\/#primaryimage\",\"url\":\"https:\\\/\\\/repliquemangacine.fr\\\/wp-content\\\/uploads\\\/2025\\\/11\\\/Epee-brisee-de-sauron.jpg\",\"contentUrl\":\"https:\\\/\\\/repliquemangacine.fr\\\/wp-content\\\/uploads\\\/2025\\\/11\\\/Epee-brisee-de-sauron.jpg\",\"width\":700,\"height\":700,\"caption\":\"Ep\u00e9e Bris\u00e9e de Sauron les anneaux du pouvoir\"},{\"@type\":\"BreadcrumbList\",\"@id\":\"https:\\\/\\\/repliquemangacine.fr\\\/epees-et-dague-les-anneaux-de-pouvoir\\\/epee-brisee-de-sauron-les-anneaux-du-pouvoir\\\/#breadcrumb\",\"itemListElement\":[{\"@type\":\"ListItem\",\"position\":1,\"name\":\"Accueil\",\"item\":\"https:\\\/\\\/repliquemangacine.fr\\\/\"},{\"@type\":\"ListItem\",\"position\":2,\"name\":\"Produits\",\"item\":\"https:\\\/\\\/repliquemangacine.fr\\\/boutique\\\/\"},{\"@type\":\"ListItem\",\"position\":3,\"name\":\"Ep\u00e9e Bris\u00e9e de Sauron &#8211; Les anneaux du pouvoir\"}]},{\"@type\":\"WebSite\",\"@id\":\"https:\\\/\\\/repliquemangacine.fr\\\/#website\",\"url\":\"https:\\\/\\\/repliquemangacine.fr\\\/\",\"name\":\"R\u00e9plique Manga Cin\u00e9\",\"description\":\"\",\"publisher\":{\"@id\":\"https:\\\/\\\/repliquemangacine.fr\\\/#organization\"},\"potentialAction\":[{\"@type\":\"SearchAction\",\"target\":{\"@type\":\"EntryPoint\",\"urlTemplate\":\"https:\\\/\\\/repliquemangacine.fr\\\/?s={search_term_string}\"},\"query-input\":{\"@type\":\"PropertyValueSpecification\",\"valueRequired\":true,\"valueName\":\"search_term_string\"}}],\"inLanguage\":\"de\"},{\"@type\":\"Organization\",\"@id\":\"https:\\\/\\\/repliquemangacine.fr\\\/#organization\",\"name\":\"R\u00e9plique Manga Cin\u00e9\",\"url\":\"https:\\\/\\\/repliquemangacine.fr\\\/\",\"logo\":{\"@type\":\"ImageObject\",\"inLanguage\":\"de\",\"@id\":\"https:\\\/\\\/repliquemangacine.fr\\\/#\\\/schema\\\/logo\\\/image\\\/\",\"url\":\"https:\\\/\\\/repliquemangacine.fr\\\/wp-content\\\/uploads\\\/2023\\\/10\\\/RMC-500250.png\",\"contentUrl\":\"https:\\\/\\\/repliquemangacine.fr\\\/wp-content\\\/uploads\\\/2023\\\/10\\\/RMC-500250.png\",\"width\":500,\"height\":250,\"caption\":\"R\u00e9plique Manga Cin\u00e9\"},\"image\":{\"@id\":\"https:\\\/\\\/repliquemangacine.fr\\\/#\\\/schema\\\/logo\\\/image\\\/\"},\"sameAs\":[\"https:\\\/\\\/www.facebook.com\\\/RepliqueMangaCine\",\"https:\\\/\\\/www.instagram.com\\\/repliquemangacine.fr\\\/\"]}]}<\/script>\n<!-- \/ Yoast SEO plugin. -->","yoast_head_json":{"title":"Saurons Zerschmettertes Schwert - Die Ringe der Macht | RMC","description":"Metallreplik des Zerbrochenen Schwertes von Sauron, das in \"Die Ringe der Macht\" zu sehen ist. Dunkles und ikonisches Sammlerst\u00fcck f\u00fcr Tolkien-Fans.","robots":{"index":"index","follow":"follow","max-snippet":"max-snippet:-1","max-image-preview":"max-image-preview:large","max-video-preview":"max-video-preview:-1"},"canonical":"https:\/\/repliquemangacine.fr\/de\/schwerter-und-dolche-die-ringe-der-macht\/zerbrochenes-schwert-von-sauron-die-ringe-der-macht\/","og_locale":"de_DE","og_type":"article","og_title":"Ep\u00e9e Bris\u00e9e de Sauron - Les anneaux du pouvoir | RMC","og_description":"R\u00e9plique en m\u00e9tal de l\u2019Ep\u00e9e Bris\u00e9e de Sauron vue dans Les Anneaux du Pouvoir. Pi\u00e8ce de collection sombre et iconique pour fans de Tolkien.","og_url":"https:\/\/repliquemangacine.fr\/de\/schwerter-und-dolche-die-ringe-der-macht\/zerbrochenes-schwert-von-sauron-die-ringe-der-macht\/","og_site_name":"R\u00e9plique Manga Cin\u00e9","article_publisher":"https:\/\/www.facebook.com\/RepliqueMangaCine","article_modified_time":"2026-02-19T10:32:32+00:00","og_image":[{"width":700,"height":700,"url":"https:\/\/repliquemangacine.fr\/wp-content\/uploads\/2025\/11\/Epee-brisee-de-sauron.jpg","type":"image\/jpeg"}],"twitter_card":"summary_large_image","twitter_misc":{"Gesch\u00e4tzte Lesezeit":"3\u00a0Minuten"},"schema":{"@context":"https:\/\/schema.org","@graph":[{"@type":"WebPage","@id":"https:\/\/repliquemangacine.fr\/epees-et-dague-les-anneaux-de-pouvoir\/epee-brisee-de-sauron-les-anneaux-du-pouvoir\/","url":"https:\/\/repliquemangacine.fr\/epees-et-dague-les-anneaux-de-pouvoir\/epee-brisee-de-sauron-les-anneaux-du-pouvoir\/","name":"Saurons Zerschmettertes Schwert - Die Ringe der Macht | RMC","isPartOf":{"@id":"https:\/\/repliquemangacine.fr\/#website"},"primaryImageOfPage":{"@id":"https:\/\/repliquemangacine.fr\/epees-et-dague-les-anneaux-de-pouvoir\/epee-brisee-de-sauron-les-anneaux-du-pouvoir\/#primaryimage"},"image":{"@id":"https:\/\/repliquemangacine.fr\/epees-et-dague-les-anneaux-de-pouvoir\/epee-brisee-de-sauron-les-anneaux-du-pouvoir\/#primaryimage"},"thumbnailUrl":"https:\/\/repliquemangacine.fr\/wp-content\/uploads\/2025\/11\/Epee-brisee-de-sauron.jpg","datePublished":"2025-11-05T17:41:06+00:00","dateModified":"2026-02-19T10:32:32+00:00","description":"Metallreplik des Zerbrochenen Schwertes von Sauron, das in \"Die Ringe der Macht\" zu sehen ist. Dunkles und ikonisches Sammlerst\u00fcck f\u00fcr Tolkien-Fans.","breadcrumb":{"@id":"https:\/\/repliquemangacine.fr\/epees-et-dague-les-anneaux-de-pouvoir\/epee-brisee-de-sauron-les-anneaux-du-pouvoir\/#breadcrumb"},"inLanguage":"de","potentialAction":[{"@type":"ReadAction","target":["https:\/\/repliquemangacine.fr\/epees-et-dague-les-anneaux-de-pouvoir\/epee-brisee-de-sauron-les-anneaux-du-pouvoir\/"]}]},{"@type":"ImageObject","inLanguage":"de","@id":"https:\/\/repliquemangacine.fr\/epees-et-dague-les-anneaux-de-pouvoir\/epee-brisee-de-sauron-les-anneaux-du-pouvoir\/#primaryimage","url":"https:\/\/repliquemangacine.fr\/wp-content\/uploads\/2025\/11\/Epee-brisee-de-sauron.jpg","contentUrl":"https:\/\/repliquemangacine.fr\/wp-content\/uploads\/2025\/11\/Epee-brisee-de-sauron.jpg","width":700,"height":700,"caption":"Ep\u00e9e Bris\u00e9e de Sauron les anneaux du pouvoir"},{"@type":"BreadcrumbList","@id":"https:\/\/repliquemangacine.fr\/epees-et-dague-les-anneaux-de-pouvoir\/epee-brisee-de-sauron-les-anneaux-du-pouvoir\/#breadcrumb","itemListElement":[{"@type":"ListItem","position":1,"name":"Accueil","item":"https:\/\/repliquemangacine.fr\/"},{"@type":"ListItem","position":2,"name":"Produits","item":"https:\/\/repliquemangacine.fr\/boutique\/"},{"@type":"ListItem","position":3,"name":"Ep\u00e9e Bris\u00e9e de Sauron &#8211; Les anneaux du pouvoir"}]},{"@type":"WebSite","@id":"https:\/\/repliquemangacine.fr\/#website","url":"https:\/\/repliquemangacine.fr\/","name":"R\u00e9plique Manga Cin\u00e9","description":"","publisher":{"@id":"https:\/\/repliquemangacine.fr\/#organization"},"potentialAction":[{"@type":"SearchAction","target":{"@type":"EntryPoint","urlTemplate":"https:\/\/repliquemangacine.fr\/?s={search_term_string}"},"query-input":{"@type":"PropertyValueSpecification","valueRequired":true,"valueName":"search_term_string"}}],"inLanguage":"de"},{"@type":"Organization","@id":"https:\/\/repliquemangacine.fr\/#organization","name":"R\u00e9plique Manga Cin\u00e9","url":"https:\/\/repliquemangacine.fr\/","logo":{"@type":"ImageObject","inLanguage":"de","@id":"https:\/\/repliquemangacine.fr\/#\/schema\/logo\/image\/","url":"https:\/\/repliquemangacine.fr\/wp-content\/uploads\/2023\/10\/RMC-500250.png","contentUrl":"https:\/\/repliquemangacine.fr\/wp-content\/uploads\/2023\/10\/RMC-500250.png","width":500,"height":250,"caption":"R\u00e9plique Manga Cin\u00e9"},"image":{"@id":"https:\/\/repliquemangacine.fr\/#\/schema\/logo\/image\/"},"sameAs":["https:\/\/www.facebook.com\/RepliqueMangaCine","https:\/\/www.instagram.com\/repliquemangacine.fr\/"]}]}},"_links":{"self":[{"href":"https:\/\/repliquemangacine.fr\/de\/wp-json\/wp\/v2\/product\/90143","targetHints":{"allow":["GET"]}}],"collection":[{"href":"https:\/\/repliquemangacine.fr\/de\/wp-json\/wp\/v2\/product"}],"about":[{"href":"https:\/\/repliquemangacine.fr\/de\/wp-json\/wp\/v2\/types\/product"}],"wp:featuredmedia":[{"embeddable":true,"href":"https:\/\/repliquemangacine.fr\/de\/wp-json\/wp\/v2\/media\/90145"}],"wp:attachment":[{"href":"https:\/\/repliquemangacine.fr\/de\/wp-json\/wp\/v2\/media?parent=90143"}],"wp:term":[{"taxonomy":"product_brand","embeddable":true,"href":"https:\/\/repliquemangacine.fr\/de\/wp-json\/wp\/v2\/product_brand?post=90143"},{"taxonomy":"product_cat","embeddable":true,"href":"https:\/\/repliquemangacine.fr\/de\/wp-json\/wp\/v2\/product_cat?post=90143"},{"taxonomy":"product_tag","embeddable":true,"href":"https:\/\/repliquemangacine.fr\/de\/wp-json\/wp\/v2\/product_tag?post=90143"}],"curies":[{"name":"wp","href":"https:\/\/api.w.org\/{rel}","templated":true}]}}