





{"id":90002,"date":"2025-11-01T19:05:52","date_gmt":"2025-11-01T18:05:52","guid":{"rendered":"https:\/\/repliquemangacine.fr\/?post_type=product&#038;p=90002"},"modified":"2026-04-17T16:09:41","modified_gmt":"2026-04-17T14:09:41","slug":"rellana-elden-ring-zwillingsklingen","status":"publish","type":"product","link":"https:\/\/repliquemangacine.fr\/de\/elden-ring\/lames-jumelles-de-rellana-elden-ring\/","title":{"rendered":"Zwillingsklingen von Rellana - Elden Ring"},"content":{"rendered":"<h2>Rellanas Zwillingsklingen - Elden Ring (Shadow of the Erdtree)<\/h2>\n<p>Die Rellana-Zwillingsklingen sind ein pr\u00e4chtiges Duo f\u00fcr Sammler, die sowohl Eleganz als auch symbolische Kraft zu sch\u00e4tzen wissen. Die erste Klinge erinnert an die Mondmagie, die von den Carianern geerbt wurde. Die zweite, goldene und rot gef\u00e4rbte Klinge erinnert an die heiligen Flammen des Ordens. Zusammen stellen sie das zerbrechliche Gleichgewicht zwischen Licht und Nacht dar. Die beiden Klingen sind aus 440-Stahl gefertigt und sorgf\u00e4ltig graviert, um die Details des Spiels widerzuspiegeln. Der Griff und der Knauf sind aus gealtertem Vollstahl entworfen, mit bearbeiteten Oberfl\u00e4chen, die ein authentisches Aussehen bieten. Jedes Schwert ist 106,5 cm lang. Es wird mit einer speziell gestalteten Wandhalterung aus Holz geliefert, die das Elden Ring-Logo tr\u00e4gt. Ein Blickfang, der die Fantasie anregt und eine Sammlung sofort veredelt.<\/p>\n<h2>Rellana in Elden Ring: Der Tanz des Feuers und des Mondes<\/h2>\n<p>Zu Beginn in <a href=\"https:\/\/eldenring.fandom.com\/wiki\/Elden_Ring\" target=\"_blank\" rel=\"noopener noreferrer\">Elden Ring<\/a>Rellana, eine komplexe Ritterin, die mit zwei entgegengesetzten Kr\u00e4ften verbunden ist. Die blaue Klinge verk\u00f6rpert die Mondmagie, zart, pr\u00e4zise, fast luftig. Sie erm\u00f6glicht fl\u00fcssige und unvorhersehbare Angriffe. Die goldene Klinge steht f\u00fcr das flammende Licht, das direkter und sch\u00e4rfer ist und die Luft verbrennen kann, wenn es trifft. Beide im Kampf einzusetzen, ist wie ein Tanz zwischen Anmut und roher Kraft. Diese Dualit\u00e4t ist in jeder Bewegung sp\u00fcrbar. Nichts wird also dem Zufall \u00fcberlassen. Alles ist Gleichgewicht, Rhythmus und Absicht. Das Tragen dieser Klingen bedeutet, eine edle, fast zeremonielle Form zu beanspruchen. Alles in allem eine \u00c4sthetik des Duells, bei der die Beherrschung Vorrang vor der Brutalit\u00e4t hat.<\/p>\n<h2>Vervollst\u00e4ndigen Sie Ihre Elden Ring Kollektion mit R\u00e9plique Manga Cin\u00e9<\/h2>\n<p>Zun\u00e4chst einmal bieten wir f\u00fcr Enthusiasten, die Schritt f\u00fcr Schritt vorgehen m\u00f6chten, jede Klinge auch einzeln an. Die <a href=\"https:\/\/repliquemangacine.fr\/de\/elden-ring\/rellana-eldens-mondklinge-ring-shadow-of-the-erdtree\/\">Rellanas Mondklinge<\/a> enth\u00fcllt die geheimnisvolle Feinheit der Carian Nights und ist ideal f\u00fcr Sammler, die sich von der Magie und der bl\u00e4ulichen \u00c4sthetik angezogen f\u00fchlen. Die <a href=\"https:\/\/repliquemangacine.fr\/de\/elden-ring\/flammende-klinge-von-rellana-elden-ring-shadow-of-the-erdtree\/\">Rellanas Flammende Klinge<\/a>verk\u00f6rpert die strahlende Kraft der heiligen Flamme. Sie k\u00f6nnen beide nacheinander erwerben, je nach Ihrem Budget, Ihrer Zeit oder einfach Ihrem Sammlerrhythmus. Um Ihre Waffenkammer noch weiter zu bereichern, bieten wir au\u00dferdem das pr\u00e4chtige Schwert <a href=\"https:\/\/repliquemangacine.fr\/de\/elden-ring\/dark-moon-greatsword-metal-elden-ring\/\">Dark Moon Greatsword<\/a> im Spiel Elden Ring - Replik im Ma\u00dfstab 1:1. Ein ikonisches, begehrtes St\u00fcck mit einer eisigen, legend\u00e4ren Aura. Und das ist erst der Anfang: Weitere sorgf\u00e4ltig ausgew\u00e4hlte Neuzug\u00e4nge werden bald Ihre Sammlung erweitern.<\/p>","protected":false},"excerpt":{"rendered":"<p>Wundersch\u00f6nes Set aus den beiden Rellana-Zwillingsbl\u00e4ttern im Elden Ring.<\/p>\n<ul>\n<li>Jedes Schwert mit einer ge\u00e4tzten Stahlklinge<\/li>\n<li>Sowie jeder Knauf sind aus fein detailliertem, gealtertem Stahl.<\/li>\n<li>Jeder spezifische Formschutz aus gealtertem Stahl<\/li>\n<li>Eine Wandhalterung mit Logo f\u00fcr jedes Schwert.<\/li>\n<li>F\u00fcr weitere Details siehe die Artikelkarte jedes Schwertes<\/li>\n<\/ul>","protected":false},"featured_media":90003,"template":"","meta":[],"product_brand":[],"product_cat":[876],"product_tag":[904,901,898,899,906,903],"class_list":{"0":"post-90002","1":"product","2":"type-product","3":"status-publish","4":"has-post-thumbnail","6":"product_cat-elden-ring","7":"product_tag-elden-ring-cosplay-weapon","8":"product_tag-epee-elden-ring-decoration","9":"product_tag-lames-jumelles-elden-ring","10":"product_tag-rellanas-twin-blades","11":"product_tag-shadow-of-the-erdtree-weapon","12":"product_tag-sword-elden-ring-replica","14":"first","15":"instock","16":"sale","17":"taxable","18":"shipping-taxable","19":"purchasable","20":"product-type-simple"},"yoast_head":"<!-- This site is optimized with the Yoast SEO plugin v27.4 - https:\/\/yoast.com\/product\/yoast-seo-wordpress\/ -->\n<title>Lames Jumelles de Rellana - Elden Ring - R\u00e9plique Manga Cin\u00e9<\/title>\n<meta name=\"description\" content=\"D\u00e9couvrez les Lames Jumelles de Rellana. Deux \u00e9p\u00e9es en acier 440, grav\u00e9es, avec support mural Elden Ring. Pi\u00e8ce de collection incontournable.\" \/>\n<meta name=\"robots\" content=\"index, follow, max-snippet:-1, max-image-preview:large, max-video-preview:-1\" \/>\n<link rel=\"canonical\" href=\"https:\/\/repliquemangacine.fr\/de\/elden-ring\/rellana-elden-ring-zwillingsklingen\/\" \/>\n<meta property=\"og:locale\" content=\"de_DE\" \/>\n<meta property=\"og:type\" content=\"article\" \/>\n<meta property=\"og:title\" content=\"Lames Jumelles de Rellana - Elden Ring - R\u00e9plique Manga Cin\u00e9\" \/>\n<meta property=\"og:description\" content=\"D\u00e9couvrez les Lames Jumelles de Rellana. Deux \u00e9p\u00e9es en acier 440, grav\u00e9es, avec support mural Elden Ring. Pi\u00e8ce de collection incontournable.\" \/>\n<meta property=\"og:url\" content=\"https:\/\/repliquemangacine.fr\/de\/elden-ring\/rellana-elden-ring-zwillingsklingen\/\" \/>\n<meta property=\"og:site_name\" content=\"R\u00e9plique Manga Cin\u00e9\" \/>\n<meta property=\"article:publisher\" content=\"https:\/\/www.facebook.com\/RepliqueMangaCine\" \/>\n<meta property=\"article:modified_time\" content=\"2026-04-17T14:09:41+00:00\" \/>\n<meta property=\"og:image\" content=\"https:\/\/repliquemangacine.fr\/wp-content\/uploads\/2025\/11\/Lames-Jumelles-de-Rellana-Elden-ring.jpg\" \/>\n\t<meta property=\"og:image:width\" content=\"700\" \/>\n\t<meta property=\"og:image:height\" content=\"700\" \/>\n\t<meta property=\"og:image:type\" content=\"image\/jpeg\" \/>\n<meta name=\"twitter:card\" content=\"summary_large_image\" \/>\n<meta name=\"twitter:label1\" content=\"Gesch\u00e4tzte Lesezeit\" \/>\n\t<meta name=\"twitter:data1\" content=\"3\u00a0Minuten\" \/>\n<script type=\"application\/ld+json\" class=\"yoast-schema-graph\">{\"@context\":\"https:\\\/\\\/schema.org\",\"@graph\":[{\"@type\":\"WebPage\",\"@id\":\"https:\\\/\\\/repliquemangacine.fr\\\/elden-ring\\\/lames-jumelles-de-rellana-elden-ring\\\/\",\"url\":\"https:\\\/\\\/repliquemangacine.fr\\\/elden-ring\\\/lames-jumelles-de-rellana-elden-ring\\\/\",\"name\":\"Lames Jumelles de Rellana - Elden Ring - R\u00e9plique Manga Cin\u00e9\",\"isPartOf\":{\"@id\":\"https:\\\/\\\/repliquemangacine.fr\\\/#website\"},\"primaryImageOfPage\":{\"@id\":\"https:\\\/\\\/repliquemangacine.fr\\\/elden-ring\\\/lames-jumelles-de-rellana-elden-ring\\\/#primaryimage\"},\"image\":{\"@id\":\"https:\\\/\\\/repliquemangacine.fr\\\/elden-ring\\\/lames-jumelles-de-rellana-elden-ring\\\/#primaryimage\"},\"thumbnailUrl\":\"https:\\\/\\\/repliquemangacine.fr\\\/wp-content\\\/uploads\\\/2025\\\/11\\\/Lames-Jumelles-de-Rellana-Elden-ring.jpg\",\"datePublished\":\"2025-11-01T18:05:52+00:00\",\"dateModified\":\"2026-04-17T14:09:41+00:00\",\"description\":\"D\u00e9couvrez les Lames Jumelles de Rellana. Deux \u00e9p\u00e9es en acier 440, grav\u00e9es, avec support mural Elden Ring. Pi\u00e8ce de collection incontournable.\",\"breadcrumb\":{\"@id\":\"https:\\\/\\\/repliquemangacine.fr\\\/elden-ring\\\/lames-jumelles-de-rellana-elden-ring\\\/#breadcrumb\"},\"inLanguage\":\"de\",\"potentialAction\":[{\"@type\":\"ReadAction\",\"target\":[\"https:\\\/\\\/repliquemangacine.fr\\\/elden-ring\\\/lames-jumelles-de-rellana-elden-ring\\\/\"]}]},{\"@type\":\"ImageObject\",\"inLanguage\":\"de\",\"@id\":\"https:\\\/\\\/repliquemangacine.fr\\\/elden-ring\\\/lames-jumelles-de-rellana-elden-ring\\\/#primaryimage\",\"url\":\"https:\\\/\\\/repliquemangacine.fr\\\/wp-content\\\/uploads\\\/2025\\\/11\\\/Lames-Jumelles-de-Rellana-Elden-ring.jpg\",\"contentUrl\":\"https:\\\/\\\/repliquemangacine.fr\\\/wp-content\\\/uploads\\\/2025\\\/11\\\/Lames-Jumelles-de-Rellana-Elden-ring.jpg\",\"width\":700,\"height\":700,\"caption\":\"Lames Jumelles de Rellana - Elden Ring (Shadow of the Erdtree)\"},{\"@type\":\"BreadcrumbList\",\"@id\":\"https:\\\/\\\/repliquemangacine.fr\\\/elden-ring\\\/lames-jumelles-de-rellana-elden-ring\\\/#breadcrumb\",\"itemListElement\":[{\"@type\":\"ListItem\",\"position\":1,\"name\":\"Accueil\",\"item\":\"https:\\\/\\\/repliquemangacine.fr\\\/\"},{\"@type\":\"ListItem\",\"position\":2,\"name\":\"Produits\",\"item\":\"https:\\\/\\\/repliquemangacine.fr\\\/boutique\\\/\"},{\"@type\":\"ListItem\",\"position\":3,\"name\":\"Lames Jumelles de Rellana &#8211; Elden Ring\"}]},{\"@type\":\"WebSite\",\"@id\":\"https:\\\/\\\/repliquemangacine.fr\\\/#website\",\"url\":\"https:\\\/\\\/repliquemangacine.fr\\\/\",\"name\":\"R\u00e9plique Manga Cin\u00e9\",\"description\":\"\",\"publisher\":{\"@id\":\"https:\\\/\\\/repliquemangacine.fr\\\/#organization\"},\"potentialAction\":[{\"@type\":\"SearchAction\",\"target\":{\"@type\":\"EntryPoint\",\"urlTemplate\":\"https:\\\/\\\/repliquemangacine.fr\\\/?s={search_term_string}\"},\"query-input\":{\"@type\":\"PropertyValueSpecification\",\"valueRequired\":true,\"valueName\":\"search_term_string\"}}],\"inLanguage\":\"de\"},{\"@type\":\"Organization\",\"@id\":\"https:\\\/\\\/repliquemangacine.fr\\\/#organization\",\"name\":\"R\u00e9plique Manga Cin\u00e9\",\"url\":\"https:\\\/\\\/repliquemangacine.fr\\\/\",\"logo\":{\"@type\":\"ImageObject\",\"inLanguage\":\"de\",\"@id\":\"https:\\\/\\\/repliquemangacine.fr\\\/#\\\/schema\\\/logo\\\/image\\\/\",\"url\":\"https:\\\/\\\/repliquemangacine.fr\\\/wp-content\\\/uploads\\\/2023\\\/10\\\/RMC-500250.png\",\"contentUrl\":\"https:\\\/\\\/repliquemangacine.fr\\\/wp-content\\\/uploads\\\/2023\\\/10\\\/RMC-500250.png\",\"width\":500,\"height\":250,\"caption\":\"R\u00e9plique Manga Cin\u00e9\"},\"image\":{\"@id\":\"https:\\\/\\\/repliquemangacine.fr\\\/#\\\/schema\\\/logo\\\/image\\\/\"},\"sameAs\":[\"https:\\\/\\\/www.facebook.com\\\/RepliqueMangaCine\",\"https:\\\/\\\/www.instagram.com\\\/repliquemangacine.fr\\\/\"]}]}<\/script>\n<!-- \/ Yoast SEO plugin. -->","yoast_head_json":{"title":"Zwillingsklingen von Rellana - Elden Ring - R\u00e9plique Manga Cin\u00e9","description":"Entdecken Sie die Zwillingsklingen von Rellana. Zwei Schwerter aus 440er Stahl, graviert, mit Elden Ring Wandhalterung. Unumg\u00e4ngliches Sammlerst\u00fcck.","robots":{"index":"index","follow":"follow","max-snippet":"max-snippet:-1","max-image-preview":"max-image-preview:large","max-video-preview":"max-video-preview:-1"},"canonical":"https:\/\/repliquemangacine.fr\/de\/elden-ring\/rellana-elden-ring-zwillingsklingen\/","og_locale":"de_DE","og_type":"article","og_title":"Lames Jumelles de Rellana - Elden Ring - R\u00e9plique Manga Cin\u00e9","og_description":"D\u00e9couvrez les Lames Jumelles de Rellana. Deux \u00e9p\u00e9es en acier 440, grav\u00e9es, avec support mural Elden Ring. Pi\u00e8ce de collection incontournable.","og_url":"https:\/\/repliquemangacine.fr\/de\/elden-ring\/rellana-elden-ring-zwillingsklingen\/","og_site_name":"R\u00e9plique Manga Cin\u00e9","article_publisher":"https:\/\/www.facebook.com\/RepliqueMangaCine","article_modified_time":"2026-04-17T14:09:41+00:00","og_image":[{"width":700,"height":700,"url":"https:\/\/repliquemangacine.fr\/wp-content\/uploads\/2025\/11\/Lames-Jumelles-de-Rellana-Elden-ring.jpg","type":"image\/jpeg"}],"twitter_card":"summary_large_image","twitter_misc":{"Gesch\u00e4tzte Lesezeit":"3\u00a0Minuten"},"schema":{"@context":"https:\/\/schema.org","@graph":[{"@type":"WebPage","@id":"https:\/\/repliquemangacine.fr\/elden-ring\/lames-jumelles-de-rellana-elden-ring\/","url":"https:\/\/repliquemangacine.fr\/elden-ring\/lames-jumelles-de-rellana-elden-ring\/","name":"Zwillingsklingen von Rellana - Elden Ring - R\u00e9plique Manga Cin\u00e9","isPartOf":{"@id":"https:\/\/repliquemangacine.fr\/#website"},"primaryImageOfPage":{"@id":"https:\/\/repliquemangacine.fr\/elden-ring\/lames-jumelles-de-rellana-elden-ring\/#primaryimage"},"image":{"@id":"https:\/\/repliquemangacine.fr\/elden-ring\/lames-jumelles-de-rellana-elden-ring\/#primaryimage"},"thumbnailUrl":"https:\/\/repliquemangacine.fr\/wp-content\/uploads\/2025\/11\/Lames-Jumelles-de-Rellana-Elden-ring.jpg","datePublished":"2025-11-01T18:05:52+00:00","dateModified":"2026-04-17T14:09:41+00:00","description":"Entdecken Sie die Zwillingsklingen von Rellana. Zwei Schwerter aus 440er Stahl, graviert, mit Elden Ring Wandhalterung. Unumg\u00e4ngliches Sammlerst\u00fcck.","breadcrumb":{"@id":"https:\/\/repliquemangacine.fr\/elden-ring\/lames-jumelles-de-rellana-elden-ring\/#breadcrumb"},"inLanguage":"de","potentialAction":[{"@type":"ReadAction","target":["https:\/\/repliquemangacine.fr\/elden-ring\/lames-jumelles-de-rellana-elden-ring\/"]}]},{"@type":"ImageObject","inLanguage":"de","@id":"https:\/\/repliquemangacine.fr\/elden-ring\/lames-jumelles-de-rellana-elden-ring\/#primaryimage","url":"https:\/\/repliquemangacine.fr\/wp-content\/uploads\/2025\/11\/Lames-Jumelles-de-Rellana-Elden-ring.jpg","contentUrl":"https:\/\/repliquemangacine.fr\/wp-content\/uploads\/2025\/11\/Lames-Jumelles-de-Rellana-Elden-ring.jpg","width":700,"height":700,"caption":"Lames Jumelles de Rellana - Elden Ring (Shadow of the Erdtree)"},{"@type":"BreadcrumbList","@id":"https:\/\/repliquemangacine.fr\/elden-ring\/lames-jumelles-de-rellana-elden-ring\/#breadcrumb","itemListElement":[{"@type":"ListItem","position":1,"name":"Accueil","item":"https:\/\/repliquemangacine.fr\/"},{"@type":"ListItem","position":2,"name":"Produits","item":"https:\/\/repliquemangacine.fr\/boutique\/"},{"@type":"ListItem","position":3,"name":"Lames Jumelles de Rellana &#8211; Elden Ring"}]},{"@type":"WebSite","@id":"https:\/\/repliquemangacine.fr\/#website","url":"https:\/\/repliquemangacine.fr\/","name":"R\u00e9plique Manga Cin\u00e9","description":"","publisher":{"@id":"https:\/\/repliquemangacine.fr\/#organization"},"potentialAction":[{"@type":"SearchAction","target":{"@type":"EntryPoint","urlTemplate":"https:\/\/repliquemangacine.fr\/?s={search_term_string}"},"query-input":{"@type":"PropertyValueSpecification","valueRequired":true,"valueName":"search_term_string"}}],"inLanguage":"de"},{"@type":"Organization","@id":"https:\/\/repliquemangacine.fr\/#organization","name":"R\u00e9plique Manga Cin\u00e9","url":"https:\/\/repliquemangacine.fr\/","logo":{"@type":"ImageObject","inLanguage":"de","@id":"https:\/\/repliquemangacine.fr\/#\/schema\/logo\/image\/","url":"https:\/\/repliquemangacine.fr\/wp-content\/uploads\/2023\/10\/RMC-500250.png","contentUrl":"https:\/\/repliquemangacine.fr\/wp-content\/uploads\/2023\/10\/RMC-500250.png","width":500,"height":250,"caption":"R\u00e9plique Manga Cin\u00e9"},"image":{"@id":"https:\/\/repliquemangacine.fr\/#\/schema\/logo\/image\/"},"sameAs":["https:\/\/www.facebook.com\/RepliqueMangaCine","https:\/\/www.instagram.com\/repliquemangacine.fr\/"]}]}},"_links":{"self":[{"href":"https:\/\/repliquemangacine.fr\/de\/wp-json\/wp\/v2\/product\/90002","targetHints":{"allow":["GET"]}}],"collection":[{"href":"https:\/\/repliquemangacine.fr\/de\/wp-json\/wp\/v2\/product"}],"about":[{"href":"https:\/\/repliquemangacine.fr\/de\/wp-json\/wp\/v2\/types\/product"}],"wp:featuredmedia":[{"embeddable":true,"href":"https:\/\/repliquemangacine.fr\/de\/wp-json\/wp\/v2\/media\/90003"}],"wp:attachment":[{"href":"https:\/\/repliquemangacine.fr\/de\/wp-json\/wp\/v2\/media?parent=90002"}],"wp:term":[{"taxonomy":"product_brand","embeddable":true,"href":"https:\/\/repliquemangacine.fr\/de\/wp-json\/wp\/v2\/product_brand?post=90002"},{"taxonomy":"product_cat","embeddable":true,"href":"https:\/\/repliquemangacine.fr\/de\/wp-json\/wp\/v2\/product_cat?post=90002"},{"taxonomy":"product_tag","embeddable":true,"href":"https:\/\/repliquemangacine.fr\/de\/wp-json\/wp\/v2\/product_tag?post=90002"}],"curies":[{"name":"wp","href":"https:\/\/api.w.org\/{rel}","templated":true}]}}