





{"id":89995,"date":"2025-11-01T18:22:31","date_gmt":"2025-11-01T17:22:31","guid":{"rendered":"https:\/\/repliquemangacine.fr\/?post_type=product&#038;p=89995"},"modified":"2026-04-17T16:09:01","modified_gmt":"2026-04-17T14:09:01","slug":"flammende-klinge-von-rellana-elden-ring-shadow-of-the-erdtree","status":"publish","type":"product","link":"https:\/\/repliquemangacine.fr\/de\/elden-ring\/lame-flamboyante-de-rellana-elden-ring-shadow-of-the-erdtree\/","title":{"rendered":"Rellanas flammende Klinge - Elden Ring"},"content":{"rendered":"<h2>Rellanas flammende Klinge - Elden Ring (Shadow of the Erdtree)<\/h2>\n<p>Zun\u00e4chst einmal besticht die Flammende Klinge von Rellana durch ihren goldenen Glanz mit roter T\u00f6nung - ein Symbol f\u00fcr heilige und feurige Macht. Sie ist aus 440 stainless Stahl geschmiedet und weist klare Gravuren auf, die an die Sonnenmotive und die heiligen Flammen des Ordens erinnern. Der Griff und der Knauf aus gealtertem Vollstahl bieten ein edles Finish, patiniert wie eine Waffe, die die Geschichte \u00fcberdauert hat. Mit einer L\u00e4nge von 106,5 cm verleiht er eine entschiedene Pr\u00e4senz, ob getragen oder ausgestellt. Sie wird mit einer speziell gestalteten Wandhalterung aus Holz geliefert, die mit dem Elden Ring-Logo verziert ist. So l\u00e4sst sich das Messer sofort in einer Sammlung hervorheben. Diese Klinge ist also nicht nur sch\u00f6n. Sie erz\u00e4hlt von der lebendigen Kraft, der brennenden Hitze und der unersch\u00fctterlichen \u00dcberzeugung einer K\u00e4mpferin, die ihren Weg bis zum Ende geht.<\/p>\n<h2>Rellanas Heilige Flamme im Elden Ring<\/h2>\n<p>Zu Beginn in <a href=\"https:\/\/eldenring.fandom.com\/wiki\/Elden_Ring\" target=\"_blank\" rel=\"noopener noreferrer\">Elden Ring<\/a>Diese Klinge repr\u00e4sentiert die feurige Seite von Rellana. Sie kanalisiert das goldene Licht, das die Luft in Flammen setzt, wenn sie auf ihren Gegner trifft. Wo die Mondklinge Feinheit ist, ist diese Klinge Intensit\u00e4t. Die Flammende Klinge zu benutzen, bedeutet, eine strahlende, beeindruckende, fast k\u00f6nigliche St\u00e4rke zu beanspruchen. Rellana k\u00e4mpft mit Gleichgewicht, aber wenn sie die Flamme entfesselt, wird der Tanz zu einem hei\u00dfen Angriff. Diese Waffe richtet sich an entschlossene Geister, an diejenigen, die es vorziehen, sich zu stellen, anstatt zur\u00fcckzuweichen. Sie ist daher nicht gedankenlos brutal: Sie ist \u00dcberzeugung, Klarheit und geb\u00e4ndigte Kraft.<\/p>\n<h2>Elden Ring Waffen Erh\u00e4ltlich bei R\u00e9plique Manga Cin\u00e9<\/h2>\n<p>Um Ihre Elden Ring-Kollektion zu vervollst\u00e4ndigen, bieten wir auch andere, sorgf\u00e4ltig ausgew\u00e4hlte ikonische Repliken an. L'<a href=\"https:\/\/repliquemangacine.fr\/de\/elden-ring\/schwurschwert-elden-ring\/\">Schwert des Schwurs<\/a> Elden Ring, verk\u00f6rpert perfekt die Ehre und Loyalit\u00e4t eines Ritters, der seiner Sache treu bleibt. Der Greatsword, massiv und imposant, f\u00fcr alle, die rohe Kraft lieben. Die <a href=\"https:\/\/repliquemangacine.fr\/de\/elden-ring\/rogier-rapiere-elden-ring\/\">Rogiers Rapier<\/a>Die Waffe des ber\u00fchmten Schwertmagiers. Nicht zu vergessen die <a href=\"https:\/\/repliquemangacine.fr\/de\/elden-ring\/schwert-bloodhound-fang-elden-ring\/\">Bloodhound Fang<\/a>beeindruckt durch seinen verbl\u00fcffenden Realismus. Die gebogene Stahlklinge hat einen wundersch\u00f6nen bronzefarbenen Hammerschlag-Effekt, der die ikonische Waffe aus dem Spiel originalgetreu wiedergibt. Und nat\u00fcrlich sind weitere Neuzug\u00e4nge geplant, um Ihre Waffenkammer zu vergr\u00f6\u00dfern.<\/p>\n<p>&nbsp;<\/p>","protected":false},"excerpt":{"rendered":"<p>Wundersch\u00f6ne Replik von Rellanas Flammender Klinge aus Elden Ring (Shadow of the Erdtree).<\/p>\n<ul>\n<li>Ge\u00e4tzte, goldfarbene Klinge aus Stahl<\/li>\n<li>Speziell geformter Knauf aus Vollstahl<\/li>\n<li>Metallgriff mit rotem Kunstleder \u00fcberzogen<\/li>\n<li>Fein detaillierte Guard aus gealtertem Stahl. Auf der Oberseite der Wache befinden sich zwei Schlangen.<\/li>\n<li>Wird mit einer Wandhalterung aus Holz mit Namen und Elden Ring-Logo geliefert.<\/li>\n<li>L\u00e4nge der Klinge: 7.5cm - Gesamtl\u00e4nge: 106.5 cm<\/li>\n<li>Gewicht: 1395 gr<\/li>\n<\/ul>","protected":false},"featured_media":89996,"template":"","meta":[],"product_brand":[],"product_cat":[876],"product_tag":[904,901,898],"class_list":{"0":"post-89995","1":"product","2":"type-product","3":"status-publish","4":"has-post-thumbnail","6":"product_cat-elden-ring","7":"product_tag-elden-ring-cosplay-weapon","8":"product_tag-epee-elden-ring-decoration","9":"product_tag-lames-jumelles-elden-ring","11":"first","12":"instock","13":"taxable","14":"shipping-taxable","15":"purchasable","16":"product-type-simple"},"yoast_head":"<!-- This site is optimized with the Yoast SEO plugin v27.4 - https:\/\/yoast.com\/product\/yoast-seo-wordpress\/ -->\n<title>Lame Flamboyante de Rellana \u2013 Elden Ring - R\u00e9plique Manga Cin\u00e9<\/title>\n<meta name=\"description\" content=\"D\u00e9couvrez cette superbe Lame Flamboyante de Rellana dans Elden Ring (Shadow of the Erdtree). Lame acier avec gravure. Support mural avec logo. 106.5 cm\" \/>\n<meta name=\"robots\" content=\"index, follow, max-snippet:-1, max-image-preview:large, max-video-preview:-1\" \/>\n<link rel=\"canonical\" href=\"https:\/\/repliquemangacine.fr\/de\/elden-ring\/flammende-klinge-von-rellana-elden-ring-shadow-of-the-erdtree\/\" \/>\n<meta property=\"og:locale\" content=\"de_DE\" \/>\n<meta property=\"og:type\" content=\"article\" \/>\n<meta property=\"og:title\" content=\"Lame Flamboyante de Rellana \u2013 Elden Ring - R\u00e9plique Manga Cin\u00e9\" \/>\n<meta property=\"og:description\" content=\"D\u00e9couvrez cette superbe Lame Flamboyante de Rellana dans Elden Ring (Shadow of the Erdtree). Lame acier avec gravure. Support mural avec logo. 106.5 cm\" \/>\n<meta property=\"og:url\" content=\"https:\/\/repliquemangacine.fr\/de\/elden-ring\/flammende-klinge-von-rellana-elden-ring-shadow-of-the-erdtree\/\" \/>\n<meta property=\"og:site_name\" content=\"R\u00e9plique Manga Cin\u00e9\" \/>\n<meta property=\"article:publisher\" content=\"https:\/\/www.facebook.com\/RepliqueMangaCine\" \/>\n<meta property=\"article:modified_time\" content=\"2026-04-17T14:09:01+00:00\" \/>\n<meta property=\"og:image\" content=\"https:\/\/repliquemangacine.fr\/wp-content\/uploads\/2025\/11\/Lame-Flamboyante-de-Rellana-Lame-jumelle-Elden-Ring.jpg\" \/>\n\t<meta property=\"og:image:width\" content=\"700\" \/>\n\t<meta property=\"og:image:height\" content=\"700\" \/>\n\t<meta property=\"og:image:type\" content=\"image\/jpeg\" \/>\n<meta name=\"twitter:card\" content=\"summary_large_image\" \/>\n<meta name=\"twitter:label1\" content=\"Gesch\u00e4tzte Lesezeit\" \/>\n\t<meta name=\"twitter:data1\" content=\"2\u00a0Minuten\" \/>\n<script type=\"application\/ld+json\" class=\"yoast-schema-graph\">{\"@context\":\"https:\\\/\\\/schema.org\",\"@graph\":[{\"@type\":\"WebPage\",\"@id\":\"https:\\\/\\\/repliquemangacine.fr\\\/elden-ring\\\/lame-flamboyante-de-rellana-elden-ring-shadow-of-the-erdtree\\\/\",\"url\":\"https:\\\/\\\/repliquemangacine.fr\\\/elden-ring\\\/lame-flamboyante-de-rellana-elden-ring-shadow-of-the-erdtree\\\/\",\"name\":\"Lame Flamboyante de Rellana \u2013 Elden Ring - R\u00e9plique Manga Cin\u00e9\",\"isPartOf\":{\"@id\":\"https:\\\/\\\/repliquemangacine.fr\\\/#website\"},\"primaryImageOfPage\":{\"@id\":\"https:\\\/\\\/repliquemangacine.fr\\\/elden-ring\\\/lame-flamboyante-de-rellana-elden-ring-shadow-of-the-erdtree\\\/#primaryimage\"},\"image\":{\"@id\":\"https:\\\/\\\/repliquemangacine.fr\\\/elden-ring\\\/lame-flamboyante-de-rellana-elden-ring-shadow-of-the-erdtree\\\/#primaryimage\"},\"thumbnailUrl\":\"https:\\\/\\\/repliquemangacine.fr\\\/wp-content\\\/uploads\\\/2025\\\/11\\\/Lame-Flamboyante-de-Rellana-Lame-jumelle-Elden-Ring.jpg\",\"datePublished\":\"2025-11-01T17:22:31+00:00\",\"dateModified\":\"2026-04-17T14:09:01+00:00\",\"description\":\"D\u00e9couvrez cette superbe Lame Flamboyante de Rellana dans Elden Ring (Shadow of the Erdtree). Lame acier avec gravure. Support mural avec logo. 106.5 cm\",\"breadcrumb\":{\"@id\":\"https:\\\/\\\/repliquemangacine.fr\\\/elden-ring\\\/lame-flamboyante-de-rellana-elden-ring-shadow-of-the-erdtree\\\/#breadcrumb\"},\"inLanguage\":\"de\",\"potentialAction\":[{\"@type\":\"ReadAction\",\"target\":[\"https:\\\/\\\/repliquemangacine.fr\\\/elden-ring\\\/lame-flamboyante-de-rellana-elden-ring-shadow-of-the-erdtree\\\/\"]}]},{\"@type\":\"ImageObject\",\"inLanguage\":\"de\",\"@id\":\"https:\\\/\\\/repliquemangacine.fr\\\/elden-ring\\\/lame-flamboyante-de-rellana-elden-ring-shadow-of-the-erdtree\\\/#primaryimage\",\"url\":\"https:\\\/\\\/repliquemangacine.fr\\\/wp-content\\\/uploads\\\/2025\\\/11\\\/Lame-Flamboyante-de-Rellana-Lame-jumelle-Elden-Ring.jpg\",\"contentUrl\":\"https:\\\/\\\/repliquemangacine.fr\\\/wp-content\\\/uploads\\\/2025\\\/11\\\/Lame-Flamboyante-de-Rellana-Lame-jumelle-Elden-Ring.jpg\",\"width\":700,\"height\":700,\"caption\":\"Lame Flamboyante de Rellana- Elden Ring (Shadow of the Erdtree)\"},{\"@type\":\"BreadcrumbList\",\"@id\":\"https:\\\/\\\/repliquemangacine.fr\\\/elden-ring\\\/lame-flamboyante-de-rellana-elden-ring-shadow-of-the-erdtree\\\/#breadcrumb\",\"itemListElement\":[{\"@type\":\"ListItem\",\"position\":1,\"name\":\"Accueil\",\"item\":\"https:\\\/\\\/repliquemangacine.fr\\\/\"},{\"@type\":\"ListItem\",\"position\":2,\"name\":\"Produits\",\"item\":\"https:\\\/\\\/repliquemangacine.fr\\\/boutique\\\/\"},{\"@type\":\"ListItem\",\"position\":3,\"name\":\"Lame Flamboyante de Rellana \u2013 Elden Ring\"}]},{\"@type\":\"WebSite\",\"@id\":\"https:\\\/\\\/repliquemangacine.fr\\\/#website\",\"url\":\"https:\\\/\\\/repliquemangacine.fr\\\/\",\"name\":\"R\u00e9plique Manga Cin\u00e9\",\"description\":\"\",\"publisher\":{\"@id\":\"https:\\\/\\\/repliquemangacine.fr\\\/#organization\"},\"potentialAction\":[{\"@type\":\"SearchAction\",\"target\":{\"@type\":\"EntryPoint\",\"urlTemplate\":\"https:\\\/\\\/repliquemangacine.fr\\\/?s={search_term_string}\"},\"query-input\":{\"@type\":\"PropertyValueSpecification\",\"valueRequired\":true,\"valueName\":\"search_term_string\"}}],\"inLanguage\":\"de\"},{\"@type\":\"Organization\",\"@id\":\"https:\\\/\\\/repliquemangacine.fr\\\/#organization\",\"name\":\"R\u00e9plique Manga Cin\u00e9\",\"url\":\"https:\\\/\\\/repliquemangacine.fr\\\/\",\"logo\":{\"@type\":\"ImageObject\",\"inLanguage\":\"de\",\"@id\":\"https:\\\/\\\/repliquemangacine.fr\\\/#\\\/schema\\\/logo\\\/image\\\/\",\"url\":\"https:\\\/\\\/repliquemangacine.fr\\\/wp-content\\\/uploads\\\/2023\\\/10\\\/RMC-500250.png\",\"contentUrl\":\"https:\\\/\\\/repliquemangacine.fr\\\/wp-content\\\/uploads\\\/2023\\\/10\\\/RMC-500250.png\",\"width\":500,\"height\":250,\"caption\":\"R\u00e9plique Manga Cin\u00e9\"},\"image\":{\"@id\":\"https:\\\/\\\/repliquemangacine.fr\\\/#\\\/schema\\\/logo\\\/image\\\/\"},\"sameAs\":[\"https:\\\/\\\/www.facebook.com\\\/RepliqueMangaCine\",\"https:\\\/\\\/www.instagram.com\\\/repliquemangacine.fr\\\/\"]}]}<\/script>\n<!-- \/ Yoast SEO plugin. -->","yoast_head_json":{"title":"Rellanas flammende Klinge - Elden Ring - R\u00e9plique Manga Cin\u00e9","description":"Entdecken Sie diese wundersch\u00f6ne Flamingoklinge von Rellana in Elden Ring (Shadow of the Erdtree). Stahlklinge mit Gravur. Wandhalterung mit Logo. 106.5 cm","robots":{"index":"index","follow":"follow","max-snippet":"max-snippet:-1","max-image-preview":"max-image-preview:large","max-video-preview":"max-video-preview:-1"},"canonical":"https:\/\/repliquemangacine.fr\/de\/elden-ring\/flammende-klinge-von-rellana-elden-ring-shadow-of-the-erdtree\/","og_locale":"de_DE","og_type":"article","og_title":"Lame Flamboyante de Rellana \u2013 Elden Ring - R\u00e9plique Manga Cin\u00e9","og_description":"D\u00e9couvrez cette superbe Lame Flamboyante de Rellana dans Elden Ring (Shadow of the Erdtree). Lame acier avec gravure. Support mural avec logo. 106.5 cm","og_url":"https:\/\/repliquemangacine.fr\/de\/elden-ring\/flammende-klinge-von-rellana-elden-ring-shadow-of-the-erdtree\/","og_site_name":"R\u00e9plique Manga Cin\u00e9","article_publisher":"https:\/\/www.facebook.com\/RepliqueMangaCine","article_modified_time":"2026-04-17T14:09:01+00:00","og_image":[{"width":700,"height":700,"url":"https:\/\/repliquemangacine.fr\/wp-content\/uploads\/2025\/11\/Lame-Flamboyante-de-Rellana-Lame-jumelle-Elden-Ring.jpg","type":"image\/jpeg"}],"twitter_card":"summary_large_image","twitter_misc":{"Gesch\u00e4tzte Lesezeit":"2\u00a0Minuten"},"schema":{"@context":"https:\/\/schema.org","@graph":[{"@type":"WebPage","@id":"https:\/\/repliquemangacine.fr\/elden-ring\/lame-flamboyante-de-rellana-elden-ring-shadow-of-the-erdtree\/","url":"https:\/\/repliquemangacine.fr\/elden-ring\/lame-flamboyante-de-rellana-elden-ring-shadow-of-the-erdtree\/","name":"Rellanas flammende Klinge - Elden Ring - R\u00e9plique Manga Cin\u00e9","isPartOf":{"@id":"https:\/\/repliquemangacine.fr\/#website"},"primaryImageOfPage":{"@id":"https:\/\/repliquemangacine.fr\/elden-ring\/lame-flamboyante-de-rellana-elden-ring-shadow-of-the-erdtree\/#primaryimage"},"image":{"@id":"https:\/\/repliquemangacine.fr\/elden-ring\/lame-flamboyante-de-rellana-elden-ring-shadow-of-the-erdtree\/#primaryimage"},"thumbnailUrl":"https:\/\/repliquemangacine.fr\/wp-content\/uploads\/2025\/11\/Lame-Flamboyante-de-Rellana-Lame-jumelle-Elden-Ring.jpg","datePublished":"2025-11-01T17:22:31+00:00","dateModified":"2026-04-17T14:09:01+00:00","description":"Entdecken Sie diese wundersch\u00f6ne Flamingoklinge von Rellana in Elden Ring (Shadow of the Erdtree). Stahlklinge mit Gravur. Wandhalterung mit Logo. 106.5 cm","breadcrumb":{"@id":"https:\/\/repliquemangacine.fr\/elden-ring\/lame-flamboyante-de-rellana-elden-ring-shadow-of-the-erdtree\/#breadcrumb"},"inLanguage":"de","potentialAction":[{"@type":"ReadAction","target":["https:\/\/repliquemangacine.fr\/elden-ring\/lame-flamboyante-de-rellana-elden-ring-shadow-of-the-erdtree\/"]}]},{"@type":"ImageObject","inLanguage":"de","@id":"https:\/\/repliquemangacine.fr\/elden-ring\/lame-flamboyante-de-rellana-elden-ring-shadow-of-the-erdtree\/#primaryimage","url":"https:\/\/repliquemangacine.fr\/wp-content\/uploads\/2025\/11\/Lame-Flamboyante-de-Rellana-Lame-jumelle-Elden-Ring.jpg","contentUrl":"https:\/\/repliquemangacine.fr\/wp-content\/uploads\/2025\/11\/Lame-Flamboyante-de-Rellana-Lame-jumelle-Elden-Ring.jpg","width":700,"height":700,"caption":"Lame Flamboyante de Rellana- Elden Ring (Shadow of the Erdtree)"},{"@type":"BreadcrumbList","@id":"https:\/\/repliquemangacine.fr\/elden-ring\/lame-flamboyante-de-rellana-elden-ring-shadow-of-the-erdtree\/#breadcrumb","itemListElement":[{"@type":"ListItem","position":1,"name":"Accueil","item":"https:\/\/repliquemangacine.fr\/"},{"@type":"ListItem","position":2,"name":"Produits","item":"https:\/\/repliquemangacine.fr\/boutique\/"},{"@type":"ListItem","position":3,"name":"Lame Flamboyante de Rellana \u2013 Elden Ring"}]},{"@type":"WebSite","@id":"https:\/\/repliquemangacine.fr\/#website","url":"https:\/\/repliquemangacine.fr\/","name":"R\u00e9plique Manga Cin\u00e9","description":"","publisher":{"@id":"https:\/\/repliquemangacine.fr\/#organization"},"potentialAction":[{"@type":"SearchAction","target":{"@type":"EntryPoint","urlTemplate":"https:\/\/repliquemangacine.fr\/?s={search_term_string}"},"query-input":{"@type":"PropertyValueSpecification","valueRequired":true,"valueName":"search_term_string"}}],"inLanguage":"de"},{"@type":"Organization","@id":"https:\/\/repliquemangacine.fr\/#organization","name":"R\u00e9plique Manga Cin\u00e9","url":"https:\/\/repliquemangacine.fr\/","logo":{"@type":"ImageObject","inLanguage":"de","@id":"https:\/\/repliquemangacine.fr\/#\/schema\/logo\/image\/","url":"https:\/\/repliquemangacine.fr\/wp-content\/uploads\/2023\/10\/RMC-500250.png","contentUrl":"https:\/\/repliquemangacine.fr\/wp-content\/uploads\/2023\/10\/RMC-500250.png","width":500,"height":250,"caption":"R\u00e9plique Manga Cin\u00e9"},"image":{"@id":"https:\/\/repliquemangacine.fr\/#\/schema\/logo\/image\/"},"sameAs":["https:\/\/www.facebook.com\/RepliqueMangaCine","https:\/\/www.instagram.com\/repliquemangacine.fr\/"]}]}},"_links":{"self":[{"href":"https:\/\/repliquemangacine.fr\/de\/wp-json\/wp\/v2\/product\/89995","targetHints":{"allow":["GET"]}}],"collection":[{"href":"https:\/\/repliquemangacine.fr\/de\/wp-json\/wp\/v2\/product"}],"about":[{"href":"https:\/\/repliquemangacine.fr\/de\/wp-json\/wp\/v2\/types\/product"}],"wp:featuredmedia":[{"embeddable":true,"href":"https:\/\/repliquemangacine.fr\/de\/wp-json\/wp\/v2\/media\/89996"}],"wp:attachment":[{"href":"https:\/\/repliquemangacine.fr\/de\/wp-json\/wp\/v2\/media?parent=89995"}],"wp:term":[{"taxonomy":"product_brand","embeddable":true,"href":"https:\/\/repliquemangacine.fr\/de\/wp-json\/wp\/v2\/product_brand?post=89995"},{"taxonomy":"product_cat","embeddable":true,"href":"https:\/\/repliquemangacine.fr\/de\/wp-json\/wp\/v2\/product_cat?post=89995"},{"taxonomy":"product_tag","embeddable":true,"href":"https:\/\/repliquemangacine.fr\/de\/wp-json\/wp\/v2\/product_tag?post=89995"}],"curies":[{"name":"wp","href":"https:\/\/api.w.org\/{rel}","templated":true}]}}