





{"id":89986,"date":"2025-11-01T17:14:25","date_gmt":"2025-11-01T16:14:25","guid":{"rendered":"https:\/\/repliquemangacine.fr\/?post_type=product&#038;p=89986"},"modified":"2026-04-21T08:49:44","modified_gmt":"2026-04-21T06:49:44","slug":"rellana-eldens-mondklinge-ring-shadow-of-the-erdtree","status":"publish","type":"product","link":"https:\/\/repliquemangacine.fr\/de\/elden-ring\/lame-lunaire-de-rellana-elden-ring-shadow-of-the-erdtree\/","title":{"rendered":"Mondklinge von Rellana-Elden Ring"},"content":{"rendered":"<h2>Rellanas Mondklinge - Elden Ring (Shadow of the Erdtree)<\/h2>\n<p>Zun\u00e4chst die Mondklinge von Rellana, ein St\u00fcck, das sofort ins Auge f\u00e4llt. Die kunstvoll ge\u00e4tzte Klinge erinnert an die eisige Magie der ewigen N\u00e4chte von Caria. Die aus 440-Stahl geschmiedete Klinge weist einen kontrollierten Glanz auf, der der raffinierten \u00c4sthetik treu bleibt, die man aus der Welt des Gl\u00fccksspiels kennt. Der Griff und der Knauf sind aus gealtertem Vollstahl gefertigt und so bearbeitet, dass sie eine edle und authentische Optik bieten. Mit einer L\u00e4nge von 107 cm liegt die Klinge sowohl in der Hand als auch auf dem Pr\u00e4sentierteller. Die Klinge wird mit einer Wandhalterung aus Holz geliefert, die speziell mit dem Elden Ring-Logo verziert ist und durch ihre elegante Form sofort zur Geltung kommt. Eine Klinge, die ein Symbol f\u00fcr Geheimnis, Gleichgewicht und Wissen ist. Besonders hervorzuheben ist, dass dieses Schwert Teil einer der beiden Zwillingsklingen von Rellana in der Erweiterung ist.<\/p>\n<h2>Rellana und die Mondmagie in Elden Ring<\/h2>\n<p>Im Elden Ring repr\u00e4sentiert diese Klinge den lunaren Teil von Rellana, der Ritterin der zwei Monde. Sie verk\u00f6rpert die <a href=\"https:\/\/eldenring.fandom.com\/wiki\/Carian_Sorcery\" target=\"_blank\" rel=\"noopener noreferrer\">karianische Magie<\/a>Diese Waffe stammt aus alten Traditionen, in denen sich Gelehrsamkeit und Pr\u00e4zision mit der Kunst des Kampfes vermischen. Tats\u00e4chlich erm\u00f6glicht diese Waffe feine, t\u00e4nzerische und oft unvorhersehbare Angriffe. Wenn sie vor Kraft leuchtet, wird der Schlag fast lautlos, als w\u00fcrde der Mond selbst die Bewegung lenken. Die Mondklinge ist also keine rohe Waffe. Sie erfordert Feingef\u00fchl, Intelligenz und Voraussicht. Rellana versucht nicht, mit purer Kraft zu dominieren, sondern eine Eleganz durchzusetzen, die den Gegner entwaffnet, noch bevor die Klinge ihn erreicht. Zusammenfassend l\u00e4sst sich sagen, dass dies eine Waffe f\u00fcr diejenigen ist, die die Sch\u00f6nheit in der Strategie lieben.<\/p>\n<h2>Erweitern Sie Ihre Elden Ring Kollektion mit R\u00e9plique Manga Cin\u00e9<\/h2>\n<p>F\u00fcr Sammler, die ihr Elden Ring-Universum erweitern m\u00f6chten, bietet R\u00e9plique Manga Cin\u00e9 viele weitere originalgetreue Repliken an. Der imposante <a href=\"https:\/\/repliquemangacine.fr\/de\/elden-ring\/dark-moon-greatsword-metal-elden-ring\/\">Dark Moon Greatsword<\/a> im Ma\u00dfstab 1:1 strahlt eine faszinierende eisige Aura aus. Die bl\u00e4ulich schimmernde Klinge mit der erhabenen Blumengravur erinnert an die Mondmagie des Spiels. Au\u00dferdem gibt es das<a href=\"https:\/\/repliquemangacine.fr\/de\/elden-ring\/greatsword-epee-elden-ring\/\">Greatsword-Schwert<\/a> Elden Ring bietet eine unvergessliche massive Kraft. Liebhaber eleganter Waffen sch\u00e4tzen den <a href=\"https:\/\/repliquemangacine.fr\/de\/elden-ring\/katana-moonveil-in-elden-ring\/\">Katana Moonveil<\/a>, der f\u00fcr seinen scharfen und magischen Schlag ber\u00fchmt ist. Und das ist erst der Anfang. Bald kommen weitere St\u00fccke hinzu, um eine Sammlung zu schmieden, die den gr\u00f6\u00dften Ternis w\u00fcrdig ist.<\/p>","protected":false},"excerpt":{"rendered":"<p>Wundersch\u00f6ne Replik von Rellanas Mondklinge aus Elden Ring (Shadow of the Erdtree). Dieses Schwert ist Teil einer von Rellanas Zwillingsklingen.<\/p>\n<ul>\n<li>Klinge aus 440 stainless Stahl mit \u00c4tzung<\/li>\n<li>Speziell geformter Knauf aus gealtertem Vollstahl<\/li>\n<li>Blau geformter ABS-Griff<\/li>\n<li>Abgelagerter Vollstahlb\u00fcgel mit blauen Perlen in der Mitte und an den Enden<\/li>\n<li>Wird mit seiner h\u00f6lzernen Wandhalterung mit Elden Ring-Logo und -Namen geliefert.<\/li>\n<li>L\u00e4nge der Klinge: 75 cm - Gesamtl\u00e4nge: 107 cm<\/li>\n<li>Gewicht: 1034 gr<\/li>\n<\/ul>","protected":false},"featured_media":89989,"template":"","meta":[],"product_brand":[],"product_cat":[876],"product_tag":[904,900,901,898,897,905,899,902,906,903],"class_list":{"0":"post-89986","1":"product","2":"type-product","3":"status-publish","4":"has-post-thumbnail","6":"product_cat-elden-ring","7":"product_tag-elden-ring-cosplay-weapon","8":"product_tag-epee-elden-ring-collection","9":"product_tag-epee-elden-ring-decoration","10":"product_tag-lames-jumelles-elden-ring","11":"product_tag-rellana-elden-ring","12":"product_tag-rellana-twin-moon-knight","13":"product_tag-rellanas-twin-blades","14":"product_tag-replique-elden-ring-acier","15":"product_tag-shadow-of-the-erdtree-weapon","16":"product_tag-sword-elden-ring-replica","18":"first","19":"instock","20":"taxable","21":"shipping-taxable","22":"purchasable","23":"product-type-simple"},"yoast_head":"<!-- This site is optimized with the Yoast SEO plugin v27.4 - https:\/\/yoast.com\/product\/yoast-seo-wordpress\/ -->\n<title>Lame Lunaire de Rellana-Elden Ring | R\u00e9plique Manga Cin\u00e9<\/title>\n<meta name=\"description\" content=\"Lame Lunaire de Rellana dans Elden Ring (Shadow of the Erdtree). Cette \u00e9p\u00e9e fait partie des Lames Jumelles. Lame acier 440 stainless grav\u00e9e. Support mural\" \/>\n<meta name=\"robots\" content=\"index, follow, max-snippet:-1, max-image-preview:large, max-video-preview:-1\" \/>\n<link rel=\"canonical\" href=\"https:\/\/repliquemangacine.fr\/de\/elden-ring\/rellana-eldens-mondklinge-ring-shadow-of-the-erdtree\/\" \/>\n<meta property=\"og:locale\" content=\"de_DE\" \/>\n<meta property=\"og:type\" content=\"article\" \/>\n<meta property=\"og:title\" content=\"Lame Lunaire de Rellana-Elden Ring | R\u00e9plique Manga Cin\u00e9\" \/>\n<meta property=\"og:description\" content=\"Lame Lunaire de Rellana dans Elden Ring (Shadow of the Erdtree). Cette \u00e9p\u00e9e fait partie des Lames Jumelles. Lame acier 440 stainless grav\u00e9e. Support mural\" \/>\n<meta property=\"og:url\" content=\"https:\/\/repliquemangacine.fr\/de\/elden-ring\/rellana-eldens-mondklinge-ring-shadow-of-the-erdtree\/\" \/>\n<meta property=\"og:site_name\" content=\"R\u00e9plique Manga Cin\u00e9\" \/>\n<meta property=\"article:publisher\" content=\"https:\/\/www.facebook.com\/RepliqueMangaCine\" \/>\n<meta property=\"article:modified_time\" content=\"2026-04-21T06:49:44+00:00\" \/>\n<meta property=\"og:image\" content=\"https:\/\/repliquemangacine.fr\/wp-content\/uploads\/2025\/11\/Lame-Lunaire-de-Rellana.jpg\" \/>\n\t<meta property=\"og:image:width\" content=\"700\" \/>\n\t<meta property=\"og:image:height\" content=\"700\" \/>\n\t<meta property=\"og:image:type\" content=\"image\/jpeg\" \/>\n<meta name=\"twitter:card\" content=\"summary_large_image\" \/>\n<meta name=\"twitter:label1\" content=\"Gesch\u00e4tzte Lesezeit\" \/>\n\t<meta name=\"twitter:data1\" content=\"3\u00a0Minuten\" \/>\n<script type=\"application\/ld+json\" class=\"yoast-schema-graph\">{\"@context\":\"https:\\\/\\\/schema.org\",\"@graph\":[{\"@type\":\"WebPage\",\"@id\":\"https:\\\/\\\/repliquemangacine.fr\\\/elden-ring\\\/lame-lunaire-de-rellana-elden-ring-shadow-of-the-erdtree\\\/\",\"url\":\"https:\\\/\\\/repliquemangacine.fr\\\/elden-ring\\\/lame-lunaire-de-rellana-elden-ring-shadow-of-the-erdtree\\\/\",\"name\":\"Lame Lunaire de Rellana-Elden Ring | R\u00e9plique Manga Cin\u00e9\",\"isPartOf\":{\"@id\":\"https:\\\/\\\/repliquemangacine.fr\\\/#website\"},\"primaryImageOfPage\":{\"@id\":\"https:\\\/\\\/repliquemangacine.fr\\\/elden-ring\\\/lame-lunaire-de-rellana-elden-ring-shadow-of-the-erdtree\\\/#primaryimage\"},\"image\":{\"@id\":\"https:\\\/\\\/repliquemangacine.fr\\\/elden-ring\\\/lame-lunaire-de-rellana-elden-ring-shadow-of-the-erdtree\\\/#primaryimage\"},\"thumbnailUrl\":\"https:\\\/\\\/repliquemangacine.fr\\\/wp-content\\\/uploads\\\/2025\\\/11\\\/Lame-Lunaire-de-Rellana.jpg\",\"datePublished\":\"2025-11-01T16:14:25+00:00\",\"dateModified\":\"2026-04-21T06:49:44+00:00\",\"description\":\"Lame Lunaire de Rellana dans Elden Ring (Shadow of the Erdtree). Cette \u00e9p\u00e9e fait partie des Lames Jumelles. Lame acier 440 stainless grav\u00e9e. Support mural\",\"breadcrumb\":{\"@id\":\"https:\\\/\\\/repliquemangacine.fr\\\/elden-ring\\\/lame-lunaire-de-rellana-elden-ring-shadow-of-the-erdtree\\\/#breadcrumb\"},\"inLanguage\":\"de\",\"potentialAction\":[{\"@type\":\"ReadAction\",\"target\":[\"https:\\\/\\\/repliquemangacine.fr\\\/elden-ring\\\/lame-lunaire-de-rellana-elden-ring-shadow-of-the-erdtree\\\/\"]}]},{\"@type\":\"ImageObject\",\"inLanguage\":\"de\",\"@id\":\"https:\\\/\\\/repliquemangacine.fr\\\/elden-ring\\\/lame-lunaire-de-rellana-elden-ring-shadow-of-the-erdtree\\\/#primaryimage\",\"url\":\"https:\\\/\\\/repliquemangacine.fr\\\/wp-content\\\/uploads\\\/2025\\\/11\\\/Lame-Lunaire-de-Rellana.jpg\",\"contentUrl\":\"https:\\\/\\\/repliquemangacine.fr\\\/wp-content\\\/uploads\\\/2025\\\/11\\\/Lame-Lunaire-de-Rellana.jpg\",\"width\":700,\"height\":700,\"caption\":\"Lame Lunaire de Rellana dans Elden Ring\"},{\"@type\":\"BreadcrumbList\",\"@id\":\"https:\\\/\\\/repliquemangacine.fr\\\/elden-ring\\\/lame-lunaire-de-rellana-elden-ring-shadow-of-the-erdtree\\\/#breadcrumb\",\"itemListElement\":[{\"@type\":\"ListItem\",\"position\":1,\"name\":\"Accueil\",\"item\":\"https:\\\/\\\/repliquemangacine.fr\\\/\"},{\"@type\":\"ListItem\",\"position\":2,\"name\":\"Produits\",\"item\":\"https:\\\/\\\/repliquemangacine.fr\\\/boutique\\\/\"},{\"@type\":\"ListItem\",\"position\":3,\"name\":\"Lame Lunaire de Rellana-Elden Ring\"}]},{\"@type\":\"WebSite\",\"@id\":\"https:\\\/\\\/repliquemangacine.fr\\\/#website\",\"url\":\"https:\\\/\\\/repliquemangacine.fr\\\/\",\"name\":\"R\u00e9plique Manga Cin\u00e9\",\"description\":\"\",\"publisher\":{\"@id\":\"https:\\\/\\\/repliquemangacine.fr\\\/#organization\"},\"potentialAction\":[{\"@type\":\"SearchAction\",\"target\":{\"@type\":\"EntryPoint\",\"urlTemplate\":\"https:\\\/\\\/repliquemangacine.fr\\\/?s={search_term_string}\"},\"query-input\":{\"@type\":\"PropertyValueSpecification\",\"valueRequired\":true,\"valueName\":\"search_term_string\"}}],\"inLanguage\":\"de\"},{\"@type\":\"Organization\",\"@id\":\"https:\\\/\\\/repliquemangacine.fr\\\/#organization\",\"name\":\"R\u00e9plique Manga Cin\u00e9\",\"url\":\"https:\\\/\\\/repliquemangacine.fr\\\/\",\"logo\":{\"@type\":\"ImageObject\",\"inLanguage\":\"de\",\"@id\":\"https:\\\/\\\/repliquemangacine.fr\\\/#\\\/schema\\\/logo\\\/image\\\/\",\"url\":\"https:\\\/\\\/repliquemangacine.fr\\\/wp-content\\\/uploads\\\/2023\\\/10\\\/RMC-500250.png\",\"contentUrl\":\"https:\\\/\\\/repliquemangacine.fr\\\/wp-content\\\/uploads\\\/2023\\\/10\\\/RMC-500250.png\",\"width\":500,\"height\":250,\"caption\":\"R\u00e9plique Manga Cin\u00e9\"},\"image\":{\"@id\":\"https:\\\/\\\/repliquemangacine.fr\\\/#\\\/schema\\\/logo\\\/image\\\/\"},\"sameAs\":[\"https:\\\/\\\/www.facebook.com\\\/RepliqueMangaCine\",\"https:\\\/\\\/www.instagram.com\\\/repliquemangacine.fr\\\/\"]}]}<\/script>\n<!-- \/ Yoast SEO plugin. -->","yoast_head_json":{"title":"Rellana-Elden Ring Mondklinge | R\u00e9plique Manga Cin\u00e9","description":"Rellanas Mondklinge in Elden Ring (Shadow of the Erdtree). Dieses Schwert ist Teil der Zwillingsklingen. Ge\u00e4tzte Klinge aus 440 stainless Stahl. Wandhalterung","robots":{"index":"index","follow":"follow","max-snippet":"max-snippet:-1","max-image-preview":"max-image-preview:large","max-video-preview":"max-video-preview:-1"},"canonical":"https:\/\/repliquemangacine.fr\/de\/elden-ring\/rellana-eldens-mondklinge-ring-shadow-of-the-erdtree\/","og_locale":"de_DE","og_type":"article","og_title":"Lame Lunaire de Rellana-Elden Ring | R\u00e9plique Manga Cin\u00e9","og_description":"Lame Lunaire de Rellana dans Elden Ring (Shadow of the Erdtree). Cette \u00e9p\u00e9e fait partie des Lames Jumelles. Lame acier 440 stainless grav\u00e9e. Support mural","og_url":"https:\/\/repliquemangacine.fr\/de\/elden-ring\/rellana-eldens-mondklinge-ring-shadow-of-the-erdtree\/","og_site_name":"R\u00e9plique Manga Cin\u00e9","article_publisher":"https:\/\/www.facebook.com\/RepliqueMangaCine","article_modified_time":"2026-04-21T06:49:44+00:00","og_image":[{"width":700,"height":700,"url":"https:\/\/repliquemangacine.fr\/wp-content\/uploads\/2025\/11\/Lame-Lunaire-de-Rellana.jpg","type":"image\/jpeg"}],"twitter_card":"summary_large_image","twitter_misc":{"Gesch\u00e4tzte Lesezeit":"3\u00a0Minuten"},"schema":{"@context":"https:\/\/schema.org","@graph":[{"@type":"WebPage","@id":"https:\/\/repliquemangacine.fr\/elden-ring\/lame-lunaire-de-rellana-elden-ring-shadow-of-the-erdtree\/","url":"https:\/\/repliquemangacine.fr\/elden-ring\/lame-lunaire-de-rellana-elden-ring-shadow-of-the-erdtree\/","name":"Rellana-Elden Ring Mondklinge | R\u00e9plique Manga Cin\u00e9","isPartOf":{"@id":"https:\/\/repliquemangacine.fr\/#website"},"primaryImageOfPage":{"@id":"https:\/\/repliquemangacine.fr\/elden-ring\/lame-lunaire-de-rellana-elden-ring-shadow-of-the-erdtree\/#primaryimage"},"image":{"@id":"https:\/\/repliquemangacine.fr\/elden-ring\/lame-lunaire-de-rellana-elden-ring-shadow-of-the-erdtree\/#primaryimage"},"thumbnailUrl":"https:\/\/repliquemangacine.fr\/wp-content\/uploads\/2025\/11\/Lame-Lunaire-de-Rellana.jpg","datePublished":"2025-11-01T16:14:25+00:00","dateModified":"2026-04-21T06:49:44+00:00","description":"Rellanas Mondklinge in Elden Ring (Shadow of the Erdtree). Dieses Schwert ist Teil der Zwillingsklingen. Ge\u00e4tzte Klinge aus 440 stainless Stahl. Wandhalterung","breadcrumb":{"@id":"https:\/\/repliquemangacine.fr\/elden-ring\/lame-lunaire-de-rellana-elden-ring-shadow-of-the-erdtree\/#breadcrumb"},"inLanguage":"de","potentialAction":[{"@type":"ReadAction","target":["https:\/\/repliquemangacine.fr\/elden-ring\/lame-lunaire-de-rellana-elden-ring-shadow-of-the-erdtree\/"]}]},{"@type":"ImageObject","inLanguage":"de","@id":"https:\/\/repliquemangacine.fr\/elden-ring\/lame-lunaire-de-rellana-elden-ring-shadow-of-the-erdtree\/#primaryimage","url":"https:\/\/repliquemangacine.fr\/wp-content\/uploads\/2025\/11\/Lame-Lunaire-de-Rellana.jpg","contentUrl":"https:\/\/repliquemangacine.fr\/wp-content\/uploads\/2025\/11\/Lame-Lunaire-de-Rellana.jpg","width":700,"height":700,"caption":"Lame Lunaire de Rellana dans Elden Ring"},{"@type":"BreadcrumbList","@id":"https:\/\/repliquemangacine.fr\/elden-ring\/lame-lunaire-de-rellana-elden-ring-shadow-of-the-erdtree\/#breadcrumb","itemListElement":[{"@type":"ListItem","position":1,"name":"Accueil","item":"https:\/\/repliquemangacine.fr\/"},{"@type":"ListItem","position":2,"name":"Produits","item":"https:\/\/repliquemangacine.fr\/boutique\/"},{"@type":"ListItem","position":3,"name":"Lame Lunaire de Rellana-Elden Ring"}]},{"@type":"WebSite","@id":"https:\/\/repliquemangacine.fr\/#website","url":"https:\/\/repliquemangacine.fr\/","name":"R\u00e9plique Manga Cin\u00e9","description":"","publisher":{"@id":"https:\/\/repliquemangacine.fr\/#organization"},"potentialAction":[{"@type":"SearchAction","target":{"@type":"EntryPoint","urlTemplate":"https:\/\/repliquemangacine.fr\/?s={search_term_string}"},"query-input":{"@type":"PropertyValueSpecification","valueRequired":true,"valueName":"search_term_string"}}],"inLanguage":"de"},{"@type":"Organization","@id":"https:\/\/repliquemangacine.fr\/#organization","name":"R\u00e9plique Manga Cin\u00e9","url":"https:\/\/repliquemangacine.fr\/","logo":{"@type":"ImageObject","inLanguage":"de","@id":"https:\/\/repliquemangacine.fr\/#\/schema\/logo\/image\/","url":"https:\/\/repliquemangacine.fr\/wp-content\/uploads\/2023\/10\/RMC-500250.png","contentUrl":"https:\/\/repliquemangacine.fr\/wp-content\/uploads\/2023\/10\/RMC-500250.png","width":500,"height":250,"caption":"R\u00e9plique Manga Cin\u00e9"},"image":{"@id":"https:\/\/repliquemangacine.fr\/#\/schema\/logo\/image\/"},"sameAs":["https:\/\/www.facebook.com\/RepliqueMangaCine","https:\/\/www.instagram.com\/repliquemangacine.fr\/"]}]}},"_links":{"self":[{"href":"https:\/\/repliquemangacine.fr\/de\/wp-json\/wp\/v2\/product\/89986","targetHints":{"allow":["GET"]}}],"collection":[{"href":"https:\/\/repliquemangacine.fr\/de\/wp-json\/wp\/v2\/product"}],"about":[{"href":"https:\/\/repliquemangacine.fr\/de\/wp-json\/wp\/v2\/types\/product"}],"wp:featuredmedia":[{"embeddable":true,"href":"https:\/\/repliquemangacine.fr\/de\/wp-json\/wp\/v2\/media\/89989"}],"wp:attachment":[{"href":"https:\/\/repliquemangacine.fr\/de\/wp-json\/wp\/v2\/media?parent=89986"}],"wp:term":[{"taxonomy":"product_brand","embeddable":true,"href":"https:\/\/repliquemangacine.fr\/de\/wp-json\/wp\/v2\/product_brand?post=89986"},{"taxonomy":"product_cat","embeddable":true,"href":"https:\/\/repliquemangacine.fr\/de\/wp-json\/wp\/v2\/product_cat?post=89986"},{"taxonomy":"product_tag","embeddable":true,"href":"https:\/\/repliquemangacine.fr\/de\/wp-json\/wp\/v2\/product_tag?post=89986"}],"curies":[{"name":"wp","href":"https:\/\/api.w.org\/{rel}","templated":true}]}}