





{"id":89906,"date":"2025-10-30T16:17:45","date_gmt":"2025-10-30T15:17:45","guid":{"rendered":"https:\/\/repliquemangacine.fr\/?post_type=product&#038;p=89906"},"modified":"2026-04-29T15:43:23","modified_gmt":"2026-04-29T13:43:23","slug":"skorpiondolch","status":"publish","type":"product","link":"https:\/\/repliquemangacine.fr\/de\/epees-et-dagues-fantasy\/dague-scorpion\/","title":{"rendered":"Skorpion-Dolch"},"content":{"rendered":"<h2>Eigenschaften des Skorpion-Dolches und symbolischer Stil<\/h2>\n<p>Dieser Skorpion-Dolch hat eine Gesamtl\u00e4nge von 38 cm und eine stumpfe Stahlklinge, die eine sichere, dekorative Ausstellung gew\u00e4hrleistet. Der Griff ist eine Mischung aus Metall und weichem ABS, was einen stabilen Griff und eine bemerkenswerte organische \u00c4sthetik erm\u00f6glicht. Das Design zeigt einen skelettierten Skorpion, der die Klinge umschlie\u00dft und an die alten Symbole f\u00fcr St\u00e4rke, Schutz und Wachsamkeit erinnert. Der Holzsockel misst 43 cm x 13 cm und bietet eine elegante und stabile Pr\u00e4sentation, um das Ganze hervorzuheben. Dar\u00fcber hinaus verst\u00e4rken die geschnitzten Details des Skorpionk\u00f6rpers den einzigartigen k\u00fcnstlerischen Aspekt dieses dekorativen St\u00fccks. So wird der Dolch zu einer echten Skulptur, die von der Fantasy-Vorstellung und der zeitgen\u00f6ssischen biomechanischen \u00c4sthetik beeinflusst ist. Jedes visuelle Element vermittelt Intensit\u00e4t, Pr\u00e4zision und einen mystischen Charakter und schafft so ein Meisterst\u00fcck. Dieser Dolch ist nicht nur ein Gegenstand, sondern verk\u00f6rpert eine starke und fesselnde Pr\u00e4senz.<\/p>\n<h2>Bedeutung und Besonderheit dieses Sammeldolches<\/h2>\n<p>Dieser Skorpion-Dolch zeichnet sich zun\u00e4chst durch sein gewagtes Design aus, das an eine Kreatur erinnert, die bereit ist, sich mit stiller Macht zu verteidigen. Seine geschwungene Form und die geschnitzten Details schaffen ein dekoratives St\u00fcck, das in jeder Umgebung sofort auff\u00e4llt. So zieht sie auf nat\u00fcrliche Weise die Aufmerksamkeit auf sich und wird zu einem ausdrucksstarken Mittelpunkt in einer Kollektion oder einer Inszenierung. Sie steht nicht nur f\u00fcr \u00c4sthetik, sondern auch f\u00fcr eine starke Symbolik, die mit Mut, Strategie und Besch\u00fctzerinstinkt verbunden ist. Dar\u00fcber hinaus verleiht ihr biomechanischer Stil ihr ein lebendiges, fast beseeltes Aussehen, das eine besondere innere Energie suggeriert. Durch diese Einzigartigkeit hebt er sich von herk\u00f6mmlichen Zierdolchen ab und bietet eine seltene visuelle Intensit\u00e4t. Daher eignet er sich hervorragend f\u00fcr Fantasy-Liebhaber, leidenschaftliche Sammler und originelle Dekorateure. Er verleiht jedem gew\u00e4hlten Raum sofort Tiefe, Geheimnis und Charakter.<\/p>\n<h2>Andere Produkte Erh\u00e4ltlich auf Repliquemangacine<\/h2>\n<p>Auf Repliquemangacine finden Sie eine gro\u00dfe Auswahl an Katanas, Schwertern, Dolchen und dekorativen Waffen, die von vielen popul\u00e4ren Universen inspiriert sind. Wir bieten Repliken aus One Piece, Naruto, Demon Slayer, Bleach, The Witcher, Zelda, Assassin's Creed und vielen anderen ikonischen Lizenzen an. Dar\u00fcber hinaus umfasst unser Shop historische Waffen, wie antike Gladiatoren, mittelalterliche Schwerter, Schilde und realistische Reproduktionen f\u00fcr leidenschaftliche Sammler. So kann jeder Stil und jede Leidenschaft ein St\u00fcck finden, das zu seiner bevorzugten \u00e4sthetischen Welt passt. Dar\u00fcber hinaus entdecken Sie auch Figuren, Goodies, Schl\u00fcsselanh\u00e4nger und dekorative Objekte, um Ihre Vitrinen und Sammlungen zu vervollst\u00e4ndigen. Unser Ziel ist es, einzigartige, qualitative und inspirierende St\u00fccke anzubieten, die dazu bestimmt sind, Ihre visuelle Umgebung zu bereichern. Repliquemangacine begleitet jeden Sammler beim Aufbau eines pers\u00f6nlichen und ausdrucksstarken Universums. Ihre Leidenschaft verdient au\u00dfergew\u00f6hnliche St\u00fccke.<\/p>","protected":false},"excerpt":{"rendered":"<ul>\n<li>Klinge: Stahl, stumpf f\u00fcr eine sichere Ausstellung<\/li>\n<li>Griff: Metall + weiches ABS (gelenkiger Panzereffekt)<\/li>\n<li>Gesamtl\u00e4nge: 38 cm<\/li>\n<li>Sockel: Holz 43 cm x 13 cm, dekoratives Muster<\/li>\n<li>Verwendung: Ideal zum Dekorieren und Sammeln<\/li>\n<\/ul>","protected":false},"featured_media":89908,"template":"","meta":[],"product_brand":[],"product_cat":[44],"product_tag":[951,940,946,949,944,938,939,937,935,936,941,934,950,947,943,942,948,929,933,945],"class_list":{"0":"post-89906","1":"product","2":"type-product","3":"status-publish","4":"has-post-thumbnail","6":"product_cat-epees-et-dagues-fantasy","7":"product_tag-accessoire-cosplay","8":"product_tag-arme-fantastique","9":"product_tag-armurerie-fantasy","10":"product_tag-cadeau-geek","11":"product_tag-cosplay-dagger","12":"product_tag-dague-collection","13":"product_tag-dague-cosplay","14":"product_tag-dague-decorative","15":"product_tag-dague-fantaisie","16":"product_tag-dague-fantasy","17":"product_tag-dague-metal","18":"product_tag-dague-scorpion","19":"product_tag-decor-guerrier","20":"product_tag-decoration-medievale","21":"product_tag-fantasy-dagger","22":"product_tag-knife-fantasy","23":"product_tag-objet-de-collection","24":"product_tag-replique-darme","25":"product_tag-scorpion","26":"product_tag-scorpion-blade","28":"first","29":"instock","30":"taxable","31":"shipping-taxable","32":"purchasable","33":"product-type-simple"},"yoast_head":"<!-- This site is optimized with the Yoast SEO plugin v27.5 - https:\/\/yoast.com\/product\/yoast-seo-wordpress\/ -->\n<title>Dague Scorpion | R\u00e9plique Manga Cin\u00e9<\/title>\n<meta name=\"description\" content=\"Dague Scorpion d\u00e9corative avec lame en acier \u00e9mouss\u00e9e et socle en bois. Pi\u00e8ce de collection au design fantasy unique. Disponible sur Repliquemangacine.\" \/>\n<meta name=\"robots\" content=\"index, follow, max-snippet:-1, max-image-preview:large, max-video-preview:-1\" \/>\n<link rel=\"canonical\" href=\"https:\/\/repliquemangacine.fr\/de\/fantasy-schwerter-und-dolche\/skorpiondolch\/\" \/>\n<meta property=\"og:locale\" content=\"de_DE\" \/>\n<meta property=\"og:type\" content=\"article\" \/>\n<meta property=\"og:title\" content=\"Dague Scorpion | R\u00e9plique Manga Cin\u00e9\" \/>\n<meta property=\"og:description\" content=\"Dague Scorpion d\u00e9corative avec lame en acier \u00e9mouss\u00e9e et socle en bois. Pi\u00e8ce de collection au design fantasy unique. Disponible sur Repliquemangacine.\" \/>\n<meta property=\"og:url\" content=\"https:\/\/repliquemangacine.fr\/de\/fantasy-schwerter-und-dolche\/skorpiondolch\/\" \/>\n<meta property=\"og:site_name\" content=\"R\u00e9plique Manga Cin\u00e9\" \/>\n<meta property=\"article:publisher\" content=\"https:\/\/www.facebook.com\/RepliqueMangaCine\" \/>\n<meta property=\"article:modified_time\" content=\"2026-04-29T13:43:23+00:00\" \/>\n<meta property=\"og:image\" content=\"https:\/\/repliquemangacine.fr\/wp-content\/uploads\/2025\/10\/DAGUE-SCORPION-FM621.jpg\" \/>\n\t<meta property=\"og:image:width\" content=\"700\" \/>\n\t<meta property=\"og:image:height\" content=\"700\" \/>\n\t<meta property=\"og:image:type\" content=\"image\/jpeg\" \/>\n<meta name=\"twitter:card\" content=\"summary_large_image\" \/>\n<meta name=\"twitter:label1\" content=\"Gesch\u00e4tzte Lesezeit\" \/>\n\t<meta name=\"twitter:data1\" content=\"3\u00a0Minuten\" \/>\n<script type=\"application\/ld+json\" class=\"yoast-schema-graph\">{\"@context\":\"https:\\\/\\\/schema.org\",\"@graph\":[{\"@type\":\"WebPage\",\"@id\":\"https:\\\/\\\/repliquemangacine.fr\\\/epees-et-dagues-fantasy\\\/dague-scorpion\\\/\",\"url\":\"https:\\\/\\\/repliquemangacine.fr\\\/epees-et-dagues-fantasy\\\/dague-scorpion\\\/\",\"name\":\"Dague Scorpion | R\u00e9plique Manga Cin\u00e9\",\"isPartOf\":{\"@id\":\"https:\\\/\\\/repliquemangacine.fr\\\/#website\"},\"primaryImageOfPage\":{\"@id\":\"https:\\\/\\\/repliquemangacine.fr\\\/epees-et-dagues-fantasy\\\/dague-scorpion\\\/#primaryimage\"},\"image\":{\"@id\":\"https:\\\/\\\/repliquemangacine.fr\\\/epees-et-dagues-fantasy\\\/dague-scorpion\\\/#primaryimage\"},\"thumbnailUrl\":\"https:\\\/\\\/repliquemangacine.fr\\\/wp-content\\\/uploads\\\/2025\\\/10\\\/DAGUE-SCORPION-FM621.jpg\",\"datePublished\":\"2025-10-30T15:17:45+00:00\",\"dateModified\":\"2026-04-29T13:43:23+00:00\",\"description\":\"Dague Scorpion d\u00e9corative avec lame en acier \u00e9mouss\u00e9e et socle en bois. Pi\u00e8ce de collection au design fantasy unique. Disponible sur Repliquemangacine.\",\"breadcrumb\":{\"@id\":\"https:\\\/\\\/repliquemangacine.fr\\\/epees-et-dagues-fantasy\\\/dague-scorpion\\\/#breadcrumb\"},\"inLanguage\":\"de\",\"potentialAction\":[{\"@type\":\"ReadAction\",\"target\":[\"https:\\\/\\\/repliquemangacine.fr\\\/epees-et-dagues-fantasy\\\/dague-scorpion\\\/\"]}]},{\"@type\":\"ImageObject\",\"inLanguage\":\"de\",\"@id\":\"https:\\\/\\\/repliquemangacine.fr\\\/epees-et-dagues-fantasy\\\/dague-scorpion\\\/#primaryimage\",\"url\":\"https:\\\/\\\/repliquemangacine.fr\\\/wp-content\\\/uploads\\\/2025\\\/10\\\/DAGUE-SCORPION-FM621.jpg\",\"contentUrl\":\"https:\\\/\\\/repliquemangacine.fr\\\/wp-content\\\/uploads\\\/2025\\\/10\\\/DAGUE-SCORPION-FM621.jpg\",\"width\":700,\"height\":700,\"caption\":\"Dague scorpion sur son socle en bois\"},{\"@type\":\"BreadcrumbList\",\"@id\":\"https:\\\/\\\/repliquemangacine.fr\\\/epees-et-dagues-fantasy\\\/dague-scorpion\\\/#breadcrumb\",\"itemListElement\":[{\"@type\":\"ListItem\",\"position\":1,\"name\":\"Accueil\",\"item\":\"https:\\\/\\\/repliquemangacine.fr\\\/\"},{\"@type\":\"ListItem\",\"position\":2,\"name\":\"Produits\",\"item\":\"https:\\\/\\\/repliquemangacine.fr\\\/boutique\\\/\"},{\"@type\":\"ListItem\",\"position\":3,\"name\":\"Dague Scorpion\"}]},{\"@type\":\"WebSite\",\"@id\":\"https:\\\/\\\/repliquemangacine.fr\\\/#website\",\"url\":\"https:\\\/\\\/repliquemangacine.fr\\\/\",\"name\":\"R\u00e9plique Manga Cin\u00e9\",\"description\":\"\",\"publisher\":{\"@id\":\"https:\\\/\\\/repliquemangacine.fr\\\/#organization\"},\"potentialAction\":[{\"@type\":\"SearchAction\",\"target\":{\"@type\":\"EntryPoint\",\"urlTemplate\":\"https:\\\/\\\/repliquemangacine.fr\\\/?s={search_term_string}\"},\"query-input\":{\"@type\":\"PropertyValueSpecification\",\"valueRequired\":true,\"valueName\":\"search_term_string\"}}],\"inLanguage\":\"de\"},{\"@type\":\"Organization\",\"@id\":\"https:\\\/\\\/repliquemangacine.fr\\\/#organization\",\"name\":\"R\u00e9plique Manga Cin\u00e9\",\"url\":\"https:\\\/\\\/repliquemangacine.fr\\\/\",\"logo\":{\"@type\":\"ImageObject\",\"inLanguage\":\"de\",\"@id\":\"https:\\\/\\\/repliquemangacine.fr\\\/#\\\/schema\\\/logo\\\/image\\\/\",\"url\":\"https:\\\/\\\/repliquemangacine.fr\\\/wp-content\\\/uploads\\\/2023\\\/10\\\/RMC-500250.png\",\"contentUrl\":\"https:\\\/\\\/repliquemangacine.fr\\\/wp-content\\\/uploads\\\/2023\\\/10\\\/RMC-500250.png\",\"width\":500,\"height\":250,\"caption\":\"R\u00e9plique Manga Cin\u00e9\"},\"image\":{\"@id\":\"https:\\\/\\\/repliquemangacine.fr\\\/#\\\/schema\\\/logo\\\/image\\\/\"},\"sameAs\":[\"https:\\\/\\\/www.facebook.com\\\/RepliqueMangaCine\",\"https:\\\/\\\/www.instagram.com\\\/repliquemangacine.fr\\\/\"]}]}<\/script>\n<!-- \/ Yoast SEO plugin. -->","yoast_head_json":{"title":"Skorpion-Dolch | R\u00e9plique Manga Cin\u00e9","description":"Dekorativer Skorpion-Dolch mit stumpfer Stahlklinge und Holzsockel. Sammlerst\u00fcck mit einzigartigem Fantasy-Design. Erh\u00e4ltlich bei Repliquemangacine.","robots":{"index":"index","follow":"follow","max-snippet":"max-snippet:-1","max-image-preview":"max-image-preview:large","max-video-preview":"max-video-preview:-1"},"canonical":"https:\/\/repliquemangacine.fr\/de\/fantasy-schwerter-und-dolche\/skorpiondolch\/","og_locale":"de_DE","og_type":"article","og_title":"Dague Scorpion | R\u00e9plique Manga Cin\u00e9","og_description":"Dague Scorpion d\u00e9corative avec lame en acier \u00e9mouss\u00e9e et socle en bois. Pi\u00e8ce de collection au design fantasy unique. Disponible sur Repliquemangacine.","og_url":"https:\/\/repliquemangacine.fr\/de\/fantasy-schwerter-und-dolche\/skorpiondolch\/","og_site_name":"R\u00e9plique Manga Cin\u00e9","article_publisher":"https:\/\/www.facebook.com\/RepliqueMangaCine","article_modified_time":"2026-04-29T13:43:23+00:00","og_image":[{"width":700,"height":700,"url":"https:\/\/repliquemangacine.fr\/wp-content\/uploads\/2025\/10\/DAGUE-SCORPION-FM621.jpg","type":"image\/jpeg"}],"twitter_card":"summary_large_image","twitter_misc":{"Gesch\u00e4tzte Lesezeit":"3\u00a0Minuten"},"schema":{"@context":"https:\/\/schema.org","@graph":[{"@type":"WebPage","@id":"https:\/\/repliquemangacine.fr\/epees-et-dagues-fantasy\/dague-scorpion\/","url":"https:\/\/repliquemangacine.fr\/epees-et-dagues-fantasy\/dague-scorpion\/","name":"Skorpion-Dolch | R\u00e9plique Manga Cin\u00e9","isPartOf":{"@id":"https:\/\/repliquemangacine.fr\/#website"},"primaryImageOfPage":{"@id":"https:\/\/repliquemangacine.fr\/epees-et-dagues-fantasy\/dague-scorpion\/#primaryimage"},"image":{"@id":"https:\/\/repliquemangacine.fr\/epees-et-dagues-fantasy\/dague-scorpion\/#primaryimage"},"thumbnailUrl":"https:\/\/repliquemangacine.fr\/wp-content\/uploads\/2025\/10\/DAGUE-SCORPION-FM621.jpg","datePublished":"2025-10-30T15:17:45+00:00","dateModified":"2026-04-29T13:43:23+00:00","description":"Dekorativer Skorpion-Dolch mit stumpfer Stahlklinge und Holzsockel. Sammlerst\u00fcck mit einzigartigem Fantasy-Design. Erh\u00e4ltlich bei Repliquemangacine.","breadcrumb":{"@id":"https:\/\/repliquemangacine.fr\/epees-et-dagues-fantasy\/dague-scorpion\/#breadcrumb"},"inLanguage":"de","potentialAction":[{"@type":"ReadAction","target":["https:\/\/repliquemangacine.fr\/epees-et-dagues-fantasy\/dague-scorpion\/"]}]},{"@type":"ImageObject","inLanguage":"de","@id":"https:\/\/repliquemangacine.fr\/epees-et-dagues-fantasy\/dague-scorpion\/#primaryimage","url":"https:\/\/repliquemangacine.fr\/wp-content\/uploads\/2025\/10\/DAGUE-SCORPION-FM621.jpg","contentUrl":"https:\/\/repliquemangacine.fr\/wp-content\/uploads\/2025\/10\/DAGUE-SCORPION-FM621.jpg","width":700,"height":700,"caption":"Dague scorpion sur son socle en bois"},{"@type":"BreadcrumbList","@id":"https:\/\/repliquemangacine.fr\/epees-et-dagues-fantasy\/dague-scorpion\/#breadcrumb","itemListElement":[{"@type":"ListItem","position":1,"name":"Accueil","item":"https:\/\/repliquemangacine.fr\/"},{"@type":"ListItem","position":2,"name":"Produits","item":"https:\/\/repliquemangacine.fr\/boutique\/"},{"@type":"ListItem","position":3,"name":"Dague Scorpion"}]},{"@type":"WebSite","@id":"https:\/\/repliquemangacine.fr\/#website","url":"https:\/\/repliquemangacine.fr\/","name":"R\u00e9plique Manga Cin\u00e9","description":"","publisher":{"@id":"https:\/\/repliquemangacine.fr\/#organization"},"potentialAction":[{"@type":"SearchAction","target":{"@type":"EntryPoint","urlTemplate":"https:\/\/repliquemangacine.fr\/?s={search_term_string}"},"query-input":{"@type":"PropertyValueSpecification","valueRequired":true,"valueName":"search_term_string"}}],"inLanguage":"de"},{"@type":"Organization","@id":"https:\/\/repliquemangacine.fr\/#organization","name":"R\u00e9plique Manga Cin\u00e9","url":"https:\/\/repliquemangacine.fr\/","logo":{"@type":"ImageObject","inLanguage":"de","@id":"https:\/\/repliquemangacine.fr\/#\/schema\/logo\/image\/","url":"https:\/\/repliquemangacine.fr\/wp-content\/uploads\/2023\/10\/RMC-500250.png","contentUrl":"https:\/\/repliquemangacine.fr\/wp-content\/uploads\/2023\/10\/RMC-500250.png","width":500,"height":250,"caption":"R\u00e9plique Manga Cin\u00e9"},"image":{"@id":"https:\/\/repliquemangacine.fr\/#\/schema\/logo\/image\/"},"sameAs":["https:\/\/www.facebook.com\/RepliqueMangaCine","https:\/\/www.instagram.com\/repliquemangacine.fr\/"]}]}},"_links":{"self":[{"href":"https:\/\/repliquemangacine.fr\/de\/wp-json\/wp\/v2\/product\/89906","targetHints":{"allow":["GET"]}}],"collection":[{"href":"https:\/\/repliquemangacine.fr\/de\/wp-json\/wp\/v2\/product"}],"about":[{"href":"https:\/\/repliquemangacine.fr\/de\/wp-json\/wp\/v2\/types\/product"}],"wp:featuredmedia":[{"embeddable":true,"href":"https:\/\/repliquemangacine.fr\/de\/wp-json\/wp\/v2\/media\/89908"}],"wp:attachment":[{"href":"https:\/\/repliquemangacine.fr\/de\/wp-json\/wp\/v2\/media?parent=89906"}],"wp:term":[{"taxonomy":"product_brand","embeddable":true,"href":"https:\/\/repliquemangacine.fr\/de\/wp-json\/wp\/v2\/product_brand?post=89906"},{"taxonomy":"product_cat","embeddable":true,"href":"https:\/\/repliquemangacine.fr\/de\/wp-json\/wp\/v2\/product_cat?post=89906"},{"taxonomy":"product_tag","embeddable":true,"href":"https:\/\/repliquemangacine.fr\/de\/wp-json\/wp\/v2\/product_tag?post=89906"}],"curies":[{"name":"wp","href":"https:\/\/api.w.org\/{rel}","templated":true}]}}