





{"id":89890,"date":"2025-10-30T10:31:56","date_gmt":"2025-10-30T09:31:56","guid":{"rendered":"https:\/\/repliquemangacine.fr\/?post_type=product&#038;p=89890"},"modified":"2026-02-19T11:33:47","modified_gmt":"2026-02-19T10:33:47","slug":"makronesisches-dekorationsset-rot","status":"publish","type":"product","link":"https:\/\/repliquemangacine.fr\/de\/reproductions-d-armes-et-accessoires-medievales\/ensemble-maconnique-decoratif-rouge\/","title":{"rendered":"Freimaurer Deko-Set Rot"},"content":{"rendered":"<h2>Dekoratives Freimaurer-Set Rot: Symbol und Prestige<\/h2>\n<p>Zun\u00e4chst einmal richtet sich dieses dekorative Freimaurer-Set in Rot an alle, die sich f\u00fcr starke Symbole und geheime Geschichte begeistern. Zun\u00e4chst einmal sind die beiden gekreuzten Schwerter aus Metall mit einer sorgf\u00e4ltigen, ausgewogenen und eleganten Verarbeitung hergestellt. Ihre geraden Klingen erinnern an moralische Korrektheit und den Willen, symbolisch die Unwissenheit zu durchtrennen. Die vergoldeten Metallgardisten verleihen einen Hauch von ma\u00dfvollem Glanz. In der Mitte der Guard sind die Symbole der <a href=\"https:\/\/www.monarchiesetdynastiesdumonde.com\/pages\/actualites-des-monarchies-du-monde\/europe\/france\/quand-la-franc-maconnerie-etait-legitimiste-et-royaliste.html\" target=\"_blank\" rel=\"noopener noreferrer\">Freimaurer<\/a> des Geodreiecks und des Zirkels, die den Buchstaben \"G\" umschlie\u00dfen. Die Griffe aus rotem Samt sorgen f\u00fcr eine bemerkenswerte visuelle Intensit\u00e4t. Durch diesen Kontrast wird der Dialog zwischen St\u00e4rke, Disziplin und Leidenschaft sp\u00fcrbar. Diese Art von dekorativem St\u00fcck findet seinen Platz in den Privatsammlungen von Kennern.<\/p>\n<h2>Freimaurerische Schildtafel: Eine Reihe starker Symbole<\/h2>\n<p>Das schildf\u00f6rmige Paneel sorgt f\u00fcr eine unmittelbare visuelle Pr\u00e4senz. Seine dunkle Holzfarbe erinnert an N\u00fcchternheit, Tradition und Weitergabe. In der Mitte zieht das dekorative Medaillon die Blicke auf sich. Man erkennt das Winkelma\u00df und den Zirkel um den Buchstaben \"G\", ein Symbol f\u00fcr Gleichgewicht, Sch\u00f6pfung und innere Erkenntnis. Die Gravuren rundherum verst\u00e4rken die initiatorische Bedeutung des Ganzen. Das strahlende Auge auf dem oberen Teil erinnert an Wachsamkeit, Wahrheitssuche und die Erhebung des Geistes. Die beiden S\u00e4ulen stellen das Fundament des Weges dar, den Eingang zu einem umfassenderen Verst\u00e4ndnis der Welt. Das aufgeschlagene Buch am unteren Rand des Schildes schlie\u00dflich erinnert an Wissen, Studium und die Vertiefung des Denkens. Somit ist dieses Schild nicht nur dekorativ. Er erz\u00e4hlt eine Geschichte, eine Suche, einen Weg. Abschlie\u00dfend verleiht er dem Objekt eine reiche symbolische Dimension, die nat\u00fcrlich ihren Platz in der Sammlung eines Liebhabers findet.<\/p>\n<h2>Perfekt f\u00fcr Sammlung, Dekoration und Kuriosit\u00e4tenkabinett<\/h2>\n<p>Dieses Freimaurer-Ensemble f\u00fcgt sich auf nat\u00fcrliche Weise in eine bereits reiche oder noch zu entwickelnde Sammlung ein. Es passt perfekt zu anderen geschichtstr\u00e4chtigen St\u00fccken wie der <a href=\"https:\/\/repliquemangacine.fr\/de\/repliken-darmen-napoleon\/dolch-der-kronung-napoleons\/\">dolch von Napoleons Kr\u00f6nung<\/a> Modell 1809, ein Symbol f\u00fcr Ehrgeiz und imperiales Schicksal. Er heiratete auch die<a href=\"https:\/\/repliquemangacine.fr\/de\/mittelalterliches-schwert-der-templer\/legendares-schwert-excalibur-konig-arthur\/\">legend\u00e4res Schwert von K\u00f6nig Artus, die Excalibur<\/a>Dieses St\u00fcck ist ein Muss f\u00fcr alle, die von Ritterlichkeit und Gr\u00fcndungsmythen tr\u00e4umen. Nicht zu vergessen die Replik des<a href=\"https:\/\/repliquemangacine.fr\/de\/ausverkauf\/schwert-des-heiligen-mauritius-von-turin-13-jahrhundert\/\">Schwert St. Mauritius von Turin<\/a> aus dem XIII\u1d49 Jahrhundert, elegant und heilig, wird mit seiner Scheide geliefert. So wird die Freimaurertafel zu einem visuellen Pfeiler, einem Konvergenzpunkt zwischen Traditionen, Legenden und symbolischer Macht. \u00dcbrigens: In einem Wohnzimmer, einem B\u00fcro oder einem zweckgebundenen Raum platziert, zieht es die Aufmerksamkeit auf sich, inspiriert die Neugier und erz\u00e4hlt eine Geschichte. Mit diesem Ensemble wird keine Wand dekoriert. Man bekr\u00e4ftigt eine Identit\u00e4t. Schlie\u00dflich bekennt man sich zu einer Vorliebe f\u00fcr Wissen, Weitergabe und zeitlose Eleganz.<\/p>","protected":false},"excerpt":{"rendered":"<p>Wundersch\u00f6nes dekoratives Freimaurer-Set in Rot. Perfekt f\u00fcr Sammlungen, Innendekorationen und feine zeremonielle Atmosph\u00e4re.<\/p>\n<ul>\n<li>Beide Schwerter haben eine Klinge aus 440 stainless Stahl.<\/li>\n<li>Griff und Knauf aus vergoldetem Stahl mit Freimaurersymbolen.<\/li>\n<li>Griff aus Stahl mit rotem Samt \u00fcberzogen<\/li>\n<li>Schild aus Holz mit Freimaurersymbolen.<\/li>\n<li>Durchmesser des Schildes 16cm - Holzplatte 40X30 cm<\/li>\n<li>L\u00e4nge der Klingen 60cm - Gesamtl\u00e4nge der Schwerter: 76cm<\/li>\n<\/ul>","protected":false},"featured_media":89892,"template":"","meta":[],"product_brand":[],"product_cat":[25,43],"product_tag":[],"class_list":{"0":"post-89890","1":"product","2":"type-product","3":"status-publish","4":"has-post-thumbnail","6":"product_cat-armes-historiques","7":"product_cat-reproductions-d-armes-et-accessoires-medievales","9":"first","10":"instock","11":"taxable","12":"shipping-taxable","13":"purchasable","14":"product-type-simple"},"yoast_head":"<!-- This site is optimized with the Yoast SEO plugin v27.4 - https:\/\/yoast.com\/product\/yoast-seo-wordpress\/ -->\n<title>Ensemble Ma\u00e7onnique D\u00e9coratif Rouge - R\u00e9plique Manga Cin\u00e9<\/title>\n<meta name=\"description\" content=\"Ensemble Ma\u00e7onnique D\u00e9coratif Rouge, avec deux \u00e9p\u00e9es crois\u00e9es et bouclier symbolique. Parfait pour collection, d\u00e9coration int\u00e9rieure.\" \/>\n<meta name=\"robots\" content=\"index, follow, max-snippet:-1, max-image-preview:large, max-video-preview:-1\" \/>\n<link rel=\"canonical\" href=\"https:\/\/repliquemangacine.fr\/de\/nachbildungen-von-mittelalterlichen-waffen-und-accessoires\/makronesisches-dekorationsset-rot\/\" \/>\n<meta property=\"og:locale\" content=\"de_DE\" \/>\n<meta property=\"og:type\" content=\"article\" \/>\n<meta property=\"og:title\" content=\"Ensemble Ma\u00e7onnique D\u00e9coratif Rouge - R\u00e9plique Manga Cin\u00e9\" \/>\n<meta property=\"og:description\" content=\"Ensemble Ma\u00e7onnique D\u00e9coratif Rouge, avec deux \u00e9p\u00e9es crois\u00e9es et bouclier symbolique. Parfait pour collection, d\u00e9coration int\u00e9rieure.\" \/>\n<meta property=\"og:url\" content=\"https:\/\/repliquemangacine.fr\/de\/nachbildungen-von-mittelalterlichen-waffen-und-accessoires\/makronesisches-dekorationsset-rot\/\" \/>\n<meta property=\"og:site_name\" content=\"R\u00e9plique Manga Cin\u00e9\" \/>\n<meta property=\"article:publisher\" content=\"https:\/\/www.facebook.com\/RepliqueMangaCine\" \/>\n<meta property=\"article:modified_time\" content=\"2026-02-19T10:33:47+00:00\" \/>\n<meta property=\"og:image\" content=\"https:\/\/repliquemangacine.fr\/wp-content\/uploads\/2025\/10\/Ensemble-Maconnique-Decoratif-Rouge.jpg\" \/>\n\t<meta property=\"og:image:width\" content=\"700\" \/>\n\t<meta property=\"og:image:height\" content=\"700\" \/>\n\t<meta property=\"og:image:type\" content=\"image\/jpeg\" \/>\n<meta name=\"twitter:card\" content=\"summary_large_image\" \/>\n<meta name=\"twitter:label1\" content=\"Gesch\u00e4tzte Lesezeit\" \/>\n\t<meta name=\"twitter:data1\" content=\"3\u00a0Minuten\" \/>\n<script type=\"application\/ld+json\" class=\"yoast-schema-graph\">{\"@context\":\"https:\\\/\\\/schema.org\",\"@graph\":[{\"@type\":\"WebPage\",\"@id\":\"https:\\\/\\\/repliquemangacine.fr\\\/reproductions-d-armes-et-accessoires-medievales\\\/ensemble-maconnique-decoratif-rouge\\\/\",\"url\":\"https:\\\/\\\/repliquemangacine.fr\\\/reproductions-d-armes-et-accessoires-medievales\\\/ensemble-maconnique-decoratif-rouge\\\/\",\"name\":\"Ensemble Ma\u00e7onnique D\u00e9coratif Rouge - R\u00e9plique Manga Cin\u00e9\",\"isPartOf\":{\"@id\":\"https:\\\/\\\/repliquemangacine.fr\\\/#website\"},\"primaryImageOfPage\":{\"@id\":\"https:\\\/\\\/repliquemangacine.fr\\\/reproductions-d-armes-et-accessoires-medievales\\\/ensemble-maconnique-decoratif-rouge\\\/#primaryimage\"},\"image\":{\"@id\":\"https:\\\/\\\/repliquemangacine.fr\\\/reproductions-d-armes-et-accessoires-medievales\\\/ensemble-maconnique-decoratif-rouge\\\/#primaryimage\"},\"thumbnailUrl\":\"https:\\\/\\\/repliquemangacine.fr\\\/wp-content\\\/uploads\\\/2025\\\/10\\\/Ensemble-Maconnique-Decoratif-Rouge.jpg\",\"datePublished\":\"2025-10-30T09:31:56+00:00\",\"dateModified\":\"2026-02-19T10:33:47+00:00\",\"description\":\"Ensemble Ma\u00e7onnique D\u00e9coratif Rouge, avec deux \u00e9p\u00e9es crois\u00e9es et bouclier symbolique. Parfait pour collection, d\u00e9coration int\u00e9rieure.\",\"breadcrumb\":{\"@id\":\"https:\\\/\\\/repliquemangacine.fr\\\/reproductions-d-armes-et-accessoires-medievales\\\/ensemble-maconnique-decoratif-rouge\\\/#breadcrumb\"},\"inLanguage\":\"de\",\"potentialAction\":[{\"@type\":\"ReadAction\",\"target\":[\"https:\\\/\\\/repliquemangacine.fr\\\/reproductions-d-armes-et-accessoires-medievales\\\/ensemble-maconnique-decoratif-rouge\\\/\"]}]},{\"@type\":\"ImageObject\",\"inLanguage\":\"de\",\"@id\":\"https:\\\/\\\/repliquemangacine.fr\\\/reproductions-d-armes-et-accessoires-medievales\\\/ensemble-maconnique-decoratif-rouge\\\/#primaryimage\",\"url\":\"https:\\\/\\\/repliquemangacine.fr\\\/wp-content\\\/uploads\\\/2025\\\/10\\\/Ensemble-Maconnique-Decoratif-Rouge.jpg\",\"contentUrl\":\"https:\\\/\\\/repliquemangacine.fr\\\/wp-content\\\/uploads\\\/2025\\\/10\\\/Ensemble-Maconnique-Decoratif-Rouge.jpg\",\"width\":700,\"height\":700,\"caption\":\"Ensemble Ma\u00e7onnique D\u00e9coratif Rouge\"},{\"@type\":\"BreadcrumbList\",\"@id\":\"https:\\\/\\\/repliquemangacine.fr\\\/reproductions-d-armes-et-accessoires-medievales\\\/ensemble-maconnique-decoratif-rouge\\\/#breadcrumb\",\"itemListElement\":[{\"@type\":\"ListItem\",\"position\":1,\"name\":\"Accueil\",\"item\":\"https:\\\/\\\/repliquemangacine.fr\\\/\"},{\"@type\":\"ListItem\",\"position\":2,\"name\":\"Produits\",\"item\":\"https:\\\/\\\/repliquemangacine.fr\\\/boutique\\\/\"},{\"@type\":\"ListItem\",\"position\":3,\"name\":\"Ensemble Ma\u00e7onnique D\u00e9coratif Rouge\"}]},{\"@type\":\"WebSite\",\"@id\":\"https:\\\/\\\/repliquemangacine.fr\\\/#website\",\"url\":\"https:\\\/\\\/repliquemangacine.fr\\\/\",\"name\":\"R\u00e9plique Manga Cin\u00e9\",\"description\":\"\",\"publisher\":{\"@id\":\"https:\\\/\\\/repliquemangacine.fr\\\/#organization\"},\"potentialAction\":[{\"@type\":\"SearchAction\",\"target\":{\"@type\":\"EntryPoint\",\"urlTemplate\":\"https:\\\/\\\/repliquemangacine.fr\\\/?s={search_term_string}\"},\"query-input\":{\"@type\":\"PropertyValueSpecification\",\"valueRequired\":true,\"valueName\":\"search_term_string\"}}],\"inLanguage\":\"de\"},{\"@type\":\"Organization\",\"@id\":\"https:\\\/\\\/repliquemangacine.fr\\\/#organization\",\"name\":\"R\u00e9plique Manga Cin\u00e9\",\"url\":\"https:\\\/\\\/repliquemangacine.fr\\\/\",\"logo\":{\"@type\":\"ImageObject\",\"inLanguage\":\"de\",\"@id\":\"https:\\\/\\\/repliquemangacine.fr\\\/#\\\/schema\\\/logo\\\/image\\\/\",\"url\":\"https:\\\/\\\/repliquemangacine.fr\\\/wp-content\\\/uploads\\\/2023\\\/10\\\/RMC-500250.png\",\"contentUrl\":\"https:\\\/\\\/repliquemangacine.fr\\\/wp-content\\\/uploads\\\/2023\\\/10\\\/RMC-500250.png\",\"width\":500,\"height\":250,\"caption\":\"R\u00e9plique Manga Cin\u00e9\"},\"image\":{\"@id\":\"https:\\\/\\\/repliquemangacine.fr\\\/#\\\/schema\\\/logo\\\/image\\\/\"},\"sameAs\":[\"https:\\\/\\\/www.facebook.com\\\/RepliqueMangaCine\",\"https:\\\/\\\/www.instagram.com\\\/repliquemangacine.fr\\\/\"]}]}<\/script>\n<!-- \/ Yoast SEO plugin. -->","yoast_head_json":{"title":"Freimaurer Deko-Set Rot - R\u00e9plique Manga Cin\u00e9","description":"Dekoratives rotes Freimaurer-Set mit zwei gekreuzten Schwertern und einem symbolischen Schild. Perfekt f\u00fcr Sammlung, Innendekoration.","robots":{"index":"index","follow":"follow","max-snippet":"max-snippet:-1","max-image-preview":"max-image-preview:large","max-video-preview":"max-video-preview:-1"},"canonical":"https:\/\/repliquemangacine.fr\/de\/nachbildungen-von-mittelalterlichen-waffen-und-accessoires\/makronesisches-dekorationsset-rot\/","og_locale":"de_DE","og_type":"article","og_title":"Ensemble Ma\u00e7onnique D\u00e9coratif Rouge - R\u00e9plique Manga Cin\u00e9","og_description":"Ensemble Ma\u00e7onnique D\u00e9coratif Rouge, avec deux \u00e9p\u00e9es crois\u00e9es et bouclier symbolique. Parfait pour collection, d\u00e9coration int\u00e9rieure.","og_url":"https:\/\/repliquemangacine.fr\/de\/nachbildungen-von-mittelalterlichen-waffen-und-accessoires\/makronesisches-dekorationsset-rot\/","og_site_name":"R\u00e9plique Manga Cin\u00e9","article_publisher":"https:\/\/www.facebook.com\/RepliqueMangaCine","article_modified_time":"2026-02-19T10:33:47+00:00","og_image":[{"width":700,"height":700,"url":"https:\/\/repliquemangacine.fr\/wp-content\/uploads\/2025\/10\/Ensemble-Maconnique-Decoratif-Rouge.jpg","type":"image\/jpeg"}],"twitter_card":"summary_large_image","twitter_misc":{"Gesch\u00e4tzte Lesezeit":"3\u00a0Minuten"},"schema":{"@context":"https:\/\/schema.org","@graph":[{"@type":"WebPage","@id":"https:\/\/repliquemangacine.fr\/reproductions-d-armes-et-accessoires-medievales\/ensemble-maconnique-decoratif-rouge\/","url":"https:\/\/repliquemangacine.fr\/reproductions-d-armes-et-accessoires-medievales\/ensemble-maconnique-decoratif-rouge\/","name":"Freimaurer Deko-Set Rot - R\u00e9plique Manga Cin\u00e9","isPartOf":{"@id":"https:\/\/repliquemangacine.fr\/#website"},"primaryImageOfPage":{"@id":"https:\/\/repliquemangacine.fr\/reproductions-d-armes-et-accessoires-medievales\/ensemble-maconnique-decoratif-rouge\/#primaryimage"},"image":{"@id":"https:\/\/repliquemangacine.fr\/reproductions-d-armes-et-accessoires-medievales\/ensemble-maconnique-decoratif-rouge\/#primaryimage"},"thumbnailUrl":"https:\/\/repliquemangacine.fr\/wp-content\/uploads\/2025\/10\/Ensemble-Maconnique-Decoratif-Rouge.jpg","datePublished":"2025-10-30T09:31:56+00:00","dateModified":"2026-02-19T10:33:47+00:00","description":"Dekoratives rotes Freimaurer-Set mit zwei gekreuzten Schwertern und einem symbolischen Schild. Perfekt f\u00fcr Sammlung, Innendekoration.","breadcrumb":{"@id":"https:\/\/repliquemangacine.fr\/reproductions-d-armes-et-accessoires-medievales\/ensemble-maconnique-decoratif-rouge\/#breadcrumb"},"inLanguage":"de","potentialAction":[{"@type":"ReadAction","target":["https:\/\/repliquemangacine.fr\/reproductions-d-armes-et-accessoires-medievales\/ensemble-maconnique-decoratif-rouge\/"]}]},{"@type":"ImageObject","inLanguage":"de","@id":"https:\/\/repliquemangacine.fr\/reproductions-d-armes-et-accessoires-medievales\/ensemble-maconnique-decoratif-rouge\/#primaryimage","url":"https:\/\/repliquemangacine.fr\/wp-content\/uploads\/2025\/10\/Ensemble-Maconnique-Decoratif-Rouge.jpg","contentUrl":"https:\/\/repliquemangacine.fr\/wp-content\/uploads\/2025\/10\/Ensemble-Maconnique-Decoratif-Rouge.jpg","width":700,"height":700,"caption":"Ensemble Ma\u00e7onnique D\u00e9coratif Rouge"},{"@type":"BreadcrumbList","@id":"https:\/\/repliquemangacine.fr\/reproductions-d-armes-et-accessoires-medievales\/ensemble-maconnique-decoratif-rouge\/#breadcrumb","itemListElement":[{"@type":"ListItem","position":1,"name":"Accueil","item":"https:\/\/repliquemangacine.fr\/"},{"@type":"ListItem","position":2,"name":"Produits","item":"https:\/\/repliquemangacine.fr\/boutique\/"},{"@type":"ListItem","position":3,"name":"Ensemble Ma\u00e7onnique D\u00e9coratif Rouge"}]},{"@type":"WebSite","@id":"https:\/\/repliquemangacine.fr\/#website","url":"https:\/\/repliquemangacine.fr\/","name":"R\u00e9plique Manga Cin\u00e9","description":"","publisher":{"@id":"https:\/\/repliquemangacine.fr\/#organization"},"potentialAction":[{"@type":"SearchAction","target":{"@type":"EntryPoint","urlTemplate":"https:\/\/repliquemangacine.fr\/?s={search_term_string}"},"query-input":{"@type":"PropertyValueSpecification","valueRequired":true,"valueName":"search_term_string"}}],"inLanguage":"de"},{"@type":"Organization","@id":"https:\/\/repliquemangacine.fr\/#organization","name":"R\u00e9plique Manga Cin\u00e9","url":"https:\/\/repliquemangacine.fr\/","logo":{"@type":"ImageObject","inLanguage":"de","@id":"https:\/\/repliquemangacine.fr\/#\/schema\/logo\/image\/","url":"https:\/\/repliquemangacine.fr\/wp-content\/uploads\/2023\/10\/RMC-500250.png","contentUrl":"https:\/\/repliquemangacine.fr\/wp-content\/uploads\/2023\/10\/RMC-500250.png","width":500,"height":250,"caption":"R\u00e9plique Manga Cin\u00e9"},"image":{"@id":"https:\/\/repliquemangacine.fr\/#\/schema\/logo\/image\/"},"sameAs":["https:\/\/www.facebook.com\/RepliqueMangaCine","https:\/\/www.instagram.com\/repliquemangacine.fr\/"]}]}},"_links":{"self":[{"href":"https:\/\/repliquemangacine.fr\/de\/wp-json\/wp\/v2\/product\/89890","targetHints":{"allow":["GET"]}}],"collection":[{"href":"https:\/\/repliquemangacine.fr\/de\/wp-json\/wp\/v2\/product"}],"about":[{"href":"https:\/\/repliquemangacine.fr\/de\/wp-json\/wp\/v2\/types\/product"}],"wp:featuredmedia":[{"embeddable":true,"href":"https:\/\/repliquemangacine.fr\/de\/wp-json\/wp\/v2\/media\/89892"}],"wp:attachment":[{"href":"https:\/\/repliquemangacine.fr\/de\/wp-json\/wp\/v2\/media?parent=89890"}],"wp:term":[{"taxonomy":"product_brand","embeddable":true,"href":"https:\/\/repliquemangacine.fr\/de\/wp-json\/wp\/v2\/product_brand?post=89890"},{"taxonomy":"product_cat","embeddable":true,"href":"https:\/\/repliquemangacine.fr\/de\/wp-json\/wp\/v2\/product_cat?post=89890"},{"taxonomy":"product_tag","embeddable":true,"href":"https:\/\/repliquemangacine.fr\/de\/wp-json\/wp\/v2\/product_tag?post=89890"}],"curies":[{"name":"wp","href":"https:\/\/api.w.org\/{rel}","templated":true}]}}