





{"id":89503,"date":"2025-10-17T17:12:47","date_gmt":"2025-10-17T15:12:47","guid":{"rendered":"https:\/\/repliquemangacine.fr\/?post_type=product&#038;p=89503"},"modified":"2026-02-19T11:41:33","modified_gmt":"2026-02-19T10:41:33","slug":"red-queen-devil-may-cry-5","status":"publish","type":"product","link":"https:\/\/repliquemangacine.fr\/de\/devil-may-cry\/red-queen-devil-may-cry-5\/","title":{"rendered":"Red Queen - Devil May Cry 5"},"content":{"rendered":"<h2>Das Schwert Red Queen - Neros mythische Waffe<\/h2>\n<p>Zun\u00e4chst das Schwert <strong>Red Queen<\/strong>eine au\u00dfergew\u00f6hnliche Replik aus dem Spiel Devil May Cry 5. Mit 135,5 cm Bruttokraft und einer 102 cm langen Stahlklinge. Damit beeindruckt sie schon auf den ersten Blick. Der rot-schwarze Griff aus Metall und gegossenem ABS verleiht ihr eine einzigartige und aggressive \u00c4sthetik. Der hebelartige Schutz, der durch schwarze Auspuffrohre akzentuiert wird, die auf die Klinge herabh\u00e4ngen, sorgt f\u00fcr einen verbl\u00fcffenden Realismus. Jedes Detail wurde sorgf\u00e4ltig nachgebildet, um die visuelle Signatur dieser legend\u00e4ren Waffe einzufangen. Die Red Queen ist ein wahres Symbol der Macht, das mit jeder Bewegung den Kampf entfacht. Sie wird mit einem Ausstellungsst\u00e4nder geliefert und wird stolz ihren Platz in jeder Sammlung finden, die den Helden von Capcom gewidmet ist.<\/p>\n<h2>Nero - Der \u00fcberdrehte D\u00e4monenj\u00e4ger<\/h2>\n<p>Zuerst, <a href=\"https:\/\/devilmaycrydmc.fandom.com\/fr\/wiki\/Nero\" target=\"_blank\" rel=\"noopener noreferrer\">Nero<\/a>Die junge Protagonistin in Devil May Cry 5 schwingt die Waffe. <strong>Red Queen<\/strong> mit einer unvergleichlichen Inbrunst. Mit seinem \"Rev\"-System, das einem Motorrad nachempfunden ist, kann er die Klinge \u00fcberladen und zum Gl\u00fchen bringen, wodurch explosive Angriffe freigesetzt werden. Jeder Schlag wird zu einem Spektakel aus Feuer und Metall, das eines echten Jagdd\u00e4mons w\u00fcrdig ist. Nero k\u00e4mpft mit Leidenschaft, Wut und Entschlossenheit und versucht, seinen Wert zu beweisen, w\u00e4hrend er die d\u00e4monische Macht, die in ihm brennt, beherrscht. Sein Kampfstil, der sowohl brutal als auch elegant ist, macht ihn zu einem der charismatischsten Charaktere der Saga. Au\u00dferdem ist Red Queen seine nat\u00fcrliche Fortsetzung: schnell, zerst\u00f6rerisch und voller Attit\u00fcde.<\/p>\n<h2>Andere Devil May Cry Repliken auf R\u00e9plique Manga Cin\u00e9<\/h2>\n<p>Auf R\u00e9plique Manga Cin\u00e9 wird die Devil May Cry-Saga durch eine einzigartige Sammlung legend\u00e4rer Waffen dargestellt. Finden Sie die<a href=\"https:\/\/repliquemangacine.fr\/de\/devil-may-cry\/dolch-schwert-red-queen-nero-devil-my-cry\/\"> Neros Schwertdolch<\/a>Die Klinge ist mit d\u00e4monischen Arabesken verziert. Entdecken Sie auch die meisterhafte <a href=\"https:\/\/repliquemangacine.fr\/de\/katana-und-schwert-von-videospielen-andere-videospiele\/devil-sword-dantes-teufelsschwert-devil-my-cry\/\">Dantes Devil Sword<\/a>Die Glasfaserstruktur im Inneren ist handbemalt, um ein perfektes Aussehen zu gew\u00e4hrleisten. Und f\u00fcr die Liebhaber des scharfen Stils ist der <a href=\"https:\/\/repliquemangacine.fr\/de\/katana-und-schwert-von-videospielen-andere-videospiele\/katana-vergil-yamato-v2\/\">Yamato-Katana von Vergil<\/a>in seiner neuen Version aus Devil May Cry 5. Es gibt auch andere Produkte, die diese d\u00e4monische Sammlung vervollst\u00e4ndigen. Bald werden weitere Neuheiten das Sortiment erweitern, um den Fans die ikonischen Waffen der gr\u00f6\u00dften D\u00e4monenj\u00e4ger zu bieten.<\/p>","protected":false},"excerpt":{"rendered":"<p>Absolut bemerkenswert diese Replik der Dekoration des Schwertes Red Queen in Devil My Cry 5<\/p>\n<ul>\n<li>Klinge aus rostfreiem Stahl mit feiner Verzierung, nicht scharfkantig<\/li>\n<li>Metallgriff mit einem rot geformten ABS-Teil<\/li>\n<li>Guard in Form eines Gashebels wie im Spiel<\/li>\n<li>Absteigend auf der Klinge schwarze ABS-Auspuffrohre, die von Nieten gehalten werden.<\/li>\n<li>Wird mit einem Pr\u00e4sentationsst\u00e4nder aus Holz geliefert<\/li>\n<li>L\u00e4nge der Klinge: 102 cm - Gesamtl\u00e4nge: 136 cm<\/li>\n<li>Gewicht: 8.000g<\/li>\n<\/ul>","protected":false},"featured_media":89509,"template":"","meta":[],"product_brand":[],"product_cat":[880],"product_tag":[],"class_list":{"0":"post-89503","1":"product","2":"type-product","3":"status-publish","4":"has-post-thumbnail","6":"product_cat-devil-may-cry","8":"first","9":"instock","10":"taxable","11":"shipping-taxable","12":"purchasable","13":"product-type-simple"},"yoast_head":"<!-- This site is optimized with the Yoast SEO plugin v27.5 - https:\/\/yoast.com\/product\/yoast-seo-wordpress\/ -->\n<title>Red Queen - Devil May Cry 5 - R\u00e9plique Manga Cin\u00e9<\/title>\n<meta name=\"description\" content=\"Ajoutez la l\u00e9gendaire Red Queen de Nero \u00e0 votre collection Devil May Cry 5. Lame en acier d\u00e9cor\u00e9e, poign\u00e9e d\u00e9taill\u00e9e et r\u00e9alisme exceptionnel. 136 cm\" \/>\n<meta name=\"robots\" content=\"index, follow, max-snippet:-1, max-image-preview:large, max-video-preview:-1\" \/>\n<link rel=\"canonical\" href=\"https:\/\/repliquemangacine.fr\/de\/devil-may-cry\/red-queen-devil-may-cry-5\/\" \/>\n<meta property=\"og:locale\" content=\"de_DE\" \/>\n<meta property=\"og:type\" content=\"article\" \/>\n<meta property=\"og:title\" content=\"Red Queen - Devil May Cry 5 - R\u00e9plique Manga Cin\u00e9\" \/>\n<meta property=\"og:description\" content=\"Ajoutez la l\u00e9gendaire Red Queen de Nero \u00e0 votre collection Devil May Cry 5. Lame en acier d\u00e9cor\u00e9e, poign\u00e9e d\u00e9taill\u00e9e et r\u00e9alisme exceptionnel. 136 cm\" \/>\n<meta property=\"og:url\" content=\"https:\/\/repliquemangacine.fr\/de\/devil-may-cry\/red-queen-devil-may-cry-5\/\" \/>\n<meta property=\"og:site_name\" content=\"R\u00e9plique Manga Cin\u00e9\" \/>\n<meta property=\"article:publisher\" content=\"https:\/\/www.facebook.com\/RepliqueMangaCine\" \/>\n<meta property=\"article:modified_time\" content=\"2026-02-19T10:41:33+00:00\" \/>\n<meta property=\"og:image\" content=\"https:\/\/repliquemangacine.fr\/wp-content\/uploads\/2025\/10\/Red-Queen-Devil-My-Cry-5.jpg\" \/>\n\t<meta property=\"og:image:width\" content=\"700\" \/>\n\t<meta property=\"og:image:height\" content=\"700\" \/>\n\t<meta property=\"og:image:type\" content=\"image\/jpeg\" \/>\n<meta name=\"twitter:card\" content=\"summary_large_image\" \/>\n<meta name=\"twitter:label1\" content=\"Gesch\u00e4tzte Lesezeit\" \/>\n\t<meta name=\"twitter:data1\" content=\"3\u00a0Minuten\" \/>\n<script type=\"application\/ld+json\" class=\"yoast-schema-graph\">{\"@context\":\"https:\\\/\\\/schema.org\",\"@graph\":[{\"@type\":\"WebPage\",\"@id\":\"https:\\\/\\\/repliquemangacine.fr\\\/devil-may-cry\\\/red-queen-devil-may-cry-5\\\/\",\"url\":\"https:\\\/\\\/repliquemangacine.fr\\\/devil-may-cry\\\/red-queen-devil-may-cry-5\\\/\",\"name\":\"Red Queen - Devil May Cry 5 - R\u00e9plique Manga Cin\u00e9\",\"isPartOf\":{\"@id\":\"https:\\\/\\\/repliquemangacine.fr\\\/#website\"},\"primaryImageOfPage\":{\"@id\":\"https:\\\/\\\/repliquemangacine.fr\\\/devil-may-cry\\\/red-queen-devil-may-cry-5\\\/#primaryimage\"},\"image\":{\"@id\":\"https:\\\/\\\/repliquemangacine.fr\\\/devil-may-cry\\\/red-queen-devil-may-cry-5\\\/#primaryimage\"},\"thumbnailUrl\":\"https:\\\/\\\/repliquemangacine.fr\\\/wp-content\\\/uploads\\\/2025\\\/10\\\/Red-Queen-Devil-My-Cry-5.jpg\",\"datePublished\":\"2025-10-17T15:12:47+00:00\",\"dateModified\":\"2026-02-19T10:41:33+00:00\",\"description\":\"Ajoutez la l\u00e9gendaire Red Queen de Nero \u00e0 votre collection Devil May Cry 5. Lame en acier d\u00e9cor\u00e9e, poign\u00e9e d\u00e9taill\u00e9e et r\u00e9alisme exceptionnel. 136 cm\",\"breadcrumb\":{\"@id\":\"https:\\\/\\\/repliquemangacine.fr\\\/devil-may-cry\\\/red-queen-devil-may-cry-5\\\/#breadcrumb\"},\"inLanguage\":\"de\",\"potentialAction\":[{\"@type\":\"ReadAction\",\"target\":[\"https:\\\/\\\/repliquemangacine.fr\\\/devil-may-cry\\\/red-queen-devil-may-cry-5\\\/\"]}]},{\"@type\":\"ImageObject\",\"inLanguage\":\"de\",\"@id\":\"https:\\\/\\\/repliquemangacine.fr\\\/devil-may-cry\\\/red-queen-devil-may-cry-5\\\/#primaryimage\",\"url\":\"https:\\\/\\\/repliquemangacine.fr\\\/wp-content\\\/uploads\\\/2025\\\/10\\\/Red-Queen-Devil-My-Cry-5.jpg\",\"contentUrl\":\"https:\\\/\\\/repliquemangacine.fr\\\/wp-content\\\/uploads\\\/2025\\\/10\\\/Red-Queen-Devil-My-Cry-5.jpg\",\"width\":700,\"height\":700,\"caption\":\"Red Queen Devil My Cry 5\"},{\"@type\":\"BreadcrumbList\",\"@id\":\"https:\\\/\\\/repliquemangacine.fr\\\/devil-may-cry\\\/red-queen-devil-may-cry-5\\\/#breadcrumb\",\"itemListElement\":[{\"@type\":\"ListItem\",\"position\":1,\"name\":\"Accueil\",\"item\":\"https:\\\/\\\/repliquemangacine.fr\\\/\"},{\"@type\":\"ListItem\",\"position\":2,\"name\":\"Produits\",\"item\":\"https:\\\/\\\/repliquemangacine.fr\\\/boutique\\\/\"},{\"@type\":\"ListItem\",\"position\":3,\"name\":\"Red Queen &#8211; Devil May Cry 5\"}]},{\"@type\":\"WebSite\",\"@id\":\"https:\\\/\\\/repliquemangacine.fr\\\/#website\",\"url\":\"https:\\\/\\\/repliquemangacine.fr\\\/\",\"name\":\"R\u00e9plique Manga Cin\u00e9\",\"description\":\"\",\"publisher\":{\"@id\":\"https:\\\/\\\/repliquemangacine.fr\\\/#organization\"},\"potentialAction\":[{\"@type\":\"SearchAction\",\"target\":{\"@type\":\"EntryPoint\",\"urlTemplate\":\"https:\\\/\\\/repliquemangacine.fr\\\/?s={search_term_string}\"},\"query-input\":{\"@type\":\"PropertyValueSpecification\",\"valueRequired\":true,\"valueName\":\"search_term_string\"}}],\"inLanguage\":\"de\"},{\"@type\":\"Organization\",\"@id\":\"https:\\\/\\\/repliquemangacine.fr\\\/#organization\",\"name\":\"R\u00e9plique Manga Cin\u00e9\",\"url\":\"https:\\\/\\\/repliquemangacine.fr\\\/\",\"logo\":{\"@type\":\"ImageObject\",\"inLanguage\":\"de\",\"@id\":\"https:\\\/\\\/repliquemangacine.fr\\\/#\\\/schema\\\/logo\\\/image\\\/\",\"url\":\"https:\\\/\\\/repliquemangacine.fr\\\/wp-content\\\/uploads\\\/2023\\\/10\\\/RMC-500250.png\",\"contentUrl\":\"https:\\\/\\\/repliquemangacine.fr\\\/wp-content\\\/uploads\\\/2023\\\/10\\\/RMC-500250.png\",\"width\":500,\"height\":250,\"caption\":\"R\u00e9plique Manga Cin\u00e9\"},\"image\":{\"@id\":\"https:\\\/\\\/repliquemangacine.fr\\\/#\\\/schema\\\/logo\\\/image\\\/\"},\"sameAs\":[\"https:\\\/\\\/www.facebook.com\\\/RepliqueMangaCine\",\"https:\\\/\\\/www.instagram.com\\\/repliquemangacine.fr\\\/\"]}]}<\/script>\n<!-- \/ Yoast SEO plugin. -->","yoast_head_json":{"title":"Red Queen - Devil May Cry 5 - R\u00e9plique Manga Cin\u00e9","description":"F\u00fcgen Sie Ihrer Devil May Cry 5-Sammlung die legend\u00e4re Red Queen von Nero hinzu. Verzierte Stahlklinge, detaillierter Griff und au\u00dfergew\u00f6hnlicher Realismus. 136 cm","robots":{"index":"index","follow":"follow","max-snippet":"max-snippet:-1","max-image-preview":"max-image-preview:large","max-video-preview":"max-video-preview:-1"},"canonical":"https:\/\/repliquemangacine.fr\/de\/devil-may-cry\/red-queen-devil-may-cry-5\/","og_locale":"de_DE","og_type":"article","og_title":"Red Queen - Devil May Cry 5 - R\u00e9plique Manga Cin\u00e9","og_description":"Ajoutez la l\u00e9gendaire Red Queen de Nero \u00e0 votre collection Devil May Cry 5. Lame en acier d\u00e9cor\u00e9e, poign\u00e9e d\u00e9taill\u00e9e et r\u00e9alisme exceptionnel. 136 cm","og_url":"https:\/\/repliquemangacine.fr\/de\/devil-may-cry\/red-queen-devil-may-cry-5\/","og_site_name":"R\u00e9plique Manga Cin\u00e9","article_publisher":"https:\/\/www.facebook.com\/RepliqueMangaCine","article_modified_time":"2026-02-19T10:41:33+00:00","og_image":[{"width":700,"height":700,"url":"https:\/\/repliquemangacine.fr\/wp-content\/uploads\/2025\/10\/Red-Queen-Devil-My-Cry-5.jpg","type":"image\/jpeg"}],"twitter_card":"summary_large_image","twitter_misc":{"Gesch\u00e4tzte Lesezeit":"3\u00a0Minuten"},"schema":{"@context":"https:\/\/schema.org","@graph":[{"@type":"WebPage","@id":"https:\/\/repliquemangacine.fr\/devil-may-cry\/red-queen-devil-may-cry-5\/","url":"https:\/\/repliquemangacine.fr\/devil-may-cry\/red-queen-devil-may-cry-5\/","name":"Red Queen - Devil May Cry 5 - R\u00e9plique Manga Cin\u00e9","isPartOf":{"@id":"https:\/\/repliquemangacine.fr\/#website"},"primaryImageOfPage":{"@id":"https:\/\/repliquemangacine.fr\/devil-may-cry\/red-queen-devil-may-cry-5\/#primaryimage"},"image":{"@id":"https:\/\/repliquemangacine.fr\/devil-may-cry\/red-queen-devil-may-cry-5\/#primaryimage"},"thumbnailUrl":"https:\/\/repliquemangacine.fr\/wp-content\/uploads\/2025\/10\/Red-Queen-Devil-My-Cry-5.jpg","datePublished":"2025-10-17T15:12:47+00:00","dateModified":"2026-02-19T10:41:33+00:00","description":"F\u00fcgen Sie Ihrer Devil May Cry 5-Sammlung die legend\u00e4re Red Queen von Nero hinzu. Verzierte Stahlklinge, detaillierter Griff und au\u00dfergew\u00f6hnlicher Realismus. 136 cm","breadcrumb":{"@id":"https:\/\/repliquemangacine.fr\/devil-may-cry\/red-queen-devil-may-cry-5\/#breadcrumb"},"inLanguage":"de","potentialAction":[{"@type":"ReadAction","target":["https:\/\/repliquemangacine.fr\/devil-may-cry\/red-queen-devil-may-cry-5\/"]}]},{"@type":"ImageObject","inLanguage":"de","@id":"https:\/\/repliquemangacine.fr\/devil-may-cry\/red-queen-devil-may-cry-5\/#primaryimage","url":"https:\/\/repliquemangacine.fr\/wp-content\/uploads\/2025\/10\/Red-Queen-Devil-My-Cry-5.jpg","contentUrl":"https:\/\/repliquemangacine.fr\/wp-content\/uploads\/2025\/10\/Red-Queen-Devil-My-Cry-5.jpg","width":700,"height":700,"caption":"Red Queen Devil My Cry 5"},{"@type":"BreadcrumbList","@id":"https:\/\/repliquemangacine.fr\/devil-may-cry\/red-queen-devil-may-cry-5\/#breadcrumb","itemListElement":[{"@type":"ListItem","position":1,"name":"Accueil","item":"https:\/\/repliquemangacine.fr\/"},{"@type":"ListItem","position":2,"name":"Produits","item":"https:\/\/repliquemangacine.fr\/boutique\/"},{"@type":"ListItem","position":3,"name":"Red Queen &#8211; Devil May Cry 5"}]},{"@type":"WebSite","@id":"https:\/\/repliquemangacine.fr\/#website","url":"https:\/\/repliquemangacine.fr\/","name":"R\u00e9plique Manga Cin\u00e9","description":"","publisher":{"@id":"https:\/\/repliquemangacine.fr\/#organization"},"potentialAction":[{"@type":"SearchAction","target":{"@type":"EntryPoint","urlTemplate":"https:\/\/repliquemangacine.fr\/?s={search_term_string}"},"query-input":{"@type":"PropertyValueSpecification","valueRequired":true,"valueName":"search_term_string"}}],"inLanguage":"de"},{"@type":"Organization","@id":"https:\/\/repliquemangacine.fr\/#organization","name":"R\u00e9plique Manga Cin\u00e9","url":"https:\/\/repliquemangacine.fr\/","logo":{"@type":"ImageObject","inLanguage":"de","@id":"https:\/\/repliquemangacine.fr\/#\/schema\/logo\/image\/","url":"https:\/\/repliquemangacine.fr\/wp-content\/uploads\/2023\/10\/RMC-500250.png","contentUrl":"https:\/\/repliquemangacine.fr\/wp-content\/uploads\/2023\/10\/RMC-500250.png","width":500,"height":250,"caption":"R\u00e9plique Manga Cin\u00e9"},"image":{"@id":"https:\/\/repliquemangacine.fr\/#\/schema\/logo\/image\/"},"sameAs":["https:\/\/www.facebook.com\/RepliqueMangaCine","https:\/\/www.instagram.com\/repliquemangacine.fr\/"]}]}},"_links":{"self":[{"href":"https:\/\/repliquemangacine.fr\/de\/wp-json\/wp\/v2\/product\/89503","targetHints":{"allow":["GET"]}}],"collection":[{"href":"https:\/\/repliquemangacine.fr\/de\/wp-json\/wp\/v2\/product"}],"about":[{"href":"https:\/\/repliquemangacine.fr\/de\/wp-json\/wp\/v2\/types\/product"}],"wp:featuredmedia":[{"embeddable":true,"href":"https:\/\/repliquemangacine.fr\/de\/wp-json\/wp\/v2\/media\/89509"}],"wp:attachment":[{"href":"https:\/\/repliquemangacine.fr\/de\/wp-json\/wp\/v2\/media?parent=89503"}],"wp:term":[{"taxonomy":"product_brand","embeddable":true,"href":"https:\/\/repliquemangacine.fr\/de\/wp-json\/wp\/v2\/product_brand?post=89503"},{"taxonomy":"product_cat","embeddable":true,"href":"https:\/\/repliquemangacine.fr\/de\/wp-json\/wp\/v2\/product_cat?post=89503"},{"taxonomy":"product_tag","embeddable":true,"href":"https:\/\/repliquemangacine.fr\/de\/wp-json\/wp\/v2\/product_tag?post=89503"}],"curies":[{"name":"wp","href":"https:\/\/api.w.org\/{rel}","templated":true}]}}