





{"id":89424,"date":"2025-10-14T15:10:14","date_gmt":"2025-10-14T13:10:14","guid":{"rendered":"https:\/\/repliquemangacine.fr\/?post_type=product&#038;p=89424"},"modified":"2026-01-18T18:16:40","modified_gmt":"2026-01-18T17:16:40","slug":"schwert-longclaw-damaskus-effekt-game-of-thrones","status":"publish","type":"product","link":"https:\/\/repliquemangacine.fr\/de\/epees-game-of-thrones\/epee-longclaw-effet-damas-game-of-thrones\/","title":{"rendered":"Longclaw-Schwert Damaskus-Effekt - Game of Thrones"},"content":{"rendered":"<h2>Das Longclaw-Schwert - Die legend\u00e4re Waffe von Jon Schnee<\/h2>\n<p>Zun\u00e4chst einmal das Longclaw-Schwert, eine au\u00dfergew\u00f6hnliche Replik aus der Serie Game of Thrones. Seine Klinge mit Damast-Effekt verleiht ihm ein authentisches und raffiniertes Aussehen. Der aus Harz geschnitzte Wolfskopf am Knauf symbolisiert die Loyalit\u00e4t und Macht des Hauses Stark. Die roten Augen des Wolfes unterstreichen sein wildes und majest\u00e4tisches Aussehen. Die Wandhalterung aus Holz, die mit dem Stark-Emblem und dem Motto Winter is Coming verziert ist, rundet das Gesamtbild perfekt ab. Dieses Schwert, ein ikonisches Sammlerst\u00fcck, ist dem Original, das in der Serie zu sehen war, treu geblieben. Jedes Detail, vom Muster der Klinge bis zum Metallschutz, spiegelt den Adel und die St\u00e4rke des Nordens wider. Zu guter Letzt verk\u00f6rpert es sowohl die Eleganz als auch die H\u00e4rte einer Welt, in der nur Loyalit\u00e4t das \u00dcberleben sichert.<\/p>\n<h2>Jon Snow und das Haus Stark im Norden<\/h2>\n<p>Jon Snow, der uneheliche Sohn von Ned Stark, ist einer der markantesten Charaktere in Game of Thrones. Mutig, loyal und opferbereit tr\u00e4gt er die Ehre des Hauses Stark durch seine Schlachten. Longclaw wurde ihm von Jeor Mormont als Anerkennung f\u00fcr seine Tapferkeit in der Nachtwache geschenkt. Au\u00dferdem wird das Schwert zum Symbol seines au\u00dfergew\u00f6hnlichen Schicksals. In den Respekt des Nordens graviert, begleitet es Jon bei seinem Kampf gegen die Wei\u00dfen Wanderer und den Verrat der K\u00f6nigreiche. Das Haus Stark, stolz und alt, bekannt f\u00fcr sein Motto \"Der Winter kommt\", das an die Wachsamkeit und Widerstandsf\u00e4higkeit seiner Mitglieder erinnert. Schlie\u00dflich verk\u00f6rpert Jon diese Werte: Aufrichtigkeit, Mut und Treue bis zum bitteren Ende.<\/p>\n<h2>Andere Game of Thrones-Repliken auf R\u00e9plique Manga Cin\u00e9<\/h2>\n<p>Auf R\u00e9plique Manga Cin\u00e9 wird die Saga Game of Thrones durch eine Sammlung mythischer Waffen zum Leben erweckt. Entdecken Sie die pr\u00e4chtige <a href=\"https:\/\/repliquemangacine.fr\/de\/schwerter-game-of-thrones\/oathkeeper-schwert-von-brienne-von-torth-game-of-thrones\/\">Oathkeeper-Schwert von Brienne von Tarth<\/a>, geschmiedet in der Reinheit des Valyrischen. Finden Sie auch die elegante <a href=\"https:\/\/repliquemangacine.fr\/de\/schwerter-game-of-thrones\/schwert-needle-arya-stark-game-of-thrones\/\">Arya Starks Nadelschwert<\/a>Das ist ein Symbol f\u00fcr Freiheit und Rache. Nicht zu vergessen <a href=\"https:\/\/repliquemangacine.fr\/de\/schwerter-game-of-thrones\/schwert-jaime-lannister-game-of-thrones\/\">das Schwert von Jaime Lannister<\/a>Ein Meisterwerk an Ausgewogenheit und Pr\u00e4senz. Besonders hervorzuheben ist, dass jede Replik sorgf\u00e4ltig gefertigt wird, um die Seele der Serie einzufangen. Weitere Sammlerst\u00fccke aus Westeros werden diese einzigartige Produktreihe bald erg\u00e4nzen. Mit diesen legend\u00e4ren Schwertern k\u00f6nnen die Fans die Macht und den Adel der gro\u00dfen H\u00e4user von <a href=\"https:\/\/gameofthrones.fandom.com\/fr\/wiki\/Westeros\" target=\"_blank\" rel=\"noopener noreferrer\">Westeros<\/a>.<\/p>","protected":false},"excerpt":{"rendered":"<p>Identische Replik des Longclaw-Schwerts (Grand-Griffe), wie im Roman definiert.<\/p>\n<ul>\n<li>Klinge aus rostfreiem Stahl mit Damast-Effekt.<\/li>\n<li>Vollstahl-Garde.<\/li>\n<li>Wolfskopf-Knauf aus Kunstharz.<\/li>\n<li>Griff aus Metall.<\/li>\n<li>Wandhalterung aus Holz.<\/li>\n<li>L\u00e4nge der Klinge: 83 cm - Gesamtl\u00e4nge: 110 cm<\/li>\n<li>Gewicht: 1560 g<\/li>\n<\/ul>","protected":false},"featured_media":89426,"template":"","meta":[],"product_brand":[],"product_cat":[72,47],"product_tag":[],"class_list":{"0":"post-89424","1":"product","2":"type-product","3":"status-publish","4":"has-post-thumbnail","6":"product_cat-epees-game-of-thrones","7":"product_cat-game-of-thrones","9":"first","10":"instock","11":"taxable","12":"shipping-taxable","13":"purchasable","14":"product-type-simple"},"yoast_head":"<!-- This site is optimized with the Yoast SEO plugin v27.5 - https:\/\/yoast.com\/product\/yoast-seo-wordpress\/ -->\n<title>Ep\u00e9e Longclaw effet Damas - Game of Thrones - R\u00e9plique Manga Cin\u00e9<\/title>\n<meta name=\"description\" content=\"Offrez-vous l\u2019Ep\u00e9e Longclaw de Jon Snow ! Lame acier effet damass\u00e9e, t\u00eate de loup embl\u00e9matique et support Stark pour une pi\u00e8ce de collection unique. 110 cm\" \/>\n<meta name=\"robots\" content=\"index, follow, max-snippet:-1, max-image-preview:large, max-video-preview:-1\" \/>\n<link rel=\"canonical\" href=\"https:\/\/repliquemangacine.fr\/de\/schwerter-game-of-thrones\/schwert-longclaw-damaskus-effekt-game-of-thrones\/\" \/>\n<meta property=\"og:locale\" content=\"de_DE\" \/>\n<meta property=\"og:type\" content=\"article\" \/>\n<meta property=\"og:title\" content=\"Ep\u00e9e Longclaw effet Damas - Game of Thrones - R\u00e9plique Manga Cin\u00e9\" \/>\n<meta property=\"og:description\" content=\"Offrez-vous l\u2019Ep\u00e9e Longclaw de Jon Snow ! Lame acier effet damass\u00e9e, t\u00eate de loup embl\u00e9matique et support Stark pour une pi\u00e8ce de collection unique. 110 cm\" \/>\n<meta property=\"og:url\" content=\"https:\/\/repliquemangacine.fr\/de\/schwerter-game-of-thrones\/schwert-longclaw-damaskus-effekt-game-of-thrones\/\" \/>\n<meta property=\"og:site_name\" content=\"R\u00e9plique Manga Cin\u00e9\" \/>\n<meta property=\"article:publisher\" content=\"https:\/\/www.facebook.com\/RepliqueMangaCine\" \/>\n<meta property=\"article:modified_time\" content=\"2026-01-18T17:16:40+00:00\" \/>\n<meta property=\"og:image\" content=\"https:\/\/repliquemangacine.fr\/wp-content\/uploads\/2025\/10\/Epee-Longclaw-effet-Damas.jpg\" \/>\n\t<meta property=\"og:image:width\" content=\"700\" \/>\n\t<meta property=\"og:image:height\" content=\"700\" \/>\n\t<meta property=\"og:image:type\" content=\"image\/jpeg\" \/>\n<meta name=\"twitter:card\" content=\"summary_large_image\" \/>\n<meta name=\"twitter:label1\" content=\"Gesch\u00e4tzte Lesezeit\" \/>\n\t<meta name=\"twitter:data1\" content=\"3\u00a0Minuten\" \/>\n<script type=\"application\/ld+json\" class=\"yoast-schema-graph\">{\"@context\":\"https:\\\/\\\/schema.org\",\"@graph\":[{\"@type\":\"WebPage\",\"@id\":\"https:\\\/\\\/repliquemangacine.fr\\\/epees-game-of-thrones\\\/epee-longclaw-effet-damas-game-of-thrones\\\/\",\"url\":\"https:\\\/\\\/repliquemangacine.fr\\\/epees-game-of-thrones\\\/epee-longclaw-effet-damas-game-of-thrones\\\/\",\"name\":\"Ep\u00e9e Longclaw effet Damas - Game of Thrones - R\u00e9plique Manga Cin\u00e9\",\"isPartOf\":{\"@id\":\"https:\\\/\\\/repliquemangacine.fr\\\/#website\"},\"primaryImageOfPage\":{\"@id\":\"https:\\\/\\\/repliquemangacine.fr\\\/epees-game-of-thrones\\\/epee-longclaw-effet-damas-game-of-thrones\\\/#primaryimage\"},\"image\":{\"@id\":\"https:\\\/\\\/repliquemangacine.fr\\\/epees-game-of-thrones\\\/epee-longclaw-effet-damas-game-of-thrones\\\/#primaryimage\"},\"thumbnailUrl\":\"https:\\\/\\\/repliquemangacine.fr\\\/wp-content\\\/uploads\\\/2025\\\/10\\\/Epee-Longclaw-effet-Damas.jpg\",\"datePublished\":\"2025-10-14T13:10:14+00:00\",\"dateModified\":\"2026-01-18T17:16:40+00:00\",\"description\":\"Offrez-vous l\u2019Ep\u00e9e Longclaw de Jon Snow ! Lame acier effet damass\u00e9e, t\u00eate de loup embl\u00e9matique et support Stark pour une pi\u00e8ce de collection unique. 110 cm\",\"breadcrumb\":{\"@id\":\"https:\\\/\\\/repliquemangacine.fr\\\/epees-game-of-thrones\\\/epee-longclaw-effet-damas-game-of-thrones\\\/#breadcrumb\"},\"inLanguage\":\"de\",\"potentialAction\":[{\"@type\":\"ReadAction\",\"target\":[\"https:\\\/\\\/repliquemangacine.fr\\\/epees-game-of-thrones\\\/epee-longclaw-effet-damas-game-of-thrones\\\/\"]}]},{\"@type\":\"ImageObject\",\"inLanguage\":\"de\",\"@id\":\"https:\\\/\\\/repliquemangacine.fr\\\/epees-game-of-thrones\\\/epee-longclaw-effet-damas-game-of-thrones\\\/#primaryimage\",\"url\":\"https:\\\/\\\/repliquemangacine.fr\\\/wp-content\\\/uploads\\\/2025\\\/10\\\/Epee-Longclaw-effet-Damas.jpg\",\"contentUrl\":\"https:\\\/\\\/repliquemangacine.fr\\\/wp-content\\\/uploads\\\/2025\\\/10\\\/Epee-Longclaw-effet-Damas.jpg\",\"width\":700,\"height\":700,\"caption\":\"Ep\u00e9e Longclaw Game of Thrones\"},{\"@type\":\"BreadcrumbList\",\"@id\":\"https:\\\/\\\/repliquemangacine.fr\\\/epees-game-of-thrones\\\/epee-longclaw-effet-damas-game-of-thrones\\\/#breadcrumb\",\"itemListElement\":[{\"@type\":\"ListItem\",\"position\":1,\"name\":\"Accueil\",\"item\":\"https:\\\/\\\/repliquemangacine.fr\\\/\"},{\"@type\":\"ListItem\",\"position\":2,\"name\":\"Produits\",\"item\":\"https:\\\/\\\/repliquemangacine.fr\\\/boutique\\\/\"},{\"@type\":\"ListItem\",\"position\":3,\"name\":\"Ep\u00e9e Longclaw effet Damas &#8211; Game of Thrones\"}]},{\"@type\":\"WebSite\",\"@id\":\"https:\\\/\\\/repliquemangacine.fr\\\/#website\",\"url\":\"https:\\\/\\\/repliquemangacine.fr\\\/\",\"name\":\"R\u00e9plique Manga Cin\u00e9\",\"description\":\"\",\"publisher\":{\"@id\":\"https:\\\/\\\/repliquemangacine.fr\\\/#organization\"},\"potentialAction\":[{\"@type\":\"SearchAction\",\"target\":{\"@type\":\"EntryPoint\",\"urlTemplate\":\"https:\\\/\\\/repliquemangacine.fr\\\/?s={search_term_string}\"},\"query-input\":{\"@type\":\"PropertyValueSpecification\",\"valueRequired\":true,\"valueName\":\"search_term_string\"}}],\"inLanguage\":\"de\"},{\"@type\":\"Organization\",\"@id\":\"https:\\\/\\\/repliquemangacine.fr\\\/#organization\",\"name\":\"R\u00e9plique Manga Cin\u00e9\",\"url\":\"https:\\\/\\\/repliquemangacine.fr\\\/\",\"logo\":{\"@type\":\"ImageObject\",\"inLanguage\":\"de\",\"@id\":\"https:\\\/\\\/repliquemangacine.fr\\\/#\\\/schema\\\/logo\\\/image\\\/\",\"url\":\"https:\\\/\\\/repliquemangacine.fr\\\/wp-content\\\/uploads\\\/2023\\\/10\\\/RMC-500250.png\",\"contentUrl\":\"https:\\\/\\\/repliquemangacine.fr\\\/wp-content\\\/uploads\\\/2023\\\/10\\\/RMC-500250.png\",\"width\":500,\"height\":250,\"caption\":\"R\u00e9plique Manga Cin\u00e9\"},\"image\":{\"@id\":\"https:\\\/\\\/repliquemangacine.fr\\\/#\\\/schema\\\/logo\\\/image\\\/\"},\"sameAs\":[\"https:\\\/\\\/www.facebook.com\\\/RepliqueMangaCine\",\"https:\\\/\\\/www.instagram.com\\\/repliquemangacine.fr\\\/\"]}]}<\/script>\n<!-- \/ Yoast SEO plugin. -->","yoast_head_json":{"title":"Longclaw-Schwert Damast-Effekt - Game of Thrones - R\u00e9plique Manga Cin\u00e9","description":"G\u00f6nnen Sie sich das Longclaw-Schwert von Jon Snow! Die Klinge aus Stahl mit Damast-Effekt, der ikonische Wolfskopf und die Stark-Halterung sorgen f\u00fcr ein einzigartiges Sammlerst\u00fcck. 110 cm","robots":{"index":"index","follow":"follow","max-snippet":"max-snippet:-1","max-image-preview":"max-image-preview:large","max-video-preview":"max-video-preview:-1"},"canonical":"https:\/\/repliquemangacine.fr\/de\/schwerter-game-of-thrones\/schwert-longclaw-damaskus-effekt-game-of-thrones\/","og_locale":"de_DE","og_type":"article","og_title":"Ep\u00e9e Longclaw effet Damas - Game of Thrones - R\u00e9plique Manga Cin\u00e9","og_description":"Offrez-vous l\u2019Ep\u00e9e Longclaw de Jon Snow ! Lame acier effet damass\u00e9e, t\u00eate de loup embl\u00e9matique et support Stark pour une pi\u00e8ce de collection unique. 110 cm","og_url":"https:\/\/repliquemangacine.fr\/de\/schwerter-game-of-thrones\/schwert-longclaw-damaskus-effekt-game-of-thrones\/","og_site_name":"R\u00e9plique Manga Cin\u00e9","article_publisher":"https:\/\/www.facebook.com\/RepliqueMangaCine","article_modified_time":"2026-01-18T17:16:40+00:00","og_image":[{"width":700,"height":700,"url":"https:\/\/repliquemangacine.fr\/wp-content\/uploads\/2025\/10\/Epee-Longclaw-effet-Damas.jpg","type":"image\/jpeg"}],"twitter_card":"summary_large_image","twitter_misc":{"Gesch\u00e4tzte Lesezeit":"3\u00a0Minuten"},"schema":{"@context":"https:\/\/schema.org","@graph":[{"@type":"WebPage","@id":"https:\/\/repliquemangacine.fr\/epees-game-of-thrones\/epee-longclaw-effet-damas-game-of-thrones\/","url":"https:\/\/repliquemangacine.fr\/epees-game-of-thrones\/epee-longclaw-effet-damas-game-of-thrones\/","name":"Longclaw-Schwert Damast-Effekt - Game of Thrones - R\u00e9plique Manga Cin\u00e9","isPartOf":{"@id":"https:\/\/repliquemangacine.fr\/#website"},"primaryImageOfPage":{"@id":"https:\/\/repliquemangacine.fr\/epees-game-of-thrones\/epee-longclaw-effet-damas-game-of-thrones\/#primaryimage"},"image":{"@id":"https:\/\/repliquemangacine.fr\/epees-game-of-thrones\/epee-longclaw-effet-damas-game-of-thrones\/#primaryimage"},"thumbnailUrl":"https:\/\/repliquemangacine.fr\/wp-content\/uploads\/2025\/10\/Epee-Longclaw-effet-Damas.jpg","datePublished":"2025-10-14T13:10:14+00:00","dateModified":"2026-01-18T17:16:40+00:00","description":"G\u00f6nnen Sie sich das Longclaw-Schwert von Jon Snow! Die Klinge aus Stahl mit Damast-Effekt, der ikonische Wolfskopf und die Stark-Halterung sorgen f\u00fcr ein einzigartiges Sammlerst\u00fcck. 110 cm","breadcrumb":{"@id":"https:\/\/repliquemangacine.fr\/epees-game-of-thrones\/epee-longclaw-effet-damas-game-of-thrones\/#breadcrumb"},"inLanguage":"de","potentialAction":[{"@type":"ReadAction","target":["https:\/\/repliquemangacine.fr\/epees-game-of-thrones\/epee-longclaw-effet-damas-game-of-thrones\/"]}]},{"@type":"ImageObject","inLanguage":"de","@id":"https:\/\/repliquemangacine.fr\/epees-game-of-thrones\/epee-longclaw-effet-damas-game-of-thrones\/#primaryimage","url":"https:\/\/repliquemangacine.fr\/wp-content\/uploads\/2025\/10\/Epee-Longclaw-effet-Damas.jpg","contentUrl":"https:\/\/repliquemangacine.fr\/wp-content\/uploads\/2025\/10\/Epee-Longclaw-effet-Damas.jpg","width":700,"height":700,"caption":"Ep\u00e9e Longclaw Game of Thrones"},{"@type":"BreadcrumbList","@id":"https:\/\/repliquemangacine.fr\/epees-game-of-thrones\/epee-longclaw-effet-damas-game-of-thrones\/#breadcrumb","itemListElement":[{"@type":"ListItem","position":1,"name":"Accueil","item":"https:\/\/repliquemangacine.fr\/"},{"@type":"ListItem","position":2,"name":"Produits","item":"https:\/\/repliquemangacine.fr\/boutique\/"},{"@type":"ListItem","position":3,"name":"Ep\u00e9e Longclaw effet Damas &#8211; Game of Thrones"}]},{"@type":"WebSite","@id":"https:\/\/repliquemangacine.fr\/#website","url":"https:\/\/repliquemangacine.fr\/","name":"R\u00e9plique Manga Cin\u00e9","description":"","publisher":{"@id":"https:\/\/repliquemangacine.fr\/#organization"},"potentialAction":[{"@type":"SearchAction","target":{"@type":"EntryPoint","urlTemplate":"https:\/\/repliquemangacine.fr\/?s={search_term_string}"},"query-input":{"@type":"PropertyValueSpecification","valueRequired":true,"valueName":"search_term_string"}}],"inLanguage":"de"},{"@type":"Organization","@id":"https:\/\/repliquemangacine.fr\/#organization","name":"R\u00e9plique Manga Cin\u00e9","url":"https:\/\/repliquemangacine.fr\/","logo":{"@type":"ImageObject","inLanguage":"de","@id":"https:\/\/repliquemangacine.fr\/#\/schema\/logo\/image\/","url":"https:\/\/repliquemangacine.fr\/wp-content\/uploads\/2023\/10\/RMC-500250.png","contentUrl":"https:\/\/repliquemangacine.fr\/wp-content\/uploads\/2023\/10\/RMC-500250.png","width":500,"height":250,"caption":"R\u00e9plique Manga Cin\u00e9"},"image":{"@id":"https:\/\/repliquemangacine.fr\/#\/schema\/logo\/image\/"},"sameAs":["https:\/\/www.facebook.com\/RepliqueMangaCine","https:\/\/www.instagram.com\/repliquemangacine.fr\/"]}]}},"_links":{"self":[{"href":"https:\/\/repliquemangacine.fr\/de\/wp-json\/wp\/v2\/product\/89424","targetHints":{"allow":["GET"]}}],"collection":[{"href":"https:\/\/repliquemangacine.fr\/de\/wp-json\/wp\/v2\/product"}],"about":[{"href":"https:\/\/repliquemangacine.fr\/de\/wp-json\/wp\/v2\/types\/product"}],"wp:featuredmedia":[{"embeddable":true,"href":"https:\/\/repliquemangacine.fr\/de\/wp-json\/wp\/v2\/media\/89426"}],"wp:attachment":[{"href":"https:\/\/repliquemangacine.fr\/de\/wp-json\/wp\/v2\/media?parent=89424"}],"wp:term":[{"taxonomy":"product_brand","embeddable":true,"href":"https:\/\/repliquemangacine.fr\/de\/wp-json\/wp\/v2\/product_brand?post=89424"},{"taxonomy":"product_cat","embeddable":true,"href":"https:\/\/repliquemangacine.fr\/de\/wp-json\/wp\/v2\/product_cat?post=89424"},{"taxonomy":"product_tag","embeddable":true,"href":"https:\/\/repliquemangacine.fr\/de\/wp-json\/wp\/v2\/product_tag?post=89424"}],"curies":[{"name":"wp","href":"https:\/\/api.w.org\/{rel}","templated":true}]}}