





{"id":89351,"date":"2025-10-12T12:38:16","date_gmt":"2025-10-12T10:38:16","guid":{"rendered":"https:\/\/repliquemangacine.fr\/?post_type=product&#038;p=89351"},"modified":"2026-02-24T21:44:45","modified_gmt":"2026-02-24T20:44:45","slug":"sabel-tranche-wind-zelda-breath-of-the-wild","status":"publish","type":"product","link":"https:\/\/repliquemangacine.fr\/de\/epee-zelda\/sabre-tranche-vent-zelda-breath-of-the-wild\/","title":{"rendered":"Windschnittiges Schwert - Zelda Breath of the Wild"},"content":{"rendered":"<h2>Das Windschnittige Schwert aus Zelda Breath of the Wild<\/h2>\n<p>Zun\u00e4chst <strong>Schwert Windsbraut<\/strong> ist eine furchterregende Waffe aus The Legend of Zelda: Breath of the Wild. Ihr einzigartiges Design zieht die Blicke sofort auf sich. Die Stahlklinge ist elegant gebogen und erinnert an den flie\u00dfenden Wind, den sie durchschneidet. Die Yiga-Offiziere verwenden sie, um m\u00e4chtige Luftklingen zu erzeugen, mit denen sie ihre Feinde aus der Ferne niederstrecken k\u00f6nnen. Der leuchtend rote Griff symbolisiert den Zorn und die Loyalit\u00e4t des Clans. Der fein gearbeitete Griff hat eine wirbelnde Form, die an die Sturmb\u00f6en erinnert, die er beherrscht. Diese Sammlerreplik ist in jeder Hinsicht der Waffe aus dem Spiel nachempfunden. Dank ihrer sorgf\u00e4ltigen Verarbeitung und der gl\u00e4nzend schwarzen Scheide wird sie zu einem unverzichtbaren St\u00fcck f\u00fcr jeden Fan von <a href=\"https:\/\/zelda.fandom.com\/fr\/wiki\/Arme_(Breath_of_the_Wild)\" target=\"_blank\" rel=\"noopener noreferrer\">Zelda<\/a>.<\/p>\n<h2>Yiga-Offiziere und ihre Kampfkunst<\/h2>\n<p>Zun\u00e4chst einmal sind die Yiga-Offiziere Meister des Kampfes und der Tarnung. Ihr Schwert Windschneider verk\u00f6rpert ihre Beweglichkeit und ihre Beherrschung der Leere. Diese K\u00e4mpfer sind ehemalige Diener der G\u00f6ttin Hylia und haben sich entschieden, Ganon zu folgen. Ihre Techniken basieren auf Geschwindigkeit, Pr\u00e4zision und List. Mit dem Schwert k\u00f6nnen sie bei jedem Schlag messerscharfe Energiewellen heraufbeschw\u00f6ren. Diese Waffe ist also nicht einfach nur ein S\u00e4bel, sondern eine Erweiterung ihrer Macht. In Breath of the Wild fordern diese furchterregenden Gegner Link mit Stil und Kraft heraus. Diese Replik ist eine Hommage an ihre einzigartige Kampfkunst, die Sch\u00f6nheit, Gefahr und Geheimnis in sich vereint. Alles in allem ein St\u00fcck, das sowohl dekorativ als auch symbolisch ist.<\/p>\n<h2>Die anderen legend\u00e4ren Schwerter aus Zelda auf R\u00e9plique Manga Cin\u00e9<\/h2>\n<p>R\u00e9plique Manga Cin\u00e9 bietet eine gro\u00dfe Sammlung von Waffen aus der Saga \"The Legend of Zelda\". Hier finden Sie die originalgetreue Replik der<a href=\"https:\/\/repliquemangacine.fr\/de\/neuheiten\/legendares-schwert-korrodiert\/\">Gekr\u00f6ntes Schwert der Legende<\/a>aus Tears of the Kingdom (2023). Entdecken Sie auch die erhabene <a href=\"https:\/\/repliquemangacine.fr\/de\/zelda-schwert\/schwert-prinzessin-zelda-twilight-princess-die-legende-von-zelda\/\">Schwert von Prinzessin Zelda<\/a>, inspiriert von Twilight Princess, elegant und majest\u00e4tisch. Und nat\u00fcrlich das unvermeidliche <a href=\"https:\/\/repliquemangacine.fr\/de\/zelda-schwert\/master-sword-zelda-schwert\/\">Master Sword<\/a> - Skyward Sword, Symbol des Mutes und des Lichts. Jedes St\u00fcck wird mit Sorgfalt hergestellt, um Authentizit\u00e4t und Qualit\u00e4t zu bieten. Mit diesen offiziellen Repliken kann jeder Sammler die Magie der Saga nachbilden. Es werden noch viele weitere Neuheiten folgen, um die Sammlung zu erweitern. Die Welt von Hyrule war noch nie so nah an Ihrer Vitrine.<\/p>","protected":false},"excerpt":{"rendered":"<p>Wundersch\u00f6nes und identisches Windsurfing-Schwert in Zelda Breath of the Wild<\/p>\n<ul>\n<li>Dreifach geteilte, verzierte und durchbrochene Stahlklinge<\/li>\n<li>Speziell geformter, wirbelnder Vollstahlb\u00fcgel.<\/li>\n<li>Griff aus Wildlederimitat mit rotem Baumwollgeflecht umgeben<\/li>\n<li>Schwarze Holzscheide<\/li>\n<li>L\u00e4nge der Klinge: 69 cm - Gesamtl\u00e4nge: 104 cm<\/li>\n<\/ul>","protected":false},"featured_media":89352,"template":"","meta":[],"product_brand":[],"product_cat":[56],"product_tag":[],"class_list":{"0":"post-89351","1":"product","2":"type-product","3":"status-publish","4":"has-post-thumbnail","6":"product_cat-epee-zelda","8":"first","9":"instock","10":"taxable","11":"shipping-taxable","12":"purchasable","13":"product-type-simple"},"yoast_head":"<!-- This site is optimized with the Yoast SEO plugin v27.4 - https:\/\/yoast.com\/product\/yoast-seo-wordpress\/ -->\n<title>Sabre Tranche-Vent - Zelda Breath of the Wild - R\u00e9plique Manga Cin\u00e9<\/title>\n<meta name=\"description\" content=\"Offrez-vous le sabre Tranche-Vent de Zelda ! Lame en acier ajour\u00e9e, garde tourbillonnante et design inspir\u00e9 des redoutables officiers Yiga. 104 cm\" \/>\n<meta name=\"robots\" content=\"index, follow, max-snippet:-1, max-image-preview:large, max-video-preview:-1\" \/>\n<link rel=\"canonical\" href=\"https:\/\/repliquemangacine.fr\/de\/zelda-schwert\/sabel-tranche-wind-zelda-breath-of-the-wild\/\" \/>\n<meta property=\"og:locale\" content=\"de_DE\" \/>\n<meta property=\"og:type\" content=\"article\" \/>\n<meta property=\"og:title\" content=\"Sabre Tranche-Vent - Zelda Breath of the Wild - R\u00e9plique Manga Cin\u00e9\" \/>\n<meta property=\"og:description\" content=\"Offrez-vous le sabre Tranche-Vent de Zelda ! Lame en acier ajour\u00e9e, garde tourbillonnante et design inspir\u00e9 des redoutables officiers Yiga. 104 cm\" \/>\n<meta property=\"og:url\" content=\"https:\/\/repliquemangacine.fr\/de\/zelda-schwert\/sabel-tranche-wind-zelda-breath-of-the-wild\/\" \/>\n<meta property=\"og:site_name\" content=\"R\u00e9plique Manga Cin\u00e9\" \/>\n<meta property=\"article:publisher\" content=\"https:\/\/www.facebook.com\/RepliqueMangaCine\" \/>\n<meta property=\"article:modified_time\" content=\"2026-02-24T20:44:45+00:00\" \/>\n<meta property=\"og:image\" content=\"https:\/\/repliquemangacine.fr\/wp-content\/uploads\/2025\/10\/sabre-Tranche-Vent.jpg\" \/>\n\t<meta property=\"og:image:width\" content=\"700\" \/>\n\t<meta property=\"og:image:height\" content=\"700\" \/>\n\t<meta property=\"og:image:type\" content=\"image\/jpeg\" \/>\n<meta name=\"twitter:card\" content=\"summary_large_image\" \/>\n<meta name=\"twitter:label1\" content=\"Gesch\u00e4tzte Lesezeit\" \/>\n\t<meta name=\"twitter:data1\" content=\"3\u00a0Minuten\" \/>\n<script type=\"application\/ld+json\" class=\"yoast-schema-graph\">{\"@context\":\"https:\\\/\\\/schema.org\",\"@graph\":[{\"@type\":\"WebPage\",\"@id\":\"https:\\\/\\\/repliquemangacine.fr\\\/epee-zelda\\\/sabre-tranche-vent-zelda-breath-of-the-wild\\\/\",\"url\":\"https:\\\/\\\/repliquemangacine.fr\\\/epee-zelda\\\/sabre-tranche-vent-zelda-breath-of-the-wild\\\/\",\"name\":\"Sabre Tranche-Vent - Zelda Breath of the Wild - R\u00e9plique Manga Cin\u00e9\",\"isPartOf\":{\"@id\":\"https:\\\/\\\/repliquemangacine.fr\\\/#website\"},\"primaryImageOfPage\":{\"@id\":\"https:\\\/\\\/repliquemangacine.fr\\\/epee-zelda\\\/sabre-tranche-vent-zelda-breath-of-the-wild\\\/#primaryimage\"},\"image\":{\"@id\":\"https:\\\/\\\/repliquemangacine.fr\\\/epee-zelda\\\/sabre-tranche-vent-zelda-breath-of-the-wild\\\/#primaryimage\"},\"thumbnailUrl\":\"https:\\\/\\\/repliquemangacine.fr\\\/wp-content\\\/uploads\\\/2025\\\/10\\\/sabre-Tranche-Vent.jpg\",\"datePublished\":\"2025-10-12T10:38:16+00:00\",\"dateModified\":\"2026-02-24T20:44:45+00:00\",\"description\":\"Offrez-vous le sabre Tranche-Vent de Zelda ! Lame en acier ajour\u00e9e, garde tourbillonnante et design inspir\u00e9 des redoutables officiers Yiga. 104 cm\",\"breadcrumb\":{\"@id\":\"https:\\\/\\\/repliquemangacine.fr\\\/epee-zelda\\\/sabre-tranche-vent-zelda-breath-of-the-wild\\\/#breadcrumb\"},\"inLanguage\":\"de\",\"potentialAction\":[{\"@type\":\"ReadAction\",\"target\":[\"https:\\\/\\\/repliquemangacine.fr\\\/epee-zelda\\\/sabre-tranche-vent-zelda-breath-of-the-wild\\\/\"]}]},{\"@type\":\"ImageObject\",\"inLanguage\":\"de\",\"@id\":\"https:\\\/\\\/repliquemangacine.fr\\\/epee-zelda\\\/sabre-tranche-vent-zelda-breath-of-the-wild\\\/#primaryimage\",\"url\":\"https:\\\/\\\/repliquemangacine.fr\\\/wp-content\\\/uploads\\\/2025\\\/10\\\/sabre-Tranche-Vent.jpg\",\"contentUrl\":\"https:\\\/\\\/repliquemangacine.fr\\\/wp-content\\\/uploads\\\/2025\\\/10\\\/sabre-Tranche-Vent.jpg\",\"width\":700,\"height\":700,\"caption\":\"Sabre Tranche-Vent dans Zelda Breath of the Wild\"},{\"@type\":\"BreadcrumbList\",\"@id\":\"https:\\\/\\\/repliquemangacine.fr\\\/epee-zelda\\\/sabre-tranche-vent-zelda-breath-of-the-wild\\\/#breadcrumb\",\"itemListElement\":[{\"@type\":\"ListItem\",\"position\":1,\"name\":\"Accueil\",\"item\":\"https:\\\/\\\/repliquemangacine.fr\\\/\"},{\"@type\":\"ListItem\",\"position\":2,\"name\":\"Produits\",\"item\":\"https:\\\/\\\/repliquemangacine.fr\\\/boutique\\\/\"},{\"@type\":\"ListItem\",\"position\":3,\"name\":\"Sabre Tranche-Vent &#8211; Zelda Breath of the Wild\"}]},{\"@type\":\"WebSite\",\"@id\":\"https:\\\/\\\/repliquemangacine.fr\\\/#website\",\"url\":\"https:\\\/\\\/repliquemangacine.fr\\\/\",\"name\":\"R\u00e9plique Manga Cin\u00e9\",\"description\":\"\",\"publisher\":{\"@id\":\"https:\\\/\\\/repliquemangacine.fr\\\/#organization\"},\"potentialAction\":[{\"@type\":\"SearchAction\",\"target\":{\"@type\":\"EntryPoint\",\"urlTemplate\":\"https:\\\/\\\/repliquemangacine.fr\\\/?s={search_term_string}\"},\"query-input\":{\"@type\":\"PropertyValueSpecification\",\"valueRequired\":true,\"valueName\":\"search_term_string\"}}],\"inLanguage\":\"de\"},{\"@type\":\"Organization\",\"@id\":\"https:\\\/\\\/repliquemangacine.fr\\\/#organization\",\"name\":\"R\u00e9plique Manga Cin\u00e9\",\"url\":\"https:\\\/\\\/repliquemangacine.fr\\\/\",\"logo\":{\"@type\":\"ImageObject\",\"inLanguage\":\"de\",\"@id\":\"https:\\\/\\\/repliquemangacine.fr\\\/#\\\/schema\\\/logo\\\/image\\\/\",\"url\":\"https:\\\/\\\/repliquemangacine.fr\\\/wp-content\\\/uploads\\\/2023\\\/10\\\/RMC-500250.png\",\"contentUrl\":\"https:\\\/\\\/repliquemangacine.fr\\\/wp-content\\\/uploads\\\/2023\\\/10\\\/RMC-500250.png\",\"width\":500,\"height\":250,\"caption\":\"R\u00e9plique Manga Cin\u00e9\"},\"image\":{\"@id\":\"https:\\\/\\\/repliquemangacine.fr\\\/#\\\/schema\\\/logo\\\/image\\\/\"},\"sameAs\":[\"https:\\\/\\\/www.facebook.com\\\/RepliqueMangaCine\",\"https:\\\/\\\/www.instagram.com\\\/repliquemangacine.fr\\\/\"]}]}<\/script>\n<!-- \/ Yoast SEO plugin. -->","yoast_head_json":{"title":"Windschnittiges Schwert - Zelda Breath of the Wild - R\u00e9plique Manga Cin\u00e9","description":"G\u00f6nnen Sie sich das Windschnittige Schwert aus Zelda! Durchbrochene Stahlklinge, wirbelnder Heft und ein Design, das von den gef\u00fcrchteten Yiga-Offizieren inspiriert wurde. 104 cm","robots":{"index":"index","follow":"follow","max-snippet":"max-snippet:-1","max-image-preview":"max-image-preview:large","max-video-preview":"max-video-preview:-1"},"canonical":"https:\/\/repliquemangacine.fr\/de\/zelda-schwert\/sabel-tranche-wind-zelda-breath-of-the-wild\/","og_locale":"de_DE","og_type":"article","og_title":"Sabre Tranche-Vent - Zelda Breath of the Wild - R\u00e9plique Manga Cin\u00e9","og_description":"Offrez-vous le sabre Tranche-Vent de Zelda ! Lame en acier ajour\u00e9e, garde tourbillonnante et design inspir\u00e9 des redoutables officiers Yiga. 104 cm","og_url":"https:\/\/repliquemangacine.fr\/de\/zelda-schwert\/sabel-tranche-wind-zelda-breath-of-the-wild\/","og_site_name":"R\u00e9plique Manga Cin\u00e9","article_publisher":"https:\/\/www.facebook.com\/RepliqueMangaCine","article_modified_time":"2026-02-24T20:44:45+00:00","og_image":[{"width":700,"height":700,"url":"https:\/\/repliquemangacine.fr\/wp-content\/uploads\/2025\/10\/sabre-Tranche-Vent.jpg","type":"image\/jpeg"}],"twitter_card":"summary_large_image","twitter_misc":{"Gesch\u00e4tzte Lesezeit":"3\u00a0Minuten"},"schema":{"@context":"https:\/\/schema.org","@graph":[{"@type":"WebPage","@id":"https:\/\/repliquemangacine.fr\/epee-zelda\/sabre-tranche-vent-zelda-breath-of-the-wild\/","url":"https:\/\/repliquemangacine.fr\/epee-zelda\/sabre-tranche-vent-zelda-breath-of-the-wild\/","name":"Windschnittiges Schwert - Zelda Breath of the Wild - R\u00e9plique Manga Cin\u00e9","isPartOf":{"@id":"https:\/\/repliquemangacine.fr\/#website"},"primaryImageOfPage":{"@id":"https:\/\/repliquemangacine.fr\/epee-zelda\/sabre-tranche-vent-zelda-breath-of-the-wild\/#primaryimage"},"image":{"@id":"https:\/\/repliquemangacine.fr\/epee-zelda\/sabre-tranche-vent-zelda-breath-of-the-wild\/#primaryimage"},"thumbnailUrl":"https:\/\/repliquemangacine.fr\/wp-content\/uploads\/2025\/10\/sabre-Tranche-Vent.jpg","datePublished":"2025-10-12T10:38:16+00:00","dateModified":"2026-02-24T20:44:45+00:00","description":"G\u00f6nnen Sie sich das Windschnittige Schwert aus Zelda! Durchbrochene Stahlklinge, wirbelnder Heft und ein Design, das von den gef\u00fcrchteten Yiga-Offizieren inspiriert wurde. 104 cm","breadcrumb":{"@id":"https:\/\/repliquemangacine.fr\/epee-zelda\/sabre-tranche-vent-zelda-breath-of-the-wild\/#breadcrumb"},"inLanguage":"de","potentialAction":[{"@type":"ReadAction","target":["https:\/\/repliquemangacine.fr\/epee-zelda\/sabre-tranche-vent-zelda-breath-of-the-wild\/"]}]},{"@type":"ImageObject","inLanguage":"de","@id":"https:\/\/repliquemangacine.fr\/epee-zelda\/sabre-tranche-vent-zelda-breath-of-the-wild\/#primaryimage","url":"https:\/\/repliquemangacine.fr\/wp-content\/uploads\/2025\/10\/sabre-Tranche-Vent.jpg","contentUrl":"https:\/\/repliquemangacine.fr\/wp-content\/uploads\/2025\/10\/sabre-Tranche-Vent.jpg","width":700,"height":700,"caption":"Sabre Tranche-Vent dans Zelda Breath of the Wild"},{"@type":"BreadcrumbList","@id":"https:\/\/repliquemangacine.fr\/epee-zelda\/sabre-tranche-vent-zelda-breath-of-the-wild\/#breadcrumb","itemListElement":[{"@type":"ListItem","position":1,"name":"Accueil","item":"https:\/\/repliquemangacine.fr\/"},{"@type":"ListItem","position":2,"name":"Produits","item":"https:\/\/repliquemangacine.fr\/boutique\/"},{"@type":"ListItem","position":3,"name":"Sabre Tranche-Vent &#8211; Zelda Breath of the Wild"}]},{"@type":"WebSite","@id":"https:\/\/repliquemangacine.fr\/#website","url":"https:\/\/repliquemangacine.fr\/","name":"R\u00e9plique Manga Cin\u00e9","description":"","publisher":{"@id":"https:\/\/repliquemangacine.fr\/#organization"},"potentialAction":[{"@type":"SearchAction","target":{"@type":"EntryPoint","urlTemplate":"https:\/\/repliquemangacine.fr\/?s={search_term_string}"},"query-input":{"@type":"PropertyValueSpecification","valueRequired":true,"valueName":"search_term_string"}}],"inLanguage":"de"},{"@type":"Organization","@id":"https:\/\/repliquemangacine.fr\/#organization","name":"R\u00e9plique Manga Cin\u00e9","url":"https:\/\/repliquemangacine.fr\/","logo":{"@type":"ImageObject","inLanguage":"de","@id":"https:\/\/repliquemangacine.fr\/#\/schema\/logo\/image\/","url":"https:\/\/repliquemangacine.fr\/wp-content\/uploads\/2023\/10\/RMC-500250.png","contentUrl":"https:\/\/repliquemangacine.fr\/wp-content\/uploads\/2023\/10\/RMC-500250.png","width":500,"height":250,"caption":"R\u00e9plique Manga Cin\u00e9"},"image":{"@id":"https:\/\/repliquemangacine.fr\/#\/schema\/logo\/image\/"},"sameAs":["https:\/\/www.facebook.com\/RepliqueMangaCine","https:\/\/www.instagram.com\/repliquemangacine.fr\/"]}]}},"_links":{"self":[{"href":"https:\/\/repliquemangacine.fr\/de\/wp-json\/wp\/v2\/product\/89351","targetHints":{"allow":["GET"]}}],"collection":[{"href":"https:\/\/repliquemangacine.fr\/de\/wp-json\/wp\/v2\/product"}],"about":[{"href":"https:\/\/repliquemangacine.fr\/de\/wp-json\/wp\/v2\/types\/product"}],"wp:featuredmedia":[{"embeddable":true,"href":"https:\/\/repliquemangacine.fr\/de\/wp-json\/wp\/v2\/media\/89352"}],"wp:attachment":[{"href":"https:\/\/repliquemangacine.fr\/de\/wp-json\/wp\/v2\/media?parent=89351"}],"wp:term":[{"taxonomy":"product_brand","embeddable":true,"href":"https:\/\/repliquemangacine.fr\/de\/wp-json\/wp\/v2\/product_brand?post=89351"},{"taxonomy":"product_cat","embeddable":true,"href":"https:\/\/repliquemangacine.fr\/de\/wp-json\/wp\/v2\/product_cat?post=89351"},{"taxonomy":"product_tag","embeddable":true,"href":"https:\/\/repliquemangacine.fr\/de\/wp-json\/wp\/v2\/product_tag?post=89351"}],"curies":[{"name":"wp","href":"https:\/\/api.w.org\/{rel}","templated":true}]}}