





{"id":89331,"date":"2025-10-11T20:14:39","date_gmt":"2025-10-11T18:14:39","guid":{"rendered":"https:\/\/repliquemangacine.fr\/?post_type=product&#038;p=89331"},"modified":"2026-02-19T11:34:20","modified_gmt":"2026-02-19T10:34:20","slug":"die-heilige-lanze-replik-aus-dem-museum-von-wien","status":"publish","type":"product","link":"https:\/\/repliquemangacine.fr\/de\/armes-historiques\/la-sainte-lance-replique-du-musee-de-vienne\/","title":{"rendered":"Die Heilige Lanze - Replik aus dem Wiener Museum"},"content":{"rendered":"<h2>Die Heilige Lanze - Eine au\u00dfergew\u00f6hnliche historische Replik<\/h2>\n<p>Erstens: Diese Museumsreplik bildet die <strong>Heilige Lanze<\/strong>, die heute im <a href=\"https:\/\/www.khm.at\/en\/artworks\/die-heilige-lanze-100443-1\" target=\"_blank\" rel=\"noopener noreferrer\">Kaiserliche Schatzkammer in Wien<\/a>. Seine fein durchbrochene Fl\u00fcgelklinge ist teilweise mit Silberdraht umwickelt und mit Messing eingefasst. Auf der zentralen Platte befindet sich die lateinische Inschrift LANCEA ET CLAVUS DOMINI, was so viel bedeutet wie \"Die Lanze und der Nagel des Herrn\". Der \u00dcberlieferung nach soll sich darin ein Fragment des Heiligen Nagels befinden, der bei der Kreuzigung Christi verwendet wurde. Diese Replik \u00fcbernimmt jedes Detail des Originals, von der Metallarbeit bis zur patinierten Vergoldung. Au\u00dferdem symbolisiert sie sowohl die mittelalterliche sakrale Kunst als auch die spirituelle Macht der alten Kaiser. Elegant, authentisch und bedeutungsschwanger ist dieses au\u00dfergew\u00f6hnliche St\u00fcck perfekt f\u00fcr Sammler von historischen Waffen und religi\u00f6sen Objekten.<\/p>\n<h2>Der Speer des Schicksals und seine Symbolkraft<\/h2>\n<p>Die Heilige Lanze, auch bekannt als Lanze des Heiligen Mauritius oder Lanze des Schicksals, ist eines der ber\u00fchmtesten Artefakte des Heiligen R\u00f6mischen Reiches Deutscher Nation. Der Legende nach geh\u00f6rte sie Longinus, dem r\u00f6mischen Zenturio, der Christus in die Seite stach, um sich seines Todes zu versichern. Durchtr\u00e4nkt mit seinem heiligen Blut soll sie zu einem Symbol g\u00f6ttlicher Legitimit\u00e4t geworden sein. Jahrhundertelang trugen K\u00f6nige und Kaiser sie als Zeichen der von Gott verliehenen Macht. Ihr Besitz sollte ihren Besitzer unbesiegbar machen. Diese Replik erinnert an den Glauben, den Ruhm und das Geheimnis einer Zeit, in der Religion und Macht eins waren. Die Heilige Lanze ist ein echtes Zeugnis der Geschichte und bleibt ein mythisches St\u00fcck an der Schnittstelle zwischen dem Heiligen und dem Legend\u00e4ren.<\/p>\n<h2>Andere historische Waffen auf R\u00e9plique Manga Cin\u00e9<\/h2>\n<p>R\u00e9plique Manga Cin\u00e9 bietet auch eine au\u00dfergew\u00f6hnliche Sammlung historischer Waffen, die originalgetreu nachgebildet wurden. Hier finden Sie das ber\u00fchmte <a href=\"https:\/\/repliquemangacine.fr\/de\/antike-schwerter\/romisches-schwert-fulham\/\">Fulhams Schwert<\/a>im British Museum, ein Symbol der r\u00f6mischen Milit\u00e4rmacht. Seine detaillierte Reproduktion ist eine Hommage an die antike Kampfkunst und das K\u00f6nnen der damaligen Schmiede. Entdecken Sie auch das <a href=\"https:\/\/repliquemangacine.fr\/de\/antike-schwerter\/tiberisches-schwert-mainz-gladius\/\">Mainz Gladius,<\/a> bekannt als das Schwert des Tiberius, ein ikonisches St\u00fcck des r\u00f6mischen Legion\u00e4rs. Seine kurze, breite Klinge ist ein perfektes Beispiel f\u00fcr die disziplinierten Kriegstechniken Roms. Lassen Sie sich schlie\u00dflich von der historischen Reproduktion von <a href=\"https:\/\/repliquemangacine.fr\/de\/antike-schwerter\/feltwell-schwert\/\">das Schwert von Feltwell<\/a>Ein sorgf\u00e4ltig nachgebildetes arch\u00e4ologisches Meisterwerk. Jede Waffe ist aus hochwertigen Materialien gefertigt und authentisch verarbeitet. Dank dieser einzigartigen Repliken kann jeder Sammler die Gr\u00f6\u00dfe alter Zivilisationen wieder aufleben lassen und seine Vitrine mit Geschichte und Legenden bereichern.<\/p>","protected":false},"excerpt":{"rendered":"<p>Erstklassige Museumsreplik der Heiligen Lanze, die heute in der Wiener Schatzkammer aufbewahrt wird.<\/p>\n<ul>\n<li>Ganz aus Stahl<\/li>\n<li>Der Speer ist mit Silberdraht umwickelt<\/li>\n<li>Zentrale Platte aus Messingblech mit Gravuren.<\/li>\n<li>Lateinische Gravur: LANCEA ET CLAVUS DOMINI , was \"Die Lanze und der Nagel des Herrn\" bedeutet.<\/li>\n<li>Wird ohne Stiel geliefert, passt aber f\u00fcr einen Stiel mit einem Durchmesser von ca. 2,5 cm.<\/li>\n<li>Gesamtl\u00e4nge: 47 cm - Gewicht: 950 g<\/li>\n<\/ul>","protected":false},"featured_media":89335,"template":"","meta":[],"product_brand":[],"product_cat":[25,84,73],"product_tag":[],"class_list":{"0":"post-89331","1":"product","2":"type-product","3":"status-publish","4":"has-post-thumbnail","6":"product_cat-armes-historiques","7":"product_cat-epee-templier-medievale","8":"product_cat-epees-glaives-antique","10":"first","11":"outofstock","12":"taxable","13":"shipping-taxable","14":"purchasable","15":"product-type-simple"},"yoast_head":"<!-- This site is optimized with the Yoast SEO plugin v27.4 - https:\/\/yoast.com\/product\/yoast-seo-wordpress\/ -->\n<title>La Sainte Lance - R\u00e9plique du mus\u00e9e de Vienne - R\u00e9plique Manga Cin\u00e9<\/title>\n<meta name=\"description\" content=\"D\u00e9couvrez la Sainte Lance, r\u00e9plique fid\u00e8le du tr\u00e9sor de Vienne. Une pi\u00e8ce historique symbolisant la foi, le pouvoir et la l\u00e9gende des empereurs.\" \/>\n<meta name=\"robots\" content=\"index, follow, max-snippet:-1, max-image-preview:large, max-video-preview:-1\" \/>\n<link rel=\"canonical\" href=\"https:\/\/repliquemangacine.fr\/de\/historische-waffen\/die-heilige-lanze-replik-aus-dem-museum-von-wien\/\" \/>\n<meta property=\"og:locale\" content=\"de_DE\" \/>\n<meta property=\"og:type\" content=\"article\" \/>\n<meta property=\"og:title\" content=\"La Sainte Lance - R\u00e9plique du mus\u00e9e de Vienne - R\u00e9plique Manga Cin\u00e9\" \/>\n<meta property=\"og:description\" content=\"D\u00e9couvrez la Sainte Lance, r\u00e9plique fid\u00e8le du tr\u00e9sor de Vienne. Une pi\u00e8ce historique symbolisant la foi, le pouvoir et la l\u00e9gende des empereurs.\" \/>\n<meta property=\"og:url\" content=\"https:\/\/repliquemangacine.fr\/de\/historische-waffen\/die-heilige-lanze-replik-aus-dem-museum-von-wien\/\" \/>\n<meta property=\"og:site_name\" content=\"R\u00e9plique Manga Cin\u00e9\" \/>\n<meta property=\"article:publisher\" content=\"https:\/\/www.facebook.com\/RepliqueMangaCine\" \/>\n<meta property=\"article:modified_time\" content=\"2026-02-19T10:34:20+00:00\" \/>\n<meta property=\"og:image\" content=\"https:\/\/repliquemangacine.fr\/wp-content\/uploads\/2025\/10\/lance.jpg\" \/>\n\t<meta property=\"og:image:width\" content=\"700\" \/>\n\t<meta property=\"og:image:height\" content=\"700\" \/>\n\t<meta property=\"og:image:type\" content=\"image\/jpeg\" \/>\n<meta name=\"twitter:card\" content=\"summary_large_image\" \/>\n<meta name=\"twitter:label1\" content=\"Gesch\u00e4tzte Lesezeit\" \/>\n\t<meta name=\"twitter:data1\" content=\"3\u00a0Minuten\" \/>\n<script type=\"application\/ld+json\" class=\"yoast-schema-graph\">{\"@context\":\"https:\\\/\\\/schema.org\",\"@graph\":[{\"@type\":\"WebPage\",\"@id\":\"https:\\\/\\\/repliquemangacine.fr\\\/armes-historiques\\\/la-sainte-lance-replique-du-musee-de-vienne\\\/\",\"url\":\"https:\\\/\\\/repliquemangacine.fr\\\/armes-historiques\\\/la-sainte-lance-replique-du-musee-de-vienne\\\/\",\"name\":\"La Sainte Lance - R\u00e9plique du mus\u00e9e de Vienne - R\u00e9plique Manga Cin\u00e9\",\"isPartOf\":{\"@id\":\"https:\\\/\\\/repliquemangacine.fr\\\/#website\"},\"primaryImageOfPage\":{\"@id\":\"https:\\\/\\\/repliquemangacine.fr\\\/armes-historiques\\\/la-sainte-lance-replique-du-musee-de-vienne\\\/#primaryimage\"},\"image\":{\"@id\":\"https:\\\/\\\/repliquemangacine.fr\\\/armes-historiques\\\/la-sainte-lance-replique-du-musee-de-vienne\\\/#primaryimage\"},\"thumbnailUrl\":\"https:\\\/\\\/repliquemangacine.fr\\\/wp-content\\\/uploads\\\/2025\\\/10\\\/lance.jpg\",\"datePublished\":\"2025-10-11T18:14:39+00:00\",\"dateModified\":\"2026-02-19T10:34:20+00:00\",\"description\":\"D\u00e9couvrez la Sainte Lance, r\u00e9plique fid\u00e8le du tr\u00e9sor de Vienne. Une pi\u00e8ce historique symbolisant la foi, le pouvoir et la l\u00e9gende des empereurs.\",\"breadcrumb\":{\"@id\":\"https:\\\/\\\/repliquemangacine.fr\\\/armes-historiques\\\/la-sainte-lance-replique-du-musee-de-vienne\\\/#breadcrumb\"},\"inLanguage\":\"de\",\"potentialAction\":[{\"@type\":\"ReadAction\",\"target\":[\"https:\\\/\\\/repliquemangacine.fr\\\/armes-historiques\\\/la-sainte-lance-replique-du-musee-de-vienne\\\/\"]}]},{\"@type\":\"ImageObject\",\"inLanguage\":\"de\",\"@id\":\"https:\\\/\\\/repliquemangacine.fr\\\/armes-historiques\\\/la-sainte-lance-replique-du-musee-de-vienne\\\/#primaryimage\",\"url\":\"https:\\\/\\\/repliquemangacine.fr\\\/wp-content\\\/uploads\\\/2025\\\/10\\\/lance.jpg\",\"contentUrl\":\"https:\\\/\\\/repliquemangacine.fr\\\/wp-content\\\/uploads\\\/2025\\\/10\\\/lance.jpg\",\"width\":700,\"height\":700,\"caption\":\"La Sainte Lance\"},{\"@type\":\"BreadcrumbList\",\"@id\":\"https:\\\/\\\/repliquemangacine.fr\\\/armes-historiques\\\/la-sainte-lance-replique-du-musee-de-vienne\\\/#breadcrumb\",\"itemListElement\":[{\"@type\":\"ListItem\",\"position\":1,\"name\":\"Accueil\",\"item\":\"https:\\\/\\\/repliquemangacine.fr\\\/\"},{\"@type\":\"ListItem\",\"position\":2,\"name\":\"Produits\",\"item\":\"https:\\\/\\\/repliquemangacine.fr\\\/boutique\\\/\"},{\"@type\":\"ListItem\",\"position\":3,\"name\":\"La Sainte Lance &#8211; R\u00e9plique du mus\u00e9e de Vienne\"}]},{\"@type\":\"WebSite\",\"@id\":\"https:\\\/\\\/repliquemangacine.fr\\\/#website\",\"url\":\"https:\\\/\\\/repliquemangacine.fr\\\/\",\"name\":\"R\u00e9plique Manga Cin\u00e9\",\"description\":\"\",\"publisher\":{\"@id\":\"https:\\\/\\\/repliquemangacine.fr\\\/#organization\"},\"potentialAction\":[{\"@type\":\"SearchAction\",\"target\":{\"@type\":\"EntryPoint\",\"urlTemplate\":\"https:\\\/\\\/repliquemangacine.fr\\\/?s={search_term_string}\"},\"query-input\":{\"@type\":\"PropertyValueSpecification\",\"valueRequired\":true,\"valueName\":\"search_term_string\"}}],\"inLanguage\":\"de\"},{\"@type\":\"Organization\",\"@id\":\"https:\\\/\\\/repliquemangacine.fr\\\/#organization\",\"name\":\"R\u00e9plique Manga Cin\u00e9\",\"url\":\"https:\\\/\\\/repliquemangacine.fr\\\/\",\"logo\":{\"@type\":\"ImageObject\",\"inLanguage\":\"de\",\"@id\":\"https:\\\/\\\/repliquemangacine.fr\\\/#\\\/schema\\\/logo\\\/image\\\/\",\"url\":\"https:\\\/\\\/repliquemangacine.fr\\\/wp-content\\\/uploads\\\/2023\\\/10\\\/RMC-500250.png\",\"contentUrl\":\"https:\\\/\\\/repliquemangacine.fr\\\/wp-content\\\/uploads\\\/2023\\\/10\\\/RMC-500250.png\",\"width\":500,\"height\":250,\"caption\":\"R\u00e9plique Manga Cin\u00e9\"},\"image\":{\"@id\":\"https:\\\/\\\/repliquemangacine.fr\\\/#\\\/schema\\\/logo\\\/image\\\/\"},\"sameAs\":[\"https:\\\/\\\/www.facebook.com\\\/RepliqueMangaCine\",\"https:\\\/\\\/www.instagram.com\\\/repliquemangacine.fr\\\/\"]}]}<\/script>\n<!-- \/ Yoast SEO plugin. -->","yoast_head_json":{"title":"Die Heilige Lanze - Replik aus dem Wiener Museum - R\u00e9plique Manga Cin\u00e9","description":"Entdecken Sie die Heilige Lanze, eine originalgetreue Nachbildung des Wiener Schatzes. Ein historisches St\u00fcck, das den Glauben, die Macht und die Legende der Kaiser symbolisiert.","robots":{"index":"index","follow":"follow","max-snippet":"max-snippet:-1","max-image-preview":"max-image-preview:large","max-video-preview":"max-video-preview:-1"},"canonical":"https:\/\/repliquemangacine.fr\/de\/historische-waffen\/die-heilige-lanze-replik-aus-dem-museum-von-wien\/","og_locale":"de_DE","og_type":"article","og_title":"La Sainte Lance - R\u00e9plique du mus\u00e9e de Vienne - R\u00e9plique Manga Cin\u00e9","og_description":"D\u00e9couvrez la Sainte Lance, r\u00e9plique fid\u00e8le du tr\u00e9sor de Vienne. Une pi\u00e8ce historique symbolisant la foi, le pouvoir et la l\u00e9gende des empereurs.","og_url":"https:\/\/repliquemangacine.fr\/de\/historische-waffen\/die-heilige-lanze-replik-aus-dem-museum-von-wien\/","og_site_name":"R\u00e9plique Manga Cin\u00e9","article_publisher":"https:\/\/www.facebook.com\/RepliqueMangaCine","article_modified_time":"2026-02-19T10:34:20+00:00","og_image":[{"width":700,"height":700,"url":"https:\/\/repliquemangacine.fr\/wp-content\/uploads\/2025\/10\/lance.jpg","type":"image\/jpeg"}],"twitter_card":"summary_large_image","twitter_misc":{"Gesch\u00e4tzte Lesezeit":"3\u00a0Minuten"},"schema":{"@context":"https:\/\/schema.org","@graph":[{"@type":"WebPage","@id":"https:\/\/repliquemangacine.fr\/armes-historiques\/la-sainte-lance-replique-du-musee-de-vienne\/","url":"https:\/\/repliquemangacine.fr\/armes-historiques\/la-sainte-lance-replique-du-musee-de-vienne\/","name":"Die Heilige Lanze - Replik aus dem Wiener Museum - R\u00e9plique Manga Cin\u00e9","isPartOf":{"@id":"https:\/\/repliquemangacine.fr\/#website"},"primaryImageOfPage":{"@id":"https:\/\/repliquemangacine.fr\/armes-historiques\/la-sainte-lance-replique-du-musee-de-vienne\/#primaryimage"},"image":{"@id":"https:\/\/repliquemangacine.fr\/armes-historiques\/la-sainte-lance-replique-du-musee-de-vienne\/#primaryimage"},"thumbnailUrl":"https:\/\/repliquemangacine.fr\/wp-content\/uploads\/2025\/10\/lance.jpg","datePublished":"2025-10-11T18:14:39+00:00","dateModified":"2026-02-19T10:34:20+00:00","description":"Entdecken Sie die Heilige Lanze, eine originalgetreue Nachbildung des Wiener Schatzes. Ein historisches St\u00fcck, das den Glauben, die Macht und die Legende der Kaiser symbolisiert.","breadcrumb":{"@id":"https:\/\/repliquemangacine.fr\/armes-historiques\/la-sainte-lance-replique-du-musee-de-vienne\/#breadcrumb"},"inLanguage":"de","potentialAction":[{"@type":"ReadAction","target":["https:\/\/repliquemangacine.fr\/armes-historiques\/la-sainte-lance-replique-du-musee-de-vienne\/"]}]},{"@type":"ImageObject","inLanguage":"de","@id":"https:\/\/repliquemangacine.fr\/armes-historiques\/la-sainte-lance-replique-du-musee-de-vienne\/#primaryimage","url":"https:\/\/repliquemangacine.fr\/wp-content\/uploads\/2025\/10\/lance.jpg","contentUrl":"https:\/\/repliquemangacine.fr\/wp-content\/uploads\/2025\/10\/lance.jpg","width":700,"height":700,"caption":"La Sainte Lance"},{"@type":"BreadcrumbList","@id":"https:\/\/repliquemangacine.fr\/armes-historiques\/la-sainte-lance-replique-du-musee-de-vienne\/#breadcrumb","itemListElement":[{"@type":"ListItem","position":1,"name":"Accueil","item":"https:\/\/repliquemangacine.fr\/"},{"@type":"ListItem","position":2,"name":"Produits","item":"https:\/\/repliquemangacine.fr\/boutique\/"},{"@type":"ListItem","position":3,"name":"La Sainte Lance &#8211; R\u00e9plique du mus\u00e9e de Vienne"}]},{"@type":"WebSite","@id":"https:\/\/repliquemangacine.fr\/#website","url":"https:\/\/repliquemangacine.fr\/","name":"R\u00e9plique Manga Cin\u00e9","description":"","publisher":{"@id":"https:\/\/repliquemangacine.fr\/#organization"},"potentialAction":[{"@type":"SearchAction","target":{"@type":"EntryPoint","urlTemplate":"https:\/\/repliquemangacine.fr\/?s={search_term_string}"},"query-input":{"@type":"PropertyValueSpecification","valueRequired":true,"valueName":"search_term_string"}}],"inLanguage":"de"},{"@type":"Organization","@id":"https:\/\/repliquemangacine.fr\/#organization","name":"R\u00e9plique Manga Cin\u00e9","url":"https:\/\/repliquemangacine.fr\/","logo":{"@type":"ImageObject","inLanguage":"de","@id":"https:\/\/repliquemangacine.fr\/#\/schema\/logo\/image\/","url":"https:\/\/repliquemangacine.fr\/wp-content\/uploads\/2023\/10\/RMC-500250.png","contentUrl":"https:\/\/repliquemangacine.fr\/wp-content\/uploads\/2023\/10\/RMC-500250.png","width":500,"height":250,"caption":"R\u00e9plique Manga Cin\u00e9"},"image":{"@id":"https:\/\/repliquemangacine.fr\/#\/schema\/logo\/image\/"},"sameAs":["https:\/\/www.facebook.com\/RepliqueMangaCine","https:\/\/www.instagram.com\/repliquemangacine.fr\/"]}]}},"_links":{"self":[{"href":"https:\/\/repliquemangacine.fr\/de\/wp-json\/wp\/v2\/product\/89331","targetHints":{"allow":["GET"]}}],"collection":[{"href":"https:\/\/repliquemangacine.fr\/de\/wp-json\/wp\/v2\/product"}],"about":[{"href":"https:\/\/repliquemangacine.fr\/de\/wp-json\/wp\/v2\/types\/product"}],"wp:featuredmedia":[{"embeddable":true,"href":"https:\/\/repliquemangacine.fr\/de\/wp-json\/wp\/v2\/media\/89335"}],"wp:attachment":[{"href":"https:\/\/repliquemangacine.fr\/de\/wp-json\/wp\/v2\/media?parent=89331"}],"wp:term":[{"taxonomy":"product_brand","embeddable":true,"href":"https:\/\/repliquemangacine.fr\/de\/wp-json\/wp\/v2\/product_brand?post=89331"},{"taxonomy":"product_cat","embeddable":true,"href":"https:\/\/repliquemangacine.fr\/de\/wp-json\/wp\/v2\/product_cat?post=89331"},{"taxonomy":"product_tag","embeddable":true,"href":"https:\/\/repliquemangacine.fr\/de\/wp-json\/wp\/v2\/product_tag?post=89331"}],"curies":[{"name":"wp","href":"https:\/\/api.w.org\/{rel}","templated":true}]}}