





{"id":89324,"date":"2025-10-11T18:37:00","date_gmt":"2025-10-11T16:37:00","guid":{"rendered":"https:\/\/repliquemangacine.fr\/?post_type=product&#038;p=89324"},"modified":"2026-02-19T11:34:50","modified_gmt":"2026-02-19T10:34:50","slug":"dolch-assassins-creed-scheide","status":"publish","type":"product","link":"https:\/\/repliquemangacine.fr\/de\/armes-assassins-creed\/dague-assassins-creed-fourreau\/","title":{"rendered":"Assassin's Creed-Dolch Scheide"},"content":{"rendered":"<h2>Der Assassin's Creed-Dolch und seine Scheide R\u00fccken<\/h2>\n<p>Zun\u00e4chst einmal ist die <strong>Assassin's Creed-Dolch von Alta\u00efr<\/strong> ist ein bemerkenswertes Sammlerst\u00fcck. Die fein ge\u00e4tzte Stahlklinge mit Sternen zieht sofort die Blicke auf sich. Der Griff aus schwarz lackiertem Vollmetall weist subtile Splitter auf, die einen authentischen Used-Effekt erzeugen. Dieses Finish verleiht dem Messer seinen Charakter. Die Scheide aus braunem Kunstleder vervollst\u00e4ndigt das Ensemble auf elegante Weise. Sie l\u00e4sst sich dank des verstellbaren Riemens bequem auf dem R\u00fccken tragen. Die Schnallen, Ringe und Nieten aus antikem Metall verst\u00e4rken seinen realistischen Look. Diese Replik vereint Robustheit, \u00c4sthetik und Authentizit\u00e4t. Sie wird sowohl Spielbegeisterten als auch anspruchsvollen Sammlern gefallen. Mit seinen liebevollen Details und seinem einzigartigen Stil verk\u00f6rpert dieser Dolch perfekt die legend\u00e4re Welt von Assassin's Creed.<\/p>\n<h2>Alta\u00efr, der ikonische Meisterassassine<\/h2>\n<p>F\u00fcr den Anfang, <a href=\"https:\/\/assassinscreed.fandom.com\/fr\/wiki\/Alta%C3%AFr_Ibn-La%27Ahad\" target=\"_blank\" rel=\"noopener noreferrer\">Alta\u00efr Ibn-La'Ahad,<\/a>\u00a0legend\u00e4rer Held aus dem ersten Assassin's Creed. Er verk\u00f6rpert Weisheit, Verschwiegenheit, aber auch Pr\u00e4zision. Alta\u00efr wurde von Geburt an zum Assassinen ausgebildet und wurde mit f\u00fcnfundzwanzig Jahren zu einem der j\u00fcngsten Meisterassassinen. Sein Dolch ist mehr als nur eine Waffe: Er ist ein Symbol f\u00fcr Gerechtigkeit und Loyalit\u00e4t. Im Schatten eingesetzt, ist er ein Beispiel f\u00fcr die Kunst des stillen Kampfes. Jede Bewegung Alta\u00efrs ist kalkuliert, schnell und pr\u00e4zise. Seine Klinge ist leicht und scharf und erm\u00f6glicht es ihm, seine Ziele effizient auszuschalten. Diese Waffe steht f\u00fcr seine Verpflichtung gegen\u00fcber der Bruderschaft der Assassinen. Au\u00dferdem symbolisiert sie auch seine Suche nach Erl\u00f6sung und Wahrheit. Diesen Dolch zu besitzen, bedeutet also, einen der gr\u00f6\u00dften Meisterassassinen der Saga zu ehren. Er verbindet den Sammler direkt mit dem Geist des Credos: \"Nichts ist wahr, alles ist erlaubt\".<\/p>\n<h2>Assassin's Creed-Waffen auf R\u00e9plique Manga Cin\u00e9<\/h2>\n<p>R\u00e9plique Manga Cin\u00e9 bietet eine einzigartige Sammlung von Waffen aus der ber\u00fchmten Assassin's Creed-Saga. Entdecken Sie auch die<a href=\"https:\/\/repliquemangacine.fr\/de\/waffen-assassins-creed\/schwert-des-altair-assassins-creed\/\">Alta\u00efrs Schwert<\/a>Die Geschichte des legend\u00e4ren Assassinen. Finden Sie die <a href=\"https:\/\/repliquemangacine.fr\/de\/waffen-assassins-creed\/assassin-s-creed-odyssey-replica-leonidas-gebrochener-speer\/\">zerbrochene Lanze des Leonidas<\/a> aus Assassin's Creed Odyssey, ein Symbol f\u00fcr Mut und das spartanische Erbe. Nicht zu vergessen die Axt von Connor, dem ber\u00fchmten <a href=\"https:\/\/repliquemangacine.fr\/de\/waffen-assassins-creed\/tomahawk-der-assassinen-assassins-creed-3\/\">Tomahawk der Assassinen<\/a> von Assassin's Creed III mit einem furchterregenden Design. Au\u00dferdem finden Sie hier auch andere Sammlerst\u00fccke aus der Saga. Jede Replik wird mit Sorgfalt hergestellt, um Authentizit\u00e4t und Immersion zu bieten. Diese mythischen Waffen begeistern Sammler und Fans des Spiels gleicherma\u00dfen. Abschlie\u00dfend sei gesagt, dass bereits zahlreiche Neuheiten in Vorbereitung sind, um das Sortiment zu erweitern. Dank dieser St\u00fccke kann jeder Enthusiast das Abenteuer von Assassin's Creed durch die Zeit und die Legenden verl\u00e4ngern.<\/p>","protected":false},"excerpt":{"rendered":"<p>Wundersch\u00f6nes Set aus dem Dolch des Altair und seiner R\u00fcckenscheide<\/p>\n<ul>\n<li>Nicht scharfe Stahlklinge mit gut sichtbaren \u00c4tzungen von Sternenmotiven.<\/li>\n<li>Griff aus schwarz lackiertem Vollstahl, weist subtile Splitter f\u00fcr einen Used-Effekt auf<\/li>\n<li>R\u00fcckenscheide aus braunem Kunstleder mit verstellbarem Riemen.<\/li>\n<li>Die Schnallen, Ringe und Nieten aus Metall, verst\u00e4rken seinen realistischen Look.<\/li>\n<li>L\u00e4nge der Klinge: 36.5cm - Gesamtl\u00e4nge: 52 cm<\/li>\n<li>Gewicht: 370 g Dolch allein<\/li>\n<\/ul>","protected":false},"featured_media":89325,"template":"","meta":[],"product_brand":[],"product_cat":[836,48],"product_tag":[],"class_list":{"0":"post-89324","1":"product","2":"type-product","3":"status-publish","4":"has-post-thumbnail","6":"product_cat-armes-assassins-creed","7":"product_cat-epees-assassins-creed-armes-assassins-creed","9":"first","10":"instock","11":"taxable","12":"shipping-taxable","13":"purchasable","14":"product-type-simple"},"yoast_head":"<!-- This site is optimized with the Yoast SEO plugin v27.4 - https:\/\/yoast.com\/product\/yoast-seo-wordpress\/ -->\n<title>Dague Assassin&#039;s Creed Fourreau - R\u00e9plique Manga Cin\u00e9<\/title>\n<meta name=\"description\" content=\"D\u00e9couvrez la dague d\u2019Assassin\u2019s Creed d\u2019Alta\u00efr avec fourreau dorsal. Lame en acier grav\u00e9e, poign\u00e9e m\u00e9tal vieilli et design fid\u00e8le au jeu culte.\" \/>\n<meta name=\"robots\" content=\"index, follow, max-snippet:-1, max-image-preview:large, max-video-preview:-1\" \/>\n<link rel=\"canonical\" href=\"https:\/\/repliquemangacine.fr\/de\/waffen-assassins-creed\/dolch-assassins-creed-scheide\/\" \/>\n<meta property=\"og:locale\" content=\"de_DE\" \/>\n<meta property=\"og:type\" content=\"article\" \/>\n<meta property=\"og:title\" content=\"Dague Assassin&#039;s Creed Fourreau - R\u00e9plique Manga Cin\u00e9\" \/>\n<meta property=\"og:description\" content=\"D\u00e9couvrez la dague d\u2019Assassin\u2019s Creed d\u2019Alta\u00efr avec fourreau dorsal. Lame en acier grav\u00e9e, poign\u00e9e m\u00e9tal vieilli et design fid\u00e8le au jeu culte.\" \/>\n<meta property=\"og:url\" content=\"https:\/\/repliquemangacine.fr\/de\/waffen-assassins-creed\/dolch-assassins-creed-scheide\/\" \/>\n<meta property=\"og:site_name\" content=\"R\u00e9plique Manga Cin\u00e9\" \/>\n<meta property=\"article:publisher\" content=\"https:\/\/www.facebook.com\/RepliqueMangaCine\" \/>\n<meta property=\"article:modified_time\" content=\"2026-02-19T10:34:50+00:00\" \/>\n<meta property=\"og:image\" content=\"https:\/\/repliquemangacine.fr\/wp-content\/uploads\/2025\/10\/Dague-Assassins-Creed-avec-fourreau.jpg\" \/>\n\t<meta property=\"og:image:width\" content=\"700\" \/>\n\t<meta property=\"og:image:height\" content=\"700\" \/>\n\t<meta property=\"og:image:type\" content=\"image\/jpeg\" \/>\n<meta name=\"twitter:card\" content=\"summary_large_image\" \/>\n<meta name=\"twitter:label1\" content=\"Gesch\u00e4tzte Lesezeit\" \/>\n\t<meta name=\"twitter:data1\" content=\"3\u00a0Minuten\" \/>\n<script type=\"application\/ld+json\" class=\"yoast-schema-graph\">{\"@context\":\"https:\\\/\\\/schema.org\",\"@graph\":[{\"@type\":\"WebPage\",\"@id\":\"https:\\\/\\\/repliquemangacine.fr\\\/armes-assassins-creed\\\/dague-assassins-creed-fourreau\\\/\",\"url\":\"https:\\\/\\\/repliquemangacine.fr\\\/armes-assassins-creed\\\/dague-assassins-creed-fourreau\\\/\",\"name\":\"Dague Assassin's Creed Fourreau - R\u00e9plique Manga Cin\u00e9\",\"isPartOf\":{\"@id\":\"https:\\\/\\\/repliquemangacine.fr\\\/#website\"},\"primaryImageOfPage\":{\"@id\":\"https:\\\/\\\/repliquemangacine.fr\\\/armes-assassins-creed\\\/dague-assassins-creed-fourreau\\\/#primaryimage\"},\"image\":{\"@id\":\"https:\\\/\\\/repliquemangacine.fr\\\/armes-assassins-creed\\\/dague-assassins-creed-fourreau\\\/#primaryimage\"},\"thumbnailUrl\":\"https:\\\/\\\/repliquemangacine.fr\\\/wp-content\\\/uploads\\\/2025\\\/10\\\/Dague-Assassins-Creed-avec-fourreau.jpg\",\"datePublished\":\"2025-10-11T16:37:00+00:00\",\"dateModified\":\"2026-02-19T10:34:50+00:00\",\"description\":\"D\u00e9couvrez la dague d\u2019Assassin\u2019s Creed d\u2019Alta\u00efr avec fourreau dorsal. Lame en acier grav\u00e9e, poign\u00e9e m\u00e9tal vieilli et design fid\u00e8le au jeu culte.\",\"breadcrumb\":{\"@id\":\"https:\\\/\\\/repliquemangacine.fr\\\/armes-assassins-creed\\\/dague-assassins-creed-fourreau\\\/#breadcrumb\"},\"inLanguage\":\"de\",\"potentialAction\":[{\"@type\":\"ReadAction\",\"target\":[\"https:\\\/\\\/repliquemangacine.fr\\\/armes-assassins-creed\\\/dague-assassins-creed-fourreau\\\/\"]}]},{\"@type\":\"ImageObject\",\"inLanguage\":\"de\",\"@id\":\"https:\\\/\\\/repliquemangacine.fr\\\/armes-assassins-creed\\\/dague-assassins-creed-fourreau\\\/#primaryimage\",\"url\":\"https:\\\/\\\/repliquemangacine.fr\\\/wp-content\\\/uploads\\\/2025\\\/10\\\/Dague-Assassins-Creed-avec-fourreau.jpg\",\"contentUrl\":\"https:\\\/\\\/repliquemangacine.fr\\\/wp-content\\\/uploads\\\/2025\\\/10\\\/Dague-Assassins-Creed-avec-fourreau.jpg\",\"width\":700,\"height\":700,\"caption\":\"Dague Assassin's Creed fourreau dorsal\"},{\"@type\":\"BreadcrumbList\",\"@id\":\"https:\\\/\\\/repliquemangacine.fr\\\/armes-assassins-creed\\\/dague-assassins-creed-fourreau\\\/#breadcrumb\",\"itemListElement\":[{\"@type\":\"ListItem\",\"position\":1,\"name\":\"Accueil\",\"item\":\"https:\\\/\\\/repliquemangacine.fr\\\/\"},{\"@type\":\"ListItem\",\"position\":2,\"name\":\"Produits\",\"item\":\"https:\\\/\\\/repliquemangacine.fr\\\/boutique\\\/\"},{\"@type\":\"ListItem\",\"position\":3,\"name\":\"Dague Assassin&#8217;s Creed Fourreau\"}]},{\"@type\":\"WebSite\",\"@id\":\"https:\\\/\\\/repliquemangacine.fr\\\/#website\",\"url\":\"https:\\\/\\\/repliquemangacine.fr\\\/\",\"name\":\"R\u00e9plique Manga Cin\u00e9\",\"description\":\"\",\"publisher\":{\"@id\":\"https:\\\/\\\/repliquemangacine.fr\\\/#organization\"},\"potentialAction\":[{\"@type\":\"SearchAction\",\"target\":{\"@type\":\"EntryPoint\",\"urlTemplate\":\"https:\\\/\\\/repliquemangacine.fr\\\/?s={search_term_string}\"},\"query-input\":{\"@type\":\"PropertyValueSpecification\",\"valueRequired\":true,\"valueName\":\"search_term_string\"}}],\"inLanguage\":\"de\"},{\"@type\":\"Organization\",\"@id\":\"https:\\\/\\\/repliquemangacine.fr\\\/#organization\",\"name\":\"R\u00e9plique Manga Cin\u00e9\",\"url\":\"https:\\\/\\\/repliquemangacine.fr\\\/\",\"logo\":{\"@type\":\"ImageObject\",\"inLanguage\":\"de\",\"@id\":\"https:\\\/\\\/repliquemangacine.fr\\\/#\\\/schema\\\/logo\\\/image\\\/\",\"url\":\"https:\\\/\\\/repliquemangacine.fr\\\/wp-content\\\/uploads\\\/2023\\\/10\\\/RMC-500250.png\",\"contentUrl\":\"https:\\\/\\\/repliquemangacine.fr\\\/wp-content\\\/uploads\\\/2023\\\/10\\\/RMC-500250.png\",\"width\":500,\"height\":250,\"caption\":\"R\u00e9plique Manga Cin\u00e9\"},\"image\":{\"@id\":\"https:\\\/\\\/repliquemangacine.fr\\\/#\\\/schema\\\/logo\\\/image\\\/\"},\"sameAs\":[\"https:\\\/\\\/www.facebook.com\\\/RepliqueMangaCine\",\"https:\\\/\\\/www.instagram.com\\\/repliquemangacine.fr\\\/\"]}]}<\/script>\n<!-- \/ Yoast SEO plugin. -->","yoast_head_json":{"title":"Assassin's Creed Dolch Scheide - R\u00e9plique Manga Cin\u00e9","description":"Entdecken Sie den Assassin's Creed-Dolch von Alta\u00efr mit R\u00fcckenscheide. Mit ge\u00e4tzter Stahlklinge, Griff aus Altmetall und einem Design, das dem Kultspiel treu bleibt.","robots":{"index":"index","follow":"follow","max-snippet":"max-snippet:-1","max-image-preview":"max-image-preview:large","max-video-preview":"max-video-preview:-1"},"canonical":"https:\/\/repliquemangacine.fr\/de\/waffen-assassins-creed\/dolch-assassins-creed-scheide\/","og_locale":"de_DE","og_type":"article","og_title":"Dague Assassin's Creed Fourreau - R\u00e9plique Manga Cin\u00e9","og_description":"D\u00e9couvrez la dague d\u2019Assassin\u2019s Creed d\u2019Alta\u00efr avec fourreau dorsal. Lame en acier grav\u00e9e, poign\u00e9e m\u00e9tal vieilli et design fid\u00e8le au jeu culte.","og_url":"https:\/\/repliquemangacine.fr\/de\/waffen-assassins-creed\/dolch-assassins-creed-scheide\/","og_site_name":"R\u00e9plique Manga Cin\u00e9","article_publisher":"https:\/\/www.facebook.com\/RepliqueMangaCine","article_modified_time":"2026-02-19T10:34:50+00:00","og_image":[{"width":700,"height":700,"url":"https:\/\/repliquemangacine.fr\/wp-content\/uploads\/2025\/10\/Dague-Assassins-Creed-avec-fourreau.jpg","type":"image\/jpeg"}],"twitter_card":"summary_large_image","twitter_misc":{"Gesch\u00e4tzte Lesezeit":"3\u00a0Minuten"},"schema":{"@context":"https:\/\/schema.org","@graph":[{"@type":"WebPage","@id":"https:\/\/repliquemangacine.fr\/armes-assassins-creed\/dague-assassins-creed-fourreau\/","url":"https:\/\/repliquemangacine.fr\/armes-assassins-creed\/dague-assassins-creed-fourreau\/","name":"Assassin's Creed Dolch Scheide - R\u00e9plique Manga Cin\u00e9","isPartOf":{"@id":"https:\/\/repliquemangacine.fr\/#website"},"primaryImageOfPage":{"@id":"https:\/\/repliquemangacine.fr\/armes-assassins-creed\/dague-assassins-creed-fourreau\/#primaryimage"},"image":{"@id":"https:\/\/repliquemangacine.fr\/armes-assassins-creed\/dague-assassins-creed-fourreau\/#primaryimage"},"thumbnailUrl":"https:\/\/repliquemangacine.fr\/wp-content\/uploads\/2025\/10\/Dague-Assassins-Creed-avec-fourreau.jpg","datePublished":"2025-10-11T16:37:00+00:00","dateModified":"2026-02-19T10:34:50+00:00","description":"Entdecken Sie den Assassin's Creed-Dolch von Alta\u00efr mit R\u00fcckenscheide. Mit ge\u00e4tzter Stahlklinge, Griff aus Altmetall und einem Design, das dem Kultspiel treu bleibt.","breadcrumb":{"@id":"https:\/\/repliquemangacine.fr\/armes-assassins-creed\/dague-assassins-creed-fourreau\/#breadcrumb"},"inLanguage":"de","potentialAction":[{"@type":"ReadAction","target":["https:\/\/repliquemangacine.fr\/armes-assassins-creed\/dague-assassins-creed-fourreau\/"]}]},{"@type":"ImageObject","inLanguage":"de","@id":"https:\/\/repliquemangacine.fr\/armes-assassins-creed\/dague-assassins-creed-fourreau\/#primaryimage","url":"https:\/\/repliquemangacine.fr\/wp-content\/uploads\/2025\/10\/Dague-Assassins-Creed-avec-fourreau.jpg","contentUrl":"https:\/\/repliquemangacine.fr\/wp-content\/uploads\/2025\/10\/Dague-Assassins-Creed-avec-fourreau.jpg","width":700,"height":700,"caption":"Dague Assassin's Creed fourreau dorsal"},{"@type":"BreadcrumbList","@id":"https:\/\/repliquemangacine.fr\/armes-assassins-creed\/dague-assassins-creed-fourreau\/#breadcrumb","itemListElement":[{"@type":"ListItem","position":1,"name":"Accueil","item":"https:\/\/repliquemangacine.fr\/"},{"@type":"ListItem","position":2,"name":"Produits","item":"https:\/\/repliquemangacine.fr\/boutique\/"},{"@type":"ListItem","position":3,"name":"Dague Assassin&#8217;s Creed Fourreau"}]},{"@type":"WebSite","@id":"https:\/\/repliquemangacine.fr\/#website","url":"https:\/\/repliquemangacine.fr\/","name":"R\u00e9plique Manga Cin\u00e9","description":"","publisher":{"@id":"https:\/\/repliquemangacine.fr\/#organization"},"potentialAction":[{"@type":"SearchAction","target":{"@type":"EntryPoint","urlTemplate":"https:\/\/repliquemangacine.fr\/?s={search_term_string}"},"query-input":{"@type":"PropertyValueSpecification","valueRequired":true,"valueName":"search_term_string"}}],"inLanguage":"de"},{"@type":"Organization","@id":"https:\/\/repliquemangacine.fr\/#organization","name":"R\u00e9plique Manga Cin\u00e9","url":"https:\/\/repliquemangacine.fr\/","logo":{"@type":"ImageObject","inLanguage":"de","@id":"https:\/\/repliquemangacine.fr\/#\/schema\/logo\/image\/","url":"https:\/\/repliquemangacine.fr\/wp-content\/uploads\/2023\/10\/RMC-500250.png","contentUrl":"https:\/\/repliquemangacine.fr\/wp-content\/uploads\/2023\/10\/RMC-500250.png","width":500,"height":250,"caption":"R\u00e9plique Manga Cin\u00e9"},"image":{"@id":"https:\/\/repliquemangacine.fr\/#\/schema\/logo\/image\/"},"sameAs":["https:\/\/www.facebook.com\/RepliqueMangaCine","https:\/\/www.instagram.com\/repliquemangacine.fr\/"]}]}},"_links":{"self":[{"href":"https:\/\/repliquemangacine.fr\/de\/wp-json\/wp\/v2\/product\/89324","targetHints":{"allow":["GET"]}}],"collection":[{"href":"https:\/\/repliquemangacine.fr\/de\/wp-json\/wp\/v2\/product"}],"about":[{"href":"https:\/\/repliquemangacine.fr\/de\/wp-json\/wp\/v2\/types\/product"}],"wp:featuredmedia":[{"embeddable":true,"href":"https:\/\/repliquemangacine.fr\/de\/wp-json\/wp\/v2\/media\/89325"}],"wp:attachment":[{"href":"https:\/\/repliquemangacine.fr\/de\/wp-json\/wp\/v2\/media?parent=89324"}],"wp:term":[{"taxonomy":"product_brand","embeddable":true,"href":"https:\/\/repliquemangacine.fr\/de\/wp-json\/wp\/v2\/product_brand?post=89324"},{"taxonomy":"product_cat","embeddable":true,"href":"https:\/\/repliquemangacine.fr\/de\/wp-json\/wp\/v2\/product_cat?post=89324"},{"taxonomy":"product_tag","embeddable":true,"href":"https:\/\/repliquemangacine.fr\/de\/wp-json\/wp\/v2\/product_tag?post=89324"}],"curies":[{"name":"wp","href":"https:\/\/api.w.org\/{rel}","templated":true}]}}