





{"id":89295,"date":"2025-10-10T18:31:58","date_gmt":"2025-10-10T16:31:58","guid":{"rendered":"https:\/\/repliquemangacine.fr\/?post_type=product&#038;p=89295"},"modified":"2026-02-21T09:39:05","modified_gmt":"2026-02-21T08:39:05","slug":"set-katana-blue-sakai-schwert-von-jin-ghost-of-tsushima","status":"publish","type":"product","link":"https:\/\/repliquemangacine.fr\/de\/katana-et-epee-de-jeux-video-autre-jeux-video\/set-katana-blue-sakai-epee-de-jin-ghost-of-tsushima\/","title":{"rendered":"Katana-Set Blue Sakai- Jin-Schwert"},"content":{"rendered":"<h2>Blue Sakai Ghost of Tsushima Katana Set - Die legend\u00e4re Waffe von Jin Sakai<\/h2>\n<p>Zun\u00e4chst einmal ist dieses Katana-Set \u201eBlue Sakai Ghost of Tsushima\u201c eine Hommage an die fesselnde Welt des ber\u00fchmten Videospiels. Es besteht aus einem Katana und einem passenden Wakizashi und vereint Sch\u00f6nheit, Authentizit\u00e4t und hochwertige Verarbeitung. Das Katana steht f\u00fcr den Adel und die Kraft des Frontalkampfes, w\u00e4hrend das k\u00fcrzere Wakizashi Pr\u00e4zision und Beherrschung des Nahkampfes symbolisiert.<br \/>\nEs ist hervorzuheben, dass das Design des Sets die \u00c4sthetik des Spiels originalgetreu widerspiegelt.<\/p>\n<p>Die geflochtenen wei\u00dfen Griffe sorgen f\u00fcr einen hervorragenden Halt und erinnern gleichzeitig an den traditionellen japanischen Stil. Dar\u00fcber hinaus sind die schwarz und blau lackierten Scheiden mit eleganten Motiven verziert, die von den Wellen von Tsushima inspiriert sind. Schlie\u00dflich veredeln goldene und silberne Details an der Parierstange und der Spitze dieses Set, das mit einer Ausstellungshalterung geliefert wird.<\/p>\n<h2>Jin Sakai, das Phantom von Tsushima und sein ikonisches Katana<\/h2>\n<p>In <a href=\"https:\/\/ghost-of-tsushima.fandom.com\/fr\/wiki\/Ghost_of_Tsushima\" target=\"_blank\" rel=\"noopener noreferrer\">Ghost of Tsushima<\/a>, Der Held Jin Sakai verk\u00f6rpert den Kampf zwischen Ehre und \u00dcberleben. Nach und nach gibt er den strengen Kodex der Samurai auf, um zum Phantom zu werden, einem listigen und gef\u00fcrchteten Krieger. Sein Katana verk\u00f6rpert seine Verwandlung: ein Symbol f\u00fcr Mut, Anpassungsf\u00e4higkeit und Widerstand gegen den mongolischen Feind. Durch Morde, den Einsatz von Sprengstoff und Giftwaffen wird der Phantom auf der ganzen Insel zu einer wahren Legende und zu einem Symbol der Hoffnung f\u00fcr alle ihre Bewohner.<\/p>\n<p>Der Besitz dieser Replik ist also gleichbedeutend mit der W\u00fcrdigung der Edelmut eines Mannes, der sich entschlossen hat, f\u00fcr die Freiheit seines Volkes zu k\u00e4mpfen.<\/p>\n<h2>Andere legend\u00e4re Repliken zum Entdecken auf R\u00e9plique Manga Cin\u00e9<\/h2>\n<p>Auf der Website R\u00e9plique Manga Cin\u00e9 finden Sie auch zahlreiche Repliken aus den bekanntesten Videospielen.<br \/>\nEntdecken Sie neben diesem au\u00dfergew\u00f6hnlichen Set auch das\u2019<a href=\"https:\/\/repliquemangacine.fr\/de\/katana-und-schwert-von-videospielen-andere-videospiele\/schwert-von-jin-ghost-of-tsushima\/\">Schwert von Jin Sakai allein<\/a>die beiden <a href=\"https:\/\/repliquemangacine.fr\/de\/katana-und-schwert-von-videospielen-andere-videospiele\/darcher-schwerter-yin-yang-fate-stay-night\/\">Archer-Schwerter in Fate Stay Night<\/a>oder die <a href=\"https:\/\/repliquemangacine.fr\/de\/katana-und-schwert-von-videospielen-andere-videospiele\/epee-red-queen-devil-my-cry\/\">Neros Red Queen in Devil May Cry<\/a>.<br \/>\nUnd das ist noch nicht alles! Zahlreiche legend\u00e4re Waffen und Sammlerst\u00fccke warten darauf, Ihre Sammlung zu bereichern.<br \/>\nKurz gesagt: R\u00e9plique Manga Cin\u00e9 entf\u00fchrt Sie mit au\u00dfergew\u00f6hnlichen St\u00fccken in die Welt der bekanntesten Videospiele.<\/p>","protected":false},"excerpt":{"rendered":"<p>Absolut wundersch\u00f6n dieses Blue Sakai Katana Set, Jins Schwert in Ghost of Tsushima.<\/p>\n<ul>\n<li>Die Klingen bestehen aus zweifarbigem 440-Stahl stainless<\/li>\n<li>Griffe aus Rochenhautimitat, umgeben von einem wei\u00dfen Baumwollgeflecht<\/li>\n<li>Die Vors\u00e4tze sind aus Vollstahl und fein graviert<\/li>\n<li>Schwarz lackierte Holzscheide mit eleganten Mustern, die von den Wellen von Tsushima inspiriert sind<\/li>\n<li>An den Unterseiten der H\u00fclsen befindet sich ein wellenf\u00f6rmiges Aluteil.<\/li>\n<li>Wird mit einem 2-Sitzer-St\u00e4nder zum Aufstellen geliefert.<\/li>\n<li><strong>Wakizashi<\/strong> : 47 cm Klinge - Gesamtl\u00e4nge: 80cm mit Scheide<\/li>\n<li><strong>Katana<\/strong> Klinge: 68 cm - Gesamtl\u00e4nge: 103 cm mit Scheide<\/li>\n<\/ul>","protected":false},"featured_media":89298,"template":"","meta":[],"product_brand":[],"product_cat":[32,67],"product_tag":[],"class_list":{"0":"post-89295","1":"product","2":"type-product","3":"status-publish","4":"has-post-thumbnail","6":"product_cat-katana-decoration","7":"product_cat-katana-et-epee-de-jeux-video-autre-jeux-video","9":"first","10":"instock","11":"taxable","12":"shipping-taxable","13":"purchasable","14":"product-type-simple"},"yoast_head":"<!-- This site is optimized with the Yoast SEO plugin v27.4 - https:\/\/yoast.com\/product\/yoast-seo-wordpress\/ -->\n<title>Set katana Blue Sakai- Ep\u00e9e de jin - R\u00e9plique Manga Cin\u00e9<\/title>\n<meta name=\"description\" content=\"Incarne le Fant\u00f4me de Tsushima ! Set katana Blue Sakai fid\u00e8le au jeu vid\u00e9o culte Ghost of Tsushima. Version luxe comprenant Katana, Wakizashi et support.\" \/>\n<meta name=\"robots\" content=\"index, follow, max-snippet:-1, max-image-preview:large, max-video-preview:-1\" \/>\n<link rel=\"canonical\" href=\"https:\/\/repliquemangacine.fr\/de\/katana-und-schwert-von-videospielen-andere-videospiele\/set-katana-blue-sakai-schwert-von-jin-ghost-of-tsushima\/\" \/>\n<meta property=\"og:locale\" content=\"de_DE\" \/>\n<meta property=\"og:type\" content=\"article\" \/>\n<meta property=\"og:title\" content=\"Set katana Blue Sakai- Ep\u00e9e de jin - R\u00e9plique Manga Cin\u00e9\" \/>\n<meta property=\"og:description\" content=\"Incarne le Fant\u00f4me de Tsushima ! Set katana Blue Sakai fid\u00e8le au jeu vid\u00e9o culte Ghost of Tsushima. Version luxe comprenant Katana, Wakizashi et support.\" \/>\n<meta property=\"og:url\" content=\"https:\/\/repliquemangacine.fr\/de\/katana-und-schwert-von-videospielen-andere-videospiele\/set-katana-blue-sakai-schwert-von-jin-ghost-of-tsushima\/\" \/>\n<meta property=\"og:site_name\" content=\"R\u00e9plique Manga Cin\u00e9\" \/>\n<meta property=\"article:publisher\" content=\"https:\/\/www.facebook.com\/RepliqueMangaCine\" \/>\n<meta property=\"article:modified_time\" content=\"2026-02-21T08:39:05+00:00\" \/>\n<meta property=\"og:image\" content=\"https:\/\/repliquemangacine.fr\/wp-content\/uploads\/2025\/10\/Set-Katana-Wakizashi-Jin.jpg\" \/>\n\t<meta property=\"og:image:width\" content=\"600\" \/>\n\t<meta property=\"og:image:height\" content=\"600\" \/>\n\t<meta property=\"og:image:type\" content=\"image\/jpeg\" \/>\n<meta name=\"twitter:card\" content=\"summary_large_image\" \/>\n<meta name=\"twitter:label1\" content=\"Gesch\u00e4tzte Lesezeit\" \/>\n\t<meta name=\"twitter:data1\" content=\"2\u00a0Minuten\" \/>\n<script type=\"application\/ld+json\" class=\"yoast-schema-graph\">{\"@context\":\"https:\\\/\\\/schema.org\",\"@graph\":[{\"@type\":\"WebPage\",\"@id\":\"https:\\\/\\\/repliquemangacine.fr\\\/katana-et-epee-de-jeux-video-autre-jeux-video\\\/set-katana-blue-sakai-epee-de-jin-ghost-of-tsushima\\\/\",\"url\":\"https:\\\/\\\/repliquemangacine.fr\\\/katana-et-epee-de-jeux-video-autre-jeux-video\\\/set-katana-blue-sakai-epee-de-jin-ghost-of-tsushima\\\/\",\"name\":\"Set katana Blue Sakai- Ep\u00e9e de jin - R\u00e9plique Manga Cin\u00e9\",\"isPartOf\":{\"@id\":\"https:\\\/\\\/repliquemangacine.fr\\\/#website\"},\"primaryImageOfPage\":{\"@id\":\"https:\\\/\\\/repliquemangacine.fr\\\/katana-et-epee-de-jeux-video-autre-jeux-video\\\/set-katana-blue-sakai-epee-de-jin-ghost-of-tsushima\\\/#primaryimage\"},\"image\":{\"@id\":\"https:\\\/\\\/repliquemangacine.fr\\\/katana-et-epee-de-jeux-video-autre-jeux-video\\\/set-katana-blue-sakai-epee-de-jin-ghost-of-tsushima\\\/#primaryimage\"},\"thumbnailUrl\":\"https:\\\/\\\/repliquemangacine.fr\\\/wp-content\\\/uploads\\\/2025\\\/10\\\/Set-Katana-Wakizashi-Jin.jpg\",\"datePublished\":\"2025-10-10T16:31:58+00:00\",\"dateModified\":\"2026-02-21T08:39:05+00:00\",\"description\":\"Incarne le Fant\u00f4me de Tsushima ! Set katana Blue Sakai fid\u00e8le au jeu vid\u00e9o culte Ghost of Tsushima. Version luxe comprenant Katana, Wakizashi et support.\",\"breadcrumb\":{\"@id\":\"https:\\\/\\\/repliquemangacine.fr\\\/katana-et-epee-de-jeux-video-autre-jeux-video\\\/set-katana-blue-sakai-epee-de-jin-ghost-of-tsushima\\\/#breadcrumb\"},\"inLanguage\":\"de\",\"potentialAction\":[{\"@type\":\"ReadAction\",\"target\":[\"https:\\\/\\\/repliquemangacine.fr\\\/katana-et-epee-de-jeux-video-autre-jeux-video\\\/set-katana-blue-sakai-epee-de-jin-ghost-of-tsushima\\\/\"]}]},{\"@type\":\"ImageObject\",\"inLanguage\":\"de\",\"@id\":\"https:\\\/\\\/repliquemangacine.fr\\\/katana-et-epee-de-jeux-video-autre-jeux-video\\\/set-katana-blue-sakai-epee-de-jin-ghost-of-tsushima\\\/#primaryimage\",\"url\":\"https:\\\/\\\/repliquemangacine.fr\\\/wp-content\\\/uploads\\\/2025\\\/10\\\/Set-Katana-Wakizashi-Jin.jpg\",\"contentUrl\":\"https:\\\/\\\/repliquemangacine.fr\\\/wp-content\\\/uploads\\\/2025\\\/10\\\/Set-Katana-Wakizashi-Jin.jpg\",\"width\":600,\"height\":600,\"caption\":\"Set katana Blue Sakai, katana, wakizashi et support dans Ghost of Tsushima\"},{\"@type\":\"BreadcrumbList\",\"@id\":\"https:\\\/\\\/repliquemangacine.fr\\\/katana-et-epee-de-jeux-video-autre-jeux-video\\\/set-katana-blue-sakai-epee-de-jin-ghost-of-tsushima\\\/#breadcrumb\",\"itemListElement\":[{\"@type\":\"ListItem\",\"position\":1,\"name\":\"Accueil\",\"item\":\"https:\\\/\\\/repliquemangacine.fr\\\/\"},{\"@type\":\"ListItem\",\"position\":2,\"name\":\"Produits\",\"item\":\"https:\\\/\\\/repliquemangacine.fr\\\/boutique\\\/\"},{\"@type\":\"ListItem\",\"position\":3,\"name\":\"Set katana Blue Sakai- Ep\u00e9e de jin\"}]},{\"@type\":\"WebSite\",\"@id\":\"https:\\\/\\\/repliquemangacine.fr\\\/#website\",\"url\":\"https:\\\/\\\/repliquemangacine.fr\\\/\",\"name\":\"R\u00e9plique Manga Cin\u00e9\",\"description\":\"\",\"publisher\":{\"@id\":\"https:\\\/\\\/repliquemangacine.fr\\\/#organization\"},\"potentialAction\":[{\"@type\":\"SearchAction\",\"target\":{\"@type\":\"EntryPoint\",\"urlTemplate\":\"https:\\\/\\\/repliquemangacine.fr\\\/?s={search_term_string}\"},\"query-input\":{\"@type\":\"PropertyValueSpecification\",\"valueRequired\":true,\"valueName\":\"search_term_string\"}}],\"inLanguage\":\"de\"},{\"@type\":\"Organization\",\"@id\":\"https:\\\/\\\/repliquemangacine.fr\\\/#organization\",\"name\":\"R\u00e9plique Manga Cin\u00e9\",\"url\":\"https:\\\/\\\/repliquemangacine.fr\\\/\",\"logo\":{\"@type\":\"ImageObject\",\"inLanguage\":\"de\",\"@id\":\"https:\\\/\\\/repliquemangacine.fr\\\/#\\\/schema\\\/logo\\\/image\\\/\",\"url\":\"https:\\\/\\\/repliquemangacine.fr\\\/wp-content\\\/uploads\\\/2023\\\/10\\\/RMC-500250.png\",\"contentUrl\":\"https:\\\/\\\/repliquemangacine.fr\\\/wp-content\\\/uploads\\\/2023\\\/10\\\/RMC-500250.png\",\"width\":500,\"height\":250,\"caption\":\"R\u00e9plique Manga Cin\u00e9\"},\"image\":{\"@id\":\"https:\\\/\\\/repliquemangacine.fr\\\/#\\\/schema\\\/logo\\\/image\\\/\"},\"sameAs\":[\"https:\\\/\\\/www.facebook.com\\\/RepliqueMangaCine\",\"https:\\\/\\\/www.instagram.com\\\/repliquemangacine.fr\\\/\"]}]}<\/script>\n<!-- \/ Yoast SEO plugin. -->","yoast_head_json":{"title":"Katana-Set Blue Sakai- Jin-Schwert - R\u00e9plique Manga Cin\u00e9","description":"Schl\u00fcpfe in die Rolle des Ghost of Tsushima! Blue Sakai Katana-Set getreu dem Kult-Videospiel Ghost of Tsushima. Luxusversion mit Katana, Wakizashi und Halterung.","robots":{"index":"index","follow":"follow","max-snippet":"max-snippet:-1","max-image-preview":"max-image-preview:large","max-video-preview":"max-video-preview:-1"},"canonical":"https:\/\/repliquemangacine.fr\/de\/katana-und-schwert-von-videospielen-andere-videospiele\/set-katana-blue-sakai-schwert-von-jin-ghost-of-tsushima\/","og_locale":"de_DE","og_type":"article","og_title":"Set katana Blue Sakai- Ep\u00e9e de jin - R\u00e9plique Manga Cin\u00e9","og_description":"Incarne le Fant\u00f4me de Tsushima ! Set katana Blue Sakai fid\u00e8le au jeu vid\u00e9o culte Ghost of Tsushima. Version luxe comprenant Katana, Wakizashi et support.","og_url":"https:\/\/repliquemangacine.fr\/de\/katana-und-schwert-von-videospielen-andere-videospiele\/set-katana-blue-sakai-schwert-von-jin-ghost-of-tsushima\/","og_site_name":"R\u00e9plique Manga Cin\u00e9","article_publisher":"https:\/\/www.facebook.com\/RepliqueMangaCine","article_modified_time":"2026-02-21T08:39:05+00:00","og_image":[{"width":600,"height":600,"url":"https:\/\/repliquemangacine.fr\/wp-content\/uploads\/2025\/10\/Set-Katana-Wakizashi-Jin.jpg","type":"image\/jpeg"}],"twitter_card":"summary_large_image","twitter_misc":{"Gesch\u00e4tzte Lesezeit":"2\u00a0Minuten"},"schema":{"@context":"https:\/\/schema.org","@graph":[{"@type":"WebPage","@id":"https:\/\/repliquemangacine.fr\/katana-et-epee-de-jeux-video-autre-jeux-video\/set-katana-blue-sakai-epee-de-jin-ghost-of-tsushima\/","url":"https:\/\/repliquemangacine.fr\/katana-et-epee-de-jeux-video-autre-jeux-video\/set-katana-blue-sakai-epee-de-jin-ghost-of-tsushima\/","name":"Katana-Set Blue Sakai- Jin-Schwert - R\u00e9plique Manga Cin\u00e9","isPartOf":{"@id":"https:\/\/repliquemangacine.fr\/#website"},"primaryImageOfPage":{"@id":"https:\/\/repliquemangacine.fr\/katana-et-epee-de-jeux-video-autre-jeux-video\/set-katana-blue-sakai-epee-de-jin-ghost-of-tsushima\/#primaryimage"},"image":{"@id":"https:\/\/repliquemangacine.fr\/katana-et-epee-de-jeux-video-autre-jeux-video\/set-katana-blue-sakai-epee-de-jin-ghost-of-tsushima\/#primaryimage"},"thumbnailUrl":"https:\/\/repliquemangacine.fr\/wp-content\/uploads\/2025\/10\/Set-Katana-Wakizashi-Jin.jpg","datePublished":"2025-10-10T16:31:58+00:00","dateModified":"2026-02-21T08:39:05+00:00","description":"Schl\u00fcpfe in die Rolle des Ghost of Tsushima! Blue Sakai Katana-Set getreu dem Kult-Videospiel Ghost of Tsushima. Luxusversion mit Katana, Wakizashi und Halterung.","breadcrumb":{"@id":"https:\/\/repliquemangacine.fr\/katana-et-epee-de-jeux-video-autre-jeux-video\/set-katana-blue-sakai-epee-de-jin-ghost-of-tsushima\/#breadcrumb"},"inLanguage":"de","potentialAction":[{"@type":"ReadAction","target":["https:\/\/repliquemangacine.fr\/katana-et-epee-de-jeux-video-autre-jeux-video\/set-katana-blue-sakai-epee-de-jin-ghost-of-tsushima\/"]}]},{"@type":"ImageObject","inLanguage":"de","@id":"https:\/\/repliquemangacine.fr\/katana-et-epee-de-jeux-video-autre-jeux-video\/set-katana-blue-sakai-epee-de-jin-ghost-of-tsushima\/#primaryimage","url":"https:\/\/repliquemangacine.fr\/wp-content\/uploads\/2025\/10\/Set-Katana-Wakizashi-Jin.jpg","contentUrl":"https:\/\/repliquemangacine.fr\/wp-content\/uploads\/2025\/10\/Set-Katana-Wakizashi-Jin.jpg","width":600,"height":600,"caption":"Set katana Blue Sakai, katana, wakizashi et support dans Ghost of Tsushima"},{"@type":"BreadcrumbList","@id":"https:\/\/repliquemangacine.fr\/katana-et-epee-de-jeux-video-autre-jeux-video\/set-katana-blue-sakai-epee-de-jin-ghost-of-tsushima\/#breadcrumb","itemListElement":[{"@type":"ListItem","position":1,"name":"Accueil","item":"https:\/\/repliquemangacine.fr\/"},{"@type":"ListItem","position":2,"name":"Produits","item":"https:\/\/repliquemangacine.fr\/boutique\/"},{"@type":"ListItem","position":3,"name":"Set katana Blue Sakai- Ep\u00e9e de jin"}]},{"@type":"WebSite","@id":"https:\/\/repliquemangacine.fr\/#website","url":"https:\/\/repliquemangacine.fr\/","name":"R\u00e9plique Manga Cin\u00e9","description":"","publisher":{"@id":"https:\/\/repliquemangacine.fr\/#organization"},"potentialAction":[{"@type":"SearchAction","target":{"@type":"EntryPoint","urlTemplate":"https:\/\/repliquemangacine.fr\/?s={search_term_string}"},"query-input":{"@type":"PropertyValueSpecification","valueRequired":true,"valueName":"search_term_string"}}],"inLanguage":"de"},{"@type":"Organization","@id":"https:\/\/repliquemangacine.fr\/#organization","name":"R\u00e9plique Manga Cin\u00e9","url":"https:\/\/repliquemangacine.fr\/","logo":{"@type":"ImageObject","inLanguage":"de","@id":"https:\/\/repliquemangacine.fr\/#\/schema\/logo\/image\/","url":"https:\/\/repliquemangacine.fr\/wp-content\/uploads\/2023\/10\/RMC-500250.png","contentUrl":"https:\/\/repliquemangacine.fr\/wp-content\/uploads\/2023\/10\/RMC-500250.png","width":500,"height":250,"caption":"R\u00e9plique Manga Cin\u00e9"},"image":{"@id":"https:\/\/repliquemangacine.fr\/#\/schema\/logo\/image\/"},"sameAs":["https:\/\/www.facebook.com\/RepliqueMangaCine","https:\/\/www.instagram.com\/repliquemangacine.fr\/"]}]}},"_links":{"self":[{"href":"https:\/\/repliquemangacine.fr\/de\/wp-json\/wp\/v2\/product\/89295","targetHints":{"allow":["GET"]}}],"collection":[{"href":"https:\/\/repliquemangacine.fr\/de\/wp-json\/wp\/v2\/product"}],"about":[{"href":"https:\/\/repliquemangacine.fr\/de\/wp-json\/wp\/v2\/types\/product"}],"wp:featuredmedia":[{"embeddable":true,"href":"https:\/\/repliquemangacine.fr\/de\/wp-json\/wp\/v2\/media\/89298"}],"wp:attachment":[{"href":"https:\/\/repliquemangacine.fr\/de\/wp-json\/wp\/v2\/media?parent=89295"}],"wp:term":[{"taxonomy":"product_brand","embeddable":true,"href":"https:\/\/repliquemangacine.fr\/de\/wp-json\/wp\/v2\/product_brand?post=89295"},{"taxonomy":"product_cat","embeddable":true,"href":"https:\/\/repliquemangacine.fr\/de\/wp-json\/wp\/v2\/product_cat?post=89295"},{"taxonomy":"product_tag","embeddable":true,"href":"https:\/\/repliquemangacine.fr\/de\/wp-json\/wp\/v2\/product_tag?post=89295"}],"curies":[{"name":"wp","href":"https:\/\/api.w.org\/{rel}","templated":true}]}}