





{"id":89237,"date":"2025-10-09T17:43:27","date_gmt":"2025-10-09T15:43:27","guid":{"rendered":"https:\/\/repliquemangacine.fr\/?post_type=product&#038;p=89237"},"modified":"2026-02-19T11:36:00","modified_gmt":"2026-02-19T10:36:00","slug":"kasakas-venom-fang-solo-leveling","status":"publish","type":"product","link":"https:\/\/repliquemangacine.fr\/de\/solo-leveling\/kasakas-venom-fang-solo-leveling\/","title":{"rendered":"Kasaka's Venom Fang - Solo Leveling"},"content":{"rendered":"<h2>Kasaka's Venom Fang in Solo Leveling<\/h2>\n<p>Zun\u00e4chst einmal ist die <strong>Kasakas Venom Fang<\/strong>eine der ersten mythischen Waffen, die Sung Jin-Woo in Solo Leveling erhalten hat. Dieser Dolch, der der schrecklichen Schlange Kasaka entrissen wurde, ist f\u00fcr seine giftige Kraft bekannt. In seiner bl\u00e4ulichen, d\u00fcnnen und scharfen Klinge befindet sich ein t\u00f6dliches Gift. Jeder Schlag f\u00fcgt dem Gegner kontinuierlich Schaden zu und macht ihn zunehmend verwundbar. Sowohl im Spiel als auch im Manhwa symbolisiert diese Waffe die Entwicklung des Helden. Mit ihrer Hilfe entwickelt sich Jin-Woo von einem schwachen J\u00e4ger zu einem echten K\u00e4mpfer. Ihr Design erinnert an den Fangzahn einer Riesenschlange, der elegant und gef\u00e4hrlich zugleich ist. Mit seinem Schutzb\u00fcgel in Form einer Reptilienklaue f\u00e4llt dieses Replikat sofort ins Auge. Sie ist ideal f\u00fcr Sammler, die auf der Suche nach einem einzigartigen und ikonischen St\u00fcck Solo Leveling sind.<\/p>\n<h2>Sung Jin-Woo und die Beherrschung des Gifts<\/h2>\n<p><a href=\"https:\/\/solo-leveling.fandom.com\/wiki\/Sung_Jinwoo\" target=\"_blank\" rel=\"noopener noreferrer\">Sung Jin-Woo<\/a> handhabt die <strong>Kasakas Venom Fang<\/strong> mit einer unheimlichen Effizienz. Zu Beginn seines Aufstiegs nutzt er sie, um Monster zu besiegen, die weitaus m\u00e4chtiger sind als er. Dank seiner Geschwindigkeit und Pr\u00e4zision kann er die giftige Wirkung der Klinge voll ausnutzen. Der Dolch wird so zu seiner bevorzugten Waffe, mit der er seine Gegner unauff\u00e4llig ausschalten kann. Jin-Woo verk\u00f6rpert die st\u00e4ndige Weiterentwicklung, indem er sich vom Beutetier zum Raubtier wandelt. Der Kasaka's Venom Fang markiert diesen \u00dcbergang. Sie symbolisiert seine taktische Intelligenz und seine F\u00e4higkeit, von jedem Sieg zu profitieren. Im Manhwa ist jeder Kampf mit dieser Waffe eine Lektion in Strategie und Kaltbl\u00fctigkeit. Sie begleitet Jin-Woo, bis er noch m\u00e4chtigere Dolche beherrscht und so seine Legende festigt.<\/p>\n<h2>Andere Solo Leveling Repliken auf R\u00e9plique Manga Cin\u00e9<\/h2>\n<p>R\u00e9plique Manga Cin\u00e9 bietet eine gro\u00dfe Auswahl an mythischen Waffen aus dem Solo Leveling. Neben der <strong>Kasakas Venom Fang<\/strong>Erfahren Sie mehr \u00fcber die <a href=\"https:\/\/repliquemangacine.fr\/de\/solo-leveling\/dague-knight-killer-solo-leveling\/\">Knight Killer Dolch<\/a>ganz aus Stahl, ein Symbol f\u00fcr rohe Kraft. Finden Sie auch die <a href=\"https:\/\/repliquemangacine.fr\/de\/solo-leveling\/zwei-dolche-des-konigs-demon-solo-leveling\/\">zwei Dolche des D\u00e4monenk\u00f6nigs<\/a>Die Kopf- und Augenversionen sind ideal f\u00fcr Liebhaber dunkler Waffen. Nicht zu vergessen die ber\u00fchmte <a href=\"https:\/\/repliquemangacine.fr\/de\/solo-leveling\/dolch-von-baruka-solo-leveling\/\">Barukas Dolch<\/a>mit bestialischem und furchteinfl\u00f6\u00dfendem Design. Jedes St\u00fcck wird sorgf\u00e4ltig gefertigt, um eine maximale Treue zum Originalwerk zu bieten. Mit diesen Repliken kann jeder Sammler in die intensive Welt von Sung Jin-Woo eintauchen. Weitere Solo Leveling-Neuheiten werden bald eintreffen, um die Sammlung zu erweitern. Diese legend\u00e4ren Waffen werden Ihre Vitrine in eine wahre Galerie von Helden und D\u00e4monen verwandeln.<\/p>","protected":false},"excerpt":{"rendered":"<p>Wundersch\u00f6ne Replik des Dolches Kasaka's Venom Fang, auch bekannt als Kasakas Giftzahn in Solo Leveling.<\/p>\n<ul>\n<li>Lilafarbene Klinge aus nicht scharfem Stahl mit einem gewundenen Muster, das an die Zeichen magischer Energie erinnert.<\/li>\n<li>Kupferfarbener Metallb\u00fcgel, der reptilienartige Krallen bildet.<\/li>\n<li>Metallgriff mit beigefarbener Baumwollbandage \u00fcberzogen, damit er gut in der Hand liegt.<\/li>\n<li>Kupferfarbener Vollstahlknauf in spezieller Form.<\/li>\n<li>Wird mit einem Pr\u00e4sentationsst\u00e4nder aus Holz geliefert.<\/li>\n<li>Gesamtl\u00e4nge der Klinge: 55 cm<\/li>\n<li>Gesamtl\u00e4nge des Dolches: 61 cm - Gewicht: 1355 g<\/li>\n<\/ul>","protected":false},"featured_media":89240,"template":"","meta":[],"product_brand":[],"product_cat":[895],"product_tag":[],"class_list":{"0":"post-89237","1":"product","2":"type-product","3":"status-publish","4":"has-post-thumbnail","6":"product_cat-solo-leveling","8":"first","9":"instock","10":"taxable","11":"shipping-taxable","12":"purchasable","13":"product-type-simple"},"yoast_head":"<!-- This site is optimized with the Yoast SEO plugin v27.4 - https:\/\/yoast.com\/product\/yoast-seo-wordpress\/ -->\n<title>Kasaka\u2019s Venom Fang - Solo Leveling - R\u00e9plique Manga Cin\u00e9<\/title>\n<meta name=\"description\" content=\"Ajoutez \u00e0 votre collection la Kasaka\u2019s Venom Fang de Solo Leveling. Une r\u00e9plique fid\u00e8le et venimeuse, symbole du pouvoir de Sung Jin-Woo. 60 cm.\" \/>\n<meta name=\"robots\" content=\"index, follow, max-snippet:-1, max-image-preview:large, max-video-preview:-1\" \/>\n<link rel=\"canonical\" href=\"https:\/\/repliquemangacine.fr\/de\/solo-leveling\/kasakas-venom-fang-solo-leveling\/\" \/>\n<meta property=\"og:locale\" content=\"de_DE\" \/>\n<meta property=\"og:type\" content=\"article\" \/>\n<meta property=\"og:title\" content=\"Kasaka\u2019s Venom Fang - Solo Leveling - R\u00e9plique Manga Cin\u00e9\" \/>\n<meta property=\"og:description\" content=\"Ajoutez \u00e0 votre collection la Kasaka\u2019s Venom Fang de Solo Leveling. Une r\u00e9plique fid\u00e8le et venimeuse, symbole du pouvoir de Sung Jin-Woo. 60 cm.\" \/>\n<meta property=\"og:url\" content=\"https:\/\/repliquemangacine.fr\/de\/solo-leveling\/kasakas-venom-fang-solo-leveling\/\" \/>\n<meta property=\"og:site_name\" content=\"R\u00e9plique Manga Cin\u00e9\" \/>\n<meta property=\"article:publisher\" content=\"https:\/\/www.facebook.com\/RepliqueMangaCine\" \/>\n<meta property=\"article:modified_time\" content=\"2026-02-19T10:36:00+00:00\" \/>\n<meta property=\"og:image\" content=\"https:\/\/repliquemangacine.fr\/wp-content\/uploads\/2025\/10\/Kasakas-Venom-Fang.jpg\" \/>\n\t<meta property=\"og:image:width\" content=\"700\" \/>\n\t<meta property=\"og:image:height\" content=\"700\" \/>\n\t<meta property=\"og:image:type\" content=\"image\/jpeg\" \/>\n<meta name=\"twitter:card\" content=\"summary_large_image\" \/>\n<meta name=\"twitter:label1\" content=\"Gesch\u00e4tzte Lesezeit\" \/>\n\t<meta name=\"twitter:data1\" content=\"3\u00a0Minuten\" \/>\n<script type=\"application\/ld+json\" class=\"yoast-schema-graph\">{\"@context\":\"https:\\\/\\\/schema.org\",\"@graph\":[{\"@type\":\"WebPage\",\"@id\":\"https:\\\/\\\/repliquemangacine.fr\\\/solo-leveling\\\/kasakas-venom-fang-solo-leveling\\\/\",\"url\":\"https:\\\/\\\/repliquemangacine.fr\\\/solo-leveling\\\/kasakas-venom-fang-solo-leveling\\\/\",\"name\":\"Kasaka\u2019s Venom Fang - Solo Leveling - R\u00e9plique Manga Cin\u00e9\",\"isPartOf\":{\"@id\":\"https:\\\/\\\/repliquemangacine.fr\\\/#website\"},\"primaryImageOfPage\":{\"@id\":\"https:\\\/\\\/repliquemangacine.fr\\\/solo-leveling\\\/kasakas-venom-fang-solo-leveling\\\/#primaryimage\"},\"image\":{\"@id\":\"https:\\\/\\\/repliquemangacine.fr\\\/solo-leveling\\\/kasakas-venom-fang-solo-leveling\\\/#primaryimage\"},\"thumbnailUrl\":\"https:\\\/\\\/repliquemangacine.fr\\\/wp-content\\\/uploads\\\/2025\\\/10\\\/Kasakas-Venom-Fang.jpg\",\"datePublished\":\"2025-10-09T15:43:27+00:00\",\"dateModified\":\"2026-02-19T10:36:00+00:00\",\"description\":\"Ajoutez \u00e0 votre collection la Kasaka\u2019s Venom Fang de Solo Leveling. Une r\u00e9plique fid\u00e8le et venimeuse, symbole du pouvoir de Sung Jin-Woo. 60 cm.\",\"breadcrumb\":{\"@id\":\"https:\\\/\\\/repliquemangacine.fr\\\/solo-leveling\\\/kasakas-venom-fang-solo-leveling\\\/#breadcrumb\"},\"inLanguage\":\"de\",\"potentialAction\":[{\"@type\":\"ReadAction\",\"target\":[\"https:\\\/\\\/repliquemangacine.fr\\\/solo-leveling\\\/kasakas-venom-fang-solo-leveling\\\/\"]}]},{\"@type\":\"ImageObject\",\"inLanguage\":\"de\",\"@id\":\"https:\\\/\\\/repliquemangacine.fr\\\/solo-leveling\\\/kasakas-venom-fang-solo-leveling\\\/#primaryimage\",\"url\":\"https:\\\/\\\/repliquemangacine.fr\\\/wp-content\\\/uploads\\\/2025\\\/10\\\/Kasakas-Venom-Fang.jpg\",\"contentUrl\":\"https:\\\/\\\/repliquemangacine.fr\\\/wp-content\\\/uploads\\\/2025\\\/10\\\/Kasakas-Venom-Fang.jpg\",\"width\":700,\"height\":700,\"caption\":\"Kasaka\u2019s Venom Fang-Solo Leveling\"},{\"@type\":\"BreadcrumbList\",\"@id\":\"https:\\\/\\\/repliquemangacine.fr\\\/solo-leveling\\\/kasakas-venom-fang-solo-leveling\\\/#breadcrumb\",\"itemListElement\":[{\"@type\":\"ListItem\",\"position\":1,\"name\":\"Accueil\",\"item\":\"https:\\\/\\\/repliquemangacine.fr\\\/\"},{\"@type\":\"ListItem\",\"position\":2,\"name\":\"Produits\",\"item\":\"https:\\\/\\\/repliquemangacine.fr\\\/boutique\\\/\"},{\"@type\":\"ListItem\",\"position\":3,\"name\":\"Kasaka\u2019s Venom Fang &#8211; Solo Leveling\"}]},{\"@type\":\"WebSite\",\"@id\":\"https:\\\/\\\/repliquemangacine.fr\\\/#website\",\"url\":\"https:\\\/\\\/repliquemangacine.fr\\\/\",\"name\":\"R\u00e9plique Manga Cin\u00e9\",\"description\":\"\",\"publisher\":{\"@id\":\"https:\\\/\\\/repliquemangacine.fr\\\/#organization\"},\"potentialAction\":[{\"@type\":\"SearchAction\",\"target\":{\"@type\":\"EntryPoint\",\"urlTemplate\":\"https:\\\/\\\/repliquemangacine.fr\\\/?s={search_term_string}\"},\"query-input\":{\"@type\":\"PropertyValueSpecification\",\"valueRequired\":true,\"valueName\":\"search_term_string\"}}],\"inLanguage\":\"de\"},{\"@type\":\"Organization\",\"@id\":\"https:\\\/\\\/repliquemangacine.fr\\\/#organization\",\"name\":\"R\u00e9plique Manga Cin\u00e9\",\"url\":\"https:\\\/\\\/repliquemangacine.fr\\\/\",\"logo\":{\"@type\":\"ImageObject\",\"inLanguage\":\"de\",\"@id\":\"https:\\\/\\\/repliquemangacine.fr\\\/#\\\/schema\\\/logo\\\/image\\\/\",\"url\":\"https:\\\/\\\/repliquemangacine.fr\\\/wp-content\\\/uploads\\\/2023\\\/10\\\/RMC-500250.png\",\"contentUrl\":\"https:\\\/\\\/repliquemangacine.fr\\\/wp-content\\\/uploads\\\/2023\\\/10\\\/RMC-500250.png\",\"width\":500,\"height\":250,\"caption\":\"R\u00e9plique Manga Cin\u00e9\"},\"image\":{\"@id\":\"https:\\\/\\\/repliquemangacine.fr\\\/#\\\/schema\\\/logo\\\/image\\\/\"},\"sameAs\":[\"https:\\\/\\\/www.facebook.com\\\/RepliqueMangaCine\",\"https:\\\/\\\/www.instagram.com\\\/repliquemangacine.fr\\\/\"]}]}<\/script>\n<!-- \/ Yoast SEO plugin. -->","yoast_head_json":{"title":"Kasaka's Venom Fang - Solo Leveling - R\u00e9plique Manga Cin\u00e9","description":"F\u00fcge deiner Sammlung den Kasaka's Venom Fang von Solo Leveling hinzu. Eine originalgetreue, giftige Nachbildung, ein Symbol f\u00fcr die Macht von Sung Jin-Woo. 60 cm.","robots":{"index":"index","follow":"follow","max-snippet":"max-snippet:-1","max-image-preview":"max-image-preview:large","max-video-preview":"max-video-preview:-1"},"canonical":"https:\/\/repliquemangacine.fr\/de\/solo-leveling\/kasakas-venom-fang-solo-leveling\/","og_locale":"de_DE","og_type":"article","og_title":"Kasaka\u2019s Venom Fang - Solo Leveling - R\u00e9plique Manga Cin\u00e9","og_description":"Ajoutez \u00e0 votre collection la Kasaka\u2019s Venom Fang de Solo Leveling. Une r\u00e9plique fid\u00e8le et venimeuse, symbole du pouvoir de Sung Jin-Woo. 60 cm.","og_url":"https:\/\/repliquemangacine.fr\/de\/solo-leveling\/kasakas-venom-fang-solo-leveling\/","og_site_name":"R\u00e9plique Manga Cin\u00e9","article_publisher":"https:\/\/www.facebook.com\/RepliqueMangaCine","article_modified_time":"2026-02-19T10:36:00+00:00","og_image":[{"width":700,"height":700,"url":"https:\/\/repliquemangacine.fr\/wp-content\/uploads\/2025\/10\/Kasakas-Venom-Fang.jpg","type":"image\/jpeg"}],"twitter_card":"summary_large_image","twitter_misc":{"Gesch\u00e4tzte Lesezeit":"3\u00a0Minuten"},"schema":{"@context":"https:\/\/schema.org","@graph":[{"@type":"WebPage","@id":"https:\/\/repliquemangacine.fr\/solo-leveling\/kasakas-venom-fang-solo-leveling\/","url":"https:\/\/repliquemangacine.fr\/solo-leveling\/kasakas-venom-fang-solo-leveling\/","name":"Kasaka's Venom Fang - Solo Leveling - R\u00e9plique Manga Cin\u00e9","isPartOf":{"@id":"https:\/\/repliquemangacine.fr\/#website"},"primaryImageOfPage":{"@id":"https:\/\/repliquemangacine.fr\/solo-leveling\/kasakas-venom-fang-solo-leveling\/#primaryimage"},"image":{"@id":"https:\/\/repliquemangacine.fr\/solo-leveling\/kasakas-venom-fang-solo-leveling\/#primaryimage"},"thumbnailUrl":"https:\/\/repliquemangacine.fr\/wp-content\/uploads\/2025\/10\/Kasakas-Venom-Fang.jpg","datePublished":"2025-10-09T15:43:27+00:00","dateModified":"2026-02-19T10:36:00+00:00","description":"F\u00fcge deiner Sammlung den Kasaka's Venom Fang von Solo Leveling hinzu. Eine originalgetreue, giftige Nachbildung, ein Symbol f\u00fcr die Macht von Sung Jin-Woo. 60 cm.","breadcrumb":{"@id":"https:\/\/repliquemangacine.fr\/solo-leveling\/kasakas-venom-fang-solo-leveling\/#breadcrumb"},"inLanguage":"de","potentialAction":[{"@type":"ReadAction","target":["https:\/\/repliquemangacine.fr\/solo-leveling\/kasakas-venom-fang-solo-leveling\/"]}]},{"@type":"ImageObject","inLanguage":"de","@id":"https:\/\/repliquemangacine.fr\/solo-leveling\/kasakas-venom-fang-solo-leveling\/#primaryimage","url":"https:\/\/repliquemangacine.fr\/wp-content\/uploads\/2025\/10\/Kasakas-Venom-Fang.jpg","contentUrl":"https:\/\/repliquemangacine.fr\/wp-content\/uploads\/2025\/10\/Kasakas-Venom-Fang.jpg","width":700,"height":700,"caption":"Kasaka\u2019s Venom Fang-Solo Leveling"},{"@type":"BreadcrumbList","@id":"https:\/\/repliquemangacine.fr\/solo-leveling\/kasakas-venom-fang-solo-leveling\/#breadcrumb","itemListElement":[{"@type":"ListItem","position":1,"name":"Accueil","item":"https:\/\/repliquemangacine.fr\/"},{"@type":"ListItem","position":2,"name":"Produits","item":"https:\/\/repliquemangacine.fr\/boutique\/"},{"@type":"ListItem","position":3,"name":"Kasaka\u2019s Venom Fang &#8211; Solo Leveling"}]},{"@type":"WebSite","@id":"https:\/\/repliquemangacine.fr\/#website","url":"https:\/\/repliquemangacine.fr\/","name":"R\u00e9plique Manga Cin\u00e9","description":"","publisher":{"@id":"https:\/\/repliquemangacine.fr\/#organization"},"potentialAction":[{"@type":"SearchAction","target":{"@type":"EntryPoint","urlTemplate":"https:\/\/repliquemangacine.fr\/?s={search_term_string}"},"query-input":{"@type":"PropertyValueSpecification","valueRequired":true,"valueName":"search_term_string"}}],"inLanguage":"de"},{"@type":"Organization","@id":"https:\/\/repliquemangacine.fr\/#organization","name":"R\u00e9plique Manga Cin\u00e9","url":"https:\/\/repliquemangacine.fr\/","logo":{"@type":"ImageObject","inLanguage":"de","@id":"https:\/\/repliquemangacine.fr\/#\/schema\/logo\/image\/","url":"https:\/\/repliquemangacine.fr\/wp-content\/uploads\/2023\/10\/RMC-500250.png","contentUrl":"https:\/\/repliquemangacine.fr\/wp-content\/uploads\/2023\/10\/RMC-500250.png","width":500,"height":250,"caption":"R\u00e9plique Manga Cin\u00e9"},"image":{"@id":"https:\/\/repliquemangacine.fr\/#\/schema\/logo\/image\/"},"sameAs":["https:\/\/www.facebook.com\/RepliqueMangaCine","https:\/\/www.instagram.com\/repliquemangacine.fr\/"]}]}},"_links":{"self":[{"href":"https:\/\/repliquemangacine.fr\/de\/wp-json\/wp\/v2\/product\/89237","targetHints":{"allow":["GET"]}}],"collection":[{"href":"https:\/\/repliquemangacine.fr\/de\/wp-json\/wp\/v2\/product"}],"about":[{"href":"https:\/\/repliquemangacine.fr\/de\/wp-json\/wp\/v2\/types\/product"}],"wp:featuredmedia":[{"embeddable":true,"href":"https:\/\/repliquemangacine.fr\/de\/wp-json\/wp\/v2\/media\/89240"}],"wp:attachment":[{"href":"https:\/\/repliquemangacine.fr\/de\/wp-json\/wp\/v2\/media?parent=89237"}],"wp:term":[{"taxonomy":"product_brand","embeddable":true,"href":"https:\/\/repliquemangacine.fr\/de\/wp-json\/wp\/v2\/product_brand?post=89237"},{"taxonomy":"product_cat","embeddable":true,"href":"https:\/\/repliquemangacine.fr\/de\/wp-json\/wp\/v2\/product_cat?post=89237"},{"taxonomy":"product_tag","embeddable":true,"href":"https:\/\/repliquemangacine.fr\/de\/wp-json\/wp\/v2\/product_tag?post=89237"}],"curies":[{"name":"wp","href":"https:\/\/api.w.org\/{rel}","templated":true}]}}