





{"id":88649,"date":"2025-09-23T18:04:28","date_gmt":"2025-09-23T16:04:28","guid":{"rendered":"https:\/\/repliquemangacine.fr\/?post_type=product&#038;p=88649"},"modified":"2026-02-19T11:36:24","modified_gmt":"2026-02-19T10:36:24","slug":"morgulklinge-der-herr-der-ringe","status":"publish","type":"product","link":"https:\/\/repliquemangacine.fr\/de\/le-seigneur-des-anneaux\/lame-de-morgul-le-seigneur-des-anneaux\/","title":{"rendered":"Morguls Klinge - Der Herr der Ringe"},"content":{"rendered":"<h2>Die Klinge des Morgul - Eine verfluchte Waffe Saurons<\/h2>\n<p>Erstens: Die Klinge von Morgul, eine der gef\u00fcrchtetsten Waffen im Universum des Herrn der Ringe. Sie wird von den Nazg\u00fbl, den Gespenstern im Dienste Saurons, eingesetzt und kann nicht nur verletzen, sondern auch die Seele desjenigen verderben, der sie erh\u00e4lt. Seine lange, spitz zulaufende Klinge, die von unheimlichen Mustern gezeichnet ist, scheint von schwarzer Magie zerfressen zu sein. Die rohe Aufbewahrung und das abgenutzte Aussehen verst\u00e4rken den verfluchten Aspekt dieses legend\u00e4ren Dolches. Wird mit einer Wandhalterung geliefert, die mit goldenen Elfenmotiven verziert ist. So entsteht ein starker Kontrast zwischen dem Licht der Elfen und der Dunkelheit von <a href=\"https:\/\/lotr.fandom.com\/fr\/wiki\/Mordor\" target=\"_blank\" rel=\"noopener noreferrer\">Mordor<\/a>. Die Klinge ist eine Reproduktion der Requisite, die w\u00e4hrend der Dreharbeiten verwendet wurde. Diese Waffe ist mehr als nur ein dekoratives St\u00fcck, sie verk\u00f6rpert die Angst, die Macht und den Schrecken der dunklen M\u00e4chte. Ein Muss f\u00fcr jede Sammlung, um in die Finsternis von Mittelerde einzutauchen.<\/p>\n<h2>Die Nazg\u00fbl und Frodos Schicksal<\/h2>\n<p>Zun\u00e4chst einmal ist diese unheimliche Klinge f\u00fcr ihre Rolle bei der Suche nach dem Ring ber\u00fcchtigt. Es war eine Morgulklinge, mit der der Hexenk\u00f6nig von Angmar, der Anf\u00fchrer der Nazg\u00fbl, Frodo am Windigen Berg verwundete. Die Wunde ist nicht gew\u00f6hnlich: Ein Teil der Klinge verbleibt in seinem K\u00f6rper und droht, ihn in ein Gespenst zu verwandeln, einen Sklaven der Finsternis. Nur durch das Eingreifen von Aragorn und den Elben kann diese Verderbnis verlangsamt werden. Diese symboltr\u00e4chtige Passage verdeutlicht die Grausamkeit dieser verfluchten Waffe. Wer diese Replik besitzt, besitzt ein St\u00fcck Geschichte aus dem Herrn der Ringe, eine Waffe, die im Zentrum des Kampfes zwischen Licht und Schatten steht. Ob Sie nun ein leidenschaftlicher Sammler oder ein Liebhaber mythischer Gegenst\u00e4nde sind, dieses dunkle St\u00fcck ist eine unumg\u00e4ngliche Wahl. Denn sie erinnert an den Schrecken der Nazg\u00fbl und daran, dass das B\u00f6se noch immer in Mittelerde lauert.<\/p>\n<h2>Eine Sammlung, an der kein Weg vorbeif\u00fchrt - Lord of the Rings<\/h2>\n<p>Auf Repliquemangacine bieten wir eine gro\u00dfe Auswahl an offiziellen Repliken aus dem Herrn der Ringe und dem Hobbit an. Die Klinge des Morgul reiht sich in eine prestigetr\u00e4chtige Sammlung ein, die legend\u00e4re St\u00fccke umfasst wie <a href=\"https:\/\/repliquemangacine.fr\/de\/schwerter-und-dolche-die-ringe-der-macht\/anduril-epee-aragorn-herr-der-ringe\/\" target=\"_blank\" rel=\"noopener noreferrer\">And\u00faril, Aragorns neu geschmiedetes Schwert<\/a>oder <a href=\"https:\/\/repliquemangacine.fr\/de\/herr-der-ringe-schwerter\/frodon-epee-2\/\" target=\"_blank\" rel=\"noopener noreferrer\">Dard<\/a>das ber\u00fchmte Schwert von Bilbo und Frodo. Au\u00dferdem finden Sie ikonische Waffen wie <a href=\"https:\/\/repliquemangacine.fr\/de\/herr-der-ringe-schwerter\/theoden-schwert-herugrim-schwert\/\" target=\"_blank\" rel=\"noopener noreferrer\">Herugrim, das Schwert von K\u00f6nig Theoden<\/a>oder die gef\u00fcrchtete Axt von Gimli. Jede Replik wird mit au\u00dfergew\u00f6hnlicher Liebe zum Detail gefertigt und vereint Realismus und Treue zu den Filmen von Peter Jackson. Diese St\u00fccke sind nicht nur dekorativ: Sie verk\u00f6rpern den Geist einer legend\u00e4ren Saga, die ganze Generationen gepr\u00e4gt hat. G\u00f6nnen Sie sich zum Abschluss ein St\u00fcck Mittelerde und verwandeln Sie Ihr Zuhause in einen echten Thronsaal, der Minas Tirith w\u00fcrdig ist.<\/p>","protected":false},"excerpt":{"rendered":"<p>Wundersch\u00f6ne Replik der Klinge von Morgul, eine Nachbildung in Originalgr\u00f6\u00dfe, die w\u00e4hrend der Dreharbeiten verwendet wurde.<\/p>\n<ul>\n<li>Geh\u00e4mmerte und gealterte Klinge aus rostfreiem Stahl.<\/li>\n<li>Speziell geformter Stahlb\u00fcgel und -knauf<\/li>\n<li>Mit schwarzem Leder \u00fcberzogener Metallgriff.<\/li>\n<li>Wird mit einer verzierten Wandhalterung geliefert.<\/li>\n<li>L\u00e4nge der Klinge: 42.5 cm - Gesamtl\u00e4nge: 63 cm<\/li>\n<li>Gewicht des Dolches: 580 g<\/li>\n<\/ul>","protected":false},"featured_media":88650,"template":"","meta":[],"product_brand":[],"product_cat":[68,29],"product_tag":[],"class_list":{"0":"post-88649","1":"product","2":"type-product","3":"status-publish","4":"has-post-thumbnail","6":"product_cat-epees-seigneur-des-anneaux","7":"product_cat-le-seigneur-des-anneaux","9":"first","10":"instock","11":"taxable","12":"shipping-taxable","13":"purchasable","14":"product-type-simple"},"yoast_head":"<!-- This site is optimized with the Yoast SEO plugin v27.4 - https:\/\/yoast.com\/product\/yoast-seo-wordpress\/ -->\n<title>Lame de Morgul - Le seigneur des Anneaux - R\u00e9plique Manga Cin\u00e9<\/title>\n<meta name=\"description\" content=\"Achetez la Lame de Morgul du Seigneur des Anneaux. R\u00e9plique echelle 1\/1 des Nazg\u00fbl, une arme maudite incontournable pour collectionneurs et fans de Tolkien.\" \/>\n<meta name=\"robots\" content=\"index, follow, max-snippet:-1, max-image-preview:large, max-video-preview:-1\" \/>\n<link rel=\"canonical\" href=\"https:\/\/repliquemangacine.fr\/de\/der-herr-der-ringe\/morgulklinge-der-herr-der-ringe\/\" \/>\n<meta property=\"og:locale\" content=\"de_DE\" \/>\n<meta property=\"og:type\" content=\"article\" \/>\n<meta property=\"og:title\" content=\"Lame de Morgul - Le seigneur des Anneaux - R\u00e9plique Manga Cin\u00e9\" \/>\n<meta property=\"og:description\" content=\"Achetez la Lame de Morgul du Seigneur des Anneaux. R\u00e9plique echelle 1\/1 des Nazg\u00fbl, une arme maudite incontournable pour collectionneurs et fans de Tolkien.\" \/>\n<meta property=\"og:url\" content=\"https:\/\/repliquemangacine.fr\/de\/der-herr-der-ringe\/morgulklinge-der-herr-der-ringe\/\" \/>\n<meta property=\"og:site_name\" content=\"R\u00e9plique Manga Cin\u00e9\" \/>\n<meta property=\"article:publisher\" content=\"https:\/\/www.facebook.com\/RepliqueMangaCine\" \/>\n<meta property=\"article:modified_time\" content=\"2026-02-19T10:36:24+00:00\" \/>\n<meta property=\"og:image\" content=\"https:\/\/repliquemangacine.fr\/wp-content\/uploads\/2025\/09\/Lame-de-Morgul-Le-seigneur-des-Anneaux.jpg\" \/>\n\t<meta property=\"og:image:width\" content=\"700\" \/>\n\t<meta property=\"og:image:height\" content=\"700\" \/>\n\t<meta property=\"og:image:type\" content=\"image\/jpeg\" \/>\n<meta name=\"twitter:card\" content=\"summary_large_image\" \/>\n<meta name=\"twitter:label1\" content=\"Gesch\u00e4tzte Lesezeit\" \/>\n\t<meta name=\"twitter:data1\" content=\"3\u00a0Minuten\" \/>\n<script type=\"application\/ld+json\" class=\"yoast-schema-graph\">{\"@context\":\"https:\\\/\\\/schema.org\",\"@graph\":[{\"@type\":\"WebPage\",\"@id\":\"https:\\\/\\\/repliquemangacine.fr\\\/le-seigneur-des-anneaux\\\/lame-de-morgul-le-seigneur-des-anneaux\\\/\",\"url\":\"https:\\\/\\\/repliquemangacine.fr\\\/le-seigneur-des-anneaux\\\/lame-de-morgul-le-seigneur-des-anneaux\\\/\",\"name\":\"Lame de Morgul - Le seigneur des Anneaux - R\u00e9plique Manga Cin\u00e9\",\"isPartOf\":{\"@id\":\"https:\\\/\\\/repliquemangacine.fr\\\/#website\"},\"primaryImageOfPage\":{\"@id\":\"https:\\\/\\\/repliquemangacine.fr\\\/le-seigneur-des-anneaux\\\/lame-de-morgul-le-seigneur-des-anneaux\\\/#primaryimage\"},\"image\":{\"@id\":\"https:\\\/\\\/repliquemangacine.fr\\\/le-seigneur-des-anneaux\\\/lame-de-morgul-le-seigneur-des-anneaux\\\/#primaryimage\"},\"thumbnailUrl\":\"https:\\\/\\\/repliquemangacine.fr\\\/wp-content\\\/uploads\\\/2025\\\/09\\\/Lame-de-Morgul-Le-seigneur-des-Anneaux.jpg\",\"datePublished\":\"2025-09-23T16:04:28+00:00\",\"dateModified\":\"2026-02-19T10:36:24+00:00\",\"description\":\"Achetez la Lame de Morgul du Seigneur des Anneaux. R\u00e9plique echelle 1\\\/1 des Nazg\u00fbl, une arme maudite incontournable pour collectionneurs et fans de Tolkien.\",\"breadcrumb\":{\"@id\":\"https:\\\/\\\/repliquemangacine.fr\\\/le-seigneur-des-anneaux\\\/lame-de-morgul-le-seigneur-des-anneaux\\\/#breadcrumb\"},\"inLanguage\":\"de\",\"potentialAction\":[{\"@type\":\"ReadAction\",\"target\":[\"https:\\\/\\\/repliquemangacine.fr\\\/le-seigneur-des-anneaux\\\/lame-de-morgul-le-seigneur-des-anneaux\\\/\"]}]},{\"@type\":\"ImageObject\",\"inLanguage\":\"de\",\"@id\":\"https:\\\/\\\/repliquemangacine.fr\\\/le-seigneur-des-anneaux\\\/lame-de-morgul-le-seigneur-des-anneaux\\\/#primaryimage\",\"url\":\"https:\\\/\\\/repliquemangacine.fr\\\/wp-content\\\/uploads\\\/2025\\\/09\\\/Lame-de-Morgul-Le-seigneur-des-Anneaux.jpg\",\"contentUrl\":\"https:\\\/\\\/repliquemangacine.fr\\\/wp-content\\\/uploads\\\/2025\\\/09\\\/Lame-de-Morgul-Le-seigneur-des-Anneaux.jpg\",\"width\":700,\"height\":700,\"caption\":\"Lame de Morgul du Seigneur des Anneaux\"},{\"@type\":\"BreadcrumbList\",\"@id\":\"https:\\\/\\\/repliquemangacine.fr\\\/le-seigneur-des-anneaux\\\/lame-de-morgul-le-seigneur-des-anneaux\\\/#breadcrumb\",\"itemListElement\":[{\"@type\":\"ListItem\",\"position\":1,\"name\":\"Accueil\",\"item\":\"https:\\\/\\\/repliquemangacine.fr\\\/\"},{\"@type\":\"ListItem\",\"position\":2,\"name\":\"Produits\",\"item\":\"https:\\\/\\\/repliquemangacine.fr\\\/boutique\\\/\"},{\"@type\":\"ListItem\",\"position\":3,\"name\":\"Lame de Morgul &#8211; Le seigneur des Anneaux\"}]},{\"@type\":\"WebSite\",\"@id\":\"https:\\\/\\\/repliquemangacine.fr\\\/#website\",\"url\":\"https:\\\/\\\/repliquemangacine.fr\\\/\",\"name\":\"R\u00e9plique Manga Cin\u00e9\",\"description\":\"\",\"publisher\":{\"@id\":\"https:\\\/\\\/repliquemangacine.fr\\\/#organization\"},\"potentialAction\":[{\"@type\":\"SearchAction\",\"target\":{\"@type\":\"EntryPoint\",\"urlTemplate\":\"https:\\\/\\\/repliquemangacine.fr\\\/?s={search_term_string}\"},\"query-input\":{\"@type\":\"PropertyValueSpecification\",\"valueRequired\":true,\"valueName\":\"search_term_string\"}}],\"inLanguage\":\"de\"},{\"@type\":\"Organization\",\"@id\":\"https:\\\/\\\/repliquemangacine.fr\\\/#organization\",\"name\":\"R\u00e9plique Manga Cin\u00e9\",\"url\":\"https:\\\/\\\/repliquemangacine.fr\\\/\",\"logo\":{\"@type\":\"ImageObject\",\"inLanguage\":\"de\",\"@id\":\"https:\\\/\\\/repliquemangacine.fr\\\/#\\\/schema\\\/logo\\\/image\\\/\",\"url\":\"https:\\\/\\\/repliquemangacine.fr\\\/wp-content\\\/uploads\\\/2023\\\/10\\\/RMC-500250.png\",\"contentUrl\":\"https:\\\/\\\/repliquemangacine.fr\\\/wp-content\\\/uploads\\\/2023\\\/10\\\/RMC-500250.png\",\"width\":500,\"height\":250,\"caption\":\"R\u00e9plique Manga Cin\u00e9\"},\"image\":{\"@id\":\"https:\\\/\\\/repliquemangacine.fr\\\/#\\\/schema\\\/logo\\\/image\\\/\"},\"sameAs\":[\"https:\\\/\\\/www.facebook.com\\\/RepliqueMangaCine\",\"https:\\\/\\\/www.instagram.com\\\/repliquemangacine.fr\\\/\"]}]}<\/script>\n<!-- \/ Yoast SEO plugin. -->","yoast_head_json":{"title":"Morguls Klinge - Der Herr der Ringe - R\u00e9plique Manga Cin\u00e9","description":"Kaufen Sie die Klinge des Morgul aus \"Der Herr der Ringe\". Eine Replik im Ma\u00dfstab 1:1 der Nazg\u00fbl, einer verfluchten Waffe, die f\u00fcr Sammler und Tolkien-Fans ein Muss ist.","robots":{"index":"index","follow":"follow","max-snippet":"max-snippet:-1","max-image-preview":"max-image-preview:large","max-video-preview":"max-video-preview:-1"},"canonical":"https:\/\/repliquemangacine.fr\/de\/der-herr-der-ringe\/morgulklinge-der-herr-der-ringe\/","og_locale":"de_DE","og_type":"article","og_title":"Lame de Morgul - Le seigneur des Anneaux - R\u00e9plique Manga Cin\u00e9","og_description":"Achetez la Lame de Morgul du Seigneur des Anneaux. R\u00e9plique echelle 1\/1 des Nazg\u00fbl, une arme maudite incontournable pour collectionneurs et fans de Tolkien.","og_url":"https:\/\/repliquemangacine.fr\/de\/der-herr-der-ringe\/morgulklinge-der-herr-der-ringe\/","og_site_name":"R\u00e9plique Manga Cin\u00e9","article_publisher":"https:\/\/www.facebook.com\/RepliqueMangaCine","article_modified_time":"2026-02-19T10:36:24+00:00","og_image":[{"width":700,"height":700,"url":"https:\/\/repliquemangacine.fr\/wp-content\/uploads\/2025\/09\/Lame-de-Morgul-Le-seigneur-des-Anneaux.jpg","type":"image\/jpeg"}],"twitter_card":"summary_large_image","twitter_misc":{"Gesch\u00e4tzte Lesezeit":"3\u00a0Minuten"},"schema":{"@context":"https:\/\/schema.org","@graph":[{"@type":"WebPage","@id":"https:\/\/repliquemangacine.fr\/le-seigneur-des-anneaux\/lame-de-morgul-le-seigneur-des-anneaux\/","url":"https:\/\/repliquemangacine.fr\/le-seigneur-des-anneaux\/lame-de-morgul-le-seigneur-des-anneaux\/","name":"Morguls Klinge - Der Herr der Ringe - R\u00e9plique Manga Cin\u00e9","isPartOf":{"@id":"https:\/\/repliquemangacine.fr\/#website"},"primaryImageOfPage":{"@id":"https:\/\/repliquemangacine.fr\/le-seigneur-des-anneaux\/lame-de-morgul-le-seigneur-des-anneaux\/#primaryimage"},"image":{"@id":"https:\/\/repliquemangacine.fr\/le-seigneur-des-anneaux\/lame-de-morgul-le-seigneur-des-anneaux\/#primaryimage"},"thumbnailUrl":"https:\/\/repliquemangacine.fr\/wp-content\/uploads\/2025\/09\/Lame-de-Morgul-Le-seigneur-des-Anneaux.jpg","datePublished":"2025-09-23T16:04:28+00:00","dateModified":"2026-02-19T10:36:24+00:00","description":"Kaufen Sie die Klinge des Morgul aus \"Der Herr der Ringe\". Eine Replik im Ma\u00dfstab 1:1 der Nazg\u00fbl, einer verfluchten Waffe, die f\u00fcr Sammler und Tolkien-Fans ein Muss ist.","breadcrumb":{"@id":"https:\/\/repliquemangacine.fr\/le-seigneur-des-anneaux\/lame-de-morgul-le-seigneur-des-anneaux\/#breadcrumb"},"inLanguage":"de","potentialAction":[{"@type":"ReadAction","target":["https:\/\/repliquemangacine.fr\/le-seigneur-des-anneaux\/lame-de-morgul-le-seigneur-des-anneaux\/"]}]},{"@type":"ImageObject","inLanguage":"de","@id":"https:\/\/repliquemangacine.fr\/le-seigneur-des-anneaux\/lame-de-morgul-le-seigneur-des-anneaux\/#primaryimage","url":"https:\/\/repliquemangacine.fr\/wp-content\/uploads\/2025\/09\/Lame-de-Morgul-Le-seigneur-des-Anneaux.jpg","contentUrl":"https:\/\/repliquemangacine.fr\/wp-content\/uploads\/2025\/09\/Lame-de-Morgul-Le-seigneur-des-Anneaux.jpg","width":700,"height":700,"caption":"Lame de Morgul du Seigneur des Anneaux"},{"@type":"BreadcrumbList","@id":"https:\/\/repliquemangacine.fr\/le-seigneur-des-anneaux\/lame-de-morgul-le-seigneur-des-anneaux\/#breadcrumb","itemListElement":[{"@type":"ListItem","position":1,"name":"Accueil","item":"https:\/\/repliquemangacine.fr\/"},{"@type":"ListItem","position":2,"name":"Produits","item":"https:\/\/repliquemangacine.fr\/boutique\/"},{"@type":"ListItem","position":3,"name":"Lame de Morgul &#8211; Le seigneur des Anneaux"}]},{"@type":"WebSite","@id":"https:\/\/repliquemangacine.fr\/#website","url":"https:\/\/repliquemangacine.fr\/","name":"R\u00e9plique Manga Cin\u00e9","description":"","publisher":{"@id":"https:\/\/repliquemangacine.fr\/#organization"},"potentialAction":[{"@type":"SearchAction","target":{"@type":"EntryPoint","urlTemplate":"https:\/\/repliquemangacine.fr\/?s={search_term_string}"},"query-input":{"@type":"PropertyValueSpecification","valueRequired":true,"valueName":"search_term_string"}}],"inLanguage":"de"},{"@type":"Organization","@id":"https:\/\/repliquemangacine.fr\/#organization","name":"R\u00e9plique Manga Cin\u00e9","url":"https:\/\/repliquemangacine.fr\/","logo":{"@type":"ImageObject","inLanguage":"de","@id":"https:\/\/repliquemangacine.fr\/#\/schema\/logo\/image\/","url":"https:\/\/repliquemangacine.fr\/wp-content\/uploads\/2023\/10\/RMC-500250.png","contentUrl":"https:\/\/repliquemangacine.fr\/wp-content\/uploads\/2023\/10\/RMC-500250.png","width":500,"height":250,"caption":"R\u00e9plique Manga Cin\u00e9"},"image":{"@id":"https:\/\/repliquemangacine.fr\/#\/schema\/logo\/image\/"},"sameAs":["https:\/\/www.facebook.com\/RepliqueMangaCine","https:\/\/www.instagram.com\/repliquemangacine.fr\/"]}]}},"_links":{"self":[{"href":"https:\/\/repliquemangacine.fr\/de\/wp-json\/wp\/v2\/product\/88649","targetHints":{"allow":["GET"]}}],"collection":[{"href":"https:\/\/repliquemangacine.fr\/de\/wp-json\/wp\/v2\/product"}],"about":[{"href":"https:\/\/repliquemangacine.fr\/de\/wp-json\/wp\/v2\/types\/product"}],"wp:featuredmedia":[{"embeddable":true,"href":"https:\/\/repliquemangacine.fr\/de\/wp-json\/wp\/v2\/media\/88650"}],"wp:attachment":[{"href":"https:\/\/repliquemangacine.fr\/de\/wp-json\/wp\/v2\/media?parent=88649"}],"wp:term":[{"taxonomy":"product_brand","embeddable":true,"href":"https:\/\/repliquemangacine.fr\/de\/wp-json\/wp\/v2\/product_brand?post=88649"},{"taxonomy":"product_cat","embeddable":true,"href":"https:\/\/repliquemangacine.fr\/de\/wp-json\/wp\/v2\/product_cat?post=88649"},{"taxonomy":"product_tag","embeddable":true,"href":"https:\/\/repliquemangacine.fr\/de\/wp-json\/wp\/v2\/product_tag?post=88649"}],"curies":[{"name":"wp","href":"https:\/\/api.w.org\/{rel}","templated":true}]}}