





{"id":88641,"date":"2025-09-23T16:44:44","date_gmt":"2025-09-23T14:44:44","guid":{"rendered":"https:\/\/repliquemangacine.fr\/?post_type=product&#038;p=88641"},"modified":"2026-02-19T11:36:39","modified_gmt":"2026-02-19T10:36:39","slug":"schwert-von-rhaenyra-house-of-the-dragon","status":"publish","type":"product","link":"https:\/\/repliquemangacine.fr\/de\/house-of-the-dragon\/epee-de-rhaenyra-house-of-the-dragon\/","title":{"rendered":"Schwert von Rhaenyra - House of the Dragon"},"content":{"rendered":"<h2>Das Schwert von Rhaenyra Targaryen - Eine au\u00dfergew\u00f6hnliche Replik<\/h2>\n<p>Zun\u00e4chst einmal ist hier die Replik des<strong>Rhaenyras Schwert<\/strong> Targaryen in House of the Dragon. Sein einzigartiges Design besticht durch den goldenen Knauf in Form von Drachenfl\u00fcgeln, eine echte Hommage an das Haus Targaryen. Die fein gearbeitete Stahlklinge mit eingravierten Wellenmustern erinnert an das Feuer und die Kraft der Drachen. Mit seiner Wandhalterung, die mit dem roten Wappen mit dem dreik\u00f6pfigen Drachen verziert ist, ist dieses Schwert mehr als nur ein dekoratives Objekt: Es ist ein echtes Sammlerst\u00fcck. Au\u00dferdem wurde jedes Detail durchdacht, um ein vollst\u00e4ndiges Eintauchen in die Welt von Westeros zu erm\u00f6glichen. Ob leidenschaftlicher Sammler oder Fantasy-Liebhaber, diese imposante Replik wird ihren Platz in Ihrer Wohnung finden. Verleihen Sie Ihrer Sammlung einen Hauch von Noblesse und Gr\u00f6\u00dfe mit dieser ikonischen Waffe, die die St\u00e4rke und Legitimit\u00e4t der Targaryens symbolisiert.<\/p>\n<h2>Rhaenyra Targaryen - Die Erbin der Drachen<\/h2>\n<p>Zun\u00e4chst einmal die Hauptfigur der Serie Haus der Drachen, Rhaenyra Targaryen. Als erste Frau wurde sie offiziell zur Erbin des Eisernen Throns ernannt. Ihre Geschichte, die von Machtk\u00e4mpfen und einem eisernen Willen gepr\u00e4gt ist, fl\u00f6\u00dft Furcht und Respekt ein. Dieses Schwert, das sie mit Stolz schwingt, verk\u00f6rpert ihre Entschlossenheit, ihren Namen und ihr Recht gegen Verschw\u00f6rungen und Rivalit\u00e4ten zu verteidigen. Jedes Detail dieser Replik zollt ihrer charismatischen Rolle und der Gr\u00f6\u00dfe ihres Schicksals Tribut. Das Schwert von Rhaenyra zu besitzen, bedeutet, in die gnadenlose Welt von <a href=\"https:\/\/gameofthrones.fandom.com\/fr\/wiki\/Westeros\" target=\"_blank\" rel=\"noopener noreferrer\">Westeros<\/a>. Und damit ein Symbol der Macht und des Stolzes der Targaryen tragen. Ideal, um ein k\u00f6nigliches Cosplay zu begleiten oder in einer Sammlung zu thronen. Denn es erinnert an die Gr\u00f6\u00dfe einer K\u00f6nigin, die bereit ist, die Geschichte ihres Hauses zu pr\u00e4gen. Mit diesem St\u00fcck werden Feuer und Blut zur Realit\u00e4t.<\/p>\n<h2>Eine Game of Thrones- und House of the Dragon-Kollektion<\/h2>\n<p>Auf Repliquemangacine bieten wir viel mehr als nur das Schwert von Rhaenyra. Entdecken Sie eine au\u00dfergew\u00f6hnliche Kollektion, die von Game of Thrones und House of the Dragon inspiriert wurde. Fans von Jon Snow werden sein <a href=\"https:\/\/repliquemangacine.fr\/de\/schwerter-game-of-thrones\/jon-snow-schwert-grose-kralle-game-of-thrones\/\" target=\"_blank\" rel=\"noopener noreferrer\">Longclaw-Schwert<\/a>Der Wolfskopf ist das Erkennungszeichen der Waffe. Es gibt auch die ber\u00fchmte <a href=\"https:\/\/repliquemangacine.fr\/de\/house-of-the-dragon\/replica-dolch-catspaw-game-of-thrones\/\" target=\"_blank\" rel=\"noopener noreferrer\">Catspaw-Dolch<\/a>Sie ist in beiden Serien zu sehen und eignet sich perfekt f\u00fcr anspruchsvolle Sammler. Wir bieten auch die mythische <a href=\"https:\/\/repliquemangacine.fr\/de\/house-of-the-dragon\/epee-dark-sister-house-of-the-dragon\/\" target=\"_blank\" rel=\"noopener noreferrer\">Dark Sister, Daemons Schwert<\/a> Targaryen, sowie <a href=\"https:\/\/repliquemangacine.fr\/de\/house-of-the-dragon\/feunoyr-epee-viserys-targaryen\/\" target=\"_blank\" rel=\"noopener noreferrer\">Feunoyr, die legend\u00e4re Waffe von Viserys<\/a> Targaryen. Besonders hervorzuheben ist, dass jedes St\u00fcck mit Sorgfalt hergestellt wird, um Realismus, Details und v\u00f6llige Immersion zu bieten. Diese einzigartigen Repliken sind nicht nur Dekorationsobjekte, sie erz\u00e4hlen eine Geschichte, die Geschichte der gro\u00dfen H\u00e4user von Westeros. Abschlie\u00dfend sei gesagt: Nehmen Sie sie in Ihre Sammlung auf und verwandeln Sie Ihr Zuhause in einen Thronsaal, in dem Stahl und Drachen unangefochten herrschen.<\/p>","protected":false},"excerpt":{"rendered":"<p>Wundersch\u00f6ne Replik des Schwerts von Rhaenyra aus der Serie Haus des Drachen<\/p>\n<ul>\n<li>Klinge aus 440 stainless Stahl mit Wellenmuster-\u00c4tzung<\/li>\n<li>Speziell geformter, goldfarbener Stahlb\u00fcgel mit brauner Beschichtung.<\/li>\n<li>Metallgriff mit elegantem braunen \u00dcberzug.<\/li>\n<li>Knauf aus vergoldetem Stahl in Form von Drachenfl\u00fcgeln<\/li>\n<li>Wird mit einer Wandplatte geliefert, die mit dem roten Wappen mit dem dreik\u00f6pfigen Drachen geschm\u00fcckt ist.<\/li>\n<li>L\u00e4nge der Klinge: 79 cm - Gesamtl\u00e4nge: 103 cm<\/li>\n<li>Gewicht: 1540 g<\/li>\n<\/ul>","protected":false},"featured_media":88643,"template":"","meta":[],"product_brand":[896],"product_cat":[72,105],"product_tag":[],"class_list":{"0":"post-88641","1":"product","2":"type-product","3":"status-publish","4":"has-post-thumbnail","6":"product_brand-replique-manga-cine","7":"product_cat-epees-game-of-thrones","8":"product_cat-house-of-the-dragon","10":"first","11":"instock","12":"taxable","13":"shipping-taxable","14":"purchasable","15":"product-type-simple"},"yoast_head":"<!-- This site is optimized with the Yoast SEO plugin v27.5 - https:\/\/yoast.com\/product\/yoast-seo-wordpress\/ -->\n<title>Ep\u00e9e de Rhaenyra - House of the Dragon - R\u00e9plique Manga Cin\u00e9<\/title>\n<meta name=\"description\" content=\"Achetez l\u2019Ep\u00e9e de Rhaenyra Targaryen House of the Dragon. R\u00e9plique d\u00e9taill\u00e9e, id\u00e9ale pour collectionneurs et fans de Game of Thrones.\" \/>\n<meta name=\"robots\" content=\"index, follow, max-snippet:-1, max-image-preview:large, max-video-preview:-1\" \/>\n<link rel=\"canonical\" href=\"https:\/\/repliquemangacine.fr\/de\/house-of-the-dragon\/schwert-von-rhaenyra-house-of-the-dragon\/\" \/>\n<meta property=\"og:locale\" content=\"de_DE\" \/>\n<meta property=\"og:type\" content=\"article\" \/>\n<meta property=\"og:title\" content=\"Ep\u00e9e de Rhaenyra - House of the Dragon - R\u00e9plique Manga Cin\u00e9\" \/>\n<meta property=\"og:description\" content=\"Achetez l\u2019Ep\u00e9e de Rhaenyra Targaryen House of the Dragon. R\u00e9plique d\u00e9taill\u00e9e, id\u00e9ale pour collectionneurs et fans de Game of Thrones.\" \/>\n<meta property=\"og:url\" content=\"https:\/\/repliquemangacine.fr\/de\/house-of-the-dragon\/schwert-von-rhaenyra-house-of-the-dragon\/\" \/>\n<meta property=\"og:site_name\" content=\"R\u00e9plique Manga Cin\u00e9\" \/>\n<meta property=\"article:publisher\" content=\"https:\/\/www.facebook.com\/RepliqueMangaCine\" \/>\n<meta property=\"article:modified_time\" content=\"2026-02-19T10:36:39+00:00\" \/>\n<meta property=\"og:image\" content=\"https:\/\/repliquemangacine.fr\/wp-content\/uploads\/2025\/09\/Epee-de-Rhaenyra-House-of-the-Dragon.jpg\" \/>\n\t<meta property=\"og:image:width\" content=\"700\" \/>\n\t<meta property=\"og:image:height\" content=\"700\" \/>\n\t<meta property=\"og:image:type\" content=\"image\/jpeg\" \/>\n<meta name=\"twitter:card\" content=\"summary_large_image\" \/>\n<meta name=\"twitter:label1\" content=\"Gesch\u00e4tzte Lesezeit\" \/>\n\t<meta name=\"twitter:data1\" content=\"3\u00a0Minuten\" \/>\n<script type=\"application\/ld+json\" class=\"yoast-schema-graph\">{\"@context\":\"https:\\\/\\\/schema.org\",\"@graph\":[{\"@type\":\"WebPage\",\"@id\":\"https:\\\/\\\/repliquemangacine.fr\\\/house-of-the-dragon\\\/epee-de-rhaenyra-house-of-the-dragon\\\/\",\"url\":\"https:\\\/\\\/repliquemangacine.fr\\\/house-of-the-dragon\\\/epee-de-rhaenyra-house-of-the-dragon\\\/\",\"name\":\"Ep\u00e9e de Rhaenyra - House of the Dragon - R\u00e9plique Manga Cin\u00e9\",\"isPartOf\":{\"@id\":\"https:\\\/\\\/repliquemangacine.fr\\\/#website\"},\"primaryImageOfPage\":{\"@id\":\"https:\\\/\\\/repliquemangacine.fr\\\/house-of-the-dragon\\\/epee-de-rhaenyra-house-of-the-dragon\\\/#primaryimage\"},\"image\":{\"@id\":\"https:\\\/\\\/repliquemangacine.fr\\\/house-of-the-dragon\\\/epee-de-rhaenyra-house-of-the-dragon\\\/#primaryimage\"},\"thumbnailUrl\":\"https:\\\/\\\/repliquemangacine.fr\\\/wp-content\\\/uploads\\\/2025\\\/09\\\/Epee-de-Rhaenyra-House-of-the-Dragon.jpg\",\"datePublished\":\"2025-09-23T14:44:44+00:00\",\"dateModified\":\"2026-02-19T10:36:39+00:00\",\"description\":\"Achetez l\u2019Ep\u00e9e de Rhaenyra Targaryen House of the Dragon. R\u00e9plique d\u00e9taill\u00e9e, id\u00e9ale pour collectionneurs et fans de Game of Thrones.\",\"breadcrumb\":{\"@id\":\"https:\\\/\\\/repliquemangacine.fr\\\/house-of-the-dragon\\\/epee-de-rhaenyra-house-of-the-dragon\\\/#breadcrumb\"},\"inLanguage\":\"de\",\"potentialAction\":[{\"@type\":\"ReadAction\",\"target\":[\"https:\\\/\\\/repliquemangacine.fr\\\/house-of-the-dragon\\\/epee-de-rhaenyra-house-of-the-dragon\\\/\"]}]},{\"@type\":\"ImageObject\",\"inLanguage\":\"de\",\"@id\":\"https:\\\/\\\/repliquemangacine.fr\\\/house-of-the-dragon\\\/epee-de-rhaenyra-house-of-the-dragon\\\/#primaryimage\",\"url\":\"https:\\\/\\\/repliquemangacine.fr\\\/wp-content\\\/uploads\\\/2025\\\/09\\\/Epee-de-Rhaenyra-House-of-the-Dragon.jpg\",\"contentUrl\":\"https:\\\/\\\/repliquemangacine.fr\\\/wp-content\\\/uploads\\\/2025\\\/09\\\/Epee-de-Rhaenyra-House-of-the-Dragon.jpg\",\"width\":700,\"height\":700,\"caption\":\"Ep\u00e9e de Rhaenyra House of the Dragon\"},{\"@type\":\"BreadcrumbList\",\"@id\":\"https:\\\/\\\/repliquemangacine.fr\\\/house-of-the-dragon\\\/epee-de-rhaenyra-house-of-the-dragon\\\/#breadcrumb\",\"itemListElement\":[{\"@type\":\"ListItem\",\"position\":1,\"name\":\"Accueil\",\"item\":\"https:\\\/\\\/repliquemangacine.fr\\\/\"},{\"@type\":\"ListItem\",\"position\":2,\"name\":\"Produits\",\"item\":\"https:\\\/\\\/repliquemangacine.fr\\\/boutique\\\/\"},{\"@type\":\"ListItem\",\"position\":3,\"name\":\"Ep\u00e9e de Rhaenyra &#8211; House of the Dragon\"}]},{\"@type\":\"WebSite\",\"@id\":\"https:\\\/\\\/repliquemangacine.fr\\\/#website\",\"url\":\"https:\\\/\\\/repliquemangacine.fr\\\/\",\"name\":\"R\u00e9plique Manga Cin\u00e9\",\"description\":\"\",\"publisher\":{\"@id\":\"https:\\\/\\\/repliquemangacine.fr\\\/#organization\"},\"potentialAction\":[{\"@type\":\"SearchAction\",\"target\":{\"@type\":\"EntryPoint\",\"urlTemplate\":\"https:\\\/\\\/repliquemangacine.fr\\\/?s={search_term_string}\"},\"query-input\":{\"@type\":\"PropertyValueSpecification\",\"valueRequired\":true,\"valueName\":\"search_term_string\"}}],\"inLanguage\":\"de\"},{\"@type\":\"Organization\",\"@id\":\"https:\\\/\\\/repliquemangacine.fr\\\/#organization\",\"name\":\"R\u00e9plique Manga Cin\u00e9\",\"url\":\"https:\\\/\\\/repliquemangacine.fr\\\/\",\"logo\":{\"@type\":\"ImageObject\",\"inLanguage\":\"de\",\"@id\":\"https:\\\/\\\/repliquemangacine.fr\\\/#\\\/schema\\\/logo\\\/image\\\/\",\"url\":\"https:\\\/\\\/repliquemangacine.fr\\\/wp-content\\\/uploads\\\/2023\\\/10\\\/RMC-500250.png\",\"contentUrl\":\"https:\\\/\\\/repliquemangacine.fr\\\/wp-content\\\/uploads\\\/2023\\\/10\\\/RMC-500250.png\",\"width\":500,\"height\":250,\"caption\":\"R\u00e9plique Manga Cin\u00e9\"},\"image\":{\"@id\":\"https:\\\/\\\/repliquemangacine.fr\\\/#\\\/schema\\\/logo\\\/image\\\/\"},\"sameAs\":[\"https:\\\/\\\/www.facebook.com\\\/RepliqueMangaCine\",\"https:\\\/\\\/www.instagram.com\\\/repliquemangacine.fr\\\/\"]}]}<\/script>\n<!-- \/ Yoast SEO plugin. -->","yoast_head_json":{"title":"Schwert von Rhaenyra - House of the Dragon - R\u00e9plique Manga Cin\u00e9","description":"Kaufen Sie das Schwert von Rhaenyra Targaryen House of the Dragon. Detaillierte Replik, ideal f\u00fcr Sammler und Fans von Game of Thrones.","robots":{"index":"index","follow":"follow","max-snippet":"max-snippet:-1","max-image-preview":"max-image-preview:large","max-video-preview":"max-video-preview:-1"},"canonical":"https:\/\/repliquemangacine.fr\/de\/house-of-the-dragon\/schwert-von-rhaenyra-house-of-the-dragon\/","og_locale":"de_DE","og_type":"article","og_title":"Ep\u00e9e de Rhaenyra - House of the Dragon - R\u00e9plique Manga Cin\u00e9","og_description":"Achetez l\u2019Ep\u00e9e de Rhaenyra Targaryen House of the Dragon. R\u00e9plique d\u00e9taill\u00e9e, id\u00e9ale pour collectionneurs et fans de Game of Thrones.","og_url":"https:\/\/repliquemangacine.fr\/de\/house-of-the-dragon\/schwert-von-rhaenyra-house-of-the-dragon\/","og_site_name":"R\u00e9plique Manga Cin\u00e9","article_publisher":"https:\/\/www.facebook.com\/RepliqueMangaCine","article_modified_time":"2026-02-19T10:36:39+00:00","og_image":[{"width":700,"height":700,"url":"https:\/\/repliquemangacine.fr\/wp-content\/uploads\/2025\/09\/Epee-de-Rhaenyra-House-of-the-Dragon.jpg","type":"image\/jpeg"}],"twitter_card":"summary_large_image","twitter_misc":{"Gesch\u00e4tzte Lesezeit":"3\u00a0Minuten"},"schema":{"@context":"https:\/\/schema.org","@graph":[{"@type":"WebPage","@id":"https:\/\/repliquemangacine.fr\/house-of-the-dragon\/epee-de-rhaenyra-house-of-the-dragon\/","url":"https:\/\/repliquemangacine.fr\/house-of-the-dragon\/epee-de-rhaenyra-house-of-the-dragon\/","name":"Schwert von Rhaenyra - House of the Dragon - R\u00e9plique Manga Cin\u00e9","isPartOf":{"@id":"https:\/\/repliquemangacine.fr\/#website"},"primaryImageOfPage":{"@id":"https:\/\/repliquemangacine.fr\/house-of-the-dragon\/epee-de-rhaenyra-house-of-the-dragon\/#primaryimage"},"image":{"@id":"https:\/\/repliquemangacine.fr\/house-of-the-dragon\/epee-de-rhaenyra-house-of-the-dragon\/#primaryimage"},"thumbnailUrl":"https:\/\/repliquemangacine.fr\/wp-content\/uploads\/2025\/09\/Epee-de-Rhaenyra-House-of-the-Dragon.jpg","datePublished":"2025-09-23T14:44:44+00:00","dateModified":"2026-02-19T10:36:39+00:00","description":"Kaufen Sie das Schwert von Rhaenyra Targaryen House of the Dragon. Detaillierte Replik, ideal f\u00fcr Sammler und Fans von Game of Thrones.","breadcrumb":{"@id":"https:\/\/repliquemangacine.fr\/house-of-the-dragon\/epee-de-rhaenyra-house-of-the-dragon\/#breadcrumb"},"inLanguage":"de","potentialAction":[{"@type":"ReadAction","target":["https:\/\/repliquemangacine.fr\/house-of-the-dragon\/epee-de-rhaenyra-house-of-the-dragon\/"]}]},{"@type":"ImageObject","inLanguage":"de","@id":"https:\/\/repliquemangacine.fr\/house-of-the-dragon\/epee-de-rhaenyra-house-of-the-dragon\/#primaryimage","url":"https:\/\/repliquemangacine.fr\/wp-content\/uploads\/2025\/09\/Epee-de-Rhaenyra-House-of-the-Dragon.jpg","contentUrl":"https:\/\/repliquemangacine.fr\/wp-content\/uploads\/2025\/09\/Epee-de-Rhaenyra-House-of-the-Dragon.jpg","width":700,"height":700,"caption":"Ep\u00e9e de Rhaenyra House of the Dragon"},{"@type":"BreadcrumbList","@id":"https:\/\/repliquemangacine.fr\/house-of-the-dragon\/epee-de-rhaenyra-house-of-the-dragon\/#breadcrumb","itemListElement":[{"@type":"ListItem","position":1,"name":"Accueil","item":"https:\/\/repliquemangacine.fr\/"},{"@type":"ListItem","position":2,"name":"Produits","item":"https:\/\/repliquemangacine.fr\/boutique\/"},{"@type":"ListItem","position":3,"name":"Ep\u00e9e de Rhaenyra &#8211; House of the Dragon"}]},{"@type":"WebSite","@id":"https:\/\/repliquemangacine.fr\/#website","url":"https:\/\/repliquemangacine.fr\/","name":"R\u00e9plique Manga Cin\u00e9","description":"","publisher":{"@id":"https:\/\/repliquemangacine.fr\/#organization"},"potentialAction":[{"@type":"SearchAction","target":{"@type":"EntryPoint","urlTemplate":"https:\/\/repliquemangacine.fr\/?s={search_term_string}"},"query-input":{"@type":"PropertyValueSpecification","valueRequired":true,"valueName":"search_term_string"}}],"inLanguage":"de"},{"@type":"Organization","@id":"https:\/\/repliquemangacine.fr\/#organization","name":"R\u00e9plique Manga Cin\u00e9","url":"https:\/\/repliquemangacine.fr\/","logo":{"@type":"ImageObject","inLanguage":"de","@id":"https:\/\/repliquemangacine.fr\/#\/schema\/logo\/image\/","url":"https:\/\/repliquemangacine.fr\/wp-content\/uploads\/2023\/10\/RMC-500250.png","contentUrl":"https:\/\/repliquemangacine.fr\/wp-content\/uploads\/2023\/10\/RMC-500250.png","width":500,"height":250,"caption":"R\u00e9plique Manga Cin\u00e9"},"image":{"@id":"https:\/\/repliquemangacine.fr\/#\/schema\/logo\/image\/"},"sameAs":["https:\/\/www.facebook.com\/RepliqueMangaCine","https:\/\/www.instagram.com\/repliquemangacine.fr\/"]}]}},"_links":{"self":[{"href":"https:\/\/repliquemangacine.fr\/de\/wp-json\/wp\/v2\/product\/88641","targetHints":{"allow":["GET"]}}],"collection":[{"href":"https:\/\/repliquemangacine.fr\/de\/wp-json\/wp\/v2\/product"}],"about":[{"href":"https:\/\/repliquemangacine.fr\/de\/wp-json\/wp\/v2\/types\/product"}],"wp:featuredmedia":[{"embeddable":true,"href":"https:\/\/repliquemangacine.fr\/de\/wp-json\/wp\/v2\/media\/88643"}],"wp:attachment":[{"href":"https:\/\/repliquemangacine.fr\/de\/wp-json\/wp\/v2\/media?parent=88641"}],"wp:term":[{"taxonomy":"product_brand","embeddable":true,"href":"https:\/\/repliquemangacine.fr\/de\/wp-json\/wp\/v2\/product_brand?post=88641"},{"taxonomy":"product_cat","embeddable":true,"href":"https:\/\/repliquemangacine.fr\/de\/wp-json\/wp\/v2\/product_cat?post=88641"},{"taxonomy":"product_tag","embeddable":true,"href":"https:\/\/repliquemangacine.fr\/de\/wp-json\/wp\/v2\/product_tag?post=88641"}],"curies":[{"name":"wp","href":"https:\/\/api.w.org\/{rel}","templated":true}]}}