





{"id":88449,"date":"2025-09-16T23:14:57","date_gmt":"2025-09-16T21:14:57","guid":{"rendered":"https:\/\/repliquemangacine.fr\/?post_type=product&#038;p=88449"},"modified":"2025-11-12T22:57:20","modified_gmt":"2025-11-12T21:57:20","slug":"blaues-klappmesser-sck","status":"publish","type":"product","link":"https:\/\/repliquemangacine.fr\/de\/coutellerie\/couteau-pliant-bleu-sck\/","title":{"rendered":"Klappmesser blau SCK"},"content":{"rendered":"<h2>Eigenschaften des taktischen Klappmessers SCK blau<\/h2>\n<p>Beginnen wir mit einem Blick auf dieses blaue SCK-Taktikklappmesser mit schwarzer Klinge aus rostfreiem Stahl.<br \/>\nErstens erm\u00f6glicht seine teilweise gezahnte Klinge das effiziente Schneiden von Seilen, Stoffen und widerstandsf\u00e4higen Materialien.<br \/>\nZweitens sorgt das halbautomatische \u00d6ffnungssystem f\u00fcr eine schnelle und reibungslose Bet\u00e4tigung, was die Verwendung in allen unvorhersehbaren Notfallsituationen erleichtert.<br \/>\nSein ergonomischer Griff verf\u00fcgt \u00fcber blaue rutschfeste Eins\u00e4tze, die Komfort, Stil und Sicherheit bei jedem Griff bieten.<br \/>\nDrittens verf\u00fcgt es \u00fcber einen robusten Glasbrecher, der sich perfekt f\u00fcr schnelle Eins\u00e4tze im Auto oder bei Unf\u00e4llen eignet, bei denen eine Evakuierung erforderlich ist.<br \/>\nSchlie\u00dflich verf\u00fcgt es \u00fcber einen scharfen Gurtschneider, der dieses Messer in \u00dcberlebenssituationen, bei Autounf\u00e4llen oder Sicherheitsma\u00dfnahmen unverzichtbar macht.<br \/>\nKompakt und mit einem robusten G\u00fcrtelclip ausgestattet, bleibt es f\u00fcr alle Ihre t\u00e4glichen Aktivit\u00e4ten und Outdoor-Aktivit\u00e4ten zug\u00e4nglich, praktisch und diskret.<\/p>\n<h2>Bedeutung und Besonderheit dieses taktischen Messers<\/h2>\n<p>Ein taktisches Klappmesser wie das blaue SCK-Modell zeichnet sich durch seine Vielseitigkeit aus und sorgt daf\u00fcr, dass jeder Benutzer im Alltag besser vorbereitet ist.<br \/>\nIm Gegensatz zu einem einfachen Taschenmesser vereint es mehrere Funktionen f\u00fcr \u00dcberleben, Rettung und praktischen Nutzen in einem einzigen Werkzeug.<br \/>\nDie halbautomatische \u00d6ffnung bietet eine wertvolle Reaktionsf\u00e4higkeit, die f\u00fcr Camping, Wandern, Notf\u00e4lle und Outdoor-Aktivit\u00e4ten, die zuverl\u00e4ssige Werkzeuge erfordern, unerl\u00e4sslich ist.<br \/>\nDas Vorhandensein eines Glasbrechers und eines Gurtschneiders erh\u00f6ht seinen Wert erheblich, insbesondere f\u00fcr Autofahrer, die ihre pers\u00f6nliche Sicherheit erh\u00f6hen m\u00f6chten.<br \/>\nSein modernes Design mit blauen Eins\u00e4tzen verleiht ihm ein einzigartiges Aussehen, das elegante \u00c4sthetik und funktionale Robustheit vereint und perfekt auf Enthusiasten zugeschnitten ist.<br \/>\nDieses kompakte taktische Messer l\u00e4sst sich dank seines G\u00fcrtelclips leicht transportieren, sodass Sie es immer griffbereit haben.<br \/>\nEs zeichnet sich somit als unverzichtbarer Begleiter f\u00fcr \u00dcberleben, Rettung, t\u00e4gliche Sicherheit und Outdoor-Aktivit\u00e4ten aus, bei denen sofortige Effizienz gefragt ist.<\/p>\n<h2>Entdecken Sie weitere Produkte auf R\u00e9plique Manga Cin\u00e9<\/h2>\n<p>Auf unserer Seite <strong>R\u00e9plique Manga Cin\u00e9<\/strong>, finden Sie eine gro\u00dfe Auswahl an Produkten, die von Manga, Videospielen und Filmen inspiriert sind.<br \/>\nWir bieten legend\u00e4re Katanas aus One Piece, Demon Slayer, Naruto, Bleach, Zelda und Sword Art Online, die sich perfekt f\u00fcr Sammler eignen.<br \/>\nFilm- und Serienfans finden hier Schwerter und Repliken aus Der Herr der Ringe, Harry Potter oder Game of Thrones.<br \/>\nDie Liebhaber von\u2019<a href=\"https:\/\/repliquemangacine.fr\/de\/historische-waffen\/\">Geschichte<\/a> werden unsere r\u00f6mischen Schwerter, Piratens\u00e4bel, antiken Helme, mittelalterlichen Schilde sowie verschiedene Waffen f\u00fcr historische Nachstellungen zu sch\u00e4tzen wissen.<br \/>\nUnser Shop bietet auch unverzichtbare Western-Repliken, darunter Colts, Winchesters, Holster und die ber\u00fchmten authentischen Sheriff-Sterne.<br \/>\nJedes Objekt wird ausgew\u00e4hlt, um Sammler, Cosplay-Fans oder einfache Liebhaber zufrieden zu stellen, die ihre Sammlung mit einzigartigen Objekten bereichern m\u00f6chten.<br \/>\n<strong>R\u00e9plique Manga Cin\u00e9<\/strong> ist die beste Adresse, um authentische Repliken zu entdecken, zu sammeln und zu erwerben, die Leidenschaft und mythische Welten widerspiegeln.<\/p>\n<p><strong>\u26a0\ufe0f Verkauf an Minderj\u00e4hrige verboten. Nach der Bestellung kann eine Identit\u00e4tspr\u00fcfung verlangt werden, um die Vollj\u00e4hrigkeit des K\u00e4ufers zu best\u00e4tigen.<\/strong><\/p>","protected":false},"excerpt":{"rendered":"<p><strong>Technische Daten :<\/strong><\/p>\n<ul>\n<li style=\"list-style-type: none;\">\n<ul>\n<li>Schwarze Klinge aus rostfreiem Stahl mit gezahntem Teil<\/li>\n<li>Halbautomatische Servo\u00f6ffnung, schnell und flie\u00dfend<\/li>\n<li>Ergonomischer Griff mit blauen rutschfesten Eins\u00e4tzen<\/li>\n<li>Integrierter Fensterbrecher f\u00fcr Notfallsituationen<\/li>\n<li>Praktischer und sicherer Gurtschneider<\/li>\n<li>Robuster G\u00fcrtelclip f\u00fcr diskretes und einfaches Tragen<\/li>\n<li>L\u00e4nge gesamt: 22 cm<\/li>\n<li>Klingenl\u00e4nge: 10 cm<\/li>\n<li>Gewicht: 134g<\/li>\n<\/ul>\n<\/li>\n<\/ul>","protected":false},"featured_media":88450,"template":"","meta":[],"product_brand":[896],"product_cat":[891,892,884],"product_tag":[],"class_list":{"0":"post-88449","1":"product","2":"type-product","3":"status-publish","4":"has-post-thumbnail","6":"product_brand-replique-manga-cine","7":"product_cat-couteaux-automatiques","8":"product_cat-couteaux-tactical","9":"product_cat-coutellerie","11":"first","12":"instock","13":"taxable","14":"shipping-taxable","15":"purchasable","16":"product-type-simple"},"yoast_head":"<!-- This site is optimized with the Yoast SEO plugin v27.4 - https:\/\/yoast.com\/product\/yoast-seo-wordpress\/ -->\n<title>Couteau pliant bleu SCK - R\u00e9plique Manga Cin\u00e9<\/title>\n<meta name=\"description\" content=\"D\u00e9couvrez le couteau pliant bleu SCK, tactique et semi-automatique, avec lame crant\u00e9e, brise-vitre, coupe-ceinture et clip ceinture robuste.\" \/>\n<meta name=\"robots\" content=\"index, follow, max-snippet:-1, max-image-preview:large, max-video-preview:-1\" \/>\n<link rel=\"canonical\" href=\"https:\/\/repliquemangacine.fr\/de\/besteck\/blaues-klappmesser-sck\/\" \/>\n<meta property=\"og:locale\" content=\"de_DE\" \/>\n<meta property=\"og:type\" content=\"article\" \/>\n<meta property=\"og:title\" content=\"Couteau pliant bleu SCK - R\u00e9plique Manga Cin\u00e9\" \/>\n<meta property=\"og:description\" content=\"D\u00e9couvrez le couteau pliant bleu SCK, tactique et semi-automatique, avec lame crant\u00e9e, brise-vitre, coupe-ceinture et clip ceinture robuste.\" \/>\n<meta property=\"og:url\" content=\"https:\/\/repliquemangacine.fr\/de\/besteck\/blaues-klappmesser-sck\/\" \/>\n<meta property=\"og:site_name\" content=\"R\u00e9plique Manga Cin\u00e9\" \/>\n<meta property=\"article:publisher\" content=\"https:\/\/www.facebook.com\/RepliqueMangaCine\" \/>\n<meta property=\"article:modified_time\" content=\"2025-11-12T21:57:20+00:00\" \/>\n<meta property=\"og:image\" content=\"https:\/\/repliquemangacine.fr\/wp-content\/uploads\/2025\/09\/Couteau-SCK-tactique-Bleu.jpg\" \/>\n\t<meta property=\"og:image:width\" content=\"700\" \/>\n\t<meta property=\"og:image:height\" content=\"700\" \/>\n\t<meta property=\"og:image:type\" content=\"image\/jpeg\" \/>\n<meta name=\"twitter:card\" content=\"summary_large_image\" \/>\n<meta name=\"twitter:label1\" content=\"Gesch\u00e4tzte Lesezeit\" \/>\n\t<meta name=\"twitter:data1\" content=\"3\u00a0Minuten\" \/>\n<script type=\"application\/ld+json\" class=\"yoast-schema-graph\">{\"@context\":\"https:\\\/\\\/schema.org\",\"@graph\":[{\"@type\":\"WebPage\",\"@id\":\"https:\\\/\\\/repliquemangacine.fr\\\/coutellerie\\\/couteau-pliant-bleu-sck\\\/\",\"url\":\"https:\\\/\\\/repliquemangacine.fr\\\/coutellerie\\\/couteau-pliant-bleu-sck\\\/\",\"name\":\"Couteau pliant bleu SCK - R\u00e9plique Manga Cin\u00e9\",\"isPartOf\":{\"@id\":\"https:\\\/\\\/repliquemangacine.fr\\\/#website\"},\"primaryImageOfPage\":{\"@id\":\"https:\\\/\\\/repliquemangacine.fr\\\/coutellerie\\\/couteau-pliant-bleu-sck\\\/#primaryimage\"},\"image\":{\"@id\":\"https:\\\/\\\/repliquemangacine.fr\\\/coutellerie\\\/couteau-pliant-bleu-sck\\\/#primaryimage\"},\"thumbnailUrl\":\"https:\\\/\\\/repliquemangacine.fr\\\/wp-content\\\/uploads\\\/2025\\\/09\\\/Couteau-SCK-tactique-Bleu.jpg\",\"datePublished\":\"2025-09-16T21:14:57+00:00\",\"dateModified\":\"2025-11-12T21:57:20+00:00\",\"description\":\"D\u00e9couvrez le couteau pliant bleu SCK, tactique et semi-automatique, avec lame crant\u00e9e, brise-vitre, coupe-ceinture et clip ceinture robuste.\",\"breadcrumb\":{\"@id\":\"https:\\\/\\\/repliquemangacine.fr\\\/coutellerie\\\/couteau-pliant-bleu-sck\\\/#breadcrumb\"},\"inLanguage\":\"de\",\"potentialAction\":[{\"@type\":\"ReadAction\",\"target\":[\"https:\\\/\\\/repliquemangacine.fr\\\/coutellerie\\\/couteau-pliant-bleu-sck\\\/\"]}]},{\"@type\":\"ImageObject\",\"inLanguage\":\"de\",\"@id\":\"https:\\\/\\\/repliquemangacine.fr\\\/coutellerie\\\/couteau-pliant-bleu-sck\\\/#primaryimage\",\"url\":\"https:\\\/\\\/repliquemangacine.fr\\\/wp-content\\\/uploads\\\/2025\\\/09\\\/Couteau-SCK-tactique-Bleu.jpg\",\"contentUrl\":\"https:\\\/\\\/repliquemangacine.fr\\\/wp-content\\\/uploads\\\/2025\\\/09\\\/Couteau-SCK-tactique-Bleu.jpg\",\"width\":700,\"height\":700,\"caption\":\"Couteau-SCK-tactique-Bleu\"},{\"@type\":\"BreadcrumbList\",\"@id\":\"https:\\\/\\\/repliquemangacine.fr\\\/coutellerie\\\/couteau-pliant-bleu-sck\\\/#breadcrumb\",\"itemListElement\":[{\"@type\":\"ListItem\",\"position\":1,\"name\":\"Accueil\",\"item\":\"https:\\\/\\\/repliquemangacine.fr\\\/\"},{\"@type\":\"ListItem\",\"position\":2,\"name\":\"Produits\",\"item\":\"https:\\\/\\\/repliquemangacine.fr\\\/boutique\\\/\"},{\"@type\":\"ListItem\",\"position\":3,\"name\":\"Couteau pliant bleu SCK\"}]},{\"@type\":\"WebSite\",\"@id\":\"https:\\\/\\\/repliquemangacine.fr\\\/#website\",\"url\":\"https:\\\/\\\/repliquemangacine.fr\\\/\",\"name\":\"R\u00e9plique Manga Cin\u00e9\",\"description\":\"\",\"publisher\":{\"@id\":\"https:\\\/\\\/repliquemangacine.fr\\\/#organization\"},\"potentialAction\":[{\"@type\":\"SearchAction\",\"target\":{\"@type\":\"EntryPoint\",\"urlTemplate\":\"https:\\\/\\\/repliquemangacine.fr\\\/?s={search_term_string}\"},\"query-input\":{\"@type\":\"PropertyValueSpecification\",\"valueRequired\":true,\"valueName\":\"search_term_string\"}}],\"inLanguage\":\"de\"},{\"@type\":\"Organization\",\"@id\":\"https:\\\/\\\/repliquemangacine.fr\\\/#organization\",\"name\":\"R\u00e9plique Manga Cin\u00e9\",\"url\":\"https:\\\/\\\/repliquemangacine.fr\\\/\",\"logo\":{\"@type\":\"ImageObject\",\"inLanguage\":\"de\",\"@id\":\"https:\\\/\\\/repliquemangacine.fr\\\/#\\\/schema\\\/logo\\\/image\\\/\",\"url\":\"https:\\\/\\\/repliquemangacine.fr\\\/wp-content\\\/uploads\\\/2023\\\/10\\\/RMC-500250.png\",\"contentUrl\":\"https:\\\/\\\/repliquemangacine.fr\\\/wp-content\\\/uploads\\\/2023\\\/10\\\/RMC-500250.png\",\"width\":500,\"height\":250,\"caption\":\"R\u00e9plique Manga Cin\u00e9\"},\"image\":{\"@id\":\"https:\\\/\\\/repliquemangacine.fr\\\/#\\\/schema\\\/logo\\\/image\\\/\"},\"sameAs\":[\"https:\\\/\\\/www.facebook.com\\\/RepliqueMangaCine\",\"https:\\\/\\\/www.instagram.com\\\/repliquemangacine.fr\\\/\"]}]}<\/script>\n<!-- \/ Yoast SEO plugin. -->","yoast_head_json":{"title":"Klappmesser blau SCK - R\u00e9plique Manga Cin\u00e9","description":"Entdecken Sie das blaue SCK Klappmesser, taktisch und halbautomatisch, mit gezahnter Klinge, Glasbrecher, Gurtschneider und robustem G\u00fcrtelclip.","robots":{"index":"index","follow":"follow","max-snippet":"max-snippet:-1","max-image-preview":"max-image-preview:large","max-video-preview":"max-video-preview:-1"},"canonical":"https:\/\/repliquemangacine.fr\/de\/besteck\/blaues-klappmesser-sck\/","og_locale":"de_DE","og_type":"article","og_title":"Couteau pliant bleu SCK - R\u00e9plique Manga Cin\u00e9","og_description":"D\u00e9couvrez le couteau pliant bleu SCK, tactique et semi-automatique, avec lame crant\u00e9e, brise-vitre, coupe-ceinture et clip ceinture robuste.","og_url":"https:\/\/repliquemangacine.fr\/de\/besteck\/blaues-klappmesser-sck\/","og_site_name":"R\u00e9plique Manga Cin\u00e9","article_publisher":"https:\/\/www.facebook.com\/RepliqueMangaCine","article_modified_time":"2025-11-12T21:57:20+00:00","og_image":[{"width":700,"height":700,"url":"https:\/\/repliquemangacine.fr\/wp-content\/uploads\/2025\/09\/Couteau-SCK-tactique-Bleu.jpg","type":"image\/jpeg"}],"twitter_card":"summary_large_image","twitter_misc":{"Gesch\u00e4tzte Lesezeit":"3\u00a0Minuten"},"schema":{"@context":"https:\/\/schema.org","@graph":[{"@type":"WebPage","@id":"https:\/\/repliquemangacine.fr\/coutellerie\/couteau-pliant-bleu-sck\/","url":"https:\/\/repliquemangacine.fr\/coutellerie\/couteau-pliant-bleu-sck\/","name":"Klappmesser blau SCK - R\u00e9plique Manga Cin\u00e9","isPartOf":{"@id":"https:\/\/repliquemangacine.fr\/#website"},"primaryImageOfPage":{"@id":"https:\/\/repliquemangacine.fr\/coutellerie\/couteau-pliant-bleu-sck\/#primaryimage"},"image":{"@id":"https:\/\/repliquemangacine.fr\/coutellerie\/couteau-pliant-bleu-sck\/#primaryimage"},"thumbnailUrl":"https:\/\/repliquemangacine.fr\/wp-content\/uploads\/2025\/09\/Couteau-SCK-tactique-Bleu.jpg","datePublished":"2025-09-16T21:14:57+00:00","dateModified":"2025-11-12T21:57:20+00:00","description":"Entdecken Sie das blaue SCK Klappmesser, taktisch und halbautomatisch, mit gezahnter Klinge, Glasbrecher, Gurtschneider und robustem G\u00fcrtelclip.","breadcrumb":{"@id":"https:\/\/repliquemangacine.fr\/coutellerie\/couteau-pliant-bleu-sck\/#breadcrumb"},"inLanguage":"de","potentialAction":[{"@type":"ReadAction","target":["https:\/\/repliquemangacine.fr\/coutellerie\/couteau-pliant-bleu-sck\/"]}]},{"@type":"ImageObject","inLanguage":"de","@id":"https:\/\/repliquemangacine.fr\/coutellerie\/couteau-pliant-bleu-sck\/#primaryimage","url":"https:\/\/repliquemangacine.fr\/wp-content\/uploads\/2025\/09\/Couteau-SCK-tactique-Bleu.jpg","contentUrl":"https:\/\/repliquemangacine.fr\/wp-content\/uploads\/2025\/09\/Couteau-SCK-tactique-Bleu.jpg","width":700,"height":700,"caption":"Couteau-SCK-tactique-Bleu"},{"@type":"BreadcrumbList","@id":"https:\/\/repliquemangacine.fr\/coutellerie\/couteau-pliant-bleu-sck\/#breadcrumb","itemListElement":[{"@type":"ListItem","position":1,"name":"Accueil","item":"https:\/\/repliquemangacine.fr\/"},{"@type":"ListItem","position":2,"name":"Produits","item":"https:\/\/repliquemangacine.fr\/boutique\/"},{"@type":"ListItem","position":3,"name":"Couteau pliant bleu SCK"}]},{"@type":"WebSite","@id":"https:\/\/repliquemangacine.fr\/#website","url":"https:\/\/repliquemangacine.fr\/","name":"R\u00e9plique Manga Cin\u00e9","description":"","publisher":{"@id":"https:\/\/repliquemangacine.fr\/#organization"},"potentialAction":[{"@type":"SearchAction","target":{"@type":"EntryPoint","urlTemplate":"https:\/\/repliquemangacine.fr\/?s={search_term_string}"},"query-input":{"@type":"PropertyValueSpecification","valueRequired":true,"valueName":"search_term_string"}}],"inLanguage":"de"},{"@type":"Organization","@id":"https:\/\/repliquemangacine.fr\/#organization","name":"R\u00e9plique Manga Cin\u00e9","url":"https:\/\/repliquemangacine.fr\/","logo":{"@type":"ImageObject","inLanguage":"de","@id":"https:\/\/repliquemangacine.fr\/#\/schema\/logo\/image\/","url":"https:\/\/repliquemangacine.fr\/wp-content\/uploads\/2023\/10\/RMC-500250.png","contentUrl":"https:\/\/repliquemangacine.fr\/wp-content\/uploads\/2023\/10\/RMC-500250.png","width":500,"height":250,"caption":"R\u00e9plique Manga Cin\u00e9"},"image":{"@id":"https:\/\/repliquemangacine.fr\/#\/schema\/logo\/image\/"},"sameAs":["https:\/\/www.facebook.com\/RepliqueMangaCine","https:\/\/www.instagram.com\/repliquemangacine.fr\/"]}]}},"_links":{"self":[{"href":"https:\/\/repliquemangacine.fr\/de\/wp-json\/wp\/v2\/product\/88449","targetHints":{"allow":["GET"]}}],"collection":[{"href":"https:\/\/repliquemangacine.fr\/de\/wp-json\/wp\/v2\/product"}],"about":[{"href":"https:\/\/repliquemangacine.fr\/de\/wp-json\/wp\/v2\/types\/product"}],"wp:featuredmedia":[{"embeddable":true,"href":"https:\/\/repliquemangacine.fr\/de\/wp-json\/wp\/v2\/media\/88450"}],"wp:attachment":[{"href":"https:\/\/repliquemangacine.fr\/de\/wp-json\/wp\/v2\/media?parent=88449"}],"wp:term":[{"taxonomy":"product_brand","embeddable":true,"href":"https:\/\/repliquemangacine.fr\/de\/wp-json\/wp\/v2\/product_brand?post=88449"},{"taxonomy":"product_cat","embeddable":true,"href":"https:\/\/repliquemangacine.fr\/de\/wp-json\/wp\/v2\/product_cat?post=88449"},{"taxonomy":"product_tag","embeddable":true,"href":"https:\/\/repliquemangacine.fr\/de\/wp-json\/wp\/v2\/product_tag?post=88449"}],"curies":[{"name":"wp","href":"https:\/\/api.w.org\/{rel}","templated":true}]}}