





{"id":88441,"date":"2025-09-16T21:44:36","date_gmt":"2025-09-16T19:44:36","guid":{"rendered":"https:\/\/repliquemangacine.fr\/?post_type=product&#038;p=88441"},"modified":"2025-12-17T12:19:25","modified_gmt":"2025-12-17T11:19:25","slug":"taktisches-messer-schwarz-sck","status":"publish","type":"product","link":"https:\/\/repliquemangacine.fr\/de\/coutellerie\/couteau-tactique-noir-sck\/","title":{"rendered":"Taktisches Messer schwarz SCK"},"content":{"rendered":"<h2>Eigenschaften des schwarzen taktischen Messers SCK<\/h2>\n<p>Beginnen wir mit einem Blick auf dieses schwarze taktische Messer SCK. Es handelt sich um ein halbautomatisches Klappmesser mit \u00d6ffnungshilfe f\u00fcr eine schnelle und sichere Handhabung.<br \/>\nErstens ist seine schwarze Klinge aus rostfreiem Stahl 9 Zentimeter lang und verf\u00fcgt \u00fcber einen gezackten Teil, der sich ideal zum effizienten Schneiden von Seilen oder Stoffen eignet.<br \/>\nDer ergonomische Griff aus verst\u00e4rktem Metall mit rutschfesten Eins\u00e4tzen sorgt f\u00fcr einen festen und bequemen Halt.<br \/>\nDieses Messer ist mit einem robusten Glasbrecher ausgestattet und eignet sich perfekt f\u00fcr Notf\u00e4lle oder Situationen, in denen eine schnelle Evakuierung erforderlich ist.<br \/>\nEine <a href=\"https:\/\/fr.wikipedia.org\/wiki\/D%C3%A9gagement_d%27urgence\" target=\"_blank\" rel=\"noopener noreferrer\">Gurtschneider<\/a> Das integrierte GPS bietet eine wichtige Zusatzfunktion und erh\u00f6ht den Nutzen in automobilen Umgebungen oder f\u00fcr das t\u00e4gliche \u00dcberleben.<br \/>\nDer robuste G\u00fcrtelclip sorgt f\u00fcr einen einfachen, diskreten und sicheren Transport und erm\u00f6glicht unter allen Umst\u00e4nden einen sofortigen Zugriff auf das Werkzeug.<br \/>\nDieses kompakte, leichte und vielseitige Messer vereint Funktionalit\u00e4t, modernes Design und Robustheit, sodass jeder Einsatz effizient und perfekt kontrolliert erfolgt.<\/p>\n<h2>Bedeutung und Besonderheit dieses taktischen Messers<\/h2>\n<p>Ein taktisches Klappmesser ist viel mehr als nur ein Accessoire, es wird schnell zu einem unverzichtbaren Begleiter f\u00fcr jeden begeisterten Nutzer.<br \/>\nDas Modell SCK zeichnet sich durch seine einzigartige Vielseitigkeit aus und vereint in einem einzigen Produkt mehrere praktische Funktionen, die im Alltag n\u00fctzlich sind.<br \/>\nDank seiner halbautomatischen \u00d6ffnung erm\u00f6glicht er eine schnelle Reaktion, ideal beim Wandern, Campen, \u00dcberlebenstraining oder sogar in unvorhergesehenen Situationen.<br \/>\nDer Glasbrecher und der Gurtschneider verleihen diesem Messer einen besonderen Nutzen und erh\u00f6hen seinen Wert als Notfallwerkzeug erheblich.<br \/>\nDank seines kompakten Designs und seiner Robustheit l\u00e4sst er sich leicht transportieren und ist immer einsatzbereit, um die unmittelbaren Bed\u00fcrfnisse w\u00e4hrend eines Abenteuers zu erf\u00fcllen.<br \/>\nIm Gegensatz zu herk\u00f6mmlichen Messern vereint es Benutzerfreundlichkeit, Schneidleistung und erh\u00f6hte Sicherheit f\u00fcr ein umfassendes und zuverl\u00e4ssiges Erlebnis.<\/p>\n<h2>Entdecken Sie weitere Produkte auf R\u00e9plique Manga Cin\u00e9<\/h2>\n<p>Auf unserer Seite <strong>R\u00e9plique Manga Cin\u00e9<\/strong>, finden Sie eine Vielzahl von Produkten f\u00fcr Liebhaber von Waffen, Mangas und Kino.<br \/>\nWir bieten Repliken mythischer Katanas aus One Piece, Demon Slayer, Naruto, Bleach, Zelda und anderen Serien an. <a href=\"https:\/\/repliquemangacine.fr\/de\/sword-art-epee-online\/\" target=\"_blank\" rel=\"noopener noreferrer\">Sword Art Online<\/a>.<br \/>\nFilmfans werden unsere legend\u00e4ren Schwerter und S\u00e4bel zu sch\u00e4tzen wissen, darunter Der Herr der Ringe, Harry Potter und Game of Thrones.<br \/>\nGeschichtsbegeisterte Sammler finden hier r\u00f6mische Schwerter, mittelalterliche Schilde, Piratens\u00e4bel sowie Nachbildungen alter Waffen.<br \/>\nWir bieten auch Repliken an. <a href=\"https:\/\/repliquemangacine.fr\/de\/waffen-und-westernzubehor\/\" target=\"_blank\" rel=\"noopener noreferrer\">western<\/a> Must-haves, darunter Colts, Winchester, Holster und die ikonischen Sheriffsterne.<br \/>\n<strong>R\u00e9plique Manga Cin\u00e9<\/strong> ist daher der ideale Shop, um Ihre Sammlungen zu erweitern und authentische, einzigartige und bemerkenswerte Objekte zu erwerben.<\/p>\n<p><strong>\u26a0\ufe0f Verkauf an Minderj\u00e4hrige verboten. Nach der Bestellung kann eine Identit\u00e4tspr\u00fcfung verlangt werden, um die Vollj\u00e4hrigkeit des K\u00e4ufers zu best\u00e4tigen.<\/strong><\/p>","protected":false},"excerpt":{"rendered":"<p><strong>Technische Daten :<\/strong><\/p>\n<ul>\n<li>Klinge: Schwarzer rostfreier Stahl mit Wellenschliff<\/li>\n<li>\u00d6ffnungssystem: Federunterst\u00fctzt mit Daumennase zum schnellen \u00d6ffnen einer<\/li>\n<li>einh\u00e4ndig.<\/li>\n<li>Griff: Ergonomisch geformt, aus Metall mit rutschfesten Eins\u00e4tzen f\u00fcr einen besseren Halt.<\/li>\n<li>Fensterbrecher am Ende des Stiels<\/li>\n<li>Integrierter G\u00fcrtelschneider<\/li>\n<li>Stabiler G\u00fcrtelclip f\u00fcr diskretes und praktisches Tragen.<\/li>\n<li>L\u00e4nge gesamt: 22 cm<\/li>\n<li>Klingenl\u00e4nge: 10 cm<\/li>\n<li>Gewicht: 120 G<\/li>\n<\/ul>","protected":false},"featured_media":88442,"template":"","meta":[],"product_brand":[896],"product_cat":[891,892,884],"product_tag":[],"class_list":{"0":"post-88441","1":"product","2":"type-product","3":"status-publish","4":"has-post-thumbnail","6":"product_brand-replique-manga-cine","7":"product_cat-couteaux-automatiques","8":"product_cat-couteaux-tactical","9":"product_cat-coutellerie","11":"first","12":"instock","13":"taxable","14":"shipping-taxable","15":"purchasable","16":"product-type-simple"},"yoast_head":"<!-- This site is optimized with the Yoast SEO plugin v27.4 - https:\/\/yoast.com\/product\/yoast-seo-wordpress\/ -->\n<title>Couteau tactique noir SCK - R\u00e9plique Manga Cin\u00e9<\/title>\n<meta name=\"description\" content=\"D\u00e9couvrez le couteau tactique noir SCK pliant semi-automatique, robuste et polyvalent avec lame crant\u00e9e, coupe-ceinture et brise-vitre int\u00e9gr\u00e9.\" \/>\n<meta name=\"robots\" content=\"index, follow, max-snippet:-1, max-image-preview:large, max-video-preview:-1\" \/>\n<link rel=\"canonical\" href=\"https:\/\/repliquemangacine.fr\/de\/besteck\/taktisches-messer-schwarz-sck\/\" \/>\n<meta property=\"og:locale\" content=\"de_DE\" \/>\n<meta property=\"og:type\" content=\"article\" \/>\n<meta property=\"og:title\" content=\"Couteau tactique noir SCK - R\u00e9plique Manga Cin\u00e9\" \/>\n<meta property=\"og:description\" content=\"D\u00e9couvrez le couteau tactique noir SCK pliant semi-automatique, robuste et polyvalent avec lame crant\u00e9e, coupe-ceinture et brise-vitre int\u00e9gr\u00e9.\" \/>\n<meta property=\"og:url\" content=\"https:\/\/repliquemangacine.fr\/de\/besteck\/taktisches-messer-schwarz-sck\/\" \/>\n<meta property=\"og:site_name\" content=\"R\u00e9plique Manga Cin\u00e9\" \/>\n<meta property=\"article:publisher\" content=\"https:\/\/www.facebook.com\/RepliqueMangaCine\" \/>\n<meta property=\"article:modified_time\" content=\"2025-12-17T11:19:25+00:00\" \/>\n<meta property=\"og:image\" content=\"https:\/\/repliquemangacine.fr\/wp-content\/uploads\/2025\/09\/Couteau-SCK-Tactique-semi-automatique.jpg\" \/>\n\t<meta property=\"og:image:width\" content=\"700\" \/>\n\t<meta property=\"og:image:height\" content=\"700\" \/>\n\t<meta property=\"og:image:type\" content=\"image\/jpeg\" \/>\n<meta name=\"twitter:card\" content=\"summary_large_image\" \/>\n<meta name=\"twitter:label1\" content=\"Gesch\u00e4tzte Lesezeit\" \/>\n\t<meta name=\"twitter:data1\" content=\"3\u00a0Minuten\" \/>\n<script type=\"application\/ld+json\" class=\"yoast-schema-graph\">{\"@context\":\"https:\\\/\\\/schema.org\",\"@graph\":[{\"@type\":\"WebPage\",\"@id\":\"https:\\\/\\\/repliquemangacine.fr\\\/coutellerie\\\/couteau-tactique-noir-sck\\\/\",\"url\":\"https:\\\/\\\/repliquemangacine.fr\\\/coutellerie\\\/couteau-tactique-noir-sck\\\/\",\"name\":\"Couteau tactique noir SCK - R\u00e9plique Manga Cin\u00e9\",\"isPartOf\":{\"@id\":\"https:\\\/\\\/repliquemangacine.fr\\\/#website\"},\"primaryImageOfPage\":{\"@id\":\"https:\\\/\\\/repliquemangacine.fr\\\/coutellerie\\\/couteau-tactique-noir-sck\\\/#primaryimage\"},\"image\":{\"@id\":\"https:\\\/\\\/repliquemangacine.fr\\\/coutellerie\\\/couteau-tactique-noir-sck\\\/#primaryimage\"},\"thumbnailUrl\":\"https:\\\/\\\/repliquemangacine.fr\\\/wp-content\\\/uploads\\\/2025\\\/09\\\/Couteau-SCK-Tactique-semi-automatique.jpg\",\"datePublished\":\"2025-09-16T19:44:36+00:00\",\"dateModified\":\"2025-12-17T11:19:25+00:00\",\"description\":\"D\u00e9couvrez le couteau tactique noir SCK pliant semi-automatique, robuste et polyvalent avec lame crant\u00e9e, coupe-ceinture et brise-vitre int\u00e9gr\u00e9.\",\"breadcrumb\":{\"@id\":\"https:\\\/\\\/repliquemangacine.fr\\\/coutellerie\\\/couteau-tactique-noir-sck\\\/#breadcrumb\"},\"inLanguage\":\"de\",\"potentialAction\":[{\"@type\":\"ReadAction\",\"target\":[\"https:\\\/\\\/repliquemangacine.fr\\\/coutellerie\\\/couteau-tactique-noir-sck\\\/\"]}]},{\"@type\":\"ImageObject\",\"inLanguage\":\"de\",\"@id\":\"https:\\\/\\\/repliquemangacine.fr\\\/coutellerie\\\/couteau-tactique-noir-sck\\\/#primaryimage\",\"url\":\"https:\\\/\\\/repliquemangacine.fr\\\/wp-content\\\/uploads\\\/2025\\\/09\\\/Couteau-SCK-Tactique-semi-automatique.jpg\",\"contentUrl\":\"https:\\\/\\\/repliquemangacine.fr\\\/wp-content\\\/uploads\\\/2025\\\/09\\\/Couteau-SCK-Tactique-semi-automatique.jpg\",\"width\":700,\"height\":700,\"caption\":\"Couteau-SCK-Tactique-semi-automatique\"},{\"@type\":\"BreadcrumbList\",\"@id\":\"https:\\\/\\\/repliquemangacine.fr\\\/coutellerie\\\/couteau-tactique-noir-sck\\\/#breadcrumb\",\"itemListElement\":[{\"@type\":\"ListItem\",\"position\":1,\"name\":\"Accueil\",\"item\":\"https:\\\/\\\/repliquemangacine.fr\\\/\"},{\"@type\":\"ListItem\",\"position\":2,\"name\":\"Produits\",\"item\":\"https:\\\/\\\/repliquemangacine.fr\\\/boutique\\\/\"},{\"@type\":\"ListItem\",\"position\":3,\"name\":\"Couteau tactique noir SCK\"}]},{\"@type\":\"WebSite\",\"@id\":\"https:\\\/\\\/repliquemangacine.fr\\\/#website\",\"url\":\"https:\\\/\\\/repliquemangacine.fr\\\/\",\"name\":\"R\u00e9plique Manga Cin\u00e9\",\"description\":\"\",\"publisher\":{\"@id\":\"https:\\\/\\\/repliquemangacine.fr\\\/#organization\"},\"potentialAction\":[{\"@type\":\"SearchAction\",\"target\":{\"@type\":\"EntryPoint\",\"urlTemplate\":\"https:\\\/\\\/repliquemangacine.fr\\\/?s={search_term_string}\"},\"query-input\":{\"@type\":\"PropertyValueSpecification\",\"valueRequired\":true,\"valueName\":\"search_term_string\"}}],\"inLanguage\":\"de\"},{\"@type\":\"Organization\",\"@id\":\"https:\\\/\\\/repliquemangacine.fr\\\/#organization\",\"name\":\"R\u00e9plique Manga Cin\u00e9\",\"url\":\"https:\\\/\\\/repliquemangacine.fr\\\/\",\"logo\":{\"@type\":\"ImageObject\",\"inLanguage\":\"de\",\"@id\":\"https:\\\/\\\/repliquemangacine.fr\\\/#\\\/schema\\\/logo\\\/image\\\/\",\"url\":\"https:\\\/\\\/repliquemangacine.fr\\\/wp-content\\\/uploads\\\/2023\\\/10\\\/RMC-500250.png\",\"contentUrl\":\"https:\\\/\\\/repliquemangacine.fr\\\/wp-content\\\/uploads\\\/2023\\\/10\\\/RMC-500250.png\",\"width\":500,\"height\":250,\"caption\":\"R\u00e9plique Manga Cin\u00e9\"},\"image\":{\"@id\":\"https:\\\/\\\/repliquemangacine.fr\\\/#\\\/schema\\\/logo\\\/image\\\/\"},\"sameAs\":[\"https:\\\/\\\/www.facebook.com\\\/RepliqueMangaCine\",\"https:\\\/\\\/www.instagram.com\\\/repliquemangacine.fr\\\/\"]}]}<\/script>\n<!-- \/ Yoast SEO plugin. -->","yoast_head_json":{"title":"Schwarzes taktisches Messer SCK - R\u00e9plique Manga Cin\u00e9","description":"Entdecken Sie das robuste, vielseitige, halbautomatische, schwarze SCK Tactical Klappmesser mit Wellenschliff, Gurtschneider und integriertem Glasbrecher.","robots":{"index":"index","follow":"follow","max-snippet":"max-snippet:-1","max-image-preview":"max-image-preview:large","max-video-preview":"max-video-preview:-1"},"canonical":"https:\/\/repliquemangacine.fr\/de\/besteck\/taktisches-messer-schwarz-sck\/","og_locale":"de_DE","og_type":"article","og_title":"Couteau tactique noir SCK - R\u00e9plique Manga Cin\u00e9","og_description":"D\u00e9couvrez le couteau tactique noir SCK pliant semi-automatique, robuste et polyvalent avec lame crant\u00e9e, coupe-ceinture et brise-vitre int\u00e9gr\u00e9.","og_url":"https:\/\/repliquemangacine.fr\/de\/besteck\/taktisches-messer-schwarz-sck\/","og_site_name":"R\u00e9plique Manga Cin\u00e9","article_publisher":"https:\/\/www.facebook.com\/RepliqueMangaCine","article_modified_time":"2025-12-17T11:19:25+00:00","og_image":[{"width":700,"height":700,"url":"https:\/\/repliquemangacine.fr\/wp-content\/uploads\/2025\/09\/Couteau-SCK-Tactique-semi-automatique.jpg","type":"image\/jpeg"}],"twitter_card":"summary_large_image","twitter_misc":{"Gesch\u00e4tzte Lesezeit":"3\u00a0Minuten"},"schema":{"@context":"https:\/\/schema.org","@graph":[{"@type":"WebPage","@id":"https:\/\/repliquemangacine.fr\/coutellerie\/couteau-tactique-noir-sck\/","url":"https:\/\/repliquemangacine.fr\/coutellerie\/couteau-tactique-noir-sck\/","name":"Schwarzes taktisches Messer SCK - R\u00e9plique Manga Cin\u00e9","isPartOf":{"@id":"https:\/\/repliquemangacine.fr\/#website"},"primaryImageOfPage":{"@id":"https:\/\/repliquemangacine.fr\/coutellerie\/couteau-tactique-noir-sck\/#primaryimage"},"image":{"@id":"https:\/\/repliquemangacine.fr\/coutellerie\/couteau-tactique-noir-sck\/#primaryimage"},"thumbnailUrl":"https:\/\/repliquemangacine.fr\/wp-content\/uploads\/2025\/09\/Couteau-SCK-Tactique-semi-automatique.jpg","datePublished":"2025-09-16T19:44:36+00:00","dateModified":"2025-12-17T11:19:25+00:00","description":"Entdecken Sie das robuste, vielseitige, halbautomatische, schwarze SCK Tactical Klappmesser mit Wellenschliff, Gurtschneider und integriertem Glasbrecher.","breadcrumb":{"@id":"https:\/\/repliquemangacine.fr\/coutellerie\/couteau-tactique-noir-sck\/#breadcrumb"},"inLanguage":"de","potentialAction":[{"@type":"ReadAction","target":["https:\/\/repliquemangacine.fr\/coutellerie\/couteau-tactique-noir-sck\/"]}]},{"@type":"ImageObject","inLanguage":"de","@id":"https:\/\/repliquemangacine.fr\/coutellerie\/couteau-tactique-noir-sck\/#primaryimage","url":"https:\/\/repliquemangacine.fr\/wp-content\/uploads\/2025\/09\/Couteau-SCK-Tactique-semi-automatique.jpg","contentUrl":"https:\/\/repliquemangacine.fr\/wp-content\/uploads\/2025\/09\/Couteau-SCK-Tactique-semi-automatique.jpg","width":700,"height":700,"caption":"Couteau-SCK-Tactique-semi-automatique"},{"@type":"BreadcrumbList","@id":"https:\/\/repliquemangacine.fr\/coutellerie\/couteau-tactique-noir-sck\/#breadcrumb","itemListElement":[{"@type":"ListItem","position":1,"name":"Accueil","item":"https:\/\/repliquemangacine.fr\/"},{"@type":"ListItem","position":2,"name":"Produits","item":"https:\/\/repliquemangacine.fr\/boutique\/"},{"@type":"ListItem","position":3,"name":"Couteau tactique noir SCK"}]},{"@type":"WebSite","@id":"https:\/\/repliquemangacine.fr\/#website","url":"https:\/\/repliquemangacine.fr\/","name":"R\u00e9plique Manga Cin\u00e9","description":"","publisher":{"@id":"https:\/\/repliquemangacine.fr\/#organization"},"potentialAction":[{"@type":"SearchAction","target":{"@type":"EntryPoint","urlTemplate":"https:\/\/repliquemangacine.fr\/?s={search_term_string}"},"query-input":{"@type":"PropertyValueSpecification","valueRequired":true,"valueName":"search_term_string"}}],"inLanguage":"de"},{"@type":"Organization","@id":"https:\/\/repliquemangacine.fr\/#organization","name":"R\u00e9plique Manga Cin\u00e9","url":"https:\/\/repliquemangacine.fr\/","logo":{"@type":"ImageObject","inLanguage":"de","@id":"https:\/\/repliquemangacine.fr\/#\/schema\/logo\/image\/","url":"https:\/\/repliquemangacine.fr\/wp-content\/uploads\/2023\/10\/RMC-500250.png","contentUrl":"https:\/\/repliquemangacine.fr\/wp-content\/uploads\/2023\/10\/RMC-500250.png","width":500,"height":250,"caption":"R\u00e9plique Manga Cin\u00e9"},"image":{"@id":"https:\/\/repliquemangacine.fr\/#\/schema\/logo\/image\/"},"sameAs":["https:\/\/www.facebook.com\/RepliqueMangaCine","https:\/\/www.instagram.com\/repliquemangacine.fr\/"]}]}},"_links":{"self":[{"href":"https:\/\/repliquemangacine.fr\/de\/wp-json\/wp\/v2\/product\/88441","targetHints":{"allow":["GET"]}}],"collection":[{"href":"https:\/\/repliquemangacine.fr\/de\/wp-json\/wp\/v2\/product"}],"about":[{"href":"https:\/\/repliquemangacine.fr\/de\/wp-json\/wp\/v2\/types\/product"}],"wp:featuredmedia":[{"embeddable":true,"href":"https:\/\/repliquemangacine.fr\/de\/wp-json\/wp\/v2\/media\/88442"}],"wp:attachment":[{"href":"https:\/\/repliquemangacine.fr\/de\/wp-json\/wp\/v2\/media?parent=88441"}],"wp:term":[{"taxonomy":"product_brand","embeddable":true,"href":"https:\/\/repliquemangacine.fr\/de\/wp-json\/wp\/v2\/product_brand?post=88441"},{"taxonomy":"product_cat","embeddable":true,"href":"https:\/\/repliquemangacine.fr\/de\/wp-json\/wp\/v2\/product_cat?post=88441"},{"taxonomy":"product_tag","embeddable":true,"href":"https:\/\/repliquemangacine.fr\/de\/wp-json\/wp\/v2\/product_tag?post=88441"}],"curies":[{"name":"wp","href":"https:\/\/api.w.org\/{rel}","templated":true}]}}