





{"id":88419,"date":"2025-09-16T15:55:36","date_gmt":"2025-09-16T13:55:36","guid":{"rendered":"https:\/\/repliquemangacine.fr\/?post_type=product&#038;p=88419"},"modified":"2025-11-12T23:03:08","modified_gmt":"2025-11-12T22:03:08","slug":"taktisches-messer-holz-sck","status":"publish","type":"product","link":"https:\/\/repliquemangacine.fr\/de\/coutellerie\/couteau-tactique-bois-sck\/","title":{"rendered":"Taktisches Messer Holz SCK"},"content":{"rendered":"<h2>Taktisches Holzmesser SCK - Einzigartige Eigenschaften und Design<\/h2>\n<p>Beginnen wir mit der Betrachtung des taktischen Holzmessers SCK, das \u00fcber eine solide schwarze Klinge von 10 cm verf\u00fcgt, ideal f\u00fcr alle Ihre t\u00e4glichen Anwendungen.<br \/>\nErstens bietet die Gesamtl\u00e4nge von 22 cm einen ausgezeichneten Griff, der Komfort und Effizienz bei jeder Handhabung garantiert.<br \/>\nMit einem geringen Gewicht von 120 g ist es unauff\u00e4llig und leicht zu transportieren, dabei aber au\u00dfergew\u00f6hnlich robust.<br \/>\nDer Griff kombiniert auf elegante Weise Naturholz und Carbonfaser und verbindet so Tradition und Moderne in einem einzigartigen und raffinierten Stil.<br \/>\nEs ist ausgestattet mit einem <a href=\"https:\/\/fr.wikipedia.org\/wiki\/D%C3%A9gagement_d%27urgence\" target=\"_blank\" rel=\"noopener noreferrer\">Gurtschneider<\/a> integriert und einem Glasbrecher, zwei unverzichtbare Hilfsmittel f\u00fcr jeden unvorhergesehenen Notfall.<br \/>\nEin praktischer G\u00fcrtelclip erg\u00e4nzt dieses Messer und sorgt f\u00fcr ein einfaches, sicheres Tragen, das perfekt auf moderne taktische Anforderungen zugeschnitten ist.<\/p>\n<h2>Bedeutung und Besonderheit dieses taktischen Klappmessers<\/h2>\n<p>Ein taktisches Klappmesser wie dieses ist nicht nur ein Accessoire, sondern ein echtes \u00dcberlebenswerkzeug.<br \/>\nDie schwarze Klinge ist sehr vielseitig und eignet sich sowohl f\u00fcr den Au\u00dfenbereich als auch zur Verteidigung in bestimmten Situationen.<br \/>\nDer Griff aus Holz und Carbon sorgt f\u00fcr eine bemerkenswerte \u00c4sthetik und macht dieses Messer zu einem ebenso eleganten wie n\u00fctzlichen Objekt.<br \/>\nDank des integrierten Glasbrechers und Gurtschneiders wird es zu einem wertvollen Verb\u00fcndeten in Notf\u00e4llen oder bei unvorhersehbaren Unf\u00e4llen.<br \/>\nSeine ausgewogenen Abmessungen sorgen f\u00fcr optimale Handhabung und bieten Liebhabern taktischer Messer oder passionierten Sammlern Sicherheit, Pr\u00e4zision und Praktikabilit\u00e4t.<br \/>\nSo unterscheidet sich dieses SCK-Klappmesser deutlich von klassischen Modellen und vereint Funktionalit\u00e4t, \u00c4sthetik und Leistung in einem einzigen Objekt.<\/p>\n<h2>Entdecken Sie Repliquemangacine und seine zahlreichen verf\u00fcgbaren Kollektionen<\/h2>\n<p>Auf unserer Seite <strong>Replikmangacin<\/strong>In der Kategorie \"Katanas\" finden Sie eine gro\u00dfe Auswahl an Katanas, inspiriert von <a href=\"https:\/\/repliquemangacine.fr\/de\/katana-one-piece\/\" target=\"_blank\" rel=\"noopener noreferrer\">One Piece<\/a>, Demon Slayer und Naruto sind ein Muss.<br \/>\nWir bieten auch legend\u00e4re Schwerter aus Kultfilmen wie Der Herr der Ringe, Harry Potter oder Game of Thrones an.<br \/>\nGeschichtsinteressierte werden unsere originalgetreuen Nachbildungen antiker Waffen zu sch\u00e4tzen wissen., <a href=\"https:\/\/repliquemangacine.fr\/de\/antike-schwerter\/\" target=\"_blank\" rel=\"noopener noreferrer\">r\u00f6mische Schwerter<\/a>, mittelalterliche Schwerter und authentische Piratens\u00e4bel.<br \/>\nWir bieten auch einzigartige Sammlungen von Waffen aus dem Zweiten Weltkrieg an, die sich perfekt f\u00fcr anspruchsvolle Sammler eignen.<br \/>\nUnd schlie\u00dflich finden Westernfans hier Colts, Winchesters, Holster und Sheriffsterne, die mit viel Liebe zum Detail sorgf\u00e4ltig nachgebildet wurden.<br \/>\nDurch die Wahl von<strong> Replikmangacin<\/strong>Wenn Sie sich f\u00fcr das Buch entscheiden, erhalten Sie Zugang zu einer faszinierenden Welt, in der sich Manga-Kultur, Kultfilme und eine spannende Kriegsgeschichte vermischen.<\/p>\n<p><strong>\u26a0\ufe0f Verkauf an Minderj\u00e4hrige verboten. Nach der Bestellung kann eine Identit\u00e4tspr\u00fcfung verlangt werden, um die Vollj\u00e4hrigkeit des K\u00e4ufers zu best\u00e4tigen.<\/strong><\/p>","protected":false},"excerpt":{"rendered":"<p><strong>Technische Daten :<\/strong><\/p>\n<ul>\n<li>Marke: SCK<\/li>\n<li>Taktisches Klappmesser SCK im Holz- und Karbon-Design<\/li>\n<li>Robuste 10 cm lange schwarze Klinge f\u00fcr den vielseitigen Einsatz<\/li>\n<li>Gesamtl\u00e4nge des Messers: 22 cm<\/li>\n<li>Geringes Gewicht von nur 120 g<\/li>\n<li>Ausgestattet mit integriertem Fensterbrecher und Gurtschneider<\/li>\n<li>G\u00fcrtelclip f\u00fcr bequemes und sicheres Tragen<\/li>\n<\/ul>","protected":false},"featured_media":88420,"template":"","meta":[],"product_brand":[896],"product_cat":[891,892,884],"product_tag":[],"class_list":{"0":"post-88419","1":"product","2":"type-product","3":"status-publish","4":"has-post-thumbnail","6":"product_brand-replique-manga-cine","7":"product_cat-couteaux-automatiques","8":"product_cat-couteaux-tactical","9":"product_cat-coutellerie","11":"first","12":"instock","13":"taxable","14":"shipping-taxable","15":"purchasable","16":"product-type-simple"},"yoast_head":"<!-- This site is optimized with the Yoast SEO plugin v27.4 - https:\/\/yoast.com\/product\/yoast-seo-wordpress\/ -->\n<title>Couteau tactique bois SCK - R\u00e9plique Manga Cin\u00e9<\/title>\n<meta name=\"description\" content=\"D\u00e9couvrez le couteau tactique pliant SCK avec lame noire robuste et manche bois\/carbone. Pratique, \u00e9l\u00e9gant et \u00e9quip\u00e9 d\u2019un brise-vitre et coupe-ceinture.\" \/>\n<meta name=\"robots\" content=\"index, follow, max-snippet:-1, max-image-preview:large, max-video-preview:-1\" \/>\n<link rel=\"canonical\" href=\"https:\/\/repliquemangacine.fr\/de\/besteck\/taktisches-messer-holz-sck\/\" \/>\n<meta property=\"og:locale\" content=\"de_DE\" \/>\n<meta property=\"og:type\" content=\"article\" \/>\n<meta property=\"og:title\" content=\"Couteau tactique bois SCK - R\u00e9plique Manga Cin\u00e9\" \/>\n<meta property=\"og:description\" content=\"D\u00e9couvrez le couteau tactique pliant SCK avec lame noire robuste et manche bois\/carbone. Pratique, \u00e9l\u00e9gant et \u00e9quip\u00e9 d\u2019un brise-vitre et coupe-ceinture.\" \/>\n<meta property=\"og:url\" content=\"https:\/\/repliquemangacine.fr\/de\/besteck\/taktisches-messer-holz-sck\/\" \/>\n<meta property=\"og:site_name\" content=\"R\u00e9plique Manga Cin\u00e9\" \/>\n<meta property=\"article:publisher\" content=\"https:\/\/www.facebook.com\/RepliqueMangaCine\" \/>\n<meta property=\"article:modified_time\" content=\"2025-11-12T22:03:08+00:00\" \/>\n<meta property=\"og:image\" content=\"https:\/\/repliquemangacine.fr\/wp-content\/uploads\/2025\/09\/Couteau-tactique-Bois-et-Carbone.jpg\" \/>\n\t<meta property=\"og:image:width\" content=\"700\" \/>\n\t<meta property=\"og:image:height\" content=\"700\" \/>\n\t<meta property=\"og:image:type\" content=\"image\/jpeg\" \/>\n<meta name=\"twitter:card\" content=\"summary_large_image\" \/>\n<meta name=\"twitter:label1\" content=\"Gesch\u00e4tzte Lesezeit\" \/>\n\t<meta name=\"twitter:data1\" content=\"3\u00a0Minuten\" \/>\n<script type=\"application\/ld+json\" class=\"yoast-schema-graph\">{\"@context\":\"https:\\\/\\\/schema.org\",\"@graph\":[{\"@type\":\"WebPage\",\"@id\":\"https:\\\/\\\/repliquemangacine.fr\\\/coutellerie\\\/couteau-tactique-bois-sck\\\/\",\"url\":\"https:\\\/\\\/repliquemangacine.fr\\\/coutellerie\\\/couteau-tactique-bois-sck\\\/\",\"name\":\"Couteau tactique bois SCK - R\u00e9plique Manga Cin\u00e9\",\"isPartOf\":{\"@id\":\"https:\\\/\\\/repliquemangacine.fr\\\/#website\"},\"primaryImageOfPage\":{\"@id\":\"https:\\\/\\\/repliquemangacine.fr\\\/coutellerie\\\/couteau-tactique-bois-sck\\\/#primaryimage\"},\"image\":{\"@id\":\"https:\\\/\\\/repliquemangacine.fr\\\/coutellerie\\\/couteau-tactique-bois-sck\\\/#primaryimage\"},\"thumbnailUrl\":\"https:\\\/\\\/repliquemangacine.fr\\\/wp-content\\\/uploads\\\/2025\\\/09\\\/Couteau-tactique-Bois-et-Carbone.jpg\",\"datePublished\":\"2025-09-16T13:55:36+00:00\",\"dateModified\":\"2025-11-12T22:03:08+00:00\",\"description\":\"D\u00e9couvrez le couteau tactique pliant SCK avec lame noire robuste et manche bois\\\/carbone. Pratique, \u00e9l\u00e9gant et \u00e9quip\u00e9 d\u2019un brise-vitre et coupe-ceinture.\",\"breadcrumb\":{\"@id\":\"https:\\\/\\\/repliquemangacine.fr\\\/coutellerie\\\/couteau-tactique-bois-sck\\\/#breadcrumb\"},\"inLanguage\":\"de\",\"potentialAction\":[{\"@type\":\"ReadAction\",\"target\":[\"https:\\\/\\\/repliquemangacine.fr\\\/coutellerie\\\/couteau-tactique-bois-sck\\\/\"]}]},{\"@type\":\"ImageObject\",\"inLanguage\":\"de\",\"@id\":\"https:\\\/\\\/repliquemangacine.fr\\\/coutellerie\\\/couteau-tactique-bois-sck\\\/#primaryimage\",\"url\":\"https:\\\/\\\/repliquemangacine.fr\\\/wp-content\\\/uploads\\\/2025\\\/09\\\/Couteau-tactique-Bois-et-Carbone.jpg\",\"contentUrl\":\"https:\\\/\\\/repliquemangacine.fr\\\/wp-content\\\/uploads\\\/2025\\\/09\\\/Couteau-tactique-Bois-et-Carbone.jpg\",\"width\":700,\"height\":700,\"caption\":\"Couteau-tactique-Bois-et-Carbone\"},{\"@type\":\"BreadcrumbList\",\"@id\":\"https:\\\/\\\/repliquemangacine.fr\\\/coutellerie\\\/couteau-tactique-bois-sck\\\/#breadcrumb\",\"itemListElement\":[{\"@type\":\"ListItem\",\"position\":1,\"name\":\"Accueil\",\"item\":\"https:\\\/\\\/repliquemangacine.fr\\\/\"},{\"@type\":\"ListItem\",\"position\":2,\"name\":\"Produits\",\"item\":\"https:\\\/\\\/repliquemangacine.fr\\\/boutique\\\/\"},{\"@type\":\"ListItem\",\"position\":3,\"name\":\"Couteau tactique bois SCK\"}]},{\"@type\":\"WebSite\",\"@id\":\"https:\\\/\\\/repliquemangacine.fr\\\/#website\",\"url\":\"https:\\\/\\\/repliquemangacine.fr\\\/\",\"name\":\"R\u00e9plique Manga Cin\u00e9\",\"description\":\"\",\"publisher\":{\"@id\":\"https:\\\/\\\/repliquemangacine.fr\\\/#organization\"},\"potentialAction\":[{\"@type\":\"SearchAction\",\"target\":{\"@type\":\"EntryPoint\",\"urlTemplate\":\"https:\\\/\\\/repliquemangacine.fr\\\/?s={search_term_string}\"},\"query-input\":{\"@type\":\"PropertyValueSpecification\",\"valueRequired\":true,\"valueName\":\"search_term_string\"}}],\"inLanguage\":\"de\"},{\"@type\":\"Organization\",\"@id\":\"https:\\\/\\\/repliquemangacine.fr\\\/#organization\",\"name\":\"R\u00e9plique Manga Cin\u00e9\",\"url\":\"https:\\\/\\\/repliquemangacine.fr\\\/\",\"logo\":{\"@type\":\"ImageObject\",\"inLanguage\":\"de\",\"@id\":\"https:\\\/\\\/repliquemangacine.fr\\\/#\\\/schema\\\/logo\\\/image\\\/\",\"url\":\"https:\\\/\\\/repliquemangacine.fr\\\/wp-content\\\/uploads\\\/2023\\\/10\\\/RMC-500250.png\",\"contentUrl\":\"https:\\\/\\\/repliquemangacine.fr\\\/wp-content\\\/uploads\\\/2023\\\/10\\\/RMC-500250.png\",\"width\":500,\"height\":250,\"caption\":\"R\u00e9plique Manga Cin\u00e9\"},\"image\":{\"@id\":\"https:\\\/\\\/repliquemangacine.fr\\\/#\\\/schema\\\/logo\\\/image\\\/\"},\"sameAs\":[\"https:\\\/\\\/www.facebook.com\\\/RepliqueMangaCine\",\"https:\\\/\\\/www.instagram.com\\\/repliquemangacine.fr\\\/\"]}]}<\/script>\n<!-- \/ Yoast SEO plugin. -->","yoast_head_json":{"title":"Taktisches Messer Holz SCK - R\u00e9plique Manga Cin\u00e9","description":"Entdecken Sie das taktische Klappmesser SCK mit robuster schwarzer Klinge und Griff aus Holz\/Kohle. Praktisch, elegant und mit einem Glasbrecher und Gurtschneider ausgestattet.","robots":{"index":"index","follow":"follow","max-snippet":"max-snippet:-1","max-image-preview":"max-image-preview:large","max-video-preview":"max-video-preview:-1"},"canonical":"https:\/\/repliquemangacine.fr\/de\/besteck\/taktisches-messer-holz-sck\/","og_locale":"de_DE","og_type":"article","og_title":"Couteau tactique bois SCK - R\u00e9plique Manga Cin\u00e9","og_description":"D\u00e9couvrez le couteau tactique pliant SCK avec lame noire robuste et manche bois\/carbone. Pratique, \u00e9l\u00e9gant et \u00e9quip\u00e9 d\u2019un brise-vitre et coupe-ceinture.","og_url":"https:\/\/repliquemangacine.fr\/de\/besteck\/taktisches-messer-holz-sck\/","og_site_name":"R\u00e9plique Manga Cin\u00e9","article_publisher":"https:\/\/www.facebook.com\/RepliqueMangaCine","article_modified_time":"2025-11-12T22:03:08+00:00","og_image":[{"width":700,"height":700,"url":"https:\/\/repliquemangacine.fr\/wp-content\/uploads\/2025\/09\/Couteau-tactique-Bois-et-Carbone.jpg","type":"image\/jpeg"}],"twitter_card":"summary_large_image","twitter_misc":{"Gesch\u00e4tzte Lesezeit":"3\u00a0Minuten"},"schema":{"@context":"https:\/\/schema.org","@graph":[{"@type":"WebPage","@id":"https:\/\/repliquemangacine.fr\/coutellerie\/couteau-tactique-bois-sck\/","url":"https:\/\/repliquemangacine.fr\/coutellerie\/couteau-tactique-bois-sck\/","name":"Taktisches Messer Holz SCK - R\u00e9plique Manga Cin\u00e9","isPartOf":{"@id":"https:\/\/repliquemangacine.fr\/#website"},"primaryImageOfPage":{"@id":"https:\/\/repliquemangacine.fr\/coutellerie\/couteau-tactique-bois-sck\/#primaryimage"},"image":{"@id":"https:\/\/repliquemangacine.fr\/coutellerie\/couteau-tactique-bois-sck\/#primaryimage"},"thumbnailUrl":"https:\/\/repliquemangacine.fr\/wp-content\/uploads\/2025\/09\/Couteau-tactique-Bois-et-Carbone.jpg","datePublished":"2025-09-16T13:55:36+00:00","dateModified":"2025-11-12T22:03:08+00:00","description":"Entdecken Sie das taktische Klappmesser SCK mit robuster schwarzer Klinge und Griff aus Holz\/Kohle. Praktisch, elegant und mit einem Glasbrecher und Gurtschneider ausgestattet.","breadcrumb":{"@id":"https:\/\/repliquemangacine.fr\/coutellerie\/couteau-tactique-bois-sck\/#breadcrumb"},"inLanguage":"de","potentialAction":[{"@type":"ReadAction","target":["https:\/\/repliquemangacine.fr\/coutellerie\/couteau-tactique-bois-sck\/"]}]},{"@type":"ImageObject","inLanguage":"de","@id":"https:\/\/repliquemangacine.fr\/coutellerie\/couteau-tactique-bois-sck\/#primaryimage","url":"https:\/\/repliquemangacine.fr\/wp-content\/uploads\/2025\/09\/Couteau-tactique-Bois-et-Carbone.jpg","contentUrl":"https:\/\/repliquemangacine.fr\/wp-content\/uploads\/2025\/09\/Couteau-tactique-Bois-et-Carbone.jpg","width":700,"height":700,"caption":"Couteau-tactique-Bois-et-Carbone"},{"@type":"BreadcrumbList","@id":"https:\/\/repliquemangacine.fr\/coutellerie\/couteau-tactique-bois-sck\/#breadcrumb","itemListElement":[{"@type":"ListItem","position":1,"name":"Accueil","item":"https:\/\/repliquemangacine.fr\/"},{"@type":"ListItem","position":2,"name":"Produits","item":"https:\/\/repliquemangacine.fr\/boutique\/"},{"@type":"ListItem","position":3,"name":"Couteau tactique bois SCK"}]},{"@type":"WebSite","@id":"https:\/\/repliquemangacine.fr\/#website","url":"https:\/\/repliquemangacine.fr\/","name":"R\u00e9plique Manga Cin\u00e9","description":"","publisher":{"@id":"https:\/\/repliquemangacine.fr\/#organization"},"potentialAction":[{"@type":"SearchAction","target":{"@type":"EntryPoint","urlTemplate":"https:\/\/repliquemangacine.fr\/?s={search_term_string}"},"query-input":{"@type":"PropertyValueSpecification","valueRequired":true,"valueName":"search_term_string"}}],"inLanguage":"de"},{"@type":"Organization","@id":"https:\/\/repliquemangacine.fr\/#organization","name":"R\u00e9plique Manga Cin\u00e9","url":"https:\/\/repliquemangacine.fr\/","logo":{"@type":"ImageObject","inLanguage":"de","@id":"https:\/\/repliquemangacine.fr\/#\/schema\/logo\/image\/","url":"https:\/\/repliquemangacine.fr\/wp-content\/uploads\/2023\/10\/RMC-500250.png","contentUrl":"https:\/\/repliquemangacine.fr\/wp-content\/uploads\/2023\/10\/RMC-500250.png","width":500,"height":250,"caption":"R\u00e9plique Manga Cin\u00e9"},"image":{"@id":"https:\/\/repliquemangacine.fr\/#\/schema\/logo\/image\/"},"sameAs":["https:\/\/www.facebook.com\/RepliqueMangaCine","https:\/\/www.instagram.com\/repliquemangacine.fr\/"]}]}},"_links":{"self":[{"href":"https:\/\/repliquemangacine.fr\/de\/wp-json\/wp\/v2\/product\/88419","targetHints":{"allow":["GET"]}}],"collection":[{"href":"https:\/\/repliquemangacine.fr\/de\/wp-json\/wp\/v2\/product"}],"about":[{"href":"https:\/\/repliquemangacine.fr\/de\/wp-json\/wp\/v2\/types\/product"}],"wp:featuredmedia":[{"embeddable":true,"href":"https:\/\/repliquemangacine.fr\/de\/wp-json\/wp\/v2\/media\/88420"}],"wp:attachment":[{"href":"https:\/\/repliquemangacine.fr\/de\/wp-json\/wp\/v2\/media?parent=88419"}],"wp:term":[{"taxonomy":"product_brand","embeddable":true,"href":"https:\/\/repliquemangacine.fr\/de\/wp-json\/wp\/v2\/product_brand?post=88419"},{"taxonomy":"product_cat","embeddable":true,"href":"https:\/\/repliquemangacine.fr\/de\/wp-json\/wp\/v2\/product_cat?post=88419"},{"taxonomy":"product_tag","embeddable":true,"href":"https:\/\/repliquemangacine.fr\/de\/wp-json\/wp\/v2\/product_tag?post=88419"}],"curies":[{"name":"wp","href":"https:\/\/api.w.org\/{rel}","templated":true}]}}